{"id":9867,"date":"2024-06-10T08:55:53","date_gmt":"2024-06-10T08:55:53","guid":{"rendered":"https:\/\/astroshop.ma\/?post_type=product&#038;p=9867"},"modified":"2025-12-01T08:54:06","modified_gmt":"2025-12-01T08:54:06","slug":"black-diamond-150-750-sur-equatoriale-eq3-2","status":"publish","type":"product","link":"https:\/\/astroshop.ma\/?product=black-diamond-150-750-sur-equatoriale-eq3-2","title":{"rendered":"T\u00e9lescope Sky-Watcher 150\/750 sur EQ3-2 motoris\u00e9e double axe BD"},"content":{"rendered":"<p><img loading=\"lazy\" decoding=\"async\" class=\"alignnone size-full wp-image-10423\" src=\"https:\/\/astroshop.ma\/wp-content\/uploads\/2025\/04\/Skywatcher.jpg\" alt=\"\" width=\"300\" height=\"150\" srcset=\"https:\/\/astroshop.ma\/wp-content\/uploads\/2025\/04\/Skywatcher.jpg 300w, https:\/\/astroshop.ma\/wp-content\/uploads\/2025\/04\/Skywatcher-64x32.jpg 64w\" sizes=\"auto, (max-width: 300px) 100vw, 300px\" \/><\/p>\n<p>&nbsp;<\/p>\n<h4>Tout savoir sur le t\u00e9lescope Sky-Watcher 150P sur monture EQ3-2<\/h4>\n<p>Partez \u00e0 la d\u00e9couverte des merveilles du ciel sans plus tarder. Les objets du ciel profond les plus brillants (n\u00e9buleuses, amas globulaires ou galaxies) sont facilement observables et, loin de la pollution lumineuse des villes, pr\u00e9sentent m\u00eame des d\u00e9tails. En combinaison avec de bons oculaires et des filtres interf\u00e9rentiels type UHC ou Deep-Sky choisissez le grossissement le plus adapt\u00e9 \u00e0 l&#8217;objet que vous contemplez. Associ\u00e9 \u00e0 une t\u00eate binoculaire d\u00e9couvrez le ciel comme jamais. L&#8217;impression de relief semble &#8220;irr\u00e9elle&#8221; et pourtant la n\u00e9buleuse d&#8217;Orion prend vraiment un aspect particulier en 3 dimensions. Le confort d&#8217;observation gr\u00e2ce \u00e0 l&#8217;utilisation de nos deux yeux diminue la fatigue visuelle et donne acc\u00e8s \u00e0 plus de d\u00e9tails! A essayer au plus vite!<\/p>\n<h4>Un tube optique Newton Sky-Watcher 150\/750 (F\/D 5)<\/h4>\n<p>Avec un miroir primaire de 150mm, le Newton 150 de Sky-Watcher r\u00e9colte 73% de lumi\u00e8re en plus qu&#8217;un t\u00e9lescope de 114mm. Sous un ciel bien sombre, il est alors possible de voir de nombreux objets du ciel \u00e0 peine distinguable dans des instruments de plus petit diam\u00e8tre. Il promet aux d\u00e9butants de nombreuses d\u00e9couvertes. En observation plan\u00e9taire, il r\u00e9v\u00e9lera \u00e0 l&#8217;aide d&#8217;une lentille de Barlow ou d&#8217;un oculaire courte focale de nombreux d\u00e9tails sur Jupiter, Saturne et la Lune.<\/p>\n<p>Sa conception Newton offre plusieurs avantages par rapport aux autres familles d&#8217;instruments (lunettes et t\u00e9lescopes Cassegrain). La fabrication des miroirs est plus \u00e9conomique \u00e0 diam\u00e8tre \u00e9gal et sa focale moyenne (750 mm) est tr\u00e8s polyvalente. Vous b\u00e9n\u00e9ficiez alors pour un budget attractif d&#8217;un t\u00e9lescope lumineux qui fournit un champ d&#8217;observations diversifi\u00e9. L&#8217;obstruction centrale est aussi plus faible que les t\u00e9lescopes type Cassegrain.<\/p>\n<figure><img decoding=\"async\" title=\"Mise au point Crayford sans microfocuser du t\u00e9lescope Sky-Watcher 150\/750 sur monture \u00e9quatoriale EQ3-2\" src=\"https:\/\/www.telescopes-et-accessoires.fr\/img\/cms\/photos\/fiches\/SW0241_150P_crayford.webp\" \/><figcaption>Le tube optique Sky-Watcher 150P classique est \u00e9quip\u00e9 d&#8217;une mise au point de type Crayford sans d\u00e9multiplication. Gr\u00e2ce \u00e0 ses deux coulants, 31,75 mm et 50,8 mm, il accepte la quasi-totalit\u00e9 des accessoires standards, tels que les oculaires, lentilles de Barlow et correcteurs de coma, quelle que soit la marque.<\/figcaption><\/figure>\n<p>La mise au point s&#8217;obtient par l&#8217;interm\u00e9diaire d&#8217;un porte oculaire Crayford bi-coulant, 2&#8221; (50,8 mm) et 1.25&#8221; (31,75 mm). L&#8217;adaptation au coulant 31,75 mm s&#8217;effectue gr\u00e2ce \u00e0 un r\u00e9ducteur m\u00e9canique livr\u00e9. Vous pouvez donc utiliser les oculaires et accessoires optionnels disponibles dans les 2 coulants. Une vis de serrage situ\u00e9e sous le focuser permet de maintenir la mise au point suivant l&#8217;orientation du tube optique.<\/p>\n<p>Au contraire des fabrications tr\u00e8s bon march\u00e9 ou les t\u00e9lescopes Newton de petits diam\u00e8tres, les Newton Sky-Watcher de 150, 200, 254 et 300mm disposent d&#8217;un miroir primaire parabolique. Les miroirs sont polis sph\u00e9riquement puis retaill\u00e9s pour atteindre une forme parabolo\u00efdale (plus co\u00fbteuse et difficile \u00e0 obtenir). C&#8217;est un crit\u00e8re de choix indispensable pour les instruments au-dessus de 130mm et \u00e0 focale courte.<\/p>\n<figure><img decoding=\"async\" title=\"Barillet du miroir primaire du t\u00e9lescope Sky-Watcher 150P\" src=\"https:\/\/www.telescopes-et-accessoires.fr\/img\/cms\/photos\/fiches\/SW0241_150P_miroir.webp\" \/><figcaption>Le miroir primaire parabolique du t\u00e9lescope Sky-Watcher 150\/750 est mont\u00e9 dans un barillet solide et efficace. Chaque jeu de molettes de collimation est compos\u00e9 d&#8217;une molette de r\u00e9glage fin \u00e0 ressort de rappel et d&#8217;une molette de blocage. Le miroir primaire est marqu\u00e9 en son centre pour faciliter la collimation par l&#8217;utilisateur.<\/figcaption><\/figure>\n<p>Pour pr\u00e9senter la plus petite obstruction possible le support de fixation du miroir secondaire (plan) dispose de 4 branches fines, d&#8217;une largeur de 0,5 mm. Suffisamment rigides elles limitent ainsi les pics de diffraction sur les \u00e9toiles brillantes et une perte de luminosit\u00e9 trop importante.<\/p>\n<p>Un chercheur achromatique 6&#215;30 sur son support est aussi livr\u00e9 en standard.<\/p>\n<h4>Une monture \u00e9quatoriale EQ3-2 avec tr\u00e9pied alu<\/h4>\n<p>Pour les amateurs int\u00e9ress\u00e9s par l&#8217;observation visuelle, la monture EQ3-2 permet des observations de qualit\u00e9 sans trop de vibrations. La version plus massive, monture HEQ5 Pro Go-To, sera pr\u00e9f\u00e9rable pour ceux qui d\u00e9sirent d\u00e9buter en astrophotographie longue pose.<\/p>\n<p>L&#8217;adaptation du tube optique s&#8217;effectue \u00e0 l&#8217;aide d&#8217;une queue d&#8217;aronde femelle standard de type Vixen. Un plateau porte accessoires assure une bonne rigidit\u00e9 de l&#8217;ensemble. La monture EQ3-2 peut recevoir un viseur polaire (en option) \u00e0 installer dans l&#8217;axe polaire pour r\u00e9aliser rapidement la mise en station.<\/p>\n<figure><img decoding=\"async\" title=\"Axe d'ascension droite de la monture Sky-Watcher EQ3-2\" src=\"https:\/\/www.telescopes-et-accessoires.fr\/img\/cms\/photos\/fiches\/SW0241_150P_EQ3-2_AD.webp\" \/><figcaption>La monture Sky-Watcher EQ3-2 poss\u00e8de tous les attributs des montures plus haut de gamme. Un viseur polaire sp\u00e9cifique est disponible en option et vient se visser dans l&#8217;axe d&#8217;ascension droite. Il facilite le pointage des p\u00f4les c\u00e9lestes Nord et Sud et augmente nettement la pr\u00e9cision de la mise en station.<\/figcaption><\/figure>\n<p>La monture EQ3-2 supporte de nombreux t\u00e9lescopes jusqu&#8217;\u00e0 150mm de diam\u00e8tre (5,5 kg max) ou des lunettes jusqu&#8217;\u00e0 100mm de diam\u00e8tre. Elle dispose de mouvements fins en azimut et en latitude pour faciliter la mise en station et des molettes permettent de compenser la rotation terrestre (pour conserver l&#8217;objet au centre du champ de l&#8217;oculaire).<\/p>\n<h4>Tout savoir sur la motorisation double axe Sky-Watcher pour monture EQ3-2<\/h4>\n<p><strong>Sky-Watcher propose une motorisation double axe avec raquette disposant d&#8217;une fiche d&#8217;autoguidage pour les montures type EQ3-2<\/strong>. La raquette de commande Sky-Watcher comprend 4 touches: 2 pour les corrections en ascension droite et 2 pour les corrections en d\u00e9clinaison La raquette dispose de 3 vitesses: 0.5x\/2x\/16x (la vitesse sid\u00e9rale), d\u2019un commutateur \u00e0 trois positions: h\u00e9misph\u00e8re Nord \/ Stop \/ h\u00e9misph\u00e8re Sud et d\u2019un commutateur pour les vitesses de suivi &#8220;Soleil \/ Lune \/ \u00e9toile&#8221;.<\/p>\n<p>Lors de l\u2019utilisation avec une redresseur terrestre ou un renvoi coud\u00e9, il est possible d\u2019inverser la direction des 4 boutons (haut, bas, gauche, droite).\u00a0<strong>La fiche ST-4 positionn\u00e9e sur la raquette vous permet \u00e9galement de faire de l&#8217;autoguidage<\/strong>. L&#8217;alimentation peut se faire par un bo\u00eetier piles (non fournies). Une alimentation externe 6 volts DC peut \u00e9galement \u00eatre utilis\u00e9e (non fournie). Ce mod\u00e8le est con\u00e7u pour \u00eatre mont\u00e9 exclusivement sur les montures avec moteur double axe de type EQ3-2 \/ NEQ3-2.<\/p>\n<p><strong>ATTENTION ! La motorisation fonctionne uniquement avec une alimentation 6 V<\/strong><\/p>\n<p>&nbsp;<\/p>\n<h2>El\u00e9ments Livr\u00e9s<\/h2>\n<p>&nbsp;<\/p>\n<p>&nbsp;<\/p>\n<h4>T\u00e9lescope Newtlon Sky-Watcher 150\/750<\/h4>\n<ul>\n<li>1x Tube optique de t\u00e9lescope Newton Sky-Watcher 150\/750 avec colliers et queue d&#8217;aronde<\/li>\n<li>1x Monture \u00e9quatoriale EQ3-2<\/li>\n<li>1x Tr\u00e9pied en aluminium r\u00e9glable en hauteur (71cm \u00e0 123cm) avec tablette porte accessoires<\/li>\n<li>1x Contrepoids de 3.5kg<\/li>\n<li>1x Contrepoids de 1.5kg<\/li>\n<li>1x Oculaire Super 25mm(grossissement 30x), coulant 31.75mm<\/li>\n<li>1x Oculaire Super 10mm(grossissement 75x), coulant 31.75mm<\/li>\n<li>1x Lentille de Barlow 2x, coulant 31.75mm<\/li>\n<li>1x Chercheur 6&#215;30 droit avec support<\/li>\n<li>Manuel d&#8217;utilisation en fran\u00e7ais<\/li>\n<\/ul>\n<h4>Monture EQ3-2<\/h4>\n<ul>\n<li>1x Moteur en Ascension Droite<\/li>\n<li>1x Moteur en D\u00e9clinaison<\/li>\n<li>1x Raquette de commande avec connecteur d&#8217;autoguidage ST-4<\/li>\n<li>1x Bo\u00eetier de piles (piles non fournies)<\/li>\n<li>Connectique<\/li>\n<li>Manuel d&#8217;utilisation en fran\u00e7ais<\/li>\n<\/ul>\n","protected":false},"excerpt":{"rendered":"<ul>\n<li><\/li>\n<\/ul>\n<table>\n<thead>\n<tr>\n<th>Caract\u00e9ristiques<\/th>\n<th>T\u00e9lescope Newton Sky-Watcher 150mm f\/5 Dual Speed sur monture NEQ3-2<\/th>\n<\/tr>\n<\/thead>\n<tbody>\n<tr>\n<td class=\"titresection\" colspan=\"2\">Tube optique<\/td>\n<\/tr>\n<tr>\n<th>Formule optique<\/th>\n<td>Newton<br \/>\nMiroir primaire parabolique<br \/>\nMiroir secondaire plan<\/td>\n<\/tr>\n<tr>\n<th>Longueur focale<\/th>\n<td>750mm<\/td>\n<\/tr>\n<tr>\n<th>Rapport de focale<\/th>\n<td>f\/5<\/td>\n<\/tr>\n<tr>\n<th>Construction<\/th>\n<td>M\u00e9tal<br \/>\nAvec queue d&#8217;aronde et deux colliers de fixation<\/td>\n<\/tr>\n<tr>\n<th>Porte-oculaire<\/th>\n<td>Crayford 50.8\/31.75mm Sky-Watcher avec microfocuser (dual speed 1:10)<\/td>\n<\/tr>\n<tr>\n<th>Dimensions (Diam\u00e8tre x Longueur)<\/th>\n<td>18,2cm x 69cm<\/td>\n<\/tr>\n<tr>\n<th>Poids<\/th>\n<td>4,9kg<\/td>\n<\/tr>\n<tr>\n<td class=\"titresection\" colspan=\"2\">Monture<\/td>\n<\/tr>\n<tr>\n<th>Type<\/th>\n<td>Monture \u00e9quatoriale allemande NEQ3-2<br \/>\nMotorisable sur un axe en option ou deux axes en option<br \/>\nAjout possible d&#8217;un kit Pro Go-To en option<\/td>\n<\/tr>\n<tr>\n<th>Capacit\u00e9 de charge<\/th>\n<td>5,5kg<\/td>\n<\/tr>\n<tr>\n<th>Tr\u00e9pied<\/th>\n<td>Tr\u00e9pied tubulaire en acier r\u00e9glable en hauteur (71cm \u00e0 123cm)<\/td>\n<\/tr>\n<tr>\n<th>Poids<\/th>\n<td>Monture : 5kg<br \/>\nTr\u00e9pied : 3,8kg<\/td>\n<\/tr>\n<tr>\n<th>Contrepoids<\/th>\n<td>2x contrepoids fournis : 3,5kg et 1,5kg<\/td>\n<\/tr>\n<\/tbody>\n<\/table>\n","protected":false},"featured_media":11001,"template":"","meta":{"_editorskit_title_hidden":false,"_editorskit_reading_time":0,"_editorskit_is_block_options_detached":false,"_editorskit_block_options_position":"{}","_coblocks_attr":"","_coblocks_dimensions":"","_coblocks_responsive_height":"","_coblocks_accordion_ie_support":"","_crdt_document":"","_monsterinsights_skip_tracking":false,"_monsterinsights_sitenote_active":false,"_monsterinsights_sitenote_note":"","_monsterinsights_sitenote_category":0},"product_brand":[],"product_cat":[148,22,192],"product_tag":[],"class_list":{"0":"post-9867","1":"product","2":"type-product","3":"status-publish","4":"has-post-thumbnail","6":"product_cat-sky-watcher","7":"product_cat-telescopes","8":"product_cat-telescopes-complets","10":"first","11":"instock","12":"shipping-taxable","13":"purchasable","14":"product-type-simple"},"yoast_head":"<!-- This site is optimized with the Yoast SEO plugin v27.4 - https:\/\/yoast.com\/product\/yoast-seo-wordpress\/ -->\n<title>T\u00e9lescope Sky-Watcher 150\/750 sur EQ3-2 motoris\u00e9e double axe BD - Astroshop Maroc<\/title>\n<meta name=\"robots\" content=\"index, follow, max-snippet:-1, max-image-preview:large, max-video-preview:-1\" \/>\n<link rel=\"canonical\" href=\"https:\/\/astroshop.ma\/?product=black-diamond-150-750-sur-equatoriale-eq3-2\" \/>\n<meta property=\"og:locale\" content=\"en_US\" \/>\n<meta property=\"og:type\" content=\"article\" \/>\n<meta property=\"og:title\" content=\"T\u00e9lescope Sky-Watcher 150\/750 sur EQ3-2 motoris\u00e9e double axe BD - Astroshop Maroc\" \/>\n<meta property=\"og:description\" content=\"Caract\u00e9ristiques T\u00e9lescope Newton Sky-Watcher 150mm f\/5 Dual Speed sur monture NEQ3-2     Tube optique   Formule optique Newton Miroir primaire parabolique Miroir secondaire plan   Longueur focale 750mm   Rapport de focale f\/5   Construction M\u00e9tal Avec queue d&#039;aronde et deux colliers de fixation   Porte-oculaire Crayford 50.8\/31.75mm Sky-Watcher avec microfocuser (dual speed 1:10)   Dimensions (Diam\u00e8tre x Longueur) 18,2cm x 69cm   Poids 4,9kg   Monture   Type Monture \u00e9quatoriale allemande NEQ3-2 Motorisable sur un axe en option ou deux axes en option Ajout possible d&#039;un kit Pro Go-To en option   Capacit\u00e9 de charge 5,5kg   Tr\u00e9pied Tr\u00e9pied tubulaire en acier r\u00e9glable en hauteur (71cm \u00e0 123cm)   Poids Monture : 5kg Tr\u00e9pied : 3,8kg   Contrepoids 2x contrepoids fournis : 3,5kg et 1,5kg\" \/>\n<meta property=\"og:url\" content=\"https:\/\/astroshop.ma\/?product=black-diamond-150-750-sur-equatoriale-eq3-2\" \/>\n<meta property=\"og:site_name\" content=\"Astroshop Maroc\" \/>\n<meta property=\"article:modified_time\" content=\"2025-12-01T08:54:06+00:00\" \/>\n<meta property=\"og:image\" content=\"https:\/\/astroshop.ma\/wp-content\/uploads\/2024\/06\/SW0025-10x1200-1-20251130-212736.jpg\" \/>\n\t<meta property=\"og:image:width\" content=\"1200\" \/>\n\t<meta property=\"og:image:height\" content=\"1200\" \/>\n\t<meta property=\"og:image:type\" content=\"image\/jpeg\" \/>\n<meta name=\"twitter:card\" content=\"summary_large_image\" \/>\n<meta name=\"twitter:label1\" content=\"Est. reading time\" \/>\n\t<meta name=\"twitter:data1\" content=\"6 minutes\" \/>\n<script type=\"application\/ld+json\" class=\"yoast-schema-graph\">{\"@context\":\"https:\\\/\\\/schema.org\",\"@graph\":[{\"@type\":\"WebPage\",\"@id\":\"https:\\\/\\\/astroshop.ma\\\/?product=black-diamond-150-750-sur-equatoriale-eq3-2\",\"url\":\"https:\\\/\\\/astroshop.ma\\\/?product=black-diamond-150-750-sur-equatoriale-eq3-2\",\"name\":\"T\u00e9lescope Sky-Watcher 150\\\/750 sur EQ3-2 motoris\u00e9e double axe BD - Astroshop Maroc\",\"isPartOf\":{\"@id\":\"https:\\\/\\\/astroshop.ma\\\/#website\"},\"primaryImageOfPage\":{\"@id\":\"https:\\\/\\\/astroshop.ma\\\/?product=black-diamond-150-750-sur-equatoriale-eq3-2#primaryimage\"},\"image\":{\"@id\":\"https:\\\/\\\/astroshop.ma\\\/?product=black-diamond-150-750-sur-equatoriale-eq3-2#primaryimage\"},\"thumbnailUrl\":\"https:\\\/\\\/astroshop.ma\\\/wp-content\\\/uploads\\\/2024\\\/06\\\/SW0025-10x1200-1-20251130-212736.jpg\",\"datePublished\":\"2024-06-10T08:55:53+00:00\",\"dateModified\":\"2025-12-01T08:54:06+00:00\",\"breadcrumb\":{\"@id\":\"https:\\\/\\\/astroshop.ma\\\/?product=black-diamond-150-750-sur-equatoriale-eq3-2#breadcrumb\"},\"inLanguage\":\"en-US\",\"potentialAction\":[{\"@type\":\"ReadAction\",\"target\":[\"https:\\\/\\\/astroshop.ma\\\/?product=black-diamond-150-750-sur-equatoriale-eq3-2\"]}]},{\"@type\":\"ImageObject\",\"inLanguage\":\"en-US\",\"@id\":\"https:\\\/\\\/astroshop.ma\\\/?product=black-diamond-150-750-sur-equatoriale-eq3-2#primaryimage\",\"url\":\"https:\\\/\\\/astroshop.ma\\\/wp-content\\\/uploads\\\/2024\\\/06\\\/SW0025-10x1200-1-20251130-212736.jpg\",\"contentUrl\":\"https:\\\/\\\/astroshop.ma\\\/wp-content\\\/uploads\\\/2024\\\/06\\\/SW0025-10x1200-1-20251130-212736.jpg\",\"width\":1200,\"height\":1200},{\"@type\":\"BreadcrumbList\",\"@id\":\"https:\\\/\\\/astroshop.ma\\\/?product=black-diamond-150-750-sur-equatoriale-eq3-2#breadcrumb\",\"itemListElement\":[{\"@type\":\"ListItem\",\"position\":1,\"name\":\"Home\",\"item\":\"https:\\\/\\\/astroshop.ma\\\/\"},{\"@type\":\"ListItem\",\"position\":2,\"name\":\"Shop\",\"item\":\"https:\\\/\\\/astroshop.ma\\\/?page_id=394\"},{\"@type\":\"ListItem\",\"position\":3,\"name\":\"T\u00e9lescope Sky-Watcher 150\\\/750 sur EQ3-2 motoris\u00e9e double axe BD\"}]},{\"@type\":\"WebSite\",\"@id\":\"https:\\\/\\\/astroshop.ma\\\/#website\",\"url\":\"https:\\\/\\\/astroshop.ma\\\/\",\"name\":\"Astroshop Maroc\",\"description\":\"Des instruments astronomiques pour chaque astronome au Maroc\",\"publisher\":{\"@id\":\"https:\\\/\\\/astroshop.ma\\\/#organization\"},\"potentialAction\":[{\"@type\":\"SearchAction\",\"target\":{\"@type\":\"EntryPoint\",\"urlTemplate\":\"https:\\\/\\\/astroshop.ma\\\/?s={search_term_string}\"},\"query-input\":{\"@type\":\"PropertyValueSpecification\",\"valueRequired\":true,\"valueName\":\"search_term_string\"}}],\"inLanguage\":\"en-US\"},{\"@type\":\"Organization\",\"@id\":\"https:\\\/\\\/astroshop.ma\\\/#organization\",\"name\":\"Astroshop Maroc\",\"url\":\"https:\\\/\\\/astroshop.ma\\\/\",\"logo\":{\"@type\":\"ImageObject\",\"inLanguage\":\"en-US\",\"@id\":\"https:\\\/\\\/astroshop.ma\\\/#\\\/schema\\\/logo\\\/image\\\/\",\"url\":\"https:\\\/\\\/astroshop.ma\\\/wp-content\\\/uploads\\\/2025\\\/12\\\/M20_Logo_1.jpg\",\"contentUrl\":\"https:\\\/\\\/astroshop.ma\\\/wp-content\\\/uploads\\\/2025\\\/12\\\/M20_Logo_1.jpg\",\"width\":501,\"height\":334,\"caption\":\"Astroshop Maroc\"},\"image\":{\"@id\":\"https:\\\/\\\/astroshop.ma\\\/#\\\/schema\\\/logo\\\/image\\\/\"}}]}<\/script>\n<!-- \/ Yoast SEO plugin. -->","yoast_head_json":{"title":"T\u00e9lescope Sky-Watcher 150\/750 sur EQ3-2 motoris\u00e9e double axe BD - Astroshop Maroc","robots":{"index":"index","follow":"follow","max-snippet":"max-snippet:-1","max-image-preview":"max-image-preview:large","max-video-preview":"max-video-preview:-1"},"canonical":"https:\/\/astroshop.ma\/?product=black-diamond-150-750-sur-equatoriale-eq3-2","og_locale":"en_US","og_type":"article","og_title":"T\u00e9lescope Sky-Watcher 150\/750 sur EQ3-2 motoris\u00e9e double axe BD - Astroshop Maroc","og_description":"Caract\u00e9ristiques T\u00e9lescope Newton Sky-Watcher 150mm f\/5 Dual Speed sur monture NEQ3-2     Tube optique   Formule optique Newton Miroir primaire parabolique Miroir secondaire plan   Longueur focale 750mm   Rapport de focale f\/5   Construction M\u00e9tal Avec queue d'aronde et deux colliers de fixation   Porte-oculaire Crayford 50.8\/31.75mm Sky-Watcher avec microfocuser (dual speed 1:10)   Dimensions (Diam\u00e8tre x Longueur) 18,2cm x 69cm   Poids 4,9kg   Monture   Type Monture \u00e9quatoriale allemande NEQ3-2 Motorisable sur un axe en option ou deux axes en option Ajout possible d'un kit Pro Go-To en option   Capacit\u00e9 de charge 5,5kg   Tr\u00e9pied Tr\u00e9pied tubulaire en acier r\u00e9glable en hauteur (71cm \u00e0 123cm)   Poids Monture : 5kg Tr\u00e9pied : 3,8kg   Contrepoids 2x contrepoids fournis : 3,5kg et 1,5kg","og_url":"https:\/\/astroshop.ma\/?product=black-diamond-150-750-sur-equatoriale-eq3-2","og_site_name":"Astroshop Maroc","article_modified_time":"2025-12-01T08:54:06+00:00","og_image":[{"width":1200,"height":1200,"url":"https:\/\/astroshop.ma\/wp-content\/uploads\/2024\/06\/SW0025-10x1200-1-20251130-212736.jpg","type":"image\/jpeg"}],"twitter_card":"summary_large_image","twitter_misc":{"Est. reading time":"6 minutes"},"schema":{"@context":"https:\/\/schema.org","@graph":[{"@type":"WebPage","@id":"https:\/\/astroshop.ma\/?product=black-diamond-150-750-sur-equatoriale-eq3-2","url":"https:\/\/astroshop.ma\/?product=black-diamond-150-750-sur-equatoriale-eq3-2","name":"T\u00e9lescope Sky-Watcher 150\/750 sur EQ3-2 motoris\u00e9e double axe BD - Astroshop Maroc","isPartOf":{"@id":"https:\/\/astroshop.ma\/#website"},"primaryImageOfPage":{"@id":"https:\/\/astroshop.ma\/?product=black-diamond-150-750-sur-equatoriale-eq3-2#primaryimage"},"image":{"@id":"https:\/\/astroshop.ma\/?product=black-diamond-150-750-sur-equatoriale-eq3-2#primaryimage"},"thumbnailUrl":"https:\/\/astroshop.ma\/wp-content\/uploads\/2024\/06\/SW0025-10x1200-1-20251130-212736.jpg","datePublished":"2024-06-10T08:55:53+00:00","dateModified":"2025-12-01T08:54:06+00:00","breadcrumb":{"@id":"https:\/\/astroshop.ma\/?product=black-diamond-150-750-sur-equatoriale-eq3-2#breadcrumb"},"inLanguage":"en-US","potentialAction":[{"@type":"ReadAction","target":["https:\/\/astroshop.ma\/?product=black-diamond-150-750-sur-equatoriale-eq3-2"]}]},{"@type":"ImageObject","inLanguage":"en-US","@id":"https:\/\/astroshop.ma\/?product=black-diamond-150-750-sur-equatoriale-eq3-2#primaryimage","url":"https:\/\/astroshop.ma\/wp-content\/uploads\/2024\/06\/SW0025-10x1200-1-20251130-212736.jpg","contentUrl":"https:\/\/astroshop.ma\/wp-content\/uploads\/2024\/06\/SW0025-10x1200-1-20251130-212736.jpg","width":1200,"height":1200},{"@type":"BreadcrumbList","@id":"https:\/\/astroshop.ma\/?product=black-diamond-150-750-sur-equatoriale-eq3-2#breadcrumb","itemListElement":[{"@type":"ListItem","position":1,"name":"Home","item":"https:\/\/astroshop.ma\/"},{"@type":"ListItem","position":2,"name":"Shop","item":"https:\/\/astroshop.ma\/?page_id=394"},{"@type":"ListItem","position":3,"name":"T\u00e9lescope Sky-Watcher 150\/750 sur EQ3-2 motoris\u00e9e double axe BD"}]},{"@type":"WebSite","@id":"https:\/\/astroshop.ma\/#website","url":"https:\/\/astroshop.ma\/","name":"Astroshop Maroc","description":"Des instruments astronomiques pour chaque astronome au Maroc","publisher":{"@id":"https:\/\/astroshop.ma\/#organization"},"potentialAction":[{"@type":"SearchAction","target":{"@type":"EntryPoint","urlTemplate":"https:\/\/astroshop.ma\/?s={search_term_string}"},"query-input":{"@type":"PropertyValueSpecification","valueRequired":true,"valueName":"search_term_string"}}],"inLanguage":"en-US"},{"@type":"Organization","@id":"https:\/\/astroshop.ma\/#organization","name":"Astroshop Maroc","url":"https:\/\/astroshop.ma\/","logo":{"@type":"ImageObject","inLanguage":"en-US","@id":"https:\/\/astroshop.ma\/#\/schema\/logo\/image\/","url":"https:\/\/astroshop.ma\/wp-content\/uploads\/2025\/12\/M20_Logo_1.jpg","contentUrl":"https:\/\/astroshop.ma\/wp-content\/uploads\/2025\/12\/M20_Logo_1.jpg","width":501,"height":334,"caption":"Astroshop Maroc"},"image":{"@id":"https:\/\/astroshop.ma\/#\/schema\/logo\/image\/"}}]}},"_links":{"self":[{"href":"https:\/\/astroshop.ma\/index.php?rest_route=\/wp\/v2\/product\/9867","targetHints":{"allow":["GET"]}}],"collection":[{"href":"https:\/\/astroshop.ma\/index.php?rest_route=\/wp\/v2\/product"}],"about":[{"href":"https:\/\/astroshop.ma\/index.php?rest_route=\/wp\/v2\/types\/product"}],"wp:featuredmedia":[{"embeddable":true,"href":"https:\/\/astroshop.ma\/index.php?rest_route=\/wp\/v2\/media\/11001"}],"wp:attachment":[{"href":"https:\/\/astroshop.ma\/index.php?rest_route=%2Fwp%2Fv2%2Fmedia&parent=9867"}],"wp:term":[{"taxonomy":"product_brand","embeddable":true,"href":"https:\/\/astroshop.ma\/index.php?rest_route=%2Fwp%2Fv2%2Fproduct_brand&post=9867"},{"taxonomy":"product_cat","embeddable":true,"href":"https:\/\/astroshop.ma\/index.php?rest_route=%2Fwp%2Fv2%2Fproduct_cat&post=9867"},{"taxonomy":"product_tag","embeddable":true,"href":"https:\/\/astroshop.ma\/index.php?rest_route=%2Fwp%2Fv2%2Fproduct_tag&post=9867"}],"curies":[{"name":"wp","href":"https:\/\/api.w.org\/{rel}","templated":true}]}}