{"id":9760,"date":"2024-06-05T08:31:29","date_gmt":"2024-06-05T08:31:29","guid":{"rendered":"https:\/\/astroshop.ma\/?post_type=product&#038;p=9760"},"modified":"2025-11-19T08:10:20","modified_gmt":"2025-11-19T08:10:20","slug":"telescope-sky-watcher-mak90-sur-monture-starquest","status":"publish","type":"product","link":"https:\/\/astroshop.ma\/?product=telescope-sky-watcher-mak90-sur-monture-starquest","title":{"rendered":"T\u00e9lescope Sky-Watcher Mak90 sur monture StarQuest"},"content":{"rendered":"<table>\n<thead>\n<tr>\n<th>Caract\u00e9ristiques<\/th>\n<th>Mak90 Sky-Watcher Black Diamond sur monture StarQuest<\/th>\n<\/tr>\n<\/thead>\n<tbody>\n<tr>\n<th>Formule optique<\/th>\n<td>Maksutov-Cassegrain<\/td>\n<\/tr>\n<tr>\n<th>Diam\u00e8tre utile<\/th>\n<td>90mm<\/td>\n<\/tr>\n<tr>\n<th>Longueur focale<\/th>\n<td>1250mm<\/td>\n<\/tr>\n<tr>\n<th>Rapport F\/D<\/th>\n<td>13,9<\/td>\n<\/tr>\n<tr>\n<th>Tube optique<\/th>\n<td>Aluminium<br \/>\nQueue d&#8217;aronde int\u00e9gr\u00e9e<\/td>\n<\/tr>\n<tr>\n<th>Pouvoir s\u00e9parateur<\/th>\n<td>1.3 seconde d&#8217;arc<\/td>\n<\/tr>\n<tr>\n<th>Magnitude limite<\/th>\n<td>12.5<\/td>\n<\/tr>\n<tr>\n<th>Porte-Oculaire<\/th>\n<td>Porte oculaire 31.75mm avec filetage M42 pour adaptation d&#8217;un appareil photo<\/td>\n<\/tr>\n<tr>\n<th>Dimension du tube (diam\u00e8tre x longueur)<\/th>\n<td>100mm x 254mm<\/td>\n<\/tr>\n<tr>\n<th>Poids du tube optique<\/th>\n<td>1.4kg<\/td>\n<\/tr>\n<tr>\n<th>Monture<\/th>\n<td>Monture \u00e9quatoriale allemande StarQuest<br \/>\nCercles gradu\u00e9s sur les 2 axes<\/td>\n<\/tr>\n<tr>\n<th>Tr\u00e9pied<\/th>\n<td>Tr\u00e9pied en aluminium r\u00e9glable en hauteur (71cm \u00e0 123cm)<\/td>\n<\/tr>\n<\/tbody>\n<\/table>\n","protected":false},"excerpt":{"rendered":"<p><img loading=\"lazy\" decoding=\"async\" class=\"alignnone size-full wp-image-9742\" src=\"https:\/\/astroshop.ma\/wp-content\/uploads\/2024\/06\/Skywatcher-1.jpg\" alt=\"\" width=\"300\" height=\"150\" srcset=\"https:\/\/astroshop.ma\/wp-content\/uploads\/2024\/06\/Skywatcher-1.jpg 300w, https:\/\/astroshop.ma\/wp-content\/uploads\/2024\/06\/Skywatcher-1-64x32.jpg 64w\" sizes=\"auto, (max-width: 300px) 100vw, 300px\" \/><\/p>\n<h2>Tout savoir sur le Maksutov Sky-Watcher 90mm<\/h2>\n<p>Plus petit mod\u00e8le dans la gamme des Maksutov-Cassegrain propos\u00e9s par Sky-Watcher,\u00a0<strong>le Mak90 est tr\u00e8s transportable gr\u00e2ce \u00e0 sa grande compacit\u00e9 et l\u00e9g\u00e8ret\u00e9<\/strong>. Le miroir primaire, associ\u00e9 au miroir secondaire et \u00e0 un m\u00e9nisque concave trait\u00e9 multi-couches donne de surprenants r\u00e9sultats en plan\u00e9taire.\u00a0<strong>L&#8217;observation de Saturne, Jupiter ou la Lune est tr\u00e8s agr\u00e9able<\/strong>. Compl\u00e9t\u00e9e par des oculaires de grandes focales, l&#8217;observation des objets du ciel profond les plus brillants telle la grande n\u00e9buleuse d&#8217;Orion (M42) ou l&#8217;Amas d&#8217;Hercule (M13) satisfera le d\u00e9butant curieux.<\/p>\n<p><strong>La monture \u00e9quatoriale StarQuest offre une grande stabilit\u00e9 avec le Mak90<\/strong>\u00a0m\u00eame \u00e0 fort grossissement ainsi qu&#8217;une bonne robustesse pour un instrument d&#8217;initiation. Elle permet aussi des positionnements fins sur le ciel gr\u00e2ce \u00e0 des flexibles pr\u00e9sents sur chaque axe.\u00a0<strong>Deriv\u00e9e de la monture de voyage Star Adventurer<\/strong>\u00a0elle en reprend le design, le syst\u00e8me de serrage sur chaque axe, et la qualit\u00e9 de suivi.<\/p>\n<figure><img decoding=\"async\" title=\"T\u00e9lescope Mak90 Black Diamond sur monture StarQuest\" src=\"https:\/\/www.telescopes-et-accessoires.fr\/Files\/131989\/Img\/09\/Starquest-Mak90-5-small.jpg\" alt=\"mak90_starquest.jpg\" \/><figcaption>T\u00e9lescope Mak90 Black Diamond sur monture StarQuest<\/figcaption><\/figure>\n<p>La queue d&#8217;aronde m\u00e2le plac\u00e9e sous le tube optique s&#8217;adapte sur la queue d&#8217;aronde femelle de la monture. La conception en mode \u00e9quatoriale permet apr\u00e8s mise en station (r\u00e9glage simple de l&#8217;orientation de la monture vers l&#8217;\u00e9toile polaire) de compenser la rotation non pas sur deux axes (monture altazimutale) mais seulement sur un. La transportabilit\u00e9 du Mak90 et\u00a0<strong>sa polyvalence en feront un instrument id\u00e9al pour l&#8217;astronome nomade aussi tent\u00e9 par l&#8217;observation terrestre<\/strong>. Paysages, animaux, oiseaux ou d\u00e9tails architecturaux seront alors des cibles de choix. L&#8217;ensemble est compact, l\u00e9ger et facilement transportable pour qui d\u00e9sire observer sous les meilleurs cieux, installer rapidement son \u00e9quipement sur son balcon\/table ou emmener son t\u00e9lescope en voyage ou en vacances.<\/p>\n","protected":false},"featured_media":9761,"template":"","meta":{"_editorskit_title_hidden":false,"_editorskit_reading_time":0,"_editorskit_is_block_options_detached":false,"_editorskit_block_options_position":"{}","_coblocks_attr":"","_coblocks_dimensions":"","_coblocks_responsive_height":"","_coblocks_accordion_ie_support":"","_crdt_document":"","_monsterinsights_skip_tracking":false,"_monsterinsights_sitenote_active":false,"_monsterinsights_sitenote_note":"","_monsterinsights_sitenote_category":0},"product_brand":[],"product_cat":[148,22,192],"product_tag":[],"class_list":{"0":"post-9760","1":"product","2":"type-product","3":"status-publish","4":"has-post-thumbnail","6":"product_cat-sky-watcher","7":"product_cat-telescopes","8":"product_cat-telescopes-complets","10":"first","11":"instock","12":"shipping-taxable","13":"purchasable","14":"product-type-simple"},"yoast_head":"<!-- This site is optimized with the Yoast SEO plugin v27.4 - https:\/\/yoast.com\/product\/yoast-seo-wordpress\/ -->\n<title>T\u00e9lescope Sky-Watcher Mak90 sur monture StarQuest - Astroshop Maroc<\/title>\n<meta name=\"robots\" content=\"index, follow, max-snippet:-1, max-image-preview:large, max-video-preview:-1\" \/>\n<link rel=\"canonical\" href=\"https:\/\/astroshop.ma\/?product=telescope-sky-watcher-mak90-sur-monture-starquest\" \/>\n<meta property=\"og:locale\" content=\"en_US\" \/>\n<meta property=\"og:type\" content=\"article\" \/>\n<meta property=\"og:title\" content=\"T\u00e9lescope Sky-Watcher Mak90 sur monture StarQuest - Astroshop Maroc\" \/>\n<meta property=\"og:description\" content=\"Tout savoir sur le Maksutov Sky-Watcher 90mm Plus petit mod\u00e8le dans la gamme des Maksutov-Cassegrain propos\u00e9s par Sky-Watcher,\u00a0le Mak90 est tr\u00e8s transportable gr\u00e2ce \u00e0 sa grande compacit\u00e9 et l\u00e9g\u00e8ret\u00e9. Le miroir primaire, associ\u00e9 au miroir secondaire et \u00e0 un m\u00e9nisque concave trait\u00e9 multi-couches donne de surprenants r\u00e9sultats en plan\u00e9taire.\u00a0L&#039;observation de Saturne, Jupiter ou la Lune est tr\u00e8s agr\u00e9able. Compl\u00e9t\u00e9e par des oculaires de grandes focales, l&#039;observation des objets du ciel profond les plus brillants telle la grande n\u00e9buleuse d&#039;Orion (M42) ou l&#039;Amas d&#039;Hercule (M13) satisfera le d\u00e9butant curieux.  La monture \u00e9quatoriale StarQuest offre une grande stabilit\u00e9 avec le Mak90\u00a0m\u00eame \u00e0 fort grossissement ainsi qu&#039;une bonne robustesse pour un instrument d&#039;initiation. Elle permet aussi des positionnements fins sur le ciel gr\u00e2ce \u00e0 des flexibles pr\u00e9sents sur chaque axe.\u00a0Deriv\u00e9e de la monture de voyage Star Adventurer\u00a0elle en reprend le design, le syst\u00e8me de serrage sur chaque axe, et la qualit\u00e9 de suivi. T\u00e9lescope Mak90 Black Diamond sur monture StarQuest La queue d&#039;aronde m\u00e2le plac\u00e9e sous le tube optique s&#039;adapte sur la queue d&#039;aronde femelle de la monture. La conception en mode \u00e9quatoriale permet apr\u00e8s mise en station (r\u00e9glage simple de l&#039;orientation de la monture vers l&#039;\u00e9toile polaire) de compenser la rotation non pas sur deux axes (monture altazimutale) mais seulement sur un. La transportabilit\u00e9 du Mak90 et\u00a0sa polyvalence en feront un instrument id\u00e9al pour l&#039;astronome nomade aussi tent\u00e9 par l&#039;observation terrestre. Paysages, animaux, oiseaux ou d\u00e9tails architecturaux seront alors des cibles de choix. L&#039;ensemble est compact, l\u00e9ger et facilement transportable pour qui d\u00e9sire observer sous les meilleurs cieux, installer rapidement son \u00e9quipement sur son balcon\/table ou emmener son t\u00e9lescope en voyage ou en vacances.\" \/>\n<meta property=\"og:url\" content=\"https:\/\/astroshop.ma\/?product=telescope-sky-watcher-mak90-sur-monture-starquest\" \/>\n<meta property=\"og:site_name\" content=\"Astroshop Maroc\" \/>\n<meta property=\"article:modified_time\" content=\"2025-11-19T08:10:20+00:00\" \/>\n<meta property=\"og:image\" content=\"https:\/\/astroshop.ma\/wp-content\/uploads\/2024\/06\/SW0441-1x1200-1.jpg\" \/>\n\t<meta property=\"og:image:width\" content=\"1200\" \/>\n\t<meta property=\"og:image:height\" content=\"1200\" \/>\n\t<meta property=\"og:image:type\" content=\"image\/jpeg\" \/>\n<meta name=\"twitter:card\" content=\"summary_large_image\" \/>\n<script type=\"application\/ld+json\" class=\"yoast-schema-graph\">{\"@context\":\"https:\\\/\\\/schema.org\",\"@graph\":[{\"@type\":\"WebPage\",\"@id\":\"https:\\\/\\\/astroshop.ma\\\/?product=telescope-sky-watcher-mak90-sur-monture-starquest\",\"url\":\"https:\\\/\\\/astroshop.ma\\\/?product=telescope-sky-watcher-mak90-sur-monture-starquest\",\"name\":\"T\u00e9lescope Sky-Watcher Mak90 sur monture StarQuest - Astroshop Maroc\",\"isPartOf\":{\"@id\":\"https:\\\/\\\/astroshop.ma\\\/#website\"},\"primaryImageOfPage\":{\"@id\":\"https:\\\/\\\/astroshop.ma\\\/?product=telescope-sky-watcher-mak90-sur-monture-starquest#primaryimage\"},\"image\":{\"@id\":\"https:\\\/\\\/astroshop.ma\\\/?product=telescope-sky-watcher-mak90-sur-monture-starquest#primaryimage\"},\"thumbnailUrl\":\"https:\\\/\\\/astroshop.ma\\\/wp-content\\\/uploads\\\/2024\\\/06\\\/SW0441-1x1200-1.jpg\",\"datePublished\":\"2024-06-05T08:31:29+00:00\",\"dateModified\":\"2025-11-19T08:10:20+00:00\",\"breadcrumb\":{\"@id\":\"https:\\\/\\\/astroshop.ma\\\/?product=telescope-sky-watcher-mak90-sur-monture-starquest#breadcrumb\"},\"inLanguage\":\"en-US\",\"potentialAction\":[{\"@type\":\"ReadAction\",\"target\":[\"https:\\\/\\\/astroshop.ma\\\/?product=telescope-sky-watcher-mak90-sur-monture-starquest\"]}]},{\"@type\":\"ImageObject\",\"inLanguage\":\"en-US\",\"@id\":\"https:\\\/\\\/astroshop.ma\\\/?product=telescope-sky-watcher-mak90-sur-monture-starquest#primaryimage\",\"url\":\"https:\\\/\\\/astroshop.ma\\\/wp-content\\\/uploads\\\/2024\\\/06\\\/SW0441-1x1200-1.jpg\",\"contentUrl\":\"https:\\\/\\\/astroshop.ma\\\/wp-content\\\/uploads\\\/2024\\\/06\\\/SW0441-1x1200-1.jpg\",\"width\":1200,\"height\":1200},{\"@type\":\"BreadcrumbList\",\"@id\":\"https:\\\/\\\/astroshop.ma\\\/?product=telescope-sky-watcher-mak90-sur-monture-starquest#breadcrumb\",\"itemListElement\":[{\"@type\":\"ListItem\",\"position\":1,\"name\":\"Home\",\"item\":\"https:\\\/\\\/astroshop.ma\\\/\"},{\"@type\":\"ListItem\",\"position\":2,\"name\":\"Shop\",\"item\":\"https:\\\/\\\/astroshop.ma\\\/?page_id=394\"},{\"@type\":\"ListItem\",\"position\":3,\"name\":\"T\u00e9lescope Sky-Watcher Mak90 sur monture StarQuest\"}]},{\"@type\":\"WebSite\",\"@id\":\"https:\\\/\\\/astroshop.ma\\\/#website\",\"url\":\"https:\\\/\\\/astroshop.ma\\\/\",\"name\":\"Astroshop Maroc\",\"description\":\"Des instruments astronomiques pour chaque astronome au Maroc\",\"publisher\":{\"@id\":\"https:\\\/\\\/astroshop.ma\\\/#organization\"},\"potentialAction\":[{\"@type\":\"SearchAction\",\"target\":{\"@type\":\"EntryPoint\",\"urlTemplate\":\"https:\\\/\\\/astroshop.ma\\\/?s={search_term_string}\"},\"query-input\":{\"@type\":\"PropertyValueSpecification\",\"valueRequired\":true,\"valueName\":\"search_term_string\"}}],\"inLanguage\":\"en-US\"},{\"@type\":\"Organization\",\"@id\":\"https:\\\/\\\/astroshop.ma\\\/#organization\",\"name\":\"Astroshop Maroc\",\"url\":\"https:\\\/\\\/astroshop.ma\\\/\",\"logo\":{\"@type\":\"ImageObject\",\"inLanguage\":\"en-US\",\"@id\":\"https:\\\/\\\/astroshop.ma\\\/#\\\/schema\\\/logo\\\/image\\\/\",\"url\":\"https:\\\/\\\/astroshop.ma\\\/wp-content\\\/uploads\\\/2025\\\/12\\\/M20_Logo_1.jpg\",\"contentUrl\":\"https:\\\/\\\/astroshop.ma\\\/wp-content\\\/uploads\\\/2025\\\/12\\\/M20_Logo_1.jpg\",\"width\":501,\"height\":334,\"caption\":\"Astroshop Maroc\"},\"image\":{\"@id\":\"https:\\\/\\\/astroshop.ma\\\/#\\\/schema\\\/logo\\\/image\\\/\"}}]}<\/script>\n<!-- \/ Yoast SEO plugin. -->","yoast_head_json":{"title":"T\u00e9lescope Sky-Watcher Mak90 sur monture StarQuest - Astroshop Maroc","robots":{"index":"index","follow":"follow","max-snippet":"max-snippet:-1","max-image-preview":"max-image-preview:large","max-video-preview":"max-video-preview:-1"},"canonical":"https:\/\/astroshop.ma\/?product=telescope-sky-watcher-mak90-sur-monture-starquest","og_locale":"en_US","og_type":"article","og_title":"T\u00e9lescope Sky-Watcher Mak90 sur monture StarQuest - Astroshop Maroc","og_description":"Tout savoir sur le Maksutov Sky-Watcher 90mm Plus petit mod\u00e8le dans la gamme des Maksutov-Cassegrain propos\u00e9s par Sky-Watcher,\u00a0le Mak90 est tr\u00e8s transportable gr\u00e2ce \u00e0 sa grande compacit\u00e9 et l\u00e9g\u00e8ret\u00e9. Le miroir primaire, associ\u00e9 au miroir secondaire et \u00e0 un m\u00e9nisque concave trait\u00e9 multi-couches donne de surprenants r\u00e9sultats en plan\u00e9taire.\u00a0L'observation de Saturne, Jupiter ou la Lune est tr\u00e8s agr\u00e9able. Compl\u00e9t\u00e9e par des oculaires de grandes focales, l'observation des objets du ciel profond les plus brillants telle la grande n\u00e9buleuse d'Orion (M42) ou l'Amas d'Hercule (M13) satisfera le d\u00e9butant curieux.  La monture \u00e9quatoriale StarQuest offre une grande stabilit\u00e9 avec le Mak90\u00a0m\u00eame \u00e0 fort grossissement ainsi qu'une bonne robustesse pour un instrument d'initiation. Elle permet aussi des positionnements fins sur le ciel gr\u00e2ce \u00e0 des flexibles pr\u00e9sents sur chaque axe.\u00a0Deriv\u00e9e de la monture de voyage Star Adventurer\u00a0elle en reprend le design, le syst\u00e8me de serrage sur chaque axe, et la qualit\u00e9 de suivi. T\u00e9lescope Mak90 Black Diamond sur monture StarQuest La queue d'aronde m\u00e2le plac\u00e9e sous le tube optique s'adapte sur la queue d'aronde femelle de la monture. La conception en mode \u00e9quatoriale permet apr\u00e8s mise en station (r\u00e9glage simple de l'orientation de la monture vers l'\u00e9toile polaire) de compenser la rotation non pas sur deux axes (monture altazimutale) mais seulement sur un. La transportabilit\u00e9 du Mak90 et\u00a0sa polyvalence en feront un instrument id\u00e9al pour l'astronome nomade aussi tent\u00e9 par l'observation terrestre. Paysages, animaux, oiseaux ou d\u00e9tails architecturaux seront alors des cibles de choix. L'ensemble est compact, l\u00e9ger et facilement transportable pour qui d\u00e9sire observer sous les meilleurs cieux, installer rapidement son \u00e9quipement sur son balcon\/table ou emmener son t\u00e9lescope en voyage ou en vacances.","og_url":"https:\/\/astroshop.ma\/?product=telescope-sky-watcher-mak90-sur-monture-starquest","og_site_name":"Astroshop Maroc","article_modified_time":"2025-11-19T08:10:20+00:00","og_image":[{"width":1200,"height":1200,"url":"https:\/\/astroshop.ma\/wp-content\/uploads\/2024\/06\/SW0441-1x1200-1.jpg","type":"image\/jpeg"}],"twitter_card":"summary_large_image","schema":{"@context":"https:\/\/schema.org","@graph":[{"@type":"WebPage","@id":"https:\/\/astroshop.ma\/?product=telescope-sky-watcher-mak90-sur-monture-starquest","url":"https:\/\/astroshop.ma\/?product=telescope-sky-watcher-mak90-sur-monture-starquest","name":"T\u00e9lescope Sky-Watcher Mak90 sur monture StarQuest - Astroshop Maroc","isPartOf":{"@id":"https:\/\/astroshop.ma\/#website"},"primaryImageOfPage":{"@id":"https:\/\/astroshop.ma\/?product=telescope-sky-watcher-mak90-sur-monture-starquest#primaryimage"},"image":{"@id":"https:\/\/astroshop.ma\/?product=telescope-sky-watcher-mak90-sur-monture-starquest#primaryimage"},"thumbnailUrl":"https:\/\/astroshop.ma\/wp-content\/uploads\/2024\/06\/SW0441-1x1200-1.jpg","datePublished":"2024-06-05T08:31:29+00:00","dateModified":"2025-11-19T08:10:20+00:00","breadcrumb":{"@id":"https:\/\/astroshop.ma\/?product=telescope-sky-watcher-mak90-sur-monture-starquest#breadcrumb"},"inLanguage":"en-US","potentialAction":[{"@type":"ReadAction","target":["https:\/\/astroshop.ma\/?product=telescope-sky-watcher-mak90-sur-monture-starquest"]}]},{"@type":"ImageObject","inLanguage":"en-US","@id":"https:\/\/astroshop.ma\/?product=telescope-sky-watcher-mak90-sur-monture-starquest#primaryimage","url":"https:\/\/astroshop.ma\/wp-content\/uploads\/2024\/06\/SW0441-1x1200-1.jpg","contentUrl":"https:\/\/astroshop.ma\/wp-content\/uploads\/2024\/06\/SW0441-1x1200-1.jpg","width":1200,"height":1200},{"@type":"BreadcrumbList","@id":"https:\/\/astroshop.ma\/?product=telescope-sky-watcher-mak90-sur-monture-starquest#breadcrumb","itemListElement":[{"@type":"ListItem","position":1,"name":"Home","item":"https:\/\/astroshop.ma\/"},{"@type":"ListItem","position":2,"name":"Shop","item":"https:\/\/astroshop.ma\/?page_id=394"},{"@type":"ListItem","position":3,"name":"T\u00e9lescope Sky-Watcher Mak90 sur monture StarQuest"}]},{"@type":"WebSite","@id":"https:\/\/astroshop.ma\/#website","url":"https:\/\/astroshop.ma\/","name":"Astroshop Maroc","description":"Des instruments astronomiques pour chaque astronome au Maroc","publisher":{"@id":"https:\/\/astroshop.ma\/#organization"},"potentialAction":[{"@type":"SearchAction","target":{"@type":"EntryPoint","urlTemplate":"https:\/\/astroshop.ma\/?s={search_term_string}"},"query-input":{"@type":"PropertyValueSpecification","valueRequired":true,"valueName":"search_term_string"}}],"inLanguage":"en-US"},{"@type":"Organization","@id":"https:\/\/astroshop.ma\/#organization","name":"Astroshop Maroc","url":"https:\/\/astroshop.ma\/","logo":{"@type":"ImageObject","inLanguage":"en-US","@id":"https:\/\/astroshop.ma\/#\/schema\/logo\/image\/","url":"https:\/\/astroshop.ma\/wp-content\/uploads\/2025\/12\/M20_Logo_1.jpg","contentUrl":"https:\/\/astroshop.ma\/wp-content\/uploads\/2025\/12\/M20_Logo_1.jpg","width":501,"height":334,"caption":"Astroshop Maroc"},"image":{"@id":"https:\/\/astroshop.ma\/#\/schema\/logo\/image\/"}}]}},"_links":{"self":[{"href":"https:\/\/astroshop.ma\/index.php?rest_route=\/wp\/v2\/product\/9760","targetHints":{"allow":["GET"]}}],"collection":[{"href":"https:\/\/astroshop.ma\/index.php?rest_route=\/wp\/v2\/product"}],"about":[{"href":"https:\/\/astroshop.ma\/index.php?rest_route=\/wp\/v2\/types\/product"}],"wp:featuredmedia":[{"embeddable":true,"href":"https:\/\/astroshop.ma\/index.php?rest_route=\/wp\/v2\/media\/9761"}],"wp:attachment":[{"href":"https:\/\/astroshop.ma\/index.php?rest_route=%2Fwp%2Fv2%2Fmedia&parent=9760"}],"wp:term":[{"taxonomy":"product_brand","embeddable":true,"href":"https:\/\/astroshop.ma\/index.php?rest_route=%2Fwp%2Fv2%2Fproduct_brand&post=9760"},{"taxonomy":"product_cat","embeddable":true,"href":"https:\/\/astroshop.ma\/index.php?rest_route=%2Fwp%2Fv2%2Fproduct_cat&post=9760"},{"taxonomy":"product_tag","embeddable":true,"href":"https:\/\/astroshop.ma\/index.php?rest_route=%2Fwp%2Fv2%2Fproduct_tag&post=9760"}],"curies":[{"name":"wp","href":"https:\/\/api.w.org\/{rel}","templated":true}]}}