{"id":9741,"date":"2024-06-03T13:06:22","date_gmt":"2024-06-03T13:06:22","guid":{"rendered":"https:\/\/astroshop.ma\/?post_type=product&#038;p=9741"},"modified":"2025-11-19T08:10:33","modified_gmt":"2025-11-19T08:10:33","slug":"telescope-sky-watcher-130-650-sur-monture-starquest","status":"publish","type":"product","link":"https:\/\/astroshop.ma\/?product=telescope-sky-watcher-130-650-sur-monture-starquest","title":{"rendered":"T\u00e9lescope Sky-Watcher 130\/650 motoris\u00e9e sur monture StarQuest"},"content":{"rendered":"<table>\n<thead>\n<tr>\n<th>Caract\u00e9ristiques<\/th>\n<th>T\u00e9lescope Newton Sky-Watcher 130mm f\/5 sur monture StarQuest<\/th>\n<\/tr>\n<\/thead>\n<tbody>\n<tr>\n<th>Formule optique<\/th>\n<td>Newton<\/td>\n<\/tr>\n<tr>\n<th>Diam\u00e8tre utile<\/th>\n<td>130mm<\/td>\n<\/tr>\n<tr>\n<th>Longueur focale<\/th>\n<td>650mm<\/td>\n<\/tr>\n<tr>\n<th>Rapport F\/D<\/th>\n<td>5<\/td>\n<\/tr>\n<tr>\n<th>Miroir primaire<\/th>\n<td>Parabolique<\/td>\n<\/tr>\n<tr>\n<th>Tube optique<\/th>\n<td>Aluminium<br \/>\nQueue d&#8217;aronde int\u00e9gr\u00e9e<\/td>\n<\/tr>\n<tr>\n<th>Pouvoir s\u00e9parateur<\/th>\n<td>0.9 seconde d&#8217;arc<\/td>\n<\/tr>\n<tr>\n<th>Magnitude limite<\/th>\n<td>13.3<\/td>\n<\/tr>\n<tr>\n<th>Porte-Oculaire<\/th>\n<td>Porte oculaire 31.75mm par cr\u00e9mailli\u00e8re<\/td>\n<\/tr>\n<tr>\n<th>Dimension du tube (diam\u00e8tre x longueur)<\/th>\n<td>145mm x 700mm<\/td>\n<\/tr>\n<tr>\n<th>Poids total<\/th>\n<td>11kg<\/td>\n<\/tr>\n<tr>\n<th>Monture<\/th>\n<td>Monture \u00e9quatoriale allemande StarQuest<br \/>\nCercles gradu\u00e9s sur les 2 axes<br \/>\nCapacit\u00e9 de charge : 3kg<\/td>\n<\/tr>\n<tr>\n<th>Tr\u00e9pied<\/th>\n<td>Tr\u00e9pied en aluminium r\u00e9glable en hauteur (71cm \u00e0 123cm)<\/td>\n<\/tr>\n<\/tbody>\n<\/table>\n","protected":false},"excerpt":{"rendered":"<h2><img loading=\"lazy\" decoding=\"async\" class=\"alignnone size-full wp-image-9742\" src=\"https:\/\/astroshop.ma\/wp-content\/uploads\/2024\/06\/Skywatcher-1.jpg\" alt=\"\" width=\"300\" height=\"150\" srcset=\"https:\/\/astroshop.ma\/wp-content\/uploads\/2024\/06\/Skywatcher-1.jpg 300w, https:\/\/astroshop.ma\/wp-content\/uploads\/2024\/06\/Skywatcher-1-64x32.jpg 64w\" sizes=\"auto, (max-width: 300px) 100vw, 300px\" \/><\/h2>\n<h2>Tout savoir sur le t\u00e9lescope Sky-Watcher 130\/650<\/h2>\n<p>Avec un miroir primaire de 130mm le Newton 130 de Sky-Watcher\u00a0<strong>r\u00e9colte 30% de lumi\u00e8re en plus qu&#8217;un t\u00e9lescope de 114mm<\/strong>. Sous un ciel bien sombre il est possible de voir plus de d\u00e9tails qu&#8217;avec un instrument plus petit. Il promet aux d\u00e9butants d\u00e9sirant investir dans un t\u00e9lescope \u00e0 la fois lumineux, sans \u00eatre co\u00fbteux, de nombreuses soir\u00e9es d&#8217;observations riches de d\u00e9couvertes.\u00a0<strong>En observation plan\u00e9taire<\/strong>, il r\u00e9v\u00e9lera \u00e0 l&#8217;aide d&#8217;une Barlow ou d&#8217;un oculaire courte focale de\u00a0<strong>nombreux d\u00e9tails sur Jupiter, Saturne et la Lune<\/strong>.<\/p>\n<p>Sa conception Newton offre plusieurs avantages par rapport aux autres familles d&#8217;instruments (lunettes et t\u00e9lescopes Cassegrain). La fabrication tout d&#8217;abord des miroirs est plus \u00e9conomique (miroir parabolique) \u00e0 diam\u00e8tre \u00e9gal et son rapport de focale est g\u00e9n\u00e9ralement plus faible. L&#8217;obstruction centrale est aussi plus faible que les t\u00e9lescopes type Cassegrain,\u00a0<strong>si la collimation (r\u00e9glage des miroirs) est bien respect\u00e9e, la qualit\u00e9 d&#8217;image est bonne en plan\u00e9taire<\/strong>.<\/p>\n<p><strong>La monture \u00e9quatoriale StarQuest offre une bonne stabilit\u00e9 avec le Newton 130<\/strong>\u00a0m\u00eame \u00e0 fort grossissement ainsi qu&#8217;une bonne robustesse pour un instrument d&#8217;initiation. Elle permet aussi des positionnements fins sur le ciel gr\u00e2ce \u00e0 des flexibles pr\u00e9sents sur chaque axe.\u00a0<strong>Deriv\u00e9e de la monture de voyage Star Adventurer<\/strong>\u00a0elle en reprend le design, le syst\u00e8me de serrage sur chaque axe, et la qualit\u00e9 de suivi.<\/p>\n<figure><img decoding=\"async\" title=\"T\u00e9lescope Newton 130mm sur monture Star Quest\" src=\"https:\/\/www.telescopes-et-accessoires.fr\/Files\/131989\/Img\/25\/SW0456-StarQuest-130-6-small.jpg\" alt=\"newton130_starquest_06.jpg\" \/><figcaption>T\u00e9lescope Newton 130mm sur monture Star Quest<\/figcaption><\/figure>\n<p>La queue d&#8217;aronde m\u00e2le plac\u00e9e sous le tube optique s&#8217;adapte sur la queue d&#8217;aronde femelle de la monture. La conception en mode \u00e9quatoriale permet apr\u00e8s mise en station (r\u00e9glage simple de l&#8217;orientation de la monture vers l&#8217;\u00e9toile polaire) de compenser la rotation non pas sur deux axes (monture altazimutale) mais seulement sur un. Un moteur optionnel est ainsi disponible\u00a0<a href=\"https:\/\/www.telescopes-et-accessoires.fr\/moteur-ad-sky-watcher-pour-starquest-c2x30355946\" target=\"_blank\" rel=\"noopener\">#SW0442<\/a>\u00a0(simple \u00e0 fixer et utiliser)\u00a0<strong>il offre un meilleur confort d&#8217;utilisation en compensant la rotation terrestre<\/strong>.<\/p>\n<p>&nbsp;<\/p>\n<p>&nbsp;<\/p>\n<hr \/>\n<h2>\u00c9L\u00c9MENTS LIVR\u00c9S<\/h2>\n<ul>\n<li>1 T\u00e9lescope Newton 130mm f\/5<\/li>\n<li>1 Monture \u00e9quatoriale Star Quest<\/li>\n<li>2 oculaires coulant 31.75mm : Super 10mm et Super 25mm<\/li>\n<li>1 viseur point rouge<\/li>\n<li>1 Tr\u00e9pied en aluminium r\u00e9glable en hauteur (71cm \u00e0 123cm)<\/li>\n<li>Manuel d&#8217;utilisation en fran\u00e7ais<\/li>\n<\/ul>\n","protected":false},"featured_media":9744,"template":"","meta":{"_editorskit_title_hidden":false,"_editorskit_reading_time":0,"_editorskit_is_block_options_detached":false,"_editorskit_block_options_position":"{}","_coblocks_attr":"","_coblocks_dimensions":"","_coblocks_responsive_height":"","_coblocks_accordion_ie_support":"","_crdt_document":"","_monsterinsights_skip_tracking":false,"_monsterinsights_sitenote_active":false,"_monsterinsights_sitenote_note":"","_monsterinsights_sitenote_category":0},"product_brand":[],"product_cat":[148,22,192],"product_tag":[],"class_list":{"0":"post-9741","1":"product","2":"type-product","3":"status-publish","4":"has-post-thumbnail","6":"product_cat-sky-watcher","7":"product_cat-telescopes","8":"product_cat-telescopes-complets","10":"first","11":"instock","12":"shipping-taxable","13":"purchasable","14":"product-type-simple"},"yoast_head":"<!-- This site is optimized with the Yoast SEO plugin v27.4 - https:\/\/yoast.com\/product\/yoast-seo-wordpress\/ -->\n<title>T\u00e9lescope Sky-Watcher 130\/650 motoris\u00e9e sur monture StarQuest - Astroshop Maroc<\/title>\n<meta name=\"robots\" content=\"index, follow, max-snippet:-1, max-image-preview:large, max-video-preview:-1\" \/>\n<link rel=\"canonical\" href=\"https:\/\/astroshop.ma\/?product=telescope-sky-watcher-130-650-sur-monture-starquest\" \/>\n<meta property=\"og:locale\" content=\"en_US\" \/>\n<meta property=\"og:type\" content=\"article\" \/>\n<meta property=\"og:title\" content=\"T\u00e9lescope Sky-Watcher 130\/650 motoris\u00e9e sur monture StarQuest - Astroshop Maroc\" \/>\n<meta property=\"og:description\" content=\"Tout savoir sur le t\u00e9lescope Sky-Watcher 130\/650 Avec un miroir primaire de 130mm le Newton 130 de Sky-Watcher\u00a0r\u00e9colte 30% de lumi\u00e8re en plus qu&#039;un t\u00e9lescope de 114mm. Sous un ciel bien sombre il est possible de voir plus de d\u00e9tails qu&#039;avec un instrument plus petit. Il promet aux d\u00e9butants d\u00e9sirant investir dans un t\u00e9lescope \u00e0 la fois lumineux, sans \u00eatre co\u00fbteux, de nombreuses soir\u00e9es d&#039;observations riches de d\u00e9couvertes.\u00a0En observation plan\u00e9taire, il r\u00e9v\u00e9lera \u00e0 l&#039;aide d&#039;une Barlow ou d&#039;un oculaire courte focale de\u00a0nombreux d\u00e9tails sur Jupiter, Saturne et la Lune.  Sa conception Newton offre plusieurs avantages par rapport aux autres familles d&#039;instruments (lunettes et t\u00e9lescopes Cassegrain). La fabrication tout d&#039;abord des miroirs est plus \u00e9conomique (miroir parabolique) \u00e0 diam\u00e8tre \u00e9gal et son rapport de focale est g\u00e9n\u00e9ralement plus faible. L&#039;obstruction centrale est aussi plus faible que les t\u00e9lescopes type Cassegrain,\u00a0si la collimation (r\u00e9glage des miroirs) est bien respect\u00e9e, la qualit\u00e9 d&#039;image est bonne en plan\u00e9taire.  La monture \u00e9quatoriale StarQuest offre une bonne stabilit\u00e9 avec le Newton 130\u00a0m\u00eame \u00e0 fort grossissement ainsi qu&#039;une bonne robustesse pour un instrument d&#039;initiation. Elle permet aussi des positionnements fins sur le ciel gr\u00e2ce \u00e0 des flexibles pr\u00e9sents sur chaque axe.\u00a0Deriv\u00e9e de la monture de voyage Star Adventurer\u00a0elle en reprend le design, le syst\u00e8me de serrage sur chaque axe, et la qualit\u00e9 de suivi. T\u00e9lescope Newton 130mm sur monture Star Quest La queue d&#039;aronde m\u00e2le plac\u00e9e sous le tube optique s&#039;adapte sur la queue d&#039;aronde femelle de la monture. La conception en mode \u00e9quatoriale permet apr\u00e8s mise en station (r\u00e9glage simple de l&#039;orientation de la monture vers l&#039;\u00e9toile polaire) de compenser la rotation non pas sur deux axes (monture altazimutale) mais seulement sur un. Un moteur optionnel est ainsi disponible\u00a0#SW0442\u00a0(simple \u00e0 fixer et utiliser)\u00a0il offre un meilleur confort d&#039;utilisation en compensant la rotation terrestre.  &nbsp;  &nbsp;    \u00c9L\u00c9MENTS LIVR\u00c9S   1 T\u00e9lescope Newton 130mm f\/5  1 Monture \u00e9quatoriale Star Quest  2 oculaires coulant 31.75mm : Super 10mm et Super 25mm  1 viseur point rouge  1 Tr\u00e9pied en aluminium r\u00e9glable en hauteur (71cm \u00e0 123cm)  Manuel d&#039;utilisation en fran\u00e7ais\" \/>\n<meta property=\"og:url\" content=\"https:\/\/astroshop.ma\/?product=telescope-sky-watcher-130-650-sur-monture-starquest\" \/>\n<meta property=\"og:site_name\" content=\"Astroshop Maroc\" \/>\n<meta property=\"article:modified_time\" content=\"2025-11-19T08:10:33+00:00\" \/>\n<meta property=\"og:image\" content=\"https:\/\/astroshop.ma\/wp-content\/uploads\/2024\/06\/SW0456-1x1200-1.jpg\" \/>\n\t<meta property=\"og:image:width\" content=\"1200\" \/>\n\t<meta property=\"og:image:height\" content=\"1200\" \/>\n\t<meta property=\"og:image:type\" content=\"image\/jpeg\" \/>\n<meta name=\"twitter:card\" content=\"summary_large_image\" \/>\n<script type=\"application\/ld+json\" class=\"yoast-schema-graph\">{\"@context\":\"https:\\\/\\\/schema.org\",\"@graph\":[{\"@type\":\"WebPage\",\"@id\":\"https:\\\/\\\/astroshop.ma\\\/?product=telescope-sky-watcher-130-650-sur-monture-starquest\",\"url\":\"https:\\\/\\\/astroshop.ma\\\/?product=telescope-sky-watcher-130-650-sur-monture-starquest\",\"name\":\"T\u00e9lescope Sky-Watcher 130\\\/650 motoris\u00e9e sur monture StarQuest - Astroshop Maroc\",\"isPartOf\":{\"@id\":\"https:\\\/\\\/astroshop.ma\\\/#website\"},\"primaryImageOfPage\":{\"@id\":\"https:\\\/\\\/astroshop.ma\\\/?product=telescope-sky-watcher-130-650-sur-monture-starquest#primaryimage\"},\"image\":{\"@id\":\"https:\\\/\\\/astroshop.ma\\\/?product=telescope-sky-watcher-130-650-sur-monture-starquest#primaryimage\"},\"thumbnailUrl\":\"https:\\\/\\\/astroshop.ma\\\/wp-content\\\/uploads\\\/2024\\\/06\\\/SW0456-1x1200-1.jpg\",\"datePublished\":\"2024-06-03T13:06:22+00:00\",\"dateModified\":\"2025-11-19T08:10:33+00:00\",\"breadcrumb\":{\"@id\":\"https:\\\/\\\/astroshop.ma\\\/?product=telescope-sky-watcher-130-650-sur-monture-starquest#breadcrumb\"},\"inLanguage\":\"en-US\",\"potentialAction\":[{\"@type\":\"ReadAction\",\"target\":[\"https:\\\/\\\/astroshop.ma\\\/?product=telescope-sky-watcher-130-650-sur-monture-starquest\"]}]},{\"@type\":\"ImageObject\",\"inLanguage\":\"en-US\",\"@id\":\"https:\\\/\\\/astroshop.ma\\\/?product=telescope-sky-watcher-130-650-sur-monture-starquest#primaryimage\",\"url\":\"https:\\\/\\\/astroshop.ma\\\/wp-content\\\/uploads\\\/2024\\\/06\\\/SW0456-1x1200-1.jpg\",\"contentUrl\":\"https:\\\/\\\/astroshop.ma\\\/wp-content\\\/uploads\\\/2024\\\/06\\\/SW0456-1x1200-1.jpg\",\"width\":1200,\"height\":1200},{\"@type\":\"BreadcrumbList\",\"@id\":\"https:\\\/\\\/astroshop.ma\\\/?product=telescope-sky-watcher-130-650-sur-monture-starquest#breadcrumb\",\"itemListElement\":[{\"@type\":\"ListItem\",\"position\":1,\"name\":\"Home\",\"item\":\"https:\\\/\\\/astroshop.ma\\\/\"},{\"@type\":\"ListItem\",\"position\":2,\"name\":\"Shop\",\"item\":\"https:\\\/\\\/astroshop.ma\\\/?page_id=394\"},{\"@type\":\"ListItem\",\"position\":3,\"name\":\"T\u00e9lescope Sky-Watcher 130\\\/650 motoris\u00e9e sur monture StarQuest\"}]},{\"@type\":\"WebSite\",\"@id\":\"https:\\\/\\\/astroshop.ma\\\/#website\",\"url\":\"https:\\\/\\\/astroshop.ma\\\/\",\"name\":\"Astroshop Maroc\",\"description\":\"Des instruments astronomiques pour chaque astronome au Maroc\",\"publisher\":{\"@id\":\"https:\\\/\\\/astroshop.ma\\\/#organization\"},\"potentialAction\":[{\"@type\":\"SearchAction\",\"target\":{\"@type\":\"EntryPoint\",\"urlTemplate\":\"https:\\\/\\\/astroshop.ma\\\/?s={search_term_string}\"},\"query-input\":{\"@type\":\"PropertyValueSpecification\",\"valueRequired\":true,\"valueName\":\"search_term_string\"}}],\"inLanguage\":\"en-US\"},{\"@type\":\"Organization\",\"@id\":\"https:\\\/\\\/astroshop.ma\\\/#organization\",\"name\":\"Astroshop Maroc\",\"url\":\"https:\\\/\\\/astroshop.ma\\\/\",\"logo\":{\"@type\":\"ImageObject\",\"inLanguage\":\"en-US\",\"@id\":\"https:\\\/\\\/astroshop.ma\\\/#\\\/schema\\\/logo\\\/image\\\/\",\"url\":\"https:\\\/\\\/astroshop.ma\\\/wp-content\\\/uploads\\\/2025\\\/12\\\/M20_Logo_1.jpg\",\"contentUrl\":\"https:\\\/\\\/astroshop.ma\\\/wp-content\\\/uploads\\\/2025\\\/12\\\/M20_Logo_1.jpg\",\"width\":501,\"height\":334,\"caption\":\"Astroshop Maroc\"},\"image\":{\"@id\":\"https:\\\/\\\/astroshop.ma\\\/#\\\/schema\\\/logo\\\/image\\\/\"}}]}<\/script>\n<!-- \/ Yoast SEO plugin. -->","yoast_head_json":{"title":"T\u00e9lescope Sky-Watcher 130\/650 motoris\u00e9e sur monture StarQuest - Astroshop Maroc","robots":{"index":"index","follow":"follow","max-snippet":"max-snippet:-1","max-image-preview":"max-image-preview:large","max-video-preview":"max-video-preview:-1"},"canonical":"https:\/\/astroshop.ma\/?product=telescope-sky-watcher-130-650-sur-monture-starquest","og_locale":"en_US","og_type":"article","og_title":"T\u00e9lescope Sky-Watcher 130\/650 motoris\u00e9e sur monture StarQuest - Astroshop Maroc","og_description":"Tout savoir sur le t\u00e9lescope Sky-Watcher 130\/650 Avec un miroir primaire de 130mm le Newton 130 de Sky-Watcher\u00a0r\u00e9colte 30% de lumi\u00e8re en plus qu'un t\u00e9lescope de 114mm. Sous un ciel bien sombre il est possible de voir plus de d\u00e9tails qu'avec un instrument plus petit. Il promet aux d\u00e9butants d\u00e9sirant investir dans un t\u00e9lescope \u00e0 la fois lumineux, sans \u00eatre co\u00fbteux, de nombreuses soir\u00e9es d'observations riches de d\u00e9couvertes.\u00a0En observation plan\u00e9taire, il r\u00e9v\u00e9lera \u00e0 l'aide d'une Barlow ou d'un oculaire courte focale de\u00a0nombreux d\u00e9tails sur Jupiter, Saturne et la Lune.  Sa conception Newton offre plusieurs avantages par rapport aux autres familles d'instruments (lunettes et t\u00e9lescopes Cassegrain). La fabrication tout d'abord des miroirs est plus \u00e9conomique (miroir parabolique) \u00e0 diam\u00e8tre \u00e9gal et son rapport de focale est g\u00e9n\u00e9ralement plus faible. L'obstruction centrale est aussi plus faible que les t\u00e9lescopes type Cassegrain,\u00a0si la collimation (r\u00e9glage des miroirs) est bien respect\u00e9e, la qualit\u00e9 d'image est bonne en plan\u00e9taire.  La monture \u00e9quatoriale StarQuest offre une bonne stabilit\u00e9 avec le Newton 130\u00a0m\u00eame \u00e0 fort grossissement ainsi qu'une bonne robustesse pour un instrument d'initiation. Elle permet aussi des positionnements fins sur le ciel gr\u00e2ce \u00e0 des flexibles pr\u00e9sents sur chaque axe.\u00a0Deriv\u00e9e de la monture de voyage Star Adventurer\u00a0elle en reprend le design, le syst\u00e8me de serrage sur chaque axe, et la qualit\u00e9 de suivi. T\u00e9lescope Newton 130mm sur monture Star Quest La queue d'aronde m\u00e2le plac\u00e9e sous le tube optique s'adapte sur la queue d'aronde femelle de la monture. La conception en mode \u00e9quatoriale permet apr\u00e8s mise en station (r\u00e9glage simple de l'orientation de la monture vers l'\u00e9toile polaire) de compenser la rotation non pas sur deux axes (monture altazimutale) mais seulement sur un. Un moteur optionnel est ainsi disponible\u00a0#SW0442\u00a0(simple \u00e0 fixer et utiliser)\u00a0il offre un meilleur confort d'utilisation en compensant la rotation terrestre.  &nbsp;  &nbsp;    \u00c9L\u00c9MENTS LIVR\u00c9S   1 T\u00e9lescope Newton 130mm f\/5  1 Monture \u00e9quatoriale Star Quest  2 oculaires coulant 31.75mm : Super 10mm et Super 25mm  1 viseur point rouge  1 Tr\u00e9pied en aluminium r\u00e9glable en hauteur (71cm \u00e0 123cm)  Manuel d'utilisation en fran\u00e7ais","og_url":"https:\/\/astroshop.ma\/?product=telescope-sky-watcher-130-650-sur-monture-starquest","og_site_name":"Astroshop Maroc","article_modified_time":"2025-11-19T08:10:33+00:00","og_image":[{"width":1200,"height":1200,"url":"https:\/\/astroshop.ma\/wp-content\/uploads\/2024\/06\/SW0456-1x1200-1.jpg","type":"image\/jpeg"}],"twitter_card":"summary_large_image","schema":{"@context":"https:\/\/schema.org","@graph":[{"@type":"WebPage","@id":"https:\/\/astroshop.ma\/?product=telescope-sky-watcher-130-650-sur-monture-starquest","url":"https:\/\/astroshop.ma\/?product=telescope-sky-watcher-130-650-sur-monture-starquest","name":"T\u00e9lescope Sky-Watcher 130\/650 motoris\u00e9e sur monture StarQuest - Astroshop Maroc","isPartOf":{"@id":"https:\/\/astroshop.ma\/#website"},"primaryImageOfPage":{"@id":"https:\/\/astroshop.ma\/?product=telescope-sky-watcher-130-650-sur-monture-starquest#primaryimage"},"image":{"@id":"https:\/\/astroshop.ma\/?product=telescope-sky-watcher-130-650-sur-monture-starquest#primaryimage"},"thumbnailUrl":"https:\/\/astroshop.ma\/wp-content\/uploads\/2024\/06\/SW0456-1x1200-1.jpg","datePublished":"2024-06-03T13:06:22+00:00","dateModified":"2025-11-19T08:10:33+00:00","breadcrumb":{"@id":"https:\/\/astroshop.ma\/?product=telescope-sky-watcher-130-650-sur-monture-starquest#breadcrumb"},"inLanguage":"en-US","potentialAction":[{"@type":"ReadAction","target":["https:\/\/astroshop.ma\/?product=telescope-sky-watcher-130-650-sur-monture-starquest"]}]},{"@type":"ImageObject","inLanguage":"en-US","@id":"https:\/\/astroshop.ma\/?product=telescope-sky-watcher-130-650-sur-monture-starquest#primaryimage","url":"https:\/\/astroshop.ma\/wp-content\/uploads\/2024\/06\/SW0456-1x1200-1.jpg","contentUrl":"https:\/\/astroshop.ma\/wp-content\/uploads\/2024\/06\/SW0456-1x1200-1.jpg","width":1200,"height":1200},{"@type":"BreadcrumbList","@id":"https:\/\/astroshop.ma\/?product=telescope-sky-watcher-130-650-sur-monture-starquest#breadcrumb","itemListElement":[{"@type":"ListItem","position":1,"name":"Home","item":"https:\/\/astroshop.ma\/"},{"@type":"ListItem","position":2,"name":"Shop","item":"https:\/\/astroshop.ma\/?page_id=394"},{"@type":"ListItem","position":3,"name":"T\u00e9lescope Sky-Watcher 130\/650 motoris\u00e9e sur monture StarQuest"}]},{"@type":"WebSite","@id":"https:\/\/astroshop.ma\/#website","url":"https:\/\/astroshop.ma\/","name":"Astroshop Maroc","description":"Des instruments astronomiques pour chaque astronome au Maroc","publisher":{"@id":"https:\/\/astroshop.ma\/#organization"},"potentialAction":[{"@type":"SearchAction","target":{"@type":"EntryPoint","urlTemplate":"https:\/\/astroshop.ma\/?s={search_term_string}"},"query-input":{"@type":"PropertyValueSpecification","valueRequired":true,"valueName":"search_term_string"}}],"inLanguage":"en-US"},{"@type":"Organization","@id":"https:\/\/astroshop.ma\/#organization","name":"Astroshop Maroc","url":"https:\/\/astroshop.ma\/","logo":{"@type":"ImageObject","inLanguage":"en-US","@id":"https:\/\/astroshop.ma\/#\/schema\/logo\/image\/","url":"https:\/\/astroshop.ma\/wp-content\/uploads\/2025\/12\/M20_Logo_1.jpg","contentUrl":"https:\/\/astroshop.ma\/wp-content\/uploads\/2025\/12\/M20_Logo_1.jpg","width":501,"height":334,"caption":"Astroshop Maroc"},"image":{"@id":"https:\/\/astroshop.ma\/#\/schema\/logo\/image\/"}}]}},"_links":{"self":[{"href":"https:\/\/astroshop.ma\/index.php?rest_route=\/wp\/v2\/product\/9741","targetHints":{"allow":["GET"]}}],"collection":[{"href":"https:\/\/astroshop.ma\/index.php?rest_route=\/wp\/v2\/product"}],"about":[{"href":"https:\/\/astroshop.ma\/index.php?rest_route=\/wp\/v2\/types\/product"}],"wp:featuredmedia":[{"embeddable":true,"href":"https:\/\/astroshop.ma\/index.php?rest_route=\/wp\/v2\/media\/9744"}],"wp:attachment":[{"href":"https:\/\/astroshop.ma\/index.php?rest_route=%2Fwp%2Fv2%2Fmedia&parent=9741"}],"wp:term":[{"taxonomy":"product_brand","embeddable":true,"href":"https:\/\/astroshop.ma\/index.php?rest_route=%2Fwp%2Fv2%2Fproduct_brand&post=9741"},{"taxonomy":"product_cat","embeddable":true,"href":"https:\/\/astroshop.ma\/index.php?rest_route=%2Fwp%2Fv2%2Fproduct_cat&post=9741"},{"taxonomy":"product_tag","embeddable":true,"href":"https:\/\/astroshop.ma\/index.php?rest_route=%2Fwp%2Fv2%2Fproduct_tag&post=9741"}],"curies":[{"name":"wp","href":"https:\/\/api.w.org\/{rel}","templated":true}]}}