{"id":9330,"date":"2024-03-13T18:12:44","date_gmt":"2024-03-13T18:12:44","guid":{"rendered":"https:\/\/astroshop.ma\/?post_type=product&#038;p=9330"},"modified":"2025-01-25T11:08:33","modified_gmt":"2025-01-25T11:08:33","slug":"9330","status":"publish","type":"product","link":"https:\/\/astroshop.ma\/?product=9330","title":{"rendered":"Microscope Olympus CX33 trino, l, plan, achro, 40x,100x, 400x, LED"},"content":{"rendered":"<table style=\"width: 100%; border-collapse: collapse; text-align: left; font-family: Arial, sans-serif;\" border=\"1\">\n<thead>\n<tr style=\"background-color: #f2f2f2;\">\n<th colspan=\"2\">Sp\u00e9cifications<\/th>\n<\/tr>\n<\/thead>\n<tbody>\n<tr>\n<td><strong>Optique<\/strong><\/td>\n<td><\/td>\n<\/tr>\n<tr>\n<td>Nombre de objectives<\/td>\n<td>3<\/td>\n<\/tr>\n<tr>\n<td><strong>\u00c9clairage<\/strong><\/td>\n<td><\/td>\n<\/tr>\n<tr>\n<td>Lumi\u00e8re transmise<\/td>\n<td>Oui<\/td>\n<\/tr>\n<tr>\n<td>Courbure de champ<\/td>\n<td>Plan<\/td>\n<\/tr>\n<tr>\n<td>Corrig\u00e9 \u00e0 l&#8217;infini<\/td>\n<td>Oui<\/td>\n<\/tr>\n<tr>\n<td>Suspension<\/td>\n<td>Oui<\/td>\n<\/tr>\n<tr>\n<td>Type de lampe<\/td>\n<td>LED<\/td>\n<\/tr>\n<tr>\n<td><strong>Condenseur<\/strong><\/td>\n<td>Abbe<\/td>\n<\/tr>\n<tr>\n<td>Objectif 1<\/td>\n<td>Plan Achromat C 4x, NA 0.10, AA = 18.5 mm<\/td>\n<\/tr>\n<tr>\n<td>Objectif 2<\/td>\n<td>Plan Achromat C 10x, NA 0.25, AA = 10.5 mm<\/td>\n<\/tr>\n<tr>\n<td>Objectif 3<\/td>\n<td>Plan Achromat C 40x, NA 0.65, AA = 0.60 mm (specimen protection)<\/td>\n<\/tr>\n<tr>\n<td><strong>Oculaire<\/strong><\/td>\n<td>10x\/22<\/td>\n<\/tr>\n<tr>\n<td>Grossissement<\/td>\n<td>4, 10, 40<\/td>\n<\/tr>\n<tr>\n<td>Syst\u00e8me optique<\/td>\n<td>Infini<\/td>\n<\/tr>\n<tr>\n<td>Type de l\u00b4objective<\/td>\n<td>Plan, achromatique<\/td>\n<\/tr>\n<tr>\n<td><strong>Capacit\u00e9<\/strong><\/td>\n<td><\/td>\n<\/tr>\n<tr>\n<td>Echelle de l\u00b4image<\/td>\n<td>4, 10, 40<\/td>\n<\/tr>\n<tr>\n<td>Lumi\u00e8re transmise<\/td>\n<td>Oui<\/td>\n<\/tr>\n<tr>\n<td>Commande de luminosit\u00e9<\/td>\n<td>Oui<\/td>\n<\/tr>\n<tr>\n<td>Type de lampe<\/td>\n<td>LED<\/td>\n<\/tr>\n<tr>\n<td>Fond clair<\/td>\n<td>Oui<\/td>\n<\/tr>\n<tr>\n<td><strong>Syst\u00e8me m\u00e9canique<\/strong><\/td>\n<td><\/td>\n<\/tr>\n<tr>\n<td>Platine porte-objet<\/td>\n<td>Platine \u00e0 chariot crois\u00e9<\/td>\n<\/tr>\n<tr>\n<td>Mise au point<\/td>\n<td>Mouvement rapide \/ fin<\/td>\n<\/tr>\n<tr>\n<td>Posture d&#8217;observation (\u00b0)<\/td>\n<td>Vis\u00e9e oblique 30\u00b0<\/td>\n<\/tr>\n<tr>\n<td>Type de construction<\/td>\n<td>Trinoculaire<\/td>\n<\/tr>\n<tr>\n<td>Revolver<\/td>\n<td>4<\/td>\n<\/tr>\n<tr>\n<td><strong>Particularit\u00e9s<\/strong><\/td>\n<td><\/td>\n<\/tr>\n<tr>\n<td>Diaphragme de champ lumineux<\/td>\n<td>Oui<\/td>\n<\/tr>\n<tr>\n<td>Sac de protection contre la poussi\u00e8re<\/td>\n<td>Oui<\/td>\n<\/tr>\n<tr>\n<td>Platine de centrage<\/td>\n<td>Oui<\/td>\n<\/tr>\n<tr>\n<td>Oculaire grand champ<\/td>\n<td>Oui (10x\/22)<\/td>\n<\/tr>\n<tr>\n<td><strong>Donn\u00e9es g\u00e9n\u00e9rales<\/strong><\/td>\n<td><\/td>\n<\/tr>\n<tr>\n<td>Largeur (mm)<\/td>\n<td>211<\/td>\n<\/tr>\n<tr>\n<td>Hauteur (mm)<\/td>\n<td>430<\/td>\n<\/tr>\n<tr>\n<td>Poids (g)<\/td>\n<td>8<\/td>\n<\/tr>\n<tr>\n<td>Longueur (mm)<\/td>\n<td>397<\/td>\n<\/tr>\n<tr>\n<td>S\u00e9rie<\/td>\n<td>CX33<\/td>\n<\/tr>\n<tr>\n<td><strong>Domaine d&#8217;expertise<\/strong><\/td>\n<td><\/td>\n<\/tr>\n<tr>\n<td>M\u00e9decine<\/td>\n<td>Oui<\/td>\n<\/tr>\n<\/tbody>\n<\/table>\n","protected":false},"excerpt":{"rendered":"<div class=\"display-flex fd-column\">\n<div id=\"description\" class=\"cnt-text-box\">\n<h2><img loading=\"lazy\" decoding=\"async\" class=\"alignnone size-full wp-image-9332\" src=\"https:\/\/astroshop.ma\/wp-content\/uploads\/2024\/03\/Evident-Olympus.jpg\" alt=\"\" width=\"300\" height=\"150\" srcset=\"https:\/\/astroshop.ma\/wp-content\/uploads\/2024\/03\/Evident-Olympus.jpg 300w, https:\/\/astroshop.ma\/wp-content\/uploads\/2024\/03\/Evident-Olympus-64x32.jpg 64w\" sizes=\"auto, (max-width: 300px) 100vw, 300px\" \/><\/h2>\n<\/div>\n<h2 class=\"hdl-01\">Description du produit<\/h2>\n<div class=\"text-justify\">\n<div>\n<p>Microscope Olympus CX33 Commande \u00e0 gauche (E07MIS0049)<\/p>\n<p>&nbsp;<\/p>\n<p>Kit microscope vertical pour l&#8217;observation en lumi\u00e8re transmise et r\u00e9fl\u00e9chie.<\/p>\n<ul>\n<li>\u00c9clairage LED int\u00e9gr\u00e9<\/li>\n<li>Tourelle revolver basse \u00e0 4 positions<\/li>\n<li>Table en croix (211 x 154 mm, plage de d\u00e9placement 76 x 52 mm) avec commande de table basse\u00a0<b>\u00e0 gauche<\/b>, blocage de la table et support pour une pr\u00e9paration standard<\/li>\n<li>Condenseur Abbe avec diaphragme d&#8217;ouverture et NA 1,25.<\/li>\n<li>Commande coaxiale de mise au point rapide et fine, plage de mise au point 15 mm<\/li>\n<li>Tube trinoculaire (angle de vision de 30\u00b0, distance interpupillaire r\u00e9glable de 48 \u00e0 75 mm, r\u00e9glage dioptrique bilat\u00e9ral)<\/li>\n<li>Indice de champ 20 (fix\u00e9 par vis)<\/li>\n<li>Achromat plan 4x, NA = 0,1, AA = 27,8 mm, DK= &#8211;<\/li>\n<li>Achromat plan 10x, NA = 0,25, AA = 8 mm, DK= &#8211; ;<\/li>\n<li>Achromat plan 40x, NA = 0,65, AA = 0,60 mm, DK = 0,17<\/li>\n<\/ul>\n<p>&nbsp;<\/p>\n<p>Tous les objectifs et oculaires ont subi un traitement antifongique<\/p>\n<p><b>Composantes incluses :<\/b><\/p>\n<ul>\n<li>Microscope CX33LTFS2-1-2 (N5731600)<\/li>\n<li>Housse anti-poussi\u00e8re (038159)<\/li>\n<li>C\u00e2ble d&#8217;alimentation UYCP (035425)<\/li>\n<\/ul>\n<\/div>\n<h2 class=\"hdl-01\">T\u00e9l\u00e9chargements<\/h2>\n<div class=\"display-flex fw-wrap\"><a class=\"display-flex ai-center mar-32r\" href=\"https:\/\/www.astroshop.de\/Produktdownloads\/53986_CX43_CX33.pdf\" target=\"_blank\" rel=\"noopener\"><img decoding=\"async\" class=\"mar-8r pad-4v\" src=\"https:\/\/www.astroshop.de\/img2601c40e6\/acrobat-logo.jpg\" alt=\"\" \/>Brochure (EN)<\/a><\/div>\n<\/div>\n<div id=\"description\" class=\"cnt-text-box\">\n<div class=\"text-justify\">\n<p>&nbsp;<\/p>\n<\/div>\n<\/div>\n<div class=\"gtc-container gtc-container-hidden\" data-action=\"gtc-container\">\n<div id=\"specifications\" class=\"page-container\">\n<div class=\"auto-col-container clearfix\">\n<div class=\"single-col\"><\/div>\n<\/div>\n<\/div>\n<\/div>\n<div class=\"gtc-container gtc-container-hidden\" data-action=\"gtc-container\">\n<div class=\"gtc-gradient gtc-gradient-hidden\" data-action=\"gtc-btn\">\n<div class=\"gtc-text classic-link\">\n<div data-action=\"gtc-text\" data-gtcid=\"accessories\"><\/div>\n<\/div>\n<\/div>\n<\/div>\n<\/div>\n<div class=\"display-flex fd-column hide-below-bp2\">\n<div class=\"cnt-text-box\">\n<div class=\"pad-8\">\n<div class=\"cursor-zoomin\" data-type=\"btn-js\" data-action=\"opengallery-0\"><img decoding=\"async\" src=\"https:\/\/www.astroshop.eu\/Produktbilder\/big\/53986_1.jpg\" alt=\"Evident Olympus Microscope Olympus CX33 trino, l, plan, achro, 40x,100x, 400x, LED\" \/><\/div>\n<\/div>\n<\/div>\n<\/div>\n","protected":false},"featured_media":9331,"template":"","meta":{"_editorskit_title_hidden":false,"_editorskit_reading_time":0,"_editorskit_is_block_options_detached":false,"_editorskit_block_options_position":"{}","_coblocks_attr":"","_coblocks_dimensions":"","_coblocks_responsive_height":"","_coblocks_accordion_ie_support":"","_crdt_document":"","_monsterinsights_skip_tracking":false,"_monsterinsights_sitenote_active":false,"_monsterinsights_sitenote_note":"","_monsterinsights_sitenote_category":0},"product_brand":[],"product_cat":[28],"product_tag":[],"class_list":{"0":"post-9330","1":"product","2":"type-product","3":"status-publish","4":"has-post-thumbnail","6":"product_cat-microscopes","8":"first","9":"instock","10":"shipping-taxable","11":"purchasable","12":"product-type-simple"},"yoast_head":"<!-- This site is optimized with the Yoast SEO plugin v27.4 - https:\/\/yoast.com\/product\/yoast-seo-wordpress\/ -->\n<title>Microscope Olympus CX33 trino, l, plan, achro, 40x,100x, 400x, LED - Astroshop Maroc<\/title>\n<meta name=\"robots\" content=\"index, follow, max-snippet:-1, max-image-preview:large, max-video-preview:-1\" \/>\n<link rel=\"canonical\" href=\"https:\/\/astroshop.ma\/?product=9330\" \/>\n<meta property=\"og:locale\" content=\"en_US\" \/>\n<meta property=\"og:type\" content=\"article\" \/>\n<meta property=\"og:title\" content=\"Microscope Olympus CX33 trino, l, plan, achro, 40x,100x, 400x, LED - Astroshop Maroc\" \/>\n<meta property=\"og:description\" content=\"Description du produit    Microscope Olympus CX33 Commande \u00e0 gauche (E07MIS0049)  &nbsp;  Kit microscope vertical pour l&#039;observation en lumi\u00e8re transmise et r\u00e9fl\u00e9chie.   \u00c9clairage LED int\u00e9gr\u00e9  Tourelle revolver basse \u00e0 4 positions  Table en croix (211 x 154 mm, plage de d\u00e9placement 76 x 52 mm) avec commande de table basse\u00a0\u00e0 gauche, blocage de la table et support pour une pr\u00e9paration standard  Condenseur Abbe avec diaphragme d&#039;ouverture et NA 1,25.  Commande coaxiale de mise au point rapide et fine, plage de mise au point 15 mm  Tube trinoculaire (angle de vision de 30\u00b0, distance interpupillaire r\u00e9glable de 48 \u00e0 75 mm, r\u00e9glage dioptrique bilat\u00e9ral)  Indice de champ 20 (fix\u00e9 par vis)  Achromat plan 4x, NA = 0,1, AA = 27,8 mm, DK= -  Achromat plan 10x, NA = 0,25, AA = 8 mm, DK= - ;  Achromat plan 40x, NA = 0,65, AA = 0,60 mm, DK = 0,17  &nbsp;  Tous les objectifs et oculaires ont subi un traitement antifongique  Composantes incluses :   Microscope CX33LTFS2-1-2 (N5731600)  Housse anti-poussi\u00e8re (038159)  C\u00e2ble d&#039;alimentation UYCP (035425)   T\u00e9l\u00e9chargements Brochure (EN)     &nbsp;\" \/>\n<meta property=\"og:url\" content=\"https:\/\/astroshop.ma\/?product=9330\" \/>\n<meta property=\"og:site_name\" content=\"Astroshop Maroc\" \/>\n<meta property=\"article:modified_time\" content=\"2025-01-25T11:08:33+00:00\" \/>\n<meta property=\"og:image\" content=\"https:\/\/astroshop.ma\/wp-content\/uploads\/2024\/03\/Evident-Olympus-Microscope-Olympus-CX33-trino-l-plan-achro-40x-100x-400x-LED.jpg\" \/>\n\t<meta property=\"og:image:width\" content=\"800\" \/>\n\t<meta property=\"og:image:height\" content=\"800\" \/>\n\t<meta property=\"og:image:type\" content=\"image\/jpeg\" \/>\n<meta name=\"twitter:card\" content=\"summary_large_image\" \/>\n<meta name=\"twitter:label1\" content=\"Est. reading time\" \/>\n\t<meta name=\"twitter:data1\" content=\"1 minute\" \/>\n<script type=\"application\/ld+json\" class=\"yoast-schema-graph\">{\"@context\":\"https:\\\/\\\/schema.org\",\"@graph\":[{\"@type\":\"WebPage\",\"@id\":\"https:\\\/\\\/astroshop.ma\\\/?product=9330\",\"url\":\"https:\\\/\\\/astroshop.ma\\\/?product=9330\",\"name\":\"Microscope Olympus CX33 trino, l, plan, achro, 40x,100x, 400x, LED - Astroshop Maroc\",\"isPartOf\":{\"@id\":\"https:\\\/\\\/astroshop.ma\\\/#website\"},\"primaryImageOfPage\":{\"@id\":\"https:\\\/\\\/astroshop.ma\\\/?product=9330#primaryimage\"},\"image\":{\"@id\":\"https:\\\/\\\/astroshop.ma\\\/?product=9330#primaryimage\"},\"thumbnailUrl\":\"https:\\\/\\\/astroshop.ma\\\/wp-content\\\/uploads\\\/2024\\\/03\\\/Evident-Olympus-Microscope-Olympus-CX33-trino-l-plan-achro-40x-100x-400x-LED.jpg\",\"datePublished\":\"2024-03-13T18:12:44+00:00\",\"dateModified\":\"2025-01-25T11:08:33+00:00\",\"breadcrumb\":{\"@id\":\"https:\\\/\\\/astroshop.ma\\\/?product=9330#breadcrumb\"},\"inLanguage\":\"en-US\",\"potentialAction\":[{\"@type\":\"ReadAction\",\"target\":[\"https:\\\/\\\/astroshop.ma\\\/?product=9330\"]}]},{\"@type\":\"ImageObject\",\"inLanguage\":\"en-US\",\"@id\":\"https:\\\/\\\/astroshop.ma\\\/?product=9330#primaryimage\",\"url\":\"https:\\\/\\\/astroshop.ma\\\/wp-content\\\/uploads\\\/2024\\\/03\\\/Evident-Olympus-Microscope-Olympus-CX33-trino-l-plan-achro-40x-100x-400x-LED.jpg\",\"contentUrl\":\"https:\\\/\\\/astroshop.ma\\\/wp-content\\\/uploads\\\/2024\\\/03\\\/Evident-Olympus-Microscope-Olympus-CX33-trino-l-plan-achro-40x-100x-400x-LED.jpg\",\"width\":800,\"height\":800},{\"@type\":\"BreadcrumbList\",\"@id\":\"https:\\\/\\\/astroshop.ma\\\/?product=9330#breadcrumb\",\"itemListElement\":[{\"@type\":\"ListItem\",\"position\":1,\"name\":\"Home\",\"item\":\"https:\\\/\\\/astroshop.ma\\\/\"},{\"@type\":\"ListItem\",\"position\":2,\"name\":\"Shop\",\"item\":\"https:\\\/\\\/astroshop.ma\\\/?page_id=394\"},{\"@type\":\"ListItem\",\"position\":3,\"name\":\"Microscope Olympus CX33 trino, l, plan, achro, 40x,100x, 400x, LED\"}]},{\"@type\":\"WebSite\",\"@id\":\"https:\\\/\\\/astroshop.ma\\\/#website\",\"url\":\"https:\\\/\\\/astroshop.ma\\\/\",\"name\":\"Astroshop Maroc\",\"description\":\"Des instruments astronomiques pour chaque astronome au Maroc\",\"publisher\":{\"@id\":\"https:\\\/\\\/astroshop.ma\\\/#organization\"},\"potentialAction\":[{\"@type\":\"SearchAction\",\"target\":{\"@type\":\"EntryPoint\",\"urlTemplate\":\"https:\\\/\\\/astroshop.ma\\\/?s={search_term_string}\"},\"query-input\":{\"@type\":\"PropertyValueSpecification\",\"valueRequired\":true,\"valueName\":\"search_term_string\"}}],\"inLanguage\":\"en-US\"},{\"@type\":\"Organization\",\"@id\":\"https:\\\/\\\/astroshop.ma\\\/#organization\",\"name\":\"Astroshop Maroc\",\"url\":\"https:\\\/\\\/astroshop.ma\\\/\",\"logo\":{\"@type\":\"ImageObject\",\"inLanguage\":\"en-US\",\"@id\":\"https:\\\/\\\/astroshop.ma\\\/#\\\/schema\\\/logo\\\/image\\\/\",\"url\":\"https:\\\/\\\/astroshop.ma\\\/wp-content\\\/uploads\\\/2025\\\/12\\\/M20_Logo_1.jpg\",\"contentUrl\":\"https:\\\/\\\/astroshop.ma\\\/wp-content\\\/uploads\\\/2025\\\/12\\\/M20_Logo_1.jpg\",\"width\":501,\"height\":334,\"caption\":\"Astroshop Maroc\"},\"image\":{\"@id\":\"https:\\\/\\\/astroshop.ma\\\/#\\\/schema\\\/logo\\\/image\\\/\"}}]}<\/script>\n<!-- \/ Yoast SEO plugin. -->","yoast_head_json":{"title":"Microscope Olympus CX33 trino, l, plan, achro, 40x,100x, 400x, LED - Astroshop Maroc","robots":{"index":"index","follow":"follow","max-snippet":"max-snippet:-1","max-image-preview":"max-image-preview:large","max-video-preview":"max-video-preview:-1"},"canonical":"https:\/\/astroshop.ma\/?product=9330","og_locale":"en_US","og_type":"article","og_title":"Microscope Olympus CX33 trino, l, plan, achro, 40x,100x, 400x, LED - Astroshop Maroc","og_description":"Description du produit    Microscope Olympus CX33 Commande \u00e0 gauche (E07MIS0049)  &nbsp;  Kit microscope vertical pour l'observation en lumi\u00e8re transmise et r\u00e9fl\u00e9chie.   \u00c9clairage LED int\u00e9gr\u00e9  Tourelle revolver basse \u00e0 4 positions  Table en croix (211 x 154 mm, plage de d\u00e9placement 76 x 52 mm) avec commande de table basse\u00a0\u00e0 gauche, blocage de la table et support pour une pr\u00e9paration standard  Condenseur Abbe avec diaphragme d'ouverture et NA 1,25.  Commande coaxiale de mise au point rapide et fine, plage de mise au point 15 mm  Tube trinoculaire (angle de vision de 30\u00b0, distance interpupillaire r\u00e9glable de 48 \u00e0 75 mm, r\u00e9glage dioptrique bilat\u00e9ral)  Indice de champ 20 (fix\u00e9 par vis)  Achromat plan 4x, NA = 0,1, AA = 27,8 mm, DK= -  Achromat plan 10x, NA = 0,25, AA = 8 mm, DK= - ;  Achromat plan 40x, NA = 0,65, AA = 0,60 mm, DK = 0,17  &nbsp;  Tous les objectifs et oculaires ont subi un traitement antifongique  Composantes incluses :   Microscope CX33LTFS2-1-2 (N5731600)  Housse anti-poussi\u00e8re (038159)  C\u00e2ble d'alimentation UYCP (035425)   T\u00e9l\u00e9chargements Brochure (EN)     &nbsp;","og_url":"https:\/\/astroshop.ma\/?product=9330","og_site_name":"Astroshop Maroc","article_modified_time":"2025-01-25T11:08:33+00:00","og_image":[{"width":800,"height":800,"url":"https:\/\/astroshop.ma\/wp-content\/uploads\/2024\/03\/Evident-Olympus-Microscope-Olympus-CX33-trino-l-plan-achro-40x-100x-400x-LED.jpg","type":"image\/jpeg"}],"twitter_card":"summary_large_image","twitter_misc":{"Est. reading time":"1 minute"},"schema":{"@context":"https:\/\/schema.org","@graph":[{"@type":"WebPage","@id":"https:\/\/astroshop.ma\/?product=9330","url":"https:\/\/astroshop.ma\/?product=9330","name":"Microscope Olympus CX33 trino, l, plan, achro, 40x,100x, 400x, LED - Astroshop Maroc","isPartOf":{"@id":"https:\/\/astroshop.ma\/#website"},"primaryImageOfPage":{"@id":"https:\/\/astroshop.ma\/?product=9330#primaryimage"},"image":{"@id":"https:\/\/astroshop.ma\/?product=9330#primaryimage"},"thumbnailUrl":"https:\/\/astroshop.ma\/wp-content\/uploads\/2024\/03\/Evident-Olympus-Microscope-Olympus-CX33-trino-l-plan-achro-40x-100x-400x-LED.jpg","datePublished":"2024-03-13T18:12:44+00:00","dateModified":"2025-01-25T11:08:33+00:00","breadcrumb":{"@id":"https:\/\/astroshop.ma\/?product=9330#breadcrumb"},"inLanguage":"en-US","potentialAction":[{"@type":"ReadAction","target":["https:\/\/astroshop.ma\/?product=9330"]}]},{"@type":"ImageObject","inLanguage":"en-US","@id":"https:\/\/astroshop.ma\/?product=9330#primaryimage","url":"https:\/\/astroshop.ma\/wp-content\/uploads\/2024\/03\/Evident-Olympus-Microscope-Olympus-CX33-trino-l-plan-achro-40x-100x-400x-LED.jpg","contentUrl":"https:\/\/astroshop.ma\/wp-content\/uploads\/2024\/03\/Evident-Olympus-Microscope-Olympus-CX33-trino-l-plan-achro-40x-100x-400x-LED.jpg","width":800,"height":800},{"@type":"BreadcrumbList","@id":"https:\/\/astroshop.ma\/?product=9330#breadcrumb","itemListElement":[{"@type":"ListItem","position":1,"name":"Home","item":"https:\/\/astroshop.ma\/"},{"@type":"ListItem","position":2,"name":"Shop","item":"https:\/\/astroshop.ma\/?page_id=394"},{"@type":"ListItem","position":3,"name":"Microscope Olympus CX33 trino, l, plan, achro, 40x,100x, 400x, LED"}]},{"@type":"WebSite","@id":"https:\/\/astroshop.ma\/#website","url":"https:\/\/astroshop.ma\/","name":"Astroshop Maroc","description":"Des instruments astronomiques pour chaque astronome au Maroc","publisher":{"@id":"https:\/\/astroshop.ma\/#organization"},"potentialAction":[{"@type":"SearchAction","target":{"@type":"EntryPoint","urlTemplate":"https:\/\/astroshop.ma\/?s={search_term_string}"},"query-input":{"@type":"PropertyValueSpecification","valueRequired":true,"valueName":"search_term_string"}}],"inLanguage":"en-US"},{"@type":"Organization","@id":"https:\/\/astroshop.ma\/#organization","name":"Astroshop Maroc","url":"https:\/\/astroshop.ma\/","logo":{"@type":"ImageObject","inLanguage":"en-US","@id":"https:\/\/astroshop.ma\/#\/schema\/logo\/image\/","url":"https:\/\/astroshop.ma\/wp-content\/uploads\/2025\/12\/M20_Logo_1.jpg","contentUrl":"https:\/\/astroshop.ma\/wp-content\/uploads\/2025\/12\/M20_Logo_1.jpg","width":501,"height":334,"caption":"Astroshop Maroc"},"image":{"@id":"https:\/\/astroshop.ma\/#\/schema\/logo\/image\/"}}]}},"_links":{"self":[{"href":"https:\/\/astroshop.ma\/index.php?rest_route=\/wp\/v2\/product\/9330","targetHints":{"allow":["GET"]}}],"collection":[{"href":"https:\/\/astroshop.ma\/index.php?rest_route=\/wp\/v2\/product"}],"about":[{"href":"https:\/\/astroshop.ma\/index.php?rest_route=\/wp\/v2\/types\/product"}],"wp:featuredmedia":[{"embeddable":true,"href":"https:\/\/astroshop.ma\/index.php?rest_route=\/wp\/v2\/media\/9331"}],"wp:attachment":[{"href":"https:\/\/astroshop.ma\/index.php?rest_route=%2Fwp%2Fv2%2Fmedia&parent=9330"}],"wp:term":[{"taxonomy":"product_brand","embeddable":true,"href":"https:\/\/astroshop.ma\/index.php?rest_route=%2Fwp%2Fv2%2Fproduct_brand&post=9330"},{"taxonomy":"product_cat","embeddable":true,"href":"https:\/\/astroshop.ma\/index.php?rest_route=%2Fwp%2Fv2%2Fproduct_cat&post=9330"},{"taxonomy":"product_tag","embeddable":true,"href":"https:\/\/astroshop.ma\/index.php?rest_route=%2Fwp%2Fv2%2Fproduct_tag&post=9330"}],"curies":[{"name":"wp","href":"https:\/\/api.w.org\/{rel}","templated":true}]}}