{"id":11244,"date":"2026-02-22T16:13:40","date_gmt":"2026-02-22T16:13:40","guid":{"rendered":"https:\/\/astroshop.ma\/?post_type=product&#038;p=11244"},"modified":"2026-02-22T16:14:36","modified_gmt":"2026-02-22T16:14:36","slug":"monture-am5n-zwo","status":"publish","type":"product","link":"https:\/\/astroshop.ma\/?product=monture-am5n-zwo","title":{"rendered":"Monture AM5N ZWO"},"content":{"rendered":"<h4>Tout savoir sur la monture ZWO AM5N<\/h4>\n<p>Pour la sortie de sa toute premi\u00e8re monture,\u00a0<strong>la soci\u00e9t\u00e9 ZWO adopte le principe novateur de la motorisation \u00e0 entra\u00eenement harmonique<\/strong>, technologie \u00e9prouv\u00e9e, utilis\u00e9e en robotique et dans l&#8217;a\u00e9ronautique, bas\u00e9e sur l&#8217;utilisation de r\u00e9ducteurs elliptiques et de courroies synchrones.\u00a0<strong>La monture AM5N offre ainsi une capacit\u00e9 de charge impressionnante de 15kg<\/strong>\u00a0sans utilisation de contrepoids (20kg en utilisant des contrepoids suppl\u00e9mentaires) pour un poids de seulement 5.5kg. Elle peut \u00eatre utilis\u00e9e, soit en mode azimutal, soit en mode \u00e9quatorial, pilot\u00e9e soit avec une raquette de commande, soit par l&#8217;interm\u00e9diaire d&#8217;une application pour smartphone, soit par ordinateur.<\/p>\n<figure><img decoding=\"async\" title=\"ZWO-monture-AM5-4.jpg\" src=\"https:\/\/www.telescopes-et-accessoires.fr\/img\/cms\/photos\/fiches\/ZWO-monture-AM5-4.webp\" \/><figcaption><strong>Les technologies utilis\u00e9es dans la monture ZWO AM5N sont similaires \u00e0 celles utilis\u00e9es en robotique<\/strong>. Elles donnent des r\u00e9sultats surprenants au premier abord ; la monture para\u00eet nettement sous-dimensionn\u00e9e et mal \u00e9quilibr\u00e9e alors que l&#8217;ensemble est extr\u00eamement robuste et parfaitement stable.<\/figcaption><\/figure>\n<p>Les montures \u00e9quatoriales classiques n\u00e9cessitent l&#8217;utilisation de contrepoids. L&#8217;\u00e9quilibrage est difficile \u00e0 conserver en ascension droite et en d\u00e9clinaison quelle que soit la position du tube. Leur transport et leur stockage sont souvent une \u00e9preuve pour l&#8217;astronome amateur nomade. Certaines montures \u00e0 entra\u00eenement harmonique ont des fonctionnalit\u00e9s trop simplistes, une capacit\u00e9 de charge insuffisante ou un fonctionnement erratique.<\/p>\n<p><strong>NB :<\/strong>\u00a0il est possible d&#8217;ajouter un contrepoids cependant : il faut qu&#8217;il soit inf\u00e9rieur ou \u00e9gal \u00e0\u00a0<a href=\"https:\/\/www.telescopes-et-accessoires.fr\/contrepoids\/8345-contrepoids-5kg-sky-watcher-pour-eq5-eq3-2-3664055001640.html\" target=\"_blank\" rel=\"noopener\">5kg<\/a>, et que la longueur de\u00a0<a href=\"https:\/\/www.telescopes-et-accessoires.fr\/contrepoids\/11104-barre-de-contrepoids-23cm-pour-monture-am5-zwo-0748305559617.html\" target=\"_blank\" rel=\"noopener\">la barre de contrepoids<\/a>\u00a0ne d\u00e9passe pas les 25cm. La capacit\u00e9 de charge maximale est de 20kg.<\/p>\n<h4>Nouveaut\u00e9s de la version &#8220;N&#8221; (G\u00e9n\u00e9ration 2)<\/h4>\n<ul>\n<li><strong>Pilotage d\u00e9sormais possible en Bluetooth<\/strong>\u00a0(depuis l&#8217;APP)<\/li>\n<li><strong>Capacit\u00e9 de charge augment\u00e9e :<\/strong>\u00a0de 13 \u00e0 15kg (sans contrepoids)<\/li>\n<li><strong>Erreur p\u00e9riodique r\u00e9duite :<\/strong>\u00a0\u00e0 +\/- 10&#8243; d&#8217;arc au lieu de 20&#8243; d&#8217;arc<\/li>\n<li><strong>Poids l\u00e9g\u00e8rement augment\u00e9 :<\/strong>\u00a0de 5 \u00e0 5.5kg<\/li>\n<li><strong>Queue d&#8217;aronde femelle modifi\u00e9e :<\/strong>\u00a0elle inclus une sortie (DC) pour alimenter un accessoire et un port Type-C<\/li>\n<li><strong>Evitement de l&#8217;enroulement des c\u00e2bles<\/strong>\u00a0lors de la rotation de l&#8217;axe de d\u00e9clinaison<\/li>\n<li><strong>Facilit\u00e9 d&#8217;utilisation am\u00e9lior\u00e9e :<\/strong>\u00a0avec l&#8217;int\u00e9gration de t\u00eate de vis pour clef hexagonale<\/li>\n<li><strong>Modification du r\u00e9glage en azimut :<\/strong>\u00a0plus intuitif (plus besoin de verrouillage)<\/li>\n<li><strong>Afin de contrer l&#8217;impact des basses temp\u00e9rature en mode EQ<\/strong>, l&#8217;APP peut s&#8217;ouvrir en mode charge \u00e9lev\u00e9e pour am\u00e9liorer efficacement la capacit\u00e9 de charge de l&#8217;appareil<\/li>\n<\/ul>\n<h4>La motorisation \u00e0 entra\u00eenement harmonique<\/h4>\n<p><strong>Ce type de motorisation est bas\u00e9 sur un engrenage \u00e0 onde de d\u00e9formation, compos\u00e9 de 3 \u00e9l\u00e9ments :<\/strong>\u00a0un moyeu elliptique (le g\u00e9n\u00e9rateur d&#8217;onde), une couronne d\u00e9formable li\u00e9e \u00e0 l&#8217;arbre de sortie et une couronne ext\u00e9rieure solidaire du b\u00e2ti de la monture. Cet ensemble constitue un r\u00e9ducteur elliptique qui offre un rapport de transmission tr\u00e8s important, 300:1 dans le cas de la monture ZWO AM5.<\/p>\n<p>La soci\u00e9t\u00e9 ZWO s&#8217;est associ\u00e9e \u00e0 un fabricant de r\u00e9ducteurs reconnu afin de r\u00e9aliser un mod\u00e8le adapt\u00e9 aux besoins de l&#8217;astronomie amateur, y associant notamment une courroie synchrone. Le r\u00e9sultat est un syst\u00e8me d&#8217;entra\u00eenement doux proposant une erreur p\u00e9riodique faible et un couple important.\u00a0<strong>La pr\u00e9cision du guidage atteint 0.5 \u00e0 0.8 seconde d&#8217;arc, id\u00e9ale pour l&#8217;astrophotographie<\/strong>.<\/p>\n<figure><img decoding=\"async\" title=\"ZWO-monture-AM5N-06.jpg\" src=\"https:\/\/www.telescopes-et-accessoires.fr\/img\/cms\/photos\/fiches\/AM5N-06-small-compressed.webp\" \/><figcaption>La monture ZWO AM5N est \u00e9quip\u00e9e d&#8217;un r\u00e9ducteur elliptique sur chacun de ses axes &#8211; Test d&#8217;erreur p\u00e9riodique livr\u00e9 avec chaque monture<\/figcaption><\/figure>\n<h4>Une monture mixte<\/h4>\n<p>La monture ZWO AM5N est utilisable soit en position \u00e9quatoriale, soit en position azimutale.<strong>\u00a0Le basculement \u00e0 vide est extr\u00eamement facile et rapide, du fait de son faible encombrement<\/strong>\u00a0; l&#8217;inclinaison est r\u00e9glable de 0 \u00e0 90\u00b0s. L&#8217;application de commande et les pilotes de la monture prennent en charge les 2 types de fonctionnement.<\/p>\n<figure><img decoding=\"async\" title=\"ZWO-monture-AM5-6.jpg\" src=\"https:\/\/www.telescopes-et-accessoires.fr\/img\/cms\/photos\/fiches\/ZWO-monture-AM5-6.webp\" \/><figcaption>La monture ZWO AM5N est inclinable \u00e0 volont\u00e9, sur une plage allant de 0 \u00e0 90\u00b0<\/figcaption><\/figure>\n<figure><img decoding=\"async\" title=\"ZWO-monture-AM5-5.jpg\" src=\"https:\/\/www.telescopes-et-accessoires.fr\/img\/cms\/photos\/fiches\/ZWO-monture-AM5-5.webp\" \/><figcaption>La position \u00e9quatoriale de la monture ZWO AM5N est indispensable en imagerie, afin de supprimer toute rotation de champ. La position azimutale est plus adapt\u00e9e \u00e0 l&#8217;observation visuelle<\/figcaption><\/figure>\n<h4>Des possibilit\u00e9s de pilotage multiples<\/h4>\n<p>La monture ZWO AM5N dispose d&#8217;une motorisation double axe assurant le suivi, les d\u00e9placements et le guidage. Une raquette de commande \u00e0 joystick est fournie.\u00a0<strong>Elle dispose en outre du pointage automatique, r\u00e9alis\u00e9 par le biais de l&#8217;application sur smartphone ou par le biais de programmes tiers via un pilote ASCOM<\/strong>. La monture est pilotable soit par une connexion Wi-Fi int\u00e9gr\u00e9e, g\u00e9r\u00e9e par une interface web, soit par une connexion filaire, soit dor\u00e9navant en Bluetooth. La mise \u00e0 jour des firmwares de la raquette de commande et de la monture est simple et facile.<\/p>\n<figure><img decoding=\"async\" title=\"ZWO-monture-AM5-7.jpg\" src=\"https:\/\/www.telescopes-et-accessoires.fr\/img\/cms\/photos\/fiches\/ZWO-monture-AM5-7.webp\" \/><figcaption>Une raquette ergonomique \u00e0 joystick permet de commander facilement la motorisation double axe de la monture ZWO AM5N<\/figcaption><\/figure>\n<p><strong>Compatible avec le bo\u00eetier ASIAIR, la monture AM5N s&#8217;int\u00e8gre parfaitement dans une configuration astrophotographique compl\u00e8te<\/strong>\u00a0bas\u00e9e sur les cam\u00e9ras, roues \u00e0 filtres ou moteurs de mise au point de marque ZWO<\/p>\n<p>&nbsp;<\/p>\n<p>&nbsp;<\/p>\n<p>&nbsp;<\/p>\n<h2>\u00c9l\u00e9ments Livr\u00e9s<\/h2>\n<p>&nbsp;<\/p>\n<ul>\n<li>1x Monture ZWO AM5N<\/li>\n<li>1x Raquette de commande \u00e0 joystick<\/li>\n<li>1x Cordon pour raquette de commande (2m)<\/li>\n<li>1x C\u00e2ble USB2.0 &#8211; Type-B vers Type-A (2m)<\/li>\n<li>1x C\u00e2ble USB2.0 &#8211; Type-C vers Type-A (1m)<\/li>\n<li>1x Valise de transport (mousse rigide) pour la monture<\/li>\n<li>Rapport (test) sp\u00e9cifique \u00e0 chaque monture<\/li>\n<\/ul>\n<figure><img decoding=\"async\" title=\"ZWO-monture-AM5N_07.jpg\" src=\"https:\/\/www.telescopes-et-accessoires.fr\/img\/cms\/photos\/fiches\/AM5N-07-small-compressed.webp\" \/><figcaption>El\u00e9ments livr\u00e9s avec la monture ZWO AM5N<\/figcaption><\/figure>\n<p>&nbsp;<\/p>\n<p>&nbsp;<\/p>\n<p>&nbsp;<\/p>\n","protected":false},"excerpt":{"rendered":"<table class=\"table-responsive\">\n<thead>\n<tr>\n<th>Caract\u00e9ristiques<\/th>\n<th>Monture ZWO AM5N<\/th>\n<\/tr>\n<\/thead>\n<tbody>\n<tr>\n<th>Type de monture<\/th>\n<td>Monture \u00e9quatoriale<\/td>\n<\/tr>\n<tr>\n<th>Modes d&#8217;utilisation<\/th>\n<td>Equatorial \/ Azimutal<\/td>\n<\/tr>\n<tr>\n<td class=\"titresection\" colspan=\"2\">M\u00e9canique<\/td>\n<\/tr>\n<tr>\n<th>Capacit\u00e9 de charge<\/th>\n<td>15kg sans contrepoids &#8211; 20kg avec contrepoids optionnels<\/td>\n<\/tr>\n<tr>\n<th>Plage de r\u00e9glage de latitude<\/th>\n<td>0 \u00e0 90\u00b0<\/td>\n<\/tr>\n<tr>\n<th>Plage de r\u00e9glage fin en azimut<\/th>\n<td>plus ou moins 6\u00b0<\/td>\n<\/tr>\n<tr>\n<th>Type de queue d&#8217;aronde<\/th>\n<td>Compatible Losmandy et Vixen<\/td>\n<\/tr>\n<tr>\n<th>Filetage de la barre de contrepoids optionnelle<\/th>\n<td>M12<\/td>\n<\/tr>\n<tr>\n<th>Position d&#8217;initialisation<\/th>\n<td>But\u00e9e m\u00e9canique<\/td>\n<\/tr>\n<tr>\n<td class=\"titresection\" colspan=\"2\">Electronique<\/td>\n<\/tr>\n<tr>\n<th>Entra\u00eenement<\/th>\n<td>R\u00e9ducteurs elliptiques + courroies synchrones (rapport de transmission de 300:1)<\/td>\n<\/tr>\n<tr>\n<th>Motorisation en AD<\/th>\n<td>Moteur pas \u00e0 pas type NEMA42 avec r\u00e9ducteur elliptique + courroie synchrone + frein<\/td>\n<\/tr>\n<tr>\n<th>Motorisation en Dec<\/th>\n<td>Moteur pas \u00e0 pas type NEMA42 avec r\u00e9ducteur elliptique + courroie synchrone<\/td>\n<\/tr>\n<tr>\n<th>Pr\u00e9cision des pas moteur<\/th>\n<td>0.17 secondes d&#8217;arc<\/td>\n<\/tr>\n<tr>\n<th>Erreur p\u00e9riodique native<\/th>\n<td>environ 10 secondes d&#8217;arc<\/td>\n<\/tr>\n<tr>\n<th>Dur\u00e9e de la p\u00e9riode<\/th>\n<td>288s<\/td>\n<\/tr>\n<tr>\n<th>Vitesse de d\u00e9placement maximale<\/th>\n<td>6\u00b0\/seconde<\/td>\n<\/tr>\n<tr>\n<th>Vitesse de d\u00e9placement possibles<\/th>\n<td>0.5x, 1x, 2x, 4x, 8x, 20x, 60x, 720x, 1440x la vitesse sid\u00e9rale<\/td>\n<\/tr>\n<tr>\n<th>Alimentation \u00e9lectrique<\/th>\n<td>12V 3A (fiche d&#8217;alimentation DC5.5-2.1)<\/td>\n<\/tr>\n<tr>\n<th>Consommation \u00e9lectrique<\/th>\n<td>12V\/0.4A (\u00e0 l&#8217;arr\u00eat), 12V\/0.7A (en suivi), 12V\/0.9A (en Goto) &#8211; Max : 12V\/1.7A (lourdes charges)<\/td>\n<\/tr>\n<tr>\n<th>Guidage<\/th>\n<td>Fiche compatible ST4<\/td>\n<\/tr>\n<tr>\n<th>Interface de communication<\/th>\n<td>USB \/ Wi-Fi \/ Bluetooth<\/td>\n<\/tr>\n<tr>\n<th>S\u00e9curit\u00e9<\/th>\n<td>Frein de protection en cas de coupure \u00e9lectrique intempestive<\/td>\n<\/tr>\n<tr>\n<td class=\"titresection\" colspan=\"2\">Physique<\/td>\n<\/tr>\n<tr>\n<th>Poids<\/th>\n<td>5.5kg<\/td>\n<\/tr>\n<tr>\n<th>Conditions d&#8217;utilisation<\/th>\n<td>-20\u00b0C \u00e0 +40\u00b0C<\/td>\n<\/tr>\n<\/tbody>\n<\/table>\n<p>&nbsp;<\/p>\n<p><img decoding=\"async\" src=\"https:\/\/www.telescopes-et-accessoires.fr\/img\/cms\/photos\/fiches\/AM5N-05-small-squoosh.webp\" \/><\/p>\n","protected":false},"featured_media":11245,"template":"","meta":{"_editorskit_title_hidden":false,"_editorskit_reading_time":0,"_editorskit_is_block_options_detached":false,"_editorskit_block_options_position":"{}","_coblocks_attr":"","_coblocks_dimensions":"","_coblocks_responsive_height":"","_coblocks_accordion_ie_support":"","_crdt_document":"","_monsterinsights_skip_tracking":false,"_monsterinsights_sitenote_active":false,"_monsterinsights_sitenote_note":"","_monsterinsights_sitenote_category":0},"product_brand":[206],"product_cat":[31],"product_tag":[],"class_list":{"0":"post-11244","1":"product","2":"type-product","3":"status-publish","4":"has-post-thumbnail","6":"product_brand-zwo","7":"product_cat-mounts-2","9":"first","10":"instock","11":"shipping-taxable","12":"purchasable","13":"product-type-simple"},"yoast_head":"<!-- This site is optimized with the Yoast SEO plugin v27.3 - https:\/\/yoast.com\/product\/yoast-seo-wordpress\/ -->\n<title>Monture AM5N ZWO - Astroshop Maroc<\/title>\n<meta name=\"robots\" content=\"index, follow, max-snippet:-1, max-image-preview:large, max-video-preview:-1\" \/>\n<link rel=\"canonical\" href=\"https:\/\/astroshop.ma\/?product=monture-am5n-zwo\" \/>\n<meta property=\"og:locale\" content=\"en_US\" \/>\n<meta property=\"og:type\" content=\"article\" \/>\n<meta property=\"og:title\" content=\"Monture AM5N ZWO - Astroshop Maroc\" \/>\n<meta property=\"og:description\" content=\"Caract\u00e9ristiques Monture ZWO AM5N     Type de monture Monture \u00e9quatoriale   Modes d&#039;utilisation Equatorial \/ Azimutal   M\u00e9canique   Capacit\u00e9 de charge 15kg sans contrepoids - 20kg avec contrepoids optionnels   Plage de r\u00e9glage de latitude 0 \u00e0 90\u00b0   Plage de r\u00e9glage fin en azimut plus ou moins 6\u00b0   Type de queue d&#039;aronde Compatible Losmandy et Vixen   Filetage de la barre de contrepoids optionnelle M12   Position d&#039;initialisation But\u00e9e m\u00e9canique   Electronique   Entra\u00eenement R\u00e9ducteurs elliptiques + courroies synchrones (rapport de transmission de 300:1)   Motorisation en AD Moteur pas \u00e0 pas type NEMA42 avec r\u00e9ducteur elliptique + courroie synchrone + frein   Motorisation en Dec Moteur pas \u00e0 pas type NEMA42 avec r\u00e9ducteur elliptique + courroie synchrone   Pr\u00e9cision des pas moteur 0.17 secondes d&#039;arc   Erreur p\u00e9riodique native environ 10 secondes d&#039;arc   Dur\u00e9e de la p\u00e9riode 288s   Vitesse de d\u00e9placement maximale 6\u00b0\/seconde   Vitesse de d\u00e9placement possibles 0.5x, 1x, 2x, 4x, 8x, 20x, 60x, 720x, 1440x la vitesse sid\u00e9rale   Alimentation \u00e9lectrique 12V 3A (fiche d&#039;alimentation DC5.5-2.1)   Consommation \u00e9lectrique 12V\/0.4A (\u00e0 l&#039;arr\u00eat), 12V\/0.7A (en suivi), 12V\/0.9A (en Goto) - Max : 12V\/1.7A (lourdes charges)   Guidage Fiche compatible ST4   Interface de communication USB \/ Wi-Fi \/ Bluetooth   S\u00e9curit\u00e9 Frein de protection en cas de coupure \u00e9lectrique intempestive   Physique   Poids 5.5kg   Conditions d&#039;utilisation -20\u00b0C \u00e0 +40\u00b0C    &nbsp;\" \/>\n<meta property=\"og:url\" content=\"https:\/\/astroshop.ma\/?product=monture-am5n-zwo\" \/>\n<meta property=\"og:site_name\" content=\"Astroshop Maroc\" \/>\n<meta property=\"article:modified_time\" content=\"2026-02-22T16:14:36+00:00\" \/>\n<meta property=\"og:image\" content=\"https:\/\/astroshop.ma\/wp-content\/uploads\/2026\/02\/monture-am5n-zwo-1.jpg\" \/>\n\t<meta property=\"og:image:width\" content=\"800\" \/>\n\t<meta property=\"og:image:height\" content=\"800\" \/>\n\t<meta property=\"og:image:type\" content=\"image\/jpeg\" \/>\n<meta name=\"twitter:card\" content=\"summary_large_image\" \/>\n<meta name=\"twitter:label1\" content=\"Est. reading time\" \/>\n\t<meta name=\"twitter:data1\" content=\"5 minutes\" \/>\n<script type=\"application\/ld+json\" class=\"yoast-schema-graph\">{\"@context\":\"https:\\\/\\\/schema.org\",\"@graph\":[{\"@type\":\"WebPage\",\"@id\":\"https:\\\/\\\/astroshop.ma\\\/?product=monture-am5n-zwo\",\"url\":\"https:\\\/\\\/astroshop.ma\\\/?product=monture-am5n-zwo\",\"name\":\"Monture AM5N ZWO - Astroshop Maroc\",\"isPartOf\":{\"@id\":\"https:\\\/\\\/astroshop.ma\\\/#website\"},\"primaryImageOfPage\":{\"@id\":\"https:\\\/\\\/astroshop.ma\\\/?product=monture-am5n-zwo#primaryimage\"},\"image\":{\"@id\":\"https:\\\/\\\/astroshop.ma\\\/?product=monture-am5n-zwo#primaryimage\"},\"thumbnailUrl\":\"https:\\\/\\\/astroshop.ma\\\/wp-content\\\/uploads\\\/2026\\\/02\\\/monture-am5n-zwo-1.jpg\",\"datePublished\":\"2026-02-22T16:13:40+00:00\",\"dateModified\":\"2026-02-22T16:14:36+00:00\",\"breadcrumb\":{\"@id\":\"https:\\\/\\\/astroshop.ma\\\/?product=monture-am5n-zwo#breadcrumb\"},\"inLanguage\":\"en-US\",\"potentialAction\":[{\"@type\":\"ReadAction\",\"target\":[\"https:\\\/\\\/astroshop.ma\\\/?product=monture-am5n-zwo\"]}]},{\"@type\":\"ImageObject\",\"inLanguage\":\"en-US\",\"@id\":\"https:\\\/\\\/astroshop.ma\\\/?product=monture-am5n-zwo#primaryimage\",\"url\":\"https:\\\/\\\/astroshop.ma\\\/wp-content\\\/uploads\\\/2026\\\/02\\\/monture-am5n-zwo-1.jpg\",\"contentUrl\":\"https:\\\/\\\/astroshop.ma\\\/wp-content\\\/uploads\\\/2026\\\/02\\\/monture-am5n-zwo-1.jpg\",\"width\":800,\"height\":800},{\"@type\":\"BreadcrumbList\",\"@id\":\"https:\\\/\\\/astroshop.ma\\\/?product=monture-am5n-zwo#breadcrumb\",\"itemListElement\":[{\"@type\":\"ListItem\",\"position\":1,\"name\":\"Home\",\"item\":\"https:\\\/\\\/astroshop.ma\\\/\"},{\"@type\":\"ListItem\",\"position\":2,\"name\":\"Shop\",\"item\":\"https:\\\/\\\/astroshop.ma\\\/?page_id=394\"},{\"@type\":\"ListItem\",\"position\":3,\"name\":\"Monture AM5N ZWO\"}]},{\"@type\":\"WebSite\",\"@id\":\"https:\\\/\\\/astroshop.ma\\\/#website\",\"url\":\"https:\\\/\\\/astroshop.ma\\\/\",\"name\":\"Astroshop Maroc\",\"description\":\"Des instruments astronomiques pour chaque astronome au Maroc\",\"publisher\":{\"@id\":\"https:\\\/\\\/astroshop.ma\\\/#organization\"},\"potentialAction\":[{\"@type\":\"SearchAction\",\"target\":{\"@type\":\"EntryPoint\",\"urlTemplate\":\"https:\\\/\\\/astroshop.ma\\\/?s={search_term_string}\"},\"query-input\":{\"@type\":\"PropertyValueSpecification\",\"valueRequired\":true,\"valueName\":\"search_term_string\"}}],\"inLanguage\":\"en-US\"},{\"@type\":\"Organization\",\"@id\":\"https:\\\/\\\/astroshop.ma\\\/#organization\",\"name\":\"Astroshop Maroc\",\"url\":\"https:\\\/\\\/astroshop.ma\\\/\",\"logo\":{\"@type\":\"ImageObject\",\"inLanguage\":\"en-US\",\"@id\":\"https:\\\/\\\/astroshop.ma\\\/#\\\/schema\\\/logo\\\/image\\\/\",\"url\":\"https:\\\/\\\/astroshop.ma\\\/wp-content\\\/uploads\\\/2025\\\/12\\\/M20_Logo_1.jpg\",\"contentUrl\":\"https:\\\/\\\/astroshop.ma\\\/wp-content\\\/uploads\\\/2025\\\/12\\\/M20_Logo_1.jpg\",\"width\":501,\"height\":334,\"caption\":\"Astroshop Maroc\"},\"image\":{\"@id\":\"https:\\\/\\\/astroshop.ma\\\/#\\\/schema\\\/logo\\\/image\\\/\"}}]}<\/script>\n<!-- \/ Yoast SEO plugin. -->","yoast_head_json":{"title":"Monture AM5N ZWO - Astroshop Maroc","robots":{"index":"index","follow":"follow","max-snippet":"max-snippet:-1","max-image-preview":"max-image-preview:large","max-video-preview":"max-video-preview:-1"},"canonical":"https:\/\/astroshop.ma\/?product=monture-am5n-zwo","og_locale":"en_US","og_type":"article","og_title":"Monture AM5N ZWO - Astroshop Maroc","og_description":"Caract\u00e9ristiques Monture ZWO AM5N     Type de monture Monture \u00e9quatoriale   Modes d'utilisation Equatorial \/ Azimutal   M\u00e9canique   Capacit\u00e9 de charge 15kg sans contrepoids - 20kg avec contrepoids optionnels   Plage de r\u00e9glage de latitude 0 \u00e0 90\u00b0   Plage de r\u00e9glage fin en azimut plus ou moins 6\u00b0   Type de queue d'aronde Compatible Losmandy et Vixen   Filetage de la barre de contrepoids optionnelle M12   Position d'initialisation But\u00e9e m\u00e9canique   Electronique   Entra\u00eenement R\u00e9ducteurs elliptiques + courroies synchrones (rapport de transmission de 300:1)   Motorisation en AD Moteur pas \u00e0 pas type NEMA42 avec r\u00e9ducteur elliptique + courroie synchrone + frein   Motorisation en Dec Moteur pas \u00e0 pas type NEMA42 avec r\u00e9ducteur elliptique + courroie synchrone   Pr\u00e9cision des pas moteur 0.17 secondes d'arc   Erreur p\u00e9riodique native environ 10 secondes d'arc   Dur\u00e9e de la p\u00e9riode 288s   Vitesse de d\u00e9placement maximale 6\u00b0\/seconde   Vitesse de d\u00e9placement possibles 0.5x, 1x, 2x, 4x, 8x, 20x, 60x, 720x, 1440x la vitesse sid\u00e9rale   Alimentation \u00e9lectrique 12V 3A (fiche d'alimentation DC5.5-2.1)   Consommation \u00e9lectrique 12V\/0.4A (\u00e0 l'arr\u00eat), 12V\/0.7A (en suivi), 12V\/0.9A (en Goto) - Max : 12V\/1.7A (lourdes charges)   Guidage Fiche compatible ST4   Interface de communication USB \/ Wi-Fi \/ Bluetooth   S\u00e9curit\u00e9 Frein de protection en cas de coupure \u00e9lectrique intempestive   Physique   Poids 5.5kg   Conditions d'utilisation -20\u00b0C \u00e0 +40\u00b0C    &nbsp;","og_url":"https:\/\/astroshop.ma\/?product=monture-am5n-zwo","og_site_name":"Astroshop Maroc","article_modified_time":"2026-02-22T16:14:36+00:00","og_image":[{"width":800,"height":800,"url":"https:\/\/astroshop.ma\/wp-content\/uploads\/2026\/02\/monture-am5n-zwo-1.jpg","type":"image\/jpeg"}],"twitter_card":"summary_large_image","twitter_misc":{"Est. reading time":"5 minutes"},"schema":{"@context":"https:\/\/schema.org","@graph":[{"@type":"WebPage","@id":"https:\/\/astroshop.ma\/?product=monture-am5n-zwo","url":"https:\/\/astroshop.ma\/?product=monture-am5n-zwo","name":"Monture AM5N ZWO - Astroshop Maroc","isPartOf":{"@id":"https:\/\/astroshop.ma\/#website"},"primaryImageOfPage":{"@id":"https:\/\/astroshop.ma\/?product=monture-am5n-zwo#primaryimage"},"image":{"@id":"https:\/\/astroshop.ma\/?product=monture-am5n-zwo#primaryimage"},"thumbnailUrl":"https:\/\/astroshop.ma\/wp-content\/uploads\/2026\/02\/monture-am5n-zwo-1.jpg","datePublished":"2026-02-22T16:13:40+00:00","dateModified":"2026-02-22T16:14:36+00:00","breadcrumb":{"@id":"https:\/\/astroshop.ma\/?product=monture-am5n-zwo#breadcrumb"},"inLanguage":"en-US","potentialAction":[{"@type":"ReadAction","target":["https:\/\/astroshop.ma\/?product=monture-am5n-zwo"]}]},{"@type":"ImageObject","inLanguage":"en-US","@id":"https:\/\/astroshop.ma\/?product=monture-am5n-zwo#primaryimage","url":"https:\/\/astroshop.ma\/wp-content\/uploads\/2026\/02\/monture-am5n-zwo-1.jpg","contentUrl":"https:\/\/astroshop.ma\/wp-content\/uploads\/2026\/02\/monture-am5n-zwo-1.jpg","width":800,"height":800},{"@type":"BreadcrumbList","@id":"https:\/\/astroshop.ma\/?product=monture-am5n-zwo#breadcrumb","itemListElement":[{"@type":"ListItem","position":1,"name":"Home","item":"https:\/\/astroshop.ma\/"},{"@type":"ListItem","position":2,"name":"Shop","item":"https:\/\/astroshop.ma\/?page_id=394"},{"@type":"ListItem","position":3,"name":"Monture AM5N ZWO"}]},{"@type":"WebSite","@id":"https:\/\/astroshop.ma\/#website","url":"https:\/\/astroshop.ma\/","name":"Astroshop Maroc","description":"Des instruments astronomiques pour chaque astronome au Maroc","publisher":{"@id":"https:\/\/astroshop.ma\/#organization"},"potentialAction":[{"@type":"SearchAction","target":{"@type":"EntryPoint","urlTemplate":"https:\/\/astroshop.ma\/?s={search_term_string}"},"query-input":{"@type":"PropertyValueSpecification","valueRequired":true,"valueName":"search_term_string"}}],"inLanguage":"en-US"},{"@type":"Organization","@id":"https:\/\/astroshop.ma\/#organization","name":"Astroshop Maroc","url":"https:\/\/astroshop.ma\/","logo":{"@type":"ImageObject","inLanguage":"en-US","@id":"https:\/\/astroshop.ma\/#\/schema\/logo\/image\/","url":"https:\/\/astroshop.ma\/wp-content\/uploads\/2025\/12\/M20_Logo_1.jpg","contentUrl":"https:\/\/astroshop.ma\/wp-content\/uploads\/2025\/12\/M20_Logo_1.jpg","width":501,"height":334,"caption":"Astroshop Maroc"},"image":{"@id":"https:\/\/astroshop.ma\/#\/schema\/logo\/image\/"}}]}},"_links":{"self":[{"href":"https:\/\/astroshop.ma\/index.php?rest_route=\/wp\/v2\/product\/11244","targetHints":{"allow":["GET"]}}],"collection":[{"href":"https:\/\/astroshop.ma\/index.php?rest_route=\/wp\/v2\/product"}],"about":[{"href":"https:\/\/astroshop.ma\/index.php?rest_route=\/wp\/v2\/types\/product"}],"wp:featuredmedia":[{"embeddable":true,"href":"https:\/\/astroshop.ma\/index.php?rest_route=\/wp\/v2\/media\/11245"}],"wp:attachment":[{"href":"https:\/\/astroshop.ma\/index.php?rest_route=%2Fwp%2Fv2%2Fmedia&parent=11244"}],"wp:term":[{"taxonomy":"product_brand","embeddable":true,"href":"https:\/\/astroshop.ma\/index.php?rest_route=%2Fwp%2Fv2%2Fproduct_brand&post=11244"},{"taxonomy":"product_cat","embeddable":true,"href":"https:\/\/astroshop.ma\/index.php?rest_route=%2Fwp%2Fv2%2Fproduct_cat&post=11244"},{"taxonomy":"product_tag","embeddable":true,"href":"https:\/\/astroshop.ma\/index.php?rest_route=%2Fwp%2Fv2%2Fproduct_tag&post=11244"}],"curies":[{"name":"wp","href":"https:\/\/api.w.org\/{rel}","templated":true}]}}