{"id":11239,"date":"2026-02-22T16:04:24","date_gmt":"2026-02-22T16:04:24","guid":{"rendered":"https:\/\/astroshop.ma\/?post_type=product&#038;p=11239"},"modified":"2026-02-22T16:05:09","modified_gmt":"2026-02-22T16:05:09","slug":"monture-sky-watcher-wave-150i-goto-wi-fi","status":"publish","type":"product","link":"https:\/\/astroshop.ma\/?product=monture-sky-watcher-wave-150i-goto-wi-fi","title":{"rendered":"Monture Sky-Watcher Wave 150i GoTo Wi-Fi"},"content":{"rendered":"<h4><a href=\"https:\/\/astroshop.ma\/wp-content\/uploads\/2025\/04\/Skywatcher.jpg\"><img loading=\"lazy\" decoding=\"async\" class=\"alignnone size-full wp-image-10423\" src=\"https:\/\/astroshop.ma\/wp-content\/uploads\/2025\/04\/Skywatcher.jpg\" alt=\"\" width=\"300\" height=\"150\" srcset=\"https:\/\/astroshop.ma\/wp-content\/uploads\/2025\/04\/Skywatcher.jpg 300w, https:\/\/astroshop.ma\/wp-content\/uploads\/2025\/04\/Skywatcher-64x32.jpg 64w\" sizes=\"auto, (max-width: 300px) 100vw, 300px\" \/><\/a><\/h4>\n<h4>Tout savoir sur la monture Sky-Watcher Wave 150i<\/h4>\n<p>Sky-Watcher propose d\u00e9sormais une gamme de monture \u00e0 entra\u00eenement harmonique.\u00a0<strong>Ce nouveau type de montures est r\u00e9volutionnaire car il permet d&#8217;avoir \u00e0 la fois une monture capable de supporter de lourdes charges&#8230; mais l\u00e9g\u00e8re et compacte !<\/strong>\u00a0Ce tour de force est obtenu par une motorisation particuli\u00e8re : l&#8217;utilisation de r\u00e9ducteurs elliptiques et de courroies synchrones, technologie \u00e9prouv\u00e9e, utilis\u00e9e en robotique et dans l&#8217;a\u00e9ronautique.<\/p>\n<p>Le plus grand mod\u00e8le de la s\u00e9rie &#8220;Wave&#8221;, la 150i supporte ainsi 15kg (sans contrepoids) et jusqu&#8217;\u00e0 25kg (avec contrepoids)&#8230;\u00a0<strong>pour un poids inf\u00e9rieur \u00e0 6kg !<\/strong>\u00a0Elle peut \u00eatre utilis\u00e9e, soit en mode azimutal, soit en mode \u00e9quatorial, pilot\u00e9e soit par l&#8217;interm\u00e9diaire d&#8217;une application pour smartphone (Bluetooth \/ Wifi), soit par ordinateur (c\u00e2ble USB).<\/p>\n<figure><img decoding=\"async\" title=\"skywatcher_wave150i-01.jpg\" src=\"https:\/\/www.telescopes-et-accessoires.fr\/img\/cms\/photos\/fiches\/Wave150i-01-compressed.webp\" \/><figcaption>Vue arri\u00e8re de la monture Sky-Watcher Wave 150i<\/figcaption><\/figure>\n<h4>Motorisation \u00e0 entra\u00eenement harmonique<\/h4>\n<p>Ce type de motorisation est bas\u00e9e sur un engrenage \u00e0 onde de d\u00e9formation, compos\u00e9 de 3 \u00e9l\u00e9ments : un moyeu elliptique (le g\u00e9n\u00e9rateur d&#8217;onde), une couronne d\u00e9formable li\u00e9e \u00e0 l&#8217;arbre de sortie et une couronne ext\u00e9rieure solidaire du b\u00e2ti de la monture.\u00a0<strong>Cet ensemble constitue un r\u00e9ducteur elliptique qui offre un rapport de transmission tr\u00e8s important, 300:1 dans le cas de la monture Sky-Watcher 150i<\/strong>. Le rapport poids\/capacit\u00e9 est alors \u00e9tonnant&#8230; la monture \u00e0 premi\u00e8re vue semble sous-dimensionn\u00e9e &#8220;et pourtant, elle tourne&#8221; pour paraphraser Galil\u00e9e.<\/p>\n<figure><img decoding=\"async\" title=\"skywatcher_wave150i-05.jpg\" src=\"https:\/\/www.telescopes-et-accessoires.fr\/img\/cms\/photos\/fiches\/Wave150i-05-compressed.webp\" \/><\/figure>\n<p>Le fort couple obtenu par la motorisation permet\u00a0<strong>d&#8217;entra\u00eener la monture rapidement&#8230; jusqu&#8217;\u00e0 7.5\u00b0\/sec!<\/strong>\u00a0Avec des applications telles que\u00a0<a href=\"https:\/\/www.skywatcher.com\/download\/software\/\" target=\"_blank\" rel=\"noopener\">Satellite Tracker pour Windows<\/a>, compatible avec le SynScan Pro, trackez des satellites pourtant tr\u00e8s rapide&#8230; et m\u00eame la Station Spatiale Internationale (ISS) !<\/p>\n<h4>Syst\u00e8me de pointage automatis\u00e9 Go-To<\/h4>\n<p>La monture Sky-Watcher Wave 150i est utilisable soit en position \u00e9quatoriale, soit en position azimutale. Le basculement \u00e0 vide est extr\u00eamement facile et rapide, du fait de son faible encombrement, l&#8217;inclinaison est r\u00e9glable de 0 \u00e0 90\u00b0.\u00a0<strong>L&#8217;application de commande Sky-Watcher SynScan PRO (sous iOS ou Android) et les pilotes de la monture prennent en charge les 2 types de fonctionnement<\/strong>.<\/p>\n<p>La monture Wave 150i dispose d&#8217;une motorisation double axe assurant : le suivi, les d\u00e9placements et le guidage.\u00a0<strong>Le pointage automatique (GOTO), \u00e0 l&#8217;aide d&#8217;une base de donn\u00e9es de 42 000 objets c\u00e9lestes, est r\u00e9alis\u00e9 par le biais de l&#8217;application sur smartphone ou par le biais de programmes tiers via un pilote ASCOM<\/strong>. Les bo\u00eetiers de contr\u00f4le ZWO ASIAIR, PrimaLuceLab Eagle et d&#8217;autres sont aussi compatibles. La monture est pilotable soit par une connexion Wi-Fi ou Bluetooth int\u00e9gr\u00e9e, g\u00e9r\u00e9e par l&#8217;application, soit par une connexion filaire (USB).<\/p>\n<p>Les riches fonctionnalit\u00e9s de cette monture sont compl\u00e9t\u00e9es par le verrouillage complet de l&#8217;axe RA pour faciliter le montage de contrepoids (optionnel) en toute s\u00e9curit\u00e9 et facilement, la gestion intelligente du c\u00e2blage, le r\u00e9glage des limites RA et DEC ainsi que le r\u00e9glage de la position HOME. La Wave 150i est \u00e9galement \u00e9quip\u00e9e d&#8217;un \u00e9clairage LED rouge pour le niveau \u00e0 bulle et un indicateur de latitude pour faciliter la visualisation m\u00eame dans l&#8217;obscurit\u00e9.<\/p>\n<figure><img decoding=\"async\" title=\"skywatcher_wave150i-07.jpg\" src=\"https:\/\/www.telescopes-et-accessoires.fr\/img\/cms\/photos\/fiches\/Wave150i-07-small-compressed.webp\" \/><figcaption>Configuration (\u00e0 titre d&#8217;exemple) : Lunette Sky-Watcher Esprit 100-ED \/ Monture Wave150i \/ Tr\u00e9pied carbone Sky-Watcher<\/p>\n<h2>\u00c9l\u00e9ments Livr\u00e9s<\/h2>\n<ul>\n<li>1x Monture Sky-Watcher Wave 150i<\/li>\n<li>1x Valise de transport rigide<\/li>\n<li>1x Niveau \u00e0 bulle (\u00e9clairage LED)<\/li>\n<li>1x Prise Allume-Cigare m\u00e2le<\/li>\n<\/ul>\n<\/figcaption><\/figure>\n","protected":false},"excerpt":{"rendered":"<table class=\"table-responsive\">\n<thead>\n<tr>\n<th>Caract\u00e9ristiques<\/th>\n<th>Monture Sky-Watcher Wave 150i<\/th>\n<\/tr>\n<\/thead>\n<tbody>\n<tr>\n<th>Type de monture<\/th>\n<td>Monture \u00e9quatoriale \/ azimutale<\/td>\n<\/tr>\n<tr>\n<td class=\"titresection\" colspan=\"2\">M\u00e9canique<\/td>\n<\/tr>\n<tr>\n<th>Capacit\u00e9 de charge<\/th>\n<td>15kg sans contrepoids &#8211; 25kg avec contrepoids optionnels<\/td>\n<\/tr>\n<tr>\n<th>Plage de r\u00e9glage de latitude<\/th>\n<td>0 \u00e0 90\u00b0<\/td>\n<\/tr>\n<tr>\n<th>Type de queue d&#8217;aronde<\/th>\n<td>Compatible Losmandy et Vixen<\/td>\n<\/tr>\n<tr>\n<th>Position d&#8217;initialisation<\/th>\n<td>But\u00e9e m\u00e9canique<\/td>\n<\/tr>\n<tr>\n<td class=\"titresection\" colspan=\"2\">Electronique<\/td>\n<\/tr>\n<tr>\n<th>Entra\u00eenement<\/th>\n<td>R\u00e9ducteurs elliptiques + courroies synchrones (rapport de transmission de 300:1)<\/td>\n<\/tr>\n<tr>\n<th>Motorisation en AD<\/th>\n<td>Moteur pas \u00e0 pas avec r\u00e9ducteur elliptique + courroie synchrone + frein<\/td>\n<\/tr>\n<tr>\n<th>Motorisation en Dec<\/th>\n<td>Moteur pas \u00e0 pas avec r\u00e9ducteur elliptique + courroie synchrone<\/td>\n<\/tr>\n<tr>\n<th>Vitesse de d\u00e9placement maximale<\/th>\n<td>7.5 degr\u00e9s\/seconde<\/td>\n<\/tr>\n<tr>\n<th>Alimentation \u00e9lectrique<\/th>\n<td>12V-3A minimum (fiche d&#8217;alimentation DC5.5-2.1). 5A recommand\u00e9.<\/td>\n<\/tr>\n<tr>\n<th>Consommation \u00e9lectrique<\/th>\n<td>12V\/0.4A (\u00e0 l&#8217;arr\u00eat), 12V\/1.8A (en Goto)<\/td>\n<\/tr>\n<tr>\n<th>Interface de communication<\/th>\n<td>Bluetooth \/ Wi-Fi<\/td>\n<\/tr>\n<tr>\n<th>Port<\/th>\n<td>USB-B \/ USB-A<\/td>\n<\/tr>\n<tr>\n<th>Guidage<\/th>\n<td>Port-ST4<\/td>\n<\/tr>\n<tr>\n<td class=\"titresection\" colspan=\"2\">Physique<\/td>\n<\/tr>\n<tr>\n<th>Poids<\/th>\n<td>5.8kg<\/td>\n<\/tr>\n<tr>\n<th>Dimensions<\/th>\n<td>158 x 184 x 252mm<\/td>\n<\/tr>\n<tr>\n<th>Conditions d&#8217;utilisation<\/th>\n<td>-10\u00b0C \u00e0 +50\u00b0C<\/td>\n<\/tr>\n<\/tbody>\n<\/table>\n","protected":false},"featured_media":11240,"template":"","meta":{"_editorskit_title_hidden":false,"_editorskit_reading_time":0,"_editorskit_is_block_options_detached":false,"_editorskit_block_options_position":"{}","_coblocks_attr":"","_coblocks_dimensions":"","_coblocks_responsive_height":"","_coblocks_accordion_ie_support":"","_crdt_document":"","_monsterinsights_skip_tracking":false,"_monsterinsights_sitenote_active":false,"_monsterinsights_sitenote_note":"","_monsterinsights_sitenote_category":0},"product_brand":[209],"product_cat":[30,31],"product_tag":[],"class_list":{"0":"post-11239","1":"product","2":"type-product","3":"status-publish","4":"has-post-thumbnail","6":"product_brand-skywatcher","7":"product_cat-mounts-uncategorized","8":"product_cat-mounts-2","10":"first","11":"instock","12":"shipping-taxable","13":"purchasable","14":"product-type-simple"},"yoast_head":"<!-- This site is optimized with the Yoast SEO plugin v27.3 - https:\/\/yoast.com\/product\/yoast-seo-wordpress\/ -->\n<title>Monture Sky-Watcher Wave 150i GoTo Wi-Fi - Astroshop Maroc<\/title>\n<meta name=\"robots\" content=\"index, follow, max-snippet:-1, max-image-preview:large, max-video-preview:-1\" \/>\n<link rel=\"canonical\" href=\"https:\/\/astroshop.ma\/?product=monture-sky-watcher-wave-150i-goto-wi-fi\" \/>\n<meta property=\"og:locale\" content=\"en_US\" \/>\n<meta property=\"og:type\" content=\"article\" \/>\n<meta property=\"og:title\" content=\"Monture Sky-Watcher Wave 150i GoTo Wi-Fi - Astroshop Maroc\" \/>\n<meta property=\"og:description\" content=\"Caract\u00e9ristiques Monture Sky-Watcher Wave 150i     Type de monture Monture \u00e9quatoriale \/ azimutale   M\u00e9canique   Capacit\u00e9 de charge 15kg sans contrepoids - 25kg avec contrepoids optionnels   Plage de r\u00e9glage de latitude 0 \u00e0 90\u00b0   Type de queue d&#039;aronde Compatible Losmandy et Vixen   Position d&#039;initialisation But\u00e9e m\u00e9canique   Electronique   Entra\u00eenement R\u00e9ducteurs elliptiques + courroies synchrones (rapport de transmission de 300:1)   Motorisation en AD Moteur pas \u00e0 pas avec r\u00e9ducteur elliptique + courroie synchrone + frein   Motorisation en Dec Moteur pas \u00e0 pas avec r\u00e9ducteur elliptique + courroie synchrone   Vitesse de d\u00e9placement maximale 7.5 degr\u00e9s\/seconde   Alimentation \u00e9lectrique 12V-3A minimum (fiche d&#039;alimentation DC5.5-2.1). 5A recommand\u00e9.   Consommation \u00e9lectrique 12V\/0.4A (\u00e0 l&#039;arr\u00eat), 12V\/1.8A (en Goto)   Interface de communication Bluetooth \/ Wi-Fi   Port USB-B \/ USB-A   Guidage Port-ST4   Physique   Poids 5.8kg   Dimensions 158 x 184 x 252mm   Conditions d&#039;utilisation -10\u00b0C \u00e0 +50\u00b0C\" \/>\n<meta property=\"og:url\" content=\"https:\/\/astroshop.ma\/?product=monture-sky-watcher-wave-150i-goto-wi-fi\" \/>\n<meta property=\"og:site_name\" content=\"Astroshop Maroc\" \/>\n<meta property=\"article:modified_time\" content=\"2026-02-22T16:05:09+00:00\" \/>\n<meta property=\"og:image\" content=\"https:\/\/astroshop.ma\/wp-content\/uploads\/2026\/02\/monture-sky-watcher-wave-150i-1.png\" \/>\n\t<meta property=\"og:image:width\" content=\"800\" \/>\n\t<meta property=\"og:image:height\" content=\"800\" \/>\n\t<meta property=\"og:image:type\" content=\"image\/png\" \/>\n<meta name=\"twitter:card\" content=\"summary_large_image\" \/>\n<meta name=\"twitter:label1\" content=\"Est. reading time\" \/>\n\t<meta name=\"twitter:data1\" content=\"4 minutes\" \/>\n<script type=\"application\/ld+json\" class=\"yoast-schema-graph\">{\"@context\":\"https:\\\/\\\/schema.org\",\"@graph\":[{\"@type\":\"WebPage\",\"@id\":\"https:\\\/\\\/astroshop.ma\\\/?product=monture-sky-watcher-wave-150i-goto-wi-fi\",\"url\":\"https:\\\/\\\/astroshop.ma\\\/?product=monture-sky-watcher-wave-150i-goto-wi-fi\",\"name\":\"Monture Sky-Watcher Wave 150i GoTo Wi-Fi - Astroshop Maroc\",\"isPartOf\":{\"@id\":\"https:\\\/\\\/astroshop.ma\\\/#website\"},\"primaryImageOfPage\":{\"@id\":\"https:\\\/\\\/astroshop.ma\\\/?product=monture-sky-watcher-wave-150i-goto-wi-fi#primaryimage\"},\"image\":{\"@id\":\"https:\\\/\\\/astroshop.ma\\\/?product=monture-sky-watcher-wave-150i-goto-wi-fi#primaryimage\"},\"thumbnailUrl\":\"https:\\\/\\\/astroshop.ma\\\/wp-content\\\/uploads\\\/2026\\\/02\\\/monture-sky-watcher-wave-150i-1.png\",\"datePublished\":\"2026-02-22T16:04:24+00:00\",\"dateModified\":\"2026-02-22T16:05:09+00:00\",\"breadcrumb\":{\"@id\":\"https:\\\/\\\/astroshop.ma\\\/?product=monture-sky-watcher-wave-150i-goto-wi-fi#breadcrumb\"},\"inLanguage\":\"en-US\",\"potentialAction\":[{\"@type\":\"ReadAction\",\"target\":[\"https:\\\/\\\/astroshop.ma\\\/?product=monture-sky-watcher-wave-150i-goto-wi-fi\"]}]},{\"@type\":\"ImageObject\",\"inLanguage\":\"en-US\",\"@id\":\"https:\\\/\\\/astroshop.ma\\\/?product=monture-sky-watcher-wave-150i-goto-wi-fi#primaryimage\",\"url\":\"https:\\\/\\\/astroshop.ma\\\/wp-content\\\/uploads\\\/2026\\\/02\\\/monture-sky-watcher-wave-150i-1.png\",\"contentUrl\":\"https:\\\/\\\/astroshop.ma\\\/wp-content\\\/uploads\\\/2026\\\/02\\\/monture-sky-watcher-wave-150i-1.png\",\"width\":800,\"height\":800},{\"@type\":\"BreadcrumbList\",\"@id\":\"https:\\\/\\\/astroshop.ma\\\/?product=monture-sky-watcher-wave-150i-goto-wi-fi#breadcrumb\",\"itemListElement\":[{\"@type\":\"ListItem\",\"position\":1,\"name\":\"Home\",\"item\":\"https:\\\/\\\/astroshop.ma\\\/\"},{\"@type\":\"ListItem\",\"position\":2,\"name\":\"Shop\",\"item\":\"https:\\\/\\\/astroshop.ma\\\/?page_id=394\"},{\"@type\":\"ListItem\",\"position\":3,\"name\":\"Monture Sky-Watcher Wave 150i GoTo Wi-Fi\"}]},{\"@type\":\"WebSite\",\"@id\":\"https:\\\/\\\/astroshop.ma\\\/#website\",\"url\":\"https:\\\/\\\/astroshop.ma\\\/\",\"name\":\"Astroshop Maroc\",\"description\":\"Des instruments astronomiques pour chaque astronome au Maroc\",\"publisher\":{\"@id\":\"https:\\\/\\\/astroshop.ma\\\/#organization\"},\"potentialAction\":[{\"@type\":\"SearchAction\",\"target\":{\"@type\":\"EntryPoint\",\"urlTemplate\":\"https:\\\/\\\/astroshop.ma\\\/?s={search_term_string}\"},\"query-input\":{\"@type\":\"PropertyValueSpecification\",\"valueRequired\":true,\"valueName\":\"search_term_string\"}}],\"inLanguage\":\"en-US\"},{\"@type\":\"Organization\",\"@id\":\"https:\\\/\\\/astroshop.ma\\\/#organization\",\"name\":\"Astroshop Maroc\",\"url\":\"https:\\\/\\\/astroshop.ma\\\/\",\"logo\":{\"@type\":\"ImageObject\",\"inLanguage\":\"en-US\",\"@id\":\"https:\\\/\\\/astroshop.ma\\\/#\\\/schema\\\/logo\\\/image\\\/\",\"url\":\"https:\\\/\\\/astroshop.ma\\\/wp-content\\\/uploads\\\/2025\\\/12\\\/M20_Logo_1.jpg\",\"contentUrl\":\"https:\\\/\\\/astroshop.ma\\\/wp-content\\\/uploads\\\/2025\\\/12\\\/M20_Logo_1.jpg\",\"width\":501,\"height\":334,\"caption\":\"Astroshop Maroc\"},\"image\":{\"@id\":\"https:\\\/\\\/astroshop.ma\\\/#\\\/schema\\\/logo\\\/image\\\/\"}}]}<\/script>\n<!-- \/ Yoast SEO plugin. -->","yoast_head_json":{"title":"Monture Sky-Watcher Wave 150i GoTo Wi-Fi - Astroshop Maroc","robots":{"index":"index","follow":"follow","max-snippet":"max-snippet:-1","max-image-preview":"max-image-preview:large","max-video-preview":"max-video-preview:-1"},"canonical":"https:\/\/astroshop.ma\/?product=monture-sky-watcher-wave-150i-goto-wi-fi","og_locale":"en_US","og_type":"article","og_title":"Monture Sky-Watcher Wave 150i GoTo Wi-Fi - Astroshop Maroc","og_description":"Caract\u00e9ristiques Monture Sky-Watcher Wave 150i     Type de monture Monture \u00e9quatoriale \/ azimutale   M\u00e9canique   Capacit\u00e9 de charge 15kg sans contrepoids - 25kg avec contrepoids optionnels   Plage de r\u00e9glage de latitude 0 \u00e0 90\u00b0   Type de queue d'aronde Compatible Losmandy et Vixen   Position d'initialisation But\u00e9e m\u00e9canique   Electronique   Entra\u00eenement R\u00e9ducteurs elliptiques + courroies synchrones (rapport de transmission de 300:1)   Motorisation en AD Moteur pas \u00e0 pas avec r\u00e9ducteur elliptique + courroie synchrone + frein   Motorisation en Dec Moteur pas \u00e0 pas avec r\u00e9ducteur elliptique + courroie synchrone   Vitesse de d\u00e9placement maximale 7.5 degr\u00e9s\/seconde   Alimentation \u00e9lectrique 12V-3A minimum (fiche d'alimentation DC5.5-2.1). 5A recommand\u00e9.   Consommation \u00e9lectrique 12V\/0.4A (\u00e0 l'arr\u00eat), 12V\/1.8A (en Goto)   Interface de communication Bluetooth \/ Wi-Fi   Port USB-B \/ USB-A   Guidage Port-ST4   Physique   Poids 5.8kg   Dimensions 158 x 184 x 252mm   Conditions d'utilisation -10\u00b0C \u00e0 +50\u00b0C","og_url":"https:\/\/astroshop.ma\/?product=monture-sky-watcher-wave-150i-goto-wi-fi","og_site_name":"Astroshop Maroc","article_modified_time":"2026-02-22T16:05:09+00:00","og_image":[{"width":800,"height":800,"url":"https:\/\/astroshop.ma\/wp-content\/uploads\/2026\/02\/monture-sky-watcher-wave-150i-1.png","type":"image\/png"}],"twitter_card":"summary_large_image","twitter_misc":{"Est. reading time":"4 minutes"},"schema":{"@context":"https:\/\/schema.org","@graph":[{"@type":"WebPage","@id":"https:\/\/astroshop.ma\/?product=monture-sky-watcher-wave-150i-goto-wi-fi","url":"https:\/\/astroshop.ma\/?product=monture-sky-watcher-wave-150i-goto-wi-fi","name":"Monture Sky-Watcher Wave 150i GoTo Wi-Fi - Astroshop Maroc","isPartOf":{"@id":"https:\/\/astroshop.ma\/#website"},"primaryImageOfPage":{"@id":"https:\/\/astroshop.ma\/?product=monture-sky-watcher-wave-150i-goto-wi-fi#primaryimage"},"image":{"@id":"https:\/\/astroshop.ma\/?product=monture-sky-watcher-wave-150i-goto-wi-fi#primaryimage"},"thumbnailUrl":"https:\/\/astroshop.ma\/wp-content\/uploads\/2026\/02\/monture-sky-watcher-wave-150i-1.png","datePublished":"2026-02-22T16:04:24+00:00","dateModified":"2026-02-22T16:05:09+00:00","breadcrumb":{"@id":"https:\/\/astroshop.ma\/?product=monture-sky-watcher-wave-150i-goto-wi-fi#breadcrumb"},"inLanguage":"en-US","potentialAction":[{"@type":"ReadAction","target":["https:\/\/astroshop.ma\/?product=monture-sky-watcher-wave-150i-goto-wi-fi"]}]},{"@type":"ImageObject","inLanguage":"en-US","@id":"https:\/\/astroshop.ma\/?product=monture-sky-watcher-wave-150i-goto-wi-fi#primaryimage","url":"https:\/\/astroshop.ma\/wp-content\/uploads\/2026\/02\/monture-sky-watcher-wave-150i-1.png","contentUrl":"https:\/\/astroshop.ma\/wp-content\/uploads\/2026\/02\/monture-sky-watcher-wave-150i-1.png","width":800,"height":800},{"@type":"BreadcrumbList","@id":"https:\/\/astroshop.ma\/?product=monture-sky-watcher-wave-150i-goto-wi-fi#breadcrumb","itemListElement":[{"@type":"ListItem","position":1,"name":"Home","item":"https:\/\/astroshop.ma\/"},{"@type":"ListItem","position":2,"name":"Shop","item":"https:\/\/astroshop.ma\/?page_id=394"},{"@type":"ListItem","position":3,"name":"Monture Sky-Watcher Wave 150i GoTo Wi-Fi"}]},{"@type":"WebSite","@id":"https:\/\/astroshop.ma\/#website","url":"https:\/\/astroshop.ma\/","name":"Astroshop Maroc","description":"Des instruments astronomiques pour chaque astronome au Maroc","publisher":{"@id":"https:\/\/astroshop.ma\/#organization"},"potentialAction":[{"@type":"SearchAction","target":{"@type":"EntryPoint","urlTemplate":"https:\/\/astroshop.ma\/?s={search_term_string}"},"query-input":{"@type":"PropertyValueSpecification","valueRequired":true,"valueName":"search_term_string"}}],"inLanguage":"en-US"},{"@type":"Organization","@id":"https:\/\/astroshop.ma\/#organization","name":"Astroshop Maroc","url":"https:\/\/astroshop.ma\/","logo":{"@type":"ImageObject","inLanguage":"en-US","@id":"https:\/\/astroshop.ma\/#\/schema\/logo\/image\/","url":"https:\/\/astroshop.ma\/wp-content\/uploads\/2025\/12\/M20_Logo_1.jpg","contentUrl":"https:\/\/astroshop.ma\/wp-content\/uploads\/2025\/12\/M20_Logo_1.jpg","width":501,"height":334,"caption":"Astroshop Maroc"},"image":{"@id":"https:\/\/astroshop.ma\/#\/schema\/logo\/image\/"}}]}},"_links":{"self":[{"href":"https:\/\/astroshop.ma\/index.php?rest_route=\/wp\/v2\/product\/11239","targetHints":{"allow":["GET"]}}],"collection":[{"href":"https:\/\/astroshop.ma\/index.php?rest_route=\/wp\/v2\/product"}],"about":[{"href":"https:\/\/astroshop.ma\/index.php?rest_route=\/wp\/v2\/types\/product"}],"wp:featuredmedia":[{"embeddable":true,"href":"https:\/\/astroshop.ma\/index.php?rest_route=\/wp\/v2\/media\/11240"}],"wp:attachment":[{"href":"https:\/\/astroshop.ma\/index.php?rest_route=%2Fwp%2Fv2%2Fmedia&parent=11239"}],"wp:term":[{"taxonomy":"product_brand","embeddable":true,"href":"https:\/\/astroshop.ma\/index.php?rest_route=%2Fwp%2Fv2%2Fproduct_brand&post=11239"},{"taxonomy":"product_cat","embeddable":true,"href":"https:\/\/astroshop.ma\/index.php?rest_route=%2Fwp%2Fv2%2Fproduct_cat&post=11239"},{"taxonomy":"product_tag","embeddable":true,"href":"https:\/\/astroshop.ma\/index.php?rest_route=%2Fwp%2Fv2%2Fproduct_tag&post=11239"}],"curies":[{"name":"wp","href":"https:\/\/api.w.org\/{rel}","templated":true}]}}