{"id":11230,"date":"2026-02-21T15:54:56","date_gmt":"2026-02-21T15:54:56","guid":{"rendered":"https:\/\/astroshop.ma\/?post_type=product&#038;p=11230"},"modified":"2026-02-21T15:54:56","modified_gmt":"2026-02-21T15:54:56","slug":"lunette-takahashi-toa-130nfb-avec-accessoires","status":"publish","type":"product","link":"https:\/\/astroshop.ma\/?product=lunette-takahashi-toa-130nfb-avec-accessoires","title":{"rendered":"Lunette Takahashi TOA-130NFB avec accessoires"},"content":{"rendered":"<p>Le concept Triplet Ortho-Apochromat des lunettes TOA permet d&#8217;associer piqu\u00e9 et contraste extraordinaires. Cette formule optique unique, bas\u00e9e sur un triplet ED \u00e0 fort espacement d&#8217;air, pr\u00e9sente l&#8217;avantage d&#8217;\u00e9liminer totalement l&#8217;aberration sph\u00e9rique tout en ayant la meilleure correction chromatique de la gamme des lunettes Takahashi. La TOA excelle aussi bien en haute r\u00e9solution plan\u00e9taire qu&#8217;en imagerie du ciel profond, en exploitant pleinement les capacit\u00e9s des appareils photo et cam\u00e9ras disposant des plus grands capteurs.<\/p>\n<p>La TOA-130NFB est fournie avec un pare-bu\u00e9e r\u00e9tractable. La cr\u00e9maill\u00e8re surdimensionn\u00e9e de 102 mm de diam\u00e8tre est \u00e9quip\u00e9e d&#8217;une d\u00e9multiplication 1\/7 et d&#8217;un collier rotatif pour le cadrage photographique. Gr\u00e2ce \u00e0 cette configuration, la NFB est r\u00e9solument tourn\u00e9e vers l&#8217;imagerie. Elle permet des montage photo plus robustes notamment avec des cam\u00e9ras CCD de grande taille, sans g\u00e9n\u00e9rer de contraintes m\u00e9caniques. Cette cr\u00e9maill\u00e8re accepte certains accessoires sp\u00e9cifiques, tels que le super-correcteur 67 FL qui offre un cercle image incroyable de 92 mm (60% non vignett\u00e9).<\/p>\n<p>&nbsp;<\/p>\n<p>&nbsp;<\/p>\n<p>&nbsp;<\/p>\n<p>&nbsp;<\/p>\n<p>La lunette Takahashi TOA-130NFB [TOK13200], tube complet, est livr\u00e9e avec les \u00e9l\u00e9ments suivants :<\/p>\n<ul>\n<li>[TOK13210] un tube optique de lunette Takahashi TOA-130NFB<\/li>\n<li>[TKA00552] un chercheur 7&#215;50 r\u00e9ticul\u00e9<\/li>\n<li>[TKA00563] un support de chercheur 7&#215;50<\/li>\n<li>[TKA31420] un collier monobloc (DI 156 mm)<\/li>\n<\/ul>\n","protected":false},"excerpt":{"rendered":"<p>&nbsp;<\/p>\n<h4>Caract\u00e9ristiques optiques<\/h4>\n<p>&nbsp;<\/p>\n<table class=\"table-responsive\">\n<thead>\n<tr>\n<th>Caract\u00e9ristique<\/th>\n<th>Lunette Takahashi TOA-130NFB<\/th>\n<\/tr>\n<\/thead>\n<tbody>\n<tr>\n<th>Objectif<\/th>\n<td>Apochromatique \u00e0 triplet ED<\/td>\n<\/tr>\n<tr>\n<th>Assemblage<\/th>\n<td>Objectif \u00e0 fort espacement d&#8217;air. 3 lentilles\/3 groupes. 2 lentilles en verre ED S-FPL53<\/td>\n<\/tr>\n<tr>\n<th>Traitements<\/th>\n<td>Multicouche dur<\/td>\n<\/tr>\n<tr>\n<th>Diam\u00e8tre utile<\/th>\n<td>130 mm<\/td>\n<\/tr>\n<tr>\n<td class=\"titresection\" colspan=\"2\">Au foyer natif<\/td>\n<\/tr>\n<tr>\n<th>Focale<\/th>\n<td>1000 mm<\/td>\n<\/tr>\n<tr>\n<th>Ouverture relative<\/th>\n<td>F\/D 7,7<\/td>\n<\/tr>\n<tr>\n<th>Backfocus<\/th>\n<td>274,5 mm<\/td>\n<\/tr>\n<tr>\n<td class=\"titresection\" colspan=\"2\">Avec le correcteur de champ TOA-35 FL<\/td>\n<\/tr>\n<tr>\n<th>Focale<\/th>\n<td>980 mm<\/td>\n<\/tr>\n<tr>\n<th>Ouverture relative<\/th>\n<td>F\/D 7,5<\/td>\n<\/tr>\n<tr>\n<th>Diam\u00e8tre du cercle image<\/th>\n<td>40 mm<\/td>\n<\/tr>\n<tr>\n<th>Backfocus<\/th>\n<td>117,5 mm<\/td>\n<\/tr>\n<tr>\n<td class=\"titresection\" colspan=\"2\">Avec le super-correcteur 67 FL<\/td>\n<\/tr>\n<tr>\n<th>Focale<\/th>\n<td>1000 mm<\/td>\n<\/tr>\n<tr>\n<th>Ouverture relative<\/th>\n<td>F\/D 7,7<\/td>\n<\/tr>\n<tr>\n<th>Diam\u00e8tre du cercle image<\/th>\n<td>92 mm<\/td>\n<\/tr>\n<tr>\n<th>Backfocus<\/th>\n<td>106,2 mm<\/td>\n<\/tr>\n<tr>\n<td class=\"titresection\" colspan=\"2\">Avec le r\u00e9ducteur de focale TOA-35 RD<\/td>\n<\/tr>\n<tr>\n<th>Focale<\/th>\n<td>698 mm<\/td>\n<\/tr>\n<tr>\n<th>Ouverture relative<\/th>\n<td>F\/D 5,4<\/td>\n<\/tr>\n<tr>\n<th>Diam\u00e8tre du cercle image<\/th>\n<td>44 mm<\/td>\n<\/tr>\n<tr>\n<th>Backfocus<\/th>\n<td>65,5 mm<\/td>\n<\/tr>\n<tr>\n<td class=\"titresection\" colspan=\"2\">Avec l&#8217;extendeur EXT-ED1.5X<\/td>\n<\/tr>\n<tr>\n<th>Focale<\/th>\n<td>1500 mm<\/td>\n<\/tr>\n<tr>\n<th>Ouverture relative<\/th>\n<td>F\/D 11,5<\/td>\n<\/tr>\n<tr>\n<th>Diam\u00e8tre du cercle image<\/th>\n<td>44 mm<\/td>\n<\/tr>\n<tr>\n<th>Backfocus<\/th>\n<td>117,5 mm<\/td>\n<\/tr>\n<\/tbody>\n<\/table>\n<p>&nbsp;<\/p>\n<h4>Caract\u00e9ristiques m\u00e9caniques<\/h4>\n<table class=\"table-responsive\">\n<thead>\n<tr>\n<th>Caract\u00e9ristique<\/th>\n<th>Lunette Takahashi TOA-130NFB<\/th>\n<\/tr>\n<\/thead>\n<tbody>\n<tr>\n<th>Longueur du tube<\/th>\n<td>1155 mm (1022 mm avec pare-bu\u00e9e r\u00e9tract\u00e9)<\/td>\n<\/tr>\n<tr>\n<th>Diam\u00e8tre du tube<\/th>\n<td>156 mm<\/td>\n<\/tr>\n<tr>\n<th>Poids<\/th>\n<td>12,3 kg<\/td>\n<\/tr>\n<tr>\n<th>Mise au point<\/th>\n<td>Cr\u00e9maill\u00e8re 112 mm (4&#8221;) avec microfocuser 1\/7<\/td>\n<\/tr>\n<\/tbody>\n<\/table>\n","protected":false},"featured_media":11231,"template":"","meta":{"_editorskit_title_hidden":false,"_editorskit_reading_time":0,"_editorskit_is_block_options_detached":false,"_editorskit_block_options_position":"{}","_coblocks_attr":"","_coblocks_dimensions":"","_coblocks_responsive_height":"","_coblocks_accordion_ie_support":"","_crdt_document":"","_monsterinsights_skip_tracking":false,"_monsterinsights_sitenote_active":false,"_monsterinsights_sitenote_note":"","_monsterinsights_sitenote_category":0},"product_brand":[],"product_cat":[212,211,22],"product_tag":[],"class_list":{"0":"post-11230","1":"product","2":"type-product","3":"status-publish","4":"has-post-thumbnail","6":"product_cat-lunette-telescopes","7":"product_cat-lunette","8":"product_cat-telescopes","10":"first","11":"instock","12":"shipping-taxable","13":"purchasable","14":"product-type-simple"},"yoast_head":"<!-- This site is optimized with the Yoast SEO plugin v27.4 - https:\/\/yoast.com\/product\/yoast-seo-wordpress\/ -->\n<title>Lunette Takahashi TOA-130NFB avec accessoires - Astroshop Maroc<\/title>\n<meta name=\"robots\" content=\"index, follow, max-snippet:-1, max-image-preview:large, max-video-preview:-1\" \/>\n<link rel=\"canonical\" href=\"https:\/\/astroshop.ma\/?product=lunette-takahashi-toa-130nfb-avec-accessoires\" \/>\n<meta property=\"og:locale\" content=\"en_US\" \/>\n<meta property=\"og:type\" content=\"article\" \/>\n<meta property=\"og:title\" content=\"Lunette Takahashi TOA-130NFB avec accessoires - Astroshop Maroc\" \/>\n<meta property=\"og:description\" content=\"&nbsp; Caract\u00e9ristiques optiques &nbsp;    Caract\u00e9ristique Lunette Takahashi TOA-130NFB     Objectif Apochromatique \u00e0 triplet ED   Assemblage Objectif \u00e0 fort espacement d&#039;air. 3 lentilles\/3 groupes. 2 lentilles en verre ED S-FPL53   Traitements Multicouche dur   Diam\u00e8tre utile 130 mm   Au foyer natif   Focale 1000 mm   Ouverture relative F\/D 7,7   Backfocus 274,5 mm   Avec le correcteur de champ TOA-35 FL   Focale 980 mm   Ouverture relative F\/D 7,5   Diam\u00e8tre du cercle image 40 mm   Backfocus 117,5 mm   Avec le super-correcteur 67 FL   Focale 1000 mm   Ouverture relative F\/D 7,7   Diam\u00e8tre du cercle image 92 mm   Backfocus 106,2 mm   Avec le r\u00e9ducteur de focale TOA-35 RD   Focale 698 mm   Ouverture relative F\/D 5,4   Diam\u00e8tre du cercle image 44 mm   Backfocus 65,5 mm   Avec l&#039;extendeur EXT-ED1.5X   Focale 1500 mm   Ouverture relative F\/D 11,5   Diam\u00e8tre du cercle image 44 mm   Backfocus 117,5 mm    &nbsp; Caract\u00e9ristiques m\u00e9caniques    Caract\u00e9ristique Lunette Takahashi TOA-130NFB     Longueur du tube 1155 mm (1022 mm avec pare-bu\u00e9e r\u00e9tract\u00e9)   Diam\u00e8tre du tube 156 mm   Poids 12,3 kg   Mise au point Cr\u00e9maill\u00e8re 112 mm (4&#039;&#039;) avec microfocuser 1\/7\" \/>\n<meta property=\"og:url\" content=\"https:\/\/astroshop.ma\/?product=lunette-takahashi-toa-130nfb-avec-accessoires\" \/>\n<meta property=\"og:site_name\" content=\"Astroshop Maroc\" \/>\n<meta property=\"og:image\" content=\"https:\/\/astroshop.ma\/wp-content\/uploads\/2026\/02\/toa-130nfb-tube-complet-d-130mm-f-1000mm-f-77-coulant-508-3175.jpg\" \/>\n\t<meta property=\"og:image:width\" content=\"800\" \/>\n\t<meta property=\"og:image:height\" content=\"800\" \/>\n\t<meta property=\"og:image:type\" content=\"image\/jpeg\" \/>\n<meta name=\"twitter:card\" content=\"summary_large_image\" \/>\n<meta name=\"twitter:label1\" content=\"Est. reading time\" \/>\n\t<meta name=\"twitter:data1\" content=\"2 minutes\" \/>\n<script type=\"application\/ld+json\" class=\"yoast-schema-graph\">{\"@context\":\"https:\\\/\\\/schema.org\",\"@graph\":[{\"@type\":\"WebPage\",\"@id\":\"https:\\\/\\\/astroshop.ma\\\/?product=lunette-takahashi-toa-130nfb-avec-accessoires\",\"url\":\"https:\\\/\\\/astroshop.ma\\\/?product=lunette-takahashi-toa-130nfb-avec-accessoires\",\"name\":\"Lunette Takahashi TOA-130NFB avec accessoires - Astroshop Maroc\",\"isPartOf\":{\"@id\":\"https:\\\/\\\/astroshop.ma\\\/#website\"},\"primaryImageOfPage\":{\"@id\":\"https:\\\/\\\/astroshop.ma\\\/?product=lunette-takahashi-toa-130nfb-avec-accessoires#primaryimage\"},\"image\":{\"@id\":\"https:\\\/\\\/astroshop.ma\\\/?product=lunette-takahashi-toa-130nfb-avec-accessoires#primaryimage\"},\"thumbnailUrl\":\"https:\\\/\\\/astroshop.ma\\\/wp-content\\\/uploads\\\/2026\\\/02\\\/toa-130nfb-tube-complet-d-130mm-f-1000mm-f-77-coulant-508-3175.jpg\",\"datePublished\":\"2026-02-21T15:54:56+00:00\",\"breadcrumb\":{\"@id\":\"https:\\\/\\\/astroshop.ma\\\/?product=lunette-takahashi-toa-130nfb-avec-accessoires#breadcrumb\"},\"inLanguage\":\"en-US\",\"potentialAction\":[{\"@type\":\"ReadAction\",\"target\":[\"https:\\\/\\\/astroshop.ma\\\/?product=lunette-takahashi-toa-130nfb-avec-accessoires\"]}]},{\"@type\":\"ImageObject\",\"inLanguage\":\"en-US\",\"@id\":\"https:\\\/\\\/astroshop.ma\\\/?product=lunette-takahashi-toa-130nfb-avec-accessoires#primaryimage\",\"url\":\"https:\\\/\\\/astroshop.ma\\\/wp-content\\\/uploads\\\/2026\\\/02\\\/toa-130nfb-tube-complet-d-130mm-f-1000mm-f-77-coulant-508-3175.jpg\",\"contentUrl\":\"https:\\\/\\\/astroshop.ma\\\/wp-content\\\/uploads\\\/2026\\\/02\\\/toa-130nfb-tube-complet-d-130mm-f-1000mm-f-77-coulant-508-3175.jpg\",\"width\":800,\"height\":800},{\"@type\":\"BreadcrumbList\",\"@id\":\"https:\\\/\\\/astroshop.ma\\\/?product=lunette-takahashi-toa-130nfb-avec-accessoires#breadcrumb\",\"itemListElement\":[{\"@type\":\"ListItem\",\"position\":1,\"name\":\"Home\",\"item\":\"https:\\\/\\\/astroshop.ma\\\/\"},{\"@type\":\"ListItem\",\"position\":2,\"name\":\"Shop\",\"item\":\"https:\\\/\\\/astroshop.ma\\\/?page_id=394\"},{\"@type\":\"ListItem\",\"position\":3,\"name\":\"Lunette Takahashi TOA-130NFB avec accessoires\"}]},{\"@type\":\"WebSite\",\"@id\":\"https:\\\/\\\/astroshop.ma\\\/#website\",\"url\":\"https:\\\/\\\/astroshop.ma\\\/\",\"name\":\"Astroshop Maroc\",\"description\":\"Des instruments astronomiques pour chaque astronome au Maroc\",\"publisher\":{\"@id\":\"https:\\\/\\\/astroshop.ma\\\/#organization\"},\"potentialAction\":[{\"@type\":\"SearchAction\",\"target\":{\"@type\":\"EntryPoint\",\"urlTemplate\":\"https:\\\/\\\/astroshop.ma\\\/?s={search_term_string}\"},\"query-input\":{\"@type\":\"PropertyValueSpecification\",\"valueRequired\":true,\"valueName\":\"search_term_string\"}}],\"inLanguage\":\"en-US\"},{\"@type\":\"Organization\",\"@id\":\"https:\\\/\\\/astroshop.ma\\\/#organization\",\"name\":\"Astroshop Maroc\",\"url\":\"https:\\\/\\\/astroshop.ma\\\/\",\"logo\":{\"@type\":\"ImageObject\",\"inLanguage\":\"en-US\",\"@id\":\"https:\\\/\\\/astroshop.ma\\\/#\\\/schema\\\/logo\\\/image\\\/\",\"url\":\"https:\\\/\\\/astroshop.ma\\\/wp-content\\\/uploads\\\/2025\\\/12\\\/M20_Logo_1.jpg\",\"contentUrl\":\"https:\\\/\\\/astroshop.ma\\\/wp-content\\\/uploads\\\/2025\\\/12\\\/M20_Logo_1.jpg\",\"width\":501,\"height\":334,\"caption\":\"Astroshop Maroc\"},\"image\":{\"@id\":\"https:\\\/\\\/astroshop.ma\\\/#\\\/schema\\\/logo\\\/image\\\/\"}}]}<\/script>\n<!-- \/ Yoast SEO plugin. -->","yoast_head_json":{"title":"Lunette Takahashi TOA-130NFB avec accessoires - Astroshop Maroc","robots":{"index":"index","follow":"follow","max-snippet":"max-snippet:-1","max-image-preview":"max-image-preview:large","max-video-preview":"max-video-preview:-1"},"canonical":"https:\/\/astroshop.ma\/?product=lunette-takahashi-toa-130nfb-avec-accessoires","og_locale":"en_US","og_type":"article","og_title":"Lunette Takahashi TOA-130NFB avec accessoires - Astroshop Maroc","og_description":"&nbsp; Caract\u00e9ristiques optiques &nbsp;    Caract\u00e9ristique Lunette Takahashi TOA-130NFB     Objectif Apochromatique \u00e0 triplet ED   Assemblage Objectif \u00e0 fort espacement d'air. 3 lentilles\/3 groupes. 2 lentilles en verre ED S-FPL53   Traitements Multicouche dur   Diam\u00e8tre utile 130 mm   Au foyer natif   Focale 1000 mm   Ouverture relative F\/D 7,7   Backfocus 274,5 mm   Avec le correcteur de champ TOA-35 FL   Focale 980 mm   Ouverture relative F\/D 7,5   Diam\u00e8tre du cercle image 40 mm   Backfocus 117,5 mm   Avec le super-correcteur 67 FL   Focale 1000 mm   Ouverture relative F\/D 7,7   Diam\u00e8tre du cercle image 92 mm   Backfocus 106,2 mm   Avec le r\u00e9ducteur de focale TOA-35 RD   Focale 698 mm   Ouverture relative F\/D 5,4   Diam\u00e8tre du cercle image 44 mm   Backfocus 65,5 mm   Avec l'extendeur EXT-ED1.5X   Focale 1500 mm   Ouverture relative F\/D 11,5   Diam\u00e8tre du cercle image 44 mm   Backfocus 117,5 mm    &nbsp; Caract\u00e9ristiques m\u00e9caniques    Caract\u00e9ristique Lunette Takahashi TOA-130NFB     Longueur du tube 1155 mm (1022 mm avec pare-bu\u00e9e r\u00e9tract\u00e9)   Diam\u00e8tre du tube 156 mm   Poids 12,3 kg   Mise au point Cr\u00e9maill\u00e8re 112 mm (4'') avec microfocuser 1\/7","og_url":"https:\/\/astroshop.ma\/?product=lunette-takahashi-toa-130nfb-avec-accessoires","og_site_name":"Astroshop Maroc","og_image":[{"width":800,"height":800,"url":"https:\/\/astroshop.ma\/wp-content\/uploads\/2026\/02\/toa-130nfb-tube-complet-d-130mm-f-1000mm-f-77-coulant-508-3175.jpg","type":"image\/jpeg"}],"twitter_card":"summary_large_image","twitter_misc":{"Est. reading time":"2 minutes"},"schema":{"@context":"https:\/\/schema.org","@graph":[{"@type":"WebPage","@id":"https:\/\/astroshop.ma\/?product=lunette-takahashi-toa-130nfb-avec-accessoires","url":"https:\/\/astroshop.ma\/?product=lunette-takahashi-toa-130nfb-avec-accessoires","name":"Lunette Takahashi TOA-130NFB avec accessoires - Astroshop Maroc","isPartOf":{"@id":"https:\/\/astroshop.ma\/#website"},"primaryImageOfPage":{"@id":"https:\/\/astroshop.ma\/?product=lunette-takahashi-toa-130nfb-avec-accessoires#primaryimage"},"image":{"@id":"https:\/\/astroshop.ma\/?product=lunette-takahashi-toa-130nfb-avec-accessoires#primaryimage"},"thumbnailUrl":"https:\/\/astroshop.ma\/wp-content\/uploads\/2026\/02\/toa-130nfb-tube-complet-d-130mm-f-1000mm-f-77-coulant-508-3175.jpg","datePublished":"2026-02-21T15:54:56+00:00","breadcrumb":{"@id":"https:\/\/astroshop.ma\/?product=lunette-takahashi-toa-130nfb-avec-accessoires#breadcrumb"},"inLanguage":"en-US","potentialAction":[{"@type":"ReadAction","target":["https:\/\/astroshop.ma\/?product=lunette-takahashi-toa-130nfb-avec-accessoires"]}]},{"@type":"ImageObject","inLanguage":"en-US","@id":"https:\/\/astroshop.ma\/?product=lunette-takahashi-toa-130nfb-avec-accessoires#primaryimage","url":"https:\/\/astroshop.ma\/wp-content\/uploads\/2026\/02\/toa-130nfb-tube-complet-d-130mm-f-1000mm-f-77-coulant-508-3175.jpg","contentUrl":"https:\/\/astroshop.ma\/wp-content\/uploads\/2026\/02\/toa-130nfb-tube-complet-d-130mm-f-1000mm-f-77-coulant-508-3175.jpg","width":800,"height":800},{"@type":"BreadcrumbList","@id":"https:\/\/astroshop.ma\/?product=lunette-takahashi-toa-130nfb-avec-accessoires#breadcrumb","itemListElement":[{"@type":"ListItem","position":1,"name":"Home","item":"https:\/\/astroshop.ma\/"},{"@type":"ListItem","position":2,"name":"Shop","item":"https:\/\/astroshop.ma\/?page_id=394"},{"@type":"ListItem","position":3,"name":"Lunette Takahashi TOA-130NFB avec accessoires"}]},{"@type":"WebSite","@id":"https:\/\/astroshop.ma\/#website","url":"https:\/\/astroshop.ma\/","name":"Astroshop Maroc","description":"Des instruments astronomiques pour chaque astronome au Maroc","publisher":{"@id":"https:\/\/astroshop.ma\/#organization"},"potentialAction":[{"@type":"SearchAction","target":{"@type":"EntryPoint","urlTemplate":"https:\/\/astroshop.ma\/?s={search_term_string}"},"query-input":{"@type":"PropertyValueSpecification","valueRequired":true,"valueName":"search_term_string"}}],"inLanguage":"en-US"},{"@type":"Organization","@id":"https:\/\/astroshop.ma\/#organization","name":"Astroshop Maroc","url":"https:\/\/astroshop.ma\/","logo":{"@type":"ImageObject","inLanguage":"en-US","@id":"https:\/\/astroshop.ma\/#\/schema\/logo\/image\/","url":"https:\/\/astroshop.ma\/wp-content\/uploads\/2025\/12\/M20_Logo_1.jpg","contentUrl":"https:\/\/astroshop.ma\/wp-content\/uploads\/2025\/12\/M20_Logo_1.jpg","width":501,"height":334,"caption":"Astroshop Maroc"},"image":{"@id":"https:\/\/astroshop.ma\/#\/schema\/logo\/image\/"}}]}},"_links":{"self":[{"href":"https:\/\/astroshop.ma\/index.php?rest_route=\/wp\/v2\/product\/11230","targetHints":{"allow":["GET"]}}],"collection":[{"href":"https:\/\/astroshop.ma\/index.php?rest_route=\/wp\/v2\/product"}],"about":[{"href":"https:\/\/astroshop.ma\/index.php?rest_route=\/wp\/v2\/types\/product"}],"wp:featuredmedia":[{"embeddable":true,"href":"https:\/\/astroshop.ma\/index.php?rest_route=\/wp\/v2\/media\/11231"}],"wp:attachment":[{"href":"https:\/\/astroshop.ma\/index.php?rest_route=%2Fwp%2Fv2%2Fmedia&parent=11230"}],"wp:term":[{"taxonomy":"product_brand","embeddable":true,"href":"https:\/\/astroshop.ma\/index.php?rest_route=%2Fwp%2Fv2%2Fproduct_brand&post=11230"},{"taxonomy":"product_cat","embeddable":true,"href":"https:\/\/astroshop.ma\/index.php?rest_route=%2Fwp%2Fv2%2Fproduct_cat&post=11230"},{"taxonomy":"product_tag","embeddable":true,"href":"https:\/\/astroshop.ma\/index.php?rest_route=%2Fwp%2Fv2%2Fproduct_tag&post=11230"}],"curies":[{"name":"wp","href":"https:\/\/api.w.org\/{rel}","templated":true}]}}