{"id":11228,"date":"2026-02-21T15:44:27","date_gmt":"2026-02-21T15:44:27","guid":{"rendered":"https:\/\/astroshop.ma\/?post_type=product&#038;p=11228"},"modified":"2026-02-24T12:07:08","modified_gmt":"2026-02-24T12:07:08","slug":"tube-optique-sky-watcher-esprit-80ed-pro-triplet-avec-accessoires","status":"publish","type":"product","link":"https:\/\/astroshop.ma\/?product=tube-optique-sky-watcher-esprit-80ed-pro-triplet-avec-accessoires","title":{"rendered":"Tube optique Sky-Watcher Esprit 80ED Pro triplet avec accessoires"},"content":{"rendered":"<p><img loading=\"lazy\" decoding=\"async\" class=\"alignnone size-full wp-image-10423\" src=\"https:\/\/astroshop.ma\/wp-content\/uploads\/2025\/04\/Skywatcher.jpg\" alt=\"\" width=\"300\" height=\"150\" srcset=\"https:\/\/astroshop.ma\/wp-content\/uploads\/2025\/04\/Skywatcher.jpg 300w, https:\/\/astroshop.ma\/wp-content\/uploads\/2025\/04\/Skywatcher-64x32.jpg 64w\" sizes=\"auto, (max-width: 300px) 100vw, 300px\" \/><\/p>\n<h4>Tout savoir sur la lunette Sky-Watcher Esprit 80ED Pro Triplet<\/h4>\n<p>Con\u00e7u pour l&#8217;astronome amateur averti,\u00a0<strong>les r\u00e9fracteurs Sky-Watcher de la s\u00e9rie ESPRIT atteignent des performances \u00e9quivalentes \u00e0 du mat\u00e9riel haut de gamme<\/strong>. Avec leur design exclusif \u00e0 trois lentilles \u00e0 espace d&#8217;air (&#8220;air-spaced&#8221;),\u00a0<strong>le chromatisme est compl\u00e8tement ma\u00eetris\u00e9, d\u00e9livrant des images au piqu\u00e9 et contraste exceptionnel<\/strong>. &#8220;L&#8217;esprit&#8221; de cette nouvelle gamme r\u00e9side dans un nouvel objectif comprenant un triplet ED haute qualit\u00e9. Gr\u00e2ce \u00e0 un verre central Ohara FPL-53 et deux verres Schott, Sky-Watcher a mis\u00e9 sur le top pour d\u00e9livrer une optique performante en plan\u00e9taire comme en imagerie.\u00a0<strong>De plus le barillet est ajustable contrairement \u00e0 d&#8217;autres fabrications<\/strong>.<\/p>\n<p>L&#8217;utilisation de traitements multi-couches sur toutes les surfaces limite consid\u00e9rablement les pertes dues \u00e0 la travers\u00e9e de l&#8217;objectif, ce qui rend\u00a0<strong>l&#8217;Esprit 80ED lumineuse et plus contrast\u00e9e que des lunettes classiques moins bien corrig\u00e9es<\/strong>. Le traitement &#8220;Metallic High-Transmission&#8221; (MHC) est d\u00e9pos\u00e9 sur les surfaces air-verre assurant des r\u00e9sultats \u00e9poustouflants (<strong>transmission proche de 99.5%<\/strong>).<\/p>\n<figure><img decoding=\"async\" title=\"Lunette Sky-Watcher Esprit 80ED Pro Triplet\" src=\"https:\/\/www.telescopes-et-accessoires.fr\/img\/cms\/photos\/fiches\/SW0311-01-small.webp\" alt=\"lunette_esprit80ED_01.jpg\" \/><figcaption>Lunette Sky-Watcher Esprit 80ED Pro Triplet<\/figcaption><\/figure>\n<p><strong>Un correcteur de champ est inclus en standard<\/strong>, il est vissant (moins de flexions), dispose de 2 lentilles de 48mm de diam\u00e8tre et offre un\u00a0<strong>champ parfaitement plan au foyer sur l\u2019ensemble des 33mm du cercle image<\/strong>. Ses lentilles surdimensionn\u00e9es assurent une ouverture plus large et plus claire et ne pr\u00e9sentent aucune r\u00e9flexion interne. L&#8217;Esprit 80ED peut\u00a0<strong>gr\u00e2ce au correcteur \u00eatre utilis\u00e9 pleinement \u00e0 son rapport de focale tr\u00e8s court de f\/5<\/strong>. Elle est ainsi particuli\u00e8rement\u00a0<strong>adapt\u00e9e \u00e0 la photographie grand champ du ciel profond<\/strong>. Pointez l&#8217;Esprit 80ED vers les plus belles n\u00e9buleuses ou galaxies (Orion, Androm\u00e8de&#8230;) avec un APN ou une cam\u00e9ra CCD\/CMOS.<\/p>\n<h4>Porte-oculaire Linear Power 11:1<\/h4>\n<p>La gamme Sky-Watcher Esprit dispose d&#8217;un porte-oculaire haute qualit\u00e9 le Linear Power. Pour \u00eatre coh\u00e9rent avec l&#8217;optique et fournir de bons r\u00e9sultats en astrophotographie (ou la mise au point a une place primordiale) le porte-oculaire est une\u00a0<strong>cr\u00e9mailli\u00e8re de grande capacit\u00e9 de charge<\/strong>\u00a0pour les plus gros capteurs. Au format 2.7&#8243; (68.5mm) en entr\u00e9e, le Linear Power (design brevet\u00e9) est \u00e0 la fois\u00a0<strong>robuste et pr\u00e9cis gr\u00e2ce \u00e0 une d\u00e9multiplication 11:1<\/strong>.<\/p>\n<p>Le tube coulissant dispose\u00a0<strong>d&#8217;un rail de guidage en acier se d\u00e9placant sur 4 larges roulements \u00e0 billes<\/strong>\u00a0ce qui procure une grande douceur et \u00e9vite tout shifting lors de la mise au point. Une vis de serrage permet de maintenir la mise au point suivant l&#8217;orientation du tube optique. Le Linear Power dispose aussi d&#8217;une\u00a0<strong>\u00e9chelle gradu\u00e9e<\/strong>\u00a0sur le tube coulissant pour que vous puissez rep\u00e9rer plusieurs positions suivant votre \u00e9quipement. Enfin il peut \u00eatre\u00a0<strong>mis en rotation facilement, gr\u00e2ce \u00e0 un collier rotatif<\/strong>, sans perte de votre mise au point.<\/p>\n<figure><img decoding=\"async\" title=\"Porte-oculaire Linear Power 11:1 pour la Sky-Watcher Esprit 100ED\" src=\"https:\/\/www.telescopes-et-accessoires.fr\/img\/cms\/photos\/fiches\/porte-oculaire-Esprit-01.webp\" alt=\"porte_oculaire_skywatcher_linearpower_01.jpg\" \/><figcaption>Porte-oculaire Linear Power 11:1 pour la Sky-Watcher Esprit 100ED<\/figcaption><\/figure>\n<p>Pour r\u00e9pondre aux exigences des astronomes amateurs,\u00a0<strong>le tube optique est enti\u00e8rement r\u00e9alis\u00e9 en acier<\/strong>\u00a0et usin\u00e9 avec grande pr\u00e9cisions sous CNC (machine \u00e0 commande num\u00e9rique). Aucune pi\u00e8ce plastique n&#8217;est utilis\u00e9e! La solidit\u00e9 est donc au rendez-vous comme l&#8217;esth\u00e9tique particuli\u00e8rement r\u00e9ussi.\u00a0<strong>L&#8217;int\u00e9rieur est noirci et baffl\u00e9 pour limiter l&#8217;intrusion de lumi\u00e8res parasites<\/strong>. Deux colliers larges (version Deluxe) et une queue d&#8217;aronde large type Losmandy sont inclus pour une fixation solide \u00e0 votre monture.<\/p>\n<h4>Galerie d&#8217;astrophotographes<\/h4>\n<figure><a href=\"https:\/\/www.telescopes-et-accessoires.fr\/img\/cms\/photos\/fiches\/Orion-gloaguen-01.jpg\" target=\"_blank\" rel=\"noopener\"><img decoding=\"async\" src=\"https:\/\/www.telescopes-et-accessoires.fr\/img\/cms\/photos\/fiches\/Orion-gloaguen-01-small.webp\" alt=\"Les N\u00e9buleuses d'Orion\" \/><\/a><figcaption><strong>Les N\u00e9buleuses d&#8217;Orion<\/strong>\u00a0par\u00a0<a href=\"https:\/\/www.sabinegloaguen.com\/ciel-profond?pgid=j76aa7ul-a2c9a3bd-d08e-4349-a2ee-facd05ee92a0\" target=\"_blanck\">Sabine Gloaguen<\/a>\u00a0(L&#8217;Hacienda des Etoiles, Chili)<br \/>\nMosa\u00efque de 3 images (5h de pose) avec une lunette Sky-Watcher Esprit 80ED et un APN Canon EOS6D (d\u00e9filtr\u00e9 Astrodon).<br \/>\nMonture \u00e9quatoriale\u00a0<a href=\"https:\/\/www.telescopes-et-accessoires.fr\/montures-equatoriales\/8324-monture-equatoriale-sky-watcher-heq5-pro-go-to-3664055001350.html\" target=\"_blank\" rel=\"noopener\">Sky-Watcher HEQ5 Pro-GoTo<\/a>.<br \/>\n(photo utilis\u00e9e avec autorisation de l&#8217;auteur)<\/figcaption><\/figure>\n<figure><a href=\"https:\/\/www.telescopes-et-accessoires.fr\/img\/cms\/photos\/fiches\/Rosette-Fleureau-02.jpg\" target=\"_blank\" rel=\"noopener\"><img decoding=\"async\" src=\"https:\/\/www.telescopes-et-accessoires.fr\/img\/cms\/photos\/fiches\/Rosette-Fleureau-02-small.webp\" alt=\"La N\u00e9buleuse de la Rosette NGC2237\" \/><\/a><figcaption><strong>La N\u00e9buleuse de la Rosette &#8211; NGC2237<\/strong>\u00a0par Michel Fleureau (Haute-Garonne, France)<br \/>\nPose de 2h45min avec une lunette Sky-Watcher Esprit 80ED et une cam\u00e9ra ZWO ASI1600-MM Pro refroidie.<br \/>\nMonture \u00e9quatoriale Orion Atlas EQ-G modifi\u00e9e et filtre\u00a0<a href=\"https:\/\/www.telescopes-et-accessoires.fr\/filtres-pour-l-imagerie\/12046-filtre-h-alpha-7nm-zwo.html\" target=\"_blank\" rel=\"noopener\">ZWO H-Alpha 7nm<\/a>.<br \/>\n(photo utilis\u00e9e avec autorisation de l&#8217;auteur)<\/figcaption><\/figure>\n<figure><a href=\"https:\/\/www.telescopes-et-accessoires.fr\/img\/cms\/photos\/fiches\/M31-Vince-02.jpg\" target=\"_blank\" rel=\"noopener\"><img decoding=\"async\" src=\"https:\/\/www.telescopes-et-accessoires.fr\/img\/cms\/photos\/fiches\/M31-Vince-02-small.webp\" alt=\"La Galaxie d'Androm\u00e8de M31\" \/><\/a><figcaption><strong>La Galaxie d&#8217;Androm\u00e8de M31<\/strong>\u00a0par\u00a0<a href=\"https:\/\/www.astrobin.com\/full\/371520\/B\/?nc=user\" target=\"_blanck\">Vince Salfranc<\/a>\u00a0(Allier, France)<br \/>\nPose de 5h avec une lunette Sky-Watcher Esprit 80ED et une cam\u00e9ra Moravian G2-8300 avec roue \u00e0 filtres.<br \/>\nMonture \u00e9quatoriale Astro-Physics 1100 GTO et filtres Baader 50.8mm LRGB, H-Alpha, S-II, O-III .<br \/>\n(photo utilis\u00e9e avec autorisation de l&#8217;auteur)<\/p>\n<h3>\u00c9l\u00e9ments Livr\u00e9s<\/h3>\n<h4>Lunette Sky-Watcher Esprit 80ED Pro Triplet<\/h4>\n<ul>\n<li>1 tube optique Sky-Watcher Esprit 80ED Pro Triplet (queue d&#8217;aronde int\u00e9gr\u00e9e)<\/li>\n<li>1 correcteur de champ<\/li>\n<li>1 lot de bagues de fixation<\/li>\n<li>1 sabot de fixation (queue d&#8217;aronde type Vixen)<\/li>\n<li>1 pare-bu\u00e9e r\u00e9tractable<\/li>\n<li>1 valise de transport rigide<\/li>\n<\/ul>\n<\/figcaption><\/figure>\n","protected":false},"excerpt":{"rendered":"<table class=\"table-responsive\">\n<thead>\n<tr>\n<th>Caract\u00e9ristiques<\/th>\n<th>Lunette Sky-Watcher Esprit 80ED f\/5 Pro Triplet<\/th>\n<\/tr>\n<\/thead>\n<tbody>\n<tr>\n<th>Tube optique<\/th>\n<td>Aluminium<br \/>\nObjectif \u00e0 3 \u00e9l\u00e9ments trait\u00e9s multi-couches avec verre FPL-53 (Ohara\/Schott)<\/td>\n<\/tr>\n<tr>\n<th>Formule optique<\/th>\n<td>Lunette apochromatique<\/td>\n<\/tr>\n<tr>\n<th>Diam\u00e8tre utile<\/th>\n<td>80mm<\/td>\n<\/tr>\n<tr>\n<th>Longueur focale<\/th>\n<td>400mm<\/td>\n<\/tr>\n<tr>\n<th>Rapport de focale<\/th>\n<td>f\/5<\/td>\n<\/tr>\n<tr>\n<th>Porte-Oculaire<\/th>\n<td>Crayford Linear 2.7&#8243; Power Focuser 1:11 avec collier rotatif int\u00e9gr\u00e9 au tube<\/td>\n<\/tr>\n<tr>\n<th>Poids<\/th>\n<td>4kg<\/td>\n<\/tr>\n<tr>\n<th>Longueur du tube<\/th>\n<td>446mm (pare-bu\u00e9e r\u00e9tract\u00e9)<\/td>\n<\/tr>\n<tr>\n<th>Largeur du tube<\/th>\n<td>83mm<\/td>\n<\/tr>\n<tr>\n<th>Back-focus visuel<\/th>\n<td>&gt;160mm<\/td>\n<\/tr>\n<tr>\n<th>Back-focus derri\u00e8re le correcteur de champ<\/th>\n<td>61mm<\/td>\n<\/tr>\n<tr>\n<th>Champ en pleine lumi\u00e8re avec le correcteur<\/th>\n<td>33mm<\/td>\n<\/tr>\n<tr>\n<th>Fixation<\/th>\n<td>Queue d&#8217;aronde type Vixen incluse (sabot)<\/td>\n<\/tr>\n<\/tbody>\n<\/table>\n<h4>Caract\u00e9ristiques des filetages<\/h4>\n<figure><img decoding=\"async\" title=\"Bagues incluses avec l'Esprit 80ED\" src=\"https:\/\/www.telescopes-et-accessoires.fr\/img\/cms\/photos\/fiches\/Filetage-Esprit80ED.webp\" alt=\"filetage_esprit80ED_01.jpg\" \/><\/figure>\n<p>&nbsp;<\/p>\n<p>&nbsp;<\/p>\n<table class=\"table-responsive\">\n<thead>\n<tr>\n<th>Colliers\/Filetage<\/th>\n<th>Porte-oculaire<\/th>\n<th>Adaptateur<\/th>\n<th>Correcteur de champ<\/th>\n<th>Tube d&#8217;extension APN<\/th>\n<th>Bague T grand champ<\/th>\n<\/tr>\n<\/thead>\n<tbody>\n<tr>\n<td>Diam\u00e8tre d&#8217;entr\u00e9e<\/td>\n<td>n\/a<\/td>\n<td>M74x1 F.<\/td>\n<td>M65x1 F.<\/td>\n<td>M66x1 F.<\/td>\n<td>M48x0.75 F.<\/td>\n<\/tr>\n<tr>\n<td>Longueur du filetage en entr\u00e9e<\/td>\n<td>n\/a<\/td>\n<td>7 mm<\/td>\n<td>8 mm<\/td>\n<td>6 mm<\/td>\n<td>Variable<\/td>\n<\/tr>\n<tr>\n<td>Diam\u00e8tre de sortie<\/td>\n<td>M74x1 M.<\/td>\n<td>M65x1 M.<\/td>\n<td>M66x1 M.<\/td>\n<td>M48x0.75 M.<\/td>\n<td>APN<\/td>\n<\/tr>\n<tr>\n<td>Longueur du filetage en sortie<\/td>\n<td>6 mm<\/td>\n<td>6 mm<\/td>\n<td>5 mm<\/td>\n<td>5.9 mm<\/td>\n<td>n\/a<\/td>\n<\/tr>\n<\/tbody>\n<\/table>\n","protected":false},"featured_media":11229,"template":"","meta":{"_editorskit_title_hidden":false,"_editorskit_reading_time":0,"_editorskit_is_block_options_detached":false,"_editorskit_block_options_position":"{}","_coblocks_attr":"","_coblocks_dimensions":"","_coblocks_responsive_height":"","_coblocks_accordion_ie_support":"","_crdt_document":"","_monsterinsights_skip_tracking":false,"_monsterinsights_sitenote_active":false,"_monsterinsights_sitenote_note":"","_monsterinsights_sitenote_category":0},"product_brand":[209],"product_cat":[215,211,212,22],"product_tag":[],"class_list":{"0":"post-11228","1":"product","2":"type-product","3":"status-publish","4":"has-post-thumbnail","6":"product_brand-skywatcher","7":"product_cat-astrographs","8":"product_cat-lunette","9":"product_cat-lunette-telescopes","10":"product_cat-telescopes","12":"first","13":"instock","14":"shipping-taxable","15":"purchasable","16":"product-type-simple"},"yoast_head":"<!-- This site is optimized with the Yoast SEO plugin v27.3 - https:\/\/yoast.com\/product\/yoast-seo-wordpress\/ -->\n<title>Tube optique Sky-Watcher Esprit 80ED Pro triplet avec accessoires - Astroshop Maroc<\/title>\n<meta name=\"robots\" content=\"index, follow, max-snippet:-1, max-image-preview:large, max-video-preview:-1\" \/>\n<link rel=\"canonical\" href=\"https:\/\/astroshop.ma\/?product=tube-optique-sky-watcher-esprit-80ed-pro-triplet-avec-accessoires\" \/>\n<meta property=\"og:locale\" content=\"en_US\" \/>\n<meta property=\"og:type\" content=\"article\" \/>\n<meta property=\"og:title\" content=\"Tube optique Sky-Watcher Esprit 80ED Pro triplet avec accessoires - Astroshop Maroc\" \/>\n<meta property=\"og:description\" content=\"Caract\u00e9ristiques Lunette Sky-Watcher Esprit 80ED f\/5 Pro Triplet     Tube optique Aluminium Objectif \u00e0 3 \u00e9l\u00e9ments trait\u00e9s multi-couches avec verre FPL-53 (Ohara\/Schott)   Formule optique Lunette apochromatique   Diam\u00e8tre utile 80mm   Longueur focale 400mm   Rapport de focale f\/5   Porte-Oculaire Crayford Linear 2.7&quot; Power Focuser 1:11 avec collier rotatif int\u00e9gr\u00e9 au tube   Poids 4kg   Longueur du tube 446mm (pare-bu\u00e9e r\u00e9tract\u00e9)   Largeur du tube 83mm   Back-focus visuel &gt;160mm   Back-focus derri\u00e8re le correcteur de champ 61mm   Champ en pleine lumi\u00e8re avec le correcteur 33mm   Fixation Queue d&#039;aronde type Vixen incluse (sabot)    Caract\u00e9ristiques des filetages  &nbsp;  &nbsp;    Colliers\/Filetage Porte-oculaire Adaptateur Correcteur de champ Tube d&#039;extension APN Bague T grand champ     Diam\u00e8tre d&#039;entr\u00e9e n\/a M74x1 F. M65x1 F. M66x1 F. M48x0.75 F.   Longueur du filetage en entr\u00e9e n\/a 7 mm 8 mm 6 mm Variable   Diam\u00e8tre de sortie M74x1 M. M65x1 M. M66x1 M. M48x0.75 M. APN   Longueur du filetage en sortie 6 mm 6 mm 5 mm 5.9 mm n\/a\" \/>\n<meta property=\"og:url\" content=\"https:\/\/astroshop.ma\/?product=tube-optique-sky-watcher-esprit-80ed-pro-triplet-avec-accessoires\" \/>\n<meta property=\"og:site_name\" content=\"Astroshop Maroc\" \/>\n<meta property=\"article:modified_time\" content=\"2026-02-24T12:07:08+00:00\" \/>\n<meta property=\"og:image\" content=\"https:\/\/astroshop.ma\/wp-content\/uploads\/2026\/02\/tube-optique-sky-watcher-esprit-80ed-pro-triplet-avec-accessoires.jpg\" \/>\n\t<meta property=\"og:image:width\" content=\"800\" \/>\n\t<meta property=\"og:image:height\" content=\"800\" \/>\n\t<meta property=\"og:image:type\" content=\"image\/jpeg\" \/>\n<meta name=\"twitter:card\" content=\"summary_large_image\" \/>\n<meta name=\"twitter:label1\" content=\"Est. reading time\" \/>\n\t<meta name=\"twitter:data1\" content=\"5 minutes\" \/>\n<script type=\"application\/ld+json\" class=\"yoast-schema-graph\">{\"@context\":\"https:\\\/\\\/schema.org\",\"@graph\":[{\"@type\":\"WebPage\",\"@id\":\"https:\\\/\\\/astroshop.ma\\\/?product=tube-optique-sky-watcher-esprit-80ed-pro-triplet-avec-accessoires\",\"url\":\"https:\\\/\\\/astroshop.ma\\\/?product=tube-optique-sky-watcher-esprit-80ed-pro-triplet-avec-accessoires\",\"name\":\"Tube optique Sky-Watcher Esprit 80ED Pro triplet avec accessoires - Astroshop Maroc\",\"isPartOf\":{\"@id\":\"https:\\\/\\\/astroshop.ma\\\/#website\"},\"primaryImageOfPage\":{\"@id\":\"https:\\\/\\\/astroshop.ma\\\/?product=tube-optique-sky-watcher-esprit-80ed-pro-triplet-avec-accessoires#primaryimage\"},\"image\":{\"@id\":\"https:\\\/\\\/astroshop.ma\\\/?product=tube-optique-sky-watcher-esprit-80ed-pro-triplet-avec-accessoires#primaryimage\"},\"thumbnailUrl\":\"https:\\\/\\\/astroshop.ma\\\/wp-content\\\/uploads\\\/2026\\\/02\\\/tube-optique-sky-watcher-esprit-80ed-pro-triplet-avec-accessoires.jpg\",\"datePublished\":\"2026-02-21T15:44:27+00:00\",\"dateModified\":\"2026-02-24T12:07:08+00:00\",\"breadcrumb\":{\"@id\":\"https:\\\/\\\/astroshop.ma\\\/?product=tube-optique-sky-watcher-esprit-80ed-pro-triplet-avec-accessoires#breadcrumb\"},\"inLanguage\":\"en-US\",\"potentialAction\":[{\"@type\":\"ReadAction\",\"target\":[\"https:\\\/\\\/astroshop.ma\\\/?product=tube-optique-sky-watcher-esprit-80ed-pro-triplet-avec-accessoires\"]}]},{\"@type\":\"ImageObject\",\"inLanguage\":\"en-US\",\"@id\":\"https:\\\/\\\/astroshop.ma\\\/?product=tube-optique-sky-watcher-esprit-80ed-pro-triplet-avec-accessoires#primaryimage\",\"url\":\"https:\\\/\\\/astroshop.ma\\\/wp-content\\\/uploads\\\/2026\\\/02\\\/tube-optique-sky-watcher-esprit-80ed-pro-triplet-avec-accessoires.jpg\",\"contentUrl\":\"https:\\\/\\\/astroshop.ma\\\/wp-content\\\/uploads\\\/2026\\\/02\\\/tube-optique-sky-watcher-esprit-80ed-pro-triplet-avec-accessoires.jpg\",\"width\":800,\"height\":800},{\"@type\":\"BreadcrumbList\",\"@id\":\"https:\\\/\\\/astroshop.ma\\\/?product=tube-optique-sky-watcher-esprit-80ed-pro-triplet-avec-accessoires#breadcrumb\",\"itemListElement\":[{\"@type\":\"ListItem\",\"position\":1,\"name\":\"Home\",\"item\":\"https:\\\/\\\/astroshop.ma\\\/\"},{\"@type\":\"ListItem\",\"position\":2,\"name\":\"Shop\",\"item\":\"https:\\\/\\\/astroshop.ma\\\/?page_id=394\"},{\"@type\":\"ListItem\",\"position\":3,\"name\":\"Tube optique Sky-Watcher Esprit 80ED Pro triplet avec accessoires\"}]},{\"@type\":\"WebSite\",\"@id\":\"https:\\\/\\\/astroshop.ma\\\/#website\",\"url\":\"https:\\\/\\\/astroshop.ma\\\/\",\"name\":\"Astroshop Maroc\",\"description\":\"Des instruments astronomiques pour chaque astronome au Maroc\",\"publisher\":{\"@id\":\"https:\\\/\\\/astroshop.ma\\\/#organization\"},\"potentialAction\":[{\"@type\":\"SearchAction\",\"target\":{\"@type\":\"EntryPoint\",\"urlTemplate\":\"https:\\\/\\\/astroshop.ma\\\/?s={search_term_string}\"},\"query-input\":{\"@type\":\"PropertyValueSpecification\",\"valueRequired\":true,\"valueName\":\"search_term_string\"}}],\"inLanguage\":\"en-US\"},{\"@type\":\"Organization\",\"@id\":\"https:\\\/\\\/astroshop.ma\\\/#organization\",\"name\":\"Astroshop Maroc\",\"url\":\"https:\\\/\\\/astroshop.ma\\\/\",\"logo\":{\"@type\":\"ImageObject\",\"inLanguage\":\"en-US\",\"@id\":\"https:\\\/\\\/astroshop.ma\\\/#\\\/schema\\\/logo\\\/image\\\/\",\"url\":\"https:\\\/\\\/astroshop.ma\\\/wp-content\\\/uploads\\\/2025\\\/12\\\/M20_Logo_1.jpg\",\"contentUrl\":\"https:\\\/\\\/astroshop.ma\\\/wp-content\\\/uploads\\\/2025\\\/12\\\/M20_Logo_1.jpg\",\"width\":501,\"height\":334,\"caption\":\"Astroshop Maroc\"},\"image\":{\"@id\":\"https:\\\/\\\/astroshop.ma\\\/#\\\/schema\\\/logo\\\/image\\\/\"}}]}<\/script>\n<!-- \/ Yoast SEO plugin. -->","yoast_head_json":{"title":"Tube optique Sky-Watcher Esprit 80ED Pro triplet avec accessoires - Astroshop Maroc","robots":{"index":"index","follow":"follow","max-snippet":"max-snippet:-1","max-image-preview":"max-image-preview:large","max-video-preview":"max-video-preview:-1"},"canonical":"https:\/\/astroshop.ma\/?product=tube-optique-sky-watcher-esprit-80ed-pro-triplet-avec-accessoires","og_locale":"en_US","og_type":"article","og_title":"Tube optique Sky-Watcher Esprit 80ED Pro triplet avec accessoires - Astroshop Maroc","og_description":"Caract\u00e9ristiques Lunette Sky-Watcher Esprit 80ED f\/5 Pro Triplet     Tube optique Aluminium Objectif \u00e0 3 \u00e9l\u00e9ments trait\u00e9s multi-couches avec verre FPL-53 (Ohara\/Schott)   Formule optique Lunette apochromatique   Diam\u00e8tre utile 80mm   Longueur focale 400mm   Rapport de focale f\/5   Porte-Oculaire Crayford Linear 2.7\" Power Focuser 1:11 avec collier rotatif int\u00e9gr\u00e9 au tube   Poids 4kg   Longueur du tube 446mm (pare-bu\u00e9e r\u00e9tract\u00e9)   Largeur du tube 83mm   Back-focus visuel &gt;160mm   Back-focus derri\u00e8re le correcteur de champ 61mm   Champ en pleine lumi\u00e8re avec le correcteur 33mm   Fixation Queue d'aronde type Vixen incluse (sabot)    Caract\u00e9ristiques des filetages  &nbsp;  &nbsp;    Colliers\/Filetage Porte-oculaire Adaptateur Correcteur de champ Tube d'extension APN Bague T grand champ     Diam\u00e8tre d'entr\u00e9e n\/a M74x1 F. M65x1 F. M66x1 F. M48x0.75 F.   Longueur du filetage en entr\u00e9e n\/a 7 mm 8 mm 6 mm Variable   Diam\u00e8tre de sortie M74x1 M. M65x1 M. M66x1 M. M48x0.75 M. APN   Longueur du filetage en sortie 6 mm 6 mm 5 mm 5.9 mm n\/a","og_url":"https:\/\/astroshop.ma\/?product=tube-optique-sky-watcher-esprit-80ed-pro-triplet-avec-accessoires","og_site_name":"Astroshop Maroc","article_modified_time":"2026-02-24T12:07:08+00:00","og_image":[{"width":800,"height":800,"url":"https:\/\/astroshop.ma\/wp-content\/uploads\/2026\/02\/tube-optique-sky-watcher-esprit-80ed-pro-triplet-avec-accessoires.jpg","type":"image\/jpeg"}],"twitter_card":"summary_large_image","twitter_misc":{"Est. reading time":"5 minutes"},"schema":{"@context":"https:\/\/schema.org","@graph":[{"@type":"WebPage","@id":"https:\/\/astroshop.ma\/?product=tube-optique-sky-watcher-esprit-80ed-pro-triplet-avec-accessoires","url":"https:\/\/astroshop.ma\/?product=tube-optique-sky-watcher-esprit-80ed-pro-triplet-avec-accessoires","name":"Tube optique Sky-Watcher Esprit 80ED Pro triplet avec accessoires - Astroshop Maroc","isPartOf":{"@id":"https:\/\/astroshop.ma\/#website"},"primaryImageOfPage":{"@id":"https:\/\/astroshop.ma\/?product=tube-optique-sky-watcher-esprit-80ed-pro-triplet-avec-accessoires#primaryimage"},"image":{"@id":"https:\/\/astroshop.ma\/?product=tube-optique-sky-watcher-esprit-80ed-pro-triplet-avec-accessoires#primaryimage"},"thumbnailUrl":"https:\/\/astroshop.ma\/wp-content\/uploads\/2026\/02\/tube-optique-sky-watcher-esprit-80ed-pro-triplet-avec-accessoires.jpg","datePublished":"2026-02-21T15:44:27+00:00","dateModified":"2026-02-24T12:07:08+00:00","breadcrumb":{"@id":"https:\/\/astroshop.ma\/?product=tube-optique-sky-watcher-esprit-80ed-pro-triplet-avec-accessoires#breadcrumb"},"inLanguage":"en-US","potentialAction":[{"@type":"ReadAction","target":["https:\/\/astroshop.ma\/?product=tube-optique-sky-watcher-esprit-80ed-pro-triplet-avec-accessoires"]}]},{"@type":"ImageObject","inLanguage":"en-US","@id":"https:\/\/astroshop.ma\/?product=tube-optique-sky-watcher-esprit-80ed-pro-triplet-avec-accessoires#primaryimage","url":"https:\/\/astroshop.ma\/wp-content\/uploads\/2026\/02\/tube-optique-sky-watcher-esprit-80ed-pro-triplet-avec-accessoires.jpg","contentUrl":"https:\/\/astroshop.ma\/wp-content\/uploads\/2026\/02\/tube-optique-sky-watcher-esprit-80ed-pro-triplet-avec-accessoires.jpg","width":800,"height":800},{"@type":"BreadcrumbList","@id":"https:\/\/astroshop.ma\/?product=tube-optique-sky-watcher-esprit-80ed-pro-triplet-avec-accessoires#breadcrumb","itemListElement":[{"@type":"ListItem","position":1,"name":"Home","item":"https:\/\/astroshop.ma\/"},{"@type":"ListItem","position":2,"name":"Shop","item":"https:\/\/astroshop.ma\/?page_id=394"},{"@type":"ListItem","position":3,"name":"Tube optique Sky-Watcher Esprit 80ED Pro triplet avec accessoires"}]},{"@type":"WebSite","@id":"https:\/\/astroshop.ma\/#website","url":"https:\/\/astroshop.ma\/","name":"Astroshop Maroc","description":"Des instruments astronomiques pour chaque astronome au Maroc","publisher":{"@id":"https:\/\/astroshop.ma\/#organization"},"potentialAction":[{"@type":"SearchAction","target":{"@type":"EntryPoint","urlTemplate":"https:\/\/astroshop.ma\/?s={search_term_string}"},"query-input":{"@type":"PropertyValueSpecification","valueRequired":true,"valueName":"search_term_string"}}],"inLanguage":"en-US"},{"@type":"Organization","@id":"https:\/\/astroshop.ma\/#organization","name":"Astroshop Maroc","url":"https:\/\/astroshop.ma\/","logo":{"@type":"ImageObject","inLanguage":"en-US","@id":"https:\/\/astroshop.ma\/#\/schema\/logo\/image\/","url":"https:\/\/astroshop.ma\/wp-content\/uploads\/2025\/12\/M20_Logo_1.jpg","contentUrl":"https:\/\/astroshop.ma\/wp-content\/uploads\/2025\/12\/M20_Logo_1.jpg","width":501,"height":334,"caption":"Astroshop Maroc"},"image":{"@id":"https:\/\/astroshop.ma\/#\/schema\/logo\/image\/"}}]}},"_links":{"self":[{"href":"https:\/\/astroshop.ma\/index.php?rest_route=\/wp\/v2\/product\/11228","targetHints":{"allow":["GET"]}}],"collection":[{"href":"https:\/\/astroshop.ma\/index.php?rest_route=\/wp\/v2\/product"}],"about":[{"href":"https:\/\/astroshop.ma\/index.php?rest_route=\/wp\/v2\/types\/product"}],"wp:featuredmedia":[{"embeddable":true,"href":"https:\/\/astroshop.ma\/index.php?rest_route=\/wp\/v2\/media\/11229"}],"wp:attachment":[{"href":"https:\/\/astroshop.ma\/index.php?rest_route=%2Fwp%2Fv2%2Fmedia&parent=11228"}],"wp:term":[{"taxonomy":"product_brand","embeddable":true,"href":"https:\/\/astroshop.ma\/index.php?rest_route=%2Fwp%2Fv2%2Fproduct_brand&post=11228"},{"taxonomy":"product_cat","embeddable":true,"href":"https:\/\/astroshop.ma\/index.php?rest_route=%2Fwp%2Fv2%2Fproduct_cat&post=11228"},{"taxonomy":"product_tag","embeddable":true,"href":"https:\/\/astroshop.ma\/index.php?rest_route=%2Fwp%2Fv2%2Fproduct_tag&post=11228"}],"curies":[{"name":"wp","href":"https:\/\/api.w.org\/{rel}","templated":true}]}}