{"id":11218,"date":"2026-02-21T15:20:26","date_gmt":"2026-02-21T15:20:26","guid":{"rendered":"https:\/\/astroshop.ma\/?post_type=product&#038;p=11218"},"modified":"2026-02-24T12:07:26","modified_gmt":"2026-02-24T12:07:26","slug":"sky-watcher-lunette-heliostar-76mm-h-alpha-76-630","status":"publish","type":"product","link":"https:\/\/astroshop.ma\/?product=sky-watcher-lunette-heliostar-76mm-h-alpha-76-630","title":{"rendered":"Sky-Watcher Lunette  Heliostar 76mm H-Alpha (76\/630)"},"content":{"rendered":"<h4><img loading=\"lazy\" decoding=\"async\" class=\"alignnone size-full wp-image-10806\" src=\"https:\/\/astroshop.ma\/wp-content\/uploads\/2025\/10\/Skywatcher.jpg\" alt=\"\" width=\"300\" height=\"150\" srcset=\"https:\/\/astroshop.ma\/wp-content\/uploads\/2025\/10\/Skywatcher.jpg 300w, https:\/\/astroshop.ma\/wp-content\/uploads\/2025\/10\/Skywatcher-64x32.jpg 64w\" sizes=\"auto, (max-width: 300px) 100vw, 300px\" \/><\/h4>\n<h4><\/h4>\n<h4>Tout savoir sur la lunette solaire Sky-Watcher Heliostar 76mm H-Alpha<\/h4>\n<p>Sky-Watcher, le num\u00e9ro 1 mondial du mat\u00e9riel pour l&#8217;astronomie (t\u00e9lescopes \/ lunettes \/ montures), se lance d\u00e9sormais dans les filtres solaires !\u00a0<strong>Pour un maximum de sensations, Sky-Watcher propose d\u00e9sormais un instrument dot\u00e9 d&#8217;un filtre H-Alpha<\/strong>. Complexe \u00e0 r\u00e9aliser (par rapport aux filtres en lumi\u00e8re blanche) il permet de voir le Soleil sous une &#8220;autre lumi\u00e8re&#8221; \u00e0 travers la raie spectrale de l&#8217;Hydrog\u00e8ne Alpha \u00e0 656.3nm.\u00a0<strong>Il est alors possible de voir notre \u00e9toile &#8220;vivante&#8221;<\/strong>\u00a0gr\u00e2ce \u00e0 l&#8217;observation de son bouillonnement de surface (granulation)&#8230;\u00a0<strong>et ses impressionnantes protub\u00e9rances<\/strong>\u00a0(gigantesques jets de gaz \u00e0 haute temp\u00e9rature expuls\u00e9s dans le vide interstellaire). Le disque alors parfaitement d\u00e9fini devient parsem\u00e9 de fins filaments sur ses bords\u2026 ou d\u2019ombres sur sa surface. Les taches solaires se montrent de mani\u00e8re un peu diff\u00e9rente et sont entour\u00e9es g\u00e9n\u00e9ralement de zones actives (flares) plus chaudes.<\/p>\n<p><strong>Le proc\u00e9d\u00e9 de filtration utilis\u00e9, le coeur d&#8217;une &#8220;lunette H-Alpha&#8221; est appel\u00e9 : \u00e9talon Fabry-Perot<\/strong>. Son principe consiste \u00e0 placer 2 lames \u00e0 face parall\u00e8les dot\u00e9es d\u2019un rev\u00eatement haute r\u00e9flectivit\u00e9. Le faisceau incident est divis\u00e9 puis recombin\u00e9 et selon le principe du caract\u00e8re ondulatoire de la lumi\u00e8re, la superposition donne lieu \u00e0 des interf\u00e9rences qui engendrent des zones d\u2019ombres ou brillantes. Suivant l\u2019\u00e9paisseur entre les 2 lames et l\u2019angle d\u2019incidence, des longueurs d\u2019onde seront libres de traverser le Fabry-Perot et d\u2019autres non.<\/p>\n<figure><img decoding=\"async\" title=\"heliostar_skywatcher_03.jpg\" src=\"https:\/\/www.telescopes-et-accessoires.fr\/img\/cms\/photos\/fiches\/SW0500-03-small.webp\" \/><figcaption>La lunette Sky-Watcher Heliostar 76mm H-Alpha<\/figcaption><\/figure>\n<p>Il r\u00e9sulte \u00e0 la sortie de ce \u00ab filtre \u00bb une s\u00e9rie de pics et creux.\u00a0<strong>Les pics, extr\u00eamement fins, seulement 0.5 Angstroms (A) de largeur sont appel\u00e9s harmoniques et produits \u00e0 intervalles r\u00e9guliers<\/strong>. Il faut alors un second filtre pour ne laisser passer que le flux centr\u00e9 autour de la raie H-Alpha (supprimant de fait les autres harmoniques) : c\u2019est le principe du filtre bloquant (BF), un filtre de quelques nanom\u00e8tres de bande passante. Pour compl\u00e9ter le tout, l&#8217;int\u00e9rieur de l&#8217;instrument est trait\u00e9 sp\u00e9cialement dans le rouge comme premier filtre. Un autre Anti-Infrarouge et un dernier Anti-UV sont ajout\u00e9s pour \u00e9viter l\u2019intrusion de rayonnements nocifs.<\/p>\n<p><strong>La particularit\u00e9 de l&#8217;Heliostar de Sky-Watcher est de r\u00e9duire les co\u00fbts de production en incluant le filtre \u00e9talon \u00e0 l&#8217;int\u00e9rieur de l&#8217;instrument<\/strong>&#8230; et non \u00e0 l&#8217;avant au niveau de l&#8217;objectif. Comme les rayons lumineux convergent de la sortie de l&#8217;objectif vers le foyer, la pi\u00e8ce ma\u00eetresse (l&#8217;\u00e9talon interne) est de taille r\u00e9duite, sans que la quantit\u00e9 de lumi\u00e8re soit diminu\u00e9e (elle d\u00e9pend de la taille de l&#8217;objectif). L&#8217;ensemble est conforme \u00e0 la norme ISO 12312-2 relative aux filtres destin\u00e9s \u00e0 l&#8217;observation directe du Soleil.<\/p>\n<figure><img decoding=\"async\" title=\"heliostar_skywatcher_03.jpg\" src=\"https:\/\/www.telescopes-et-accessoires.fr\/img\/cms\/photos\/fiches\/SW0500-3-small.webp\" \/><figcaption>Zoom sur le syst\u00e8me de r\u00e9glage de la bande passante<\/figcaption><\/figure>\n<p><strong>Le r\u00e9glage de la bande passante s&#8217;effectue par un syst\u00e8me de tuner qui modifie la pression et l&#8217;angle d&#8217;inclinaison des lames de l&#8217;\u00e9talon Fabry-Perot<\/strong>. Veillez \u00e0 ce que l&#8217;Heliostar 76\u03b1 soit plac\u00e9 \u00e0 l&#8217;ext\u00e9rieur plus d&#8217;une demi-heure avant chaque utilisation afin de garantir que la temp\u00e9rature \u00e0 l&#8217;int\u00e9rieur et \u00e0 l&#8217;ext\u00e9rieur de l&#8217;\u00e9talon soit constante, ce qui am\u00e9liorera vos observations et prises de vue.<\/p>\n<p><strong>Niveau accessoires Sky-Watcher propose un ensemble important d&#8217;\u00e9l\u00e9ments afin de compl\u00e9menter l&#8217;Heliostar 76mm<\/strong>. Il est ainsi livr\u00e9 dans une valise de transport rigide tr\u00e8s pratique pour vos d\u00e9placements. Un pointeur solaire permet d&#8217;orienter en quelques secondes votre instrument. Un oculaire de qualit\u00e9 de 20mm de focale et 70\u00b0 de champ apparent montre tout le globe solaire. Le filtre bloquant (renvoi-coud\u00e9) de 11.5mm permet de placer des capteurs de taille raisonnables type ZWO\u00a0<a href=\"https:\/\/www.telescopes-et-accessoires.fr\/camera-couleurs-zwo-asi715mc-c2x40485088\" target=\"_blank\" rel=\"noopener\">ASI 715MC<\/a>\u00a0voir\u00a0<a href=\"https:\/\/www.telescopes-et-accessoires.fr\/camera-couleurs-zwo-asi585mc-c2x38208168\" target=\"_blank\" rel=\"noopener\">585MC<\/a>\u00a0pour vos s\u00e9ances d&#8217;imagerie. Le porte-oculaire est un Crayford au coulant 50.8mm, dot\u00e9 d&#8217;une d\u00e9multiplication 10:1 tr\u00e8s appr\u00e9ciable en visuel \u00e0 fort grossissement ou en astrophotographie. Un adaptateur pour smartphone permet de lancer pour la prise de vos premi\u00e8res photos !<\/p>\n<figure><img decoding=\"async\" title=\"heliostar_skywatcher_01.jpg\" src=\"https:\/\/www.telescopes-et-accessoires.fr\/img\/cms\/photos\/fiches\/Heliostar-76Ha-01-small.webp\" \/><figcaption>Sch\u00e9ma de la lunette Sky-Watcher Heliostar 76mm H-Alpha et de ses diff\u00e9rents composants<\/figcaption><\/figure>\n<h4>Galerie d&#8217;astrophotographes<\/h4>\n<figure><img decoding=\"async\" title=\"Le Soleil en H-Alpha\" src=\"https:\/\/www.telescopes-et-accessoires.fr\/img\/cms\/photos\/fiches\/poiget_heliostar_01_small.webp\" \/><figcaption><strong>Notre \u00e9toile le 9 juillet 2025<\/strong>\u00a0par\u00a0<a href=\"http:\/\/bit.ly\/3U2xeAj\" target=\"_blank\" rel=\"noopener\">Florent Poiget<\/a>\u00a0(Loiret, France).<br \/>\nEmpilement de 430 images avec une lunette Sky-Watcher Heliostar 76mm et cam\u00e9ra IXM428. Sur monture Pegasus Astro\u00a0<a href=\"https:\/\/www.telescopes-et-accessoires.fr\/montures-harmoniques\/11128-monture-pegasus-astro-nyx-101.html\" target=\"_blank\" rel=\"noopener\">NYX-101<\/a>.<br \/>\n(photo utilis\u00e9e avec autorisation de l&#8217;auteur)<\/figcaption><\/figure>\n<p>&nbsp;<\/p>\n<p>&nbsp;<\/p>\n<figure><figcaption>\n<h3>\u00c9l\u00e9ments Livr\u00e9s<\/h3>\n<p>&nbsp;<\/p>\n<ul>\n<li>1x Lunette solaire Sky-Watcher Heliostar 76mm H-Alpha<\/li>\n<li>1x Filtre bloquant de 11.5mm mont\u00e9 en renvoi coud\u00e9 coulant 31.75mm<\/li>\n<li>1x Oculaire 20mm 70\u00b0 WA coulant 31.75mm<\/li>\n<li>2x Colliers de fixation<\/li>\n<li>1x Queue d&#8217;aronde m\u00e2le type Vixen<\/li>\n<li>1x Pointeur solaire<\/li>\n<li>1x Poign\u00e9e de transport<\/li>\n<li>1x Adaptateur photo pour smartphone<\/li>\n<li>1x Pare-soleil<\/li>\n<li>1x Valise de transport rigide<\/li>\n<\/ul>\n<figure><img decoding=\"async\" title=\"heliostar_skywatcher_06.jpg\" src=\"https:\/\/www.telescopes-et-accessoires.fr\/img\/cms\/photos\/fiches\/SW0500-6-small.webp\" \/><\/figure>\n<\/figcaption><\/figure>\n","protected":false},"excerpt":{"rendered":"<table class=\"table-responsive\">\n<thead>\n<tr>\n<th>Caract\u00e9ristiques<\/th>\n<td>Lunette Sky-Watcher Heliostar 76mm H-Alpha<\/td>\n<\/tr>\n<\/thead>\n<tbody>\n<tr>\n<th>Diam\u00e8tre<\/th>\n<td>76mm<\/td>\n<\/tr>\n<tr>\n<th>Formule optique<\/th>\n<td>Double achromatique<\/td>\n<\/tr>\n<tr>\n<th>Focale<\/th>\n<td>630mm<\/td>\n<\/tr>\n<tr>\n<th>Rapport de focale<\/th>\n<td>8.3<\/td>\n<\/tr>\n<tr>\n<th>Bande passante<\/th>\n<td>inf\u00e9rieure \u00e0 0.5\u00c5<\/td>\n<\/tr>\n<tr>\n<th>Filtre bloquant<\/th>\n<td>11.5mm<\/td>\n<\/tr>\n<tr>\n<th>Taille du Soleil<\/th>\n<td>6mm<\/td>\n<\/tr>\n<tr>\n<th>Porte-oculaire<\/th>\n<td>Crayford 2&#8243; avec d\u00e9multiplication 10:1<\/td>\n<\/tr>\n<tr>\n<th>Longueur<\/th>\n<td>600mm<\/td>\n<\/tr>\n<tr>\n<th>Poids<\/th>\n<td>3.8kg<\/td>\n<\/tr>\n<\/tbody>\n<\/table>\n","protected":false},"featured_media":11219,"template":"","meta":{"_editorskit_title_hidden":false,"_editorskit_reading_time":0,"_editorskit_is_block_options_detached":false,"_editorskit_block_options_position":"{}","_coblocks_attr":"","_coblocks_dimensions":"","_coblocks_responsive_height":"","_coblocks_accordion_ie_support":"","_crdt_document":"","_monsterinsights_skip_tracking":false,"_monsterinsights_sitenote_active":false,"_monsterinsights_sitenote_note":"","_monsterinsights_sitenote_category":0},"product_brand":[],"product_cat":[215,211,212,213,22],"product_tag":[],"class_list":{"0":"post-11218","1":"product","2":"type-product","3":"status-publish","4":"has-post-thumbnail","6":"product_cat-astrographs","7":"product_cat-lunette","8":"product_cat-lunette-telescopes","9":"product_cat-lunettes-dobservation-solaire","10":"product_cat-telescopes","12":"first","13":"instock","14":"shipping-taxable","15":"purchasable","16":"product-type-simple"},"yoast_head":"<!-- This site is optimized with the Yoast SEO plugin v27.3 - https:\/\/yoast.com\/product\/yoast-seo-wordpress\/ -->\n<title>Sky-Watcher Lunette Heliostar 76mm H-Alpha (76\/630) - Astroshop Maroc<\/title>\n<meta name=\"robots\" content=\"index, follow, max-snippet:-1, max-image-preview:large, max-video-preview:-1\" \/>\n<link rel=\"canonical\" href=\"https:\/\/astroshop.ma\/?product=sky-watcher-lunette-heliostar-76mm-h-alpha-76-630\" \/>\n<meta property=\"og:locale\" content=\"en_US\" \/>\n<meta property=\"og:type\" content=\"article\" \/>\n<meta property=\"og:title\" content=\"Sky-Watcher Lunette Heliostar 76mm H-Alpha (76\/630) - Astroshop Maroc\" \/>\n<meta property=\"og:description\" content=\"Caract\u00e9ristiques Lunette Sky-Watcher Heliostar 76mm H-Alpha     Diam\u00e8tre 76mm   Formule optique Double achromatique   Focale 630mm   Rapport de focale 8.3   Bande passante inf\u00e9rieure \u00e0 0.5\u00c5   Filtre bloquant 11.5mm   Taille du Soleil 6mm   Porte-oculaire Crayford 2&quot; avec d\u00e9multiplication 10:1   Longueur 600mm   Poids 3.8kg\" \/>\n<meta property=\"og:url\" content=\"https:\/\/astroshop.ma\/?product=sky-watcher-lunette-heliostar-76mm-h-alpha-76-630\" \/>\n<meta property=\"og:site_name\" content=\"Astroshop Maroc\" \/>\n<meta property=\"article:modified_time\" content=\"2026-02-24T12:07:26+00:00\" \/>\n<meta property=\"og:image\" content=\"https:\/\/astroshop.ma\/wp-content\/uploads\/2026\/02\/lunette-sky-watcher-heliostar-76mm-h-alpha-76-630-2.jpg\" \/>\n\t<meta property=\"og:image:width\" content=\"800\" \/>\n\t<meta property=\"og:image:height\" content=\"800\" \/>\n\t<meta property=\"og:image:type\" content=\"image\/jpeg\" \/>\n<meta name=\"twitter:card\" content=\"summary_large_image\" \/>\n<meta name=\"twitter:label1\" content=\"Est. reading time\" \/>\n\t<meta name=\"twitter:data1\" content=\"5 minutes\" \/>\n<script type=\"application\/ld+json\" class=\"yoast-schema-graph\">{\"@context\":\"https:\\\/\\\/schema.org\",\"@graph\":[{\"@type\":\"WebPage\",\"@id\":\"https:\\\/\\\/astroshop.ma\\\/?product=sky-watcher-lunette-heliostar-76mm-h-alpha-76-630\",\"url\":\"https:\\\/\\\/astroshop.ma\\\/?product=sky-watcher-lunette-heliostar-76mm-h-alpha-76-630\",\"name\":\"Sky-Watcher Lunette Heliostar 76mm H-Alpha (76\\\/630) - Astroshop Maroc\",\"isPartOf\":{\"@id\":\"https:\\\/\\\/astroshop.ma\\\/#website\"},\"primaryImageOfPage\":{\"@id\":\"https:\\\/\\\/astroshop.ma\\\/?product=sky-watcher-lunette-heliostar-76mm-h-alpha-76-630#primaryimage\"},\"image\":{\"@id\":\"https:\\\/\\\/astroshop.ma\\\/?product=sky-watcher-lunette-heliostar-76mm-h-alpha-76-630#primaryimage\"},\"thumbnailUrl\":\"https:\\\/\\\/astroshop.ma\\\/wp-content\\\/uploads\\\/2026\\\/02\\\/lunette-sky-watcher-heliostar-76mm-h-alpha-76-630-2.jpg\",\"datePublished\":\"2026-02-21T15:20:26+00:00\",\"dateModified\":\"2026-02-24T12:07:26+00:00\",\"breadcrumb\":{\"@id\":\"https:\\\/\\\/astroshop.ma\\\/?product=sky-watcher-lunette-heliostar-76mm-h-alpha-76-630#breadcrumb\"},\"inLanguage\":\"en-US\",\"potentialAction\":[{\"@type\":\"ReadAction\",\"target\":[\"https:\\\/\\\/astroshop.ma\\\/?product=sky-watcher-lunette-heliostar-76mm-h-alpha-76-630\"]}]},{\"@type\":\"ImageObject\",\"inLanguage\":\"en-US\",\"@id\":\"https:\\\/\\\/astroshop.ma\\\/?product=sky-watcher-lunette-heliostar-76mm-h-alpha-76-630#primaryimage\",\"url\":\"https:\\\/\\\/astroshop.ma\\\/wp-content\\\/uploads\\\/2026\\\/02\\\/lunette-sky-watcher-heliostar-76mm-h-alpha-76-630-2.jpg\",\"contentUrl\":\"https:\\\/\\\/astroshop.ma\\\/wp-content\\\/uploads\\\/2026\\\/02\\\/lunette-sky-watcher-heliostar-76mm-h-alpha-76-630-2.jpg\",\"width\":800,\"height\":800},{\"@type\":\"BreadcrumbList\",\"@id\":\"https:\\\/\\\/astroshop.ma\\\/?product=sky-watcher-lunette-heliostar-76mm-h-alpha-76-630#breadcrumb\",\"itemListElement\":[{\"@type\":\"ListItem\",\"position\":1,\"name\":\"Home\",\"item\":\"https:\\\/\\\/astroshop.ma\\\/\"},{\"@type\":\"ListItem\",\"position\":2,\"name\":\"Shop\",\"item\":\"https:\\\/\\\/astroshop.ma\\\/?page_id=394\"},{\"@type\":\"ListItem\",\"position\":3,\"name\":\"Sky-Watcher Lunette Heliostar 76mm H-Alpha (76\\\/630)\"}]},{\"@type\":\"WebSite\",\"@id\":\"https:\\\/\\\/astroshop.ma\\\/#website\",\"url\":\"https:\\\/\\\/astroshop.ma\\\/\",\"name\":\"Astroshop Maroc\",\"description\":\"Des instruments astronomiques pour chaque astronome au Maroc\",\"publisher\":{\"@id\":\"https:\\\/\\\/astroshop.ma\\\/#organization\"},\"potentialAction\":[{\"@type\":\"SearchAction\",\"target\":{\"@type\":\"EntryPoint\",\"urlTemplate\":\"https:\\\/\\\/astroshop.ma\\\/?s={search_term_string}\"},\"query-input\":{\"@type\":\"PropertyValueSpecification\",\"valueRequired\":true,\"valueName\":\"search_term_string\"}}],\"inLanguage\":\"en-US\"},{\"@type\":\"Organization\",\"@id\":\"https:\\\/\\\/astroshop.ma\\\/#organization\",\"name\":\"Astroshop Maroc\",\"url\":\"https:\\\/\\\/astroshop.ma\\\/\",\"logo\":{\"@type\":\"ImageObject\",\"inLanguage\":\"en-US\",\"@id\":\"https:\\\/\\\/astroshop.ma\\\/#\\\/schema\\\/logo\\\/image\\\/\",\"url\":\"https:\\\/\\\/astroshop.ma\\\/wp-content\\\/uploads\\\/2025\\\/12\\\/M20_Logo_1.jpg\",\"contentUrl\":\"https:\\\/\\\/astroshop.ma\\\/wp-content\\\/uploads\\\/2025\\\/12\\\/M20_Logo_1.jpg\",\"width\":501,\"height\":334,\"caption\":\"Astroshop Maroc\"},\"image\":{\"@id\":\"https:\\\/\\\/astroshop.ma\\\/#\\\/schema\\\/logo\\\/image\\\/\"}}]}<\/script>\n<!-- \/ Yoast SEO plugin. -->","yoast_head_json":{"title":"Sky-Watcher Lunette Heliostar 76mm H-Alpha (76\/630) - Astroshop Maroc","robots":{"index":"index","follow":"follow","max-snippet":"max-snippet:-1","max-image-preview":"max-image-preview:large","max-video-preview":"max-video-preview:-1"},"canonical":"https:\/\/astroshop.ma\/?product=sky-watcher-lunette-heliostar-76mm-h-alpha-76-630","og_locale":"en_US","og_type":"article","og_title":"Sky-Watcher Lunette Heliostar 76mm H-Alpha (76\/630) - Astroshop Maroc","og_description":"Caract\u00e9ristiques Lunette Sky-Watcher Heliostar 76mm H-Alpha     Diam\u00e8tre 76mm   Formule optique Double achromatique   Focale 630mm   Rapport de focale 8.3   Bande passante inf\u00e9rieure \u00e0 0.5\u00c5   Filtre bloquant 11.5mm   Taille du Soleil 6mm   Porte-oculaire Crayford 2\" avec d\u00e9multiplication 10:1   Longueur 600mm   Poids 3.8kg","og_url":"https:\/\/astroshop.ma\/?product=sky-watcher-lunette-heliostar-76mm-h-alpha-76-630","og_site_name":"Astroshop Maroc","article_modified_time":"2026-02-24T12:07:26+00:00","og_image":[{"width":800,"height":800,"url":"https:\/\/astroshop.ma\/wp-content\/uploads\/2026\/02\/lunette-sky-watcher-heliostar-76mm-h-alpha-76-630-2.jpg","type":"image\/jpeg"}],"twitter_card":"summary_large_image","twitter_misc":{"Est. reading time":"5 minutes"},"schema":{"@context":"https:\/\/schema.org","@graph":[{"@type":"WebPage","@id":"https:\/\/astroshop.ma\/?product=sky-watcher-lunette-heliostar-76mm-h-alpha-76-630","url":"https:\/\/astroshop.ma\/?product=sky-watcher-lunette-heliostar-76mm-h-alpha-76-630","name":"Sky-Watcher Lunette Heliostar 76mm H-Alpha (76\/630) - Astroshop Maroc","isPartOf":{"@id":"https:\/\/astroshop.ma\/#website"},"primaryImageOfPage":{"@id":"https:\/\/astroshop.ma\/?product=sky-watcher-lunette-heliostar-76mm-h-alpha-76-630#primaryimage"},"image":{"@id":"https:\/\/astroshop.ma\/?product=sky-watcher-lunette-heliostar-76mm-h-alpha-76-630#primaryimage"},"thumbnailUrl":"https:\/\/astroshop.ma\/wp-content\/uploads\/2026\/02\/lunette-sky-watcher-heliostar-76mm-h-alpha-76-630-2.jpg","datePublished":"2026-02-21T15:20:26+00:00","dateModified":"2026-02-24T12:07:26+00:00","breadcrumb":{"@id":"https:\/\/astroshop.ma\/?product=sky-watcher-lunette-heliostar-76mm-h-alpha-76-630#breadcrumb"},"inLanguage":"en-US","potentialAction":[{"@type":"ReadAction","target":["https:\/\/astroshop.ma\/?product=sky-watcher-lunette-heliostar-76mm-h-alpha-76-630"]}]},{"@type":"ImageObject","inLanguage":"en-US","@id":"https:\/\/astroshop.ma\/?product=sky-watcher-lunette-heliostar-76mm-h-alpha-76-630#primaryimage","url":"https:\/\/astroshop.ma\/wp-content\/uploads\/2026\/02\/lunette-sky-watcher-heliostar-76mm-h-alpha-76-630-2.jpg","contentUrl":"https:\/\/astroshop.ma\/wp-content\/uploads\/2026\/02\/lunette-sky-watcher-heliostar-76mm-h-alpha-76-630-2.jpg","width":800,"height":800},{"@type":"BreadcrumbList","@id":"https:\/\/astroshop.ma\/?product=sky-watcher-lunette-heliostar-76mm-h-alpha-76-630#breadcrumb","itemListElement":[{"@type":"ListItem","position":1,"name":"Home","item":"https:\/\/astroshop.ma\/"},{"@type":"ListItem","position":2,"name":"Shop","item":"https:\/\/astroshop.ma\/?page_id=394"},{"@type":"ListItem","position":3,"name":"Sky-Watcher Lunette Heliostar 76mm H-Alpha (76\/630)"}]},{"@type":"WebSite","@id":"https:\/\/astroshop.ma\/#website","url":"https:\/\/astroshop.ma\/","name":"Astroshop Maroc","description":"Des instruments astronomiques pour chaque astronome au Maroc","publisher":{"@id":"https:\/\/astroshop.ma\/#organization"},"potentialAction":[{"@type":"SearchAction","target":{"@type":"EntryPoint","urlTemplate":"https:\/\/astroshop.ma\/?s={search_term_string}"},"query-input":{"@type":"PropertyValueSpecification","valueRequired":true,"valueName":"search_term_string"}}],"inLanguage":"en-US"},{"@type":"Organization","@id":"https:\/\/astroshop.ma\/#organization","name":"Astroshop Maroc","url":"https:\/\/astroshop.ma\/","logo":{"@type":"ImageObject","inLanguage":"en-US","@id":"https:\/\/astroshop.ma\/#\/schema\/logo\/image\/","url":"https:\/\/astroshop.ma\/wp-content\/uploads\/2025\/12\/M20_Logo_1.jpg","contentUrl":"https:\/\/astroshop.ma\/wp-content\/uploads\/2025\/12\/M20_Logo_1.jpg","width":501,"height":334,"caption":"Astroshop Maroc"},"image":{"@id":"https:\/\/astroshop.ma\/#\/schema\/logo\/image\/"}}]}},"_links":{"self":[{"href":"https:\/\/astroshop.ma\/index.php?rest_route=\/wp\/v2\/product\/11218","targetHints":{"allow":["GET"]}}],"collection":[{"href":"https:\/\/astroshop.ma\/index.php?rest_route=\/wp\/v2\/product"}],"about":[{"href":"https:\/\/astroshop.ma\/index.php?rest_route=\/wp\/v2\/types\/product"}],"wp:featuredmedia":[{"embeddable":true,"href":"https:\/\/astroshop.ma\/index.php?rest_route=\/wp\/v2\/media\/11219"}],"wp:attachment":[{"href":"https:\/\/astroshop.ma\/index.php?rest_route=%2Fwp%2Fv2%2Fmedia&parent=11218"}],"wp:term":[{"taxonomy":"product_brand","embeddable":true,"href":"https:\/\/astroshop.ma\/index.php?rest_route=%2Fwp%2Fv2%2Fproduct_brand&post=11218"},{"taxonomy":"product_cat","embeddable":true,"href":"https:\/\/astroshop.ma\/index.php?rest_route=%2Fwp%2Fv2%2Fproduct_cat&post=11218"},{"taxonomy":"product_tag","embeddable":true,"href":"https:\/\/astroshop.ma\/index.php?rest_route=%2Fwp%2Fv2%2Fproduct_tag&post=11218"}],"curies":[{"name":"wp","href":"https:\/\/api.w.org\/{rel}","templated":true}]}}