{"id":11205,"date":"2026-02-21T11:25:06","date_gmt":"2026-02-21T11:25:06","guid":{"rendered":"https:\/\/astroshop.ma\/?post_type=product&#038;p=11205"},"modified":"2026-02-24T12:07:53","modified_gmt":"2026-02-24T12:07:53","slug":"sky-watcher-tube-optique-esprit-70edx","status":"publish","type":"product","link":"https:\/\/astroshop.ma\/?product=sky-watcher-tube-optique-esprit-70edx","title":{"rendered":"Sky-Watcher  Tube optique  Esprit 70EDX"},"content":{"rendered":"<p><img loading=\"lazy\" decoding=\"async\" class=\"alignnone size-full wp-image-10127\" src=\"https:\/\/astroshop.ma\/wp-content\/uploads\/2024\/09\/Skywatcher.jpg\" alt=\"\" width=\"300\" height=\"150\" srcset=\"https:\/\/astroshop.ma\/wp-content\/uploads\/2024\/09\/Skywatcher.jpg 300w, https:\/\/astroshop.ma\/wp-content\/uploads\/2024\/09\/Skywatcher-64x32.jpg 64w\" sizes=\"auto, (max-width: 300px) 100vw, 300px\" \/><\/p>\n<h4>Tout savoir sur la lunette Sky-Watcher Esprit 70EDX<\/h4>\n<p>Con\u00e7u pour l&#8217;astronome amateur averti,\u00a0<strong>les r\u00e9fracteurs Sky-Watcher de la s\u00e9rie ESPRIT atteignent des performances \u00e9quivalentes \u00e0 du mat\u00e9riel haut de gamme<\/strong>. Avec leur design exclusif \u00e0 trois lentilles \u00e0 espace d&#8217;air (&#8220;air-spaced&#8221;),\u00a0<strong>le chromatisme est compl\u00e8tement ma\u00eetris\u00e9, d\u00e9livrant des images au piqu\u00e9 et contraste exceptionnel<\/strong>. &#8220;L&#8217;esprit&#8221; de cette gamme r\u00e9side dans un objectif comprenant un triplet ED haute qualit\u00e9. Gr\u00e2ce \u00e0 un verre central ED (du fabricant reconnu japonais Hoya), Sky-Watcher a mis\u00e9 sur le mieux pour d\u00e9livrer une optique performante en plan\u00e9taire comme en imagerie.\u00a0<strong>De plus le barillet est ajustable contrairement \u00e0 d&#8217;autres fabrications<\/strong>.<\/p>\n<p>L&#8217;utilisation de traitements multi-couches sur toutes les surfaces limite consid\u00e9rablement les pertes dues \u00e0 la travers\u00e9e de l&#8217;objectif, ce qui rend\u00a0<strong>l&#8217;Esprit 70EDX lumineuse et plus contrast\u00e9e que des lunettes classiques moins bien corrig\u00e9es<\/strong>. Le traitement &#8220;Metallic High-Transmission&#8221; (MHC) est d\u00e9pos\u00e9 sur les surfaces air-verre assurant des r\u00e9sultats \u00e9poustouflants (<strong>transmission proche de 99.5%<\/strong>).<\/p>\n<figure><img decoding=\"async\" title=\"Esprit-EDX70-3-small.webp\" src=\"https:\/\/www.telescopes-et-accessoires.fr\/img\/cms\/photos\/fiches\/SW0508_Esprit-70EDX_3_small.webp\" \/><figcaption>Lunette Sky-Watcher Esprit 70EDX f\/7<\/figcaption><\/figure>\n<p><strong>Un correcteur de champ optionnel<\/strong>\u00a0vissant (moins de flexions), dispose de 2 lentilles de 48mm de diam\u00e8tre et offre un\u00a0<strong>champ parfaitement plan au foyer sur l\u2019ensemble du cercle image<\/strong>. Ses lentilles surdimensionn\u00e9es assurent une ouverture plus large et plus claire et ne pr\u00e9sentent aucune r\u00e9flexion interne. L&#8217;Esprit 70EDX peut\u00a0<strong>gr\u00e2ce au correcteur optionnel \u00eatre utilis\u00e9 pleinement \u00e0 son rapport de focale de f\/7<\/strong>. Elle est ainsi particuli\u00e8rement\u00a0<strong>adapt\u00e9e \u00e0 la photographie du ciel profond<\/strong>. Pointez l&#8217;Esprit 70EDX vers les plus belles n\u00e9buleuses ou galaxies (Orion, Androm\u00e8de&#8230;) avec un APN ou une cam\u00e9ra CCD\/CMOS.<\/p>\n<h4>Le syst\u00e8me de mise au point Sky-Watcher Linear Power 11:1<\/h4>\n<p>La gamme Sky-Watcher Esprit dispose d&#8217;un porte-oculaire haute qualit\u00e9 : le Linear Power. Pour \u00eatre coh\u00e9rent avec l&#8217;optique et fournir de bons r\u00e9sultats en astrophotographie (ou la mise au point a une place primordiale) le porte-oculaire est une\u00a0<strong>cr\u00e9mailli\u00e8re de grande capacit\u00e9 de charge<\/strong>\u00a0pour les plus gros capteurs. Au format 2.7&#8243; (68.5mm) en entr\u00e9e, le Linear Power (design brevet\u00e9) est \u00e0 la fois\u00a0<strong>robuste et pr\u00e9cis gr\u00e2ce \u00e0 une d\u00e9multiplication 11:1<\/strong>.<\/p>\n<p>Le tube coulissant dispose\u00a0<strong>d&#8217;un rail de guidage en acier se d\u00e9placant sur 4 larges roulements \u00e0 billes<\/strong>\u00a0ce qui procure une grande douceur et \u00e9vite tout shifting lors de la mise au point. Une vis de serrage permet de maintenir la mise au point suivant l&#8217;orientation du tube optique. Le Linear Power dispose aussi d&#8217;une\u00a0<strong>\u00e9chelle gradu\u00e9e<\/strong>\u00a0sur le tube coulissant pour que vous puissiez rep\u00e9rer plusieurs positions suivant votre \u00e9quipement. Enfin,\u00a0<strong>la sortie du porte-oculaire est rotative \u00e0 360\u00b0 sans perte de votre mise au point<\/strong>\u00a0pour vous aider \u00e0 trouver le meilleur cadrage.<\/p>\n<figure><img decoding=\"async\" title=\"porte-oculaire-Esprit-8_small.webp\" src=\"https:\/\/www.telescopes-et-accessoires.fr\/img\/cms\/photos\/fiches\/SW0508_Esprit-70EDX_8_small.webp\" \/><figcaption>Syst\u00e8me de mise au point Linear Power 11:1 pour la Sky-Watcher Esprit 70EDX f\/7<\/figcaption><\/figure>\n<p>Pour r\u00e9pondre aux exigences des astronomes amateurs,\u00a0<strong>le tube optique est enti\u00e8rement r\u00e9alis\u00e9 en aluminium<\/strong>\u00a0et usin\u00e9 avec grande pr\u00e9cision sous CNC (machine \u00e0 commande num\u00e9rique). Aucune pi\u00e8ce plastique n&#8217;est utilis\u00e9e! La solidit\u00e9 est donc au rendez-vous comme l&#8217;esth\u00e9tique particuli\u00e8rement r\u00e9ussi.\u00a0<strong>L&#8217;int\u00e9rieur est noirci et baffl\u00e9 pour limiter l&#8217;intrusion de lumi\u00e8res parasites<\/strong>.<\/p>\n<p>&nbsp;<\/p>\n<p>&nbsp;<\/p>\n<h2>\u00c9l\u00e9ments Livr\u00e9s<\/h2>\n<p>&nbsp;<\/p>\n<ul>\n<li>1x Tube optique de lunette Sky-Watcher Esprit 70EDX<\/li>\n<li>1x Queue d&#8217;aronde m\u00e2le Sky-Watcher type Vixen<\/li>\n<li>1x Pare-bu\u00e9e r\u00e9tractable<\/li>\n<li>1x Poign\u00e9e de transport<\/li>\n<li>2x Base de chercheur type Synta<\/li>\n<li>1x Lot d&#8217;adaptateurs photo<\/li>\n<li>1x Valise de transport rigide<\/li>\n<\/ul>\n<figure><img decoding=\"async\" title=\"Filetage-Esprit-15_small.webp\" src=\"https:\/\/www.telescopes-et-accessoires.fr\/img\/cms\/photos\/fiches\/SW0508_Esprit-70EDX_15_small.webp\" \/><\/figure>\n","protected":false},"excerpt":{"rendered":"<table class=\"table-responsive\">\n<thead>\n<tr>\n<th>Caract\u00e9ristiques<\/th>\n<td>Lunette Sky-Watcher Esprit 70EDX<\/td>\n<\/tr>\n<\/thead>\n<tbody>\n<tr>\n<th>Formule optique<\/th>\n<td>Objectif \u00e0 triplet apochromatique<\/td>\n<\/tr>\n<tr>\n<th>Diam\u00e8tre utile<\/th>\n<td>70mm<\/td>\n<\/tr>\n<tr>\n<th>Longueur focale<\/th>\n<td>490mm<\/td>\n<\/tr>\n<tr>\n<th>Rapport F\/D<\/th>\n<td>7<\/td>\n<\/tr>\n<tr>\n<th>Diam\u00e8tre du cercle image (corrig\u00e9)<\/th>\n<td>30mm (avec le correcteur optionnel)<\/td>\n<\/tr>\n<tr>\n<th>Back-focus m\u00e9canique<\/th>\n<td>160mm (au foyer natif) &#8211; 100mm (avec le correcteur optionnel)<\/td>\n<\/tr>\n<tr>\n<th>Dispositif de mise au point<\/th>\n<td>Cr\u00e9mailli\u00e8re Linear Power 2.7&#8243; avec d\u00e9multiplication 1:11<\/td>\n<\/tr>\n<tr>\n<th>Porte-oculaire rotatif<\/th>\n<td>Coulant double standard &#8211; 2&#8243; (50.8mm) et 1.25&#8243; (31.75mm)<\/td>\n<\/tr>\n<tr>\n<th>Adaptateurs photo<\/th>\n<td>Multiple (inclus)<\/td>\n<\/tr>\n<tr>\n<th>Pare-bu\u00e9e<\/th>\n<td>R\u00e9tractable<\/td>\n<\/tr>\n<tr>\n<th>Longueur du tube optique<\/th>\n<td>368mm (pare-bu\u00e9e r\u00e9tract\u00e9) &#8211; 420mm (pare-bu\u00e9e d\u00e9ploy\u00e9)<\/td>\n<\/tr>\n<tr>\n<th>Poids du tube optique<\/th>\n<td>3.2kg<\/td>\n<\/tr>\n<\/tbody>\n<\/table>\n<p>&nbsp;<\/p>\n<p><img decoding=\"async\" src=\"https:\/\/www.telescopes-et-accessoires.fr\/img\/cms\/photos\/fiches\/Filetage_Esprit70EDX_01_small.webp\" \/><\/p>\n","protected":false},"featured_media":11206,"template":"","meta":{"_editorskit_title_hidden":false,"_editorskit_reading_time":0,"_editorskit_is_block_options_detached":false,"_editorskit_block_options_position":"{}","_coblocks_attr":"","_coblocks_dimensions":"","_coblocks_responsive_height":"","_coblocks_accordion_ie_support":"","_crdt_document":"","_monsterinsights_skip_tracking":false,"_monsterinsights_sitenote_active":false,"_monsterinsights_sitenote_note":"","_monsterinsights_sitenote_category":0},"product_brand":[209],"product_cat":[215,211,212,22],"product_tag":[],"class_list":{"0":"post-11205","1":"product","2":"type-product","3":"status-publish","4":"has-post-thumbnail","6":"product_brand-skywatcher","7":"product_cat-astrographs","8":"product_cat-lunette","9":"product_cat-lunette-telescopes","10":"product_cat-telescopes","12":"first","13":"instock","14":"shipping-taxable","15":"purchasable","16":"product-type-simple"},"yoast_head":"<!-- This site is optimized with the Yoast SEO plugin v27.3 - https:\/\/yoast.com\/product\/yoast-seo-wordpress\/ -->\n<title>Sky-Watcher Tube optique Esprit 70EDX - Astroshop Maroc<\/title>\n<meta name=\"robots\" content=\"index, follow, max-snippet:-1, max-image-preview:large, max-video-preview:-1\" \/>\n<link rel=\"canonical\" href=\"https:\/\/astroshop.ma\/?product=sky-watcher-tube-optique-esprit-70edx\" \/>\n<meta property=\"og:locale\" content=\"en_US\" \/>\n<meta property=\"og:type\" content=\"article\" \/>\n<meta property=\"og:title\" content=\"Sky-Watcher Tube optique Esprit 70EDX - Astroshop Maroc\" \/>\n<meta property=\"og:description\" content=\"Caract\u00e9ristiques Lunette Sky-Watcher Esprit 70EDX     Formule optique Objectif \u00e0 triplet apochromatique   Diam\u00e8tre utile 70mm   Longueur focale 490mm   Rapport F\/D 7   Diam\u00e8tre du cercle image (corrig\u00e9) 30mm (avec le correcteur optionnel)   Back-focus m\u00e9canique 160mm (au foyer natif) - 100mm (avec le correcteur optionnel)   Dispositif de mise au point Cr\u00e9mailli\u00e8re Linear Power 2.7&quot; avec d\u00e9multiplication 1:11   Porte-oculaire rotatif Coulant double standard - 2&quot; (50.8mm) et 1.25&quot; (31.75mm)   Adaptateurs photo Multiple (inclus)   Pare-bu\u00e9e R\u00e9tractable   Longueur du tube optique 368mm (pare-bu\u00e9e r\u00e9tract\u00e9) - 420mm (pare-bu\u00e9e d\u00e9ploy\u00e9)   Poids du tube optique 3.2kg    &nbsp;\" \/>\n<meta property=\"og:url\" content=\"https:\/\/astroshop.ma\/?product=sky-watcher-tube-optique-esprit-70edx\" \/>\n<meta property=\"og:site_name\" content=\"Astroshop Maroc\" \/>\n<meta property=\"article:modified_time\" content=\"2026-02-24T12:07:53+00:00\" \/>\n<meta property=\"og:image\" content=\"https:\/\/astroshop.ma\/wp-content\/uploads\/2026\/02\/tube-optique-sky-watcher-esprit-70edx.jpg\" \/>\n\t<meta property=\"og:image:width\" content=\"800\" \/>\n\t<meta property=\"og:image:height\" content=\"800\" \/>\n\t<meta property=\"og:image:type\" content=\"image\/jpeg\" \/>\n<meta name=\"twitter:card\" content=\"summary_large_image\" \/>\n<meta name=\"twitter:label1\" content=\"Est. reading time\" \/>\n\t<meta name=\"twitter:data1\" content=\"4 minutes\" \/>\n<script type=\"application\/ld+json\" class=\"yoast-schema-graph\">{\"@context\":\"https:\\\/\\\/schema.org\",\"@graph\":[{\"@type\":\"WebPage\",\"@id\":\"https:\\\/\\\/astroshop.ma\\\/?product=sky-watcher-tube-optique-esprit-70edx\",\"url\":\"https:\\\/\\\/astroshop.ma\\\/?product=sky-watcher-tube-optique-esprit-70edx\",\"name\":\"Sky-Watcher Tube optique Esprit 70EDX - Astroshop Maroc\",\"isPartOf\":{\"@id\":\"https:\\\/\\\/astroshop.ma\\\/#website\"},\"primaryImageOfPage\":{\"@id\":\"https:\\\/\\\/astroshop.ma\\\/?product=sky-watcher-tube-optique-esprit-70edx#primaryimage\"},\"image\":{\"@id\":\"https:\\\/\\\/astroshop.ma\\\/?product=sky-watcher-tube-optique-esprit-70edx#primaryimage\"},\"thumbnailUrl\":\"https:\\\/\\\/astroshop.ma\\\/wp-content\\\/uploads\\\/2026\\\/02\\\/tube-optique-sky-watcher-esprit-70edx.jpg\",\"datePublished\":\"2026-02-21T11:25:06+00:00\",\"dateModified\":\"2026-02-24T12:07:53+00:00\",\"breadcrumb\":{\"@id\":\"https:\\\/\\\/astroshop.ma\\\/?product=sky-watcher-tube-optique-esprit-70edx#breadcrumb\"},\"inLanguage\":\"en-US\",\"potentialAction\":[{\"@type\":\"ReadAction\",\"target\":[\"https:\\\/\\\/astroshop.ma\\\/?product=sky-watcher-tube-optique-esprit-70edx\"]}]},{\"@type\":\"ImageObject\",\"inLanguage\":\"en-US\",\"@id\":\"https:\\\/\\\/astroshop.ma\\\/?product=sky-watcher-tube-optique-esprit-70edx#primaryimage\",\"url\":\"https:\\\/\\\/astroshop.ma\\\/wp-content\\\/uploads\\\/2026\\\/02\\\/tube-optique-sky-watcher-esprit-70edx.jpg\",\"contentUrl\":\"https:\\\/\\\/astroshop.ma\\\/wp-content\\\/uploads\\\/2026\\\/02\\\/tube-optique-sky-watcher-esprit-70edx.jpg\",\"width\":800,\"height\":800},{\"@type\":\"BreadcrumbList\",\"@id\":\"https:\\\/\\\/astroshop.ma\\\/?product=sky-watcher-tube-optique-esprit-70edx#breadcrumb\",\"itemListElement\":[{\"@type\":\"ListItem\",\"position\":1,\"name\":\"Home\",\"item\":\"https:\\\/\\\/astroshop.ma\\\/\"},{\"@type\":\"ListItem\",\"position\":2,\"name\":\"Shop\",\"item\":\"https:\\\/\\\/astroshop.ma\\\/?page_id=394\"},{\"@type\":\"ListItem\",\"position\":3,\"name\":\"Sky-Watcher Tube optique Esprit 70EDX\"}]},{\"@type\":\"WebSite\",\"@id\":\"https:\\\/\\\/astroshop.ma\\\/#website\",\"url\":\"https:\\\/\\\/astroshop.ma\\\/\",\"name\":\"Astroshop Maroc\",\"description\":\"Des instruments astronomiques pour chaque astronome au Maroc\",\"publisher\":{\"@id\":\"https:\\\/\\\/astroshop.ma\\\/#organization\"},\"potentialAction\":[{\"@type\":\"SearchAction\",\"target\":{\"@type\":\"EntryPoint\",\"urlTemplate\":\"https:\\\/\\\/astroshop.ma\\\/?s={search_term_string}\"},\"query-input\":{\"@type\":\"PropertyValueSpecification\",\"valueRequired\":true,\"valueName\":\"search_term_string\"}}],\"inLanguage\":\"en-US\"},{\"@type\":\"Organization\",\"@id\":\"https:\\\/\\\/astroshop.ma\\\/#organization\",\"name\":\"Astroshop Maroc\",\"url\":\"https:\\\/\\\/astroshop.ma\\\/\",\"logo\":{\"@type\":\"ImageObject\",\"inLanguage\":\"en-US\",\"@id\":\"https:\\\/\\\/astroshop.ma\\\/#\\\/schema\\\/logo\\\/image\\\/\",\"url\":\"https:\\\/\\\/astroshop.ma\\\/wp-content\\\/uploads\\\/2025\\\/12\\\/M20_Logo_1.jpg\",\"contentUrl\":\"https:\\\/\\\/astroshop.ma\\\/wp-content\\\/uploads\\\/2025\\\/12\\\/M20_Logo_1.jpg\",\"width\":501,\"height\":334,\"caption\":\"Astroshop Maroc\"},\"image\":{\"@id\":\"https:\\\/\\\/astroshop.ma\\\/#\\\/schema\\\/logo\\\/image\\\/\"}}]}<\/script>\n<!-- \/ Yoast SEO plugin. -->","yoast_head_json":{"title":"Sky-Watcher Tube optique Esprit 70EDX - Astroshop Maroc","robots":{"index":"index","follow":"follow","max-snippet":"max-snippet:-1","max-image-preview":"max-image-preview:large","max-video-preview":"max-video-preview:-1"},"canonical":"https:\/\/astroshop.ma\/?product=sky-watcher-tube-optique-esprit-70edx","og_locale":"en_US","og_type":"article","og_title":"Sky-Watcher Tube optique Esprit 70EDX - Astroshop Maroc","og_description":"Caract\u00e9ristiques Lunette Sky-Watcher Esprit 70EDX     Formule optique Objectif \u00e0 triplet apochromatique   Diam\u00e8tre utile 70mm   Longueur focale 490mm   Rapport F\/D 7   Diam\u00e8tre du cercle image (corrig\u00e9) 30mm (avec le correcteur optionnel)   Back-focus m\u00e9canique 160mm (au foyer natif) - 100mm (avec le correcteur optionnel)   Dispositif de mise au point Cr\u00e9mailli\u00e8re Linear Power 2.7\" avec d\u00e9multiplication 1:11   Porte-oculaire rotatif Coulant double standard - 2\" (50.8mm) et 1.25\" (31.75mm)   Adaptateurs photo Multiple (inclus)   Pare-bu\u00e9e R\u00e9tractable   Longueur du tube optique 368mm (pare-bu\u00e9e r\u00e9tract\u00e9) - 420mm (pare-bu\u00e9e d\u00e9ploy\u00e9)   Poids du tube optique 3.2kg    &nbsp;","og_url":"https:\/\/astroshop.ma\/?product=sky-watcher-tube-optique-esprit-70edx","og_site_name":"Astroshop Maroc","article_modified_time":"2026-02-24T12:07:53+00:00","og_image":[{"width":800,"height":800,"url":"https:\/\/astroshop.ma\/wp-content\/uploads\/2026\/02\/tube-optique-sky-watcher-esprit-70edx.jpg","type":"image\/jpeg"}],"twitter_card":"summary_large_image","twitter_misc":{"Est. reading time":"4 minutes"},"schema":{"@context":"https:\/\/schema.org","@graph":[{"@type":"WebPage","@id":"https:\/\/astroshop.ma\/?product=sky-watcher-tube-optique-esprit-70edx","url":"https:\/\/astroshop.ma\/?product=sky-watcher-tube-optique-esprit-70edx","name":"Sky-Watcher Tube optique Esprit 70EDX - Astroshop Maroc","isPartOf":{"@id":"https:\/\/astroshop.ma\/#website"},"primaryImageOfPage":{"@id":"https:\/\/astroshop.ma\/?product=sky-watcher-tube-optique-esprit-70edx#primaryimage"},"image":{"@id":"https:\/\/astroshop.ma\/?product=sky-watcher-tube-optique-esprit-70edx#primaryimage"},"thumbnailUrl":"https:\/\/astroshop.ma\/wp-content\/uploads\/2026\/02\/tube-optique-sky-watcher-esprit-70edx.jpg","datePublished":"2026-02-21T11:25:06+00:00","dateModified":"2026-02-24T12:07:53+00:00","breadcrumb":{"@id":"https:\/\/astroshop.ma\/?product=sky-watcher-tube-optique-esprit-70edx#breadcrumb"},"inLanguage":"en-US","potentialAction":[{"@type":"ReadAction","target":["https:\/\/astroshop.ma\/?product=sky-watcher-tube-optique-esprit-70edx"]}]},{"@type":"ImageObject","inLanguage":"en-US","@id":"https:\/\/astroshop.ma\/?product=sky-watcher-tube-optique-esprit-70edx#primaryimage","url":"https:\/\/astroshop.ma\/wp-content\/uploads\/2026\/02\/tube-optique-sky-watcher-esprit-70edx.jpg","contentUrl":"https:\/\/astroshop.ma\/wp-content\/uploads\/2026\/02\/tube-optique-sky-watcher-esprit-70edx.jpg","width":800,"height":800},{"@type":"BreadcrumbList","@id":"https:\/\/astroshop.ma\/?product=sky-watcher-tube-optique-esprit-70edx#breadcrumb","itemListElement":[{"@type":"ListItem","position":1,"name":"Home","item":"https:\/\/astroshop.ma\/"},{"@type":"ListItem","position":2,"name":"Shop","item":"https:\/\/astroshop.ma\/?page_id=394"},{"@type":"ListItem","position":3,"name":"Sky-Watcher Tube optique Esprit 70EDX"}]},{"@type":"WebSite","@id":"https:\/\/astroshop.ma\/#website","url":"https:\/\/astroshop.ma\/","name":"Astroshop Maroc","description":"Des instruments astronomiques pour chaque astronome au Maroc","publisher":{"@id":"https:\/\/astroshop.ma\/#organization"},"potentialAction":[{"@type":"SearchAction","target":{"@type":"EntryPoint","urlTemplate":"https:\/\/astroshop.ma\/?s={search_term_string}"},"query-input":{"@type":"PropertyValueSpecification","valueRequired":true,"valueName":"search_term_string"}}],"inLanguage":"en-US"},{"@type":"Organization","@id":"https:\/\/astroshop.ma\/#organization","name":"Astroshop Maroc","url":"https:\/\/astroshop.ma\/","logo":{"@type":"ImageObject","inLanguage":"en-US","@id":"https:\/\/astroshop.ma\/#\/schema\/logo\/image\/","url":"https:\/\/astroshop.ma\/wp-content\/uploads\/2025\/12\/M20_Logo_1.jpg","contentUrl":"https:\/\/astroshop.ma\/wp-content\/uploads\/2025\/12\/M20_Logo_1.jpg","width":501,"height":334,"caption":"Astroshop Maroc"},"image":{"@id":"https:\/\/astroshop.ma\/#\/schema\/logo\/image\/"}}]}},"_links":{"self":[{"href":"https:\/\/astroshop.ma\/index.php?rest_route=\/wp\/v2\/product\/11205","targetHints":{"allow":["GET"]}}],"collection":[{"href":"https:\/\/astroshop.ma\/index.php?rest_route=\/wp\/v2\/product"}],"about":[{"href":"https:\/\/astroshop.ma\/index.php?rest_route=\/wp\/v2\/types\/product"}],"wp:featuredmedia":[{"embeddable":true,"href":"https:\/\/astroshop.ma\/index.php?rest_route=\/wp\/v2\/media\/11206"}],"wp:attachment":[{"href":"https:\/\/astroshop.ma\/index.php?rest_route=%2Fwp%2Fv2%2Fmedia&parent=11205"}],"wp:term":[{"taxonomy":"product_brand","embeddable":true,"href":"https:\/\/astroshop.ma\/index.php?rest_route=%2Fwp%2Fv2%2Fproduct_brand&post=11205"},{"taxonomy":"product_cat","embeddable":true,"href":"https:\/\/astroshop.ma\/index.php?rest_route=%2Fwp%2Fv2%2Fproduct_cat&post=11205"},{"taxonomy":"product_tag","embeddable":true,"href":"https:\/\/astroshop.ma\/index.php?rest_route=%2Fwp%2Fv2%2Fproduct_tag&post=11205"}],"curies":[{"name":"wp","href":"https:\/\/api.w.org\/{rel}","templated":true}]}}