{"id":11190,"date":"2026-02-21T10:24:59","date_gmt":"2026-02-21T10:24:59","guid":{"rendered":"https:\/\/astroshop.ma\/?post_type=product&#038;p=11190"},"modified":"2026-02-24T12:08:04","modified_gmt":"2026-02-24T12:08:04","slug":"sky-watcher-tube-optique-100edx-evostar","status":"publish","type":"product","link":"https:\/\/astroshop.ma\/?product=sky-watcher-tube-optique-100edx-evostar","title":{"rendered":"Sky-Watcher Tube optique  100EDX Evostar"},"content":{"rendered":"<p><img loading=\"lazy\" decoding=\"async\" class=\"alignnone size-full wp-image-10806\" src=\"https:\/\/astroshop.ma\/wp-content\/uploads\/2025\/10\/Skywatcher.jpg\" alt=\"\" width=\"300\" height=\"150\" srcset=\"https:\/\/astroshop.ma\/wp-content\/uploads\/2025\/10\/Skywatcher.jpg 300w, https:\/\/astroshop.ma\/wp-content\/uploads\/2025\/10\/Skywatcher-64x32.jpg 64w\" sizes=\"auto, (max-width: 300px) 100vw, 300px\" \/><\/p>\n<p>&nbsp;<\/p>\n<h1 class=\"h1\">Tube optique Sky-Watcher 100EDX Evostar<\/h1>\n<p>&nbsp;<\/p>\n<h2><strong>Lunette apochromatique l&#8217;observation plan\u00e9taire et la photo du ciel profond<\/strong><\/h2>\n<p>&nbsp;<\/p>\n<h4>Tout savoir sur la lunette Sky-Watcher EvoStar 100EDX<\/h4>\n<p>Sky-Watcher propose la gamme EvoStar EDX de 80 \u00e0 150mm pour couvrir un large panel de besoin. L&#8217;EvoStar 100EDX est de diam\u00e8tre interm\u00e9diaire et s&#8217;adresse aux amateurs recherchant un instrument polyvalent :\u00a0<strong>\u00e0 la fois pour l&#8217;observation des plan\u00e8tes ET la photo du ciel profond<\/strong>. Gr\u00e2ce \u00e0 son rapport de focale \u00e0 f\/7 elle permet la pratique de l&#8217;astrophotographie. N\u00e9buleuses et galaxies seront alors des cibles de choix. Sa qualit\u00e9 optique d&#8217;un niveau \u00e9lev\u00e9, gr\u00e2ce \u00e0 la bonne correction du chromatisme, ravira plus d&#8217;un amateur.\u00a0<strong>La Lune, Jupiter et Saturne vous offriront un beau spectacle \u00e0 100mm de diam\u00e8tre<\/strong>, n&#8217;h\u00e9sitez pas \u00e0 utiliser un grossissement \u00e9lev\u00e9 sur un tel instrument.<\/p>\n<figure><img decoding=\"async\" title=\"Evostar-EDX100-apo.png\" src=\"https:\/\/www.telescopes-et-accessoires.fr\/img\/cms\/photos\/fiches\/apo-01.png\" \/><figcaption>Syst\u00e8me achro et apo-chromatique<\/figcaption><\/figure>\n<p>Pour obtenir le pr\u00e9cieux qualificatif &#8220;APO&#8221;, un r\u00e9fracteur doit corriger les aberrations chromatiques primaires et secondaires, inh\u00e9rentes \u00e0 tous les syst\u00e8mes dont les rayons lumineux traversent un \u00e9l\u00e9ment optique. Dans le cas de l&#8217;EvoStar 100EDX, un doublet compos\u00e9 d&#8217;un \u00e9l\u00e9ment en verre ED (du fabricant reconnu japonais Hoya) r\u00e9duit le chromatisme pour limiter consid\u00e9rablement l&#8217;apparition de lis\u00e9r\u00e9s color\u00e9s sur les plan\u00e8tes ou la Lune. L&#8217;utilisation de traitements multi-couches sur toutes les surfaces limite consid\u00e9rablement les pertes dues \u00e0 la travers\u00e9e de l&#8217;objectif, ce qui rend\u00a0<strong>l&#8217;EvoStar 100EDX lumineuse et plus contrast\u00e9e que des lunettes classiques moins bien corrig\u00e9es<\/strong>. Le traitement &#8220;Metallic High-Transmission&#8221; (MHC) est d\u00e9pos\u00e9 sur les surfaces air-verre assurant des r\u00e9sultats \u00e9poustouflants (<strong>transmission proche de 99.5%<\/strong>).<\/p>\n<p>Gr\u00e2ce \u00e0 son rapport de focale (f\/7) la lunette\u00a0<strong>Sky-Watcher EvoStar 100EDX est particuli\u00e8rement int\u00e9ressante pour la photographie du ciel profond<\/strong>. En combinaison, par exemple, avec un appareil photo num\u00e9rique grand format (correcteur\/r\u00e9ducteur conseill\u00e9), pointez la lunette vers les plus beaux ou complexes objets du ciel profond. De plus\u00a0<strong>un tel diam\u00e8tre r\u00e9colte 56% de plus de lumi\u00e8re qu&#8217;un r\u00e9fracteur de 80mm<\/strong>.<\/p>\n<h4>Porte-oculaire 2.6&#8243; Crayford Dual Speed 10:1<\/h4>\n<figure><img decoding=\"async\" title=\"Evostar-EDX100-01_small.webp\" src=\"https:\/\/www.telescopes-et-accessoires.fr\/img\/cms\/photos\/fiches\/EVOSTAR_100EDX01_small.webp\" \/><figcaption>Lunette apochromatique Sky-Watcher EvoStar 100EDX f\/7<\/figcaption><\/figure>\n<p>La gamme Sky-Watcher EvoStar dispose d&#8217;un porte-oculaire de qualit\u00e9 car pour \u00eatre coh\u00e9rent avec l&#8217;optique et fournir de bons r\u00e9sultats en astrophotographie (ou la mise au point a une place primordiale) la m\u00e9canique doit \u00eatre optimis\u00e9e. Le porte-oculaire est\u00a0<strong>un Crayford de grande capacit\u00e9 de charge<\/strong>\u00a0pour les plus gros capteurs. Au format 2.6&#8243; (66mm) en entr\u00e9e,il est \u00e0 la fois\u00a0<strong>robuste et pr\u00e9cis gr\u00e2ce \u00e0 une d\u00e9multiplication 10:1<\/strong>. Une vis de serrage permet de maintenir la mise au point suivant l&#8217;orientation du tube optique.<strong>La sortie du porte-oculaire est rotative \u00e0 360\u00b0 sans perte de votre mise au point<\/strong>\u00a0pour vous aider \u00e0 trouver le meilleur cadrage.<\/p>\n<p>Pour r\u00e9pondre aux exigences des astronomes amateurs,\u00a0<strong>le tube optique est enti\u00e8rement r\u00e9alis\u00e9 en aluminium<\/strong>\u00a0et usin\u00e9 avec grande pr\u00e9cision sous CNC (machine \u00e0 commande num\u00e9rique). Aucune pi\u00e8ce plastique n&#8217;est utilis\u00e9e! La solidit\u00e9 est donc au rendez-vous comme l&#8217;esth\u00e9tique particuli\u00e8rement r\u00e9ussi.\u00a0<strong>L&#8217;int\u00e9rieur est noirci et baffl\u00e9 pour limiter l&#8217;intrusion de lumi\u00e8res parasites<\/strong>. Deux colliers et une queue d&#8217;aronde type Vixen sont inclus pour la fixation \u00e0 votre monture.<\/p>\n<p>&nbsp;<\/p>\n<h3>\u00c9l\u00e9ments Livr\u00e9s<\/h3>\n<p>&nbsp;<\/p>\n<ul>\n<li>1x Tube optique de lunette Sky-Watcher EvoStar 100EDX f\/7<\/li>\n<li>1x Paire de colliers Sky-Watcher<\/li>\n<li>1x Queue d&#8217;aronde m\u00e2le Sky-Watcher type Vixen<\/li>\n<li>1x Pare-bu\u00e9e r\u00e9tractable<\/li>\n<li>1x Poign\u00e9e de transport<\/li>\n<li>1x Base de chercheur type Synta<\/li>\n<li>1x Valise de transport rigide<\/li>\n<\/ul>\n","protected":false},"excerpt":{"rendered":"<h2>Caract\u00e9ristiques<\/h2>\n<p>&nbsp;<\/p>\n<table class=\"table-responsive\">\n<thead>\n<tr>\n<th>Caract\u00e9ristiques<\/th>\n<td>Lunette Sky-Watcher EvosStar 100EDX f\/7<\/td>\n<\/tr>\n<\/thead>\n<tbody>\n<tr>\n<th>Formule optique<\/th>\n<td>Lunette avec objectif \u00e0 doublet apochromatique<\/td>\n<\/tr>\n<tr>\n<th>Diam\u00e8tre utile<\/th>\n<td>100mm<\/td>\n<\/tr>\n<tr>\n<th>Longueur focale<\/th>\n<td>700mm<\/td>\n<\/tr>\n<tr>\n<th>Rapport F\/D<\/th>\n<td>7<\/td>\n<\/tr>\n<tr>\n<th>Dispositif de mise au point<\/th>\n<td>Crayford Dual Speed 2.6&#8243; avec d\u00e9multiplication 1:10<\/td>\n<\/tr>\n<tr>\n<th>Porte-oculaire rotatif<\/th>\n<td>Coulant double standard &#8211; 2&#8243; (50.8mm) et 1.25&#8243; (31.75mm)<\/td>\n<\/tr>\n<tr>\n<th>Pare-bu\u00e9e<\/th>\n<td>R\u00e9tractable<\/td>\n<\/tr>\n<tr>\n<th>Longueur du tube optique<\/th>\n<td>570mm (pare-bu\u00e9e r\u00e9tract\u00e9) &#8211; 675mm (pare-bu\u00e9e d\u00e9ploy\u00e9)<\/td>\n<\/tr>\n<\/tbody>\n<\/table>\n","protected":false},"featured_media":11191,"template":"","meta":{"_editorskit_title_hidden":false,"_editorskit_reading_time":0,"_editorskit_is_block_options_detached":false,"_editorskit_block_options_position":"{}","_coblocks_attr":"","_coblocks_dimensions":"","_coblocks_responsive_height":"","_coblocks_accordion_ie_support":"","_crdt_document":"","_monsterinsights_skip_tracking":false,"_monsterinsights_sitenote_active":false,"_monsterinsights_sitenote_note":"","_monsterinsights_sitenote_category":0},"product_brand":[209],"product_cat":[215,212,211,22],"product_tag":[],"class_list":{"0":"post-11190","1":"product","2":"type-product","3":"status-publish","4":"has-post-thumbnail","6":"product_brand-skywatcher","7":"product_cat-astrographs","8":"product_cat-lunette-telescopes","9":"product_cat-lunette","10":"product_cat-telescopes","12":"first","13":"instock","14":"shipping-taxable","15":"purchasable","16":"product-type-simple"},"yoast_head":"<!-- This site is optimized with the Yoast SEO plugin v27.3 - https:\/\/yoast.com\/product\/yoast-seo-wordpress\/ -->\n<title>Sky-Watcher Tube optique 100EDX Evostar - Astroshop Maroc<\/title>\n<meta name=\"robots\" content=\"index, follow, max-snippet:-1, max-image-preview:large, max-video-preview:-1\" \/>\n<link rel=\"canonical\" href=\"https:\/\/astroshop.ma\/?product=sky-watcher-tube-optique-100edx-evostar\" \/>\n<meta property=\"og:locale\" content=\"en_US\" \/>\n<meta property=\"og:type\" content=\"article\" \/>\n<meta property=\"og:title\" content=\"Sky-Watcher Tube optique 100EDX Evostar - Astroshop Maroc\" \/>\n<meta property=\"og:description\" content=\"Caract\u00e9ristiques &nbsp;     Caract\u00e9ristiques Lunette Sky-Watcher EvosStar 100EDX f\/7     Formule optique Lunette avec objectif \u00e0 doublet apochromatique   Diam\u00e8tre utile 100mm   Longueur focale 700mm   Rapport F\/D 7   Dispositif de mise au point Crayford Dual Speed 2.6&quot; avec d\u00e9multiplication 1:10   Porte-oculaire rotatif Coulant double standard - 2&quot; (50.8mm) et 1.25&quot; (31.75mm)   Pare-bu\u00e9e R\u00e9tractable   Longueur du tube optique 570mm (pare-bu\u00e9e r\u00e9tract\u00e9) - 675mm (pare-bu\u00e9e d\u00e9ploy\u00e9)\" \/>\n<meta property=\"og:url\" content=\"https:\/\/astroshop.ma\/?product=sky-watcher-tube-optique-100edx-evostar\" \/>\n<meta property=\"og:site_name\" content=\"Astroshop Maroc\" \/>\n<meta property=\"article:modified_time\" content=\"2026-02-24T12:08:04+00:00\" \/>\n<meta property=\"og:image\" content=\"https:\/\/astroshop.ma\/wp-content\/uploads\/2026\/02\/tube-optique-sky-watcher-100edx-evostar.jpg\" \/>\n\t<meta property=\"og:image:width\" content=\"800\" \/>\n\t<meta property=\"og:image:height\" content=\"800\" \/>\n\t<meta property=\"og:image:type\" content=\"image\/jpeg\" \/>\n<meta name=\"twitter:card\" content=\"summary_large_image\" \/>\n<meta name=\"twitter:label1\" content=\"Est. reading time\" \/>\n\t<meta name=\"twitter:data1\" content=\"4 minutes\" \/>\n<script type=\"application\/ld+json\" class=\"yoast-schema-graph\">{\"@context\":\"https:\\\/\\\/schema.org\",\"@graph\":[{\"@type\":\"WebPage\",\"@id\":\"https:\\\/\\\/astroshop.ma\\\/?product=sky-watcher-tube-optique-100edx-evostar\",\"url\":\"https:\\\/\\\/astroshop.ma\\\/?product=sky-watcher-tube-optique-100edx-evostar\",\"name\":\"Sky-Watcher Tube optique 100EDX Evostar - Astroshop Maroc\",\"isPartOf\":{\"@id\":\"https:\\\/\\\/astroshop.ma\\\/#website\"},\"primaryImageOfPage\":{\"@id\":\"https:\\\/\\\/astroshop.ma\\\/?product=sky-watcher-tube-optique-100edx-evostar#primaryimage\"},\"image\":{\"@id\":\"https:\\\/\\\/astroshop.ma\\\/?product=sky-watcher-tube-optique-100edx-evostar#primaryimage\"},\"thumbnailUrl\":\"https:\\\/\\\/astroshop.ma\\\/wp-content\\\/uploads\\\/2026\\\/02\\\/tube-optique-sky-watcher-100edx-evostar.jpg\",\"datePublished\":\"2026-02-21T10:24:59+00:00\",\"dateModified\":\"2026-02-24T12:08:04+00:00\",\"breadcrumb\":{\"@id\":\"https:\\\/\\\/astroshop.ma\\\/?product=sky-watcher-tube-optique-100edx-evostar#breadcrumb\"},\"inLanguage\":\"en-US\",\"potentialAction\":[{\"@type\":\"ReadAction\",\"target\":[\"https:\\\/\\\/astroshop.ma\\\/?product=sky-watcher-tube-optique-100edx-evostar\"]}]},{\"@type\":\"ImageObject\",\"inLanguage\":\"en-US\",\"@id\":\"https:\\\/\\\/astroshop.ma\\\/?product=sky-watcher-tube-optique-100edx-evostar#primaryimage\",\"url\":\"https:\\\/\\\/astroshop.ma\\\/wp-content\\\/uploads\\\/2026\\\/02\\\/tube-optique-sky-watcher-100edx-evostar.jpg\",\"contentUrl\":\"https:\\\/\\\/astroshop.ma\\\/wp-content\\\/uploads\\\/2026\\\/02\\\/tube-optique-sky-watcher-100edx-evostar.jpg\",\"width\":800,\"height\":800},{\"@type\":\"BreadcrumbList\",\"@id\":\"https:\\\/\\\/astroshop.ma\\\/?product=sky-watcher-tube-optique-100edx-evostar#breadcrumb\",\"itemListElement\":[{\"@type\":\"ListItem\",\"position\":1,\"name\":\"Home\",\"item\":\"https:\\\/\\\/astroshop.ma\\\/\"},{\"@type\":\"ListItem\",\"position\":2,\"name\":\"Shop\",\"item\":\"https:\\\/\\\/astroshop.ma\\\/?page_id=394\"},{\"@type\":\"ListItem\",\"position\":3,\"name\":\"Sky-Watcher Tube optique 100EDX Evostar\"}]},{\"@type\":\"WebSite\",\"@id\":\"https:\\\/\\\/astroshop.ma\\\/#website\",\"url\":\"https:\\\/\\\/astroshop.ma\\\/\",\"name\":\"Astroshop Maroc\",\"description\":\"Des instruments astronomiques pour chaque astronome au Maroc\",\"publisher\":{\"@id\":\"https:\\\/\\\/astroshop.ma\\\/#organization\"},\"potentialAction\":[{\"@type\":\"SearchAction\",\"target\":{\"@type\":\"EntryPoint\",\"urlTemplate\":\"https:\\\/\\\/astroshop.ma\\\/?s={search_term_string}\"},\"query-input\":{\"@type\":\"PropertyValueSpecification\",\"valueRequired\":true,\"valueName\":\"search_term_string\"}}],\"inLanguage\":\"en-US\"},{\"@type\":\"Organization\",\"@id\":\"https:\\\/\\\/astroshop.ma\\\/#organization\",\"name\":\"Astroshop Maroc\",\"url\":\"https:\\\/\\\/astroshop.ma\\\/\",\"logo\":{\"@type\":\"ImageObject\",\"inLanguage\":\"en-US\",\"@id\":\"https:\\\/\\\/astroshop.ma\\\/#\\\/schema\\\/logo\\\/image\\\/\",\"url\":\"https:\\\/\\\/astroshop.ma\\\/wp-content\\\/uploads\\\/2025\\\/12\\\/M20_Logo_1.jpg\",\"contentUrl\":\"https:\\\/\\\/astroshop.ma\\\/wp-content\\\/uploads\\\/2025\\\/12\\\/M20_Logo_1.jpg\",\"width\":501,\"height\":334,\"caption\":\"Astroshop Maroc\"},\"image\":{\"@id\":\"https:\\\/\\\/astroshop.ma\\\/#\\\/schema\\\/logo\\\/image\\\/\"}}]}<\/script>\n<!-- \/ Yoast SEO plugin. -->","yoast_head_json":{"title":"Sky-Watcher Tube optique 100EDX Evostar - Astroshop Maroc","robots":{"index":"index","follow":"follow","max-snippet":"max-snippet:-1","max-image-preview":"max-image-preview:large","max-video-preview":"max-video-preview:-1"},"canonical":"https:\/\/astroshop.ma\/?product=sky-watcher-tube-optique-100edx-evostar","og_locale":"en_US","og_type":"article","og_title":"Sky-Watcher Tube optique 100EDX Evostar - Astroshop Maroc","og_description":"Caract\u00e9ristiques &nbsp;     Caract\u00e9ristiques Lunette Sky-Watcher EvosStar 100EDX f\/7     Formule optique Lunette avec objectif \u00e0 doublet apochromatique   Diam\u00e8tre utile 100mm   Longueur focale 700mm   Rapport F\/D 7   Dispositif de mise au point Crayford Dual Speed 2.6\" avec d\u00e9multiplication 1:10   Porte-oculaire rotatif Coulant double standard - 2\" (50.8mm) et 1.25\" (31.75mm)   Pare-bu\u00e9e R\u00e9tractable   Longueur du tube optique 570mm (pare-bu\u00e9e r\u00e9tract\u00e9) - 675mm (pare-bu\u00e9e d\u00e9ploy\u00e9)","og_url":"https:\/\/astroshop.ma\/?product=sky-watcher-tube-optique-100edx-evostar","og_site_name":"Astroshop Maroc","article_modified_time":"2026-02-24T12:08:04+00:00","og_image":[{"width":800,"height":800,"url":"https:\/\/astroshop.ma\/wp-content\/uploads\/2026\/02\/tube-optique-sky-watcher-100edx-evostar.jpg","type":"image\/jpeg"}],"twitter_card":"summary_large_image","twitter_misc":{"Est. reading time":"4 minutes"},"schema":{"@context":"https:\/\/schema.org","@graph":[{"@type":"WebPage","@id":"https:\/\/astroshop.ma\/?product=sky-watcher-tube-optique-100edx-evostar","url":"https:\/\/astroshop.ma\/?product=sky-watcher-tube-optique-100edx-evostar","name":"Sky-Watcher Tube optique 100EDX Evostar - Astroshop Maroc","isPartOf":{"@id":"https:\/\/astroshop.ma\/#website"},"primaryImageOfPage":{"@id":"https:\/\/astroshop.ma\/?product=sky-watcher-tube-optique-100edx-evostar#primaryimage"},"image":{"@id":"https:\/\/astroshop.ma\/?product=sky-watcher-tube-optique-100edx-evostar#primaryimage"},"thumbnailUrl":"https:\/\/astroshop.ma\/wp-content\/uploads\/2026\/02\/tube-optique-sky-watcher-100edx-evostar.jpg","datePublished":"2026-02-21T10:24:59+00:00","dateModified":"2026-02-24T12:08:04+00:00","breadcrumb":{"@id":"https:\/\/astroshop.ma\/?product=sky-watcher-tube-optique-100edx-evostar#breadcrumb"},"inLanguage":"en-US","potentialAction":[{"@type":"ReadAction","target":["https:\/\/astroshop.ma\/?product=sky-watcher-tube-optique-100edx-evostar"]}]},{"@type":"ImageObject","inLanguage":"en-US","@id":"https:\/\/astroshop.ma\/?product=sky-watcher-tube-optique-100edx-evostar#primaryimage","url":"https:\/\/astroshop.ma\/wp-content\/uploads\/2026\/02\/tube-optique-sky-watcher-100edx-evostar.jpg","contentUrl":"https:\/\/astroshop.ma\/wp-content\/uploads\/2026\/02\/tube-optique-sky-watcher-100edx-evostar.jpg","width":800,"height":800},{"@type":"BreadcrumbList","@id":"https:\/\/astroshop.ma\/?product=sky-watcher-tube-optique-100edx-evostar#breadcrumb","itemListElement":[{"@type":"ListItem","position":1,"name":"Home","item":"https:\/\/astroshop.ma\/"},{"@type":"ListItem","position":2,"name":"Shop","item":"https:\/\/astroshop.ma\/?page_id=394"},{"@type":"ListItem","position":3,"name":"Sky-Watcher Tube optique 100EDX Evostar"}]},{"@type":"WebSite","@id":"https:\/\/astroshop.ma\/#website","url":"https:\/\/astroshop.ma\/","name":"Astroshop Maroc","description":"Des instruments astronomiques pour chaque astronome au Maroc","publisher":{"@id":"https:\/\/astroshop.ma\/#organization"},"potentialAction":[{"@type":"SearchAction","target":{"@type":"EntryPoint","urlTemplate":"https:\/\/astroshop.ma\/?s={search_term_string}"},"query-input":{"@type":"PropertyValueSpecification","valueRequired":true,"valueName":"search_term_string"}}],"inLanguage":"en-US"},{"@type":"Organization","@id":"https:\/\/astroshop.ma\/#organization","name":"Astroshop Maroc","url":"https:\/\/astroshop.ma\/","logo":{"@type":"ImageObject","inLanguage":"en-US","@id":"https:\/\/astroshop.ma\/#\/schema\/logo\/image\/","url":"https:\/\/astroshop.ma\/wp-content\/uploads\/2025\/12\/M20_Logo_1.jpg","contentUrl":"https:\/\/astroshop.ma\/wp-content\/uploads\/2025\/12\/M20_Logo_1.jpg","width":501,"height":334,"caption":"Astroshop Maroc"},"image":{"@id":"https:\/\/astroshop.ma\/#\/schema\/logo\/image\/"}}]}},"_links":{"self":[{"href":"https:\/\/astroshop.ma\/index.php?rest_route=\/wp\/v2\/product\/11190","targetHints":{"allow":["GET"]}}],"collection":[{"href":"https:\/\/astroshop.ma\/index.php?rest_route=\/wp\/v2\/product"}],"about":[{"href":"https:\/\/astroshop.ma\/index.php?rest_route=\/wp\/v2\/types\/product"}],"wp:featuredmedia":[{"embeddable":true,"href":"https:\/\/astroshop.ma\/index.php?rest_route=\/wp\/v2\/media\/11191"}],"wp:attachment":[{"href":"https:\/\/astroshop.ma\/index.php?rest_route=%2Fwp%2Fv2%2Fmedia&parent=11190"}],"wp:term":[{"taxonomy":"product_brand","embeddable":true,"href":"https:\/\/astroshop.ma\/index.php?rest_route=%2Fwp%2Fv2%2Fproduct_brand&post=11190"},{"taxonomy":"product_cat","embeddable":true,"href":"https:\/\/astroshop.ma\/index.php?rest_route=%2Fwp%2Fv2%2Fproduct_cat&post=11190"},{"taxonomy":"product_tag","embeddable":true,"href":"https:\/\/astroshop.ma\/index.php?rest_route=%2Fwp%2Fv2%2Fproduct_tag&post=11190"}],"curies":[{"name":"wp","href":"https:\/\/api.w.org\/{rel}","templated":true}]}}