{"id":11181,"date":"2026-02-03T13:17:59","date_gmt":"2026-02-03T13:17:59","guid":{"rendered":"https:\/\/astroshop.ma\/?post_type=product&#038;p=11181"},"modified":"2026-02-24T12:08:17","modified_gmt":"2026-02-24T12:08:17","slug":"lunette-takahashi-fc-100df-tube-seul","status":"publish","type":"product","link":"https:\/\/astroshop.ma\/?product=lunette-takahashi-fc-100df-tube-seul","title":{"rendered":"Lunette Takahashi FC-100DF (tube seul)"},"content":{"rendered":"<h4>Tout savoir sur la lunette Takahashi FC-100DF<\/h4>\n<p>La lunette apochromatique Takahashi FC-100DF est con\u00e7ue autour d&#8217;un doublet fluorite \u00e0 F\/D 7,4. Elle est \u00e9quip\u00e9e d&#8217;une cr\u00e9maill\u00e8re 50,8 mm, plus cons\u00e9quente que celle de la FC-100DC, permettant le montage de cam\u00e9ras plus lourdes. Son utilisation reste tr\u00e8s polyvalente et m\u00eame une petite monture permettra d&#8217;en exploiter tout le potentiel.<\/p>\n<p>Si on souhaite photographier \u00e0 la focale native de la lunette, un correcteur de champ est disponible. Elle peut \u00e9galement \u00eatre \u00e9quip\u00e9e d&#8217;un r\u00e9ducteur de focale : soit le mod\u00e8le 76D-RD normalement destin\u00e9 au petit focuser, soit le mod\u00e8le FC-35RD, sp\u00e9cifique \u00e0 la FC-100DF et \u00e0 son focuser 50,8 mm. L&#8217;usage de ce dernier est recommand\u00e9 pour les cam\u00e9ras ou APN \u00e9quip\u00e9s de capteur APS-C ou sup\u00e9rieur.<\/p>\n","protected":false},"excerpt":{"rendered":"<h4>Tableaux des caract\u00e9ristiques<\/h4>\n<h3>Caract\u00e9ristiques optiques<\/h3>\n<table class=\"table-responsive\">\n<thead>\n<tr>\n<th>Caract\u00e9ristique<\/th>\n<td>Lunette Takahashi FC-100DF<\/td>\n<\/tr>\n<\/thead>\n<tbody>\n<tr>\n<th>Objectif<\/th>\n<td>Apochromatique \u00e0 doublet fluorite<\/td>\n<\/tr>\n<tr>\n<th>Assemblage<\/th>\n<td>Objectif \u00e0 espacement d&#8217;air. Fluorite interne<\/td>\n<\/tr>\n<tr>\n<th>Traitements<\/th>\n<td>Multicouche dur<\/td>\n<\/tr>\n<tr>\n<th>Diam\u00e8tre utile<\/th>\n<td>100 mm<\/td>\n<\/tr>\n<tr>\n<td class=\"titresection\" colspan=\"2\">Au foyer natif<\/td>\n<\/tr>\n<tr>\n<th>Longueur focale<\/th>\n<td>740 mm<\/td>\n<\/tr>\n<tr>\n<th>Ouverture relative<\/th>\n<td>F\/D 7,4<\/td>\n<\/tr>\n<tr>\n<th>Backfocus<\/th>\n<td>223 mm<\/td>\n<\/tr>\n<tr>\n<td class=\"titresection\" colspan=\"2\">Avec le correcteur de champ 76D-FL<\/td>\n<\/tr>\n<tr>\n<th>Longueur focale<\/th>\n<td>770 mm<\/td>\n<\/tr>\n<tr>\n<th>Ouverture relative<\/th>\n<td>F\/D 7,7<\/td>\n<\/tr>\n<tr>\n<th>Diam\u00e8tre du cercle image corrig\u00e9<\/th>\n<td>35 mm<\/td>\n<\/tr>\n<tr>\n<th>Backfocus<\/th>\n<td>56,2 mm<\/td>\n<\/tr>\n<tr>\n<td class=\"titresection\" colspan=\"2\">Avec le correcteur FC\/FS Multi-flattener MFL1.04X<\/td>\n<\/tr>\n<tr>\n<th>Longueur focale<\/th>\n<td>757 mm<\/td>\n<\/tr>\n<tr>\n<th>Ouverture relative<\/th>\n<td>F\/D 7,6<\/td>\n<\/tr>\n<tr>\n<th>Diam\u00e8tre du cercle image corrig\u00e9<\/th>\n<td>44 mm<\/td>\n<\/tr>\n<tr>\n<th>Backfocus<\/th>\n<td>81,4 mm<\/td>\n<\/tr>\n<tr>\n<td class=\"titresection\" colspan=\"2\">Avec le r\u00e9ducteur de focale 76D RD<\/td>\n<\/tr>\n<tr>\n<th>Longueur focale<\/th>\n<td>540 mm<\/td>\n<\/tr>\n<tr>\n<th>Ouverture relative<\/th>\n<td>F\/D 5,4<\/td>\n<\/tr>\n<tr>\n<th>Diam\u00e8tre du cercle image corrig\u00e9<\/th>\n<td>30 mm<\/td>\n<\/tr>\n<tr>\n<th>Backfocus<\/th>\n<td>56,2 mm<\/td>\n<\/tr>\n<tr>\n<td class=\"titresection\" colspan=\"2\">Avec le r\u00e9ducteur de focale FC-35RD<\/td>\n<\/tr>\n<tr>\n<th>Longueur focale<\/th>\n<td>480 mm<\/td>\n<\/tr>\n<tr>\n<th>Ouverture relative<\/th>\n<td>F\/D 4,8<\/td>\n<\/tr>\n<tr>\n<th>Diam\u00e8tre du cercle image corrig\u00e9<\/th>\n<td>44 mm<\/td>\n<\/tr>\n<tr>\n<th>Backfocus<\/th>\n<td>74,1 mm<\/td>\n<\/tr>\n<tr>\n<td class=\"titresection\" colspan=\"2\">Avec l&#8217;extendeur EX-Q1.6X<\/td>\n<\/tr>\n<tr>\n<th>Longueur focale<\/th>\n<td>1185 mm<\/td>\n<\/tr>\n<tr>\n<th>Ouverture relative<\/th>\n<td>F\/D 11,9<\/td>\n<\/tr>\n<tr>\n<th>Backfocus<\/th>\n<td>157 mm<\/td>\n<\/tr>\n<tr>\n<td class=\"titresection\" colspan=\"2\">Avec l&#8217;extendeur C2X<\/td>\n<\/tr>\n<tr>\n<th>Longueur focale<\/th>\n<td>1480 mm<\/td>\n<\/tr>\n<tr>\n<th>Ouverture relative<\/th>\n<td>F\/D 14,8<\/td>\n<\/tr>\n<tr>\n<th>Backfocus<\/th>\n<td>73 mm<\/td>\n<\/tr>\n<\/tbody>\n<\/table>\n<h3>Caract\u00e9ristiques m\u00e9caniques<\/h3>\n<table class=\"table-responsive\">\n<thead>\n<tr>\n<th>Caract\u00e9ristique<\/th>\n<td>Lunette Takahashi FC-100DF<\/td>\n<\/tr>\n<\/thead>\n<tbody>\n<tr>\n<th>Longueur du tube<\/th>\n<td>785 mm (pare-bu\u00e9e fixe)<\/td>\n<\/tr>\n<tr>\n<th>Diam\u00e8tre du tube<\/th>\n<td>95 mm<\/td>\n<\/tr>\n<tr>\n<th>Diam\u00e8tre du pare-bu\u00e9e<\/th>\n<td>124 mm<\/td>\n<\/tr>\n<tr>\n<th>Poids<\/th>\n<td>3,6 kg<\/td>\n<\/tr>\n<tr>\n<th>Mise au point<\/th>\n<td>Cr\u00e9maill\u00e8re<\/td>\n<\/tr>\n<\/tbody>\n<\/table>\n<h4>Spot-diagrams<\/h4>\n<h3>Spot-diagram de la lunette Takahashi FC-100D au foyer<\/h3>\n<figure><img decoding=\"async\" title=\"Spot-diagram de la lunette Takahashi FC-100D au foyer primaire\" src=\"https:\/\/www.telescopes-et-accessoires.fr\/img\/cms\/photos\/fiches\/FC-100D_spots.webp\" \/><figcaption>Spot-diagram de la lunette Takahashi FC-100D au foyer primaire<\/figcaption><\/figure>\n<h3>Spot-diagram de la lunette Takahashi FC-100D avec le correcteur de champ 76D FL<\/h3>\n<figure><img decoding=\"async\" title=\"Spot-diagram de la lunette Takahashi FC-100D avec le correcteur de champ 76D FL\" src=\"https:\/\/www.telescopes-et-accessoires.fr\/img\/cms\/photos\/fiches\/FC-100D_76D_spots.webp\" \/><figcaption>Spot-diagram de la lunette Takahashi FC-100D avec le correcteur de champ 76D FL<\/figcaption><\/figure>\n<h3>Spot-diagram de la lunette Takahashi FC-100D avec le correcteur de champ FC\/FS MFL1.04X<\/h3>\n<figure><img decoding=\"async\" title=\"Spot-diagram de la lunette Takahashi FC-100D avec le correcteur de champ FC\/FS MFL1.04X (multi-flattener)\" src=\"https:\/\/www.telescopes-et-accessoires.fr\/img\/cms\/photos\/fiches\/FC-100D_MFL1-04X_spots.webp\" \/><figcaption>Spot-diagram de la lunette Takahashi FC-100D avec le correcteur de champ FC\/FS MFL1.04X (multi-flattener)<\/figcaption><\/figure>\n<h3>Spot-diagram de la lunette Takahashi FC-100D avec le r\u00e9ducteur de focale FC-35RD<\/h3>\n<figure><img decoding=\"async\" title=\"Spot-diagram de la lunette Takahashi FC-100D avec le r\u00e9ducteur de focale FC-35RD\" src=\"https:\/\/www.telescopes-et-accessoires.fr\/img\/cms\/photos\/fiches\/FC-100D_FC-35RD_spots.webp\" \/><figcaption>Spot-diagram de la lunette Takahashi FC-100D avec le r\u00e9ducteur de focale FC-35RD<\/figcaption><\/figure>\n","protected":false},"featured_media":11182,"template":"","meta":{"_editorskit_title_hidden":false,"_editorskit_reading_time":0,"_editorskit_is_block_options_detached":false,"_editorskit_block_options_position":"{}","_coblocks_attr":"","_coblocks_dimensions":"","_coblocks_responsive_height":"","_coblocks_accordion_ie_support":"","_crdt_document":"","_monsterinsights_skip_tracking":false,"_monsterinsights_sitenote_active":false,"_monsterinsights_sitenote_note":"","_monsterinsights_sitenote_category":0},"product_brand":[210],"product_cat":[215,212,22],"product_tag":[],"class_list":{"0":"post-11181","1":"product","2":"type-product","3":"status-publish","4":"has-post-thumbnail","6":"product_brand-takahashi","7":"product_cat-astrographs","8":"product_cat-lunette-telescopes","9":"product_cat-telescopes","11":"first","12":"instock","13":"shipping-taxable","14":"purchasable","15":"product-type-simple"},"yoast_head":"<!-- This site is optimized with the Yoast SEO plugin v27.5 - https:\/\/yoast.com\/product\/yoast-seo-wordpress\/ -->\n<title>Lunette Takahashi FC-100DF (tube seul) - Astroshop Maroc<\/title>\n<meta name=\"robots\" content=\"index, follow, max-snippet:-1, max-image-preview:large, max-video-preview:-1\" \/>\n<link rel=\"canonical\" href=\"https:\/\/astroshop.ma\/?product=lunette-takahashi-fc-100df-tube-seul\" \/>\n<meta property=\"og:locale\" content=\"en_US\" \/>\n<meta property=\"og:type\" content=\"article\" \/>\n<meta property=\"og:title\" content=\"Lunette Takahashi FC-100DF (tube seul) - Astroshop Maroc\" \/>\n<meta property=\"og:description\" content=\"Tableaux des caract\u00e9ristiques Caract\u00e9ristiques optiques    Caract\u00e9ristique Lunette Takahashi FC-100DF     Objectif Apochromatique \u00e0 doublet fluorite   Assemblage Objectif \u00e0 espacement d&#039;air. Fluorite interne   Traitements Multicouche dur   Diam\u00e8tre utile 100 mm   Au foyer natif   Longueur focale 740 mm   Ouverture relative F\/D 7,4   Backfocus 223 mm   Avec le correcteur de champ 76D-FL   Longueur focale 770 mm   Ouverture relative F\/D 7,7   Diam\u00e8tre du cercle image corrig\u00e9 35 mm   Backfocus 56,2 mm   Avec le correcteur FC\/FS Multi-flattener MFL1.04X   Longueur focale 757 mm   Ouverture relative F\/D 7,6   Diam\u00e8tre du cercle image corrig\u00e9 44 mm   Backfocus 81,4 mm   Avec le r\u00e9ducteur de focale 76D RD   Longueur focale 540 mm   Ouverture relative F\/D 5,4   Diam\u00e8tre du cercle image corrig\u00e9 30 mm   Backfocus 56,2 mm   Avec le r\u00e9ducteur de focale FC-35RD   Longueur focale 480 mm   Ouverture relative F\/D 4,8   Diam\u00e8tre du cercle image corrig\u00e9 44 mm   Backfocus 74,1 mm   Avec l&#039;extendeur EX-Q1.6X   Longueur focale 1185 mm   Ouverture relative F\/D 11,9   Backfocus 157 mm   Avec l&#039;extendeur C2X   Longueur focale 1480 mm   Ouverture relative F\/D 14,8   Backfocus 73 mm    Caract\u00e9ristiques m\u00e9caniques    Caract\u00e9ristique Lunette Takahashi FC-100DF     Longueur du tube 785 mm (pare-bu\u00e9e fixe)   Diam\u00e8tre du tube 95 mm   Diam\u00e8tre du pare-bu\u00e9e 124 mm   Poids 3,6 kg   Mise au point Cr\u00e9maill\u00e8re    Spot-diagrams Spot-diagram de la lunette Takahashi FC-100D au foyer Spot-diagram de la lunette Takahashi FC-100D au foyer primaire Spot-diagram de la lunette Takahashi FC-100D avec le correcteur de champ 76D FL Spot-diagram de la lunette Takahashi FC-100D avec le correcteur de champ 76D FL Spot-diagram de la lunette Takahashi FC-100D avec le correcteur de champ FC\/FS MFL1.04X Spot-diagram de la lunette Takahashi FC-100D avec le correcteur de champ FC\/FS MFL1.04X (multi-flattener) Spot-diagram de la lunette Takahashi FC-100D avec le r\u00e9ducteur de focale FC-35RD Spot-diagram de la lunette Takahashi FC-100D avec le r\u00e9ducteur de focale FC-35RD\" \/>\n<meta property=\"og:url\" content=\"https:\/\/astroshop.ma\/?product=lunette-takahashi-fc-100df-tube-seul\" \/>\n<meta property=\"og:site_name\" content=\"Astroshop Maroc\" \/>\n<meta property=\"article:modified_time\" content=\"2026-02-24T12:08:17+00:00\" \/>\n<meta property=\"og:image\" content=\"https:\/\/astroshop.ma\/wp-content\/uploads\/2026\/02\/fc-100df-ota-tube-seul-au-coulant-508-3175.jpg\" \/>\n\t<meta property=\"og:image:width\" content=\"800\" \/>\n\t<meta property=\"og:image:height\" content=\"800\" \/>\n\t<meta property=\"og:image:type\" content=\"image\/jpeg\" \/>\n<meta name=\"twitter:card\" content=\"summary_large_image\" \/>\n<meta name=\"twitter:label1\" content=\"Est. reading time\" \/>\n\t<meta name=\"twitter:data1\" content=\"1 minute\" \/>\n<script type=\"application\/ld+json\" class=\"yoast-schema-graph\">{\"@context\":\"https:\\\/\\\/schema.org\",\"@graph\":[{\"@type\":\"WebPage\",\"@id\":\"https:\\\/\\\/astroshop.ma\\\/?product=lunette-takahashi-fc-100df-tube-seul\",\"url\":\"https:\\\/\\\/astroshop.ma\\\/?product=lunette-takahashi-fc-100df-tube-seul\",\"name\":\"Lunette Takahashi FC-100DF (tube seul) - Astroshop Maroc\",\"isPartOf\":{\"@id\":\"https:\\\/\\\/astroshop.ma\\\/#website\"},\"primaryImageOfPage\":{\"@id\":\"https:\\\/\\\/astroshop.ma\\\/?product=lunette-takahashi-fc-100df-tube-seul#primaryimage\"},\"image\":{\"@id\":\"https:\\\/\\\/astroshop.ma\\\/?product=lunette-takahashi-fc-100df-tube-seul#primaryimage\"},\"thumbnailUrl\":\"https:\\\/\\\/astroshop.ma\\\/wp-content\\\/uploads\\\/2026\\\/02\\\/fc-100df-ota-tube-seul-au-coulant-508-3175.jpg\",\"datePublished\":\"2026-02-03T13:17:59+00:00\",\"dateModified\":\"2026-02-24T12:08:17+00:00\",\"breadcrumb\":{\"@id\":\"https:\\\/\\\/astroshop.ma\\\/?product=lunette-takahashi-fc-100df-tube-seul#breadcrumb\"},\"inLanguage\":\"en-US\",\"potentialAction\":[{\"@type\":\"ReadAction\",\"target\":[\"https:\\\/\\\/astroshop.ma\\\/?product=lunette-takahashi-fc-100df-tube-seul\"]}]},{\"@type\":\"ImageObject\",\"inLanguage\":\"en-US\",\"@id\":\"https:\\\/\\\/astroshop.ma\\\/?product=lunette-takahashi-fc-100df-tube-seul#primaryimage\",\"url\":\"https:\\\/\\\/astroshop.ma\\\/wp-content\\\/uploads\\\/2026\\\/02\\\/fc-100df-ota-tube-seul-au-coulant-508-3175.jpg\",\"contentUrl\":\"https:\\\/\\\/astroshop.ma\\\/wp-content\\\/uploads\\\/2026\\\/02\\\/fc-100df-ota-tube-seul-au-coulant-508-3175.jpg\",\"width\":800,\"height\":800},{\"@type\":\"BreadcrumbList\",\"@id\":\"https:\\\/\\\/astroshop.ma\\\/?product=lunette-takahashi-fc-100df-tube-seul#breadcrumb\",\"itemListElement\":[{\"@type\":\"ListItem\",\"position\":1,\"name\":\"Home\",\"item\":\"https:\\\/\\\/astroshop.ma\\\/\"},{\"@type\":\"ListItem\",\"position\":2,\"name\":\"Shop\",\"item\":\"https:\\\/\\\/astroshop.ma\\\/?page_id=394\"},{\"@type\":\"ListItem\",\"position\":3,\"name\":\"Lunette Takahashi FC-100DF (tube seul)\"}]},{\"@type\":\"WebSite\",\"@id\":\"https:\\\/\\\/astroshop.ma\\\/#website\",\"url\":\"https:\\\/\\\/astroshop.ma\\\/\",\"name\":\"Astroshop Maroc\",\"description\":\"Des instruments astronomiques pour chaque astronome au Maroc\",\"publisher\":{\"@id\":\"https:\\\/\\\/astroshop.ma\\\/#organization\"},\"potentialAction\":[{\"@type\":\"SearchAction\",\"target\":{\"@type\":\"EntryPoint\",\"urlTemplate\":\"https:\\\/\\\/astroshop.ma\\\/?s={search_term_string}\"},\"query-input\":{\"@type\":\"PropertyValueSpecification\",\"valueRequired\":true,\"valueName\":\"search_term_string\"}}],\"inLanguage\":\"en-US\"},{\"@type\":\"Organization\",\"@id\":\"https:\\\/\\\/astroshop.ma\\\/#organization\",\"name\":\"Astroshop Maroc\",\"url\":\"https:\\\/\\\/astroshop.ma\\\/\",\"logo\":{\"@type\":\"ImageObject\",\"inLanguage\":\"en-US\",\"@id\":\"https:\\\/\\\/astroshop.ma\\\/#\\\/schema\\\/logo\\\/image\\\/\",\"url\":\"https:\\\/\\\/astroshop.ma\\\/wp-content\\\/uploads\\\/2025\\\/12\\\/M20_Logo_1.jpg\",\"contentUrl\":\"https:\\\/\\\/astroshop.ma\\\/wp-content\\\/uploads\\\/2025\\\/12\\\/M20_Logo_1.jpg\",\"width\":501,\"height\":334,\"caption\":\"Astroshop Maroc\"},\"image\":{\"@id\":\"https:\\\/\\\/astroshop.ma\\\/#\\\/schema\\\/logo\\\/image\\\/\"}}]}<\/script>\n<!-- \/ Yoast SEO plugin. -->","yoast_head_json":{"title":"Lunette Takahashi FC-100DF (tube seul) - Astroshop Maroc","robots":{"index":"index","follow":"follow","max-snippet":"max-snippet:-1","max-image-preview":"max-image-preview:large","max-video-preview":"max-video-preview:-1"},"canonical":"https:\/\/astroshop.ma\/?product=lunette-takahashi-fc-100df-tube-seul","og_locale":"en_US","og_type":"article","og_title":"Lunette Takahashi FC-100DF (tube seul) - Astroshop Maroc","og_description":"Tableaux des caract\u00e9ristiques Caract\u00e9ristiques optiques    Caract\u00e9ristique Lunette Takahashi FC-100DF     Objectif Apochromatique \u00e0 doublet fluorite   Assemblage Objectif \u00e0 espacement d'air. Fluorite interne   Traitements Multicouche dur   Diam\u00e8tre utile 100 mm   Au foyer natif   Longueur focale 740 mm   Ouverture relative F\/D 7,4   Backfocus 223 mm   Avec le correcteur de champ 76D-FL   Longueur focale 770 mm   Ouverture relative F\/D 7,7   Diam\u00e8tre du cercle image corrig\u00e9 35 mm   Backfocus 56,2 mm   Avec le correcteur FC\/FS Multi-flattener MFL1.04X   Longueur focale 757 mm   Ouverture relative F\/D 7,6   Diam\u00e8tre du cercle image corrig\u00e9 44 mm   Backfocus 81,4 mm   Avec le r\u00e9ducteur de focale 76D RD   Longueur focale 540 mm   Ouverture relative F\/D 5,4   Diam\u00e8tre du cercle image corrig\u00e9 30 mm   Backfocus 56,2 mm   Avec le r\u00e9ducteur de focale FC-35RD   Longueur focale 480 mm   Ouverture relative F\/D 4,8   Diam\u00e8tre du cercle image corrig\u00e9 44 mm   Backfocus 74,1 mm   Avec l'extendeur EX-Q1.6X   Longueur focale 1185 mm   Ouverture relative F\/D 11,9   Backfocus 157 mm   Avec l'extendeur C2X   Longueur focale 1480 mm   Ouverture relative F\/D 14,8   Backfocus 73 mm    Caract\u00e9ristiques m\u00e9caniques    Caract\u00e9ristique Lunette Takahashi FC-100DF     Longueur du tube 785 mm (pare-bu\u00e9e fixe)   Diam\u00e8tre du tube 95 mm   Diam\u00e8tre du pare-bu\u00e9e 124 mm   Poids 3,6 kg   Mise au point Cr\u00e9maill\u00e8re    Spot-diagrams Spot-diagram de la lunette Takahashi FC-100D au foyer Spot-diagram de la lunette Takahashi FC-100D au foyer primaire Spot-diagram de la lunette Takahashi FC-100D avec le correcteur de champ 76D FL Spot-diagram de la lunette Takahashi FC-100D avec le correcteur de champ 76D FL Spot-diagram de la lunette Takahashi FC-100D avec le correcteur de champ FC\/FS MFL1.04X Spot-diagram de la lunette Takahashi FC-100D avec le correcteur de champ FC\/FS MFL1.04X (multi-flattener) Spot-diagram de la lunette Takahashi FC-100D avec le r\u00e9ducteur de focale FC-35RD Spot-diagram de la lunette Takahashi FC-100D avec le r\u00e9ducteur de focale FC-35RD","og_url":"https:\/\/astroshop.ma\/?product=lunette-takahashi-fc-100df-tube-seul","og_site_name":"Astroshop Maroc","article_modified_time":"2026-02-24T12:08:17+00:00","og_image":[{"width":800,"height":800,"url":"https:\/\/astroshop.ma\/wp-content\/uploads\/2026\/02\/fc-100df-ota-tube-seul-au-coulant-508-3175.jpg","type":"image\/jpeg"}],"twitter_card":"summary_large_image","twitter_misc":{"Est. reading time":"1 minute"},"schema":{"@context":"https:\/\/schema.org","@graph":[{"@type":"WebPage","@id":"https:\/\/astroshop.ma\/?product=lunette-takahashi-fc-100df-tube-seul","url":"https:\/\/astroshop.ma\/?product=lunette-takahashi-fc-100df-tube-seul","name":"Lunette Takahashi FC-100DF (tube seul) - Astroshop Maroc","isPartOf":{"@id":"https:\/\/astroshop.ma\/#website"},"primaryImageOfPage":{"@id":"https:\/\/astroshop.ma\/?product=lunette-takahashi-fc-100df-tube-seul#primaryimage"},"image":{"@id":"https:\/\/astroshop.ma\/?product=lunette-takahashi-fc-100df-tube-seul#primaryimage"},"thumbnailUrl":"https:\/\/astroshop.ma\/wp-content\/uploads\/2026\/02\/fc-100df-ota-tube-seul-au-coulant-508-3175.jpg","datePublished":"2026-02-03T13:17:59+00:00","dateModified":"2026-02-24T12:08:17+00:00","breadcrumb":{"@id":"https:\/\/astroshop.ma\/?product=lunette-takahashi-fc-100df-tube-seul#breadcrumb"},"inLanguage":"en-US","potentialAction":[{"@type":"ReadAction","target":["https:\/\/astroshop.ma\/?product=lunette-takahashi-fc-100df-tube-seul"]}]},{"@type":"ImageObject","inLanguage":"en-US","@id":"https:\/\/astroshop.ma\/?product=lunette-takahashi-fc-100df-tube-seul#primaryimage","url":"https:\/\/astroshop.ma\/wp-content\/uploads\/2026\/02\/fc-100df-ota-tube-seul-au-coulant-508-3175.jpg","contentUrl":"https:\/\/astroshop.ma\/wp-content\/uploads\/2026\/02\/fc-100df-ota-tube-seul-au-coulant-508-3175.jpg","width":800,"height":800},{"@type":"BreadcrumbList","@id":"https:\/\/astroshop.ma\/?product=lunette-takahashi-fc-100df-tube-seul#breadcrumb","itemListElement":[{"@type":"ListItem","position":1,"name":"Home","item":"https:\/\/astroshop.ma\/"},{"@type":"ListItem","position":2,"name":"Shop","item":"https:\/\/astroshop.ma\/?page_id=394"},{"@type":"ListItem","position":3,"name":"Lunette Takahashi FC-100DF (tube seul)"}]},{"@type":"WebSite","@id":"https:\/\/astroshop.ma\/#website","url":"https:\/\/astroshop.ma\/","name":"Astroshop Maroc","description":"Des instruments astronomiques pour chaque astronome au Maroc","publisher":{"@id":"https:\/\/astroshop.ma\/#organization"},"potentialAction":[{"@type":"SearchAction","target":{"@type":"EntryPoint","urlTemplate":"https:\/\/astroshop.ma\/?s={search_term_string}"},"query-input":{"@type":"PropertyValueSpecification","valueRequired":true,"valueName":"search_term_string"}}],"inLanguage":"en-US"},{"@type":"Organization","@id":"https:\/\/astroshop.ma\/#organization","name":"Astroshop Maroc","url":"https:\/\/astroshop.ma\/","logo":{"@type":"ImageObject","inLanguage":"en-US","@id":"https:\/\/astroshop.ma\/#\/schema\/logo\/image\/","url":"https:\/\/astroshop.ma\/wp-content\/uploads\/2025\/12\/M20_Logo_1.jpg","contentUrl":"https:\/\/astroshop.ma\/wp-content\/uploads\/2025\/12\/M20_Logo_1.jpg","width":501,"height":334,"caption":"Astroshop Maroc"},"image":{"@id":"https:\/\/astroshop.ma\/#\/schema\/logo\/image\/"}}]}},"_links":{"self":[{"href":"https:\/\/astroshop.ma\/index.php?rest_route=\/wp\/v2\/product\/11181","targetHints":{"allow":["GET"]}}],"collection":[{"href":"https:\/\/astroshop.ma\/index.php?rest_route=\/wp\/v2\/product"}],"about":[{"href":"https:\/\/astroshop.ma\/index.php?rest_route=\/wp\/v2\/types\/product"}],"wp:featuredmedia":[{"embeddable":true,"href":"https:\/\/astroshop.ma\/index.php?rest_route=\/wp\/v2\/media\/11182"}],"wp:attachment":[{"href":"https:\/\/astroshop.ma\/index.php?rest_route=%2Fwp%2Fv2%2Fmedia&parent=11181"}],"wp:term":[{"taxonomy":"product_brand","embeddable":true,"href":"https:\/\/astroshop.ma\/index.php?rest_route=%2Fwp%2Fv2%2Fproduct_brand&post=11181"},{"taxonomy":"product_cat","embeddable":true,"href":"https:\/\/astroshop.ma\/index.php?rest_route=%2Fwp%2Fv2%2Fproduct_cat&post=11181"},{"taxonomy":"product_tag","embeddable":true,"href":"https:\/\/astroshop.ma\/index.php?rest_route=%2Fwp%2Fv2%2Fproduct_tag&post=11181"}],"curies":[{"name":"wp","href":"https:\/\/api.w.org\/{rel}","templated":true}]}}