{"id":11175,"date":"2026-02-03T13:09:50","date_gmt":"2026-02-03T13:09:50","guid":{"rendered":"https:\/\/astroshop.ma\/?post_type=product&#038;p=11175"},"modified":"2026-02-24T12:08:28","modified_gmt":"2026-02-24T12:08:28","slug":"lunette-takahashi-fs-60cb-tube-seul","status":"publish","type":"product","link":"https:\/\/astroshop.ma\/?product=lunette-takahashi-fs-60cb-tube-seul","title":{"rendered":"Lunette Takahashi FS-60CB (tube seul)"},"content":{"rendered":"<p>La lunette Takahashi FS-60CB est l&#8217;instrument itin\u00e9rant par excellence. Elle associe des qualit\u00e9s optiques et m\u00e9caniques de premier plan avec une compacit\u00e9 hors pair.<\/p>\n<p>Elle peut facilement \u00eatre utilis\u00e9e pour l&#8217;observation astronomique ou terrestre. Les photographes la transformeront en astrographe \u00e0 grand champ ou en instrument de guidage. Un r\u00e9ducteur de focale (F\/D 4,2) et un correcteur de champ (soit le FL-FS-60C, soit le multi-flattener FC\/FS MFL1.04X) sont disponibles en option, pour cet usage. Un extendeur 1,7x (F\/D 10) permet de faire \u00e9voluer la lunette vers la version dite FS-60Q. Un grand choix d&#8217;accessoires adapte la FS-60 \u00e0 vos besoins sp\u00e9cifiques.<\/p>\n<p>Le principal atout de la FS-60CB est son objectif apochromatique fluorite \u00e0 doublet \u00e0 espacement d&#8217;air, fabriqu\u00e9 avec le m\u00eame soin que celui des lunettes de diam\u00e8tre sup\u00e9rieur. Ses performances \u00e9tonneront plus d&#8217;un puriste. L&#8217;excellence m\u00e9canique Takahashi propulse la FS-60CB parmi les meilleures lunettes de ce diam\u00e8tre disponibles sur le march\u00e9. Son syst\u00e8me de mise au point \u00e0 cr\u00e9maill\u00e8re est particuli\u00e8rement efficace, tant en usage visuelle que photographique.<\/p>\n<p>L\u00e9g\u00e8re et compacte, la FS-60CB ravira tous les observateurs, par sa grande polyvalence.<\/p>\n","protected":false},"excerpt":{"rendered":"<h4>Caract\u00e9ristiques optiques<\/h4>\n<table class=\"table-responsive\">\n<thead>\n<tr>\n<th>Caract\u00e9ristique<\/th>\n<th>Lunette Takahashi FS-60CB<\/th>\n<\/tr>\n<\/thead>\n<tbody>\n<tr>\n<td class=\"titresection\" colspan=\"2\">Donn\u00e9es g\u00e9n\u00e9rales<\/td>\n<\/tr>\n<tr>\n<th>Objectif<\/th>\n<td>Apochromatique \u00e0 doublet fluorite<\/td>\n<\/tr>\n<tr>\n<th>Assemblage<\/th>\n<td>Objectif \u00e0 espacement d&#8217;air. Fluorite frontale<\/td>\n<\/tr>\n<tr>\n<th>Traitements<\/th>\n<td>Multicouche dur<\/td>\n<\/tr>\n<tr>\n<th>Diam\u00e8tre utile<\/th>\n<td>60 mm<\/td>\n<\/tr>\n<tr>\n<td class=\"titresection\" colspan=\"2\">Au foyer natif<\/td>\n<\/tr>\n<tr>\n<th>Focale<\/th>\n<td>355 mm<\/td>\n<\/tr>\n<tr>\n<th>Ouverture relative<\/th>\n<td>F\/D 5,9<\/td>\n<\/tr>\n<tr>\n<th>Backfocus<\/th>\n<td>162 mm<\/td>\n<\/tr>\n<tr>\n<td class=\"titresection\" colspan=\"2\">Avec le correcteur de champ FL-FS-60C<\/td>\n<\/tr>\n<tr>\n<th>Focale<\/th>\n<td>370 mm<\/td>\n<\/tr>\n<tr>\n<th>Ouverture relative<\/th>\n<td>F\/D 6,2<\/td>\n<\/tr>\n<tr>\n<th>Diam\u00e8tre du cercle image<\/th>\n<td>45 mm<\/td>\n<\/tr>\n<tr>\n<th>Backfocus<\/th>\n<td>56,2 mm<\/td>\n<\/tr>\n<tr>\n<td class=\"titresection\" colspan=\"2\">Avec le correcteur FC\/FS Multi-flattener MFL1.04X<\/td>\n<\/tr>\n<tr>\n<th>Focale<\/th>\n<td>370 mm<\/td>\n<\/tr>\n<tr>\n<th>Ouverture relative<\/th>\n<td>F\/D 6,17<\/td>\n<\/tr>\n<tr>\n<th>Diam\u00e8tre du cercle image<\/th>\n<td>44 mm<\/td>\n<\/tr>\n<tr>\n<th>Backfocus<\/th>\n<td>97,7 mm<\/td>\n<\/tr>\n<tr>\n<td class=\"titresection\" colspan=\"2\">Avec le r\u00e9ducteur de focale RD-C0.72X<\/td>\n<\/tr>\n<tr>\n<th>Focale<\/th>\n<td>255 mm<\/td>\n<\/tr>\n<tr>\n<th>Ouverture relative<\/th>\n<td>F\/D 4,2<\/td>\n<\/tr>\n<tr>\n<th>Diam\u00e8tre du cercle image<\/th>\n<td>40 mm<\/td>\n<\/tr>\n<tr>\n<th>Backfocus<\/th>\n<td>56,2 mm<\/td>\n<\/tr>\n<tr>\n<td class=\"titresection\" colspan=\"2\">Avec l&#8217;extendeur 1.7XR<\/td>\n<\/tr>\n<tr>\n<th>Focale<\/th>\n<td>600 mm<\/td>\n<\/tr>\n<tr>\n<th>Ouverture relative<\/th>\n<td>F\/D 10<\/td>\n<\/tr>\n<tr>\n<th>Backfocus<\/th>\n<td>158,4 mm<\/td>\n<\/tr>\n<\/tbody>\n<\/table>\n<h4>Caract\u00e9ristiques m\u00e9caniques<\/h4>\n<table class=\"table-responsive\">\n<thead>\n<tr>\n<th>Caract\u00e9ristique<\/th>\n<th>Lunette Takahashi FS-60CB<\/th>\n<\/tr>\n<\/thead>\n<tbody>\n<tr>\n<th>Longueur du tube<\/th>\n<td>440 mm<\/td>\n<\/tr>\n<tr>\n<th>Diam\u00e8tre du tube<\/th>\n<td>80 mm<\/td>\n<\/tr>\n<tr>\n<th>Diam\u00e8tre du pare-bu\u00e9e<\/th>\n<td>80 mm<\/td>\n<\/tr>\n<tr>\n<th>Poids<\/th>\n<td>1,4 kg<\/td>\n<\/tr>\n<tr>\n<th>Mise au point<\/th>\n<td>Cr\u00e9maill\u00e8re<\/td>\n<\/tr>\n<\/tbody>\n<\/table>\n","protected":false},"featured_media":11176,"template":"","meta":{"_editorskit_title_hidden":false,"_editorskit_reading_time":0,"_editorskit_is_block_options_detached":false,"_editorskit_block_options_position":"{}","_coblocks_attr":"","_coblocks_dimensions":"","_coblocks_responsive_height":"","_coblocks_accordion_ie_support":"","_crdt_document":"","_monsterinsights_skip_tracking":false,"_monsterinsights_sitenote_active":false,"_monsterinsights_sitenote_note":"","_monsterinsights_sitenote_category":0},"product_brand":[210],"product_cat":[215,212,22],"product_tag":[],"class_list":{"0":"post-11175","1":"product","2":"type-product","3":"status-publish","4":"has-post-thumbnail","6":"product_brand-takahashi","7":"product_cat-astrographs","8":"product_cat-lunette-telescopes","9":"product_cat-telescopes","11":"first","12":"instock","13":"shipping-taxable","14":"purchasable","15":"product-type-simple"},"yoast_head":"<!-- This site is optimized with the Yoast SEO plugin v27.5 - https:\/\/yoast.com\/product\/yoast-seo-wordpress\/ -->\n<title>Lunette Takahashi FS-60CB (tube seul) - Astroshop Maroc<\/title>\n<meta name=\"robots\" content=\"index, follow, max-snippet:-1, max-image-preview:large, max-video-preview:-1\" \/>\n<link rel=\"canonical\" href=\"https:\/\/astroshop.ma\/?product=lunette-takahashi-fs-60cb-tube-seul\" \/>\n<meta property=\"og:locale\" content=\"en_US\" \/>\n<meta property=\"og:type\" content=\"article\" \/>\n<meta property=\"og:title\" content=\"Lunette Takahashi FS-60CB (tube seul) - Astroshop Maroc\" \/>\n<meta property=\"og:description\" content=\"Caract\u00e9ristiques optiques    Caract\u00e9ristique Lunette Takahashi FS-60CB     Donn\u00e9es g\u00e9n\u00e9rales   Objectif Apochromatique \u00e0 doublet fluorite   Assemblage Objectif \u00e0 espacement d&#039;air. Fluorite frontale   Traitements Multicouche dur   Diam\u00e8tre utile 60 mm   Au foyer natif   Focale 355 mm   Ouverture relative F\/D 5,9   Backfocus 162 mm   Avec le correcteur de champ FL-FS-60C   Focale 370 mm   Ouverture relative F\/D 6,2   Diam\u00e8tre du cercle image 45 mm   Backfocus 56,2 mm   Avec le correcteur FC\/FS Multi-flattener MFL1.04X   Focale 370 mm   Ouverture relative F\/D 6,17   Diam\u00e8tre du cercle image 44 mm   Backfocus 97,7 mm   Avec le r\u00e9ducteur de focale RD-C0.72X   Focale 255 mm   Ouverture relative F\/D 4,2   Diam\u00e8tre du cercle image 40 mm   Backfocus 56,2 mm   Avec l&#039;extendeur 1.7XR   Focale 600 mm   Ouverture relative F\/D 10   Backfocus 158,4 mm    Caract\u00e9ristiques m\u00e9caniques    Caract\u00e9ristique Lunette Takahashi FS-60CB     Longueur du tube 440 mm   Diam\u00e8tre du tube 80 mm   Diam\u00e8tre du pare-bu\u00e9e 80 mm   Poids 1,4 kg   Mise au point Cr\u00e9maill\u00e8re\" \/>\n<meta property=\"og:url\" content=\"https:\/\/astroshop.ma\/?product=lunette-takahashi-fs-60cb-tube-seul\" \/>\n<meta property=\"og:site_name\" content=\"Astroshop Maroc\" \/>\n<meta property=\"article:modified_time\" content=\"2026-02-24T12:08:28+00:00\" \/>\n<meta property=\"og:image\" content=\"https:\/\/astroshop.ma\/wp-content\/uploads\/2026\/02\/fs-60cb-ota-tube-seul-au-coulant-3175-2.jpg\" \/>\n\t<meta property=\"og:image:width\" content=\"800\" \/>\n\t<meta property=\"og:image:height\" content=\"800\" \/>\n\t<meta property=\"og:image:type\" content=\"image\/jpeg\" \/>\n<meta name=\"twitter:card\" content=\"summary_large_image\" \/>\n<meta name=\"twitter:label1\" content=\"Est. reading time\" \/>\n\t<meta name=\"twitter:data1\" content=\"1 minute\" \/>\n<script type=\"application\/ld+json\" class=\"yoast-schema-graph\">{\"@context\":\"https:\\\/\\\/schema.org\",\"@graph\":[{\"@type\":\"WebPage\",\"@id\":\"https:\\\/\\\/astroshop.ma\\\/?product=lunette-takahashi-fs-60cb-tube-seul\",\"url\":\"https:\\\/\\\/astroshop.ma\\\/?product=lunette-takahashi-fs-60cb-tube-seul\",\"name\":\"Lunette Takahashi FS-60CB (tube seul) - Astroshop Maroc\",\"isPartOf\":{\"@id\":\"https:\\\/\\\/astroshop.ma\\\/#website\"},\"primaryImageOfPage\":{\"@id\":\"https:\\\/\\\/astroshop.ma\\\/?product=lunette-takahashi-fs-60cb-tube-seul#primaryimage\"},\"image\":{\"@id\":\"https:\\\/\\\/astroshop.ma\\\/?product=lunette-takahashi-fs-60cb-tube-seul#primaryimage\"},\"thumbnailUrl\":\"https:\\\/\\\/astroshop.ma\\\/wp-content\\\/uploads\\\/2026\\\/02\\\/fs-60cb-ota-tube-seul-au-coulant-3175-2.jpg\",\"datePublished\":\"2026-02-03T13:09:50+00:00\",\"dateModified\":\"2026-02-24T12:08:28+00:00\",\"breadcrumb\":{\"@id\":\"https:\\\/\\\/astroshop.ma\\\/?product=lunette-takahashi-fs-60cb-tube-seul#breadcrumb\"},\"inLanguage\":\"en-US\",\"potentialAction\":[{\"@type\":\"ReadAction\",\"target\":[\"https:\\\/\\\/astroshop.ma\\\/?product=lunette-takahashi-fs-60cb-tube-seul\"]}]},{\"@type\":\"ImageObject\",\"inLanguage\":\"en-US\",\"@id\":\"https:\\\/\\\/astroshop.ma\\\/?product=lunette-takahashi-fs-60cb-tube-seul#primaryimage\",\"url\":\"https:\\\/\\\/astroshop.ma\\\/wp-content\\\/uploads\\\/2026\\\/02\\\/fs-60cb-ota-tube-seul-au-coulant-3175-2.jpg\",\"contentUrl\":\"https:\\\/\\\/astroshop.ma\\\/wp-content\\\/uploads\\\/2026\\\/02\\\/fs-60cb-ota-tube-seul-au-coulant-3175-2.jpg\",\"width\":800,\"height\":800},{\"@type\":\"BreadcrumbList\",\"@id\":\"https:\\\/\\\/astroshop.ma\\\/?product=lunette-takahashi-fs-60cb-tube-seul#breadcrumb\",\"itemListElement\":[{\"@type\":\"ListItem\",\"position\":1,\"name\":\"Home\",\"item\":\"https:\\\/\\\/astroshop.ma\\\/\"},{\"@type\":\"ListItem\",\"position\":2,\"name\":\"Shop\",\"item\":\"https:\\\/\\\/astroshop.ma\\\/?page_id=394\"},{\"@type\":\"ListItem\",\"position\":3,\"name\":\"Lunette Takahashi FS-60CB (tube seul)\"}]},{\"@type\":\"WebSite\",\"@id\":\"https:\\\/\\\/astroshop.ma\\\/#website\",\"url\":\"https:\\\/\\\/astroshop.ma\\\/\",\"name\":\"Astroshop Maroc\",\"description\":\"Des instruments astronomiques pour chaque astronome au Maroc\",\"publisher\":{\"@id\":\"https:\\\/\\\/astroshop.ma\\\/#organization\"},\"potentialAction\":[{\"@type\":\"SearchAction\",\"target\":{\"@type\":\"EntryPoint\",\"urlTemplate\":\"https:\\\/\\\/astroshop.ma\\\/?s={search_term_string}\"},\"query-input\":{\"@type\":\"PropertyValueSpecification\",\"valueRequired\":true,\"valueName\":\"search_term_string\"}}],\"inLanguage\":\"en-US\"},{\"@type\":\"Organization\",\"@id\":\"https:\\\/\\\/astroshop.ma\\\/#organization\",\"name\":\"Astroshop Maroc\",\"url\":\"https:\\\/\\\/astroshop.ma\\\/\",\"logo\":{\"@type\":\"ImageObject\",\"inLanguage\":\"en-US\",\"@id\":\"https:\\\/\\\/astroshop.ma\\\/#\\\/schema\\\/logo\\\/image\\\/\",\"url\":\"https:\\\/\\\/astroshop.ma\\\/wp-content\\\/uploads\\\/2025\\\/12\\\/M20_Logo_1.jpg\",\"contentUrl\":\"https:\\\/\\\/astroshop.ma\\\/wp-content\\\/uploads\\\/2025\\\/12\\\/M20_Logo_1.jpg\",\"width\":501,\"height\":334,\"caption\":\"Astroshop Maroc\"},\"image\":{\"@id\":\"https:\\\/\\\/astroshop.ma\\\/#\\\/schema\\\/logo\\\/image\\\/\"}}]}<\/script>\n<!-- \/ Yoast SEO plugin. -->","yoast_head_json":{"title":"Lunette Takahashi FS-60CB (tube seul) - Astroshop Maroc","robots":{"index":"index","follow":"follow","max-snippet":"max-snippet:-1","max-image-preview":"max-image-preview:large","max-video-preview":"max-video-preview:-1"},"canonical":"https:\/\/astroshop.ma\/?product=lunette-takahashi-fs-60cb-tube-seul","og_locale":"en_US","og_type":"article","og_title":"Lunette Takahashi FS-60CB (tube seul) - Astroshop Maroc","og_description":"Caract\u00e9ristiques optiques    Caract\u00e9ristique Lunette Takahashi FS-60CB     Donn\u00e9es g\u00e9n\u00e9rales   Objectif Apochromatique \u00e0 doublet fluorite   Assemblage Objectif \u00e0 espacement d'air. Fluorite frontale   Traitements Multicouche dur   Diam\u00e8tre utile 60 mm   Au foyer natif   Focale 355 mm   Ouverture relative F\/D 5,9   Backfocus 162 mm   Avec le correcteur de champ FL-FS-60C   Focale 370 mm   Ouverture relative F\/D 6,2   Diam\u00e8tre du cercle image 45 mm   Backfocus 56,2 mm   Avec le correcteur FC\/FS Multi-flattener MFL1.04X   Focale 370 mm   Ouverture relative F\/D 6,17   Diam\u00e8tre du cercle image 44 mm   Backfocus 97,7 mm   Avec le r\u00e9ducteur de focale RD-C0.72X   Focale 255 mm   Ouverture relative F\/D 4,2   Diam\u00e8tre du cercle image 40 mm   Backfocus 56,2 mm   Avec l'extendeur 1.7XR   Focale 600 mm   Ouverture relative F\/D 10   Backfocus 158,4 mm    Caract\u00e9ristiques m\u00e9caniques    Caract\u00e9ristique Lunette Takahashi FS-60CB     Longueur du tube 440 mm   Diam\u00e8tre du tube 80 mm   Diam\u00e8tre du pare-bu\u00e9e 80 mm   Poids 1,4 kg   Mise au point Cr\u00e9maill\u00e8re","og_url":"https:\/\/astroshop.ma\/?product=lunette-takahashi-fs-60cb-tube-seul","og_site_name":"Astroshop Maroc","article_modified_time":"2026-02-24T12:08:28+00:00","og_image":[{"width":800,"height":800,"url":"https:\/\/astroshop.ma\/wp-content\/uploads\/2026\/02\/fs-60cb-ota-tube-seul-au-coulant-3175-2.jpg","type":"image\/jpeg"}],"twitter_card":"summary_large_image","twitter_misc":{"Est. reading time":"1 minute"},"schema":{"@context":"https:\/\/schema.org","@graph":[{"@type":"WebPage","@id":"https:\/\/astroshop.ma\/?product=lunette-takahashi-fs-60cb-tube-seul","url":"https:\/\/astroshop.ma\/?product=lunette-takahashi-fs-60cb-tube-seul","name":"Lunette Takahashi FS-60CB (tube seul) - Astroshop Maroc","isPartOf":{"@id":"https:\/\/astroshop.ma\/#website"},"primaryImageOfPage":{"@id":"https:\/\/astroshop.ma\/?product=lunette-takahashi-fs-60cb-tube-seul#primaryimage"},"image":{"@id":"https:\/\/astroshop.ma\/?product=lunette-takahashi-fs-60cb-tube-seul#primaryimage"},"thumbnailUrl":"https:\/\/astroshop.ma\/wp-content\/uploads\/2026\/02\/fs-60cb-ota-tube-seul-au-coulant-3175-2.jpg","datePublished":"2026-02-03T13:09:50+00:00","dateModified":"2026-02-24T12:08:28+00:00","breadcrumb":{"@id":"https:\/\/astroshop.ma\/?product=lunette-takahashi-fs-60cb-tube-seul#breadcrumb"},"inLanguage":"en-US","potentialAction":[{"@type":"ReadAction","target":["https:\/\/astroshop.ma\/?product=lunette-takahashi-fs-60cb-tube-seul"]}]},{"@type":"ImageObject","inLanguage":"en-US","@id":"https:\/\/astroshop.ma\/?product=lunette-takahashi-fs-60cb-tube-seul#primaryimage","url":"https:\/\/astroshop.ma\/wp-content\/uploads\/2026\/02\/fs-60cb-ota-tube-seul-au-coulant-3175-2.jpg","contentUrl":"https:\/\/astroshop.ma\/wp-content\/uploads\/2026\/02\/fs-60cb-ota-tube-seul-au-coulant-3175-2.jpg","width":800,"height":800},{"@type":"BreadcrumbList","@id":"https:\/\/astroshop.ma\/?product=lunette-takahashi-fs-60cb-tube-seul#breadcrumb","itemListElement":[{"@type":"ListItem","position":1,"name":"Home","item":"https:\/\/astroshop.ma\/"},{"@type":"ListItem","position":2,"name":"Shop","item":"https:\/\/astroshop.ma\/?page_id=394"},{"@type":"ListItem","position":3,"name":"Lunette Takahashi FS-60CB (tube seul)"}]},{"@type":"WebSite","@id":"https:\/\/astroshop.ma\/#website","url":"https:\/\/astroshop.ma\/","name":"Astroshop Maroc","description":"Des instruments astronomiques pour chaque astronome au Maroc","publisher":{"@id":"https:\/\/astroshop.ma\/#organization"},"potentialAction":[{"@type":"SearchAction","target":{"@type":"EntryPoint","urlTemplate":"https:\/\/astroshop.ma\/?s={search_term_string}"},"query-input":{"@type":"PropertyValueSpecification","valueRequired":true,"valueName":"search_term_string"}}],"inLanguage":"en-US"},{"@type":"Organization","@id":"https:\/\/astroshop.ma\/#organization","name":"Astroshop Maroc","url":"https:\/\/astroshop.ma\/","logo":{"@type":"ImageObject","inLanguage":"en-US","@id":"https:\/\/astroshop.ma\/#\/schema\/logo\/image\/","url":"https:\/\/astroshop.ma\/wp-content\/uploads\/2025\/12\/M20_Logo_1.jpg","contentUrl":"https:\/\/astroshop.ma\/wp-content\/uploads\/2025\/12\/M20_Logo_1.jpg","width":501,"height":334,"caption":"Astroshop Maroc"},"image":{"@id":"https:\/\/astroshop.ma\/#\/schema\/logo\/image\/"}}]}},"_links":{"self":[{"href":"https:\/\/astroshop.ma\/index.php?rest_route=\/wp\/v2\/product\/11175","targetHints":{"allow":["GET"]}}],"collection":[{"href":"https:\/\/astroshop.ma\/index.php?rest_route=\/wp\/v2\/product"}],"about":[{"href":"https:\/\/astroshop.ma\/index.php?rest_route=\/wp\/v2\/types\/product"}],"wp:featuredmedia":[{"embeddable":true,"href":"https:\/\/astroshop.ma\/index.php?rest_route=\/wp\/v2\/media\/11176"}],"wp:attachment":[{"href":"https:\/\/astroshop.ma\/index.php?rest_route=%2Fwp%2Fv2%2Fmedia&parent=11175"}],"wp:term":[{"taxonomy":"product_brand","embeddable":true,"href":"https:\/\/astroshop.ma\/index.php?rest_route=%2Fwp%2Fv2%2Fproduct_brand&post=11175"},{"taxonomy":"product_cat","embeddable":true,"href":"https:\/\/astroshop.ma\/index.php?rest_route=%2Fwp%2Fv2%2Fproduct_cat&post=11175"},{"taxonomy":"product_tag","embeddable":true,"href":"https:\/\/astroshop.ma\/index.php?rest_route=%2Fwp%2Fv2%2Fproduct_tag&post=11175"}],"curies":[{"name":"wp","href":"https:\/\/api.w.org\/{rel}","templated":true}]}}