{"id":11170,"date":"2026-02-03T13:01:28","date_gmt":"2026-02-03T13:01:28","guid":{"rendered":"https:\/\/astroshop.ma\/?post_type=product&#038;p=11170"},"modified":"2026-02-03T13:01:28","modified_gmt":"2026-02-03T13:01:28","slug":"telescope-evscope-2-unistellar","status":"publish","type":"product","link":"https:\/\/astroshop.ma\/?product=telescope-evscope-2-unistellar","title":{"rendered":"T\u00e9lescope eVscope 2 Unistellar"},"content":{"rendered":"<h4>Diff\u00e9rences eVscope 2 vs eQuinox<\/h4>\n<ul>\n<li>Oculaire \u00e9lectronique sur la version eVscope 2<\/li>\n<li>Champ de vision plus grand : 34&#8242; x 47&#8242; (27&#8242; x 37&#8242; pour l&#8217;eQuinox)<\/li>\n<li>R\u00e9solution sup\u00e9rieure : 1.33&#8243; (1.72&#8243; pour l&#8217;eQuinox)<\/li>\n<li>R\u00e9solution de l&#8217;image : 7.7Mpx (4.9Mpx pour l&#8217;eQuinox)<\/li>\n<li>Dur\u00e9e de vie de la batterie autour de 10h (en raison de l&#8217;oculaire \u00e9lectronique)<\/li>\n<li>Couleur gris\/noir (noir pour l&#8217;eQuinox)<\/li>\n<\/ul>\n<h4>Le t\u00e9lescope num\u00e9rique simple d&#8217;utilisation<\/h4>\n<p>Le num\u00e9rique et le d\u00e9veloppement des applications sur smartphone\/tablette modifient depuis quelques ann\u00e9es le monde de l&#8217;Astronomie.<strong>\u00a0Unistellar, start-up fran\u00e7aise, a port\u00e9 plus loin cette philosophie en faisant de son t\u00e9lescope un concentr\u00e9 de technologies brevet\u00e9es in\u00e9dit<\/strong>. L&#8217;eVscope (Enhanced Vision Telescope &#8211; T\u00e9lescope \u00e0 vision am\u00e9lior\u00e9e) est l&#8217;aboutissement de 5 ans de recherche et d\u00e9veloppement lanc\u00e9s par 4 fran\u00e7ais<strong>\u00a0pour permettre \u00e0 tous : d\u00e9butant en Astronomie ou simple curieux du ciel de se lancer dans la d\u00e9couverte de l&#8217;espace et de ses merveilles\u00a0<\/strong>&#8230; sans avoir aucune connaissance dans ce domaine. Pour les amateurs ou experts l&#8217;eVscope repr\u00e9sente une solution rapide \u00e0 mettre place en compl\u00e9ment de votre mat\u00e9riel.<\/p>\n<figure><img decoding=\"async\" title=\"Sch\u00e9ma de l'eVscope 2 d'Unistellar\" src=\"https:\/\/www.telescopes-et-accessoires.fr\/img\/cms\/photos\/fiches\/eVscope2-01-small.webp\" \/><figcaption>Sch\u00e9ma de l&#8217;eVscope 2 d&#8217;Unistellar<\/figcaption><\/figure>\n<p><strong>L&#8217;eVscope 2 est un t\u00e9lescope de 114mm de diam\u00e8tre (taille de son miroir primaire) sur une monture altazimutale motoris\u00e9e double axe<\/strong>, de configuration &#8220;Newton&#8221; avec une cam\u00e9ra num\u00e9rique \u00e0 la place du miroir secondaire. L&#8217;image capt\u00e9e par la cam\u00e9ra (capteur ultra-sensible IMX347) est transf\u00e9r\u00e9e \u00e0 un ordinateur de bord qui restitue l&#8217;image \u00e0 travers un algorithme \u00e0 votre tablette ou smartphone.\u00a0<strong>Une autre caract\u00e9ristique d\u00e9terminante de l\u2019eVscope 2 est l\u2019oculaire \u00e9lectronique, d\u00e9velopp\u00e9 par Nikon<\/strong>\u00a0: la combinaison d\u2019un \u00e9cran micro OLED de pointe, con\u00e7u pour am\u00e9liorer le contraste et fournir une image noire parfaite, et un assemblage sophistiqu\u00e9 de lentilles, provenant des laboratoires optiques experts de Nikon. Ce nouvel &#8220;oculaire&#8221; offre une observation captivante et immersive avec un contraste riche, un meilleur confort d\u2019observation et une meilleure r\u00e9duction de la fatigue oculaire.<\/p>\n<figure><img decoding=\"async\" title=\"La n\u00e9buleuse d'Orion M42 et la galaxie M81 captur\u00e9es par l'eVscope 2\" src=\"https:\/\/www.telescopes-et-accessoires.fr\/img\/cms\/photos\/fiches\/eVscope-07-small.webp\" \/><figcaption>La n\u00e9buleuse d&#8217;Orion M42 et la galaxie M81 captur\u00e9es par l&#8217;eVscope 2<\/figcaption><\/figure>\n<p><strong>Gr\u00e2ce \u00e0 l&#8217;application &#8220;Unistellar&#8221;<\/strong>\u00a0sous Google Play Store (Android) ou iOS (Apple),<strong>\u00a0choisissez le mode imagerie (Am\u00e9liorer) pour accumuler la lumi\u00e8re<\/strong>\u00a0d&#8217;une galaxie, n\u00e9buleuses ou com\u00e8tes pendant plusieurs minutes pour la photographier en d\u00e9tails.<strong>\u00a0L&#8217;eVscope se charge du pr\u00e9traitement (pour limiter le bruit) et du traitement<\/strong>. Plus vous posez longtemps, plus les formes apparaissent et le contraste augmente. Rendant visible des objets invisibles \u00e0 l&#8217;oeil nu.<\/p>\n<figure><img decoding=\"async\" title=\"Copie d'\u00e9cran de l'application Unistellar\" src=\"https:\/\/www.telescopes-et-accessoires.fr\/img\/cms\/photos\/fiches\/googleplaystore-01-small.png\" \/><figcaption>Copie d&#8217;\u00e9cran de l&#8217;application Unistellar<\/figcaption><\/figure>\n<h4>Une mise en place simplifi\u00e9e<\/h4>\n<p>L&#8217;un des \u00e9cueils des t\u00e9lescopes &#8220;traditionnels&#8221; est leur mise en place (initialisation).\u00a0<strong>L&#8217;eVscope offre la solution la plus simple existante!<\/strong>\u00a0Apr\u00e8s avoir connect\u00e9 votre smartphone en Wifi \u00e0 l&#8217;eVscope vous visez n&#8217;importe quelle r\u00e9gion du ciel \u00e0 l&#8217;aide du joystick virtuel.\u00a0<strong>Il effectue alors une reconnaissance automatique du champ point\u00e9 en le comparant \u00e0 ses 10 millions d&#8217;\u00e9toiles dans sa base de donn\u00e9es<\/strong>.<strong>\u00a0En quelques secondes l&#8217;appareil est param\u00e9tr\u00e9 et dot\u00e9 d&#8217;un suivi (compensation de la rotation de la Terre)<\/strong>, il vous suffit alors de choisir dans son catalogue de +5 500 objets c\u00e9lestes : une plan\u00e8te, com\u00e8te, galaxie, n\u00e9buleuse ou un amas d&#8217;\u00e9toiles.<\/p>\n<p>Niveau ergonomie l&#8217;eVscope est en fait\u00a0<strong>si compact qu&#8217;il tient dans un\u00a0<a href=\"https:\/\/www.telescopes-et-accessoires.fr\/sac-a-dos-pour-telescope-evscope-unistellar-c2x32633539\" target=\"_blank\" rel=\"noopener\">sac \u00e0 dos (optionnel)<\/a>\u00a0de randonn\u00e9e de taille moyenne\u00a0<\/strong>, ce qui en fait le compagnon id\u00e9al de soir\u00e9es d&#8217;observation improvis\u00e9es, m\u00eame en vacances. Un tr\u00e9pied est inclus en standard, ainsi qu&#8217;un masque de Bahtinov (dans le cache anti-poussi\u00e8re), outil pratique pour parfaire la mise au point (nettet\u00e9 des images).<\/p>\n<figure><img decoding=\"async\" title=\"comparatif_unistellar\" src=\"https:\/\/www.telescopes-et-accessoires.fr\/img\/cms\/photos\/fiches\/COMPARATIF-PRODUITS-FR-01-compressed.webp\" alt=\"evscope_09.webp\" \/><figcaption>Comparatif des diff\u00e9rentes gamme d&#8217;instruments Unistellar : eVscope \/ eQuinox \/ Odyssey<\/figcaption><\/figure>\n<h4>Nouvelle technologie : VVT<\/h4>\n<p>Le nouveau traitement du signal\u00a0<strong>Vivid Vision Technology (VVT) modifie les images de votre t\u00e9lescope UniStellar gr\u00e2ce \u00e0 deux avanc\u00e9es majeures et par une simple mise \u00e0 jour de l&#8217;application<\/strong>\u00a0(sauf pour les mod\u00e8les Equinox 1 et eVscope 1).<\/p>\n<ul>\n<li><strong>D\u00e9tection et r\u00e9v\u00e9lation des vraies couleurs du cosmos :<\/strong>\u00a0Les t\u00e9lescopes d\u00e9tectent automatiquement les couleurs authentiques de l\u2019espace, offrant une palette \u00e9clatante et fid\u00e8le. L\u2019information de couleur contenue dans les donn\u00e9es RAW est amplifi\u00e9e. Pour \u00e9viter toute couleur aberrante, l\u2019algorithme a \u00e9t\u00e9 valid\u00e9 en se basant sur les couleurs du catalogue Gaia DR3<\/li>\n<li><strong>Am\u00e9lioration du traitement :<\/strong>\u00a0Des algorithmes embarqu\u00e9s corrigent mieux les imperfections et valorisent les images, pour s&#8217;approcher du travail d&#8217;astrophotographes exp\u00e9riment\u00e9s<\/li>\n<\/ul>\n<p>Les t\u00e9lescopes Unistellar \u00e9quip\u00e9s de la technologie VVT permettent de mieux percevoir les couleurs riches et vari\u00e9es de l\u2019Univers, offrant des photos des galaxies, n\u00e9buleuses et amas d\u2019\u00e9toiles d\u2019un niveau de d\u00e9tail, de luminosit\u00e9 et de fid\u00e9lit\u00e9 in\u00e9dit pour des instruments grand public.<\/p>\n<figure><img decoding=\"async\" title=\"comparatif_traitement_vvt_01.webp\" src=\"https:\/\/www.telescopes-et-accessoires.fr\/img\/cms\/photos\/fiches\/VVT-01-small-compressed.webp\" alt=\"vvt_01.webp\" \/><figcaption><\/figcaption><\/figure>\n<h4>La science participative<\/h4>\n<p><strong>En partenariat avec l&#8217;Institut SETI aux \u00c9tats-Unis\u00a0<\/strong>, vous pourrez m\u00eame tirer parti de la puissance de votre eVscope pour rejoindre une communaut\u00e9 de milliers d&#8217;utilisateurs afin d&#8217;\u00eatre le t\u00e9moin privil\u00e9gi\u00e9 d&#8217;\u00e9v\u00e9nements astronomiques rares, comme des com\u00e8tes, des supernovaes ou des transits d&#8217;Exoplan\u00e8tes,<strong>\u00a0tout en r\u00e9coltant des donn\u00e9es permettant leur \u00e9tude scientifique<\/strong>.<\/p>\n<figure><img decoding=\"async\" title=\"evscope2_backpack_01.webp\" src=\"https:\/\/www.telescopes-et-accessoires.fr\/img\/cms\/photos\/fiches\/Unistellar-eVscope-backpack-small.webp\" \/><\/figure>\n<p>&nbsp;<\/p>\n<p>&nbsp;<\/p>\n<h3>\u00c9l\u00e9ments Livr\u00e9s<\/h3>\n<p>&nbsp;<\/p>\n<ul>\n<li>1x T\u00e9lescope complet eVscope 2<\/li>\n<li>1x Tr\u00e9pied r\u00e9glable<\/li>\n<li>1x Masque de Bahtinov<\/li>\n<li>1x Alimentation secteur 220\/12V<\/li>\n<li>Manuel d&#8217;utilisation en fran\u00e7ais<\/li>\n<li>Garantie de 2 ans<\/li>\n<\/ul>\n","protected":false},"excerpt":{"rendered":"<table class=\"table-responsive\">\n<thead>\n<tr>\n<th>Caract\u00e9ristiques<\/th>\n<td>T\u00e9lescope eVscope 2 Unistellar<\/td>\n<\/tr>\n<\/thead>\n<tbody>\n<tr>\n<td class=\"titresection\" colspan=\"2\">Hardware<\/td>\n<\/tr>\n<tr>\n<th>Tube optique<\/th>\n<td>Construction type Newton avec miroir primaire de 114mm de diam\u00e8tre<\/td>\n<\/tr>\n<tr>\n<th>Focale<\/th>\n<td>450mm (f\/3.94)<\/td>\n<\/tr>\n<tr>\n<th>Monture<\/th>\n<td>Altazimutale motoris\u00e9e double axe et GoTo (pointage automatique)<\/td>\n<\/tr>\n<tr>\n<th>Pouvoir s\u00e9parateur<\/th>\n<td>1.33&#8243; secondes d&#8217;arc<\/td>\n<\/tr>\n<tr>\n<th>Magnitude limite<\/th>\n<td>inf\u00e9rieure \u00e0 16 ciel de qualit\u00e9 moyenne sur une minute jusqu&#8217;\u00e0 17.7 dans des conditions excellentes sur plusieurs minutes<\/td>\n<\/tr>\n<tr>\n<th>Grossissement optique<\/th>\n<td>50x<\/td>\n<\/tr>\n<tr>\n<th>Grossissement num\u00e9rique<\/th>\n<td>jusqu&#8217;\u00e0 400x (max. 150x recommand\u00e9)<\/td>\n<\/tr>\n<tr>\n<th>Champ de vision<\/th>\n<td>0.75\u00b0x0.56\u00b0<\/td>\n<\/tr>\n<tr>\n<th>R\u00e9flectivit\u00e9 du miroir<\/th>\n<td>92-96%<\/td>\n<\/tr>\n<tr>\n<th>Batterie rechargeable int\u00e9gr\u00e9e<\/th>\n<td>Jusqu&#8217;\u00e0 10 heures d&#8217;autonomie (Ion-Lithium)<\/td>\n<\/tr>\n<tr>\n<th>Oculaire<\/th>\n<td>Nikon Viewfinder<\/td>\n<\/tr>\n<tr>\n<th>Dimensions<\/th>\n<td>65cm de hauteur \/ 23cm de large<\/td>\n<\/tr>\n<tr>\n<th>Poids<\/th>\n<td>9.1kg (11kg avec tr\u00e9pied)<\/td>\n<\/tr>\n<tr>\n<th>Garantie<\/th>\n<td>2 ans<\/td>\n<\/tr>\n<tr>\n<td class=\"titresection\" colspan=\"2\">Electronique<\/td>\n<\/tr>\n<tr>\n<th>Capteur<\/th>\n<td>Sony IMX347<\/td>\n<\/tr>\n<tr>\n<th>R\u00e9solution<\/th>\n<td>7.7 Megapixel (Super R\u00e9solution Technology)<\/td>\n<\/tr>\n<tr>\n<th>Traitement d&#8217;image<\/th>\n<td>Int\u00e9gr\u00e9<\/td>\n<\/tr>\n<tr>\n<th>R\u00e9duction<\/th>\n<td>Du bruit num\u00e9rique et de la pollution lumineuse<\/td>\n<\/tr>\n<tr>\n<th>Boussole<\/th>\n<td>Int\u00e9gr\u00e9e<\/td>\n<\/tr>\n<tr>\n<th>Acc\u00e9l\u00e9rom\u00e8tre 3 axes<\/th>\n<td>Int\u00e9gr\u00e9<\/td>\n<\/tr>\n<tr>\n<th>Connexion smartphone\/tablette<\/th>\n<td>Par Wifi en installation l&#8217;application gratuite &#8220;Unistellar&#8221;<\/td>\n<\/tr>\n<tr>\n<th>Stockage<\/th>\n<td>64Go<\/td>\n<\/tr>\n<tr>\n<td class=\"titresection\" colspan=\"2\">Comp\u00e9tences<\/td>\n<\/tr>\n<tr>\n<th>Reconnaissance du champ<\/th>\n<td>Proc\u00e9dure d&#8217;alignement enti\u00e8rement automatis\u00e9e en 10 secondes<\/td>\n<\/tr>\n<tr>\n<th>Suivi c\u00e9leste<\/th>\n<td>Automatis\u00e9<\/td>\n<\/tr>\n<tr>\n<th>Pointage<\/th>\n<td>Automatis\u00e9 (GoTo)<\/td>\n<\/tr>\n<tr>\n<th>Base de donn\u00e9es<\/th>\n<td>+5 500 objets en m\u00e9moire<\/td>\n<\/tr>\n<tr>\n<th>Informations d\u00e9taill\u00e9es<\/th>\n<td>Sur 120 objets c\u00e9lestes<\/td>\n<\/tr>\n<tr>\n<th>Recommandation d&#8217;objets<\/th>\n<td>En fonction de l&#8217;heure, de la date et de la position (lieu) du smartphone contr\u00f4lant le t\u00e9lescope<\/td>\n<\/tr>\n<tr>\n<th>Missions scientifiques<\/th>\n<td>Ev\u00e9nements d&#8217;occultation d&#8217;ast\u00e9ro\u00efdes, transits d&#8217;exoplan\u00e8tes, suivi d&#8217;\u00e9v\u00e9nements transitoires (supernovae et com\u00e8tes), etc&#8230;<\/td>\n<\/tr>\n<\/tbody>\n<\/table>\n","protected":false},"featured_media":11171,"template":"","meta":{"_editorskit_title_hidden":false,"_editorskit_reading_time":0,"_editorskit_is_block_options_detached":false,"_editorskit_block_options_position":"{}","_coblocks_attr":"","_coblocks_dimensions":"","_coblocks_responsive_height":"","_coblocks_accordion_ie_support":"","_crdt_document":"","_monsterinsights_skip_tracking":false,"_monsterinsights_sitenote_active":false,"_monsterinsights_sitenote_note":"","_monsterinsights_sitenote_category":0},"product_brand":[],"product_cat":[143,22,192],"product_tag":[],"class_list":{"0":"post-11170","1":"product","2":"type-product","3":"status-publish","4":"has-post-thumbnail","6":"product_cat-smart-telescopes","7":"product_cat-telescopes","8":"product_cat-telescopes-complets","10":"first","11":"instock","12":"shipping-taxable","13":"purchasable","14":"product-type-simple"},"yoast_head":"<!-- This site is optimized with the Yoast SEO plugin v27.4 - https:\/\/yoast.com\/product\/yoast-seo-wordpress\/ -->\n<title>T\u00e9lescope eVscope 2 Unistellar - Astroshop Maroc<\/title>\n<meta name=\"robots\" content=\"index, follow, max-snippet:-1, max-image-preview:large, max-video-preview:-1\" \/>\n<link rel=\"canonical\" href=\"https:\/\/astroshop.ma\/?product=telescope-evscope-2-unistellar\" \/>\n<meta property=\"og:locale\" content=\"en_US\" \/>\n<meta property=\"og:type\" content=\"article\" \/>\n<meta property=\"og:title\" content=\"T\u00e9lescope eVscope 2 Unistellar - Astroshop Maroc\" \/>\n<meta property=\"og:description\" content=\"Caract\u00e9ristiques T\u00e9lescope eVscope 2 Unistellar     Hardware   Tube optique Construction type Newton avec miroir primaire de 114mm de diam\u00e8tre   Focale 450mm (f\/3.94)   Monture Altazimutale motoris\u00e9e double axe et GoTo (pointage automatique)   Pouvoir s\u00e9parateur 1.33&quot; secondes d&#039;arc   Magnitude limite inf\u00e9rieure \u00e0 16 ciel de qualit\u00e9 moyenne sur une minute jusqu&#039;\u00e0 17.7 dans des conditions excellentes sur plusieurs minutes   Grossissement optique 50x   Grossissement num\u00e9rique jusqu&#039;\u00e0 400x (max. 150x recommand\u00e9)   Champ de vision 0.75\u00b0x0.56\u00b0   R\u00e9flectivit\u00e9 du miroir 92-96%   Batterie rechargeable int\u00e9gr\u00e9e Jusqu&#039;\u00e0 10 heures d&#039;autonomie (Ion-Lithium)   Oculaire Nikon Viewfinder   Dimensions 65cm de hauteur \/ 23cm de large   Poids 9.1kg (11kg avec tr\u00e9pied)   Garantie 2 ans   Electronique   Capteur Sony IMX347   R\u00e9solution 7.7 Megapixel (Super R\u00e9solution Technology)   Traitement d&#039;image Int\u00e9gr\u00e9   R\u00e9duction Du bruit num\u00e9rique et de la pollution lumineuse   Boussole Int\u00e9gr\u00e9e   Acc\u00e9l\u00e9rom\u00e8tre 3 axes Int\u00e9gr\u00e9   Connexion smartphone\/tablette Par Wifi en installation l&#039;application gratuite &quot;Unistellar&quot;   Stockage 64Go   Comp\u00e9tences   Reconnaissance du champ Proc\u00e9dure d&#039;alignement enti\u00e8rement automatis\u00e9e en 10 secondes   Suivi c\u00e9leste Automatis\u00e9   Pointage Automatis\u00e9 (GoTo)   Base de donn\u00e9es +5 500 objets en m\u00e9moire   Informations d\u00e9taill\u00e9es Sur 120 objets c\u00e9lestes   Recommandation d&#039;objets En fonction de l&#039;heure, de la date et de la position (lieu) du smartphone contr\u00f4lant le t\u00e9lescope   Missions scientifiques Ev\u00e9nements d&#039;occultation d&#039;ast\u00e9ro\u00efdes, transits d&#039;exoplan\u00e8tes, suivi d&#039;\u00e9v\u00e9nements transitoires (supernovae et com\u00e8tes), etc...\" \/>\n<meta property=\"og:url\" content=\"https:\/\/astroshop.ma\/?product=telescope-evscope-2-unistellar\" \/>\n<meta property=\"og:site_name\" content=\"Astroshop Maroc\" \/>\n<meta property=\"og:image\" content=\"https:\/\/astroshop.ma\/wp-content\/uploads\/2026\/02\/telescope-evscope2-unistellar.jpg\" \/>\n\t<meta property=\"og:image:width\" content=\"800\" \/>\n\t<meta property=\"og:image:height\" content=\"800\" \/>\n\t<meta property=\"og:image:type\" content=\"image\/jpeg\" \/>\n<meta name=\"twitter:card\" content=\"summary_large_image\" \/>\n<meta name=\"twitter:label1\" content=\"Est. reading time\" \/>\n\t<meta name=\"twitter:data1\" content=\"5 minutes\" \/>\n<script type=\"application\/ld+json\" class=\"yoast-schema-graph\">{\"@context\":\"https:\\\/\\\/schema.org\",\"@graph\":[{\"@type\":\"WebPage\",\"@id\":\"https:\\\/\\\/astroshop.ma\\\/?product=telescope-evscope-2-unistellar\",\"url\":\"https:\\\/\\\/astroshop.ma\\\/?product=telescope-evscope-2-unistellar\",\"name\":\"T\u00e9lescope eVscope 2 Unistellar - Astroshop Maroc\",\"isPartOf\":{\"@id\":\"https:\\\/\\\/astroshop.ma\\\/#website\"},\"primaryImageOfPage\":{\"@id\":\"https:\\\/\\\/astroshop.ma\\\/?product=telescope-evscope-2-unistellar#primaryimage\"},\"image\":{\"@id\":\"https:\\\/\\\/astroshop.ma\\\/?product=telescope-evscope-2-unistellar#primaryimage\"},\"thumbnailUrl\":\"https:\\\/\\\/astroshop.ma\\\/wp-content\\\/uploads\\\/2026\\\/02\\\/telescope-evscope2-unistellar.jpg\",\"datePublished\":\"2026-02-03T13:01:28+00:00\",\"breadcrumb\":{\"@id\":\"https:\\\/\\\/astroshop.ma\\\/?product=telescope-evscope-2-unistellar#breadcrumb\"},\"inLanguage\":\"en-US\",\"potentialAction\":[{\"@type\":\"ReadAction\",\"target\":[\"https:\\\/\\\/astroshop.ma\\\/?product=telescope-evscope-2-unistellar\"]}]},{\"@type\":\"ImageObject\",\"inLanguage\":\"en-US\",\"@id\":\"https:\\\/\\\/astroshop.ma\\\/?product=telescope-evscope-2-unistellar#primaryimage\",\"url\":\"https:\\\/\\\/astroshop.ma\\\/wp-content\\\/uploads\\\/2026\\\/02\\\/telescope-evscope2-unistellar.jpg\",\"contentUrl\":\"https:\\\/\\\/astroshop.ma\\\/wp-content\\\/uploads\\\/2026\\\/02\\\/telescope-evscope2-unistellar.jpg\",\"width\":800,\"height\":800},{\"@type\":\"BreadcrumbList\",\"@id\":\"https:\\\/\\\/astroshop.ma\\\/?product=telescope-evscope-2-unistellar#breadcrumb\",\"itemListElement\":[{\"@type\":\"ListItem\",\"position\":1,\"name\":\"Home\",\"item\":\"https:\\\/\\\/astroshop.ma\\\/\"},{\"@type\":\"ListItem\",\"position\":2,\"name\":\"Shop\",\"item\":\"https:\\\/\\\/astroshop.ma\\\/?page_id=394\"},{\"@type\":\"ListItem\",\"position\":3,\"name\":\"T\u00e9lescope eVscope 2 Unistellar\"}]},{\"@type\":\"WebSite\",\"@id\":\"https:\\\/\\\/astroshop.ma\\\/#website\",\"url\":\"https:\\\/\\\/astroshop.ma\\\/\",\"name\":\"Astroshop Maroc\",\"description\":\"Des instruments astronomiques pour chaque astronome au Maroc\",\"publisher\":{\"@id\":\"https:\\\/\\\/astroshop.ma\\\/#organization\"},\"potentialAction\":[{\"@type\":\"SearchAction\",\"target\":{\"@type\":\"EntryPoint\",\"urlTemplate\":\"https:\\\/\\\/astroshop.ma\\\/?s={search_term_string}\"},\"query-input\":{\"@type\":\"PropertyValueSpecification\",\"valueRequired\":true,\"valueName\":\"search_term_string\"}}],\"inLanguage\":\"en-US\"},{\"@type\":\"Organization\",\"@id\":\"https:\\\/\\\/astroshop.ma\\\/#organization\",\"name\":\"Astroshop Maroc\",\"url\":\"https:\\\/\\\/astroshop.ma\\\/\",\"logo\":{\"@type\":\"ImageObject\",\"inLanguage\":\"en-US\",\"@id\":\"https:\\\/\\\/astroshop.ma\\\/#\\\/schema\\\/logo\\\/image\\\/\",\"url\":\"https:\\\/\\\/astroshop.ma\\\/wp-content\\\/uploads\\\/2025\\\/12\\\/M20_Logo_1.jpg\",\"contentUrl\":\"https:\\\/\\\/astroshop.ma\\\/wp-content\\\/uploads\\\/2025\\\/12\\\/M20_Logo_1.jpg\",\"width\":501,\"height\":334,\"caption\":\"Astroshop Maroc\"},\"image\":{\"@id\":\"https:\\\/\\\/astroshop.ma\\\/#\\\/schema\\\/logo\\\/image\\\/\"}}]}<\/script>\n<!-- \/ Yoast SEO plugin. -->","yoast_head_json":{"title":"T\u00e9lescope eVscope 2 Unistellar - Astroshop Maroc","robots":{"index":"index","follow":"follow","max-snippet":"max-snippet:-1","max-image-preview":"max-image-preview:large","max-video-preview":"max-video-preview:-1"},"canonical":"https:\/\/astroshop.ma\/?product=telescope-evscope-2-unistellar","og_locale":"en_US","og_type":"article","og_title":"T\u00e9lescope eVscope 2 Unistellar - Astroshop Maroc","og_description":"Caract\u00e9ristiques T\u00e9lescope eVscope 2 Unistellar     Hardware   Tube optique Construction type Newton avec miroir primaire de 114mm de diam\u00e8tre   Focale 450mm (f\/3.94)   Monture Altazimutale motoris\u00e9e double axe et GoTo (pointage automatique)   Pouvoir s\u00e9parateur 1.33\" secondes d'arc   Magnitude limite inf\u00e9rieure \u00e0 16 ciel de qualit\u00e9 moyenne sur une minute jusqu'\u00e0 17.7 dans des conditions excellentes sur plusieurs minutes   Grossissement optique 50x   Grossissement num\u00e9rique jusqu'\u00e0 400x (max. 150x recommand\u00e9)   Champ de vision 0.75\u00b0x0.56\u00b0   R\u00e9flectivit\u00e9 du miroir 92-96%   Batterie rechargeable int\u00e9gr\u00e9e Jusqu'\u00e0 10 heures d'autonomie (Ion-Lithium)   Oculaire Nikon Viewfinder   Dimensions 65cm de hauteur \/ 23cm de large   Poids 9.1kg (11kg avec tr\u00e9pied)   Garantie 2 ans   Electronique   Capteur Sony IMX347   R\u00e9solution 7.7 Megapixel (Super R\u00e9solution Technology)   Traitement d'image Int\u00e9gr\u00e9   R\u00e9duction Du bruit num\u00e9rique et de la pollution lumineuse   Boussole Int\u00e9gr\u00e9e   Acc\u00e9l\u00e9rom\u00e8tre 3 axes Int\u00e9gr\u00e9   Connexion smartphone\/tablette Par Wifi en installation l'application gratuite \"Unistellar\"   Stockage 64Go   Comp\u00e9tences   Reconnaissance du champ Proc\u00e9dure d'alignement enti\u00e8rement automatis\u00e9e en 10 secondes   Suivi c\u00e9leste Automatis\u00e9   Pointage Automatis\u00e9 (GoTo)   Base de donn\u00e9es +5 500 objets en m\u00e9moire   Informations d\u00e9taill\u00e9es Sur 120 objets c\u00e9lestes   Recommandation d'objets En fonction de l'heure, de la date et de la position (lieu) du smartphone contr\u00f4lant le t\u00e9lescope   Missions scientifiques Ev\u00e9nements d'occultation d'ast\u00e9ro\u00efdes, transits d'exoplan\u00e8tes, suivi d'\u00e9v\u00e9nements transitoires (supernovae et com\u00e8tes), etc...","og_url":"https:\/\/astroshop.ma\/?product=telescope-evscope-2-unistellar","og_site_name":"Astroshop Maroc","og_image":[{"width":800,"height":800,"url":"https:\/\/astroshop.ma\/wp-content\/uploads\/2026\/02\/telescope-evscope2-unistellar.jpg","type":"image\/jpeg"}],"twitter_card":"summary_large_image","twitter_misc":{"Est. reading time":"5 minutes"},"schema":{"@context":"https:\/\/schema.org","@graph":[{"@type":"WebPage","@id":"https:\/\/astroshop.ma\/?product=telescope-evscope-2-unistellar","url":"https:\/\/astroshop.ma\/?product=telescope-evscope-2-unistellar","name":"T\u00e9lescope eVscope 2 Unistellar - Astroshop Maroc","isPartOf":{"@id":"https:\/\/astroshop.ma\/#website"},"primaryImageOfPage":{"@id":"https:\/\/astroshop.ma\/?product=telescope-evscope-2-unistellar#primaryimage"},"image":{"@id":"https:\/\/astroshop.ma\/?product=telescope-evscope-2-unistellar#primaryimage"},"thumbnailUrl":"https:\/\/astroshop.ma\/wp-content\/uploads\/2026\/02\/telescope-evscope2-unistellar.jpg","datePublished":"2026-02-03T13:01:28+00:00","breadcrumb":{"@id":"https:\/\/astroshop.ma\/?product=telescope-evscope-2-unistellar#breadcrumb"},"inLanguage":"en-US","potentialAction":[{"@type":"ReadAction","target":["https:\/\/astroshop.ma\/?product=telescope-evscope-2-unistellar"]}]},{"@type":"ImageObject","inLanguage":"en-US","@id":"https:\/\/astroshop.ma\/?product=telescope-evscope-2-unistellar#primaryimage","url":"https:\/\/astroshop.ma\/wp-content\/uploads\/2026\/02\/telescope-evscope2-unistellar.jpg","contentUrl":"https:\/\/astroshop.ma\/wp-content\/uploads\/2026\/02\/telescope-evscope2-unistellar.jpg","width":800,"height":800},{"@type":"BreadcrumbList","@id":"https:\/\/astroshop.ma\/?product=telescope-evscope-2-unistellar#breadcrumb","itemListElement":[{"@type":"ListItem","position":1,"name":"Home","item":"https:\/\/astroshop.ma\/"},{"@type":"ListItem","position":2,"name":"Shop","item":"https:\/\/astroshop.ma\/?page_id=394"},{"@type":"ListItem","position":3,"name":"T\u00e9lescope eVscope 2 Unistellar"}]},{"@type":"WebSite","@id":"https:\/\/astroshop.ma\/#website","url":"https:\/\/astroshop.ma\/","name":"Astroshop Maroc","description":"Des instruments astronomiques pour chaque astronome au Maroc","publisher":{"@id":"https:\/\/astroshop.ma\/#organization"},"potentialAction":[{"@type":"SearchAction","target":{"@type":"EntryPoint","urlTemplate":"https:\/\/astroshop.ma\/?s={search_term_string}"},"query-input":{"@type":"PropertyValueSpecification","valueRequired":true,"valueName":"search_term_string"}}],"inLanguage":"en-US"},{"@type":"Organization","@id":"https:\/\/astroshop.ma\/#organization","name":"Astroshop Maroc","url":"https:\/\/astroshop.ma\/","logo":{"@type":"ImageObject","inLanguage":"en-US","@id":"https:\/\/astroshop.ma\/#\/schema\/logo\/image\/","url":"https:\/\/astroshop.ma\/wp-content\/uploads\/2025\/12\/M20_Logo_1.jpg","contentUrl":"https:\/\/astroshop.ma\/wp-content\/uploads\/2025\/12\/M20_Logo_1.jpg","width":501,"height":334,"caption":"Astroshop Maroc"},"image":{"@id":"https:\/\/astroshop.ma\/#\/schema\/logo\/image\/"}}]}},"_links":{"self":[{"href":"https:\/\/astroshop.ma\/index.php?rest_route=\/wp\/v2\/product\/11170","targetHints":{"allow":["GET"]}}],"collection":[{"href":"https:\/\/astroshop.ma\/index.php?rest_route=\/wp\/v2\/product"}],"about":[{"href":"https:\/\/astroshop.ma\/index.php?rest_route=\/wp\/v2\/types\/product"}],"wp:featuredmedia":[{"embeddable":true,"href":"https:\/\/astroshop.ma\/index.php?rest_route=\/wp\/v2\/media\/11171"}],"wp:attachment":[{"href":"https:\/\/astroshop.ma\/index.php?rest_route=%2Fwp%2Fv2%2Fmedia&parent=11170"}],"wp:term":[{"taxonomy":"product_brand","embeddable":true,"href":"https:\/\/astroshop.ma\/index.php?rest_route=%2Fwp%2Fv2%2Fproduct_brand&post=11170"},{"taxonomy":"product_cat","embeddable":true,"href":"https:\/\/astroshop.ma\/index.php?rest_route=%2Fwp%2Fv2%2Fproduct_cat&post=11170"},{"taxonomy":"product_tag","embeddable":true,"href":"https:\/\/astroshop.ma\/index.php?rest_route=%2Fwp%2Fv2%2Fproduct_tag&post=11170"}],"curies":[{"name":"wp","href":"https:\/\/api.w.org\/{rel}","templated":true}]}}