{"id":11159,"date":"2026-02-03T12:41:06","date_gmt":"2026-02-03T12:41:06","guid":{"rendered":"https:\/\/astroshop.ma\/?post_type=product&#038;p=11159"},"modified":"2026-02-03T12:44:04","modified_gmt":"2026-02-03T12:44:04","slug":"camera-couleurs-zwo-asi585mc","status":"publish","type":"product","link":"https:\/\/astroshop.ma\/?product=camera-couleurs-zwo-asi585mc","title":{"rendered":"Cam\u00e9ra couleurs ZWO ASI585MC"},"content":{"rendered":"<h4>Tout savoir sur la cam\u00e9ra ZWO ASI585MC<\/h4>\n<p>La cam\u00e9ra ZWO ASI585MC est \u00e9quip\u00e9e d&#8217;un capteur CMOS couleur de 8.29 millions de pixels (3840 x 2160 px) et de 12.84mm de diagonale. A pleine r\u00e9solution, la vitesse maximale d&#8217;acquisition atteint 46 images\/seconde avec une dynamique sur 12 bits. Trois caract\u00e9ristiques sont \u00e0 retenir :\u00a0<strong>son absence compl\u00e8te d&#8217;electroluminescence, sa tr\u00e8s grande sensibilit\u00e9 dans le proche infrarouge et un bruit de lecture tr\u00e8s faible<\/strong>.<\/p>\n<figure><img decoding=\"async\" title=\"ZWO-ASI585MC-caracteristiques.png\" src=\"https:\/\/www.telescopes-et-accessoires.fr\/img\/cms\/photos\/fiches\/ZWO-ASI585MC-caracteristiques.webp\" \/><figcaption>Caract\u00e9ristiques principales de la cam\u00e9ra ZWO ASI585MC<\/figcaption><\/figure>\n<p>Avec son capteur au format 1\/1.2&#8243;, la cam\u00e9ra ZWO ASI585MC est adapt\u00e9e \u00e0 l&#8217;imagerie lunaire et solaire. Elle peut aussi \u00eatre utilis\u00e9e comme cam\u00e9ra &#8220;All-Sky&#8221; (surveillance de la couverture nuageuse pour un observatoire), pour la capture des m\u00e9t\u00e9ores ou le suivi des ph\u00e9nom\u00e8nes m\u00e9t\u00e9orologiques.<\/p>\n<figure><img decoding=\"async\" title=\"ZWO-ASI585MC-capteur.jpg\" src=\"https:\/\/www.telescopes-et-accessoires.fr\/img\/cms\/photos\/fiches\/ZWO-ASI585MC-capteur.webp\" \/><\/figure>\n<h4>Performances du capteur<\/h4>\n<p>Con\u00e7u par Sony pour des applications de surveillance et de s\u00e9curit\u00e9, le capteur IMX585 est b\u00e2ti sur l&#8217;architecture STARVIS 2. Cette derni\u00e8re int\u00e8gre de puissantes fonctionnalit\u00e9s permettant l&#8217;obtention d&#8217;images lumineuses et contrast\u00e9es, avec une dynamique importante, y compris dans des conditions d&#8217;\u00e9clairage extr\u00eamement limit\u00e9es. La technologie principale consiste en un \u00e9clairage par l&#8217;arri\u00e8re des photosites ;\u00a0<strong>le capteur est dit &#8220;back-illuminated&#8221;<\/strong>\u00a0(ou BSI, Backside Illimination sensor). Cette technique r\u00e9duit la distance \u00e0 franchir par la lumi\u00e8re dans le capteur et r\u00e9duit le blocage des photons par les \u00e9l\u00e9ments \u00e9lectroniques non photosensibles. La sensibilit\u00e9 est tr\u00e8s fortement augment\u00e9e, m\u00eame en condition de tr\u00e8s faible luminosit\u00e9. Le capteur se r\u00e9v\u00e8le aussi extr\u00eamement efficace dans le proche infrarouge (NIR), une bande spectrale pris\u00e9e par les astrophotographes plan\u00e9taires pour sa sensibilit\u00e9 moindre \u00e0 la turbulence atmosph\u00e9rique.<\/p>\n<figure><img decoding=\"async\" title=\"ZWO-ASI585MC-RQE.jpg\" src=\"https:\/\/www.telescopes-et-accessoires.fr\/img\/cms\/photos\/fiches\/ZWO-ASI585MC-RQE.webp\" \/><figcaption>Rendement quantique \u00e9quivalent du capteur de la cam\u00e9ra couleur ASI585MC en fonction de la longueur d&#8217;onde<\/figcaption><\/figure>\n<p>La cam\u00e9ra int\u00e8gre un dispositif HCG (High Conversion Gain) qui peut r\u00e9duire le bruit de lecture \u00e0 gain \u00e9lev\u00e9 tout en conservant la grande dynamique que vous obtiendriez \u00e0 faible gain. Ce mode HCG s&#8217;active automatiquement d\u00e8s que le gain atteint 200.<\/p>\n<figure><img decoding=\"async\" title=\"ZWO-ASI585MC-courbes.jpg\" src=\"https:\/\/www.telescopes-et-accessoires.fr\/img\/cms\/photos\/fiches\/courbes_ASI585MC_01.webp\" \/><figcaption>Capacit\u00e9 du pixel, gain, gamme dynamique et bruit de lecture de la cam\u00e9ra ZWO ASI585MC<\/figcaption><\/figure>\n<h4>Comparaison entre ASI585MC et ASI485MC<\/h4>\n<p>La cam\u00e9ra ZWO ASI585MC est consid\u00e9r\u00e9e comme une \u00e9volution du mod\u00e8le ASI485MC. Les am\u00e9liorations sont nombreuses : absence d&#8217;\u00e9lectroluminescence, courant d&#8217;obscurit\u00e9 plus faible, capacit\u00e9 du pixel 3 fois plus importante. Elle poss\u00e8de aussi une sensibilit\u00e9 plus grande dans le vert, le rouge et le proche infrarouge que l&#8217;ASI485MC ; elle est m\u00eame 1,5x plus sensible dans les longueurs d&#8217;onde sup\u00e9rieures \u00e0 850 nm.<\/p>\n<p>Le tableau ci-apr\u00e8s reprend les caract\u00e9ristiques principales des cam\u00e9ras ZWO ASI585MC et ASI485MC.<\/p>\n<figure><img decoding=\"async\" title=\"comparatif-585MC-485MC.png\" src=\"https:\/\/www.telescopes-et-accessoires.fr\/img\/cms\/photos\/fiches\/comparatif-585MC-485MC.webp\" \/><figcaption>Comparatif des caract\u00e9ristiques principales des cam\u00e9ras ZWO ASI585MC et ASI485MC<\/figcaption><\/figure>\n<h4>La m\u00e9canique de montage<\/h4>\n<p>L&#8217;ASI585MC poss\u00e8de un filetage d&#8217;entr\u00e9e de type M42 femelle ; le backfocus est alors de 17.5mm. En retirant l&#8217;adaptateur femelle, vous avez acc\u00e8s \u00e0 un filetage M42x0.75 m\u00e2le. Dans ce cas, le backfocus est de 6.5mm. L&#8217;adaptateur femelle est \u00e0 pr\u00e9f\u00e9rer si vous souhaitez int\u00e9grer d&#8217;autres accessoires ZWO (roue \u00e0 filtres ou diviseur optique) dans le montage au foyer de l&#8217;instrument. Un convertisseur m\u00e9canique M42 vers 31.75mm m\u00e2le est livr\u00e9, ainsi qu&#8217;un cordon USB de 2m de longueur et un cordon d&#8217;autoguidage ST4.<\/p>\n<h4>Les logiciels<\/h4>\n<p>Comme pour la totalit\u00e9 des cam\u00e9ras de la marque ZWO, le principal logiciel de commande de la cam\u00e9ra et le plus complet est\u00a0<strong>ASIStudio<\/strong>, librement t\u00e9l\u00e9chargeable sur le site du fabricant ZWO. La marque propose aussi un SDK (Software Development Kit) gratuit de telle sorte que de nombreux logiciels, gratuits ou payants, prennent en charge nativement les cam\u00e9ras ZWO : Prism, NINA, FireCapture, MaximDL, SharpCap, PHD2, AllSkEye, etc. Nous vous invitons \u00e0 vous reporter aux documentations sp\u00e9cifiques de ces logiciels pour conna\u00eetre leur niveau de compatibilit\u00e9 ou \u00e0 visiter le site Internet ZWO pour en obtenir une liste exhaustive.<\/p>\n<p>ZWO propose aussi\u00a0<strong>un pilote unifi\u00e9 ASCOM<\/strong>\u00a0pour le pilotage de tous ses accessoires au travers de la plateforme ASCOM\/Alpaca. Ce pilote est librement t\u00e9l\u00e9chargeable sur le site de ZWO.<\/p>\n<p>Pour les utilisateurs Linux et Mac,\u00a0<strong>des pilotes Indi ou Indigo<\/strong>\u00a0sont gratuits et disponibles sur les sites Internet de ces plateformes. Le pilotage s&#8217;effectue ensuite par l&#8217;interm\u00e9diaire des logiciels KStars\/Ekos (sous Linux) et AstroImager\/AstroTelescope propos\u00e9s par l&#8217;\u00e9diteur CloudMakers (sous Mac).<\/p>\n<p>Enfin, les cam\u00e9ras ZWO sont accessibles par le biais de pilotes vid\u00e9os comme DirectShow ou TWAIN. Pour plus de d\u00e9tails, visitez le site Internet ZWO.<\/p>\n<p>&nbsp;<\/p>\n<p>&nbsp;<\/p>\n<h3>\u00c9l\u00e9ments Livr\u00e9s<\/h3>\n<p>&nbsp;<\/p>\n<ul>\n<li>1x Cam\u00e9ra couleur ZWO ASI585MC<\/li>\n<li>1x Cordon USB3 (2m)<\/li>\n<li>1x Cordon d&#8217;autoguidage ST4<\/li>\n<li>1x Adaptateur M42x0.75 m\u00e2le vers coulant 31.75 mm m\u00e2le, avec bouchon<\/li>\n<\/ul>\n","protected":false},"excerpt":{"rendered":"<h4>Caract\u00e9ristiques \u00e9lectroniques<\/h4>\n<table class=\"table-responsive\">\n<thead>\n<tr>\n<th>Caract\u00e9ristiques<\/th>\n<th>Cam\u00e9ra ZWO ASI585MC<\/th>\n<\/tr>\n<\/thead>\n<tbody>\n<tr>\n<td class=\"titresection\" colspan=\"2\">Capteur<\/td>\n<\/tr>\n<tr>\n<th>Capteur<\/th>\n<td>CMOS Sony IMX585<\/td>\n<\/tr>\n<tr>\n<th>Type de capteur<\/th>\n<td>Couleurs<\/td>\n<\/tr>\n<tr>\n<th>Format du capteur<\/th>\n<td>1\/1.2&#8243;<\/td>\n<\/tr>\n<tr>\n<th>Taille de la matrice<\/th>\n<td>3840 x 2160px<\/td>\n<\/tr>\n<tr>\n<th>Dimensions d&#8217;un pixel<\/th>\n<td>2.9 x 2.9\u00b5m<\/td>\n<\/tr>\n<tr>\n<th>Dimensions de la matrice<\/th>\n<td>11.1 x 6.3mm (diagonale : 12.84mm)<\/td>\n<\/tr>\n<tr>\n<th>Capacit\u00e9 du pixel<\/th>\n<td>40 000e-<\/td>\n<\/tr>\n<tr>\n<td class=\"titresection\" colspan=\"2\">Electronique<\/td>\n<\/tr>\n<tr>\n<th>Convertisseur A\/N<\/th>\n<td>12 bits<\/td>\n<\/tr>\n<tr>\n<th>Gain<\/th>\n<td>9.77 e-\/ADU<\/td>\n<\/tr>\n<tr>\n<th>Bruit de lecture<\/th>\n<td>0.7 \u00e0 12 e-<\/td>\n<\/tr>\n<tr>\n<th>Binning<\/th>\n<td>&#8211;<\/td>\n<\/tr>\n<tr>\n<th>Obturateur<\/th>\n<td>Electronique, type &#8220;Rolling shutter&#8221;<\/td>\n<\/tr>\n<tr>\n<th>Plage de temps de pose<\/th>\n<td>32\u00b5s \u00e0 2000s<\/td>\n<\/tr>\n<tr>\n<td class=\"titresection\" colspan=\"2\">Refroidissement<\/td>\n<\/tr>\n<tr>\n<th>Type de refroidissement<\/th>\n<td>Passif<\/td>\n<\/tr>\n<tr>\n<th>R\u00e9gulation du refroidissement<\/th>\n<td>Non<\/td>\n<\/tr>\n<tr>\n<th>Refroidissement par eau<\/th>\n<td>Non<\/td>\n<\/tr>\n<tr>\n<td class=\"titresection\" colspan=\"2\">Connectique<\/td>\n<\/tr>\n<tr>\n<th>Interface informatique<\/th>\n<td>USB 3.0 Type-B SuperSpeed<\/td>\n<\/tr>\n<tr>\n<th>Interface d&#8217;autoguidage<\/th>\n<td>Oui. RJ12 compatible ST4<\/td>\n<\/tr>\n<tr>\n<th>Interfaces additionnelles<\/th>\n<td>Aucune<\/td>\n<\/tr>\n<tr>\n<th>Alimentation \u00e9lectrique<\/th>\n<td>5V, par le port USB<\/td>\n<\/tr>\n<\/tbody>\n<\/table>\n<h4>Caract\u00e9ristiques m\u00e9caniques<\/h4>\n<table class=\"table-responsive\">\n<thead>\n<tr>\n<th>Caract\u00e9ristiques<\/th>\n<td>Cam\u00e9ra ZWO ASI585MC<\/td>\n<\/tr>\n<\/thead>\n<tbody>\n<tr>\n<th>Backfocus<\/th>\n<td>6.5mm \/ 17.5mm<\/td>\n<\/tr>\n<tr>\n<th>Entr\u00e9e m\u00e9canique<\/th>\n<td>Filetage M42x0.75 femelle<\/td>\n<\/tr>\n<tr>\n<th>Hublot de protection<\/th>\n<td>Vitre trait\u00e9e anti-reflets<\/td>\n<\/tr>\n<tr>\n<th>Dimensions (dia. x H)<\/th>\n<td>62mm x 31.4mm<\/td>\n<\/tr>\n<tr>\n<th>Poids<\/th>\n<td>126g<\/td>\n<\/tr>\n<\/tbody>\n<\/table>\n<h4>Sch\u00e9mas<\/h4>\n<figure><img decoding=\"async\" title=\"ZWO-ASI585MC-schema.jpg\" src=\"https:\/\/www.telescopes-et-accessoires.fr\/img\/cms\/photos\/fiches\/ZWO-ASI585MC-schema.webp\" \/><figcaption>Dimensions et cotes de la cam\u00e9ra ZWO ASI585MC<\/figcaption><\/figure>\n","protected":false},"featured_media":11161,"template":"","meta":{"_editorskit_title_hidden":false,"_editorskit_reading_time":0,"_editorskit_is_block_options_detached":false,"_editorskit_block_options_position":"{}","_coblocks_attr":"","_coblocks_dimensions":"","_coblocks_responsive_height":"","_coblocks_accordion_ie_support":"","_crdt_document":"","_monsterinsights_skip_tracking":false,"_monsterinsights_sitenote_active":false,"_monsterinsights_sitenote_note":"","_monsterinsights_sitenote_category":0},"product_brand":[206],"product_cat":[18,150],"product_tag":[],"class_list":{"0":"post-11159","1":"product","2":"type-product","3":"status-publish","4":"has-post-thumbnail","6":"product_brand-zwo","7":"product_cat-astrophotographie","8":"product_cat-ccd-cameras","10":"first","11":"instock","12":"shipping-taxable","13":"purchasable","14":"product-type-simple"},"yoast_head":"<!-- This site is optimized with the Yoast SEO plugin v27.3 - https:\/\/yoast.com\/product\/yoast-seo-wordpress\/ -->\n<title>Cam\u00e9ra couleurs ZWO ASI585MC - Astroshop Maroc<\/title>\n<meta name=\"robots\" content=\"index, follow, max-snippet:-1, max-image-preview:large, max-video-preview:-1\" \/>\n<link rel=\"canonical\" href=\"https:\/\/astroshop.ma\/?product=camera-couleurs-zwo-asi585mc\" \/>\n<meta property=\"og:locale\" content=\"en_US\" \/>\n<meta property=\"og:type\" content=\"article\" \/>\n<meta property=\"og:title\" content=\"Cam\u00e9ra couleurs ZWO ASI585MC - Astroshop Maroc\" \/>\n<meta property=\"og:description\" content=\"Caract\u00e9ristiques \u00e9lectroniques    Caract\u00e9ristiques Cam\u00e9ra ZWO ASI585MC     Capteur   Capteur CMOS Sony IMX585   Type de capteur Couleurs   Format du capteur 1\/1.2&quot;   Taille de la matrice 3840 x 2160px   Dimensions d&#039;un pixel 2.9 x 2.9\u00b5m   Dimensions de la matrice 11.1 x 6.3mm (diagonale : 12.84mm)   Capacit\u00e9 du pixel 40 000e-   Electronique   Convertisseur A\/N 12 bits   Gain 9.77 e-\/ADU   Bruit de lecture 0.7 \u00e0 12 e-   Binning -   Obturateur Electronique, type &quot;Rolling shutter&quot;   Plage de temps de pose 32\u00b5s \u00e0 2000s   Refroidissement   Type de refroidissement Passif   R\u00e9gulation du refroidissement Non   Refroidissement par eau Non   Connectique   Interface informatique USB 3.0 Type-B SuperSpeed   Interface d&#039;autoguidage Oui. RJ12 compatible ST4   Interfaces additionnelles Aucune   Alimentation \u00e9lectrique 5V, par le port USB    Caract\u00e9ristiques m\u00e9caniques    Caract\u00e9ristiques Cam\u00e9ra ZWO ASI585MC     Backfocus 6.5mm \/ 17.5mm   Entr\u00e9e m\u00e9canique Filetage M42x0.75 femelle   Hublot de protection Vitre trait\u00e9e anti-reflets   Dimensions (dia. x H) 62mm x 31.4mm   Poids 126g    Sch\u00e9mas Dimensions et cotes de la cam\u00e9ra ZWO ASI585MC\" \/>\n<meta property=\"og:url\" content=\"https:\/\/astroshop.ma\/?product=camera-couleurs-zwo-asi585mc\" \/>\n<meta property=\"og:site_name\" content=\"Astroshop Maroc\" \/>\n<meta property=\"article:modified_time\" content=\"2026-02-03T12:44:04+00:00\" \/>\n<meta property=\"og:image\" content=\"https:\/\/astroshop.ma\/wp-content\/uploads\/2026\/02\/camera-couleurs-zwo-asi585mc.jpg\" \/>\n\t<meta property=\"og:image:width\" content=\"800\" \/>\n\t<meta property=\"og:image:height\" content=\"800\" \/>\n\t<meta property=\"og:image:type\" content=\"image\/jpeg\" \/>\n<meta name=\"twitter:card\" content=\"summary_large_image\" \/>\n<meta name=\"twitter:label1\" content=\"Est. reading time\" \/>\n\t<meta name=\"twitter:data1\" content=\"5 minutes\" \/>\n<script type=\"application\/ld+json\" class=\"yoast-schema-graph\">{\"@context\":\"https:\\\/\\\/schema.org\",\"@graph\":[{\"@type\":\"WebPage\",\"@id\":\"https:\\\/\\\/astroshop.ma\\\/?product=camera-couleurs-zwo-asi585mc\",\"url\":\"https:\\\/\\\/astroshop.ma\\\/?product=camera-couleurs-zwo-asi585mc\",\"name\":\"Cam\u00e9ra couleurs ZWO ASI585MC - Astroshop Maroc\",\"isPartOf\":{\"@id\":\"https:\\\/\\\/astroshop.ma\\\/#website\"},\"primaryImageOfPage\":{\"@id\":\"https:\\\/\\\/astroshop.ma\\\/?product=camera-couleurs-zwo-asi585mc#primaryimage\"},\"image\":{\"@id\":\"https:\\\/\\\/astroshop.ma\\\/?product=camera-couleurs-zwo-asi585mc#primaryimage\"},\"thumbnailUrl\":\"https:\\\/\\\/astroshop.ma\\\/wp-content\\\/uploads\\\/2026\\\/02\\\/camera-couleurs-zwo-asi585mc.jpg\",\"datePublished\":\"2026-02-03T12:41:06+00:00\",\"dateModified\":\"2026-02-03T12:44:04+00:00\",\"breadcrumb\":{\"@id\":\"https:\\\/\\\/astroshop.ma\\\/?product=camera-couleurs-zwo-asi585mc#breadcrumb\"},\"inLanguage\":\"en-US\",\"potentialAction\":[{\"@type\":\"ReadAction\",\"target\":[\"https:\\\/\\\/astroshop.ma\\\/?product=camera-couleurs-zwo-asi585mc\"]}]},{\"@type\":\"ImageObject\",\"inLanguage\":\"en-US\",\"@id\":\"https:\\\/\\\/astroshop.ma\\\/?product=camera-couleurs-zwo-asi585mc#primaryimage\",\"url\":\"https:\\\/\\\/astroshop.ma\\\/wp-content\\\/uploads\\\/2026\\\/02\\\/camera-couleurs-zwo-asi585mc.jpg\",\"contentUrl\":\"https:\\\/\\\/astroshop.ma\\\/wp-content\\\/uploads\\\/2026\\\/02\\\/camera-couleurs-zwo-asi585mc.jpg\",\"width\":800,\"height\":800},{\"@type\":\"BreadcrumbList\",\"@id\":\"https:\\\/\\\/astroshop.ma\\\/?product=camera-couleurs-zwo-asi585mc#breadcrumb\",\"itemListElement\":[{\"@type\":\"ListItem\",\"position\":1,\"name\":\"Home\",\"item\":\"https:\\\/\\\/astroshop.ma\\\/\"},{\"@type\":\"ListItem\",\"position\":2,\"name\":\"Shop\",\"item\":\"https:\\\/\\\/astroshop.ma\\\/?page_id=394\"},{\"@type\":\"ListItem\",\"position\":3,\"name\":\"Cam\u00e9ra couleurs ZWO ASI585MC\"}]},{\"@type\":\"WebSite\",\"@id\":\"https:\\\/\\\/astroshop.ma\\\/#website\",\"url\":\"https:\\\/\\\/astroshop.ma\\\/\",\"name\":\"Astroshop Maroc\",\"description\":\"Des instruments astronomiques pour chaque astronome au Maroc\",\"publisher\":{\"@id\":\"https:\\\/\\\/astroshop.ma\\\/#organization\"},\"potentialAction\":[{\"@type\":\"SearchAction\",\"target\":{\"@type\":\"EntryPoint\",\"urlTemplate\":\"https:\\\/\\\/astroshop.ma\\\/?s={search_term_string}\"},\"query-input\":{\"@type\":\"PropertyValueSpecification\",\"valueRequired\":true,\"valueName\":\"search_term_string\"}}],\"inLanguage\":\"en-US\"},{\"@type\":\"Organization\",\"@id\":\"https:\\\/\\\/astroshop.ma\\\/#organization\",\"name\":\"Astroshop Maroc\",\"url\":\"https:\\\/\\\/astroshop.ma\\\/\",\"logo\":{\"@type\":\"ImageObject\",\"inLanguage\":\"en-US\",\"@id\":\"https:\\\/\\\/astroshop.ma\\\/#\\\/schema\\\/logo\\\/image\\\/\",\"url\":\"https:\\\/\\\/astroshop.ma\\\/wp-content\\\/uploads\\\/2025\\\/12\\\/M20_Logo_1.jpg\",\"contentUrl\":\"https:\\\/\\\/astroshop.ma\\\/wp-content\\\/uploads\\\/2025\\\/12\\\/M20_Logo_1.jpg\",\"width\":501,\"height\":334,\"caption\":\"Astroshop Maroc\"},\"image\":{\"@id\":\"https:\\\/\\\/astroshop.ma\\\/#\\\/schema\\\/logo\\\/image\\\/\"}}]}<\/script>\n<!-- \/ Yoast SEO plugin. -->","yoast_head_json":{"title":"Cam\u00e9ra couleurs ZWO ASI585MC - Astroshop Maroc","robots":{"index":"index","follow":"follow","max-snippet":"max-snippet:-1","max-image-preview":"max-image-preview:large","max-video-preview":"max-video-preview:-1"},"canonical":"https:\/\/astroshop.ma\/?product=camera-couleurs-zwo-asi585mc","og_locale":"en_US","og_type":"article","og_title":"Cam\u00e9ra couleurs ZWO ASI585MC - Astroshop Maroc","og_description":"Caract\u00e9ristiques \u00e9lectroniques    Caract\u00e9ristiques Cam\u00e9ra ZWO ASI585MC     Capteur   Capteur CMOS Sony IMX585   Type de capteur Couleurs   Format du capteur 1\/1.2\"   Taille de la matrice 3840 x 2160px   Dimensions d'un pixel 2.9 x 2.9\u00b5m   Dimensions de la matrice 11.1 x 6.3mm (diagonale : 12.84mm)   Capacit\u00e9 du pixel 40 000e-   Electronique   Convertisseur A\/N 12 bits   Gain 9.77 e-\/ADU   Bruit de lecture 0.7 \u00e0 12 e-   Binning -   Obturateur Electronique, type \"Rolling shutter\"   Plage de temps de pose 32\u00b5s \u00e0 2000s   Refroidissement   Type de refroidissement Passif   R\u00e9gulation du refroidissement Non   Refroidissement par eau Non   Connectique   Interface informatique USB 3.0 Type-B SuperSpeed   Interface d'autoguidage Oui. RJ12 compatible ST4   Interfaces additionnelles Aucune   Alimentation \u00e9lectrique 5V, par le port USB    Caract\u00e9ristiques m\u00e9caniques    Caract\u00e9ristiques Cam\u00e9ra ZWO ASI585MC     Backfocus 6.5mm \/ 17.5mm   Entr\u00e9e m\u00e9canique Filetage M42x0.75 femelle   Hublot de protection Vitre trait\u00e9e anti-reflets   Dimensions (dia. x H) 62mm x 31.4mm   Poids 126g    Sch\u00e9mas Dimensions et cotes de la cam\u00e9ra ZWO ASI585MC","og_url":"https:\/\/astroshop.ma\/?product=camera-couleurs-zwo-asi585mc","og_site_name":"Astroshop Maroc","article_modified_time":"2026-02-03T12:44:04+00:00","og_image":[{"width":800,"height":800,"url":"https:\/\/astroshop.ma\/wp-content\/uploads\/2026\/02\/camera-couleurs-zwo-asi585mc.jpg","type":"image\/jpeg"}],"twitter_card":"summary_large_image","twitter_misc":{"Est. reading time":"5 minutes"},"schema":{"@context":"https:\/\/schema.org","@graph":[{"@type":"WebPage","@id":"https:\/\/astroshop.ma\/?product=camera-couleurs-zwo-asi585mc","url":"https:\/\/astroshop.ma\/?product=camera-couleurs-zwo-asi585mc","name":"Cam\u00e9ra couleurs ZWO ASI585MC - Astroshop Maroc","isPartOf":{"@id":"https:\/\/astroshop.ma\/#website"},"primaryImageOfPage":{"@id":"https:\/\/astroshop.ma\/?product=camera-couleurs-zwo-asi585mc#primaryimage"},"image":{"@id":"https:\/\/astroshop.ma\/?product=camera-couleurs-zwo-asi585mc#primaryimage"},"thumbnailUrl":"https:\/\/astroshop.ma\/wp-content\/uploads\/2026\/02\/camera-couleurs-zwo-asi585mc.jpg","datePublished":"2026-02-03T12:41:06+00:00","dateModified":"2026-02-03T12:44:04+00:00","breadcrumb":{"@id":"https:\/\/astroshop.ma\/?product=camera-couleurs-zwo-asi585mc#breadcrumb"},"inLanguage":"en-US","potentialAction":[{"@type":"ReadAction","target":["https:\/\/astroshop.ma\/?product=camera-couleurs-zwo-asi585mc"]}]},{"@type":"ImageObject","inLanguage":"en-US","@id":"https:\/\/astroshop.ma\/?product=camera-couleurs-zwo-asi585mc#primaryimage","url":"https:\/\/astroshop.ma\/wp-content\/uploads\/2026\/02\/camera-couleurs-zwo-asi585mc.jpg","contentUrl":"https:\/\/astroshop.ma\/wp-content\/uploads\/2026\/02\/camera-couleurs-zwo-asi585mc.jpg","width":800,"height":800},{"@type":"BreadcrumbList","@id":"https:\/\/astroshop.ma\/?product=camera-couleurs-zwo-asi585mc#breadcrumb","itemListElement":[{"@type":"ListItem","position":1,"name":"Home","item":"https:\/\/astroshop.ma\/"},{"@type":"ListItem","position":2,"name":"Shop","item":"https:\/\/astroshop.ma\/?page_id=394"},{"@type":"ListItem","position":3,"name":"Cam\u00e9ra couleurs ZWO ASI585MC"}]},{"@type":"WebSite","@id":"https:\/\/astroshop.ma\/#website","url":"https:\/\/astroshop.ma\/","name":"Astroshop Maroc","description":"Des instruments astronomiques pour chaque astronome au Maroc","publisher":{"@id":"https:\/\/astroshop.ma\/#organization"},"potentialAction":[{"@type":"SearchAction","target":{"@type":"EntryPoint","urlTemplate":"https:\/\/astroshop.ma\/?s={search_term_string}"},"query-input":{"@type":"PropertyValueSpecification","valueRequired":true,"valueName":"search_term_string"}}],"inLanguage":"en-US"},{"@type":"Organization","@id":"https:\/\/astroshop.ma\/#organization","name":"Astroshop Maroc","url":"https:\/\/astroshop.ma\/","logo":{"@type":"ImageObject","inLanguage":"en-US","@id":"https:\/\/astroshop.ma\/#\/schema\/logo\/image\/","url":"https:\/\/astroshop.ma\/wp-content\/uploads\/2025\/12\/M20_Logo_1.jpg","contentUrl":"https:\/\/astroshop.ma\/wp-content\/uploads\/2025\/12\/M20_Logo_1.jpg","width":501,"height":334,"caption":"Astroshop Maroc"},"image":{"@id":"https:\/\/astroshop.ma\/#\/schema\/logo\/image\/"}}]}},"_links":{"self":[{"href":"https:\/\/astroshop.ma\/index.php?rest_route=\/wp\/v2\/product\/11159","targetHints":{"allow":["GET"]}}],"collection":[{"href":"https:\/\/astroshop.ma\/index.php?rest_route=\/wp\/v2\/product"}],"about":[{"href":"https:\/\/astroshop.ma\/index.php?rest_route=\/wp\/v2\/types\/product"}],"wp:featuredmedia":[{"embeddable":true,"href":"https:\/\/astroshop.ma\/index.php?rest_route=\/wp\/v2\/media\/11161"}],"wp:attachment":[{"href":"https:\/\/astroshop.ma\/index.php?rest_route=%2Fwp%2Fv2%2Fmedia&parent=11159"}],"wp:term":[{"taxonomy":"product_brand","embeddable":true,"href":"https:\/\/astroshop.ma\/index.php?rest_route=%2Fwp%2Fv2%2Fproduct_brand&post=11159"},{"taxonomy":"product_cat","embeddable":true,"href":"https:\/\/astroshop.ma\/index.php?rest_route=%2Fwp%2Fv2%2Fproduct_cat&post=11159"},{"taxonomy":"product_tag","embeddable":true,"href":"https:\/\/astroshop.ma\/index.php?rest_route=%2Fwp%2Fv2%2Fproduct_tag&post=11159"}],"curies":[{"name":"wp","href":"https:\/\/api.w.org\/{rel}","templated":true}]}}