{"id":11148,"date":"2026-02-03T10:38:55","date_gmt":"2026-02-03T10:38:55","guid":{"rendered":"https:\/\/astroshop.ma\/?post_type=product&#038;p=11148"},"modified":"2026-02-03T10:39:30","modified_gmt":"2026-02-03T10:39:30","slug":"camera-couleurs-zwo-asi715mc","status":"publish","type":"product","link":"https:\/\/astroshop.ma\/?product=camera-couleurs-zwo-asi715mc","title":{"rendered":"Cam\u00e9ra couleurs ZWO ASI715MC"},"content":{"rendered":"<h4>Tout savoir sur la cam\u00e9ra ZWO ASI715<\/h4>\n<p>La cam\u00e9ra ASI715 est \u00e9quip\u00e9e d&#8217;un capteur au format 1\/2.8&#8243; de 8.46 millions de pixels (3864 x 2192px). A pleine r\u00e9solution, la vitesse maximale d&#8217;acquisition atteint 45 images\/seconde.\u00a0<strong>L&#8217;ASI715 est une valeur s\u00fbre en imagerie plan\u00e9taire \u00e0 haute r\u00e9solution<\/strong>, du fait de sa grande sensibilit\u00e9, de son tr\u00e8s faible bruit de lecture et de sa plage dynamique. Elle sera donc particuli\u00e8rement adapt\u00e9e \u00e0 l&#8217;imagerie de la Lune, des plan\u00e8tes et du Soleil. Le choix de la focale du t\u00e9lescope, et des multiplicateurs de focale (lentille de Barlow) \u00e0 lui associer, devra tenir compte des pixels de tr\u00e8s petite taille (1.45\u00b5m) de la cam\u00e9ra afin d&#8217;\u00e9viter un sur\u00e9chantillonnage trop important.<\/p>\n<figure><img decoding=\"async\" title=\"ZWO-ASI715-caracteristiques.png\" src=\"https:\/\/www.telescopes-et-accessoires.fr\/img\/cms\/photos\/fiches\/caracteristique-ASI715-01-small.webp\" \/><figcaption>Caract\u00e9ristiques principales de la cam\u00e9ra ZWO ASI715<\/figcaption><\/figure>\n<h4>Performances du capteur<\/h4>\n<p>Le capteur IMX715 est b\u00e2ti sur l&#8217;architecture STARVIS de Sony, utilisant\u00a0<strong>une technologie d&#8217;\u00e9clairage par l&#8217;arri\u00e8re des photosites (le capteur est dit &#8220;back-illuminated&#8221;)<\/strong>. Cette construction r\u00e9duit la distance \u00e0 franchir par la lumi\u00e8re dans le capteur et r\u00e9duit le blocage des photons par les \u00e9l\u00e9ments \u00e9lectroniques non photosensibles. La sensibilit\u00e9 est tr\u00e8s fortement augment\u00e9e, m\u00eame en condition de tr\u00e8s faible luminosit\u00e9. La technologie Exmor R propose, en outre, un syst\u00e8me de r\u00e9duction de bruit parall\u00e9lis\u00e9, au plus pr\u00e8s des photosites ; un convertisseur A\/N est pr\u00e9sent sur chaque colonne du capteur et est associ\u00e9 en amont (c\u00f4t\u00e9 analogique) et en aval (c\u00f4t\u00e9 num\u00e9rique) \u00e0 des circuits de filtrage du bruit. Gr\u00e2ce \u00e0 ces techniques, le bruit de lecture devient n\u00e9gligeable et la vitesse de lecture du capteur est acc\u00e9l\u00e9r\u00e9e.<\/p>\n<figure><img decoding=\"async\" title=\"ZWO-ASI715-courbes.jpg\" src=\"https:\/\/www.telescopes-et-accessoires.fr\/img\/cms\/photos\/fiches\/graphique-ASI715-01-small.webp\" \/><figcaption>Capacit\u00e9 du pixel, gain, gamme dynamique et bruit de lecture de la cam\u00e9ra ZWO ASI715<\/figcaption><\/figure>\n<h4>Electronique et alimentation \u00e9lectrique<\/h4>\n<p>La cam\u00e9ra ZWO ASI715 dispose de deux connecteurs :\u00a0<strong>un port USB 3.0 et un port d&#8217;autoguidage RJ12<\/strong>. Le connecteur USB 3.0 offre un d\u00e9bit de 5 Gb\/s. Il est donc possible d&#8217;acqu\u00e9rir les images en pleine r\u00e9solution \u00e0 45 images\/s. Le connecteur RJ permet d&#8217;autoguider toutes les montures du march\u00e9 compatibles avec le protocole de commande ST4.<strong>Le refroidissement de la cam\u00e9ra est passif<\/strong>, par le ch\u00e2ssis. La cam\u00e9ra ne poss\u00e8de par de module de refroidissement d\u00e9di\u00e9. De ce fait, l&#8217;alimentation de l&#8217;\u00e9lectronique de l&#8217;ASI715 est assur\u00e9e en 5V par le port USB. Aucune alimentation externe n&#8217;est requise.<\/p>\n<h4>La m\u00e9canique de montage<\/h4>\n<p>L&#8217;ASI715 poss\u00e8de un filetage d&#8217;entr\u00e9e de type M42 femelle. Un convertisseur m\u00e9canique M42 vers 31.75mm m\u00e2le est livr\u00e9, ainsi qu&#8217;un cordon USB de 2m de longueur et un cordon d&#8217;autoguidage ST4. ZWO offre aussi un objectif de 2.1mm de focale, de bonne facture. Ainsi \u00e9quip\u00e9e, la cam\u00e9ra peut donc aussi faire office de cam\u00e9ra All-View pour la surveillance du ciel.<\/p>\n<figure><img decoding=\"async\" title=\"ZWO-ASI715-montage.jpg\" src=\"https:\/\/www.telescopes-et-accessoires.fr\/img\/cms\/photos\/fiches\/montage-ASI715-01-small.webp\" \/><figcaption>Fixation de la cam\u00e9ra ZWO ASI715MC<\/figcaption><\/figure>\n<h4>Les logiciels<\/h4>\n<p>Comme pour la totalit\u00e9 des cam\u00e9ras de la marque ZWO, le principal logiciel de commande de la cam\u00e9ra et le plus complet est\u00a0<strong>ASIStudio<\/strong>, librement t\u00e9l\u00e9chargeable sur le site du fabricant ZWO. La marque propose aussi un SDK (Software Development Kit) gratuit de telle sorte que de nombreux logiciels, gratuits ou payants, prennent en charge nativement les cam\u00e9ras ZWO : Prism, NINA, FireCapture, MaximDL, SharpCap, PHD2, AllSkEye, etc. Nous vous invitons \u00e0 vous reporter aux documentations sp\u00e9cifiques de ces logiciels pour conna\u00eetre leur niveau de compatibilit\u00e9 ou \u00e0 visiter le site Internet ZWO pour en obtenir une liste exhaustive.<\/p>\n<p>ZWO propose aussi\u00a0<strong>un pilote unifi\u00e9 ASCOM<\/strong>\u00a0pour le pilotage de tous ses accessoires au travers de la plateforme ASCOM\/Alpaca. Ce pilote est librement t\u00e9l\u00e9chargeable sur le site de ZWO.<\/p>\n<p>Pour les utilisateurs Linux et Mac,\u00a0<strong>des pilotes Indi ou Indigo<\/strong>\u00a0sont gratuits et disponibles sur les sites Internet de ces plateformes. Le pilotage s&#8217;effectue ensuite par l&#8217;interm\u00e9diaire des logiciels KStars\/Ekos (sous Linux) et AstroImager\/AstroTelescope propos\u00e9s par l&#8217;\u00e9diteur CloudMakers (sous Mac).<\/p>\n<p>Enfin, les cam\u00e9ras ZWO sont accessibles par le biais de pilotes vid\u00e9os comme DirectShow ou TWAIN. Pour plus de d\u00e9tails, visitez le site Internet ZWO.<\/p>\n<h4>La cam\u00e9ra couleur ASI715MC<\/h4>\n<p>L&#8217;ASI715MC est \u00e9quip\u00e9e d&#8217;un capteur CMOS Sony IMX715 muni d&#8217;une matrice de Bayer (couleurs) et d&#8217;un filtre anti-UV\/IR coupant les longueurs inf\u00e9rieures \u00e0 400 nm et sup\u00e9rieures \u00e0 750 nm. La prise de vues en couleurs est directe, sans besoin de s&#8217;\u00e9quiper de filtres de trichromie. Le r\u00e9sultat avec une cam\u00e9ra couleur est largement suffisant pour la plupart des applications.<\/p>\n<h3><img decoding=\"async\" title=\"ZWO-ASI715MC-RQE.jpg\" src=\"https:\/\/www.telescopes-et-accessoires.fr\/img\/cms\/photos\/fiches\/rendement-quantique-ASI715MC-01-small.webp\" \/>Rendement quantique du capteur de la cam\u00e9ra monochrome ASI715MC en fonction de la longueur d&#8217;onde<\/h3>\n<p>\u00c9l\u00e9ments Livr\u00e9s<\/p>\n<p>Contenu du produit<\/p>\n<ul>\n<li>1x Cam\u00e9ra couleur ZWO ASI715MC<\/li>\n<li>1x Objectif fish-eye CCTV 2.1mm<\/li>\n<li>1x Cordon USB3 (2m)<\/li>\n<li>1x Cordon d&#8217;autoguidage ST4<\/li>\n<li>1x Adaptateur M42x0.75 m\u00e2le vers coulant 31.75 mm m\u00e2le, avec bouchon<\/li>\n<\/ul>\n","protected":false},"excerpt":{"rendered":"<section class=\"product__more-infos__wrapper container-primary\">\n<div class=\"product__more-infos\">\n<div class=\"tabs\">\n<div id=\"tab-content\" class=\"tab-content tab-content-client\">\n<div id=\"tab-1\" class=\"tab-pane fade caracteristiques js-product-tab-active active in\" role=\"tabpanel\" aria-expanded=\"true\">\n<div class=\"tab-pane_container\">\n<h4>Caract\u00e9ristiques \u00e9lectroniques<\/h4>\n<table class=\"table-responsive\">\n<thead>\n<tr>\n<th>Caract\u00e9ristiques<\/th>\n<td>Cam\u00e9ra ZWO ASI715MC<\/td>\n<\/tr>\n<\/thead>\n<tbody>\n<tr>\n<td class=\"titresection\" colspan=\"2\">Capteur<\/td>\n<\/tr>\n<tr>\n<th>Capteur<\/th>\n<td>CMOS Sony IMX715<\/td>\n<\/tr>\n<tr>\n<th>Type de capteur<\/th>\n<td>Couleur<\/td>\n<\/tr>\n<tr>\n<th>Format du capteur<\/th>\n<td>1\/2.8&#8243;<\/td>\n<\/tr>\n<tr>\n<th>Taille de la matrice<\/th>\n<td>3864 x 2192px<\/td>\n<\/tr>\n<tr>\n<th>Nombre de pixels<\/th>\n<td>8.46 millions<\/td>\n<\/tr>\n<tr>\n<th>Dimensions d&#8217;un pixel<\/th>\n<td>1.45 x 1.45\u00b5m<\/td>\n<\/tr>\n<tr>\n<th>Dimensions de la matrice<\/th>\n<td>5.6 x 3.2mm (diagonale : 6.45mm)<\/td>\n<\/tr>\n<tr>\n<th>Capacit\u00e9 du pixel<\/th>\n<td>6 000 e-<\/td>\n<\/tr>\n<tr>\n<td class=\"titresection\" colspan=\"2\">Electronique<\/td>\n<\/tr>\n<tr>\n<th>Convertisseur A\/N<\/th>\n<td>12 bits<\/td>\n<\/tr>\n<tr>\n<th>Gain<\/th>\n<td>1.5 e-\/ADU<\/td>\n<\/tr>\n<tr>\n<th>Bruit de lecture<\/th>\n<td>0.72e-<\/td>\n<\/tr>\n<tr>\n<th>Plage de temps de pose<\/th>\n<td>32\u00b5s \u00e0 1000s<\/td>\n<\/tr>\n<tr>\n<th>Obturateur<\/th>\n<td>Electronique, type &#8220;Rolling shutter&#8221;<\/td>\n<\/tr>\n<tr>\n<td class=\"titresection\" colspan=\"2\">Refroidissement<\/td>\n<\/tr>\n<tr>\n<th>Type de refroidissement<\/th>\n<td>Passif<\/td>\n<\/tr>\n<tr>\n<th>R\u00e9gulation du refroidissement<\/th>\n<td>Non<\/td>\n<\/tr>\n<tr>\n<th>Refroidissement par eau<\/th>\n<td>Non<\/td>\n<\/tr>\n<tr>\n<td class=\"titresection\" colspan=\"2\">Connectique<\/td>\n<\/tr>\n<tr>\n<th>Interface informatique<\/th>\n<td>USB 3.0 SuperSpeed<\/td>\n<\/tr>\n<tr>\n<th>Interface d&#8217;autoguidage<\/th>\n<td>Oui. RJ12 compatible ST4<\/td>\n<\/tr>\n<tr>\n<th>Interfaces additionnelles<\/th>\n<td>Aucune<\/td>\n<\/tr>\n<tr>\n<th>Alimentation \u00e9lectrique<\/th>\n<td>5V, par le port USB<\/td>\n<\/tr>\n<\/tbody>\n<\/table>\n<h4>Caract\u00e9ristiques m\u00e9caniques<\/h4>\n<table class=\"table-responsive\">\n<thead>\n<tr>\n<th>Caract\u00e9ristiques<\/th>\n<td>Cam\u00e9ra ZWO ASI715MC<\/td>\n<\/tr>\n<\/thead>\n<tbody>\n<tr>\n<th>Backfocus<\/th>\n<td>12.5mm<\/td>\n<\/tr>\n<tr>\n<th>Entr\u00e9e m\u00e9canique<\/th>\n<td>Filetage M42x0.75 femelle<\/td>\n<\/tr>\n<tr>\n<th>Hublot de protection<\/th>\n<td>Filtre anti UV\/IR<\/td>\n<\/tr>\n<tr>\n<th>Dimensions (dia. x H)<\/th>\n<td>62mm x 28mm<\/td>\n<\/tr>\n<tr>\n<th>Poids<\/th>\n<td>120 g<\/td>\n<\/tr>\n<\/tbody>\n<\/table>\n<\/div>\n<\/div>\n<\/div>\n<\/div>\n<\/div>\n<\/section>\n<div class=\"product-accessories__bg product__grid__full-width__bg-section\"><\/div>\n<section class=\"product-accessories clearfix\">\n<div class=\"product-accessories-title\">\n<p class=\"h5 text-uppercase\">Ces articles peuvent \u00e9galement vous int\u00e9resser<\/p>\n<\/div>\n<\/section>\n","protected":false},"featured_media":11149,"template":"","meta":{"_editorskit_title_hidden":false,"_editorskit_reading_time":0,"_editorskit_is_block_options_detached":false,"_editorskit_block_options_position":"{}","_coblocks_attr":"","_coblocks_dimensions":"","_coblocks_responsive_height":"","_coblocks_accordion_ie_support":"","_crdt_document":"","_monsterinsights_skip_tracking":false,"_monsterinsights_sitenote_active":false,"_monsterinsights_sitenote_note":"","_monsterinsights_sitenote_category":0},"product_brand":[206],"product_cat":[18,150],"product_tag":[],"class_list":{"0":"post-11148","1":"product","2":"type-product","3":"status-publish","4":"has-post-thumbnail","6":"product_brand-zwo","7":"product_cat-astrophotographie","8":"product_cat-ccd-cameras","10":"first","11":"instock","12":"shipping-taxable","13":"purchasable","14":"product-type-simple"},"yoast_head":"<!-- This site is optimized with the Yoast SEO plugin v27.3 - https:\/\/yoast.com\/product\/yoast-seo-wordpress\/ -->\n<title>Cam\u00e9ra couleurs ZWO ASI715MC - Astroshop Maroc<\/title>\n<meta name=\"robots\" content=\"index, follow, max-snippet:-1, max-image-preview:large, max-video-preview:-1\" \/>\n<link rel=\"canonical\" href=\"https:\/\/astroshop.ma\/?product=camera-couleurs-zwo-asi715mc\" \/>\n<meta property=\"og:locale\" content=\"en_US\" \/>\n<meta property=\"og:type\" content=\"article\" \/>\n<meta property=\"og:title\" content=\"Cam\u00e9ra couleurs ZWO ASI715MC - Astroshop Maroc\" \/>\n<meta property=\"og:description\" content=\"Caract\u00e9ristiques \u00e9lectroniques    Caract\u00e9ristiques Cam\u00e9ra ZWO ASI715MC     Capteur   Capteur CMOS Sony IMX715   Type de capteur Couleur   Format du capteur 1\/2.8&quot;   Taille de la matrice 3864 x 2192px   Nombre de pixels 8.46 millions   Dimensions d&#039;un pixel 1.45 x 1.45\u00b5m   Dimensions de la matrice 5.6 x 3.2mm (diagonale : 6.45mm)   Capacit\u00e9 du pixel 6 000 e-   Electronique   Convertisseur A\/N 12 bits   Gain 1.5 e-\/ADU   Bruit de lecture 0.72e-   Plage de temps de pose 32\u00b5s \u00e0 1000s   Obturateur Electronique, type &quot;Rolling shutter&quot;   Refroidissement   Type de refroidissement Passif   R\u00e9gulation du refroidissement Non   Refroidissement par eau Non   Connectique   Interface informatique USB 3.0 SuperSpeed   Interface d&#039;autoguidage Oui. RJ12 compatible ST4   Interfaces additionnelles Aucune   Alimentation \u00e9lectrique 5V, par le port USB    Caract\u00e9ristiques m\u00e9caniques    Caract\u00e9ristiques Cam\u00e9ra ZWO ASI715MC     Backfocus 12.5mm   Entr\u00e9e m\u00e9canique Filetage M42x0.75 femelle   Hublot de protection Filtre anti UV\/IR   Dimensions (dia. x H) 62mm x 28mm   Poids 120 g             Ces articles peuvent \u00e9galement vous int\u00e9resser\" \/>\n<meta property=\"og:url\" content=\"https:\/\/astroshop.ma\/?product=camera-couleurs-zwo-asi715mc\" \/>\n<meta property=\"og:site_name\" content=\"Astroshop Maroc\" \/>\n<meta property=\"article:modified_time\" content=\"2026-02-03T10:39:30+00:00\" \/>\n<meta property=\"og:image\" content=\"https:\/\/astroshop.ma\/wp-content\/uploads\/2026\/02\/camera-couleurs-zwo-asi715mc.jpg\" \/>\n\t<meta property=\"og:image:width\" content=\"800\" \/>\n\t<meta property=\"og:image:height\" content=\"800\" \/>\n\t<meta property=\"og:image:type\" content=\"image\/jpeg\" \/>\n<meta name=\"twitter:card\" content=\"summary_large_image\" \/>\n<meta name=\"twitter:label1\" content=\"Est. reading time\" \/>\n\t<meta name=\"twitter:data1\" content=\"5 minutes\" \/>\n<script type=\"application\/ld+json\" class=\"yoast-schema-graph\">{\"@context\":\"https:\\\/\\\/schema.org\",\"@graph\":[{\"@type\":\"WebPage\",\"@id\":\"https:\\\/\\\/astroshop.ma\\\/?product=camera-couleurs-zwo-asi715mc\",\"url\":\"https:\\\/\\\/astroshop.ma\\\/?product=camera-couleurs-zwo-asi715mc\",\"name\":\"Cam\u00e9ra couleurs ZWO ASI715MC - Astroshop Maroc\",\"isPartOf\":{\"@id\":\"https:\\\/\\\/astroshop.ma\\\/#website\"},\"primaryImageOfPage\":{\"@id\":\"https:\\\/\\\/astroshop.ma\\\/?product=camera-couleurs-zwo-asi715mc#primaryimage\"},\"image\":{\"@id\":\"https:\\\/\\\/astroshop.ma\\\/?product=camera-couleurs-zwo-asi715mc#primaryimage\"},\"thumbnailUrl\":\"https:\\\/\\\/astroshop.ma\\\/wp-content\\\/uploads\\\/2026\\\/02\\\/camera-couleurs-zwo-asi715mc.jpg\",\"datePublished\":\"2026-02-03T10:38:55+00:00\",\"dateModified\":\"2026-02-03T10:39:30+00:00\",\"breadcrumb\":{\"@id\":\"https:\\\/\\\/astroshop.ma\\\/?product=camera-couleurs-zwo-asi715mc#breadcrumb\"},\"inLanguage\":\"en-US\",\"potentialAction\":[{\"@type\":\"ReadAction\",\"target\":[\"https:\\\/\\\/astroshop.ma\\\/?product=camera-couleurs-zwo-asi715mc\"]}]},{\"@type\":\"ImageObject\",\"inLanguage\":\"en-US\",\"@id\":\"https:\\\/\\\/astroshop.ma\\\/?product=camera-couleurs-zwo-asi715mc#primaryimage\",\"url\":\"https:\\\/\\\/astroshop.ma\\\/wp-content\\\/uploads\\\/2026\\\/02\\\/camera-couleurs-zwo-asi715mc.jpg\",\"contentUrl\":\"https:\\\/\\\/astroshop.ma\\\/wp-content\\\/uploads\\\/2026\\\/02\\\/camera-couleurs-zwo-asi715mc.jpg\",\"width\":800,\"height\":800},{\"@type\":\"BreadcrumbList\",\"@id\":\"https:\\\/\\\/astroshop.ma\\\/?product=camera-couleurs-zwo-asi715mc#breadcrumb\",\"itemListElement\":[{\"@type\":\"ListItem\",\"position\":1,\"name\":\"Home\",\"item\":\"https:\\\/\\\/astroshop.ma\\\/\"},{\"@type\":\"ListItem\",\"position\":2,\"name\":\"Shop\",\"item\":\"https:\\\/\\\/astroshop.ma\\\/?page_id=394\"},{\"@type\":\"ListItem\",\"position\":3,\"name\":\"Cam\u00e9ra couleurs ZWO ASI715MC\"}]},{\"@type\":\"WebSite\",\"@id\":\"https:\\\/\\\/astroshop.ma\\\/#website\",\"url\":\"https:\\\/\\\/astroshop.ma\\\/\",\"name\":\"Astroshop Maroc\",\"description\":\"Des instruments astronomiques pour chaque astronome au Maroc\",\"publisher\":{\"@id\":\"https:\\\/\\\/astroshop.ma\\\/#organization\"},\"potentialAction\":[{\"@type\":\"SearchAction\",\"target\":{\"@type\":\"EntryPoint\",\"urlTemplate\":\"https:\\\/\\\/astroshop.ma\\\/?s={search_term_string}\"},\"query-input\":{\"@type\":\"PropertyValueSpecification\",\"valueRequired\":true,\"valueName\":\"search_term_string\"}}],\"inLanguage\":\"en-US\"},{\"@type\":\"Organization\",\"@id\":\"https:\\\/\\\/astroshop.ma\\\/#organization\",\"name\":\"Astroshop Maroc\",\"url\":\"https:\\\/\\\/astroshop.ma\\\/\",\"logo\":{\"@type\":\"ImageObject\",\"inLanguage\":\"en-US\",\"@id\":\"https:\\\/\\\/astroshop.ma\\\/#\\\/schema\\\/logo\\\/image\\\/\",\"url\":\"https:\\\/\\\/astroshop.ma\\\/wp-content\\\/uploads\\\/2025\\\/12\\\/M20_Logo_1.jpg\",\"contentUrl\":\"https:\\\/\\\/astroshop.ma\\\/wp-content\\\/uploads\\\/2025\\\/12\\\/M20_Logo_1.jpg\",\"width\":501,\"height\":334,\"caption\":\"Astroshop Maroc\"},\"image\":{\"@id\":\"https:\\\/\\\/astroshop.ma\\\/#\\\/schema\\\/logo\\\/image\\\/\"}}]}<\/script>\n<!-- \/ Yoast SEO plugin. -->","yoast_head_json":{"title":"Cam\u00e9ra couleurs ZWO ASI715MC - Astroshop Maroc","robots":{"index":"index","follow":"follow","max-snippet":"max-snippet:-1","max-image-preview":"max-image-preview:large","max-video-preview":"max-video-preview:-1"},"canonical":"https:\/\/astroshop.ma\/?product=camera-couleurs-zwo-asi715mc","og_locale":"en_US","og_type":"article","og_title":"Cam\u00e9ra couleurs ZWO ASI715MC - Astroshop Maroc","og_description":"Caract\u00e9ristiques \u00e9lectroniques    Caract\u00e9ristiques Cam\u00e9ra ZWO ASI715MC     Capteur   Capteur CMOS Sony IMX715   Type de capteur Couleur   Format du capteur 1\/2.8\"   Taille de la matrice 3864 x 2192px   Nombre de pixels 8.46 millions   Dimensions d'un pixel 1.45 x 1.45\u00b5m   Dimensions de la matrice 5.6 x 3.2mm (diagonale : 6.45mm)   Capacit\u00e9 du pixel 6 000 e-   Electronique   Convertisseur A\/N 12 bits   Gain 1.5 e-\/ADU   Bruit de lecture 0.72e-   Plage de temps de pose 32\u00b5s \u00e0 1000s   Obturateur Electronique, type \"Rolling shutter\"   Refroidissement   Type de refroidissement Passif   R\u00e9gulation du refroidissement Non   Refroidissement par eau Non   Connectique   Interface informatique USB 3.0 SuperSpeed   Interface d'autoguidage Oui. RJ12 compatible ST4   Interfaces additionnelles Aucune   Alimentation \u00e9lectrique 5V, par le port USB    Caract\u00e9ristiques m\u00e9caniques    Caract\u00e9ristiques Cam\u00e9ra ZWO ASI715MC     Backfocus 12.5mm   Entr\u00e9e m\u00e9canique Filetage M42x0.75 femelle   Hublot de protection Filtre anti UV\/IR   Dimensions (dia. x H) 62mm x 28mm   Poids 120 g             Ces articles peuvent \u00e9galement vous int\u00e9resser","og_url":"https:\/\/astroshop.ma\/?product=camera-couleurs-zwo-asi715mc","og_site_name":"Astroshop Maroc","article_modified_time":"2026-02-03T10:39:30+00:00","og_image":[{"width":800,"height":800,"url":"https:\/\/astroshop.ma\/wp-content\/uploads\/2026\/02\/camera-couleurs-zwo-asi715mc.jpg","type":"image\/jpeg"}],"twitter_card":"summary_large_image","twitter_misc":{"Est. reading time":"5 minutes"},"schema":{"@context":"https:\/\/schema.org","@graph":[{"@type":"WebPage","@id":"https:\/\/astroshop.ma\/?product=camera-couleurs-zwo-asi715mc","url":"https:\/\/astroshop.ma\/?product=camera-couleurs-zwo-asi715mc","name":"Cam\u00e9ra couleurs ZWO ASI715MC - Astroshop Maroc","isPartOf":{"@id":"https:\/\/astroshop.ma\/#website"},"primaryImageOfPage":{"@id":"https:\/\/astroshop.ma\/?product=camera-couleurs-zwo-asi715mc#primaryimage"},"image":{"@id":"https:\/\/astroshop.ma\/?product=camera-couleurs-zwo-asi715mc#primaryimage"},"thumbnailUrl":"https:\/\/astroshop.ma\/wp-content\/uploads\/2026\/02\/camera-couleurs-zwo-asi715mc.jpg","datePublished":"2026-02-03T10:38:55+00:00","dateModified":"2026-02-03T10:39:30+00:00","breadcrumb":{"@id":"https:\/\/astroshop.ma\/?product=camera-couleurs-zwo-asi715mc#breadcrumb"},"inLanguage":"en-US","potentialAction":[{"@type":"ReadAction","target":["https:\/\/astroshop.ma\/?product=camera-couleurs-zwo-asi715mc"]}]},{"@type":"ImageObject","inLanguage":"en-US","@id":"https:\/\/astroshop.ma\/?product=camera-couleurs-zwo-asi715mc#primaryimage","url":"https:\/\/astroshop.ma\/wp-content\/uploads\/2026\/02\/camera-couleurs-zwo-asi715mc.jpg","contentUrl":"https:\/\/astroshop.ma\/wp-content\/uploads\/2026\/02\/camera-couleurs-zwo-asi715mc.jpg","width":800,"height":800},{"@type":"BreadcrumbList","@id":"https:\/\/astroshop.ma\/?product=camera-couleurs-zwo-asi715mc#breadcrumb","itemListElement":[{"@type":"ListItem","position":1,"name":"Home","item":"https:\/\/astroshop.ma\/"},{"@type":"ListItem","position":2,"name":"Shop","item":"https:\/\/astroshop.ma\/?page_id=394"},{"@type":"ListItem","position":3,"name":"Cam\u00e9ra couleurs ZWO ASI715MC"}]},{"@type":"WebSite","@id":"https:\/\/astroshop.ma\/#website","url":"https:\/\/astroshop.ma\/","name":"Astroshop Maroc","description":"Des instruments astronomiques pour chaque astronome au Maroc","publisher":{"@id":"https:\/\/astroshop.ma\/#organization"},"potentialAction":[{"@type":"SearchAction","target":{"@type":"EntryPoint","urlTemplate":"https:\/\/astroshop.ma\/?s={search_term_string}"},"query-input":{"@type":"PropertyValueSpecification","valueRequired":true,"valueName":"search_term_string"}}],"inLanguage":"en-US"},{"@type":"Organization","@id":"https:\/\/astroshop.ma\/#organization","name":"Astroshop Maroc","url":"https:\/\/astroshop.ma\/","logo":{"@type":"ImageObject","inLanguage":"en-US","@id":"https:\/\/astroshop.ma\/#\/schema\/logo\/image\/","url":"https:\/\/astroshop.ma\/wp-content\/uploads\/2025\/12\/M20_Logo_1.jpg","contentUrl":"https:\/\/astroshop.ma\/wp-content\/uploads\/2025\/12\/M20_Logo_1.jpg","width":501,"height":334,"caption":"Astroshop Maroc"},"image":{"@id":"https:\/\/astroshop.ma\/#\/schema\/logo\/image\/"}}]}},"_links":{"self":[{"href":"https:\/\/astroshop.ma\/index.php?rest_route=\/wp\/v2\/product\/11148","targetHints":{"allow":["GET"]}}],"collection":[{"href":"https:\/\/astroshop.ma\/index.php?rest_route=\/wp\/v2\/product"}],"about":[{"href":"https:\/\/astroshop.ma\/index.php?rest_route=\/wp\/v2\/types\/product"}],"wp:featuredmedia":[{"embeddable":true,"href":"https:\/\/astroshop.ma\/index.php?rest_route=\/wp\/v2\/media\/11149"}],"wp:attachment":[{"href":"https:\/\/astroshop.ma\/index.php?rest_route=%2Fwp%2Fv2%2Fmedia&parent=11148"}],"wp:term":[{"taxonomy":"product_brand","embeddable":true,"href":"https:\/\/astroshop.ma\/index.php?rest_route=%2Fwp%2Fv2%2Fproduct_brand&post=11148"},{"taxonomy":"product_cat","embeddable":true,"href":"https:\/\/astroshop.ma\/index.php?rest_route=%2Fwp%2Fv2%2Fproduct_cat&post=11148"},{"taxonomy":"product_tag","embeddable":true,"href":"https:\/\/astroshop.ma\/index.php?rest_route=%2Fwp%2Fv2%2Fproduct_tag&post=11148"}],"curies":[{"name":"wp","href":"https:\/\/api.w.org\/{rel}","templated":true}]}}