{"id":11138,"date":"2026-02-03T10:26:11","date_gmt":"2026-02-03T10:26:11","guid":{"rendered":"https:\/\/astroshop.ma\/?post_type=product&#038;p=11138"},"modified":"2026-02-03T10:26:11","modified_gmt":"2026-02-03T10:26:11","slug":"camera-refroidie-monochrome-zwo-asi183mm-pro","status":"publish","type":"product","link":"https:\/\/astroshop.ma\/?product=camera-refroidie-monochrome-zwo-asi183mm-pro","title":{"rendered":"Cam\u00e9ra refroidie monochrome ZWO ASI183MM-PRO"},"content":{"rendered":"<h4>Tout savoir sur la cam\u00e9ra ZWO ASI183MM-Pro monochrome refroidie<\/h4>\n<p>La soci\u00e9t\u00e9 chinoise ZWO (Zhen Wang Optical) propose une\u00a0<strong>gamme de cam\u00e9ras destin\u00e9es \u00e0 l&#8217;Astronomie dont les qualit\u00e9s, les performances et le prix sont surprenants<\/strong>. Le mod\u00e8le ASI183MC-Pro est \u00e9quip\u00e9 d&#8217;un\u00a0<strong>capteur monochrome au format 1&#8243; de 20.2 millions de pixels (5496 x 3672px)<\/strong>\u00a0avec une meilleure sensibilit\u00e9 et r\u00e9solution que le mod\u00e8le couleur et dont l&#8217;usage est tr\u00e8s polyvalent. En effet avec un capteur si grand il se destine \u00e0\u00a0<strong>l&#8217;imagerie lunaire et solaire tout en permettant d&#8217;acc\u00e9der au ciel profond<\/strong>.\u00a0<strong>Un refroidissement sous la temp\u00e9rature ambiante de 40\/45\u00b0C<\/strong>\u00a0est obtenu gr\u00e2ce \u00e0 l&#8217;action d&#8217;un module Peltier et d&#8217;un ventilateur silencieux pour r\u00e9duire nettement le bruit thermique.<\/p>\n<p>Au niveau sensibilit\u00e9, l&#8217;ASI183 se distingue avec un capteur CMOS haute performance Sony IMX183CLK-J\/CQJ-J\u00a0<strong>capable d&#8217;atteindre un pic de sensibilit\u00e9 de 84% !<\/strong>\u00a0gr\u00e2ce \u00e0 la technologie Exmor R Back-Illuminated. Le pic atteint 60% sur la raie de l&#8217;Hydrog\u00e8ne Alpha (\u00e0 656nm, soit la zone d&#8217;\u00e9mission de nombreuses n\u00e9buleuses). A noter aussi un faible bruit de lecture. En version &#8220;Pro&#8221;,\u00a0<strong>cette cam\u00e9ra dispose d&#8217;une m\u00e9moire tampon (buffer) de 256MB<\/strong>\u00a0augmentant consid\u00e9rablement la rapidit\u00e9 de lecture du capteur.<\/p>\n<figure><img decoding=\"async\" title=\"M\u00e9moire tampon de 256MB int\u00e9gr\u00e9e \u00e0 la ZWO ASI183MM-Pro\" src=\"https:\/\/www.telescopes-et-accessoires.fr\/img\/cms\/photos\/fiches\/ZWO-Buffer-01-small.webp\" alt=\"ASI183MMPRO_buffer.jpg\" \/><figcaption>M\u00e9moire tampon de 256MB int\u00e9gr\u00e9e \u00e0 la ZWO ASI183MM-Pro<\/figcaption><\/figure>\n<p>En plan\u00e9taire, elle permet d&#8217;obtenir\u00a0<strong>une r\u00e9solution de 5496 x 3672px \u00e0 la vitesse de 19images\/seconde<\/strong>, avec une profondeur de 12bits. La vitesse d&#8217;acquisition atteint 308.2 images\/seconde en r\u00e9solution 320 x 240px \u00e0 10bits. L&#8217;ASI183MM-Pro poss\u00e8de un filetage d&#8217;entr\u00e9e de type M42 femelle. Plusieurs c\u00e2bles et adaptateurs sont livr\u00e9s pour de multiples combinaisons (voir onglet &#8220;Documentation&#8221;).<\/p>\n<h4>Courbe des longueurs d&#8217;onde<\/h4>\n<figure><img decoding=\"async\" title=\"Courbe des longueurs d'onde ZWO ASI183MM-Pro\" src=\"https:\/\/www.telescopes-et-accessoires.fr\/img\/cms\/photos\/fiches\/ZWO183MC-03.webp\" alt=\"ASI183MMPRO_Courbe.jpg\" \/><figcaption><\/figcaption><\/figure>\n<h4>Bruit de lecture<\/h4>\n<figure><img decoding=\"async\" title=\"Bruit de lecture ZWO ASI183MM-Pro\" src=\"https:\/\/www.telescopes-et-accessoires.fr\/img\/cms\/photos\/fiches\/ZWO183MC-04.webp\" alt=\"ASI183MMPRO_Bruit_Lecture.jpg\" \/><figcaption><\/figcaption><\/figure>\n<h4>Courant d&#8217;obscurit\u00e9<\/h4>\n<figure><img decoding=\"async\" title=\"Courant d'obscurit\u00e9 ZWO ASI183MM-Pro\" src=\"https:\/\/www.telescopes-et-accessoires.fr\/img\/cms\/photos\/fiches\/ZWO183MC-Pro-04.webp\" alt=\"ASI183MMPRO_courant_obscurit\u00e9.jpg\" \/><figcaption><\/figcaption><\/figure>\n<h4>Logiciels<\/h4>\n<p>Les pilotes, le logiciel d&#8217;acquisition et le mode d&#8217;emploi (en anglais) sont disponibles en t\u00e9l\u00e9chargement sur le site internet de ZWO\u00a0<a href=\"https:\/\/astronomy-imaging-camera.com\/software-drivers\" target=\"_blank\" rel=\"noopener\">Software ZWO<\/a>. L&#8217;ASI183MM-P est compatible avec Windows, Linux, Arm-linux, Mac OSX. Un pilote ASCOM est disponible. Toutefois, il n\u00e9cessite l&#8217;installation pr\u00e9alable du SDK (Software Development Kit) de ZWO, librement t\u00e9l\u00e9chargeable sur leur site.<\/p>\n<p>Pour l&#8217;acquisition de vid\u00e9os plan\u00e9taires, le logiciel\u00a0<a href=\"http:\/\/www.firecapture.de\/\" target=\"_blank\" rel=\"noopener\">FireCapture<\/a>, propos\u00e9 gratuitement par Torsten Edelmann, prend en charge nativement les cam\u00e9ras ZWO.<\/p>\n<p>&nbsp;<\/p>\n<p>&nbsp;<\/p>\n<h3>\u00c9l\u00e9ments Livr\u00e9s<\/h3>\n<p>&nbsp;<\/p>\n<section class=\"product__more-infos__wrapper  container-primary\">\n<div class=\"product__more-infos\">\n<div class=\"tabs\">\n<div id=\"tab-content\" class=\"tab-content tab-content-client\">\n<div id=\"tab-2\" class=\"tab-pane fade elementslivres js-product-tab-active active in\" role=\"tabpanel\" aria-expanded=\"true\">\n<div class=\"tab-pane_container\">\n<p>Chaque cam\u00e9ra comprend :<\/p>\n<ul>\n<li>1 cam\u00e9ra ZWO ASI183MM-Pro monochrome refroidie<\/li>\n<li>1 adaptateur avec filetage M42 m\u00e2le vers coulant 1.25&#8243; m\u00e2le<\/li>\n<li>1 r\u00e9ducteur avec filetage M42 m\u00e2le vers coulant 1.25&#8243; femelle (pour l&#8217;insertion d&#8217;un filtre 31.75mm)<\/li>\n<li>1 cordon USB<\/li>\n<li>1 sacoche de protection<\/li>\n<li>1 spacer T2 de 21mm<\/li>\n<li>1 adaptateur T2-M48 de 16.5mm<\/li>\n<li>1 bague M42-M48<\/li>\n<li>1 lot de 4 spacers M42 (1x 0.1mm \/ 2x 0.2mm \/ 1x 0.5mm)<\/li>\n<li>2 c\u00e2bles courts USB2.0 (pour roue \u00e0 filtre, motorisation du porte-oculaire&#8230;)<\/li>\n<\/ul>\n<figure><img decoding=\"async\" title=\"Elements livr\u00e9s avec la cam\u00e9ra ZWO183MM-Pro\" src=\"https:\/\/www.telescopes-et-accessoires.fr\/img\/cms\/photos\/fiches\/ZWO183MC-Pro-02.webp\" alt=\"ASI183MMPRO_elements_livres.jpg\" \/><figcaption><\/figcaption><\/figure>\n<\/div>\n<\/div>\n<\/div>\n<\/div>\n<\/div>\n<\/section>\n<div class=\"product-accessories__bg product__grid__full-width__bg-section\"><\/div>\n<section class=\"product-accessories clearfix\">\n<div class=\"product-accessories-title\">\n<p class=\"h5 text-uppercase\">Ces articles peuvent \u00e9galement vous int\u00e9resser<\/p>\n<\/div>\n<\/section>\n<p>&nbsp;<\/p>\n","protected":false},"excerpt":{"rendered":"<table class=\"table-responsive\">\n<thead>\n<tr>\n<th>Mod\u00e8le<\/th>\n<th>ZWO ASI183MM-Pro refroidie<\/th>\n<\/tr>\n<\/thead>\n<tbody>\n<tr>\n<td class=\"titresection\" colspan=\"2\">Capteur<\/td>\n<\/tr>\n<tr>\n<td class=\"titreligne\">Type<\/td>\n<td>CMOS monochrome<\/td>\n<\/tr>\n<tr>\n<td class=\"titreligne\">Capteur<\/td>\n<td>CMOS IMX183<\/td>\n<\/tr>\n<tr>\n<td class=\"titreligne\">Format<\/td>\n<td>1&#8243;<\/td>\n<\/tr>\n<tr>\n<td class=\"titreligne\">R\u00e9solution<\/td>\n<td>5496 x 3672px (20.18 millions de pixels)<\/td>\n<\/tr>\n<tr>\n<td class=\"titreligne\">Taille du pixel<\/td>\n<td>2.4\u00b5<\/td>\n<\/tr>\n<tr>\n<td class=\"titreligne\">Surface<\/td>\n<td>116.24mm\u00b2 (13.19mm x 8.81mm)<\/td>\n<\/tr>\n<tr>\n<td class=\"titreligne\">Pleine capacit\u00e9 de Charge (FWC)<\/td>\n<td>15 000 e-<\/td>\n<\/tr>\n<tr>\n<td class=\"titreligne\">Pic de sensibilit\u00e9 (QE peak)<\/td>\n<td>84%<\/td>\n<\/tr>\n<tr>\n<td class=\"titreligne\">Gamme dynamique<\/td>\n<td>12 bits<\/td>\n<\/tr>\n<tr>\n<td class=\"titreligne\">Temps de pose<\/td>\n<td>32\u00b5s \u00e0 2000s<\/td>\n<\/tr>\n<tr>\n<td class=\"titreligne\">Cadence d&#8217;images<\/td>\n<td>12 bits : 5496&#215;3672@19img\/s, 3840&#215;2160@36.1img\/s, 1920&#215;1080@70.5img\/s<br \/>\n1280&#215;720@103.2img\/s, 640&#215;480@149.5img\/s, 320&#215;240@271.9img\/s<br \/>\n10 bits : 5496&#215;3672@19img\/s, 3840&#215;2160@41img\/s, 1920&#215;1080@80.1img\/s<br \/>\n1280&#215;720@117.3img\/s, 640&#215;480@169.9img\/s, 320&#215;240@308.2img\/s<\/td>\n<\/tr>\n<tr>\n<td class=\"titreligne\">Bruit de lecture<\/td>\n<td>1.6e- (gain @30dB)<\/td>\n<\/tr>\n<tr>\n<td class=\"titresection\" colspan=\"2\">M\u00e9canique et Electronique<\/td>\n<\/tr>\n<tr>\n<td class=\"titreligne\">Transfert\/connectique<\/td>\n<td>1x port USB 3.0 \/ 2x ports USB2.0<\/td>\n<\/tr>\n<tr>\n<td class=\"titreligne\">M\u00e9moire tampon<\/td>\n<td>Buffer DDR3 256MB<\/td>\n<\/tr>\n<tr>\n<td class=\"titreligne\">Refroidissement<\/td>\n<td>Thermo\u00e9lectrique r\u00e9gul\u00e9 avec consigne. \u0394T = -45\u00b0C max<\/td>\n<\/tr>\n<tr>\n<td class=\"titreligne\">Alimentation (optionnelle)<\/td>\n<td>12V \u00e0 3A Max (<a href=\"https:\/\/www.telescopes-et-accessoires.fr\/alimentations\/9217-alimentation-secteur-zwo-12v-5a-0713831221765.html\" target=\"_blank\" rel=\"noopener\">#ZWPOWER<\/a>\u00a0recommand\u00e9e)<\/td>\n<\/tr>\n<tr>\n<td class=\"titreligne\">Montage objectif<\/td>\n<td>2&#8243; m\u00e2le avec filetage femelle T2 M42x0.75<\/td>\n<\/tr>\n<tr>\n<td class=\"titreligne\">Back focus (Distance capteur\/entr\u00e9e cam\u00e9ra)<\/td>\n<td>6.5mm ou 17.5mm avec l&#8217;adaptateur T2<\/td>\n<\/tr>\n<tr>\n<td class=\"titreligne\">Dimensions (dia. x H)<\/td>\n<td>78mm x 73.5mm<\/td>\n<\/tr>\n<tr>\n<td class=\"titreligne\">Poids<\/td>\n<td>410g<\/td>\n<\/tr>\n<tr>\n<td class=\"titreligne\">Temp. maxi (fonction)<\/td>\n<td>-5\u00b0C \u00e0 45\u00b0C<\/td>\n<\/tr>\n<tr>\n<td class=\"titreligne\">Temp. maxi (stockage)<\/td>\n<td>-20\u00b0C \u00e0 60\u00b0C<\/td>\n<\/tr>\n<tr>\n<td class=\"titreligne\">Humidit\u00e9 maxi (fonction)<\/td>\n<td>20% \u00e0 80%<\/td>\n<\/tr>\n<tr>\n<td class=\"titreligne\">Humidit\u00e9 maxi (stockage)<\/td>\n<td>20% \u00e0 95%<\/td>\n<\/tr>\n<\/tbody>\n<\/table>\n","protected":false},"featured_media":11139,"template":"","meta":{"_editorskit_title_hidden":false,"_editorskit_reading_time":0,"_editorskit_is_block_options_detached":false,"_editorskit_block_options_position":"{}","_coblocks_attr":"","_coblocks_dimensions":"","_coblocks_responsive_height":"","_coblocks_accordion_ie_support":"","_crdt_document":"","_monsterinsights_skip_tracking":false,"_monsterinsights_sitenote_active":false,"_monsterinsights_sitenote_note":"","_monsterinsights_sitenote_category":0},"product_brand":[206],"product_cat":[18,150],"product_tag":[],"class_list":{"0":"post-11138","1":"product","2":"type-product","3":"status-publish","4":"has-post-thumbnail","6":"product_brand-zwo","7":"product_cat-astrophotographie","8":"product_cat-ccd-cameras","10":"first","11":"instock","12":"shipping-taxable","13":"purchasable","14":"product-type-simple"},"yoast_head":"<!-- This site is optimized with the Yoast SEO plugin v27.3 - https:\/\/yoast.com\/product\/yoast-seo-wordpress\/ -->\n<title>Cam\u00e9ra refroidie monochrome ZWO ASI183MM-PRO - Astroshop Maroc<\/title>\n<meta name=\"robots\" content=\"index, follow, max-snippet:-1, max-image-preview:large, max-video-preview:-1\" \/>\n<link rel=\"canonical\" href=\"https:\/\/astroshop.ma\/?product=camera-refroidie-monochrome-zwo-asi183mm-pro\" \/>\n<meta property=\"og:locale\" content=\"en_US\" \/>\n<meta property=\"og:type\" content=\"article\" \/>\n<meta property=\"og:title\" content=\"Cam\u00e9ra refroidie monochrome ZWO ASI183MM-PRO - Astroshop Maroc\" \/>\n<meta property=\"og:description\" content=\"Mod\u00e8le ZWO ASI183MM-Pro refroidie     Capteur   Type CMOS monochrome   Capteur CMOS IMX183   Format 1&quot;   R\u00e9solution 5496 x 3672px (20.18 millions de pixels)   Taille du pixel 2.4\u00b5   Surface 116.24mm\u00b2 (13.19mm x 8.81mm)   Pleine capacit\u00e9 de Charge (FWC) 15 000 e-   Pic de sensibilit\u00e9 (QE peak) 84%   Gamme dynamique 12 bits   Temps de pose 32\u00b5s \u00e0 2000s   Cadence d&#039;images 12 bits : 5496x3672@19img\/s, 3840x2160@36.1img\/s, 1920x1080@70.5img\/s 1280x720@103.2img\/s, 640x480@149.5img\/s, 320x240@271.9img\/s 10 bits : 5496x3672@19img\/s, 3840x2160@41img\/s, 1920x1080@80.1img\/s 1280x720@117.3img\/s, 640x480@169.9img\/s, 320x240@308.2img\/s   Bruit de lecture 1.6e- (gain @30dB)   M\u00e9canique et Electronique   Transfert\/connectique 1x port USB 3.0 \/ 2x ports USB2.0   M\u00e9moire tampon Buffer DDR3 256MB   Refroidissement Thermo\u00e9lectrique r\u00e9gul\u00e9 avec consigne. \u0394T = -45\u00b0C max   Alimentation (optionnelle) 12V \u00e0 3A Max (#ZWPOWER\u00a0recommand\u00e9e)   Montage objectif 2&quot; m\u00e2le avec filetage femelle T2 M42x0.75   Back focus (Distance capteur\/entr\u00e9e cam\u00e9ra) 6.5mm ou 17.5mm avec l&#039;adaptateur T2   Dimensions (dia. x H) 78mm x 73.5mm   Poids 410g   Temp. maxi (fonction) -5\u00b0C \u00e0 45\u00b0C   Temp. maxi (stockage) -20\u00b0C \u00e0 60\u00b0C   Humidit\u00e9 maxi (fonction) 20% \u00e0 80%   Humidit\u00e9 maxi (stockage) 20% \u00e0 95%\" \/>\n<meta property=\"og:url\" content=\"https:\/\/astroshop.ma\/?product=camera-refroidie-monochrome-zwo-asi183mm-pro\" \/>\n<meta property=\"og:site_name\" content=\"Astroshop Maroc\" \/>\n<meta property=\"og:image\" content=\"https:\/\/astroshop.ma\/wp-content\/uploads\/2026\/02\/camera-monochrome-zwo-asi183mm-pro-1.jpg\" \/>\n\t<meta property=\"og:image:width\" content=\"800\" \/>\n\t<meta property=\"og:image:height\" content=\"800\" \/>\n\t<meta property=\"og:image:type\" content=\"image\/jpeg\" \/>\n<meta name=\"twitter:card\" content=\"summary_large_image\" \/>\n<meta name=\"twitter:label1\" content=\"Est. reading time\" \/>\n\t<meta name=\"twitter:data1\" content=\"4 minutes\" \/>\n<script type=\"application\/ld+json\" class=\"yoast-schema-graph\">{\"@context\":\"https:\\\/\\\/schema.org\",\"@graph\":[{\"@type\":\"WebPage\",\"@id\":\"https:\\\/\\\/astroshop.ma\\\/?product=camera-refroidie-monochrome-zwo-asi183mm-pro\",\"url\":\"https:\\\/\\\/astroshop.ma\\\/?product=camera-refroidie-monochrome-zwo-asi183mm-pro\",\"name\":\"Cam\u00e9ra refroidie monochrome ZWO ASI183MM-PRO - Astroshop Maroc\",\"isPartOf\":{\"@id\":\"https:\\\/\\\/astroshop.ma\\\/#website\"},\"primaryImageOfPage\":{\"@id\":\"https:\\\/\\\/astroshop.ma\\\/?product=camera-refroidie-monochrome-zwo-asi183mm-pro#primaryimage\"},\"image\":{\"@id\":\"https:\\\/\\\/astroshop.ma\\\/?product=camera-refroidie-monochrome-zwo-asi183mm-pro#primaryimage\"},\"thumbnailUrl\":\"https:\\\/\\\/astroshop.ma\\\/wp-content\\\/uploads\\\/2026\\\/02\\\/camera-monochrome-zwo-asi183mm-pro-1.jpg\",\"datePublished\":\"2026-02-03T10:26:11+00:00\",\"breadcrumb\":{\"@id\":\"https:\\\/\\\/astroshop.ma\\\/?product=camera-refroidie-monochrome-zwo-asi183mm-pro#breadcrumb\"},\"inLanguage\":\"en-US\",\"potentialAction\":[{\"@type\":\"ReadAction\",\"target\":[\"https:\\\/\\\/astroshop.ma\\\/?product=camera-refroidie-monochrome-zwo-asi183mm-pro\"]}]},{\"@type\":\"ImageObject\",\"inLanguage\":\"en-US\",\"@id\":\"https:\\\/\\\/astroshop.ma\\\/?product=camera-refroidie-monochrome-zwo-asi183mm-pro#primaryimage\",\"url\":\"https:\\\/\\\/astroshop.ma\\\/wp-content\\\/uploads\\\/2026\\\/02\\\/camera-monochrome-zwo-asi183mm-pro-1.jpg\",\"contentUrl\":\"https:\\\/\\\/astroshop.ma\\\/wp-content\\\/uploads\\\/2026\\\/02\\\/camera-monochrome-zwo-asi183mm-pro-1.jpg\",\"width\":800,\"height\":800},{\"@type\":\"BreadcrumbList\",\"@id\":\"https:\\\/\\\/astroshop.ma\\\/?product=camera-refroidie-monochrome-zwo-asi183mm-pro#breadcrumb\",\"itemListElement\":[{\"@type\":\"ListItem\",\"position\":1,\"name\":\"Home\",\"item\":\"https:\\\/\\\/astroshop.ma\\\/\"},{\"@type\":\"ListItem\",\"position\":2,\"name\":\"Shop\",\"item\":\"https:\\\/\\\/astroshop.ma\\\/?page_id=394\"},{\"@type\":\"ListItem\",\"position\":3,\"name\":\"Cam\u00e9ra refroidie monochrome ZWO ASI183MM-PRO\"}]},{\"@type\":\"WebSite\",\"@id\":\"https:\\\/\\\/astroshop.ma\\\/#website\",\"url\":\"https:\\\/\\\/astroshop.ma\\\/\",\"name\":\"Astroshop Maroc\",\"description\":\"Des instruments astronomiques pour chaque astronome au Maroc\",\"publisher\":{\"@id\":\"https:\\\/\\\/astroshop.ma\\\/#organization\"},\"potentialAction\":[{\"@type\":\"SearchAction\",\"target\":{\"@type\":\"EntryPoint\",\"urlTemplate\":\"https:\\\/\\\/astroshop.ma\\\/?s={search_term_string}\"},\"query-input\":{\"@type\":\"PropertyValueSpecification\",\"valueRequired\":true,\"valueName\":\"search_term_string\"}}],\"inLanguage\":\"en-US\"},{\"@type\":\"Organization\",\"@id\":\"https:\\\/\\\/astroshop.ma\\\/#organization\",\"name\":\"Astroshop Maroc\",\"url\":\"https:\\\/\\\/astroshop.ma\\\/\",\"logo\":{\"@type\":\"ImageObject\",\"inLanguage\":\"en-US\",\"@id\":\"https:\\\/\\\/astroshop.ma\\\/#\\\/schema\\\/logo\\\/image\\\/\",\"url\":\"https:\\\/\\\/astroshop.ma\\\/wp-content\\\/uploads\\\/2025\\\/12\\\/M20_Logo_1.jpg\",\"contentUrl\":\"https:\\\/\\\/astroshop.ma\\\/wp-content\\\/uploads\\\/2025\\\/12\\\/M20_Logo_1.jpg\",\"width\":501,\"height\":334,\"caption\":\"Astroshop Maroc\"},\"image\":{\"@id\":\"https:\\\/\\\/astroshop.ma\\\/#\\\/schema\\\/logo\\\/image\\\/\"}}]}<\/script>\n<!-- \/ Yoast SEO plugin. -->","yoast_head_json":{"title":"Cam\u00e9ra refroidie monochrome ZWO ASI183MM-PRO - Astroshop Maroc","robots":{"index":"index","follow":"follow","max-snippet":"max-snippet:-1","max-image-preview":"max-image-preview:large","max-video-preview":"max-video-preview:-1"},"canonical":"https:\/\/astroshop.ma\/?product=camera-refroidie-monochrome-zwo-asi183mm-pro","og_locale":"en_US","og_type":"article","og_title":"Cam\u00e9ra refroidie monochrome ZWO ASI183MM-PRO - Astroshop Maroc","og_description":"Mod\u00e8le ZWO ASI183MM-Pro refroidie     Capteur   Type CMOS monochrome   Capteur CMOS IMX183   Format 1\"   R\u00e9solution 5496 x 3672px (20.18 millions de pixels)   Taille du pixel 2.4\u00b5   Surface 116.24mm\u00b2 (13.19mm x 8.81mm)   Pleine capacit\u00e9 de Charge (FWC) 15 000 e-   Pic de sensibilit\u00e9 (QE peak) 84%   Gamme dynamique 12 bits   Temps de pose 32\u00b5s \u00e0 2000s   Cadence d'images 12 bits : 5496x3672@19img\/s, 3840x2160@36.1img\/s, 1920x1080@70.5img\/s 1280x720@103.2img\/s, 640x480@149.5img\/s, 320x240@271.9img\/s 10 bits : 5496x3672@19img\/s, 3840x2160@41img\/s, 1920x1080@80.1img\/s 1280x720@117.3img\/s, 640x480@169.9img\/s, 320x240@308.2img\/s   Bruit de lecture 1.6e- (gain @30dB)   M\u00e9canique et Electronique   Transfert\/connectique 1x port USB 3.0 \/ 2x ports USB2.0   M\u00e9moire tampon Buffer DDR3 256MB   Refroidissement Thermo\u00e9lectrique r\u00e9gul\u00e9 avec consigne. \u0394T = -45\u00b0C max   Alimentation (optionnelle) 12V \u00e0 3A Max (#ZWPOWER\u00a0recommand\u00e9e)   Montage objectif 2\" m\u00e2le avec filetage femelle T2 M42x0.75   Back focus (Distance capteur\/entr\u00e9e cam\u00e9ra) 6.5mm ou 17.5mm avec l'adaptateur T2   Dimensions (dia. x H) 78mm x 73.5mm   Poids 410g   Temp. maxi (fonction) -5\u00b0C \u00e0 45\u00b0C   Temp. maxi (stockage) -20\u00b0C \u00e0 60\u00b0C   Humidit\u00e9 maxi (fonction) 20% \u00e0 80%   Humidit\u00e9 maxi (stockage) 20% \u00e0 95%","og_url":"https:\/\/astroshop.ma\/?product=camera-refroidie-monochrome-zwo-asi183mm-pro","og_site_name":"Astroshop Maroc","og_image":[{"width":800,"height":800,"url":"https:\/\/astroshop.ma\/wp-content\/uploads\/2026\/02\/camera-monochrome-zwo-asi183mm-pro-1.jpg","type":"image\/jpeg"}],"twitter_card":"summary_large_image","twitter_misc":{"Est. reading time":"4 minutes"},"schema":{"@context":"https:\/\/schema.org","@graph":[{"@type":"WebPage","@id":"https:\/\/astroshop.ma\/?product=camera-refroidie-monochrome-zwo-asi183mm-pro","url":"https:\/\/astroshop.ma\/?product=camera-refroidie-monochrome-zwo-asi183mm-pro","name":"Cam\u00e9ra refroidie monochrome ZWO ASI183MM-PRO - Astroshop Maroc","isPartOf":{"@id":"https:\/\/astroshop.ma\/#website"},"primaryImageOfPage":{"@id":"https:\/\/astroshop.ma\/?product=camera-refroidie-monochrome-zwo-asi183mm-pro#primaryimage"},"image":{"@id":"https:\/\/astroshop.ma\/?product=camera-refroidie-monochrome-zwo-asi183mm-pro#primaryimage"},"thumbnailUrl":"https:\/\/astroshop.ma\/wp-content\/uploads\/2026\/02\/camera-monochrome-zwo-asi183mm-pro-1.jpg","datePublished":"2026-02-03T10:26:11+00:00","breadcrumb":{"@id":"https:\/\/astroshop.ma\/?product=camera-refroidie-monochrome-zwo-asi183mm-pro#breadcrumb"},"inLanguage":"en-US","potentialAction":[{"@type":"ReadAction","target":["https:\/\/astroshop.ma\/?product=camera-refroidie-monochrome-zwo-asi183mm-pro"]}]},{"@type":"ImageObject","inLanguage":"en-US","@id":"https:\/\/astroshop.ma\/?product=camera-refroidie-monochrome-zwo-asi183mm-pro#primaryimage","url":"https:\/\/astroshop.ma\/wp-content\/uploads\/2026\/02\/camera-monochrome-zwo-asi183mm-pro-1.jpg","contentUrl":"https:\/\/astroshop.ma\/wp-content\/uploads\/2026\/02\/camera-monochrome-zwo-asi183mm-pro-1.jpg","width":800,"height":800},{"@type":"BreadcrumbList","@id":"https:\/\/astroshop.ma\/?product=camera-refroidie-monochrome-zwo-asi183mm-pro#breadcrumb","itemListElement":[{"@type":"ListItem","position":1,"name":"Home","item":"https:\/\/astroshop.ma\/"},{"@type":"ListItem","position":2,"name":"Shop","item":"https:\/\/astroshop.ma\/?page_id=394"},{"@type":"ListItem","position":3,"name":"Cam\u00e9ra refroidie monochrome ZWO ASI183MM-PRO"}]},{"@type":"WebSite","@id":"https:\/\/astroshop.ma\/#website","url":"https:\/\/astroshop.ma\/","name":"Astroshop Maroc","description":"Des instruments astronomiques pour chaque astronome au Maroc","publisher":{"@id":"https:\/\/astroshop.ma\/#organization"},"potentialAction":[{"@type":"SearchAction","target":{"@type":"EntryPoint","urlTemplate":"https:\/\/astroshop.ma\/?s={search_term_string}"},"query-input":{"@type":"PropertyValueSpecification","valueRequired":true,"valueName":"search_term_string"}}],"inLanguage":"en-US"},{"@type":"Organization","@id":"https:\/\/astroshop.ma\/#organization","name":"Astroshop Maroc","url":"https:\/\/astroshop.ma\/","logo":{"@type":"ImageObject","inLanguage":"en-US","@id":"https:\/\/astroshop.ma\/#\/schema\/logo\/image\/","url":"https:\/\/astroshop.ma\/wp-content\/uploads\/2025\/12\/M20_Logo_1.jpg","contentUrl":"https:\/\/astroshop.ma\/wp-content\/uploads\/2025\/12\/M20_Logo_1.jpg","width":501,"height":334,"caption":"Astroshop Maroc"},"image":{"@id":"https:\/\/astroshop.ma\/#\/schema\/logo\/image\/"}}]}},"_links":{"self":[{"href":"https:\/\/astroshop.ma\/index.php?rest_route=\/wp\/v2\/product\/11138","targetHints":{"allow":["GET"]}}],"collection":[{"href":"https:\/\/astroshop.ma\/index.php?rest_route=\/wp\/v2\/product"}],"about":[{"href":"https:\/\/astroshop.ma\/index.php?rest_route=\/wp\/v2\/types\/product"}],"wp:featuredmedia":[{"embeddable":true,"href":"https:\/\/astroshop.ma\/index.php?rest_route=\/wp\/v2\/media\/11139"}],"wp:attachment":[{"href":"https:\/\/astroshop.ma\/index.php?rest_route=%2Fwp%2Fv2%2Fmedia&parent=11138"}],"wp:term":[{"taxonomy":"product_brand","embeddable":true,"href":"https:\/\/astroshop.ma\/index.php?rest_route=%2Fwp%2Fv2%2Fproduct_brand&post=11138"},{"taxonomy":"product_cat","embeddable":true,"href":"https:\/\/astroshop.ma\/index.php?rest_route=%2Fwp%2Fv2%2Fproduct_cat&post=11138"},{"taxonomy":"product_tag","embeddable":true,"href":"https:\/\/astroshop.ma\/index.php?rest_route=%2Fwp%2Fv2%2Fproduct_tag&post=11138"}],"curies":[{"name":"wp","href":"https:\/\/api.w.org\/{rel}","templated":true}]}}