{"id":11130,"date":"2026-02-03T10:09:21","date_gmt":"2026-02-03T10:09:21","guid":{"rendered":"https:\/\/astroshop.ma\/?post_type=product&#038;p=11130"},"modified":"2026-02-03T10:09:22","modified_gmt":"2026-02-03T10:09:22","slug":"camera-monochrome-zwo-asi174mm","status":"publish","type":"product","link":"https:\/\/astroshop.ma\/?product=camera-monochrome-zwo-asi174mm","title":{"rendered":"Cam\u00e9ra monochrome ZWO ASI174MM"},"content":{"rendered":"<h4>Tout savoir sur la cam\u00e9ra ZWO ASI174MM (monochrome)<\/h4>\n<p>La soci\u00e9t\u00e9 chinoise ZWO (Zhen Wang Optical) propose une\u00a0<strong>gamme de cam\u00e9ras destin\u00e9es \u00e0 l&#8217;Astronomie dont les qualit\u00e9s, les performances et le prix sont surprenants<\/strong>. Le mod\u00e8le ASI174MM est \u00e9quip\u00e9 d&#8217;un\u00a0<strong>capteur monochrome au format 1\/1.2&#8243; de 2.1 millions de pixels (1936 x 1096px)<\/strong>\u00a0dont l&#8217;usage est particuli\u00e8rement destin\u00e9 \u00e0\u00a0<strong>l&#8217;imagerie plan\u00e9taire, lunaire et \u00e0 l&#8217;autoguidage<\/strong>.<\/p>\n<p>En plan\u00e9taire, elle permet d&#8217;obtenir\u00a0<strong>une r\u00e9solution de 1936 x 1216px \u00e0 la vitesse de 128 images\/seconde<\/strong>, avec une profondeur de 12bits. La vitesse d&#8217;acquisition atteint 740 images\/seconde en r\u00e9solution 320 x 240px \u00e0 10bits.\u00a0<strong>Pour l&#8217;autoguidage, la cam\u00e9ra est \u00e9quip\u00e9e d&#8217;un port au standard ST4<\/strong>.<\/p>\n<p><strong>L&#8217;ASI174MM poss\u00e8de un adaptateur pour coulant 2&#8243; (50.8mm)<\/strong>. Un convertisseur m\u00e9canique M42 vers 31.75mm m\u00e2le est livr\u00e9, ainsi qu&#8217;un cordon USB de 2m de longueur et un cordon d&#8217;autoguidage ST4.<\/p>\n<h4>Courbe des longueurs d&#8217;onde<\/h4>\n<figure><img decoding=\"async\" title=\"Courbe des longueurs d'onde ZWO ASI174MM\" src=\"https:\/\/www.telescopes-et-accessoires.fr\/img\/cms\/photos\/fiches\/ZWO174MM-03.webp\" alt=\"ASI174MM_Courbe.jpg\" \/><figcaption><\/figcaption><\/figure>\n<h4>Bruit de lecture<\/h4>\n<figure><img decoding=\"async\" title=\"Bruit de lecture ZWO ASI174MM\" src=\"https:\/\/www.telescopes-et-accessoires.fr\/img\/cms\/photos\/fiches\/ZWO174MM-02.webp\" alt=\"ASI174MM_Courbe.jpg\" \/><figcaption><\/figcaption><\/figure>\n<h4>Sch\u00e9ma technique<\/h4>\n<figure><img decoding=\"async\" title=\"Sch\u00e9ma technique ZWO ASI174MM\" src=\"https:\/\/www.telescopes-et-accessoires.fr\/img\/cms\/photos\/fiches\/ZWO174MM-04.webp\" alt=\"ASI174MM_dessin_technique.jpg\" \/><figcaption><\/figcaption><\/figure>\n<h4>Logiciels<\/h4>\n<p>Les pilotes, le logiciel d&#8217;acquisition et le mode d&#8217;emploi (en anglais) sont disponibles en t\u00e9l\u00e9chargement sur le site internet de ZWO\u00a0<a href=\"https:\/\/astronomy-imaging-camera.com\/software-drivers\" target=\"_blank\" rel=\"noopener\">Software ZWO<\/a>. L&#8217;ASI174MM est compatible avec Windows, Linux, Arm-linux, Mac OSX. Un pilote ASCOM est disponible. Toutefois, il n\u00e9cessite l&#8217;installation pr\u00e9alable du SDK (Software Development Kit) de ZWO, librement t\u00e9l\u00e9chargeable sur leur site.<\/p>\n<p>Pour l&#8217;acquisition de vid\u00e9os plan\u00e9taires, le logiciel\u00a0<a href=\"http:\/\/www.firecapture.de\/\" target=\"_blank\" rel=\"noopener\">FireCapture<\/a>, propos\u00e9 gratuitement par Torsten Edelmann, prend en charge nativement les cam\u00e9ras ZWO.<\/p>\n<p>&nbsp;<\/p>\n<p>&nbsp;<\/p>\n<h3>\u00c9l\u00e9ments Livr\u00e9s<\/h3>\n<p>&nbsp;<\/p>\n<p>Chaque cam\u00e9ra comprend :<\/p>\n<ul>\n<li>1 cam\u00e9ra ZWO ASI174MM monochrome (avec coulant 50.8mm m\u00e2le)<\/li>\n<li>1 adaptateur filetage M42 m\u00e2le vers coulant 1.25&#8243;<\/li>\n<li>1 cordon USB<\/li>\n<li>1 cordon d&#8217;autoguidage<\/li>\n<\/ul>\n<figure><img decoding=\"async\" title=\"Elements livr\u00e9s avec la cam\u00e9ra ZWO174MM\" src=\"https:\/\/www.telescopes-et-accessoires.fr\/img\/cms\/photos\/fiches\/ZWO174MM-05.webp\" alt=\"ASI174MM_elements_livres.jpg\" \/><\/figure>\n<p>&nbsp;<\/p>\n<p>&nbsp;<\/p>\n<p>&nbsp;<\/p>\n","protected":false},"excerpt":{"rendered":"<table class=\"table-responsive\">\n<thead>\n<tr>\n<th>Mod\u00e8le<\/th>\n<th>ZWO ASI174MM<\/th>\n<\/tr>\n<\/thead>\n<tbody>\n<tr>\n<td class=\"titresection\" colspan=\"2\">Capteur<\/td>\n<\/tr>\n<tr>\n<td class=\"titreligne\">Type<\/td>\n<td>CMOS monochrome<\/td>\n<\/tr>\n<tr>\n<td class=\"titreligne\">Capteur<\/td>\n<td>CMOS IMX174<\/td>\n<\/tr>\n<tr>\n<td class=\"titreligne\">Format<\/td>\n<td>1\/1.2&#8243;<\/td>\n<\/tr>\n<tr>\n<td class=\"titreligne\">R\u00e9solution<\/td>\n<td>1936 x 1216px (2.35 millions de pixels)<\/td>\n<\/tr>\n<tr>\n<td class=\"titreligne\">Taille du pixel<\/td>\n<td>5.86\u00b5<\/td>\n<\/tr>\n<tr>\n<td class=\"titreligne\">Surface<\/td>\n<td>80.80mm\u00b2 (11.34mm x 7.12mm)<\/td>\n<\/tr>\n<tr>\n<td class=\"titreligne\">Pleine capacit\u00e9 de Charge (FWC)<\/td>\n<td>32 000 e-<\/td>\n<\/tr>\n<tr>\n<td class=\"titreligne\">Pic de sensibilit\u00e9 (QE peak)<\/td>\n<td>78%<\/td>\n<\/tr>\n<tr>\n<td class=\"titreligne\">Gamme dynamique<\/td>\n<td>12\/10 bits<\/td>\n<\/tr>\n<tr>\n<td class=\"titreligne\">Temps de pose<\/td>\n<td>32\u00b5s \u00e0 1000s<\/td>\n<\/tr>\n<tr>\n<td class=\"titreligne\">Cadence d&#8217;images<\/td>\n<td>12 bits : 1936&#215;1216@128img\/s, 640&#215;480@309img\/s, 320&#215;240@577img\/s<br \/>\n10 bits : 1936&#215;1216@164img\/s, 640&#215;480@397img\/s, 320&#215;240@740img\/s<\/td>\n<\/tr>\n<tr>\n<td class=\"titreligne\">Bruit de lecture<\/td>\n<td>3.5e- (gain @30dB)<\/td>\n<\/tr>\n<tr>\n<td class=\"titreligne\">Transfert\/connectique<\/td>\n<td>USB 3.0<\/td>\n<\/tr>\n<tr>\n<td class=\"titresection\" colspan=\"2\">M\u00e9canique<\/td>\n<\/tr>\n<tr>\n<td class=\"titreligne\">Montage objectif<\/td>\n<td>Monture M42x0.75 ou coulant 50.8mm<\/td>\n<\/tr>\n<tr>\n<td class=\"titreligne\">Back focus<\/td>\n<td>6.5mm (Distance capteur\/entr\u00e9e cam\u00e9ra)<\/td>\n<\/tr>\n<tr>\n<td class=\"titreligne\">Dimensions (dia. x H)<\/td>\n<td>62mm x 36mm<\/td>\n<\/tr>\n<tr>\n<td class=\"titreligne\">Poids<\/td>\n<td>140g<\/td>\n<\/tr>\n<tr>\n<td class=\"titreligne\">Temp. maxi (fonction)<\/td>\n<td>-5\u00b0C \u00e0 45\u00b0C<\/td>\n<\/tr>\n<tr>\n<td class=\"titreligne\">Temp. maxi (stockage)<\/td>\n<td>-20\u00b0C \u00e0 60\u00b0C<\/td>\n<\/tr>\n<tr>\n<td class=\"titreligne\">Humidit\u00e9 maxi (fonction)<\/td>\n<td>20% \u00e0 80%<\/td>\n<\/tr>\n<tr>\n<td class=\"titreligne\">Humidit\u00e9 maxi (stockage)<\/td>\n<td>20% \u00e0 95%<\/td>\n<\/tr>\n<\/tbody>\n<\/table>\n","protected":false},"featured_media":11131,"template":"","meta":{"_editorskit_title_hidden":false,"_editorskit_reading_time":0,"_editorskit_is_block_options_detached":false,"_editorskit_block_options_position":"{}","_coblocks_attr":"","_coblocks_dimensions":"","_coblocks_responsive_height":"","_coblocks_accordion_ie_support":"","_crdt_document":"","_monsterinsights_skip_tracking":false,"_monsterinsights_sitenote_active":false,"_monsterinsights_sitenote_note":"","_monsterinsights_sitenote_category":0},"product_brand":[206],"product_cat":[18,150],"product_tag":[],"class_list":{"0":"post-11130","1":"product","2":"type-product","3":"status-publish","4":"has-post-thumbnail","6":"product_brand-zwo","7":"product_cat-astrophotographie","8":"product_cat-ccd-cameras","10":"first","11":"instock","12":"shipping-taxable","13":"purchasable","14":"product-type-simple"},"yoast_head":"<!-- This site is optimized with the Yoast SEO plugin v27.3 - https:\/\/yoast.com\/product\/yoast-seo-wordpress\/ -->\n<title>Cam\u00e9ra monochrome ZWO ASI174MM - Astroshop Maroc<\/title>\n<meta name=\"robots\" content=\"index, follow, max-snippet:-1, max-image-preview:large, max-video-preview:-1\" \/>\n<link rel=\"canonical\" href=\"https:\/\/astroshop.ma\/?product=camera-monochrome-zwo-asi174mm\" \/>\n<meta property=\"og:locale\" content=\"en_US\" \/>\n<meta property=\"og:type\" content=\"article\" \/>\n<meta property=\"og:title\" content=\"Cam\u00e9ra monochrome ZWO ASI174MM - Astroshop Maroc\" \/>\n<meta property=\"og:description\" content=\"Mod\u00e8le ZWO ASI174MM     Capteur   Type CMOS monochrome   Capteur CMOS IMX174   Format 1\/1.2&quot;   R\u00e9solution 1936 x 1216px (2.35 millions de pixels)   Taille du pixel 5.86\u00b5   Surface 80.80mm\u00b2 (11.34mm x 7.12mm)   Pleine capacit\u00e9 de Charge (FWC) 32 000 e-   Pic de sensibilit\u00e9 (QE peak) 78%   Gamme dynamique 12\/10 bits   Temps de pose 32\u00b5s \u00e0 1000s   Cadence d&#039;images 12 bits : 1936x1216@128img\/s, 640x480@309img\/s, 320x240@577img\/s 10 bits : 1936x1216@164img\/s, 640x480@397img\/s, 320x240@740img\/s   Bruit de lecture 3.5e- (gain @30dB)   Transfert\/connectique USB 3.0   M\u00e9canique   Montage objectif Monture M42x0.75 ou coulant 50.8mm   Back focus 6.5mm (Distance capteur\/entr\u00e9e cam\u00e9ra)   Dimensions (dia. x H) 62mm x 36mm   Poids 140g   Temp. maxi (fonction) -5\u00b0C \u00e0 45\u00b0C   Temp. maxi (stockage) -20\u00b0C \u00e0 60\u00b0C   Humidit\u00e9 maxi (fonction) 20% \u00e0 80%   Humidit\u00e9 maxi (stockage) 20% \u00e0 95%\" \/>\n<meta property=\"og:url\" content=\"https:\/\/astroshop.ma\/?product=camera-monochrome-zwo-asi174mm\" \/>\n<meta property=\"og:site_name\" content=\"Astroshop Maroc\" \/>\n<meta property=\"article:modified_time\" content=\"2026-02-03T10:09:22+00:00\" \/>\n<meta property=\"og:image\" content=\"https:\/\/astroshop.ma\/wp-content\/uploads\/2026\/02\/camera-monochrome-zwo-asi174mm.jpg\" \/>\n\t<meta property=\"og:image:width\" content=\"800\" \/>\n\t<meta property=\"og:image:height\" content=\"800\" \/>\n\t<meta property=\"og:image:type\" content=\"image\/jpeg\" \/>\n<meta name=\"twitter:card\" content=\"summary_large_image\" \/>\n<meta name=\"twitter:label1\" content=\"Est. reading time\" \/>\n\t<meta name=\"twitter:data1\" content=\"3 minutes\" \/>\n<script type=\"application\/ld+json\" class=\"yoast-schema-graph\">{\"@context\":\"https:\\\/\\\/schema.org\",\"@graph\":[{\"@type\":\"WebPage\",\"@id\":\"https:\\\/\\\/astroshop.ma\\\/?product=camera-monochrome-zwo-asi174mm\",\"url\":\"https:\\\/\\\/astroshop.ma\\\/?product=camera-monochrome-zwo-asi174mm\",\"name\":\"Cam\u00e9ra monochrome ZWO ASI174MM - Astroshop Maroc\",\"isPartOf\":{\"@id\":\"https:\\\/\\\/astroshop.ma\\\/#website\"},\"primaryImageOfPage\":{\"@id\":\"https:\\\/\\\/astroshop.ma\\\/?product=camera-monochrome-zwo-asi174mm#primaryimage\"},\"image\":{\"@id\":\"https:\\\/\\\/astroshop.ma\\\/?product=camera-monochrome-zwo-asi174mm#primaryimage\"},\"thumbnailUrl\":\"https:\\\/\\\/astroshop.ma\\\/wp-content\\\/uploads\\\/2026\\\/02\\\/camera-monochrome-zwo-asi174mm.jpg\",\"datePublished\":\"2026-02-03T10:09:21+00:00\",\"dateModified\":\"2026-02-03T10:09:22+00:00\",\"breadcrumb\":{\"@id\":\"https:\\\/\\\/astroshop.ma\\\/?product=camera-monochrome-zwo-asi174mm#breadcrumb\"},\"inLanguage\":\"en-US\",\"potentialAction\":[{\"@type\":\"ReadAction\",\"target\":[\"https:\\\/\\\/astroshop.ma\\\/?product=camera-monochrome-zwo-asi174mm\"]}]},{\"@type\":\"ImageObject\",\"inLanguage\":\"en-US\",\"@id\":\"https:\\\/\\\/astroshop.ma\\\/?product=camera-monochrome-zwo-asi174mm#primaryimage\",\"url\":\"https:\\\/\\\/astroshop.ma\\\/wp-content\\\/uploads\\\/2026\\\/02\\\/camera-monochrome-zwo-asi174mm.jpg\",\"contentUrl\":\"https:\\\/\\\/astroshop.ma\\\/wp-content\\\/uploads\\\/2026\\\/02\\\/camera-monochrome-zwo-asi174mm.jpg\",\"width\":800,\"height\":800},{\"@type\":\"BreadcrumbList\",\"@id\":\"https:\\\/\\\/astroshop.ma\\\/?product=camera-monochrome-zwo-asi174mm#breadcrumb\",\"itemListElement\":[{\"@type\":\"ListItem\",\"position\":1,\"name\":\"Home\",\"item\":\"https:\\\/\\\/astroshop.ma\\\/\"},{\"@type\":\"ListItem\",\"position\":2,\"name\":\"Shop\",\"item\":\"https:\\\/\\\/astroshop.ma\\\/?page_id=394\"},{\"@type\":\"ListItem\",\"position\":3,\"name\":\"Cam\u00e9ra monochrome ZWO ASI174MM\"}]},{\"@type\":\"WebSite\",\"@id\":\"https:\\\/\\\/astroshop.ma\\\/#website\",\"url\":\"https:\\\/\\\/astroshop.ma\\\/\",\"name\":\"Astroshop Maroc\",\"description\":\"Des instruments astronomiques pour chaque astronome au Maroc\",\"publisher\":{\"@id\":\"https:\\\/\\\/astroshop.ma\\\/#organization\"},\"potentialAction\":[{\"@type\":\"SearchAction\",\"target\":{\"@type\":\"EntryPoint\",\"urlTemplate\":\"https:\\\/\\\/astroshop.ma\\\/?s={search_term_string}\"},\"query-input\":{\"@type\":\"PropertyValueSpecification\",\"valueRequired\":true,\"valueName\":\"search_term_string\"}}],\"inLanguage\":\"en-US\"},{\"@type\":\"Organization\",\"@id\":\"https:\\\/\\\/astroshop.ma\\\/#organization\",\"name\":\"Astroshop Maroc\",\"url\":\"https:\\\/\\\/astroshop.ma\\\/\",\"logo\":{\"@type\":\"ImageObject\",\"inLanguage\":\"en-US\",\"@id\":\"https:\\\/\\\/astroshop.ma\\\/#\\\/schema\\\/logo\\\/image\\\/\",\"url\":\"https:\\\/\\\/astroshop.ma\\\/wp-content\\\/uploads\\\/2025\\\/12\\\/M20_Logo_1.jpg\",\"contentUrl\":\"https:\\\/\\\/astroshop.ma\\\/wp-content\\\/uploads\\\/2025\\\/12\\\/M20_Logo_1.jpg\",\"width\":501,\"height\":334,\"caption\":\"Astroshop Maroc\"},\"image\":{\"@id\":\"https:\\\/\\\/astroshop.ma\\\/#\\\/schema\\\/logo\\\/image\\\/\"}}]}<\/script>\n<!-- \/ Yoast SEO plugin. -->","yoast_head_json":{"title":"Cam\u00e9ra monochrome ZWO ASI174MM - Astroshop Maroc","robots":{"index":"index","follow":"follow","max-snippet":"max-snippet:-1","max-image-preview":"max-image-preview:large","max-video-preview":"max-video-preview:-1"},"canonical":"https:\/\/astroshop.ma\/?product=camera-monochrome-zwo-asi174mm","og_locale":"en_US","og_type":"article","og_title":"Cam\u00e9ra monochrome ZWO ASI174MM - Astroshop Maroc","og_description":"Mod\u00e8le ZWO ASI174MM     Capteur   Type CMOS monochrome   Capteur CMOS IMX174   Format 1\/1.2\"   R\u00e9solution 1936 x 1216px (2.35 millions de pixels)   Taille du pixel 5.86\u00b5   Surface 80.80mm\u00b2 (11.34mm x 7.12mm)   Pleine capacit\u00e9 de Charge (FWC) 32 000 e-   Pic de sensibilit\u00e9 (QE peak) 78%   Gamme dynamique 12\/10 bits   Temps de pose 32\u00b5s \u00e0 1000s   Cadence d'images 12 bits : 1936x1216@128img\/s, 640x480@309img\/s, 320x240@577img\/s 10 bits : 1936x1216@164img\/s, 640x480@397img\/s, 320x240@740img\/s   Bruit de lecture 3.5e- (gain @30dB)   Transfert\/connectique USB 3.0   M\u00e9canique   Montage objectif Monture M42x0.75 ou coulant 50.8mm   Back focus 6.5mm (Distance capteur\/entr\u00e9e cam\u00e9ra)   Dimensions (dia. x H) 62mm x 36mm   Poids 140g   Temp. maxi (fonction) -5\u00b0C \u00e0 45\u00b0C   Temp. maxi (stockage) -20\u00b0C \u00e0 60\u00b0C   Humidit\u00e9 maxi (fonction) 20% \u00e0 80%   Humidit\u00e9 maxi (stockage) 20% \u00e0 95%","og_url":"https:\/\/astroshop.ma\/?product=camera-monochrome-zwo-asi174mm","og_site_name":"Astroshop Maroc","article_modified_time":"2026-02-03T10:09:22+00:00","og_image":[{"width":800,"height":800,"url":"https:\/\/astroshop.ma\/wp-content\/uploads\/2026\/02\/camera-monochrome-zwo-asi174mm.jpg","type":"image\/jpeg"}],"twitter_card":"summary_large_image","twitter_misc":{"Est. reading time":"3 minutes"},"schema":{"@context":"https:\/\/schema.org","@graph":[{"@type":"WebPage","@id":"https:\/\/astroshop.ma\/?product=camera-monochrome-zwo-asi174mm","url":"https:\/\/astroshop.ma\/?product=camera-monochrome-zwo-asi174mm","name":"Cam\u00e9ra monochrome ZWO ASI174MM - Astroshop Maroc","isPartOf":{"@id":"https:\/\/astroshop.ma\/#website"},"primaryImageOfPage":{"@id":"https:\/\/astroshop.ma\/?product=camera-monochrome-zwo-asi174mm#primaryimage"},"image":{"@id":"https:\/\/astroshop.ma\/?product=camera-monochrome-zwo-asi174mm#primaryimage"},"thumbnailUrl":"https:\/\/astroshop.ma\/wp-content\/uploads\/2026\/02\/camera-monochrome-zwo-asi174mm.jpg","datePublished":"2026-02-03T10:09:21+00:00","dateModified":"2026-02-03T10:09:22+00:00","breadcrumb":{"@id":"https:\/\/astroshop.ma\/?product=camera-monochrome-zwo-asi174mm#breadcrumb"},"inLanguage":"en-US","potentialAction":[{"@type":"ReadAction","target":["https:\/\/astroshop.ma\/?product=camera-monochrome-zwo-asi174mm"]}]},{"@type":"ImageObject","inLanguage":"en-US","@id":"https:\/\/astroshop.ma\/?product=camera-monochrome-zwo-asi174mm#primaryimage","url":"https:\/\/astroshop.ma\/wp-content\/uploads\/2026\/02\/camera-monochrome-zwo-asi174mm.jpg","contentUrl":"https:\/\/astroshop.ma\/wp-content\/uploads\/2026\/02\/camera-monochrome-zwo-asi174mm.jpg","width":800,"height":800},{"@type":"BreadcrumbList","@id":"https:\/\/astroshop.ma\/?product=camera-monochrome-zwo-asi174mm#breadcrumb","itemListElement":[{"@type":"ListItem","position":1,"name":"Home","item":"https:\/\/astroshop.ma\/"},{"@type":"ListItem","position":2,"name":"Shop","item":"https:\/\/astroshop.ma\/?page_id=394"},{"@type":"ListItem","position":3,"name":"Cam\u00e9ra monochrome ZWO ASI174MM"}]},{"@type":"WebSite","@id":"https:\/\/astroshop.ma\/#website","url":"https:\/\/astroshop.ma\/","name":"Astroshop Maroc","description":"Des instruments astronomiques pour chaque astronome au Maroc","publisher":{"@id":"https:\/\/astroshop.ma\/#organization"},"potentialAction":[{"@type":"SearchAction","target":{"@type":"EntryPoint","urlTemplate":"https:\/\/astroshop.ma\/?s={search_term_string}"},"query-input":{"@type":"PropertyValueSpecification","valueRequired":true,"valueName":"search_term_string"}}],"inLanguage":"en-US"},{"@type":"Organization","@id":"https:\/\/astroshop.ma\/#organization","name":"Astroshop Maroc","url":"https:\/\/astroshop.ma\/","logo":{"@type":"ImageObject","inLanguage":"en-US","@id":"https:\/\/astroshop.ma\/#\/schema\/logo\/image\/","url":"https:\/\/astroshop.ma\/wp-content\/uploads\/2025\/12\/M20_Logo_1.jpg","contentUrl":"https:\/\/astroshop.ma\/wp-content\/uploads\/2025\/12\/M20_Logo_1.jpg","width":501,"height":334,"caption":"Astroshop Maroc"},"image":{"@id":"https:\/\/astroshop.ma\/#\/schema\/logo\/image\/"}}]}},"_links":{"self":[{"href":"https:\/\/astroshop.ma\/index.php?rest_route=\/wp\/v2\/product\/11130","targetHints":{"allow":["GET"]}}],"collection":[{"href":"https:\/\/astroshop.ma\/index.php?rest_route=\/wp\/v2\/product"}],"about":[{"href":"https:\/\/astroshop.ma\/index.php?rest_route=\/wp\/v2\/types\/product"}],"wp:featuredmedia":[{"embeddable":true,"href":"https:\/\/astroshop.ma\/index.php?rest_route=\/wp\/v2\/media\/11131"}],"wp:attachment":[{"href":"https:\/\/astroshop.ma\/index.php?rest_route=%2Fwp%2Fv2%2Fmedia&parent=11130"}],"wp:term":[{"taxonomy":"product_brand","embeddable":true,"href":"https:\/\/astroshop.ma\/index.php?rest_route=%2Fwp%2Fv2%2Fproduct_brand&post=11130"},{"taxonomy":"product_cat","embeddable":true,"href":"https:\/\/astroshop.ma\/index.php?rest_route=%2Fwp%2Fv2%2Fproduct_cat&post=11130"},{"taxonomy":"product_tag","embeddable":true,"href":"https:\/\/astroshop.ma\/index.php?rest_route=%2Fwp%2Fv2%2Fproduct_tag&post=11130"}],"curies":[{"name":"wp","href":"https:\/\/api.w.org\/{rel}","templated":true}]}}