{"id":11125,"date":"2026-02-03T10:04:50","date_gmt":"2026-02-03T10:04:50","guid":{"rendered":"https:\/\/astroshop.ma\/?post_type=product&#038;p=11125"},"modified":"2026-02-03T10:04:51","modified_gmt":"2026-02-03T10:04:51","slug":"camera-refroidie-couleurs-zwo-asi294mc-pro","status":"publish","type":"product","link":"https:\/\/astroshop.ma\/?product=camera-refroidie-couleurs-zwo-asi294mc-pro","title":{"rendered":"Cam\u00e9ra refroidie couleurs ZWO ASI294MC-PRO"},"content":{"rendered":"<h4>Tout savoir sur la cam\u00e9ra ZWO ASI294MC-Pro (couleur refroidie)<\/h4>\n<p>Avec ces nouvelles cam\u00e9ras refroidies, la soci\u00e9t\u00e9 chinoise ZWO (Zhen Wang Optical) \u00e9largie sa gamme en proposant des cam\u00e9ras permettant l&#8217;imagerie longues pose.\u00a0<strong>Le mod\u00e8le ASI294MC-Cool est \u00e9quip\u00e9 d&#8217;un capteur 4\/3 (13&#215;19.1) de 11 millions de pixels (4144 x 2822px)<\/strong>. Le refroidissement sous la temp\u00e9rature ambiante de 35\u00b0C est obtenu gr\u00e2ce \u00e0 l&#8217;action d&#8217;un module peltier et d&#8217;un ventilateur silencieux.<\/p>\n<p>Muni d&#8217;un port USB 3.0, les cam\u00e9ras ZWO refroidies permettent \u00e9galement l&#8217;imagerie plan\u00e9taire \u00e0 tr\u00e8s haute vitesse. En version &#8220;Pro&#8221;, cette cam\u00e9ra dispose d&#8217;une m\u00e9moire tampon (buffer) de 256Mo augmentant consid\u00e9rablement la rapidit\u00e9 de lecture du capteur.<\/p>\n<h4>Courbes de transmission et rendement<\/h4>\n<figure><img decoding=\"async\" title=\"Courbe de transmission ASI294-C\" src=\"https:\/\/www.telescopes-et-accessoires.fr\/img\/cms\/photos\/fiches\/ASI294_Courbe.webp\" alt=\"ASI294_Courbe.jpg\" \/><\/figure>\n<h4>Comparatif ASI294MM-Pro &#8211; ASI1600MM-Pro<\/h4>\n<figure><img decoding=\"async\" title=\"Comparatif asi294MM-Pro - asi1600MM-Pro\" src=\"https:\/\/www.telescopes-et-accessoires.fr\/img\/cms\/photos\/fiches\/ASI294MM-Pro-vs-ASI1600MM-Pro.webp\" alt=\"ASI294MM-Pro-vs-ASI1600MM-Pro.png\" \/><\/figure>\n<h4>Syst\u00e8me chart<\/h4>\n<figure><img decoding=\"async\" title=\"Cam\u00e9ra ZWO refroidie\" src=\"https:\/\/www.telescopes-et-accessoires.fr\/img\/cms\/photos\/fiches\/ASI294_systemchart.webp\" alt=\"ASI294_systemchart.jpg\" \/><\/figure>\n<h4>Logiciels<\/h4>\n<p>Les pilotes, le logiciel d&#8217;acquisition et le mode d&#8217;emploi (en anglais) sont disponibles en t\u00e9l\u00e9chargement sur le site internet de ZWO\u00a0<a href=\"https:\/\/astronomy-imaging-camera.com\/software-drivers\" target=\"_blank\" rel=\"noopener\">Software ZWO<\/a><\/p>\n<p>L&#8217;ASI294MC Pro est compatible avec Windows, Linux, Arm-linux, Mac OSX. Un pilote ASCOM est disponible. Le logiciel AsiStudio permet de faire de l&#8217;acquisition plan\u00e9taire, pose longe, visuelle assist\u00e9e en live Stacking, et propose m\u00eame un outils pour visualiser les fichier Fits.<\/p>\n<p>&nbsp;<\/p>\n<p>&nbsp;<\/p>\n<h3>\u00c9l\u00e9ments Livr\u00e9s<\/h3>\n<p>&nbsp;<\/p>\n<h4>Accessoires inclus<\/h4>\n<figure><img decoding=\"async\" title=\"Cam\u00e9ra ZWO refroidie\" src=\"https:\/\/www.telescopes-et-accessoires.fr\/img\/cms\/photos\/fiches\/ASI183_package.webp\" alt=\"ASI294_package.jpg\" \/><\/figure>\n","protected":false},"excerpt":{"rendered":"<table class=\"table-responsive\">\n<thead>\n<tr>\n<th>Caract\u00e9ristiques<\/th>\n<th>Cam\u00e9ra ZWO ASI294MC-Cool (IMX492)<\/th>\n<\/tr>\n<\/thead>\n<tbody>\n<tr>\n<td>Format du capteur<\/td>\n<td>4144 x 2822 pixels<\/td>\n<\/tr>\n<tr>\n<td>Taille des pixels<\/td>\n<td>4.63 x 4.63\u00b5<\/td>\n<\/tr>\n<tr>\n<td>Convertisseur A\/N<\/td>\n<td>14 bits<\/td>\n<\/tr>\n<tr>\n<td>Bruit de lecture<\/td>\n<td>1.2e<\/td>\n<\/tr>\n<tr>\n<td>Puit (full well)<\/td>\n<td>63700e<\/td>\n<\/tr>\n<tr>\n<td>Temps de pose minimal<\/td>\n<td>32\u00b5s<\/td>\n<\/tr>\n<tr>\n<td>Temps de pose maximal<\/td>\n<td>2000s<\/td>\n<\/tr>\n<tr>\n<td>Images\/seconde maxi.<\/td>\n<td>16img\/s (4144 x 2822 14bits)<br \/>\n19img\/s (4144 x 2822 10bits)<\/td>\n<\/tr>\n<tr>\n<td>Interface<\/td>\n<td>USB 2.0\/USB 3.0<\/td>\n<\/tr>\n<tr>\n<td>Alimentation<\/td>\n<td>12VCC, 3A<\/td>\n<\/tr>\n<tr>\n<td>Refroidissement<\/td>\n<td>Thermo\u00e9lectrique r\u00e9gul\u00e9 avec consigne. \u0394T = -35\u00b0C max<\/td>\n<\/tr>\n<tr>\n<td>Backfocus<\/td>\n<td>17.5mm \/ 6.5mm<\/td>\n<\/tr>\n<tr>\n<td>Poids<\/td>\n<td>500g<\/td>\n<\/tr>\n<tr>\n<td>Type d&#8217;adaptation<\/td>\n<td>M42 femelle \/ M42 m\u00e2le \/ coulant 50.8mm<\/td>\n<\/tr>\n<\/tbody>\n<\/table>\n<figure><img decoding=\"async\" title=\"Cam\u00e9ra ZWO refroidie\" src=\"https:\/\/www.telescopes-et-accessoires.fr\/img\/cms\/photos\/fiches\/ASI294_Dessin_Technique.webp\" alt=\"ASI294_Dessin_Technique.jpg\" \/><\/figure>\n","protected":false},"featured_media":11126,"template":"","meta":{"_editorskit_title_hidden":false,"_editorskit_reading_time":0,"_editorskit_is_block_options_detached":false,"_editorskit_block_options_position":"{}","_coblocks_attr":"","_coblocks_dimensions":"","_coblocks_responsive_height":"","_coblocks_accordion_ie_support":"","_crdt_document":"","_monsterinsights_skip_tracking":false,"_monsterinsights_sitenote_active":false,"_monsterinsights_sitenote_note":"","_monsterinsights_sitenote_category":0},"product_brand":[206],"product_cat":[18,150],"product_tag":[],"class_list":{"0":"post-11125","1":"product","2":"type-product","3":"status-publish","4":"has-post-thumbnail","6":"product_brand-zwo","7":"product_cat-astrophotographie","8":"product_cat-ccd-cameras","10":"first","11":"instock","12":"shipping-taxable","13":"purchasable","14":"product-type-simple"},"yoast_head":"<!-- This site is optimized with the Yoast SEO plugin v27.3 - https:\/\/yoast.com\/product\/yoast-seo-wordpress\/ -->\n<title>Cam\u00e9ra refroidie couleurs ZWO ASI294MC-PRO - Astroshop Maroc<\/title>\n<meta name=\"robots\" content=\"index, follow, max-snippet:-1, max-image-preview:large, max-video-preview:-1\" \/>\n<link rel=\"canonical\" href=\"https:\/\/astroshop.ma\/?product=camera-refroidie-couleurs-zwo-asi294mc-pro\" \/>\n<meta property=\"og:locale\" content=\"en_US\" \/>\n<meta property=\"og:type\" content=\"article\" \/>\n<meta property=\"og:title\" content=\"Cam\u00e9ra refroidie couleurs ZWO ASI294MC-PRO - Astroshop Maroc\" \/>\n<meta property=\"og:description\" content=\"Caract\u00e9ristiques Cam\u00e9ra ZWO ASI294MC-Cool (IMX492)     Format du capteur 4144 x 2822 pixels   Taille des pixels 4.63 x 4.63\u00b5   Convertisseur A\/N 14 bits   Bruit de lecture 1.2e   Puit (full well) 63700e   Temps de pose minimal 32\u00b5s   Temps de pose maximal 2000s   Images\/seconde maxi. 16img\/s (4144 x 2822 14bits) 19img\/s (4144 x 2822 10bits)   Interface USB 2.0\/USB 3.0   Alimentation 12VCC, 3A   Refroidissement Thermo\u00e9lectrique r\u00e9gul\u00e9 avec consigne. \u0394T = -35\u00b0C max   Backfocus 17.5mm \/ 6.5mm   Poids 500g   Type d&#039;adaptation M42 femelle \/ M42 m\u00e2le \/ coulant 50.8mm\" \/>\n<meta property=\"og:url\" content=\"https:\/\/astroshop.ma\/?product=camera-refroidie-couleurs-zwo-asi294mc-pro\" \/>\n<meta property=\"og:site_name\" content=\"Astroshop Maroc\" \/>\n<meta property=\"article:modified_time\" content=\"2026-02-03T10:04:51+00:00\" \/>\n<meta property=\"og:image\" content=\"https:\/\/astroshop.ma\/wp-content\/uploads\/2026\/02\/camera-couleurs-zwo-asi294mc-pro.jpg\" \/>\n\t<meta property=\"og:image:width\" content=\"800\" \/>\n\t<meta property=\"og:image:height\" content=\"800\" \/>\n\t<meta property=\"og:image:type\" content=\"image\/jpeg\" \/>\n<meta name=\"twitter:card\" content=\"summary_large_image\" \/>\n<meta name=\"twitter:label1\" content=\"Est. reading time\" \/>\n\t<meta name=\"twitter:data1\" content=\"2 minutes\" \/>\n<script type=\"application\/ld+json\" class=\"yoast-schema-graph\">{\"@context\":\"https:\\\/\\\/schema.org\",\"@graph\":[{\"@type\":\"WebPage\",\"@id\":\"https:\\\/\\\/astroshop.ma\\\/?product=camera-refroidie-couleurs-zwo-asi294mc-pro\",\"url\":\"https:\\\/\\\/astroshop.ma\\\/?product=camera-refroidie-couleurs-zwo-asi294mc-pro\",\"name\":\"Cam\u00e9ra refroidie couleurs ZWO ASI294MC-PRO - Astroshop Maroc\",\"isPartOf\":{\"@id\":\"https:\\\/\\\/astroshop.ma\\\/#website\"},\"primaryImageOfPage\":{\"@id\":\"https:\\\/\\\/astroshop.ma\\\/?product=camera-refroidie-couleurs-zwo-asi294mc-pro#primaryimage\"},\"image\":{\"@id\":\"https:\\\/\\\/astroshop.ma\\\/?product=camera-refroidie-couleurs-zwo-asi294mc-pro#primaryimage\"},\"thumbnailUrl\":\"https:\\\/\\\/astroshop.ma\\\/wp-content\\\/uploads\\\/2026\\\/02\\\/camera-couleurs-zwo-asi294mc-pro.jpg\",\"datePublished\":\"2026-02-03T10:04:50+00:00\",\"dateModified\":\"2026-02-03T10:04:51+00:00\",\"breadcrumb\":{\"@id\":\"https:\\\/\\\/astroshop.ma\\\/?product=camera-refroidie-couleurs-zwo-asi294mc-pro#breadcrumb\"},\"inLanguage\":\"en-US\",\"potentialAction\":[{\"@type\":\"ReadAction\",\"target\":[\"https:\\\/\\\/astroshop.ma\\\/?product=camera-refroidie-couleurs-zwo-asi294mc-pro\"]}]},{\"@type\":\"ImageObject\",\"inLanguage\":\"en-US\",\"@id\":\"https:\\\/\\\/astroshop.ma\\\/?product=camera-refroidie-couleurs-zwo-asi294mc-pro#primaryimage\",\"url\":\"https:\\\/\\\/astroshop.ma\\\/wp-content\\\/uploads\\\/2026\\\/02\\\/camera-couleurs-zwo-asi294mc-pro.jpg\",\"contentUrl\":\"https:\\\/\\\/astroshop.ma\\\/wp-content\\\/uploads\\\/2026\\\/02\\\/camera-couleurs-zwo-asi294mc-pro.jpg\",\"width\":800,\"height\":800},{\"@type\":\"BreadcrumbList\",\"@id\":\"https:\\\/\\\/astroshop.ma\\\/?product=camera-refroidie-couleurs-zwo-asi294mc-pro#breadcrumb\",\"itemListElement\":[{\"@type\":\"ListItem\",\"position\":1,\"name\":\"Home\",\"item\":\"https:\\\/\\\/astroshop.ma\\\/\"},{\"@type\":\"ListItem\",\"position\":2,\"name\":\"Shop\",\"item\":\"https:\\\/\\\/astroshop.ma\\\/?page_id=394\"},{\"@type\":\"ListItem\",\"position\":3,\"name\":\"Cam\u00e9ra refroidie couleurs ZWO ASI294MC-PRO\"}]},{\"@type\":\"WebSite\",\"@id\":\"https:\\\/\\\/astroshop.ma\\\/#website\",\"url\":\"https:\\\/\\\/astroshop.ma\\\/\",\"name\":\"Astroshop Maroc\",\"description\":\"Des instruments astronomiques pour chaque astronome au Maroc\",\"publisher\":{\"@id\":\"https:\\\/\\\/astroshop.ma\\\/#organization\"},\"potentialAction\":[{\"@type\":\"SearchAction\",\"target\":{\"@type\":\"EntryPoint\",\"urlTemplate\":\"https:\\\/\\\/astroshop.ma\\\/?s={search_term_string}\"},\"query-input\":{\"@type\":\"PropertyValueSpecification\",\"valueRequired\":true,\"valueName\":\"search_term_string\"}}],\"inLanguage\":\"en-US\"},{\"@type\":\"Organization\",\"@id\":\"https:\\\/\\\/astroshop.ma\\\/#organization\",\"name\":\"Astroshop Maroc\",\"url\":\"https:\\\/\\\/astroshop.ma\\\/\",\"logo\":{\"@type\":\"ImageObject\",\"inLanguage\":\"en-US\",\"@id\":\"https:\\\/\\\/astroshop.ma\\\/#\\\/schema\\\/logo\\\/image\\\/\",\"url\":\"https:\\\/\\\/astroshop.ma\\\/wp-content\\\/uploads\\\/2025\\\/12\\\/M20_Logo_1.jpg\",\"contentUrl\":\"https:\\\/\\\/astroshop.ma\\\/wp-content\\\/uploads\\\/2025\\\/12\\\/M20_Logo_1.jpg\",\"width\":501,\"height\":334,\"caption\":\"Astroshop Maroc\"},\"image\":{\"@id\":\"https:\\\/\\\/astroshop.ma\\\/#\\\/schema\\\/logo\\\/image\\\/\"}}]}<\/script>\n<!-- \/ Yoast SEO plugin. -->","yoast_head_json":{"title":"Cam\u00e9ra refroidie couleurs ZWO ASI294MC-PRO - Astroshop Maroc","robots":{"index":"index","follow":"follow","max-snippet":"max-snippet:-1","max-image-preview":"max-image-preview:large","max-video-preview":"max-video-preview:-1"},"canonical":"https:\/\/astroshop.ma\/?product=camera-refroidie-couleurs-zwo-asi294mc-pro","og_locale":"en_US","og_type":"article","og_title":"Cam\u00e9ra refroidie couleurs ZWO ASI294MC-PRO - Astroshop Maroc","og_description":"Caract\u00e9ristiques Cam\u00e9ra ZWO ASI294MC-Cool (IMX492)     Format du capteur 4144 x 2822 pixels   Taille des pixels 4.63 x 4.63\u00b5   Convertisseur A\/N 14 bits   Bruit de lecture 1.2e   Puit (full well) 63700e   Temps de pose minimal 32\u00b5s   Temps de pose maximal 2000s   Images\/seconde maxi. 16img\/s (4144 x 2822 14bits) 19img\/s (4144 x 2822 10bits)   Interface USB 2.0\/USB 3.0   Alimentation 12VCC, 3A   Refroidissement Thermo\u00e9lectrique r\u00e9gul\u00e9 avec consigne. \u0394T = -35\u00b0C max   Backfocus 17.5mm \/ 6.5mm   Poids 500g   Type d'adaptation M42 femelle \/ M42 m\u00e2le \/ coulant 50.8mm","og_url":"https:\/\/astroshop.ma\/?product=camera-refroidie-couleurs-zwo-asi294mc-pro","og_site_name":"Astroshop Maroc","article_modified_time":"2026-02-03T10:04:51+00:00","og_image":[{"width":800,"height":800,"url":"https:\/\/astroshop.ma\/wp-content\/uploads\/2026\/02\/camera-couleurs-zwo-asi294mc-pro.jpg","type":"image\/jpeg"}],"twitter_card":"summary_large_image","twitter_misc":{"Est. reading time":"2 minutes"},"schema":{"@context":"https:\/\/schema.org","@graph":[{"@type":"WebPage","@id":"https:\/\/astroshop.ma\/?product=camera-refroidie-couleurs-zwo-asi294mc-pro","url":"https:\/\/astroshop.ma\/?product=camera-refroidie-couleurs-zwo-asi294mc-pro","name":"Cam\u00e9ra refroidie couleurs ZWO ASI294MC-PRO - Astroshop Maroc","isPartOf":{"@id":"https:\/\/astroshop.ma\/#website"},"primaryImageOfPage":{"@id":"https:\/\/astroshop.ma\/?product=camera-refroidie-couleurs-zwo-asi294mc-pro#primaryimage"},"image":{"@id":"https:\/\/astroshop.ma\/?product=camera-refroidie-couleurs-zwo-asi294mc-pro#primaryimage"},"thumbnailUrl":"https:\/\/astroshop.ma\/wp-content\/uploads\/2026\/02\/camera-couleurs-zwo-asi294mc-pro.jpg","datePublished":"2026-02-03T10:04:50+00:00","dateModified":"2026-02-03T10:04:51+00:00","breadcrumb":{"@id":"https:\/\/astroshop.ma\/?product=camera-refroidie-couleurs-zwo-asi294mc-pro#breadcrumb"},"inLanguage":"en-US","potentialAction":[{"@type":"ReadAction","target":["https:\/\/astroshop.ma\/?product=camera-refroidie-couleurs-zwo-asi294mc-pro"]}]},{"@type":"ImageObject","inLanguage":"en-US","@id":"https:\/\/astroshop.ma\/?product=camera-refroidie-couleurs-zwo-asi294mc-pro#primaryimage","url":"https:\/\/astroshop.ma\/wp-content\/uploads\/2026\/02\/camera-couleurs-zwo-asi294mc-pro.jpg","contentUrl":"https:\/\/astroshop.ma\/wp-content\/uploads\/2026\/02\/camera-couleurs-zwo-asi294mc-pro.jpg","width":800,"height":800},{"@type":"BreadcrumbList","@id":"https:\/\/astroshop.ma\/?product=camera-refroidie-couleurs-zwo-asi294mc-pro#breadcrumb","itemListElement":[{"@type":"ListItem","position":1,"name":"Home","item":"https:\/\/astroshop.ma\/"},{"@type":"ListItem","position":2,"name":"Shop","item":"https:\/\/astroshop.ma\/?page_id=394"},{"@type":"ListItem","position":3,"name":"Cam\u00e9ra refroidie couleurs ZWO ASI294MC-PRO"}]},{"@type":"WebSite","@id":"https:\/\/astroshop.ma\/#website","url":"https:\/\/astroshop.ma\/","name":"Astroshop Maroc","description":"Des instruments astronomiques pour chaque astronome au Maroc","publisher":{"@id":"https:\/\/astroshop.ma\/#organization"},"potentialAction":[{"@type":"SearchAction","target":{"@type":"EntryPoint","urlTemplate":"https:\/\/astroshop.ma\/?s={search_term_string}"},"query-input":{"@type":"PropertyValueSpecification","valueRequired":true,"valueName":"search_term_string"}}],"inLanguage":"en-US"},{"@type":"Organization","@id":"https:\/\/astroshop.ma\/#organization","name":"Astroshop Maroc","url":"https:\/\/astroshop.ma\/","logo":{"@type":"ImageObject","inLanguage":"en-US","@id":"https:\/\/astroshop.ma\/#\/schema\/logo\/image\/","url":"https:\/\/astroshop.ma\/wp-content\/uploads\/2025\/12\/M20_Logo_1.jpg","contentUrl":"https:\/\/astroshop.ma\/wp-content\/uploads\/2025\/12\/M20_Logo_1.jpg","width":501,"height":334,"caption":"Astroshop Maroc"},"image":{"@id":"https:\/\/astroshop.ma\/#\/schema\/logo\/image\/"}}]}},"_links":{"self":[{"href":"https:\/\/astroshop.ma\/index.php?rest_route=\/wp\/v2\/product\/11125","targetHints":{"allow":["GET"]}}],"collection":[{"href":"https:\/\/astroshop.ma\/index.php?rest_route=\/wp\/v2\/product"}],"about":[{"href":"https:\/\/astroshop.ma\/index.php?rest_route=\/wp\/v2\/types\/product"}],"wp:featuredmedia":[{"embeddable":true,"href":"https:\/\/astroshop.ma\/index.php?rest_route=\/wp\/v2\/media\/11126"}],"wp:attachment":[{"href":"https:\/\/astroshop.ma\/index.php?rest_route=%2Fwp%2Fv2%2Fmedia&parent=11125"}],"wp:term":[{"taxonomy":"product_brand","embeddable":true,"href":"https:\/\/astroshop.ma\/index.php?rest_route=%2Fwp%2Fv2%2Fproduct_brand&post=11125"},{"taxonomy":"product_cat","embeddable":true,"href":"https:\/\/astroshop.ma\/index.php?rest_route=%2Fwp%2Fv2%2Fproduct_cat&post=11125"},{"taxonomy":"product_tag","embeddable":true,"href":"https:\/\/astroshop.ma\/index.php?rest_route=%2Fwp%2Fv2%2Fproduct_tag&post=11125"}],"curies":[{"name":"wp","href":"https:\/\/api.w.org\/{rel}","templated":true}]}}