{"id":11119,"date":"2026-02-03T09:57:21","date_gmt":"2026-02-03T09:57:21","guid":{"rendered":"https:\/\/astroshop.ma\/?post_type=product&#038;p=11119"},"modified":"2026-02-03T09:59:06","modified_gmt":"2026-02-03T09:59:06","slug":"camera-couleurs-zwo-asi662mc","status":"publish","type":"product","link":"https:\/\/astroshop.ma\/?product=camera-couleurs-zwo-asi662mc","title":{"rendered":"Cam\u00e9ra couleurs ZWO ASI662MC"},"content":{"rendered":"<h4>Tout savoir sur la cam\u00e9ra ZWO ASI662MC<\/h4>\n<p>La cam\u00e9ra ZWO ASI662MC est \u00e9quip\u00e9e d&#8217;un capteur CMOS couleur de 2.07 millions de pixels (1920 x 1080 px) et de 6.45 mm de diagonale. A pleine r\u00e9solution,\u00a0<strong>la vitesse maximale d&#8217;acquisition atteint 107 images\/seconde<\/strong>\u00a0avec une dynamique sur 12 bits. Dot\u00e9 des derni\u00e8res technologies de l&#8217;architecture de capteur STARVIS 2 propos\u00e9e par Sony, la cam\u00e9ra propose des fonctionnalit\u00e9s de derni\u00e8re g\u00e9n\u00e9ration :\u00a0<strong>une absence compl\u00e8te d&#8217;electroluminescence, des pixels de haute capacit\u00e9, une plage dynamique large, une tr\u00e8s grande sensibilit\u00e9 dans le proche infrarouge et un bruit de lecture tr\u00e8s faible<\/strong>.<\/p>\n<figure><img decoding=\"async\" title=\"ZWO-ASI662MC-caracteristiques.png\" src=\"https:\/\/www.telescopes-et-accessoires.fr\/img\/cms\/photos\/fiches\/ZWO-ASI662MC-caracteristiques.png\" \/><figcaption>Caract\u00e9ristiques principales de la cam\u00e9ra ZWO ASI662MC<\/figcaption><\/figure>\n<p>Avec son capteur couleur au format 1\/2.8&#8243;, la cam\u00e9ra ZWO ASI662MC est\u00a0<strong>adapt\u00e9e \u00e0 l&#8217;imagerie plan\u00e9taire<\/strong>\u00a0\u00e0 haute vitesse d&#8217;acquisition. Vous obtiendrez ainsi de magnifiques photographies des plan\u00e8tes, en couleur, tout en vous affranchissant des al\u00e9as de la turbulence atmosph\u00e9rique. Gr\u00e2ce \u00e0 sa sensibilit\u00e9 aux faibles lumi\u00e8res, la 662MC donne d&#8217;excellents r\u00e9sultats en\u00a0<strong>visuel assist\u00e9<\/strong>\u00a0ou en imagerie du ciel profond suivant la technique du\u00a0<strong>&#8220;lucky imaging&#8221;<\/strong>\u00a0(acquisition rapide en rafale puis empilage de tr\u00e8s nombreuses images du ciel profond).<\/p>\n<figure><img decoding=\"async\" title=\"ZWO-ASI662MC-capteur.webp\" src=\"https:\/\/www.telescopes-et-accessoires.fr\/img\/cms\/photos\/fiches\/ZWO-ASI662MC-capteur.webp\" \/><\/figure>\n<h4>Performances du capteur<\/h4>\n<p>Con\u00e7u par Sony pour des applications de surveillance et de s\u00e9curit\u00e9, le capteur IMX662 est b\u00e2ti sur l&#8217;architecture techinque STARVIS 2. Cette derni\u00e8re int\u00e8gre de puissantes fonctionnalit\u00e9s permettant l&#8217;obtention d&#8217;images lumineuses et contrast\u00e9es, avec une dynamique importante, y compris dans des conditions d&#8217;\u00e9clairage extr\u00eamement limit\u00e9es. La plus importante est l&#8217;utilisation d&#8217;une structure opto-\u00e9lectronique dite\u00a0<strong>&#8220;back-illuminated&#8221;<\/strong>\u00a0(ou BSI, Backside Illumination sensor). Toute l&#8217;\u00e9lectronique du capteur est plac\u00e9e sous les photosites ; la distance \u00e0 franchir par la lumi\u00e8re dans le capteur est r\u00e9duite, ainsi que le blocage des photons par les \u00e9l\u00e9ments \u00e9lectroniques non photosensibles. La sensibilit\u00e9 est tr\u00e8s fortement augment\u00e9e, m\u00eame en condition de tr\u00e8s faible luminosit\u00e9. Le capteur se r\u00e9v\u00e8le aussi extr\u00eamement efficace dans le proche infrarouge (NIR), une bande spectrale pris\u00e9e par les astrophotographes plan\u00e9taires pour sa sensibilit\u00e9 moindre \u00e0 la turbulence atmosph\u00e9rique. Cette structure \u00e9tag\u00e9e permet de placer davantage d&#8217;\u00e9lectronique dans le capteur lui-m\u00eame, telle que les ADC, minimisant ainsi les artefacts et le bruit.<\/p>\n<p>En comparaison des anciennes g\u00e9n\u00e9rations de capteurs Sony, l&#8217;IMX662 offre un bruit de lecture tr\u00e8s faible et des pixels \u00e0 forte capacit\u00e9, 3 fois plus importante que celle du capteur IMX462, par exemple. Cette capacit\u00e9 accrue diminue les risques de surexposition et permet d&#8217;effectuer des poses plus longues. Il devient donc possible de photographier des objets c\u00e9lestes faibles en quelques secondes sans pour autant faire trop monter le bruit. Ajoutez \u00e0 cela un courant d&#8217;obscurit\u00e9 r\u00e9duit, plusieurs fois plus faible que celui de l&#8217;ASI174MC, par exemple, et vous obtenez une solution id\u00e9ale pour le visuel assist\u00e9 ou l&#8217;imagerie du ciel profond en rafale.<\/p>\n<p>Le rendement quantique et le bruit de lecture sont les deux param\u00e8tres les plus importants pour mesurer les performances d&#8217;une cam\u00e9ra. Un\u00a0<strong>haut rendement quantique<\/strong>\u00a0et un\u00a0<strong>faible bruit de lecture<\/strong>\u00a0sont des conditions n\u00e9cessaires \u00e0 l&#8217;am\u00e9lioration sensible du rapport signal\/bruit.<\/p>\n<figure><img decoding=\"async\" title=\"ZWO-ASI662MC-RQE.webp\" src=\"https:\/\/www.telescopes-et-accessoires.fr\/img\/cms\/photos\/fiches\/ZWO-ASI662MC-RQE.webp\" \/><figcaption>Rendement quantique \u00e9quivalent du capteur de la cam\u00e9ra couleur ASI662MC en fonction de la longueur d&#8217;onde<\/figcaption><\/figure>\n<p>Le bruit de lecture est la somme de plusieurs composantes : le bruit thermique des photosites, les bruits li\u00e9s \u00e0 l&#8217;\u00e9lectronique du capteur et le bruit de quantification issu des \u00e9tages de conversion analogique\/num\u00e9rique. Plus ce bruit de lecture est faible, meilleurs sont les r\u00e9dultats ; un travail technologique est donc r\u00e9alis\u00e9 \u00e0 chaque niveau afin de le r\u00e9duite au maximum. En sortie, la cam\u00e9ra int\u00e8gre un\u00a0<strong>dispositif HCG<\/strong>\u00a0(High Conversion Gain) qui peut r\u00e9duire le bruit de lecture \u00e0 gain \u00e9lev\u00e9 tout en conservant la grande dynamique que vous obtiendriez \u00e0 faible gain. Ce mode HCG s&#8217;active automatiquement d\u00e8s que le gain atteint 200.<\/p>\n<figure><img decoding=\"async\" title=\"ZWO-ASI662-courbes.webp\" src=\"https:\/\/www.telescopes-et-accessoires.fr\/img\/cms\/photos\/fiches\/ZW-662_01.webp\" \/><figcaption>Capacit\u00e9 du pixel, gain, gamme dynamique et bruit de lecture de la cam\u00e9ra ZWO ASI662MC<\/figcaption><\/figure>\n<h4>Comparaison entre ASI662MC et ASI462MC<\/h4>\n<p>La cam\u00e9ra ZWO ASI662MC est consid\u00e9r\u00e9e comme une \u00e9volution du mod\u00e8le ASI462MC avec, entre autres, des pixels de plus grande capacit\u00e9 et une absence d&#8217;\u00e9lectroluminescence. Le tableau ci-apr\u00e8s reprend les caract\u00e9ristiques principales des cam\u00e9ras ZWO ASI662MC et ASI462MC.<\/p>\n<figure><img decoding=\"async\" title=\"comparatif-662MC-462MC.png\" src=\"https:\/\/www.telescopes-et-accessoires.fr\/img\/cms\/photos\/fiches\/comparatif-662MC-462MC.png\" \/><figcaption>Comparatif des caract\u00e9ristiques principales des cam\u00e9ras ZWO ASI662MC et ASI462MC.<\/figcaption><\/figure>\n<h4>La m\u00e9canique de montage<\/h4>\n<p>L&#8217;ASI662MC poss\u00e8de un filetage d&#8217;entr\u00e9e de type M42 femelle ; le backfocus est de 12,5 mm. Un convertisseur m\u00e9canique M42 vers 31.75mm m\u00e2le est livr\u00e9, ainsi qu&#8217;un cordon USB de 2m de longueur et un cordon d&#8217;autoguidage ST4. ZWO offre aussi un objectif de 2.1mm de focale, de bonne facture. Ainsi \u00e9quip\u00e9e, la cam\u00e9ra peut donc aussi faire office de cam\u00e9ra All-View pour la surveillance du ciel.<\/p>\n<h4>Les logiciels<\/h4>\n<p>Comme pour la totalit\u00e9 des cam\u00e9ras de la marque ZWO, le principal logiciel de commande de la cam\u00e9ra et le plus complet est\u00a0<strong>ASIStudio<\/strong>, librement t\u00e9l\u00e9chargeable sur le site du fabricant ZWO. La marque propose aussi un SDK (Software Development Kit) gratuit de telle sorte que de nombreux logiciels, gratuits ou payants, prennent en charge nativement les cam\u00e9ras ZWO : Prism, NINA, FireCapture, MaximDL, SharpCap, PHD2, AllSkEye, etc. Nous vous invitons \u00e0 vous reporter aux documentations sp\u00e9cifiques de ces logiciels pour conna\u00eetre leur niveau de compatibilit\u00e9 ou \u00e0 visiter le site Internet ZWO pour en obtenir une liste exhaustive.<\/p>\n<p>ZWO propose aussi\u00a0<strong>un pilote unifi\u00e9 ASCOM<\/strong>\u00a0pour le pilotage de tous ses accessoires au travers de la plateforme ASCOM\/Alpaca. Ce pilote est librement t\u00e9l\u00e9chargeable sur le site de ZWO.<\/p>\n<p>Pour les utilisateurs Linux et Mac,\u00a0<strong>des pilotes Indi ou Indigo<\/strong>\u00a0sont gratuits et disponibles sur les sites Internet de ces plateformes. Le pilotage s&#8217;effectue ensuite par l&#8217;interm\u00e9diaire des logiciels KStars\/Ekos (sous Linux) et AstroImager\/AstroTelescope propos\u00e9s par l&#8217;\u00e9diteur CloudMakers (sous Mac).<\/p>\n<p>Enfin, les cam\u00e9ras ZWO sont accessibles par le biais de pilotes vid\u00e9os comme DirectShow ou TWAIN. Pour plus de d\u00e9tails, visitez le site Internet ZWO.<\/p>\n<p>&nbsp;<\/p>\n<p>&nbsp;<\/p>\n<h3>\u00c9l\u00e9ments Livr\u00e9s<\/h3>\n<p>Contenu du produit<\/p>\n<ul>\n<li>1x Cam\u00e9ra couleur ZWO ASI662MC<\/li>\n<li>1x Objectif fish-eye CCTV 2.1 mm<\/li>\n<li>1x Cordon USB3 (2m)<\/li>\n<li>1 cordon d&#8217;autoguidage ST4<\/li>\n<li>1x Adaptateur M42x0.75 m\u00e2le vers coulant 31.75 mm m\u00e2le, avec bouchon<\/li>\n<\/ul>\n<p>&nbsp;<\/p>\n","protected":false},"excerpt":{"rendered":"<h4>Tableaux des caract\u00e9ristiques<\/h4>\n<h4>Caract\u00e9ristiques \u00e9lectroniques<\/h4>\n<table class=\"table-responsive\">\n<thead>\n<tr>\n<th>Caract\u00e9ristique<\/th>\n<td>Cam\u00e9ra ZWO ASI662MC<\/td>\n<\/tr>\n<\/thead>\n<tbody>\n<tr>\n<td class=\"titresection\" colspan=\"2\">Capteur<\/td>\n<\/tr>\n<tr>\n<th>Capteur<\/th>\n<td>CMOS Sony IMX662<\/td>\n<\/tr>\n<tr>\n<th>Type de capteur<\/th>\n<td>Couleurs<\/td>\n<\/tr>\n<tr>\n<th>Format du capteur<\/th>\n<td>1\/2.8&#8243;<\/td>\n<\/tr>\n<tr>\n<th>Taille de la matrice<\/th>\n<td>1920 x 1080 px<\/td>\n<\/tr>\n<tr>\n<th>Dimensions d&#8217;un pixel<\/th>\n<td>2.9 x 2.9 \u00b5m<\/td>\n<\/tr>\n<tr>\n<th>Dimensions de la matrice<\/th>\n<td>5.6 x 3.1 mm (diagonale : 6.45mm)<\/td>\n<\/tr>\n<tr>\n<th>Capacit\u00e9 du pixel<\/th>\n<td>37 800 e-<\/td>\n<\/tr>\n<tr>\n<td class=\"titresection\" colspan=\"2\">Electronique<\/td>\n<\/tr>\n<tr>\n<th>Convertisseur A\/N<\/th>\n<td>12 bits<\/td>\n<\/tr>\n<tr>\n<th>Gain<\/th>\n<td>9.23 e-\/ADU<\/td>\n<\/tr>\n<tr>\n<th>Bruit de lecture<\/th>\n<td>0.8 \u00e0 6.9 e-<\/td>\n<\/tr>\n<tr>\n<th>Obturateur<\/th>\n<td>Electronique, type &#8220;Rolling shutter&#8221;<\/td>\n<\/tr>\n<tr>\n<th>Plage de temps de pose<\/th>\n<td>32\u00b5s \u00e0 2000s<\/td>\n<\/tr>\n<tr>\n<td class=\"titresection\" colspan=\"2\">Refroidissement<\/td>\n<\/tr>\n<tr>\n<th>Type de refroidissement<\/th>\n<td>Passif<\/td>\n<\/tr>\n<tr>\n<th>R\u00e9gulation du refroidissement<\/th>\n<td>Non<\/td>\n<\/tr>\n<tr>\n<th>Refroidissement par eau<\/th>\n<td>Non<\/td>\n<\/tr>\n<tr>\n<td class=\"titresection\" colspan=\"2\">Connectique<\/td>\n<\/tr>\n<tr>\n<th>Interface informatique<\/th>\n<td>USB 3.0 Type-B SuperSpeed<\/td>\n<\/tr>\n<tr>\n<th>Interface d&#8217;autoguidage<\/th>\n<td>Oui. RJ12 compatible ST4<\/td>\n<\/tr>\n<tr>\n<th>Interfaces additionnelles<\/th>\n<td>Aucune<\/td>\n<\/tr>\n<tr>\n<th>Alimentation \u00e9lectrique<\/th>\n<td>5V, par le port USB<\/td>\n<\/tr>\n<\/tbody>\n<\/table>\n<h4>Caract\u00e9ristiques m\u00e9caniques<\/h4>\n<table class=\"table-responsive\">\n<thead>\n<tr>\n<th>Caract\u00e9ristique<\/th>\n<td>Cam\u00e9ra ZWO ASI662MC<\/td>\n<\/tr>\n<\/thead>\n<tbody>\n<tr>\n<th>Backfocus<\/th>\n<td>12.5 mm<\/td>\n<\/tr>\n<tr>\n<th>Entr\u00e9e m\u00e9canique<\/th>\n<td>Filetage M42x0.75 femelle<\/td>\n<\/tr>\n<tr>\n<th>Hublot de protection<\/th>\n<td>Vitre anti-IR D21<\/td>\n<\/tr>\n<tr>\n<th>Dimensions (dia. x H)<\/th>\n<td>62mm x 37.1mm<\/td>\n<\/tr>\n<tr>\n<th>Poids<\/th>\n<td>126g<\/td>\n<\/tr>\n<\/tbody>\n<\/table>\n<h4>Sch\u00e9mas<\/h4>\n<figure><img decoding=\"async\" title=\"ZWO-ASI662MC-schema.webp\" src=\"https:\/\/www.telescopes-et-accessoires.fr\/img\/cms\/photos\/fiches\/ZWO-ASI662MC-schema.webp\" \/><figcaption>Dimensions et cotes de la cam\u00e9ra ZWO ASI662MC<\/figcaption><\/figure>\n","protected":false},"featured_media":11121,"template":"","meta":{"_editorskit_title_hidden":false,"_editorskit_reading_time":0,"_editorskit_is_block_options_detached":false,"_editorskit_block_options_position":"{}","_coblocks_attr":"","_coblocks_dimensions":"","_coblocks_responsive_height":"","_coblocks_accordion_ie_support":"","_crdt_document":"","_monsterinsights_skip_tracking":false,"_monsterinsights_sitenote_active":false,"_monsterinsights_sitenote_note":"","_monsterinsights_sitenote_category":0},"product_brand":[206],"product_cat":[18,150],"product_tag":[],"class_list":{"0":"post-11119","1":"product","2":"type-product","3":"status-publish","4":"has-post-thumbnail","6":"product_brand-zwo","7":"product_cat-astrophotographie","8":"product_cat-ccd-cameras","10":"first","11":"instock","12":"shipping-taxable","13":"purchasable","14":"product-type-simple"},"yoast_head":"<!-- This site is optimized with the Yoast SEO plugin v27.3 - https:\/\/yoast.com\/product\/yoast-seo-wordpress\/ -->\n<title>Cam\u00e9ra couleurs ZWO ASI662MC - Astroshop Maroc<\/title>\n<meta name=\"robots\" content=\"index, follow, max-snippet:-1, max-image-preview:large, max-video-preview:-1\" \/>\n<link rel=\"canonical\" href=\"https:\/\/astroshop.ma\/?product=camera-couleurs-zwo-asi662mc\" \/>\n<meta property=\"og:locale\" content=\"en_US\" \/>\n<meta property=\"og:type\" content=\"article\" \/>\n<meta property=\"og:title\" content=\"Cam\u00e9ra couleurs ZWO ASI662MC - Astroshop Maroc\" \/>\n<meta property=\"og:description\" content=\"Tableaux des caract\u00e9ristiques Caract\u00e9ristiques \u00e9lectroniques    Caract\u00e9ristique Cam\u00e9ra ZWO ASI662MC     Capteur   Capteur CMOS Sony IMX662   Type de capteur Couleurs   Format du capteur 1\/2.8&quot;   Taille de la matrice 1920 x 1080 px   Dimensions d&#039;un pixel 2.9 x 2.9 \u00b5m   Dimensions de la matrice 5.6 x 3.1 mm (diagonale : 6.45mm)   Capacit\u00e9 du pixel 37 800 e-   Electronique   Convertisseur A\/N 12 bits   Gain 9.23 e-\/ADU   Bruit de lecture 0.8 \u00e0 6.9 e-   Obturateur Electronique, type &quot;Rolling shutter&quot;   Plage de temps de pose 32\u00b5s \u00e0 2000s   Refroidissement   Type de refroidissement Passif   R\u00e9gulation du refroidissement Non   Refroidissement par eau Non   Connectique   Interface informatique USB 3.0 Type-B SuperSpeed   Interface d&#039;autoguidage Oui. RJ12 compatible ST4   Interfaces additionnelles Aucune   Alimentation \u00e9lectrique 5V, par le port USB    Caract\u00e9ristiques m\u00e9caniques    Caract\u00e9ristique Cam\u00e9ra ZWO ASI662MC     Backfocus 12.5 mm   Entr\u00e9e m\u00e9canique Filetage M42x0.75 femelle   Hublot de protection Vitre anti-IR D21   Dimensions (dia. x H) 62mm x 37.1mm   Poids 126g    Sch\u00e9mas Dimensions et cotes de la cam\u00e9ra ZWO ASI662MC\" \/>\n<meta property=\"og:url\" content=\"https:\/\/astroshop.ma\/?product=camera-couleurs-zwo-asi662mc\" \/>\n<meta property=\"og:site_name\" content=\"Astroshop Maroc\" \/>\n<meta property=\"article:modified_time\" content=\"2026-02-03T09:59:06+00:00\" \/>\n<meta property=\"og:image\" content=\"https:\/\/astroshop.ma\/wp-content\/uploads\/2026\/02\/camera-couleurs-zwo-asi662mc_-1.jpg\" \/>\n\t<meta property=\"og:image:width\" content=\"800\" \/>\n\t<meta property=\"og:image:height\" content=\"800\" \/>\n\t<meta property=\"og:image:type\" content=\"image\/jpeg\" \/>\n<meta name=\"twitter:card\" content=\"summary_large_image\" \/>\n<meta name=\"twitter:label1\" content=\"Est. reading time\" \/>\n\t<meta name=\"twitter:data1\" content=\"6 minutes\" \/>\n<script type=\"application\/ld+json\" class=\"yoast-schema-graph\">{\"@context\":\"https:\\\/\\\/schema.org\",\"@graph\":[{\"@type\":\"WebPage\",\"@id\":\"https:\\\/\\\/astroshop.ma\\\/?product=camera-couleurs-zwo-asi662mc\",\"url\":\"https:\\\/\\\/astroshop.ma\\\/?product=camera-couleurs-zwo-asi662mc\",\"name\":\"Cam\u00e9ra couleurs ZWO ASI662MC - Astroshop Maroc\",\"isPartOf\":{\"@id\":\"https:\\\/\\\/astroshop.ma\\\/#website\"},\"primaryImageOfPage\":{\"@id\":\"https:\\\/\\\/astroshop.ma\\\/?product=camera-couleurs-zwo-asi662mc#primaryimage\"},\"image\":{\"@id\":\"https:\\\/\\\/astroshop.ma\\\/?product=camera-couleurs-zwo-asi662mc#primaryimage\"},\"thumbnailUrl\":\"https:\\\/\\\/astroshop.ma\\\/wp-content\\\/uploads\\\/2026\\\/02\\\/camera-couleurs-zwo-asi662mc_-1.jpg\",\"datePublished\":\"2026-02-03T09:57:21+00:00\",\"dateModified\":\"2026-02-03T09:59:06+00:00\",\"breadcrumb\":{\"@id\":\"https:\\\/\\\/astroshop.ma\\\/?product=camera-couleurs-zwo-asi662mc#breadcrumb\"},\"inLanguage\":\"en-US\",\"potentialAction\":[{\"@type\":\"ReadAction\",\"target\":[\"https:\\\/\\\/astroshop.ma\\\/?product=camera-couleurs-zwo-asi662mc\"]}]},{\"@type\":\"ImageObject\",\"inLanguage\":\"en-US\",\"@id\":\"https:\\\/\\\/astroshop.ma\\\/?product=camera-couleurs-zwo-asi662mc#primaryimage\",\"url\":\"https:\\\/\\\/astroshop.ma\\\/wp-content\\\/uploads\\\/2026\\\/02\\\/camera-couleurs-zwo-asi662mc_-1.jpg\",\"contentUrl\":\"https:\\\/\\\/astroshop.ma\\\/wp-content\\\/uploads\\\/2026\\\/02\\\/camera-couleurs-zwo-asi662mc_-1.jpg\",\"width\":800,\"height\":800},{\"@type\":\"BreadcrumbList\",\"@id\":\"https:\\\/\\\/astroshop.ma\\\/?product=camera-couleurs-zwo-asi662mc#breadcrumb\",\"itemListElement\":[{\"@type\":\"ListItem\",\"position\":1,\"name\":\"Home\",\"item\":\"https:\\\/\\\/astroshop.ma\\\/\"},{\"@type\":\"ListItem\",\"position\":2,\"name\":\"Shop\",\"item\":\"https:\\\/\\\/astroshop.ma\\\/?page_id=394\"},{\"@type\":\"ListItem\",\"position\":3,\"name\":\"Cam\u00e9ra couleurs ZWO ASI662MC\"}]},{\"@type\":\"WebSite\",\"@id\":\"https:\\\/\\\/astroshop.ma\\\/#website\",\"url\":\"https:\\\/\\\/astroshop.ma\\\/\",\"name\":\"Astroshop Maroc\",\"description\":\"Des instruments astronomiques pour chaque astronome au Maroc\",\"publisher\":{\"@id\":\"https:\\\/\\\/astroshop.ma\\\/#organization\"},\"potentialAction\":[{\"@type\":\"SearchAction\",\"target\":{\"@type\":\"EntryPoint\",\"urlTemplate\":\"https:\\\/\\\/astroshop.ma\\\/?s={search_term_string}\"},\"query-input\":{\"@type\":\"PropertyValueSpecification\",\"valueRequired\":true,\"valueName\":\"search_term_string\"}}],\"inLanguage\":\"en-US\"},{\"@type\":\"Organization\",\"@id\":\"https:\\\/\\\/astroshop.ma\\\/#organization\",\"name\":\"Astroshop Maroc\",\"url\":\"https:\\\/\\\/astroshop.ma\\\/\",\"logo\":{\"@type\":\"ImageObject\",\"inLanguage\":\"en-US\",\"@id\":\"https:\\\/\\\/astroshop.ma\\\/#\\\/schema\\\/logo\\\/image\\\/\",\"url\":\"https:\\\/\\\/astroshop.ma\\\/wp-content\\\/uploads\\\/2025\\\/12\\\/M20_Logo_1.jpg\",\"contentUrl\":\"https:\\\/\\\/astroshop.ma\\\/wp-content\\\/uploads\\\/2025\\\/12\\\/M20_Logo_1.jpg\",\"width\":501,\"height\":334,\"caption\":\"Astroshop Maroc\"},\"image\":{\"@id\":\"https:\\\/\\\/astroshop.ma\\\/#\\\/schema\\\/logo\\\/image\\\/\"}}]}<\/script>\n<!-- \/ Yoast SEO plugin. -->","yoast_head_json":{"title":"Cam\u00e9ra couleurs ZWO ASI662MC - Astroshop Maroc","robots":{"index":"index","follow":"follow","max-snippet":"max-snippet:-1","max-image-preview":"max-image-preview:large","max-video-preview":"max-video-preview:-1"},"canonical":"https:\/\/astroshop.ma\/?product=camera-couleurs-zwo-asi662mc","og_locale":"en_US","og_type":"article","og_title":"Cam\u00e9ra couleurs ZWO ASI662MC - Astroshop Maroc","og_description":"Tableaux des caract\u00e9ristiques Caract\u00e9ristiques \u00e9lectroniques    Caract\u00e9ristique Cam\u00e9ra ZWO ASI662MC     Capteur   Capteur CMOS Sony IMX662   Type de capteur Couleurs   Format du capteur 1\/2.8\"   Taille de la matrice 1920 x 1080 px   Dimensions d'un pixel 2.9 x 2.9 \u00b5m   Dimensions de la matrice 5.6 x 3.1 mm (diagonale : 6.45mm)   Capacit\u00e9 du pixel 37 800 e-   Electronique   Convertisseur A\/N 12 bits   Gain 9.23 e-\/ADU   Bruit de lecture 0.8 \u00e0 6.9 e-   Obturateur Electronique, type \"Rolling shutter\"   Plage de temps de pose 32\u00b5s \u00e0 2000s   Refroidissement   Type de refroidissement Passif   R\u00e9gulation du refroidissement Non   Refroidissement par eau Non   Connectique   Interface informatique USB 3.0 Type-B SuperSpeed   Interface d'autoguidage Oui. RJ12 compatible ST4   Interfaces additionnelles Aucune   Alimentation \u00e9lectrique 5V, par le port USB    Caract\u00e9ristiques m\u00e9caniques    Caract\u00e9ristique Cam\u00e9ra ZWO ASI662MC     Backfocus 12.5 mm   Entr\u00e9e m\u00e9canique Filetage M42x0.75 femelle   Hublot de protection Vitre anti-IR D21   Dimensions (dia. x H) 62mm x 37.1mm   Poids 126g    Sch\u00e9mas Dimensions et cotes de la cam\u00e9ra ZWO ASI662MC","og_url":"https:\/\/astroshop.ma\/?product=camera-couleurs-zwo-asi662mc","og_site_name":"Astroshop Maroc","article_modified_time":"2026-02-03T09:59:06+00:00","og_image":[{"width":800,"height":800,"url":"https:\/\/astroshop.ma\/wp-content\/uploads\/2026\/02\/camera-couleurs-zwo-asi662mc_-1.jpg","type":"image\/jpeg"}],"twitter_card":"summary_large_image","twitter_misc":{"Est. reading time":"6 minutes"},"schema":{"@context":"https:\/\/schema.org","@graph":[{"@type":"WebPage","@id":"https:\/\/astroshop.ma\/?product=camera-couleurs-zwo-asi662mc","url":"https:\/\/astroshop.ma\/?product=camera-couleurs-zwo-asi662mc","name":"Cam\u00e9ra couleurs ZWO ASI662MC - Astroshop Maroc","isPartOf":{"@id":"https:\/\/astroshop.ma\/#website"},"primaryImageOfPage":{"@id":"https:\/\/astroshop.ma\/?product=camera-couleurs-zwo-asi662mc#primaryimage"},"image":{"@id":"https:\/\/astroshop.ma\/?product=camera-couleurs-zwo-asi662mc#primaryimage"},"thumbnailUrl":"https:\/\/astroshop.ma\/wp-content\/uploads\/2026\/02\/camera-couleurs-zwo-asi662mc_-1.jpg","datePublished":"2026-02-03T09:57:21+00:00","dateModified":"2026-02-03T09:59:06+00:00","breadcrumb":{"@id":"https:\/\/astroshop.ma\/?product=camera-couleurs-zwo-asi662mc#breadcrumb"},"inLanguage":"en-US","potentialAction":[{"@type":"ReadAction","target":["https:\/\/astroshop.ma\/?product=camera-couleurs-zwo-asi662mc"]}]},{"@type":"ImageObject","inLanguage":"en-US","@id":"https:\/\/astroshop.ma\/?product=camera-couleurs-zwo-asi662mc#primaryimage","url":"https:\/\/astroshop.ma\/wp-content\/uploads\/2026\/02\/camera-couleurs-zwo-asi662mc_-1.jpg","contentUrl":"https:\/\/astroshop.ma\/wp-content\/uploads\/2026\/02\/camera-couleurs-zwo-asi662mc_-1.jpg","width":800,"height":800},{"@type":"BreadcrumbList","@id":"https:\/\/astroshop.ma\/?product=camera-couleurs-zwo-asi662mc#breadcrumb","itemListElement":[{"@type":"ListItem","position":1,"name":"Home","item":"https:\/\/astroshop.ma\/"},{"@type":"ListItem","position":2,"name":"Shop","item":"https:\/\/astroshop.ma\/?page_id=394"},{"@type":"ListItem","position":3,"name":"Cam\u00e9ra couleurs ZWO ASI662MC"}]},{"@type":"WebSite","@id":"https:\/\/astroshop.ma\/#website","url":"https:\/\/astroshop.ma\/","name":"Astroshop Maroc","description":"Des instruments astronomiques pour chaque astronome au Maroc","publisher":{"@id":"https:\/\/astroshop.ma\/#organization"},"potentialAction":[{"@type":"SearchAction","target":{"@type":"EntryPoint","urlTemplate":"https:\/\/astroshop.ma\/?s={search_term_string}"},"query-input":{"@type":"PropertyValueSpecification","valueRequired":true,"valueName":"search_term_string"}}],"inLanguage":"en-US"},{"@type":"Organization","@id":"https:\/\/astroshop.ma\/#organization","name":"Astroshop Maroc","url":"https:\/\/astroshop.ma\/","logo":{"@type":"ImageObject","inLanguage":"en-US","@id":"https:\/\/astroshop.ma\/#\/schema\/logo\/image\/","url":"https:\/\/astroshop.ma\/wp-content\/uploads\/2025\/12\/M20_Logo_1.jpg","contentUrl":"https:\/\/astroshop.ma\/wp-content\/uploads\/2025\/12\/M20_Logo_1.jpg","width":501,"height":334,"caption":"Astroshop Maroc"},"image":{"@id":"https:\/\/astroshop.ma\/#\/schema\/logo\/image\/"}}]}},"_links":{"self":[{"href":"https:\/\/astroshop.ma\/index.php?rest_route=\/wp\/v2\/product\/11119","targetHints":{"allow":["GET"]}}],"collection":[{"href":"https:\/\/astroshop.ma\/index.php?rest_route=\/wp\/v2\/product"}],"about":[{"href":"https:\/\/astroshop.ma\/index.php?rest_route=\/wp\/v2\/types\/product"}],"wp:featuredmedia":[{"embeddable":true,"href":"https:\/\/astroshop.ma\/index.php?rest_route=\/wp\/v2\/media\/11121"}],"wp:attachment":[{"href":"https:\/\/astroshop.ma\/index.php?rest_route=%2Fwp%2Fv2%2Fmedia&parent=11119"}],"wp:term":[{"taxonomy":"product_brand","embeddable":true,"href":"https:\/\/astroshop.ma\/index.php?rest_route=%2Fwp%2Fv2%2Fproduct_brand&post=11119"},{"taxonomy":"product_cat","embeddable":true,"href":"https:\/\/astroshop.ma\/index.php?rest_route=%2Fwp%2Fv2%2Fproduct_cat&post=11119"},{"taxonomy":"product_tag","embeddable":true,"href":"https:\/\/astroshop.ma\/index.php?rest_route=%2Fwp%2Fv2%2Fproduct_tag&post=11119"}],"curies":[{"name":"wp","href":"https:\/\/api.w.org\/{rel}","templated":true}]}}