{"id":11114,"date":"2026-02-03T09:40:14","date_gmt":"2026-02-03T09:40:14","guid":{"rendered":"https:\/\/astroshop.ma\/?post_type=product&#038;p=11114"},"modified":"2026-02-03T09:48:48","modified_gmt":"2026-02-03T09:48:48","slug":"camera-monochrome-zwo-asi120mm-mini","status":"publish","type":"product","link":"https:\/\/astroshop.ma\/?product=camera-monochrome-zwo-asi120mm-mini","title":{"rendered":"Cam\u00e9ra monochrome ZWO ASI120MM Mini"},"content":{"rendered":"<h4>Tout savoir sur la cam\u00e9ra monochrome ASI120MM Mini<\/h4>\n<p>Dans un souci permanent de r\u00e9pondre aux demandes des astrophotographes, la soci\u00e9t\u00e9 ZWO (Zhen Wang Optical) propose\u00a0<strong>des cam\u00e9ras miniatures pour l&#8217;autoguidage avec sa gamme baptis\u00e9 &#8220;Mini&#8221;<\/strong>. La cam\u00e9ra de guidage ASI120MM Mini est \u00e9quip\u00e9e du capteur AR130CS de 1.2 millions de pixels (1280 x 960 px), disposant de pixels de 3.75\u00b5, identique \u00e0 celui de la cam\u00e9ra ASI120MM. Le transfert s&#8217;effectue en USB 2.0 sur la version Mini et en USB 3.0 sur la version classique ; la vitesse maximale de prise de vues est donc r\u00e9duite.<\/p>\n<p>Avec sa forme et la taille d&#8217;un oculaire,\u00a0<strong>cette cam\u00e9ra peut \u00e9galement \u00eatre utilis\u00e9e comme &#8220;oeil&#8221; \u00e9lectronique, filmant \u00e0 une cadence de 35 img\/s en r\u00e9solution maximum<\/strong>.<\/p>\n<figure><img decoding=\"async\" title=\"ZWO-ASI120Mini-caracteristiques.png\" src=\"https:\/\/www.telescopes-et-accessoires.fr\/img\/cms\/photos\/fiches\/ZWO-ASI120mini-caracteristiques.webp\" \/><figcaption>Caract\u00e9ristiques principales de la cam\u00e9ra ZWO ASI120MM Mini<\/figcaption><\/figure>\n<h4>Les performances en astrophotographie<\/h4>\n<p>La cam\u00e9ra ZWO ASI120MM Mini offre de tr\u00e8s bonnes performances aussi bien en imagerie plan\u00e9taire qu&#8217;en guidage. Un bruit de lecture faible, une grande dynamique, un hublot trait\u00e9 anti-reflet sont autant de caract\u00e9ristiques qui la distingue de la concurrence.<\/p>\n<figure><img decoding=\"async\" title=\"ZWO-ASI120-courbes.jpg\" src=\"https:\/\/www.telescopes-et-accessoires.fr\/img\/cms\/photos\/fiches\/ZWO-ASI120-courbes.webp\" \/><figcaption>Capacit\u00e9 du pixel, gain, gamme dynamique et bruit de lecture de la cam\u00e9ra ZWO ASI120<\/figcaption><\/figure>\n<figure><img decoding=\"async\" title=\"ZWASI120MM-S-RQE.png\" src=\"https:\/\/www.telescopes-et-accessoires.fr\/img\/cms\/photos\/fiches\/ZWASI120MM-S-RQE.webp\" \/><figcaption>Rendement quantique du capteur de la cam\u00e9ra monochrome ASI120MM-S en fonction de la longueur d&#8217;onde<\/figcaption><\/figure>\n<h4>ASI120MM Mini vs ASI120MM-S<\/h4>\n<p>La cam\u00e9ra ZWO ASI120MM Mini poss\u00e8de un design plus \u00e9pur\u00e9 que le mod\u00e8le ASI120MM-S. Elle est aussi plus l\u00e9g\u00e8re et peut s&#8217;ins\u00e9rer dans un porte-oculaire au coulant 31,75 mm comme le ferait un oculaire classique. Vous pouvez donc faire la mise au point \u00e0 l&#8217;oculaire puis ins\u00e9rer la cam\u00e9ra \u00e0 sa place en ayant un minimum de retouche \u00e0 effectuer.<\/p>\n<figure><img decoding=\"async\" title=\"ASI120minivsASI120mmmc.jpg\" src=\"https:\/\/www.telescopes-et-accessoires.fr\/img\/cms\/photos\/fiches\/ASI120minivsASI120mmmc.webp\" \/><figcaption>Comparaison entre ASI120MM Mini et ASI120MM-S<\/figcaption><\/figure>\n<h4>Le guidage avec l&#8217;ASI120MM Mini<\/h4>\n<p>La sensibilit\u00e9 a \u00e9t\u00e9 le facteur principal pris en compte par ZWO lors du d\u00e9veloppement de ses cam\u00e9ras de guidage. Il s&#8217;agit d&#8217;une caract\u00e9ristique primordiale lorsque l&#8217;on cherche une \u00e9toile guide. Le choix s&#8217;est donc port\u00e9 sur\u00a0<strong>un capteur monochrome, plus sensible et offrant une meilleure r\u00e9solution qu&#8217;un capteur couleur<\/strong>. Avec un rendement quantique voisin de 80%, le capteur de l&#8217;ASI120 permet de d\u00e9tecter de nombreuses \u00e9toiles de guidage potentielles avec un temps de pose r\u00e9duit.<\/p>\n<p>L&#8217;ASI120MM Mini est con\u00e7u pour l&#8217;initiation. Plus abordable que les ASI290MM Mini et ASI174MM Mini, elle est l\u00e9g\u00e8re, compacte et robuste. L&#8217;\u00e9chantillonnage obtenu avec ses pixels de 3,75 \u00b5m la rend tr\u00e8s polyvalente, quel que soit votre instrument de guidage.\u00a0<strong>Si vous recherchez votre premi\u00e8re cam\u00e9ra d&#8217;autoguidage, la ZWO ASI120MM Mini est un excellent choix.<\/strong><\/p>\n<figure><img decoding=\"async\" title=\"ZWO-ASI120MM-Mini-faces.jpg\" src=\"https:\/\/www.telescopes-et-accessoires.fr\/img\/cms\/photos\/fiches\/ZWO-ASI120MM-Mini-faces.webp\" \/><figcaption>Les faces avant et arri\u00e8re de la cam\u00e9ra de guidage ZWO ASI120MM Mini<\/figcaption><\/figure>\n<p>La connexion et l&#8217;alimentation de la cam\u00e9ra s&#8217;effectuent par un\u00a0<strong>port USB 2.0 type-C<\/strong>\u00a0situ\u00e9 sur la face arri\u00e8re. Elle dispose aussi d&#8217;un\u00a0<strong>port d&#8217;autoguidage RJ12 compatible ST4<\/strong>\u00a0; le branchement sur les montures est direct. Vous avez le choix de guider, soit en passant par le port ST4 (recommand\u00e9), soit en passant par l&#8217;interm\u00e9diaire de l&#8217;ordinateur en mode Pulse Guide.<\/p>\n<h4>Les diff\u00e9rents montages<\/h4>\n<p><strong>Le montage classique consiste \u00e0 ins\u00e9rer la cam\u00e9ra dans un porte-oculaire au coulant 1.25&#8243; (31,75 mm)<\/strong>. C&#8217;est tout ! La nettet\u00e9 de l&#8217;image s&#8217;effectue par le syst\u00e8me de mise au point de l&#8217;instrument et\/ou en faisant coulisser la cam\u00e9ra dans le porte-oculaire. Un tube allonge de 22 mm de longueur est fourni en cas de besoin ; il se visse \u00e0 l&#8217;extr\u00e9mit\u00e9 de la cam\u00e9ra. Le filetage de sortie est M28.5&#215;0.6, identique \u00e0 celui des filtres 31,75 mm.<\/p>\n<p>Il est possible de visser un objectif CCTV optionnel \u00e0 l&#8217;avant de la cam\u00e9ra si vous souhaitez la transformer en cam\u00e9ra de surveillance du ciel, par exemple. Dans ce cas, selon le type de filetage de l&#8217;objectif (C ou CS), vous devrez utiliser une ou plusieurs bagues de conversion.<\/p>\n<figure><img decoding=\"async\" title=\"montages-ASI120MM-MINI.png\" src=\"https:\/\/www.telescopes-et-accessoires.fr\/img\/cms\/photos\/fiches\/montages-ASI120MM-MINI.webp\" \/><figcaption>Quelques montages sur la cam\u00e9ra ZWO ASI120MM Mini<\/figcaption><\/figure>\n<h4>Les logiciels<\/h4>\n<p>Comme pour la totalit\u00e9 des cam\u00e9ras de la marque ZWO, le principal logiciel de commande de la cam\u00e9ra et le plus complet est\u00a0<strong>ASIStudio<\/strong>, librement t\u00e9l\u00e9chargeable sur le site du fabricant ZWO. La marque propose aussi un SDK (Software Development Kit) gratuit de telle sorte que de nombreux logiciels, gratuits ou payants, prennent en charge nativement les cam\u00e9ras ZWO : Prism, NINA, FireCapture, MaximDL, SharpCap, PHD2, AllSkEye, etc. Nous vous invitons \u00e0 vous reporter aux documentations sp\u00e9cifiques de ces logiciels pour conna\u00eetre leur niveau de compatibilit\u00e9 ou \u00e0 visiter le site Internet ZWO pour en obtenir une liste exhaustive.<\/p>\n<p>ZWO propose aussi\u00a0<strong>un pilote unifi\u00e9 ASCOM<\/strong>\u00a0pour le pilotage de tous ses accessoires au travers de la plateforme ASCOM\/Alpaca. Ce pilote est librement t\u00e9l\u00e9chargeable sur le site de ZWO.<\/p>\n<p>Pour les utilisateurs Linux et Mac,\u00a0<strong>des pilotes Indi ou Indigo<\/strong>\u00a0sont gratuits et disponibles sur les sites Internet de ces plateformes. Le pilotage s&#8217;effectue ensuite par l&#8217;interm\u00e9diaire des logiciels KStars\/Ekos (sous Linux) et AstroImager\/AstroTelescope propos\u00e9s par l&#8217;\u00e9diteur CloudMakers (sous Mac).<\/p>\n<p>Enfin, les cam\u00e9ras ZWO sont accessibles par le biais de pilotes vid\u00e9os comme DirectShow ou TWAIN. Pour plus de d\u00e9tails, visitez le site Internet ZWO.<\/p>\n<p>&nbsp;<\/p>\n<p>&nbsp;<\/p>\n<p>&nbsp;<\/p>\n<h3><strong>\u00c9l\u00e9ments Livr\u00e9s<\/strong><\/h3>\n<p>&nbsp;<\/p>\n<p>&nbsp;<\/p>\n<section class=\"product__more-infos__wrapper container-primary\">\n<div class=\"product__more-infos\">\n<div class=\"tabs\">\n<div id=\"tab-content\" class=\"tab-content tab-content-client\">\n<div id=\"tab-2\" class=\"tab-pane fade elementslivres js-product-tab-active active in\" role=\"tabpanel\" aria-expanded=\"true\">\n<div class=\"tab-pane_container\">\n<p>Contenu du produit<\/p>\n<ul>\n<li>1 cam\u00e9ra monochrome ZWO ASI120MM Mini<\/li>\n<li>1 tube allonge de 22 mm de longueur (filetage M28.5)<\/li>\n<li>1 cordon USB2.0 type-C (2 m)<\/li>\n<li>2 cordons USB2.0 type-C (50 cm)<\/li>\n<li>1 cordon d&#8217;autoguidage ST4<\/li>\n<li>1 adaptateur M28.5&#215;0.6 vers CS<\/li>\n<\/ul>\n<\/div>\n<\/div>\n<\/div>\n<\/div>\n<\/div>\n<\/section>\n<div class=\"product-accessories__bg product__grid__full-width__bg-section\"><\/div>\n","protected":false},"excerpt":{"rendered":"<h4>Tableaux des caract\u00e9ristiques<\/h4>\n<h4>Caract\u00e9ristiques \u00e9lectroniques<\/h4>\n<table class=\"table-responsive\">\n<thead>\n<tr>\n<th>Caract\u00e9ristique<\/th>\n<td>Cam\u00e9ra ZWO ASI120MM Mini<\/td>\n<\/tr>\n<\/thead>\n<tbody>\n<tr>\n<td class=\"titresection\" colspan=\"2\">Capteur<\/td>\n<\/tr>\n<tr>\n<th>Capteur<\/th>\n<td>CMOS On Semi AR0130CS<\/td>\n<\/tr>\n<tr>\n<th>Type de capteur<\/th>\n<td>Monochrome<\/td>\n<\/tr>\n<tr>\n<th>Format du capteur<\/th>\n<td>1\/3&#8243;<\/td>\n<\/tr>\n<tr>\n<th>Taille de la matrice<\/th>\n<td>1280 x 960 px<\/td>\n<\/tr>\n<tr>\n<th>Dimensions d&#8217;un pixel<\/th>\n<td>3,75 x 3,75 \u00b5m<\/td>\n<\/tr>\n<tr>\n<th>Dimensions de la matrice<\/th>\n<td>4,87 x 3,67 mm (diagonale : 6,1 mm)<\/td>\n<\/tr>\n<tr>\n<th>Capacit\u00e9 du pixel<\/th>\n<td>13 000 e-<\/td>\n<\/tr>\n<tr>\n<td class=\"titresection\" colspan=\"2\">Electronique<\/td>\n<\/tr>\n<tr>\n<th>Convertisseur A\/N<\/th>\n<td>12 bit<\/td>\n<\/tr>\n<tr>\n<th>Gain<\/th>\n<td>3,17 e-\/ADU<\/td>\n<\/tr>\n<tr>\n<th>Bruit de lecture<\/th>\n<td>4 e-<\/td>\n<\/tr>\n<tr>\n<th>Obturateur<\/th>\n<td>Electronique, type &#8220;Rolling shutter&#8221;<\/td>\n<\/tr>\n<tr>\n<th>Plage de temps de pose<\/th>\n<td>64\u00b5s \u00e0 1000s<\/td>\n<\/tr>\n<tr>\n<th>Vitesse d&#8217;acquisition maximale<\/th>\n<td>35 images\/sec, \u00e0 pleine r\u00e9solution (1280&#215;960)<\/td>\n<\/tr>\n<tr>\n<td class=\"titresection\" colspan=\"2\">Refroidissement<\/td>\n<\/tr>\n<tr>\n<th>Type de refroidissement<\/th>\n<td>Passif<\/td>\n<\/tr>\n<tr>\n<th>R\u00e9gulation du refroidissement<\/th>\n<td>Non<\/td>\n<\/tr>\n<tr>\n<th>Refroidissement par eau<\/th>\n<td>Non<\/td>\n<\/tr>\n<tr>\n<td class=\"titresection\" colspan=\"2\">Connectique<\/td>\n<\/tr>\n<tr>\n<th>Interface informatique<\/th>\n<td>USB 2.0 type-C<\/td>\n<\/tr>\n<tr>\n<th>Interface d&#8217;autoguidage<\/th>\n<td>Oui. RJ12 compatible ST4<\/td>\n<\/tr>\n<tr>\n<th>Interfaces additionnelles<\/th>\n<td>Aucune<\/td>\n<\/tr>\n<tr>\n<th>Alimentation \u00e9lectrique<\/th>\n<td>5V, par le port USB<\/td>\n<\/tr>\n<\/tbody>\n<\/table>\n<h4>Caract\u00e9ristiques m\u00e9caniques<\/h4>\n<table class=\"table-responsive\">\n<thead>\n<tr>\n<th>Caract\u00e9ristique<\/th>\n<td>Cam\u00e9ra ZWO ASI120MM Mini<\/td>\n<\/tr>\n<\/thead>\n<tbody>\n<tr>\n<th>Backfocus<\/th>\n<td>8,5 mm<\/td>\n<\/tr>\n<tr>\n<th>Entr\u00e9e m\u00e9canique<\/th>\n<td>Coulant 31,75 mm \/ filetage M28.5&#215;0.6 femelle<\/td>\n<\/tr>\n<tr>\n<th>Hublot de protection<\/th>\n<td>Vitre anti-reflet<\/td>\n<\/tr>\n<tr>\n<th>Dimensions (dia. x H)<\/th>\n<td>36mm x 61mm<\/td>\n<\/tr>\n<tr>\n<th>Poids<\/th>\n<td>60 g<\/td>\n<\/tr>\n<\/tbody>\n<\/table>\n<h4>Sch\u00e9mas<\/h4>\n<figure><img decoding=\"async\" title=\"ZWO-ASI120MM-mini-schema.jpg\" src=\"https:\/\/www.telescopes-et-accessoires.fr\/img\/cms\/photos\/fiches\/ZWO-ASI120MM-mini-schema.webp\" \/><figcaption>Dimensions et cotes de la cam\u00e9ra ZWO ASI120MM Mini<\/figcaption><\/figure>\n","protected":false},"featured_media":11118,"template":"","meta":{"_editorskit_title_hidden":false,"_editorskit_reading_time":0,"_editorskit_is_block_options_detached":false,"_editorskit_block_options_position":"{}","_coblocks_attr":"","_coblocks_dimensions":"","_coblocks_responsive_height":"","_coblocks_accordion_ie_support":"","_crdt_document":"","_monsterinsights_skip_tracking":false,"_monsterinsights_sitenote_active":false,"_monsterinsights_sitenote_note":"","_monsterinsights_sitenote_category":0},"product_brand":[206],"product_cat":[18,150],"product_tag":[],"class_list":{"0":"post-11114","1":"product","2":"type-product","3":"status-publish","4":"has-post-thumbnail","6":"product_brand-zwo","7":"product_cat-astrophotographie","8":"product_cat-ccd-cameras","10":"first","11":"instock","12":"shipping-taxable","13":"purchasable","14":"product-type-simple"},"yoast_head":"<!-- This site is optimized with the Yoast SEO plugin v27.3 - https:\/\/yoast.com\/product\/yoast-seo-wordpress\/ -->\n<title>Cam\u00e9ra monochrome ZWO ASI120MM Mini - Astroshop Maroc<\/title>\n<meta name=\"robots\" content=\"index, follow, max-snippet:-1, max-image-preview:large, max-video-preview:-1\" \/>\n<link rel=\"canonical\" href=\"https:\/\/astroshop.ma\/?product=camera-monochrome-zwo-asi120mm-mini\" \/>\n<meta property=\"og:locale\" content=\"en_US\" \/>\n<meta property=\"og:type\" content=\"article\" \/>\n<meta property=\"og:title\" content=\"Cam\u00e9ra monochrome ZWO ASI120MM Mini - Astroshop Maroc\" \/>\n<meta property=\"og:description\" content=\"Tableaux des caract\u00e9ristiques Caract\u00e9ristiques \u00e9lectroniques    Caract\u00e9ristique Cam\u00e9ra ZWO ASI120MM Mini     Capteur   Capteur CMOS On Semi AR0130CS   Type de capteur Monochrome   Format du capteur 1\/3&quot;   Taille de la matrice 1280 x 960 px   Dimensions d&#039;un pixel 3,75 x 3,75 \u00b5m   Dimensions de la matrice 4,87 x 3,67 mm (diagonale : 6,1 mm)   Capacit\u00e9 du pixel 13 000 e-   Electronique   Convertisseur A\/N 12 bit   Gain 3,17 e-\/ADU   Bruit de lecture 4 e-   Obturateur Electronique, type &quot;Rolling shutter&quot;   Plage de temps de pose 64\u00b5s \u00e0 1000s   Vitesse d&#039;acquisition maximale 35 images\/sec, \u00e0 pleine r\u00e9solution (1280x960)   Refroidissement   Type de refroidissement Passif   R\u00e9gulation du refroidissement Non   Refroidissement par eau Non   Connectique   Interface informatique USB 2.0 type-C   Interface d&#039;autoguidage Oui. RJ12 compatible ST4   Interfaces additionnelles Aucune   Alimentation \u00e9lectrique 5V, par le port USB    Caract\u00e9ristiques m\u00e9caniques    Caract\u00e9ristique Cam\u00e9ra ZWO ASI120MM Mini     Backfocus 8,5 mm   Entr\u00e9e m\u00e9canique Coulant 31,75 mm \/ filetage M28.5x0.6 femelle   Hublot de protection Vitre anti-reflet   Dimensions (dia. x H) 36mm x 61mm   Poids 60 g    Sch\u00e9mas Dimensions et cotes de la cam\u00e9ra ZWO ASI120MM Mini\" \/>\n<meta property=\"og:url\" content=\"https:\/\/astroshop.ma\/?product=camera-monochrome-zwo-asi120mm-mini\" \/>\n<meta property=\"og:site_name\" content=\"Astroshop Maroc\" \/>\n<meta property=\"article:modified_time\" content=\"2026-02-03T09:48:48+00:00\" \/>\n<meta property=\"og:image\" content=\"https:\/\/astroshop.ma\/wp-content\/uploads\/2026\/02\/camera-monochrome-zwo-asi120mm-mini.jpg\" \/>\n\t<meta property=\"og:image:width\" content=\"800\" \/>\n\t<meta property=\"og:image:height\" content=\"800\" \/>\n\t<meta property=\"og:image:type\" content=\"image\/jpeg\" \/>\n<meta name=\"twitter:card\" content=\"summary_large_image\" \/>\n<meta name=\"twitter:label1\" content=\"Est. reading time\" \/>\n\t<meta name=\"twitter:data1\" content=\"6 minutes\" \/>\n<script type=\"application\/ld+json\" class=\"yoast-schema-graph\">{\"@context\":\"https:\\\/\\\/schema.org\",\"@graph\":[{\"@type\":\"WebPage\",\"@id\":\"https:\\\/\\\/astroshop.ma\\\/?product=camera-monochrome-zwo-asi120mm-mini\",\"url\":\"https:\\\/\\\/astroshop.ma\\\/?product=camera-monochrome-zwo-asi120mm-mini\",\"name\":\"Cam\u00e9ra monochrome ZWO ASI120MM Mini - Astroshop Maroc\",\"isPartOf\":{\"@id\":\"https:\\\/\\\/astroshop.ma\\\/#website\"},\"primaryImageOfPage\":{\"@id\":\"https:\\\/\\\/astroshop.ma\\\/?product=camera-monochrome-zwo-asi120mm-mini#primaryimage\"},\"image\":{\"@id\":\"https:\\\/\\\/astroshop.ma\\\/?product=camera-monochrome-zwo-asi120mm-mini#primaryimage\"},\"thumbnailUrl\":\"https:\\\/\\\/astroshop.ma\\\/wp-content\\\/uploads\\\/2026\\\/02\\\/camera-monochrome-zwo-asi120mm-mini.jpg\",\"datePublished\":\"2026-02-03T09:40:14+00:00\",\"dateModified\":\"2026-02-03T09:48:48+00:00\",\"breadcrumb\":{\"@id\":\"https:\\\/\\\/astroshop.ma\\\/?product=camera-monochrome-zwo-asi120mm-mini#breadcrumb\"},\"inLanguage\":\"en-US\",\"potentialAction\":[{\"@type\":\"ReadAction\",\"target\":[\"https:\\\/\\\/astroshop.ma\\\/?product=camera-monochrome-zwo-asi120mm-mini\"]}]},{\"@type\":\"ImageObject\",\"inLanguage\":\"en-US\",\"@id\":\"https:\\\/\\\/astroshop.ma\\\/?product=camera-monochrome-zwo-asi120mm-mini#primaryimage\",\"url\":\"https:\\\/\\\/astroshop.ma\\\/wp-content\\\/uploads\\\/2026\\\/02\\\/camera-monochrome-zwo-asi120mm-mini.jpg\",\"contentUrl\":\"https:\\\/\\\/astroshop.ma\\\/wp-content\\\/uploads\\\/2026\\\/02\\\/camera-monochrome-zwo-asi120mm-mini.jpg\",\"width\":800,\"height\":800},{\"@type\":\"BreadcrumbList\",\"@id\":\"https:\\\/\\\/astroshop.ma\\\/?product=camera-monochrome-zwo-asi120mm-mini#breadcrumb\",\"itemListElement\":[{\"@type\":\"ListItem\",\"position\":1,\"name\":\"Home\",\"item\":\"https:\\\/\\\/astroshop.ma\\\/\"},{\"@type\":\"ListItem\",\"position\":2,\"name\":\"Shop\",\"item\":\"https:\\\/\\\/astroshop.ma\\\/?page_id=394\"},{\"@type\":\"ListItem\",\"position\":3,\"name\":\"Cam\u00e9ra monochrome ZWO ASI120MM Mini\"}]},{\"@type\":\"WebSite\",\"@id\":\"https:\\\/\\\/astroshop.ma\\\/#website\",\"url\":\"https:\\\/\\\/astroshop.ma\\\/\",\"name\":\"Astroshop Maroc\",\"description\":\"Des instruments astronomiques pour chaque astronome au Maroc\",\"publisher\":{\"@id\":\"https:\\\/\\\/astroshop.ma\\\/#organization\"},\"potentialAction\":[{\"@type\":\"SearchAction\",\"target\":{\"@type\":\"EntryPoint\",\"urlTemplate\":\"https:\\\/\\\/astroshop.ma\\\/?s={search_term_string}\"},\"query-input\":{\"@type\":\"PropertyValueSpecification\",\"valueRequired\":true,\"valueName\":\"search_term_string\"}}],\"inLanguage\":\"en-US\"},{\"@type\":\"Organization\",\"@id\":\"https:\\\/\\\/astroshop.ma\\\/#organization\",\"name\":\"Astroshop Maroc\",\"url\":\"https:\\\/\\\/astroshop.ma\\\/\",\"logo\":{\"@type\":\"ImageObject\",\"inLanguage\":\"en-US\",\"@id\":\"https:\\\/\\\/astroshop.ma\\\/#\\\/schema\\\/logo\\\/image\\\/\",\"url\":\"https:\\\/\\\/astroshop.ma\\\/wp-content\\\/uploads\\\/2025\\\/12\\\/M20_Logo_1.jpg\",\"contentUrl\":\"https:\\\/\\\/astroshop.ma\\\/wp-content\\\/uploads\\\/2025\\\/12\\\/M20_Logo_1.jpg\",\"width\":501,\"height\":334,\"caption\":\"Astroshop Maroc\"},\"image\":{\"@id\":\"https:\\\/\\\/astroshop.ma\\\/#\\\/schema\\\/logo\\\/image\\\/\"}}]}<\/script>\n<!-- \/ Yoast SEO plugin. -->","yoast_head_json":{"title":"Cam\u00e9ra monochrome ZWO ASI120MM Mini - Astroshop Maroc","robots":{"index":"index","follow":"follow","max-snippet":"max-snippet:-1","max-image-preview":"max-image-preview:large","max-video-preview":"max-video-preview:-1"},"canonical":"https:\/\/astroshop.ma\/?product=camera-monochrome-zwo-asi120mm-mini","og_locale":"en_US","og_type":"article","og_title":"Cam\u00e9ra monochrome ZWO ASI120MM Mini - Astroshop Maroc","og_description":"Tableaux des caract\u00e9ristiques Caract\u00e9ristiques \u00e9lectroniques    Caract\u00e9ristique Cam\u00e9ra ZWO ASI120MM Mini     Capteur   Capteur CMOS On Semi AR0130CS   Type de capteur Monochrome   Format du capteur 1\/3\"   Taille de la matrice 1280 x 960 px   Dimensions d'un pixel 3,75 x 3,75 \u00b5m   Dimensions de la matrice 4,87 x 3,67 mm (diagonale : 6,1 mm)   Capacit\u00e9 du pixel 13 000 e-   Electronique   Convertisseur A\/N 12 bit   Gain 3,17 e-\/ADU   Bruit de lecture 4 e-   Obturateur Electronique, type \"Rolling shutter\"   Plage de temps de pose 64\u00b5s \u00e0 1000s   Vitesse d'acquisition maximale 35 images\/sec, \u00e0 pleine r\u00e9solution (1280x960)   Refroidissement   Type de refroidissement Passif   R\u00e9gulation du refroidissement Non   Refroidissement par eau Non   Connectique   Interface informatique USB 2.0 type-C   Interface d'autoguidage Oui. RJ12 compatible ST4   Interfaces additionnelles Aucune   Alimentation \u00e9lectrique 5V, par le port USB    Caract\u00e9ristiques m\u00e9caniques    Caract\u00e9ristique Cam\u00e9ra ZWO ASI120MM Mini     Backfocus 8,5 mm   Entr\u00e9e m\u00e9canique Coulant 31,75 mm \/ filetage M28.5x0.6 femelle   Hublot de protection Vitre anti-reflet   Dimensions (dia. x H) 36mm x 61mm   Poids 60 g    Sch\u00e9mas Dimensions et cotes de la cam\u00e9ra ZWO ASI120MM Mini","og_url":"https:\/\/astroshop.ma\/?product=camera-monochrome-zwo-asi120mm-mini","og_site_name":"Astroshop Maroc","article_modified_time":"2026-02-03T09:48:48+00:00","og_image":[{"width":800,"height":800,"url":"https:\/\/astroshop.ma\/wp-content\/uploads\/2026\/02\/camera-monochrome-zwo-asi120mm-mini.jpg","type":"image\/jpeg"}],"twitter_card":"summary_large_image","twitter_misc":{"Est. reading time":"6 minutes"},"schema":{"@context":"https:\/\/schema.org","@graph":[{"@type":"WebPage","@id":"https:\/\/astroshop.ma\/?product=camera-monochrome-zwo-asi120mm-mini","url":"https:\/\/astroshop.ma\/?product=camera-monochrome-zwo-asi120mm-mini","name":"Cam\u00e9ra monochrome ZWO ASI120MM Mini - Astroshop Maroc","isPartOf":{"@id":"https:\/\/astroshop.ma\/#website"},"primaryImageOfPage":{"@id":"https:\/\/astroshop.ma\/?product=camera-monochrome-zwo-asi120mm-mini#primaryimage"},"image":{"@id":"https:\/\/astroshop.ma\/?product=camera-monochrome-zwo-asi120mm-mini#primaryimage"},"thumbnailUrl":"https:\/\/astroshop.ma\/wp-content\/uploads\/2026\/02\/camera-monochrome-zwo-asi120mm-mini.jpg","datePublished":"2026-02-03T09:40:14+00:00","dateModified":"2026-02-03T09:48:48+00:00","breadcrumb":{"@id":"https:\/\/astroshop.ma\/?product=camera-monochrome-zwo-asi120mm-mini#breadcrumb"},"inLanguage":"en-US","potentialAction":[{"@type":"ReadAction","target":["https:\/\/astroshop.ma\/?product=camera-monochrome-zwo-asi120mm-mini"]}]},{"@type":"ImageObject","inLanguage":"en-US","@id":"https:\/\/astroshop.ma\/?product=camera-monochrome-zwo-asi120mm-mini#primaryimage","url":"https:\/\/astroshop.ma\/wp-content\/uploads\/2026\/02\/camera-monochrome-zwo-asi120mm-mini.jpg","contentUrl":"https:\/\/astroshop.ma\/wp-content\/uploads\/2026\/02\/camera-monochrome-zwo-asi120mm-mini.jpg","width":800,"height":800},{"@type":"BreadcrumbList","@id":"https:\/\/astroshop.ma\/?product=camera-monochrome-zwo-asi120mm-mini#breadcrumb","itemListElement":[{"@type":"ListItem","position":1,"name":"Home","item":"https:\/\/astroshop.ma\/"},{"@type":"ListItem","position":2,"name":"Shop","item":"https:\/\/astroshop.ma\/?page_id=394"},{"@type":"ListItem","position":3,"name":"Cam\u00e9ra monochrome ZWO ASI120MM Mini"}]},{"@type":"WebSite","@id":"https:\/\/astroshop.ma\/#website","url":"https:\/\/astroshop.ma\/","name":"Astroshop Maroc","description":"Des instruments astronomiques pour chaque astronome au Maroc","publisher":{"@id":"https:\/\/astroshop.ma\/#organization"},"potentialAction":[{"@type":"SearchAction","target":{"@type":"EntryPoint","urlTemplate":"https:\/\/astroshop.ma\/?s={search_term_string}"},"query-input":{"@type":"PropertyValueSpecification","valueRequired":true,"valueName":"search_term_string"}}],"inLanguage":"en-US"},{"@type":"Organization","@id":"https:\/\/astroshop.ma\/#organization","name":"Astroshop Maroc","url":"https:\/\/astroshop.ma\/","logo":{"@type":"ImageObject","inLanguage":"en-US","@id":"https:\/\/astroshop.ma\/#\/schema\/logo\/image\/","url":"https:\/\/astroshop.ma\/wp-content\/uploads\/2025\/12\/M20_Logo_1.jpg","contentUrl":"https:\/\/astroshop.ma\/wp-content\/uploads\/2025\/12\/M20_Logo_1.jpg","width":501,"height":334,"caption":"Astroshop Maroc"},"image":{"@id":"https:\/\/astroshop.ma\/#\/schema\/logo\/image\/"}}]}},"_links":{"self":[{"href":"https:\/\/astroshop.ma\/index.php?rest_route=\/wp\/v2\/product\/11114","targetHints":{"allow":["GET"]}}],"collection":[{"href":"https:\/\/astroshop.ma\/index.php?rest_route=\/wp\/v2\/product"}],"about":[{"href":"https:\/\/astroshop.ma\/index.php?rest_route=\/wp\/v2\/types\/product"}],"wp:featuredmedia":[{"embeddable":true,"href":"https:\/\/astroshop.ma\/index.php?rest_route=\/wp\/v2\/media\/11118"}],"wp:attachment":[{"href":"https:\/\/astroshop.ma\/index.php?rest_route=%2Fwp%2Fv2%2Fmedia&parent=11114"}],"wp:term":[{"taxonomy":"product_brand","embeddable":true,"href":"https:\/\/astroshop.ma\/index.php?rest_route=%2Fwp%2Fv2%2Fproduct_brand&post=11114"},{"taxonomy":"product_cat","embeddable":true,"href":"https:\/\/astroshop.ma\/index.php?rest_route=%2Fwp%2Fv2%2Fproduct_cat&post=11114"},{"taxonomy":"product_tag","embeddable":true,"href":"https:\/\/astroshop.ma\/index.php?rest_route=%2Fwp%2Fv2%2Fproduct_tag&post=11114"}],"curies":[{"name":"wp","href":"https:\/\/api.w.org\/{rel}","templated":true}]}}