{"id":11063,"date":"2026-01-29T11:03:43","date_gmt":"2026-01-29T11:03:43","guid":{"rendered":"https:\/\/astroshop.ma\/?post_type=product&#038;p=11063"},"modified":"2026-01-29T11:47:26","modified_gmt":"2026-01-29T11:47:26","slug":"omegon-jumelles-nightstar-15x70","status":"publish","type":"product","link":"https:\/\/astroshop.ma\/?product=omegon-jumelles-nightstar-15x70","title":{"rendered":"Omegon Jumelles Nightstar 15&#215;70"},"content":{"rendered":"<div class=\"display-flex fd-column\">\n<div id=\"description\" class=\"cnt-text-box\">\n<h2 class=\"hdl-01\">Description du produit<\/h2>\n<div class=\"text-justify\">\n<p>&nbsp;<\/p>\n<div>\n<p><b>Omegon 15&#215;70 Nightstar<\/b>\u00a0\u2013 Le poids l\u00e9ger des jumelles astro et nature.<\/p>\n<p>Ce mod\u00e8le\u00a0<b>Omegon 15&#215;70 Nightstar<\/b>\u00a0est le &#8220;petit fr\u00e8re&#8221; du 20&#215;80 \u2013 plus compact et plus l\u00e9ger. Il s&#8217;agit tout de m\u00eame de grandes jumelles id\u00e9ales pour explorer la vo\u00fbte c\u00e9leste. Avec une pupille de sortie de 4,7 mm, elles sont tr\u00e8s lumineuses et conviennent aussi pour les observations nature et animaux au cr\u00e9puscule.<\/p>\n<p>Tous les \u00e9l\u00e9ments des lentilles ont re\u00e7u un traitement multicouche et produisent donc des images d&#8217;une grande qualit\u00e9 optique. Cet instrument s\u00e9duit par des images tr\u00e8s claires et une bonne d\u00e9finition d&#8217;un bord \u00e0 l&#8217;autre du champ visuel.<br \/>\nLes porteurs de lunettes n&#8217;ont pas \u00e9t\u00e9 oubli\u00e9s : Le d\u00e9gagement oculaire de 18 mm permet de voir la totalit\u00e9 du champ, et ce avec n&#8217;importe quelle paire de lunettes. Pour cela, les \u0153illetons en caoutchouc sont retroussables. Par ailleurs, ces \u0153illetons augmentent le confort d&#8217;observation en s&#8217;appliquant agr\u00e9ablement contre l&#8217;orbite de l&#8217;\u0153il.<\/p>\n<p>Gr\u00e2ce \u00e0 l&#8217;ouverture de 70 mm, le syst\u00e8me optique offre environ deux fois plus de lumi\u00e8re que des jumelles de 50 mm d&#8217;ouverture. Malgr\u00e9 tout, les dimensions et le poids de cet instrument sont \u00e0 peine plus importants que sur un \u00e9quivalent de plus petite ouverture.<\/p>\n<p>Les atouts en bref:<\/p>\n<ul>\n<li>Grande luminosit\u00e9 gr\u00e2ce \u00e0 une ouverture de 70 mm<\/li>\n<li>D\u00e9gagement oculaire &#8211; 18 mm<\/li>\n<li>Pupille de sortie \u2013 4,7 mm<\/li>\n<li>Traitement multicouche toutes surfaces de tous les \u00e9l\u00e9ments optiques<\/li>\n<li>\u0152illetons en caoutchouc<\/li>\n<li>Poids \u00e0 peine plus \u00e9lev\u00e9 que celui d&#8217;autres jumelles \u00e0 ouverture plus petite<\/li>\n<li>Distance de mise au point minimale &#8211; 10 m\u00e8tres<\/li>\n<li>Avec filetage pour raccord de tr\u00e9pied<\/li>\n<\/ul>\n<\/div>\n<p>&nbsp;<\/p>\n<\/div>\n<\/div>\n<div class=\"gtc-container gtc-container-hidden\" data-action=\"gtc-container\">\n<div id=\"specifications\" class=\"page-container\">\n<div class=\"auto-col-container clearfix\">\n<div class=\"single-col\"><\/div>\n<\/div>\n<\/div>\n<\/div>\n<\/div>\n<div class=\"display-flex fd-column hide-below-bp2\">\n<div class=\"cnt-text-box\">\n<div class=\"pad-8\">\n<div class=\"cursor-zoomin\" data-type=\"btn-js\" data-action=\"opengallery-0\"><img decoding=\"async\" src=\"https:\/\/www.omegon.eu\/Produktbilder\/big\/18759_10.jpg\" alt=\"Jumelles Omegon Nightstar 15x70\" \/><\/div>\n<\/div>\n<div class=\"pad-8\">\n<div class=\"cursor-zoomin\" data-type=\"btn-js\" data-action=\"opengallery-1\"><img decoding=\"async\" src=\"https:\/\/www.omegon.eu\/Produktbilder\/big\/18759_1.jpg\" alt=\"Jumelles Omegon Nightstar 15x70\" \/><\/div>\n<\/div>\n<div class=\"pad-8\">\n<div class=\"cursor-zoomin\" data-type=\"btn-js\" data-action=\"opengallery-2\"><img decoding=\"async\" src=\"https:\/\/www.omegon.eu\/Produktbilder\/big\/18759_3.jpg\" alt=\"Jumelles Omegon Nightstar 15x70\" \/><\/div>\n<\/div>\n<div class=\"pad-8\">\n<div class=\"cursor-zoomin\" data-type=\"btn-js\" data-action=\"opengallery-3\"><img decoding=\"async\" src=\"https:\/\/www.omegon.eu\/Produktbilder\/big\/18759_2.jpg\" alt=\"Jumelles Omegon Nightstar 15x70\" \/><\/div>\n<\/div>\n<\/div>\n<\/div>\n","protected":false},"excerpt":{"rendered":"<table class=\"microscope-specs\">\n<thead>\n<tr>\n<th colspan=\"2\">Caract\u00e9ristiques Techniques<\/th>\n<\/tr>\n<\/thead>\n<tbody>\n<tr class=\"category-header\">\n<td colspan=\"2\">Capacit\u00e9<\/td>\n<\/tr>\n<tr>\n<td>Type de construction<\/td>\n<td>Prismes de porro<\/td>\n<\/tr>\n<tr>\n<td>Grossissement<\/td>\n<td>15<\/td>\n<\/tr>\n<tr>\n<td>Diam\u00e8tre de lentille frontale (mm)<\/td>\n<td>70<\/td>\n<\/tr>\n<tr>\n<td>Pupille de sortie (mm)<\/td>\n<td>4,7<\/td>\n<\/tr>\n<tr>\n<td>D\u00e9gagement oculaire (mm)<\/td>\n<td>18<\/td>\n<\/tr>\n<tr>\n<td>Bonnettes<\/td>\n<td>repliable<\/td>\n<\/tr>\n<tr>\n<td>Distance des pupilles (mm)<\/td>\n<td>56-72<\/td>\n<\/tr>\n<tr>\n<td>Mat\u00e9riau verre<\/td>\n<td>BaK-4<\/td>\n<\/tr>\n<tr>\n<td>Traitement lentille<\/td>\n<td>Traitement multicouche<\/td>\n<\/tr>\n<tr>\n<td>Correction dioptrique c\u00f4t\u00e9 droit<\/td>\n<td>oui<\/td>\n<\/tr>\n<tr class=\"category-header\">\n<td colspan=\"2\">Particularit\u00e9s<\/td>\n<\/tr>\n<tr>\n<td>Fonction zoom<\/td>\n<td>&#8211;<\/td>\n<\/tr>\n<tr>\n<td>Oculaires pour des porteurs de lunettes<\/td>\n<td class=\"yes\">oui<\/td>\n<\/tr>\n<tr>\n<td>Stabilisateur d&#8217;image<\/td>\n<td>&#8211;<\/td>\n<\/tr>\n<tr>\n<td>Boussole<\/td>\n<td>&#8211;<\/td>\n<\/tr>\n<tr>\n<td>T\u00e9l\u00e9m\u00e8tre<\/td>\n<td>&#8211;<\/td>\n<\/tr>\n<tr>\n<td>\u00c9tanche aux projections d&#8217;eau<\/td>\n<td class=\"yes\">oui<\/td>\n<\/tr>\n<tr>\n<td>Raccord filet\u00e9 tr\u00e9pied<\/td>\n<td class=\"yes\">oui<\/td>\n<\/tr>\n<tr>\n<td>\u00c9tanche<\/td>\n<td class=\"no\">non<\/td>\n<\/tr>\n<tr class=\"category-header\">\n<td colspan=\"2\">Champ de vision<\/td>\n<\/tr>\n<tr>\n<td>Champ de vision r\u00e9el (\u00b0)<\/td>\n<td>4,4<\/td>\n<\/tr>\n<tr>\n<td>Champ de vision apparent (\u00b0)<\/td>\n<td>&#8211;<\/td>\n<\/tr>\n<tr>\n<td>Champ visuel en 1000m (m)<\/td>\n<td>77<\/td>\n<\/tr>\n<tr>\n<td>Limite de mise au point sur les objets rapproch\u00e9s (m)<\/td>\n<td>10<\/td>\n<\/tr>\n<tr>\n<td>Luminosit\u00e9<\/td>\n<td>22,1<\/td>\n<\/tr>\n<tr>\n<td>Facteur cr\u00e9pusculaire<\/td>\n<td>32,4<\/td>\n<\/tr>\n<tr class=\"category-header\">\n<td colspan=\"2\">Donn\u00e9es g\u00e9n\u00e9rales<\/td>\n<\/tr>\n<tr>\n<td>Mat\u00e9riel de la surface<\/td>\n<td>Gainage en caoutchouc<\/td>\n<\/tr>\n<tr>\n<td>Poids (g)<\/td>\n<td>1490<\/td>\n<\/tr>\n<tr>\n<td>S\u00e9rie<\/td>\n<td>Nightstar<\/td>\n<\/tr>\n<tr>\n<td>Couleur<\/td>\n<td>noir<\/td>\n<\/tr>\n<\/tbody>\n<\/table>\n","protected":false},"featured_media":9439,"template":"","meta":{"_editorskit_title_hidden":false,"_editorskit_reading_time":0,"_editorskit_is_block_options_detached":false,"_editorskit_block_options_position":"{}","_coblocks_attr":"","_coblocks_dimensions":"","_coblocks_responsive_height":"","_coblocks_accordion_ie_support":"","_crdt_document":"","_monsterinsights_skip_tracking":false,"_monsterinsights_sitenote_active":false,"_monsterinsights_sitenote_note":"","_monsterinsights_sitenote_category":0},"product_brand":[],"product_cat":[24,156],"product_tag":[],"class_list":{"0":"post-11063","1":"product","2":"type-product","3":"status-publish","4":"has-post-thumbnail","6":"product_cat-binoculars","7":"product_cat-omegon","9":"first","10":"instock","11":"shipping-taxable","12":"purchasable","13":"product-type-simple"},"yoast_head":"<!-- This site is optimized with the Yoast SEO plugin v27.4 - https:\/\/yoast.com\/product\/yoast-seo-wordpress\/ -->\n<title>Omegon Jumelles Nightstar 15x70 - Astroshop Maroc<\/title>\n<meta name=\"robots\" content=\"index, follow, max-snippet:-1, max-image-preview:large, max-video-preview:-1\" \/>\n<link rel=\"canonical\" href=\"https:\/\/astroshop.ma\/?product=omegon-jumelles-nightstar-15x70\" \/>\n<meta property=\"og:locale\" content=\"en_US\" \/>\n<meta property=\"og:type\" content=\"article\" \/>\n<meta property=\"og:title\" content=\"Omegon Jumelles Nightstar 15x70 - Astroshop Maroc\" \/>\n<meta property=\"og:description\" content=\"Caract\u00e9ristiques Techniques     Capacit\u00e9   Type de construction Prismes de porro   Grossissement 15   Diam\u00e8tre de lentille frontale (mm) 70   Pupille de sortie (mm) 4,7   D\u00e9gagement oculaire (mm) 18   Bonnettes repliable   Distance des pupilles (mm) 56-72   Mat\u00e9riau verre BaK-4   Traitement lentille Traitement multicouche   Correction dioptrique c\u00f4t\u00e9 droit oui   Particularit\u00e9s   Fonction zoom -   Oculaires pour des porteurs de lunettes oui   Stabilisateur d&#039;image -   Boussole -   T\u00e9l\u00e9m\u00e8tre -   \u00c9tanche aux projections d&#039;eau oui   Raccord filet\u00e9 tr\u00e9pied oui   \u00c9tanche non   Champ de vision   Champ de vision r\u00e9el (\u00b0) 4,4   Champ de vision apparent (\u00b0) -   Champ visuel en 1000m (m) 77   Limite de mise au point sur les objets rapproch\u00e9s (m) 10   Luminosit\u00e9 22,1   Facteur cr\u00e9pusculaire 32,4   Donn\u00e9es g\u00e9n\u00e9rales   Mat\u00e9riel de la surface Gainage en caoutchouc   Poids (g) 1490   S\u00e9rie Nightstar   Couleur noir\" \/>\n<meta property=\"og:url\" content=\"https:\/\/astroshop.ma\/?product=omegon-jumelles-nightstar-15x70\" \/>\n<meta property=\"og:site_name\" content=\"Astroshop Maroc\" \/>\n<meta property=\"article:modified_time\" content=\"2026-01-29T11:47:26+00:00\" \/>\n<meta property=\"og:image\" content=\"https:\/\/astroshop.ma\/wp-content\/uploads\/2024\/04\/Omegon-Binoculars-Nightstar-15x70-4.jpg\" \/>\n\t<meta property=\"og:image:width\" content=\"800\" \/>\n\t<meta property=\"og:image:height\" content=\"800\" \/>\n\t<meta property=\"og:image:type\" content=\"image\/jpeg\" \/>\n<meta name=\"twitter:card\" content=\"summary_large_image\" \/>\n<meta name=\"twitter:label1\" content=\"Est. reading time\" \/>\n\t<meta name=\"twitter:data1\" content=\"3 minutes\" \/>\n<script type=\"application\/ld+json\" class=\"yoast-schema-graph\">{\"@context\":\"https:\\\/\\\/schema.org\",\"@graph\":[{\"@type\":\"WebPage\",\"@id\":\"https:\\\/\\\/astroshop.ma\\\/?product=omegon-jumelles-nightstar-15x70\",\"url\":\"https:\\\/\\\/astroshop.ma\\\/?product=omegon-jumelles-nightstar-15x70\",\"name\":\"Omegon Jumelles Nightstar 15x70 - Astroshop Maroc\",\"isPartOf\":{\"@id\":\"https:\\\/\\\/astroshop.ma\\\/#website\"},\"primaryImageOfPage\":{\"@id\":\"https:\\\/\\\/astroshop.ma\\\/?product=omegon-jumelles-nightstar-15x70#primaryimage\"},\"image\":{\"@id\":\"https:\\\/\\\/astroshop.ma\\\/?product=omegon-jumelles-nightstar-15x70#primaryimage\"},\"thumbnailUrl\":\"https:\\\/\\\/astroshop.ma\\\/wp-content\\\/uploads\\\/2024\\\/04\\\/Omegon-Binoculars-Nightstar-15x70-4.jpg\",\"datePublished\":\"2026-01-29T11:03:43+00:00\",\"dateModified\":\"2026-01-29T11:47:26+00:00\",\"breadcrumb\":{\"@id\":\"https:\\\/\\\/astroshop.ma\\\/?product=omegon-jumelles-nightstar-15x70#breadcrumb\"},\"inLanguage\":\"en-US\",\"potentialAction\":[{\"@type\":\"ReadAction\",\"target\":[\"https:\\\/\\\/astroshop.ma\\\/?product=omegon-jumelles-nightstar-15x70\"]}]},{\"@type\":\"ImageObject\",\"inLanguage\":\"en-US\",\"@id\":\"https:\\\/\\\/astroshop.ma\\\/?product=omegon-jumelles-nightstar-15x70#primaryimage\",\"url\":\"https:\\\/\\\/astroshop.ma\\\/wp-content\\\/uploads\\\/2024\\\/04\\\/Omegon-Binoculars-Nightstar-15x70-4.jpg\",\"contentUrl\":\"https:\\\/\\\/astroshop.ma\\\/wp-content\\\/uploads\\\/2024\\\/04\\\/Omegon-Binoculars-Nightstar-15x70-4.jpg\",\"width\":800,\"height\":800},{\"@type\":\"BreadcrumbList\",\"@id\":\"https:\\\/\\\/astroshop.ma\\\/?product=omegon-jumelles-nightstar-15x70#breadcrumb\",\"itemListElement\":[{\"@type\":\"ListItem\",\"position\":1,\"name\":\"Home\",\"item\":\"https:\\\/\\\/astroshop.ma\\\/\"},{\"@type\":\"ListItem\",\"position\":2,\"name\":\"Shop\",\"item\":\"https:\\\/\\\/astroshop.ma\\\/?page_id=394\"},{\"@type\":\"ListItem\",\"position\":3,\"name\":\"Omegon Jumelles Nightstar 15&#215;70\"}]},{\"@type\":\"WebSite\",\"@id\":\"https:\\\/\\\/astroshop.ma\\\/#website\",\"url\":\"https:\\\/\\\/astroshop.ma\\\/\",\"name\":\"Astroshop Maroc\",\"description\":\"Des instruments astronomiques pour chaque astronome au Maroc\",\"publisher\":{\"@id\":\"https:\\\/\\\/astroshop.ma\\\/#organization\"},\"potentialAction\":[{\"@type\":\"SearchAction\",\"target\":{\"@type\":\"EntryPoint\",\"urlTemplate\":\"https:\\\/\\\/astroshop.ma\\\/?s={search_term_string}\"},\"query-input\":{\"@type\":\"PropertyValueSpecification\",\"valueRequired\":true,\"valueName\":\"search_term_string\"}}],\"inLanguage\":\"en-US\"},{\"@type\":\"Organization\",\"@id\":\"https:\\\/\\\/astroshop.ma\\\/#organization\",\"name\":\"Astroshop Maroc\",\"url\":\"https:\\\/\\\/astroshop.ma\\\/\",\"logo\":{\"@type\":\"ImageObject\",\"inLanguage\":\"en-US\",\"@id\":\"https:\\\/\\\/astroshop.ma\\\/#\\\/schema\\\/logo\\\/image\\\/\",\"url\":\"https:\\\/\\\/astroshop.ma\\\/wp-content\\\/uploads\\\/2025\\\/12\\\/M20_Logo_1.jpg\",\"contentUrl\":\"https:\\\/\\\/astroshop.ma\\\/wp-content\\\/uploads\\\/2025\\\/12\\\/M20_Logo_1.jpg\",\"width\":501,\"height\":334,\"caption\":\"Astroshop Maroc\"},\"image\":{\"@id\":\"https:\\\/\\\/astroshop.ma\\\/#\\\/schema\\\/logo\\\/image\\\/\"}}]}<\/script>\n<!-- \/ Yoast SEO plugin. -->","yoast_head_json":{"title":"Omegon Jumelles Nightstar 15x70 - Astroshop Maroc","robots":{"index":"index","follow":"follow","max-snippet":"max-snippet:-1","max-image-preview":"max-image-preview:large","max-video-preview":"max-video-preview:-1"},"canonical":"https:\/\/astroshop.ma\/?product=omegon-jumelles-nightstar-15x70","og_locale":"en_US","og_type":"article","og_title":"Omegon Jumelles Nightstar 15x70 - Astroshop Maroc","og_description":"Caract\u00e9ristiques Techniques     Capacit\u00e9   Type de construction Prismes de porro   Grossissement 15   Diam\u00e8tre de lentille frontale (mm) 70   Pupille de sortie (mm) 4,7   D\u00e9gagement oculaire (mm) 18   Bonnettes repliable   Distance des pupilles (mm) 56-72   Mat\u00e9riau verre BaK-4   Traitement lentille Traitement multicouche   Correction dioptrique c\u00f4t\u00e9 droit oui   Particularit\u00e9s   Fonction zoom -   Oculaires pour des porteurs de lunettes oui   Stabilisateur d'image -   Boussole -   T\u00e9l\u00e9m\u00e8tre -   \u00c9tanche aux projections d'eau oui   Raccord filet\u00e9 tr\u00e9pied oui   \u00c9tanche non   Champ de vision   Champ de vision r\u00e9el (\u00b0) 4,4   Champ de vision apparent (\u00b0) -   Champ visuel en 1000m (m) 77   Limite de mise au point sur les objets rapproch\u00e9s (m) 10   Luminosit\u00e9 22,1   Facteur cr\u00e9pusculaire 32,4   Donn\u00e9es g\u00e9n\u00e9rales   Mat\u00e9riel de la surface Gainage en caoutchouc   Poids (g) 1490   S\u00e9rie Nightstar   Couleur noir","og_url":"https:\/\/astroshop.ma\/?product=omegon-jumelles-nightstar-15x70","og_site_name":"Astroshop Maroc","article_modified_time":"2026-01-29T11:47:26+00:00","og_image":[{"width":800,"height":800,"url":"https:\/\/astroshop.ma\/wp-content\/uploads\/2024\/04\/Omegon-Binoculars-Nightstar-15x70-4.jpg","type":"image\/jpeg"}],"twitter_card":"summary_large_image","twitter_misc":{"Est. reading time":"3 minutes"},"schema":{"@context":"https:\/\/schema.org","@graph":[{"@type":"WebPage","@id":"https:\/\/astroshop.ma\/?product=omegon-jumelles-nightstar-15x70","url":"https:\/\/astroshop.ma\/?product=omegon-jumelles-nightstar-15x70","name":"Omegon Jumelles Nightstar 15x70 - Astroshop Maroc","isPartOf":{"@id":"https:\/\/astroshop.ma\/#website"},"primaryImageOfPage":{"@id":"https:\/\/astroshop.ma\/?product=omegon-jumelles-nightstar-15x70#primaryimage"},"image":{"@id":"https:\/\/astroshop.ma\/?product=omegon-jumelles-nightstar-15x70#primaryimage"},"thumbnailUrl":"https:\/\/astroshop.ma\/wp-content\/uploads\/2024\/04\/Omegon-Binoculars-Nightstar-15x70-4.jpg","datePublished":"2026-01-29T11:03:43+00:00","dateModified":"2026-01-29T11:47:26+00:00","breadcrumb":{"@id":"https:\/\/astroshop.ma\/?product=omegon-jumelles-nightstar-15x70#breadcrumb"},"inLanguage":"en-US","potentialAction":[{"@type":"ReadAction","target":["https:\/\/astroshop.ma\/?product=omegon-jumelles-nightstar-15x70"]}]},{"@type":"ImageObject","inLanguage":"en-US","@id":"https:\/\/astroshop.ma\/?product=omegon-jumelles-nightstar-15x70#primaryimage","url":"https:\/\/astroshop.ma\/wp-content\/uploads\/2024\/04\/Omegon-Binoculars-Nightstar-15x70-4.jpg","contentUrl":"https:\/\/astroshop.ma\/wp-content\/uploads\/2024\/04\/Omegon-Binoculars-Nightstar-15x70-4.jpg","width":800,"height":800},{"@type":"BreadcrumbList","@id":"https:\/\/astroshop.ma\/?product=omegon-jumelles-nightstar-15x70#breadcrumb","itemListElement":[{"@type":"ListItem","position":1,"name":"Home","item":"https:\/\/astroshop.ma\/"},{"@type":"ListItem","position":2,"name":"Shop","item":"https:\/\/astroshop.ma\/?page_id=394"},{"@type":"ListItem","position":3,"name":"Omegon Jumelles Nightstar 15&#215;70"}]},{"@type":"WebSite","@id":"https:\/\/astroshop.ma\/#website","url":"https:\/\/astroshop.ma\/","name":"Astroshop Maroc","description":"Des instruments astronomiques pour chaque astronome au Maroc","publisher":{"@id":"https:\/\/astroshop.ma\/#organization"},"potentialAction":[{"@type":"SearchAction","target":{"@type":"EntryPoint","urlTemplate":"https:\/\/astroshop.ma\/?s={search_term_string}"},"query-input":{"@type":"PropertyValueSpecification","valueRequired":true,"valueName":"search_term_string"}}],"inLanguage":"en-US"},{"@type":"Organization","@id":"https:\/\/astroshop.ma\/#organization","name":"Astroshop Maroc","url":"https:\/\/astroshop.ma\/","logo":{"@type":"ImageObject","inLanguage":"en-US","@id":"https:\/\/astroshop.ma\/#\/schema\/logo\/image\/","url":"https:\/\/astroshop.ma\/wp-content\/uploads\/2025\/12\/M20_Logo_1.jpg","contentUrl":"https:\/\/astroshop.ma\/wp-content\/uploads\/2025\/12\/M20_Logo_1.jpg","width":501,"height":334,"caption":"Astroshop Maroc"},"image":{"@id":"https:\/\/astroshop.ma\/#\/schema\/logo\/image\/"}}]}},"_links":{"self":[{"href":"https:\/\/astroshop.ma\/index.php?rest_route=\/wp\/v2\/product\/11063","targetHints":{"allow":["GET"]}}],"collection":[{"href":"https:\/\/astroshop.ma\/index.php?rest_route=\/wp\/v2\/product"}],"about":[{"href":"https:\/\/astroshop.ma\/index.php?rest_route=\/wp\/v2\/types\/product"}],"wp:featuredmedia":[{"embeddable":true,"href":"https:\/\/astroshop.ma\/index.php?rest_route=\/wp\/v2\/media\/9439"}],"wp:attachment":[{"href":"https:\/\/astroshop.ma\/index.php?rest_route=%2Fwp%2Fv2%2Fmedia&parent=11063"}],"wp:term":[{"taxonomy":"product_brand","embeddable":true,"href":"https:\/\/astroshop.ma\/index.php?rest_route=%2Fwp%2Fv2%2Fproduct_brand&post=11063"},{"taxonomy":"product_cat","embeddable":true,"href":"https:\/\/astroshop.ma\/index.php?rest_route=%2Fwp%2Fv2%2Fproduct_cat&post=11063"},{"taxonomy":"product_tag","embeddable":true,"href":"https:\/\/astroshop.ma\/index.php?rest_route=%2Fwp%2Fv2%2Fproduct_tag&post=11063"}],"curies":[{"name":"wp","href":"https:\/\/api.w.org\/{rel}","templated":true}]}}