{"id":11052,"date":"2026-01-08T18:06:22","date_gmt":"2026-01-08T18:06:22","guid":{"rendered":"https:\/\/astroshop.ma\/?post_type=product&#038;p=11052"},"modified":"2026-01-08T18:06:22","modified_gmt":"2026-01-08T18:06:22","slug":"celestron-serie-de-filtre-et-doculaires-1-25","status":"publish","type":"product","link":"https:\/\/astroshop.ma\/?product=celestron-serie-de-filtre-et-doculaires-1-25","title":{"rendered":"Celestron s\u00e9rie de filtre et d\u00b4oculaires 1.25&#8221;"},"content":{"rendered":"<div class=\"display-flex fd-column\">\n<div id=\"description\" class=\"cnt-text-box\">\n<h2><img loading=\"lazy\" decoding=\"async\" class=\"alignnone size-full wp-image-10830\" src=\"https:\/\/astroshop.ma\/wp-content\/uploads\/2025\/10\/Celestron.jpg\" alt=\"\" width=\"300\" height=\"150\" srcset=\"https:\/\/astroshop.ma\/wp-content\/uploads\/2025\/10\/Celestron.jpg 300w, https:\/\/astroshop.ma\/wp-content\/uploads\/2025\/10\/Celestron-64x32.jpg 64w\" sizes=\"auto, (max-width: 300px) 100vw, 300px\" \/><\/h2>\n<h2><\/h2>\n<h2 class=\"hdl-01\">Description du produit<\/h2>\n<div class=\"text-justify\">\n<p>&nbsp;<\/p>\n<div>\n<p><b>Le coffret d&#8217;oculaires 1,25&#8243; contient :<\/b><\/p>\n<ul>\n<li>Cinq oculaires de haute qualit\u00e9 : oculaires \u00e0 4 lentilles avec champ de vision propre de 52\u00b0. Bonne fid\u00e9lit\u00e9 des couleurs, nettet\u00e9 des contours et transmission. Tous les oculaires sont enti\u00e8rement trait\u00e9s multicouches. Distances focales : 6 mm, 8 mm, 13 mm, 17 mm et 32 mm.<\/li>\n<li>Lentille de Barlow 2x : compl\u00e8te les oculaires Pl\u00f6ssl et permet d&#8217;obtenir dix grossissements au total. Optique de haute qualit\u00e9 avec lentilles enti\u00e8rement multicouches.<\/li>\n<li>Six filtres color\u00e9s pour l&#8217;observation de la Lune et des plan\u00e8tes. Les filtres : Kodak Wratten #12, #21, #25, #56, #58 et #80A. Ces filtres color\u00e9s vous permettent de voir encore plus de d\u00e9tails lors de l&#8217;observation de la Lune et des plan\u00e8tes. Les filtres se vissent simplement dans le manchon des oculaires.<\/li>\n<li>Filtre lunaire : ce filtre gris (filtre neutre) att\u00e9nue la lumi\u00e8re \u00e9blouissante de la lune afin que vous puissiez explorer notre satellite sans \u00eatre \u00e9bloui.<\/li>\n<\/ul>\n<p>Le coffret en aluminium robuste offre non seulement de la place pour les oculaires et filtres fournis, mais \u00e9galement pour d&#8217;autres accessoires.<\/p>\n<\/div>\n<p>&nbsp;<\/p>\n<\/div>\n<\/div>\n<div id=\"specifications\" class=\"page-container\">\n<div class=\"auto-col-container clearfix\">\n<div class=\"single-col\"><\/div>\n<\/div>\n<\/div>\n<div id=\"accessories\">\n<p>&nbsp;<\/p>\n<\/div>\n<\/div>\n<div class=\"display-flex fd-column hide-below-bp2\">\n<div class=\"cnt-text-box\">\n<div class=\"pad-8\">\n<div class=\"cursor-zoomin\" data-type=\"btn-js\" data-action=\"opengallery-0\"><img decoding=\"async\" src=\"https:\/\/www.astroshop.de\/Produktbilder\/big\/7976_1.jpg\" alt=\"Celestron s\u00e9rie de filtre et d\u00b4oculaires 1.25''\" \/><\/div>\n<\/div>\n<div class=\"pad-8\">\n<div class=\"cursor-zoomin\" data-type=\"btn-js\" data-action=\"opengallery-1\"><img decoding=\"async\" src=\"https:\/\/www.astroshop.de\/Produktbilder\/big\/7976_2.jpg\" alt=\"Celestron s\u00e9rie de filtre et d\u00b4oculaires 1.25''\" \/><\/div>\n<\/div>\n<\/div>\n<\/div>\n","protected":false},"excerpt":{"rendered":"<table class=\"microscope-specs\">\n<thead>\n<tr>\n<th colspan=\"2\">Caract\u00e9ristiques Techniques<\/th>\n<\/tr>\n<\/thead>\n<tbody>\n<tr class=\"category-header\">\n<td colspan=\"2\">Capacit\u00e9<\/td>\n<\/tr>\n<tr>\n<td>Champ de vision apparent (\u00b0)<\/td>\n<td>52<\/td>\n<\/tr>\n<tr>\n<td>Focale (mm)<\/td>\n<td>6 ; 8 ; 13 ; 17 ; 32<\/td>\n<\/tr>\n<tr>\n<td>Nombre de lentilles<\/td>\n<td>4<\/td>\n<\/tr>\n<tr>\n<td>Nombre de groupes<\/td>\n<td>2<\/td>\n<\/tr>\n<tr>\n<td>Connexion (au t\u00e9l\u00e9scope)<\/td>\n<td>1,25&#8243;<\/td>\n<\/tr>\n<tr>\n<td>Traitement de l&#8217;optique<\/td>\n<td>Toutes surfaces<\/td>\n<\/tr>\n<tr class=\"category-header\">\n<td colspan=\"2\">Particularit\u00e9s<\/td>\n<\/tr>\n<tr>\n<td>Pas-de-vis du filtre<\/td>\n<td class=\"yes\">oui<\/td>\n<\/tr>\n<tr class=\"category-header\">\n<td colspan=\"2\">\u00c9quipement<\/td>\n<\/tr>\n<tr>\n<td>Nombre d&#8217;oculaires (exemplaires)<\/td>\n<td>5<\/td>\n<\/tr>\n<tr>\n<td>Focale (mm)<\/td>\n<td>6; 8; 13; 17; 32<\/td>\n<\/tr>\n<tr>\n<td>Contenu<\/td>\n<td>6 filtres color\u00e9s, filtre lunaire, 2-fois lentille Barlow<\/td>\n<\/tr>\n<tr>\n<td>Connexion (au t\u00e9l\u00e9scope)<\/td>\n<td>1,25&#8243;<\/td>\n<\/tr>\n<tr class=\"category-header\">\n<td colspan=\"2\">Donn\u00e9es g\u00e9n\u00e9rales<\/td>\n<\/tr>\n<tr>\n<td>Type<\/td>\n<td>Oculaire<\/td>\n<\/tr>\n<tr>\n<td>Type de construction<\/td>\n<td>Set des oculaires<\/td>\n<\/tr>\n<tr>\n<td>Poids total (kg)<\/td>\n<td>1,6<\/td>\n<\/tr>\n<\/tbody>\n<\/table>\n","protected":false},"featured_media":11054,"template":"","meta":{"_editorskit_title_hidden":false,"_editorskit_reading_time":0,"_editorskit_is_block_options_detached":false,"_editorskit_block_options_position":"{}","_coblocks_attr":"","_coblocks_dimensions":"","_coblocks_responsive_height":"","_coblocks_accordion_ie_support":"","_crdt_document":"","_monsterinsights_skip_tracking":false,"_monsterinsights_sitenote_active":false,"_monsterinsights_sitenote_note":"","_monsterinsights_sitenote_category":0},"product_brand":[],"product_cat":[23,176],"product_tag":[],"class_list":{"0":"post-11052","1":"product","2":"type-product","3":"status-publish","4":"has-post-thumbnail","6":"product_cat-telescope-accessories","7":"product_cat-eyepieces","9":"first","10":"instock","11":"shipping-taxable","12":"purchasable","13":"product-type-simple"},"yoast_head":"<!-- This site is optimized with the Yoast SEO plugin v27.4 - https:\/\/yoast.com\/product\/yoast-seo-wordpress\/ -->\n<title>Celestron s\u00e9rie de filtre et d\u00b4oculaires 1.25&#039;&#039; - Astroshop Maroc<\/title>\n<meta name=\"robots\" content=\"index, follow, max-snippet:-1, max-image-preview:large, max-video-preview:-1\" \/>\n<link rel=\"canonical\" href=\"https:\/\/astroshop.ma\/?product=celestron-serie-de-filtre-et-doculaires-1-25\" \/>\n<meta property=\"og:locale\" content=\"en_US\" \/>\n<meta property=\"og:type\" content=\"article\" \/>\n<meta property=\"og:title\" content=\"Celestron s\u00e9rie de filtre et d\u00b4oculaires 1.25&#039;&#039; - Astroshop Maroc\" \/>\n<meta property=\"og:description\" content=\"Caract\u00e9ristiques Techniques     Capacit\u00e9   Champ de vision apparent (\u00b0) 52   Focale (mm) 6 ; 8 ; 13 ; 17 ; 32   Nombre de lentilles 4   Nombre de groupes 2   Connexion (au t\u00e9l\u00e9scope) 1,25&quot;   Traitement de l&#039;optique Toutes surfaces   Particularit\u00e9s   Pas-de-vis du filtre oui   \u00c9quipement   Nombre d&#039;oculaires (exemplaires) 5   Focale (mm) 6; 8; 13; 17; 32   Contenu 6 filtres color\u00e9s, filtre lunaire, 2-fois lentille Barlow   Connexion (au t\u00e9l\u00e9scope) 1,25&quot;   Donn\u00e9es g\u00e9n\u00e9rales   Type Oculaire   Type de construction Set des oculaires   Poids total (kg) 1,6\" \/>\n<meta property=\"og:url\" content=\"https:\/\/astroshop.ma\/?product=celestron-serie-de-filtre-et-doculaires-1-25\" \/>\n<meta property=\"og:site_name\" content=\"Astroshop Maroc\" \/>\n<meta property=\"og:image\" content=\"https:\/\/astroshop.ma\/wp-content\/uploads\/2026\/01\/Celestron-eyepiece-and-filter-set-1-25-.jpg\" \/>\n\t<meta property=\"og:image:width\" content=\"800\" \/>\n\t<meta property=\"og:image:height\" content=\"800\" \/>\n\t<meta property=\"og:image:type\" content=\"image\/jpeg\" \/>\n<meta name=\"twitter:card\" content=\"summary_large_image\" \/>\n<meta name=\"twitter:label1\" content=\"Est. reading time\" \/>\n\t<meta name=\"twitter:data1\" content=\"2 minutes\" \/>\n<script type=\"application\/ld+json\" class=\"yoast-schema-graph\">{\"@context\":\"https:\\\/\\\/schema.org\",\"@graph\":[{\"@type\":\"WebPage\",\"@id\":\"https:\\\/\\\/astroshop.ma\\\/?product=celestron-serie-de-filtre-et-doculaires-1-25\",\"url\":\"https:\\\/\\\/astroshop.ma\\\/?product=celestron-serie-de-filtre-et-doculaires-1-25\",\"name\":\"Celestron s\u00e9rie de filtre et d\u00b4oculaires 1.25'' - Astroshop Maroc\",\"isPartOf\":{\"@id\":\"https:\\\/\\\/astroshop.ma\\\/#website\"},\"primaryImageOfPage\":{\"@id\":\"https:\\\/\\\/astroshop.ma\\\/?product=celestron-serie-de-filtre-et-doculaires-1-25#primaryimage\"},\"image\":{\"@id\":\"https:\\\/\\\/astroshop.ma\\\/?product=celestron-serie-de-filtre-et-doculaires-1-25#primaryimage\"},\"thumbnailUrl\":\"https:\\\/\\\/astroshop.ma\\\/wp-content\\\/uploads\\\/2026\\\/01\\\/Celestron-eyepiece-and-filter-set-1-25-.jpg\",\"datePublished\":\"2026-01-08T18:06:22+00:00\",\"breadcrumb\":{\"@id\":\"https:\\\/\\\/astroshop.ma\\\/?product=celestron-serie-de-filtre-et-doculaires-1-25#breadcrumb\"},\"inLanguage\":\"en-US\",\"potentialAction\":[{\"@type\":\"ReadAction\",\"target\":[\"https:\\\/\\\/astroshop.ma\\\/?product=celestron-serie-de-filtre-et-doculaires-1-25\"]}]},{\"@type\":\"ImageObject\",\"inLanguage\":\"en-US\",\"@id\":\"https:\\\/\\\/astroshop.ma\\\/?product=celestron-serie-de-filtre-et-doculaires-1-25#primaryimage\",\"url\":\"https:\\\/\\\/astroshop.ma\\\/wp-content\\\/uploads\\\/2026\\\/01\\\/Celestron-eyepiece-and-filter-set-1-25-.jpg\",\"contentUrl\":\"https:\\\/\\\/astroshop.ma\\\/wp-content\\\/uploads\\\/2026\\\/01\\\/Celestron-eyepiece-and-filter-set-1-25-.jpg\",\"width\":800,\"height\":800},{\"@type\":\"BreadcrumbList\",\"@id\":\"https:\\\/\\\/astroshop.ma\\\/?product=celestron-serie-de-filtre-et-doculaires-1-25#breadcrumb\",\"itemListElement\":[{\"@type\":\"ListItem\",\"position\":1,\"name\":\"Home\",\"item\":\"https:\\\/\\\/astroshop.ma\\\/\"},{\"@type\":\"ListItem\",\"position\":2,\"name\":\"Shop\",\"item\":\"https:\\\/\\\/astroshop.ma\\\/?page_id=394\"},{\"@type\":\"ListItem\",\"position\":3,\"name\":\"Celestron s\u00e9rie de filtre et d\u00b4oculaires 1.25&#8221;\"}]},{\"@type\":\"WebSite\",\"@id\":\"https:\\\/\\\/astroshop.ma\\\/#website\",\"url\":\"https:\\\/\\\/astroshop.ma\\\/\",\"name\":\"Astroshop Maroc\",\"description\":\"Des instruments astronomiques pour chaque astronome au Maroc\",\"publisher\":{\"@id\":\"https:\\\/\\\/astroshop.ma\\\/#organization\"},\"potentialAction\":[{\"@type\":\"SearchAction\",\"target\":{\"@type\":\"EntryPoint\",\"urlTemplate\":\"https:\\\/\\\/astroshop.ma\\\/?s={search_term_string}\"},\"query-input\":{\"@type\":\"PropertyValueSpecification\",\"valueRequired\":true,\"valueName\":\"search_term_string\"}}],\"inLanguage\":\"en-US\"},{\"@type\":\"Organization\",\"@id\":\"https:\\\/\\\/astroshop.ma\\\/#organization\",\"name\":\"Astroshop Maroc\",\"url\":\"https:\\\/\\\/astroshop.ma\\\/\",\"logo\":{\"@type\":\"ImageObject\",\"inLanguage\":\"en-US\",\"@id\":\"https:\\\/\\\/astroshop.ma\\\/#\\\/schema\\\/logo\\\/image\\\/\",\"url\":\"https:\\\/\\\/astroshop.ma\\\/wp-content\\\/uploads\\\/2025\\\/12\\\/M20_Logo_1.jpg\",\"contentUrl\":\"https:\\\/\\\/astroshop.ma\\\/wp-content\\\/uploads\\\/2025\\\/12\\\/M20_Logo_1.jpg\",\"width\":501,\"height\":334,\"caption\":\"Astroshop Maroc\"},\"image\":{\"@id\":\"https:\\\/\\\/astroshop.ma\\\/#\\\/schema\\\/logo\\\/image\\\/\"}}]}<\/script>\n<!-- \/ Yoast SEO plugin. -->","yoast_head_json":{"title":"Celestron s\u00e9rie de filtre et d\u00b4oculaires 1.25'' - Astroshop Maroc","robots":{"index":"index","follow":"follow","max-snippet":"max-snippet:-1","max-image-preview":"max-image-preview:large","max-video-preview":"max-video-preview:-1"},"canonical":"https:\/\/astroshop.ma\/?product=celestron-serie-de-filtre-et-doculaires-1-25","og_locale":"en_US","og_type":"article","og_title":"Celestron s\u00e9rie de filtre et d\u00b4oculaires 1.25'' - Astroshop Maroc","og_description":"Caract\u00e9ristiques Techniques     Capacit\u00e9   Champ de vision apparent (\u00b0) 52   Focale (mm) 6 ; 8 ; 13 ; 17 ; 32   Nombre de lentilles 4   Nombre de groupes 2   Connexion (au t\u00e9l\u00e9scope) 1,25\"   Traitement de l'optique Toutes surfaces   Particularit\u00e9s   Pas-de-vis du filtre oui   \u00c9quipement   Nombre d'oculaires (exemplaires) 5   Focale (mm) 6; 8; 13; 17; 32   Contenu 6 filtres color\u00e9s, filtre lunaire, 2-fois lentille Barlow   Connexion (au t\u00e9l\u00e9scope) 1,25\"   Donn\u00e9es g\u00e9n\u00e9rales   Type Oculaire   Type de construction Set des oculaires   Poids total (kg) 1,6","og_url":"https:\/\/astroshop.ma\/?product=celestron-serie-de-filtre-et-doculaires-1-25","og_site_name":"Astroshop Maroc","og_image":[{"width":800,"height":800,"url":"https:\/\/astroshop.ma\/wp-content\/uploads\/2026\/01\/Celestron-eyepiece-and-filter-set-1-25-.jpg","type":"image\/jpeg"}],"twitter_card":"summary_large_image","twitter_misc":{"Est. reading time":"2 minutes"},"schema":{"@context":"https:\/\/schema.org","@graph":[{"@type":"WebPage","@id":"https:\/\/astroshop.ma\/?product=celestron-serie-de-filtre-et-doculaires-1-25","url":"https:\/\/astroshop.ma\/?product=celestron-serie-de-filtre-et-doculaires-1-25","name":"Celestron s\u00e9rie de filtre et d\u00b4oculaires 1.25'' - Astroshop Maroc","isPartOf":{"@id":"https:\/\/astroshop.ma\/#website"},"primaryImageOfPage":{"@id":"https:\/\/astroshop.ma\/?product=celestron-serie-de-filtre-et-doculaires-1-25#primaryimage"},"image":{"@id":"https:\/\/astroshop.ma\/?product=celestron-serie-de-filtre-et-doculaires-1-25#primaryimage"},"thumbnailUrl":"https:\/\/astroshop.ma\/wp-content\/uploads\/2026\/01\/Celestron-eyepiece-and-filter-set-1-25-.jpg","datePublished":"2026-01-08T18:06:22+00:00","breadcrumb":{"@id":"https:\/\/astroshop.ma\/?product=celestron-serie-de-filtre-et-doculaires-1-25#breadcrumb"},"inLanguage":"en-US","potentialAction":[{"@type":"ReadAction","target":["https:\/\/astroshop.ma\/?product=celestron-serie-de-filtre-et-doculaires-1-25"]}]},{"@type":"ImageObject","inLanguage":"en-US","@id":"https:\/\/astroshop.ma\/?product=celestron-serie-de-filtre-et-doculaires-1-25#primaryimage","url":"https:\/\/astroshop.ma\/wp-content\/uploads\/2026\/01\/Celestron-eyepiece-and-filter-set-1-25-.jpg","contentUrl":"https:\/\/astroshop.ma\/wp-content\/uploads\/2026\/01\/Celestron-eyepiece-and-filter-set-1-25-.jpg","width":800,"height":800},{"@type":"BreadcrumbList","@id":"https:\/\/astroshop.ma\/?product=celestron-serie-de-filtre-et-doculaires-1-25#breadcrumb","itemListElement":[{"@type":"ListItem","position":1,"name":"Home","item":"https:\/\/astroshop.ma\/"},{"@type":"ListItem","position":2,"name":"Shop","item":"https:\/\/astroshop.ma\/?page_id=394"},{"@type":"ListItem","position":3,"name":"Celestron s\u00e9rie de filtre et d\u00b4oculaires 1.25&#8221;"}]},{"@type":"WebSite","@id":"https:\/\/astroshop.ma\/#website","url":"https:\/\/astroshop.ma\/","name":"Astroshop Maroc","description":"Des instruments astronomiques pour chaque astronome au Maroc","publisher":{"@id":"https:\/\/astroshop.ma\/#organization"},"potentialAction":[{"@type":"SearchAction","target":{"@type":"EntryPoint","urlTemplate":"https:\/\/astroshop.ma\/?s={search_term_string}"},"query-input":{"@type":"PropertyValueSpecification","valueRequired":true,"valueName":"search_term_string"}}],"inLanguage":"en-US"},{"@type":"Organization","@id":"https:\/\/astroshop.ma\/#organization","name":"Astroshop Maroc","url":"https:\/\/astroshop.ma\/","logo":{"@type":"ImageObject","inLanguage":"en-US","@id":"https:\/\/astroshop.ma\/#\/schema\/logo\/image\/","url":"https:\/\/astroshop.ma\/wp-content\/uploads\/2025\/12\/M20_Logo_1.jpg","contentUrl":"https:\/\/astroshop.ma\/wp-content\/uploads\/2025\/12\/M20_Logo_1.jpg","width":501,"height":334,"caption":"Astroshop Maroc"},"image":{"@id":"https:\/\/astroshop.ma\/#\/schema\/logo\/image\/"}}]}},"_links":{"self":[{"href":"https:\/\/astroshop.ma\/index.php?rest_route=\/wp\/v2\/product\/11052","targetHints":{"allow":["GET"]}}],"collection":[{"href":"https:\/\/astroshop.ma\/index.php?rest_route=\/wp\/v2\/product"}],"about":[{"href":"https:\/\/astroshop.ma\/index.php?rest_route=\/wp\/v2\/types\/product"}],"wp:featuredmedia":[{"embeddable":true,"href":"https:\/\/astroshop.ma\/index.php?rest_route=\/wp\/v2\/media\/11054"}],"wp:attachment":[{"href":"https:\/\/astroshop.ma\/index.php?rest_route=%2Fwp%2Fv2%2Fmedia&parent=11052"}],"wp:term":[{"taxonomy":"product_brand","embeddable":true,"href":"https:\/\/astroshop.ma\/index.php?rest_route=%2Fwp%2Fv2%2Fproduct_brand&post=11052"},{"taxonomy":"product_cat","embeddable":true,"href":"https:\/\/astroshop.ma\/index.php?rest_route=%2Fwp%2Fv2%2Fproduct_cat&post=11052"},{"taxonomy":"product_tag","embeddable":true,"href":"https:\/\/astroshop.ma\/index.php?rest_route=%2Fwp%2Fv2%2Fproduct_tag&post=11052"}],"curies":[{"name":"wp","href":"https:\/\/api.w.org\/{rel}","templated":true}]}}