{"id":10970,"date":"2025-11-23T09:03:53","date_gmt":"2025-11-23T09:03:53","guid":{"rendered":"https:\/\/astroshop.ma\/?post_type=product&#038;p=10970"},"modified":"2025-11-23T09:17:06","modified_gmt":"2025-11-23T09:17:06","slug":"telescope-sky-watcher-mak127-sur-azgti","status":"publish","type":"product","link":"https:\/\/astroshop.ma\/?product=telescope-sky-watcher-mak127-sur-azgti","title":{"rendered":"T\u00e9lescope Sky-Watcher Mak127 sur AZGTi"},"content":{"rendered":"<p><img loading=\"lazy\" decoding=\"async\" class=\"alignnone size-full wp-image-10806\" src=\"https:\/\/astroshop.ma\/wp-content\/uploads\/2025\/10\/Skywatcher.jpg\" alt=\"\" width=\"300\" height=\"150\" srcset=\"https:\/\/astroshop.ma\/wp-content\/uploads\/2025\/10\/Skywatcher.jpg 300w, https:\/\/astroshop.ma\/wp-content\/uploads\/2025\/10\/Skywatcher-64x32.jpg 64w\" sizes=\"auto, (max-width: 300px) 100vw, 300px\" \/><\/p>\n<h2>Tout savoir sur le Maksutov Sky-Watcher 127mm f\/11.8<\/h2>\n<ul>\n<li>T\u00e9lescope pour d\u00e9buter en Astronomie<\/li>\n<li>Id\u00e9al sur les plan\u00e8tes, la Lune et d\u00e9buter en observation du ciel profond<\/li>\n<li>Monture azimutale AZ-GTi pilotable en Wifi<\/li>\n<li>Motorisation double axe et GoTo inclus<\/li>\n<li>Facile \u00e0 transporter, l\u00e9ger et compact<\/li>\n<\/ul>\n<p>&nbsp;<\/p>\n<h4>Tout savoir sur le Maksutov Sky-Watcher 127mm f\/11.8<\/h4>\n<p>Le Mak127 de Sky-Watcher associe compacit\u00e9 et performances.\u00a0<strong>Deux fois plus lumineux que le Mak90<\/strong>, l&#8217;observation des objets du ciel profond devient plus \u00e9vidente. En plan\u00e9taire, la r\u00e9solution plus importante permet de d\u00e9buter en imagerie avec l&#8217;obtention de bons r\u00e9sultats. Le miroir primaire, associ\u00e9 au miroir secondaire et \u00e0 un m\u00e9nisque concave trait\u00e9 multi-couches donne ainsi de surprenants r\u00e9sultats. L&#8217;observation de Saturne, accompagn\u00e9e de ses anneaux est fantastique. Jupiter, plus grande plan\u00e8te du syst\u00e8me solaire r\u00e9v\u00e8le de fins d\u00e9tails de son atmosph\u00e8re.<\/p>\n<p>La Lune est une merveille que vous pourrez contempler pendant des ann\u00e9es, tant le nombre de crat\u00e8res qui constelle sa surface est importante.\u00a0<strong>Il n&#8217;y a aucun chromatisme, au contraire des lunettes achromatiques<\/strong>. Le tube est tr\u00e8s compact et l&#8217;ensemble facilement transportable. Compl\u00e9t\u00e9e par des oculaires de grandes focales, l&#8217;observation des objets du ciel profond les plus brillants telle la grande n\u00e9buleuse d&#8217;Orion (M42), l&#8217;Amas d&#8217;Hercule (M13) ou le Double Amas de Pers\u00e9e satisfera le d\u00e9butant comme l&#8217;amateur curieux. Sous un ciel bien sombre d&#8217;autres objets peuvent \u00eatre distingu\u00e9s ais\u00e9ment (ceux du catalogue Messier en particulier).<\/p>\n<p>La focalisation, \u00e9l\u00e9ment clef pour obtenir des images de qualit\u00e9 est effectu\u00e9e par translation du miroir primaire pour offrir une course de mise au point suffisante avec de nombreux accessoires.\u00a0<strong>La mise en temp\u00e9rature (refroidissement du m\u00e9nisque en particulier) est rapide (nettement moins de 30min)<\/strong>.<\/p>\n<h4>Tout savoir sur la monture Sky-Watcher AZ-GTi<\/h4>\n<p>Pour \u00e9tendre sa gamme de montures, Sky-Watcher propose un nouveau mod\u00e8le pour les utilisateurs de lunettes et t\u00e9lescopes int\u00e9ress\u00e9s par l&#8217;observation de jour ou de nuit&#8230; en GOTO (pointage automatique).\u00a0<strong>L&#8217;AZ-GTi Wifi GOTO est donc une monture altazimutale<\/strong>\u00a0(syst\u00e8me le plus simple, confortable et polyvalent \u00e0 utiliser),\u00a0<strong>motoris\u00e9e 2 axes et dot\u00e9e de son propre r\u00e9seau Wifi<\/strong>. Gr\u00e2ce \u00e0 votre smartphone (sous syst\u00e8me\u00a0<a href=\"https:\/\/play.google.com\/store\/apps\/details?id=com.skywatcher.synscanapppro&amp;hl=fr\" target=\"_blank\" rel=\"noopener\">Google Android<\/a>\u00a0ou\u00a0<a href=\"https:\/\/apps.apple.com\/fr\/app\/synscan-pro\/id1302270121\" target=\"_blank\" rel=\"noopener\">Apple iOS<\/a>) et l&#8217;application gratuite SynScan App vous pourrez piloter facilement votre monture sans fil!<\/p>\n<p>Apr\u00e8s avoir rentr\u00e9 les coordonn\u00e9es dans l&#8217;application et suivi la proc\u00e9dure simple d&#8217;alignement, vous serez capable d&#8217;explorer l&#8217;Univers gr\u00e2ce \u00e0 votre smartphone ou tablette!\u00a0<strong>Nul besoin de conna\u00eetre le ciel<\/strong>\u00a0gr\u00e2ce \u00e0 la base de donn\u00e9es de plus de 10 000 objets&#8230; et l&#8217;aide de\u00a0<strong>la motorisation double axe vous \u00e9vitera de compenser manuellement la rotation de la Terre<\/strong>. L&#8217;AZ-GTi vous permet m\u00eame \u00e0 l&#8217;aide de la technologie SkyWatcher Freedom-Find\u2122 de d\u00e9placer votre instrument manuellement sans perdre le positionnement. Vous disposez alors du maximum de libert\u00e9, choix, flexibilit\u00e9 durant vos observations.<\/p>\n<p><strong>Gr\u00e2ce \u00e0 une capacit\u00e9 de charge de 5kg<\/strong>\u00a0(avec une queue d&#8217;aronde m\u00e2le type Vixen optionnelle) vous pouvez utiliser des lunettes jusqu&#8217;\u00e0 100\/120mm de diam\u00e8tre ou des Maksutov-Cassegrain de 127mm ainsi que des petits Newton (attention \u00e0 la longueur du tube dans les 3 cas). Le tr\u00e9pied r\u00e9tractable en aluminium est facilement transportable. C&#8217;est un ensemble (monture + tr\u00e9pied) parfait pour l&#8217;observateur nomade.<\/p>\n<figure><img decoding=\"async\" title=\"Monture Sky-Watcher AZGTi Wifi GoTo\" src=\"https:\/\/www.telescopes-et-accessoires.fr\/img\/cms\/photos\/fiches\/SW0403-04-small.webp\" alt=\"monture_skywatcher_azgti_04.jpg\" \/><figcaption>Monture Sky-Watcher AZGTi Wifi GoTo<\/figcaption><\/figure>\n<h4>Galerie d&#8217;astrophotographes (avec le tube Mak127)<\/h4>\n<figure><img decoding=\"async\" src=\"https:\/\/www.telescopes-et-accessoires.fr\/img\/cms\/photos\/fiches\/Jupiter-Laurent-MAK127-01.webp\" alt=\"Jupiter le 18 f\u00e9vrier 2015\" \/><figcaption><strong>Jupiter le 18 f\u00e9vrier 2015<\/strong>\u00a0par\u00a0<a href=\"https:\/\/www.astrobin.com\/169694\/0\/\" target=\"_blanck\">Laurent<\/a>\u00a0(Haute-Garonne, France)<br \/>\nComposition de 300 images avec un t\u00e9lescope Sky-Watcher Mak127 f\/11.8, une cam\u00e9ra QHY 5L-II-C et une monture \u00e9quatoriale Celestron CG5 GoTo.<br \/>\n(photo utilis\u00e9e avec autorisation de l&#8217;auteur)<\/figcaption><\/figure>\n<figure><a href=\"https:\/\/www.telescopes-et-accessoires.fr\/img\/cms\/Files\/131989\/Img\/03\/Lune-Messina-MAK127-01.jpg\" target=\"_blanck\"><img decoding=\"async\" src=\"https:\/\/www.telescopes-et-accessoires.fr\/img\/cms\/photos\/fiches\/Lune-Messina-MAK127-01-small.webp\" alt=\"Croissant lunaire le 28 janvier 2020\" \/><\/a><figcaption><strong>Croissant lunaire le 28 janvier 2020<\/strong>\u00a0par\u00a0<a href=\"https:\/\/www.astrobin.com\/e17s3n\/0\/\" target=\"_blanck\">Jean-Marie Messina<\/a>\u00a0(Haute-Garonne, France) &#8211; Traitements Etienne Lecoq<br \/>\nMosa\u00efque de 2 images avec t\u00e9lescope Sky-Watcher Mak127 f\/11.8, une cam\u00e9ra<a href=\"https:\/\/www.telescopes-et-accessoires.fr\/cameras\/9118-camera-monochrome-zwo-asi174mm-0611550605227.html\" target=\"_blank\" rel=\"noopener\">\u00a0ZWO ASI174MM<\/a>\u00a0et monture \u00e9quatoriale\u00a0<a href=\"https:\/\/www.telescopes-et-accessoires.fr\/montures-equatoriales\/9488-monture-equatoriale-sky-watcher-eq8-r-3664055003729.html\" target=\"_blank\" rel=\"noopener\">Sky-Watcher EQ8 Pro-GoTo<\/a>.<br \/>\n(photo utilis\u00e9e avec autorisation de l&#8217;auteur)<\/figcaption><\/figure>\n<p><img decoding=\"async\" src=\"https:\/\/www.telescopes-et-accessoires.fr\/img\/cms\/photos\/fiches\/Saturne-Julien-MAK127-01-small.webp\" alt=\"Saturne le 15 ao\u00fbt 2018\" \/><strong>Saturne le 15 ao\u00fbt 2018<\/strong>\u00a0par\u00a0<a href=\"http:\/\/www.astrosurf.com\/topic\/121097-ma-meilleure-saturne-au-mak-127-une-jupiter-tardive-du-15-ao%C3%BBt\/\" target=\"_blanck\">Julien Sarkissian<\/a>\u00a0(R\u00e9gion parisienne, France)<br \/>\nImage r\u00e9alis\u00e9e avec un t\u00e9lescope Sky-Watcher Mak127 f\/11.8 et une cam\u00e9ra QHY-5III-224.<br \/>\nBarlow\u00a0<a href=\"https:\/\/www.telescopes-et-accessoires.fr\/extendeurs-de-focale\/8309-lentille-de-barlow-2x-televue-coulant-3175mm-3948600040620.html\" target=\"_blank\" rel=\"noopener\">TeleVue x2<\/a>\u00a0et correcteur\u00a0<a href=\"https:\/\/www.telescopes-et-accessoires.fr\/autres-accessoires-pour-l-imagerie\/9165-correcteur-de-dispersion-atmospherique-adc-zwo-3175mm-0611550605548.html\" target=\"_blank\" rel=\"noopener\">ZWO ADC<\/a>.<br \/>\n(photo utilis\u00e9e avec autorisation de l&#8217;auteur)<\/p>\n<p>&nbsp;<\/p>\n<p>&nbsp;<\/p>\n<p>&nbsp;<\/p>\n<h3>\u00c9l\u00e9ments Livr\u00e9s<\/h3>\n<h4>Tube optique Sky-Watcher Mak 127mm f\/11.8<\/h4>\n<ul>\n<li>1x Tube optique Sky-Watcher Mak127 f\/11.8<\/li>\n<li>2x Oculaires coulant 31.75mm : 10mm et 20mm<\/li>\n<li>1x Adaptateur pour smartphone<\/li>\n<li>1x Renvoi coud\u00e9 31.75mm<\/li>\n<li>1x Chercheur type &#8220;point rouge&#8221;<\/li>\n<li>1x Queue d&#8217;aronde m\u00e2le int\u00e9gr\u00e9e type Vixen<\/li>\n<\/ul>\n<h4>Monture Sky-Watcher AZ-GTi<\/h4>\n<ul>\n<li>1x Monture azimutale AZ-GTi<\/li>\n<li>1x Queue d&#8217;aronde femelle type Vixen<\/li>\n<li>1x Colonne d&#8217;extension 21,5mm<\/li>\n<li>1x Tr\u00e9pied en aluminium r\u00e9glable en hauteur<\/li>\n<li>1x Tablette porte-accessoires<\/li>\n<li>Manuel d&#8217;utilisation en fran\u00e7ais<\/li>\n<\/ul>\n","protected":false},"excerpt":{"rendered":"<table class=\"microscope-specs\">\n<thead>\n<tr>\n<th colspan=\"2\">Tube Maksutov Sky-Watcher 127mm f\/11.8<\/th>\n<\/tr>\n<\/thead>\n<tbody>\n<tr class=\"category-header\">\n<td colspan=\"2\">Tube optique<\/td>\n<\/tr>\n<tr>\n<td>Longueur focale<\/td>\n<td>1500mm<\/td>\n<\/tr>\n<tr>\n<td>Rapport de focale<\/td>\n<td>f\/11.8<\/td>\n<\/tr>\n<tr>\n<td>Diam\u00e8tre maximal frontal<\/td>\n<td>149mm (pour l&#8217;ajout d&#8217;une r\u00e9sistance chauffante, pare-bu\u00e9e ou filtre solaire)<\/td>\n<\/tr>\n<tr>\n<td>Pouvoir de r\u00e9solution<\/td>\n<td>0.91&#8243;<\/td>\n<\/tr>\n<tr>\n<td>Magnitude limite<\/td>\n<td>12.3<\/td>\n<\/tr>\n<tr>\n<td>Construction<\/td>\n<td>M\u00e9tal<\/td>\n<\/tr>\n<tr>\n<td>Accessoires<\/td>\n<td>Avec queue d&#8217;aronde m\u00e2le type Vixen int\u00e9gr\u00e9e<\/td>\n<\/tr>\n<tr>\n<td>Porte-oculaire<\/td>\n<td>31.75mm avec filetage M42<\/td>\n<\/tr>\n<tr>\n<td>Dimensions (Diam\u00e8tre x Longueur)<\/td>\n<td>140mm x 330mm<\/td>\n<\/tr>\n<tr>\n<td>Poids<\/td>\n<td>3.6kg<\/td>\n<\/tr>\n<tr class=\"category-header\">\n<td colspan=\"2\">Monture<\/td>\n<\/tr>\n<tr>\n<td>Type<\/td>\n<td>Azimutale et motoris\u00e9e (GoTo)<\/td>\n<\/tr>\n<tr>\n<td>Capacit\u00e9 de charge<\/td>\n<td>5kg<\/td>\n<\/tr>\n<tr>\n<td>Motorisation<\/td>\n<td>Suivi double axe (servo-moteur DC)<\/td>\n<\/tr>\n<tr>\n<td>Contr\u00f4leur<\/td>\n<td>Par l&#8217;application gratuite SynScan App (t\u00e9l\u00e9phone iOS ou Android ou raquette de commande SynScan optionnelle)<\/td>\n<\/tr>\n<tr>\n<td>Base de donn\u00e9es SynScan App<\/td>\n<td>Total : +10 000 objets donc les catalogues Messier, NGC, IC, Caldwell. 305 \u00e9toiles nomm\u00e9es, 55 \u00e9toiles Doubles, Plan\u00e8te, Lune, Soleil<\/td>\n<\/tr>\n<tr>\n<td>Type de suivi<\/td>\n<td>Vitesse (0.5x \u00e0 800x) &#8211; Sid\u00e9rale, Lunaire, Solaire<\/td>\n<\/tr>\n<tr>\n<td>Pr\u00e9cision de la motorisation<\/td>\n<td>2 073 600 pas\/tour soit 0.625 seconde d&#8217;arc<\/td>\n<\/tr>\n<tr>\n<td>Pr\u00e9cision des encodeurs<\/td>\n<td>1068 pas\/tour soit 20 minutes d&#8217;arc<\/td>\n<\/tr>\n<tr>\n<td>Fixation de l&#8217;instrument<\/td>\n<td>Queue d&#8217;aronde femelle type Vixen<\/td>\n<\/tr>\n<tr class=\"category-header\">\n<td colspan=\"2\">Tr\u00e9pied<\/td>\n<\/tr>\n<tr>\n<td>Type<\/td>\n<td>D\u00e9pliable, avec entretoise, colonne d&#8217;extension 21.5cm incluse<\/td>\n<\/tr>\n<tr>\n<td>Hauteur tr\u00e9pied\/Monture<\/td>\n<td>80.5mm \u00e0 152mm<\/td>\n<\/tr>\n<tr>\n<td>Fixation de l&#8217;instrument<\/td>\n<td>Queue d&#8217;aronde femelle type Vixen<\/td>\n<\/tr>\n<tr>\n<td>Poids<\/td>\n<td>Monture seule : 1.3kg &#8211; Tr\u00e9pied seul : 1.9kg &#8211; Colonne : 0.5kg &#8211; Total : 3.7kg<\/td>\n<\/tr>\n<tr class=\"category-header\">\n<td colspan=\"2\">Connectique et Alimentation<\/td>\n<\/tr>\n<tr>\n<td>Connectique<\/td>\n<td>Port pour raquette de contr\u00f4le SynScan &#8211; Port obturateur APN (c\u00e2ble optionnel) &#8211; Module Wifi Int\u00e9gr\u00e9 &#8211; Prise Alimentation 12V<\/td>\n<\/tr>\n<tr>\n<td>Mat\u00e9riaux<\/td>\n<td>Monture et tr\u00e9pied en aluminium<\/td>\n<\/tr>\n<tr>\n<td>Alimentation<\/td>\n<td>12V DC (c\u00e2ble ou batterie Sky-Watcher 17Ah optionnels) ou boitier piles (8 AA\/LR6 optionnelles)<\/td>\n<\/tr>\n<\/tbody>\n<\/table>\n","protected":false},"featured_media":10971,"template":"","meta":{"_editorskit_title_hidden":false,"_editorskit_reading_time":0,"_editorskit_is_block_options_detached":false,"_editorskit_block_options_position":"{}","_coblocks_attr":"","_coblocks_dimensions":"","_coblocks_responsive_height":"","_coblocks_accordion_ie_support":"","_crdt_document":"","_monsterinsights_skip_tracking":false,"_monsterinsights_sitenote_active":false,"_monsterinsights_sitenote_note":"","_monsterinsights_sitenote_category":0},"product_brand":[],"product_cat":[193,22],"product_tag":[],"class_list":{"0":"post-10970","1":"product","2":"type-product","3":"status-publish","4":"has-post-thumbnail","6":"product_cat-maksutov","7":"product_cat-telescopes","9":"first","10":"instock","11":"shipping-taxable","12":"purchasable","13":"product-type-simple"},"yoast_head":"<!-- This site is optimized with the Yoast SEO plugin v27.4 - https:\/\/yoast.com\/product\/yoast-seo-wordpress\/ -->\n<title>T\u00e9lescope Sky-Watcher Mak127 sur AZGTi - Astroshop Maroc<\/title>\n<meta name=\"robots\" content=\"index, follow, max-snippet:-1, max-image-preview:large, max-video-preview:-1\" \/>\n<link rel=\"canonical\" href=\"https:\/\/astroshop.ma\/?product=telescope-sky-watcher-mak127-sur-azgti\" \/>\n<meta property=\"og:locale\" content=\"en_US\" \/>\n<meta property=\"og:type\" content=\"article\" \/>\n<meta property=\"og:title\" content=\"T\u00e9lescope Sky-Watcher Mak127 sur AZGTi - Astroshop Maroc\" \/>\n<meta property=\"og:description\" content=\"Tube Maksutov Sky-Watcher 127mm f\/11.8     Tube optique   Longueur focale 1500mm   Rapport de focale f\/11.8   Diam\u00e8tre maximal frontal 149mm (pour l&#039;ajout d&#039;une r\u00e9sistance chauffante, pare-bu\u00e9e ou filtre solaire)   Pouvoir de r\u00e9solution 0.91&quot;   Magnitude limite 12.3   Construction M\u00e9tal   Accessoires Avec queue d&#039;aronde m\u00e2le type Vixen int\u00e9gr\u00e9e   Porte-oculaire 31.75mm avec filetage M42   Dimensions (Diam\u00e8tre x Longueur) 140mm x 330mm   Poids 3.6kg   Monture   Type Azimutale et motoris\u00e9e (GoTo)   Capacit\u00e9 de charge 5kg   Motorisation Suivi double axe (servo-moteur DC)   Contr\u00f4leur Par l&#039;application gratuite SynScan App (t\u00e9l\u00e9phone iOS ou Android ou raquette de commande SynScan optionnelle)   Base de donn\u00e9es SynScan App Total : +10 000 objets donc les catalogues Messier, NGC, IC, Caldwell. 305 \u00e9toiles nomm\u00e9es, 55 \u00e9toiles Doubles, Plan\u00e8te, Lune, Soleil   Type de suivi Vitesse (0.5x \u00e0 800x) - Sid\u00e9rale, Lunaire, Solaire   Pr\u00e9cision de la motorisation 2 073 600 pas\/tour soit 0.625 seconde d&#039;arc   Pr\u00e9cision des encodeurs 1068 pas\/tour soit 20 minutes d&#039;arc   Fixation de l&#039;instrument Queue d&#039;aronde femelle type Vixen   Tr\u00e9pied   Type D\u00e9pliable, avec entretoise, colonne d&#039;extension 21.5cm incluse   Hauteur tr\u00e9pied\/Monture 80.5mm \u00e0 152mm   Fixation de l&#039;instrument Queue d&#039;aronde femelle type Vixen   Poids Monture seule : 1.3kg - Tr\u00e9pied seul : 1.9kg - Colonne : 0.5kg - Total : 3.7kg   Connectique et Alimentation   Connectique Port pour raquette de contr\u00f4le SynScan - Port obturateur APN (c\u00e2ble optionnel) - Module Wifi Int\u00e9gr\u00e9 - Prise Alimentation 12V   Mat\u00e9riaux Monture et tr\u00e9pied en aluminium   Alimentation 12V DC (c\u00e2ble ou batterie Sky-Watcher 17Ah optionnels) ou boitier piles (8 AA\/LR6 optionnelles)\" \/>\n<meta property=\"og:url\" content=\"https:\/\/astroshop.ma\/?product=telescope-sky-watcher-mak127-sur-azgti\" \/>\n<meta property=\"og:site_name\" content=\"Astroshop Maroc\" \/>\n<meta property=\"article:modified_time\" content=\"2025-11-23T09:17:06+00:00\" \/>\n<meta property=\"og:image\" content=\"https:\/\/astroshop.ma\/wp-content\/uploads\/2025\/11\/telescope-sky-watcher-mak-127-1500-sur-azgti.jpg\" \/>\n\t<meta property=\"og:image:width\" content=\"800\" \/>\n\t<meta property=\"og:image:height\" content=\"800\" \/>\n\t<meta property=\"og:image:type\" content=\"image\/jpeg\" \/>\n<meta name=\"twitter:card\" content=\"summary_large_image\" \/>\n<meta name=\"twitter:label1\" content=\"Est. reading time\" \/>\n\t<meta name=\"twitter:data1\" content=\"4 minutes\" \/>\n<script type=\"application\/ld+json\" class=\"yoast-schema-graph\">{\"@context\":\"https:\\\/\\\/schema.org\",\"@graph\":[{\"@type\":\"WebPage\",\"@id\":\"https:\\\/\\\/astroshop.ma\\\/?product=telescope-sky-watcher-mak127-sur-azgti\",\"url\":\"https:\\\/\\\/astroshop.ma\\\/?product=telescope-sky-watcher-mak127-sur-azgti\",\"name\":\"T\u00e9lescope Sky-Watcher Mak127 sur AZGTi - Astroshop Maroc\",\"isPartOf\":{\"@id\":\"https:\\\/\\\/astroshop.ma\\\/#website\"},\"primaryImageOfPage\":{\"@id\":\"https:\\\/\\\/astroshop.ma\\\/?product=telescope-sky-watcher-mak127-sur-azgti#primaryimage\"},\"image\":{\"@id\":\"https:\\\/\\\/astroshop.ma\\\/?product=telescope-sky-watcher-mak127-sur-azgti#primaryimage\"},\"thumbnailUrl\":\"https:\\\/\\\/astroshop.ma\\\/wp-content\\\/uploads\\\/2025\\\/11\\\/telescope-sky-watcher-mak-127-1500-sur-azgti.jpg\",\"datePublished\":\"2025-11-23T09:03:53+00:00\",\"dateModified\":\"2025-11-23T09:17:06+00:00\",\"breadcrumb\":{\"@id\":\"https:\\\/\\\/astroshop.ma\\\/?product=telescope-sky-watcher-mak127-sur-azgti#breadcrumb\"},\"inLanguage\":\"en-US\",\"potentialAction\":[{\"@type\":\"ReadAction\",\"target\":[\"https:\\\/\\\/astroshop.ma\\\/?product=telescope-sky-watcher-mak127-sur-azgti\"]}]},{\"@type\":\"ImageObject\",\"inLanguage\":\"en-US\",\"@id\":\"https:\\\/\\\/astroshop.ma\\\/?product=telescope-sky-watcher-mak127-sur-azgti#primaryimage\",\"url\":\"https:\\\/\\\/astroshop.ma\\\/wp-content\\\/uploads\\\/2025\\\/11\\\/telescope-sky-watcher-mak-127-1500-sur-azgti.jpg\",\"contentUrl\":\"https:\\\/\\\/astroshop.ma\\\/wp-content\\\/uploads\\\/2025\\\/11\\\/telescope-sky-watcher-mak-127-1500-sur-azgti.jpg\",\"width\":800,\"height\":800},{\"@type\":\"BreadcrumbList\",\"@id\":\"https:\\\/\\\/astroshop.ma\\\/?product=telescope-sky-watcher-mak127-sur-azgti#breadcrumb\",\"itemListElement\":[{\"@type\":\"ListItem\",\"position\":1,\"name\":\"Home\",\"item\":\"https:\\\/\\\/astroshop.ma\\\/\"},{\"@type\":\"ListItem\",\"position\":2,\"name\":\"Shop\",\"item\":\"https:\\\/\\\/astroshop.ma\\\/?page_id=394\"},{\"@type\":\"ListItem\",\"position\":3,\"name\":\"T\u00e9lescope Sky-Watcher Mak127 sur AZGTi\"}]},{\"@type\":\"WebSite\",\"@id\":\"https:\\\/\\\/astroshop.ma\\\/#website\",\"url\":\"https:\\\/\\\/astroshop.ma\\\/\",\"name\":\"Astroshop Maroc\",\"description\":\"Des instruments astronomiques pour chaque astronome au Maroc\",\"publisher\":{\"@id\":\"https:\\\/\\\/astroshop.ma\\\/#organization\"},\"potentialAction\":[{\"@type\":\"SearchAction\",\"target\":{\"@type\":\"EntryPoint\",\"urlTemplate\":\"https:\\\/\\\/astroshop.ma\\\/?s={search_term_string}\"},\"query-input\":{\"@type\":\"PropertyValueSpecification\",\"valueRequired\":true,\"valueName\":\"search_term_string\"}}],\"inLanguage\":\"en-US\"},{\"@type\":\"Organization\",\"@id\":\"https:\\\/\\\/astroshop.ma\\\/#organization\",\"name\":\"Astroshop Maroc\",\"url\":\"https:\\\/\\\/astroshop.ma\\\/\",\"logo\":{\"@type\":\"ImageObject\",\"inLanguage\":\"en-US\",\"@id\":\"https:\\\/\\\/astroshop.ma\\\/#\\\/schema\\\/logo\\\/image\\\/\",\"url\":\"https:\\\/\\\/astroshop.ma\\\/wp-content\\\/uploads\\\/2025\\\/12\\\/M20_Logo_1.jpg\",\"contentUrl\":\"https:\\\/\\\/astroshop.ma\\\/wp-content\\\/uploads\\\/2025\\\/12\\\/M20_Logo_1.jpg\",\"width\":501,\"height\":334,\"caption\":\"Astroshop Maroc\"},\"image\":{\"@id\":\"https:\\\/\\\/astroshop.ma\\\/#\\\/schema\\\/logo\\\/image\\\/\"}}]}<\/script>\n<!-- \/ Yoast SEO plugin. -->","yoast_head_json":{"title":"T\u00e9lescope Sky-Watcher Mak127 sur AZGTi - Astroshop Maroc","robots":{"index":"index","follow":"follow","max-snippet":"max-snippet:-1","max-image-preview":"max-image-preview:large","max-video-preview":"max-video-preview:-1"},"canonical":"https:\/\/astroshop.ma\/?product=telescope-sky-watcher-mak127-sur-azgti","og_locale":"en_US","og_type":"article","og_title":"T\u00e9lescope Sky-Watcher Mak127 sur AZGTi - Astroshop Maroc","og_description":"Tube Maksutov Sky-Watcher 127mm f\/11.8     Tube optique   Longueur focale 1500mm   Rapport de focale f\/11.8   Diam\u00e8tre maximal frontal 149mm (pour l'ajout d'une r\u00e9sistance chauffante, pare-bu\u00e9e ou filtre solaire)   Pouvoir de r\u00e9solution 0.91\"   Magnitude limite 12.3   Construction M\u00e9tal   Accessoires Avec queue d'aronde m\u00e2le type Vixen int\u00e9gr\u00e9e   Porte-oculaire 31.75mm avec filetage M42   Dimensions (Diam\u00e8tre x Longueur) 140mm x 330mm   Poids 3.6kg   Monture   Type Azimutale et motoris\u00e9e (GoTo)   Capacit\u00e9 de charge 5kg   Motorisation Suivi double axe (servo-moteur DC)   Contr\u00f4leur Par l'application gratuite SynScan App (t\u00e9l\u00e9phone iOS ou Android ou raquette de commande SynScan optionnelle)   Base de donn\u00e9es SynScan App Total : +10 000 objets donc les catalogues Messier, NGC, IC, Caldwell. 305 \u00e9toiles nomm\u00e9es, 55 \u00e9toiles Doubles, Plan\u00e8te, Lune, Soleil   Type de suivi Vitesse (0.5x \u00e0 800x) - Sid\u00e9rale, Lunaire, Solaire   Pr\u00e9cision de la motorisation 2 073 600 pas\/tour soit 0.625 seconde d'arc   Pr\u00e9cision des encodeurs 1068 pas\/tour soit 20 minutes d'arc   Fixation de l'instrument Queue d'aronde femelle type Vixen   Tr\u00e9pied   Type D\u00e9pliable, avec entretoise, colonne d'extension 21.5cm incluse   Hauteur tr\u00e9pied\/Monture 80.5mm \u00e0 152mm   Fixation de l'instrument Queue d'aronde femelle type Vixen   Poids Monture seule : 1.3kg - Tr\u00e9pied seul : 1.9kg - Colonne : 0.5kg - Total : 3.7kg   Connectique et Alimentation   Connectique Port pour raquette de contr\u00f4le SynScan - Port obturateur APN (c\u00e2ble optionnel) - Module Wifi Int\u00e9gr\u00e9 - Prise Alimentation 12V   Mat\u00e9riaux Monture et tr\u00e9pied en aluminium   Alimentation 12V DC (c\u00e2ble ou batterie Sky-Watcher 17Ah optionnels) ou boitier piles (8 AA\/LR6 optionnelles)","og_url":"https:\/\/astroshop.ma\/?product=telescope-sky-watcher-mak127-sur-azgti","og_site_name":"Astroshop Maroc","article_modified_time":"2025-11-23T09:17:06+00:00","og_image":[{"width":800,"height":800,"url":"https:\/\/astroshop.ma\/wp-content\/uploads\/2025\/11\/telescope-sky-watcher-mak-127-1500-sur-azgti.jpg","type":"image\/jpeg"}],"twitter_card":"summary_large_image","twitter_misc":{"Est. reading time":"4 minutes"},"schema":{"@context":"https:\/\/schema.org","@graph":[{"@type":"WebPage","@id":"https:\/\/astroshop.ma\/?product=telescope-sky-watcher-mak127-sur-azgti","url":"https:\/\/astroshop.ma\/?product=telescope-sky-watcher-mak127-sur-azgti","name":"T\u00e9lescope Sky-Watcher Mak127 sur AZGTi - Astroshop Maroc","isPartOf":{"@id":"https:\/\/astroshop.ma\/#website"},"primaryImageOfPage":{"@id":"https:\/\/astroshop.ma\/?product=telescope-sky-watcher-mak127-sur-azgti#primaryimage"},"image":{"@id":"https:\/\/astroshop.ma\/?product=telescope-sky-watcher-mak127-sur-azgti#primaryimage"},"thumbnailUrl":"https:\/\/astroshop.ma\/wp-content\/uploads\/2025\/11\/telescope-sky-watcher-mak-127-1500-sur-azgti.jpg","datePublished":"2025-11-23T09:03:53+00:00","dateModified":"2025-11-23T09:17:06+00:00","breadcrumb":{"@id":"https:\/\/astroshop.ma\/?product=telescope-sky-watcher-mak127-sur-azgti#breadcrumb"},"inLanguage":"en-US","potentialAction":[{"@type":"ReadAction","target":["https:\/\/astroshop.ma\/?product=telescope-sky-watcher-mak127-sur-azgti"]}]},{"@type":"ImageObject","inLanguage":"en-US","@id":"https:\/\/astroshop.ma\/?product=telescope-sky-watcher-mak127-sur-azgti#primaryimage","url":"https:\/\/astroshop.ma\/wp-content\/uploads\/2025\/11\/telescope-sky-watcher-mak-127-1500-sur-azgti.jpg","contentUrl":"https:\/\/astroshop.ma\/wp-content\/uploads\/2025\/11\/telescope-sky-watcher-mak-127-1500-sur-azgti.jpg","width":800,"height":800},{"@type":"BreadcrumbList","@id":"https:\/\/astroshop.ma\/?product=telescope-sky-watcher-mak127-sur-azgti#breadcrumb","itemListElement":[{"@type":"ListItem","position":1,"name":"Home","item":"https:\/\/astroshop.ma\/"},{"@type":"ListItem","position":2,"name":"Shop","item":"https:\/\/astroshop.ma\/?page_id=394"},{"@type":"ListItem","position":3,"name":"T\u00e9lescope Sky-Watcher Mak127 sur AZGTi"}]},{"@type":"WebSite","@id":"https:\/\/astroshop.ma\/#website","url":"https:\/\/astroshop.ma\/","name":"Astroshop Maroc","description":"Des instruments astronomiques pour chaque astronome au Maroc","publisher":{"@id":"https:\/\/astroshop.ma\/#organization"},"potentialAction":[{"@type":"SearchAction","target":{"@type":"EntryPoint","urlTemplate":"https:\/\/astroshop.ma\/?s={search_term_string}"},"query-input":{"@type":"PropertyValueSpecification","valueRequired":true,"valueName":"search_term_string"}}],"inLanguage":"en-US"},{"@type":"Organization","@id":"https:\/\/astroshop.ma\/#organization","name":"Astroshop Maroc","url":"https:\/\/astroshop.ma\/","logo":{"@type":"ImageObject","inLanguage":"en-US","@id":"https:\/\/astroshop.ma\/#\/schema\/logo\/image\/","url":"https:\/\/astroshop.ma\/wp-content\/uploads\/2025\/12\/M20_Logo_1.jpg","contentUrl":"https:\/\/astroshop.ma\/wp-content\/uploads\/2025\/12\/M20_Logo_1.jpg","width":501,"height":334,"caption":"Astroshop Maroc"},"image":{"@id":"https:\/\/astroshop.ma\/#\/schema\/logo\/image\/"}}]}},"_links":{"self":[{"href":"https:\/\/astroshop.ma\/index.php?rest_route=\/wp\/v2\/product\/10970","targetHints":{"allow":["GET"]}}],"collection":[{"href":"https:\/\/astroshop.ma\/index.php?rest_route=\/wp\/v2\/product"}],"about":[{"href":"https:\/\/astroshop.ma\/index.php?rest_route=\/wp\/v2\/types\/product"}],"wp:featuredmedia":[{"embeddable":true,"href":"https:\/\/astroshop.ma\/index.php?rest_route=\/wp\/v2\/media\/10971"}],"wp:attachment":[{"href":"https:\/\/astroshop.ma\/index.php?rest_route=%2Fwp%2Fv2%2Fmedia&parent=10970"}],"wp:term":[{"taxonomy":"product_brand","embeddable":true,"href":"https:\/\/astroshop.ma\/index.php?rest_route=%2Fwp%2Fv2%2Fproduct_brand&post=10970"},{"taxonomy":"product_cat","embeddable":true,"href":"https:\/\/astroshop.ma\/index.php?rest_route=%2Fwp%2Fv2%2Fproduct_cat&post=10970"},{"taxonomy":"product_tag","embeddable":true,"href":"https:\/\/astroshop.ma\/index.php?rest_route=%2Fwp%2Fv2%2Fproduct_tag&post=10970"}],"curies":[{"name":"wp","href":"https:\/\/api.w.org\/{rel}","templated":true}]}}