{"id":10959,"date":"2025-11-18T20:12:30","date_gmt":"2025-11-18T20:12:30","guid":{"rendered":"https:\/\/astroshop.ma\/?post_type=product&#038;p=10959"},"modified":"2025-11-19T08:00:04","modified_gmt":"2025-11-19T08:00:04","slug":"telescope-dobson-sky-watcher-250mm-flextube","status":"publish","type":"product","link":"https:\/\/astroshop.ma\/?product=telescope-dobson-sky-watcher-250mm-flextube","title":{"rendered":"T\u00e9lescope Dobson Sky-Watcher 250mm FlexTube"},"content":{"rendered":"<p><img loading=\"lazy\" decoding=\"async\" class=\"alignnone size-full wp-image-10806\" src=\"https:\/\/astroshop.ma\/wp-content\/uploads\/2025\/10\/Skywatcher.jpg\" alt=\"\" width=\"300\" height=\"150\" srcset=\"https:\/\/astroshop.ma\/wp-content\/uploads\/2025\/10\/Skywatcher.jpg 300w, https:\/\/astroshop.ma\/wp-content\/uploads\/2025\/10\/Skywatcher-64x32.jpg 64w\" sizes=\"auto, (max-width: 300px) 100vw, 300px\" \/><\/p>\n<p>&nbsp;<\/p>\n<h2><strong>Grand diam\u00e8tre parfait pour l&#8217;observation du ciel profond (galaxies, n\u00e9buleuses)<\/strong><\/h2>\n<ul>\n<li>Bon pour l&#8217;observation plan\u00e9taire et lunaire<\/li>\n<li>Repliable pour \u00e9viter d\u00e9montage complet et collimation<\/li>\n<li>Transportable facilement par une personne<\/li>\n<\/ul>\n<p>&nbsp;<\/p>\n<h4>Tout savoir sur le t\u00e9lescope Dobson Sky-Watcher FlexTube 250mm f\/5<\/h4>\n<p><strong>Depuis quelques ann\u00e9es, la fi\u00e8vre Dobson envahit de plus en plus les astronomes amateurs<\/strong>\u00a0conscients que les plus fortes sensations sont ressenties avec les t\u00e9lescopes de grand diam\u00e8tre. L&#8217;observation des plan\u00e8tes est en effet limit\u00e9e \u00e0 Jupiter, Mars, Saturne (et la Lune) alors que les amas, n\u00e9buleuses et galaxies se comptent par plusieurs centaines dans un instrument de 254mm (voir milliers pour les plus grands diam\u00e8tres sous un ciel sombre).<strong>\u00a0Sans moteur ou \u00e9lectronique, les Dobson sont en effet les instruments procurant le plus de lumi\u00e8re, \u00e0 un budget donn\u00e9,<\/strong>\u00a0par rapport \u00e0 tout autre type d&#8217;instruments (pour la plupart motoris\u00e9 et Go-To).<\/p>\n<p>Cependant la qu\u00eate du diam\u00e8tre engendre un d\u00e9sagr\u00e9ment majeur : l&#8217;encombrement ! Quand l&#8217;on d\u00e9sire observer dans les meilleures conditions, pour exploiter tout le potentiel de son instrument, loin de la lumi\u00e8re des villes, il est imp\u00e9ratif de d\u00e9placer son mat\u00e9riel dans un v\u00e9hicule puis de le monter et d\u00e9monter. Or il faut de la place et effectuer si possible un minimum d&#8217;all\u00e9es et venues lors du chargement. Bien que les structures Serrurier existent depuis longtemps, elles ne sont disponibles sur les Dobson bon march\u00e9 que depuis peu et n\u00e9cessitent un d\u00e9montage\/remontage permanent puis une reprise de la collimation (op\u00e9ration qui prend un peu de temps mais dont on finit par s&#8217;habituer avec l&#8217;exp\u00e9rience).<\/p>\n<figure><img decoding=\"async\" title=\"Le t\u00e9lescope Dobson Sky-Watcher FlexTube 250mm F\/D 5\" src=\"https:\/\/www.telescopes-et-accessoires.fr\/img\/cms\/photos\/fiches\/SW0059-01-small.webp\" \/><figcaption>Le t\u00e9lescope Dobson Sky-Watcher FlexTube 250mm F\/D 5<\/figcaption><\/figure>\n<p>Sky-Watcher, qui con\u00e7oit des Dobson \u00e0 tubes pleins appr\u00e9ci\u00e9s des d\u00e9butants et amateurs depuis de nombreuses ann\u00e9es, a innov\u00e9 en 2009 en reprenant compl\u00e8tement le design de ses instruments. Le fabricant sino-canadien a cherch\u00e9 \u00e0 combiner l&#8217;avantage de &#8220;l&#8217;assemblage complet&#8221; des tubes pleins et le faible encombrement procur\u00e9 par les tubes ouverts.<strong>\u00a0L&#8217;id\u00e9e du &#8220;t\u00e9lescope t\u00e9lescopique&#8221; est d\u00e9sormais une r\u00e9alit\u00e9\u00a0<\/strong>(\u00e0 un prix qui reste tr\u00e8s attractif) \u00e0 travers la gamme FlexTube.<\/p>\n<p>Selon le principe que &#8220;<strong>le meilleur instrument est celui qu&#8217;on utilise le plus souvent<\/strong>&#8221; SkyWatcher pousse avec la gamme FlexTube plus loin le confort pour que vous n&#8217;h\u00e9sitiez pas un instant \u00e0 contempler le ciel et ses merveilles.<\/p>\n<h4>FlexTube : le confort ultime<\/h4>\n<p>Le principe du FlexTube est simple, il se base sur une conception type Serrurier, o\u00f9 3 tubes soutiennent solidement la cage du miroir secondaire (qui supporte aussi le porte oculaire et le chercheur). Sauf qu&#8217;ici\u00a0<strong>les tubes ne sont pas d\u00e9montables car log\u00e9s dans un serrage qui permet de les faire coulisser<\/strong>. En desserrant simplement 3 molettes, les tubes glissent vers le bas jusqu&#8217;\u00e0 ce que l&#8217;instrument soit repli\u00e9. Trois vis sur la cage du secondaire permettent ensuite de la bloquer sur la caisse du primaire. L&#8217;ensemble est beaucoup plus &#8220;petit&#8221; rentrant ais\u00e9ment, \u00e0 la verticale, dans n&#8217;importe quel coffre de voiture (hauteur maximale de 920mm pour le 305mm). Avec une base de 630x740mm il vous restera m\u00eame de la place pour divers accessoires.<\/p>\n<p>Le point important d&#8217;une telle configuration est la tenue de la collimation (alignement entre les 2 miroirs). D&#8217;apr\u00e8s le constructeur,<strong>\u00a0les FlexTube conservent le positionnement des 2 \u00e9l\u00e9ments optiques (particuli\u00e8rement du miroir secondaire) \u00e0 chaque pliage\/d\u00e9pliage<\/strong>. A noter : l&#8217;alignement n&#8217;\u00e9volue pas au cours de la nuit ou suivant la position du tube optique. Il n&#8217;y a donc rien de plus facile que de mettre en place de tels instruments. Sortez \u00e0 l&#8217;aide des poign\u00e9es (molettes de serrage en altitude) le t\u00e9lescope complet (40kg au total pour le plus grand mod\u00e8le). Desserrez les molettes de serrage des tubes (ainsi que les vis de blocage). Faites coulissez la cage du miroir jusqu&#8217;\u00e0 la position d&#8217;arr\u00eat des tubes. Resserrez pour finir les molettes.<\/p>\n<p><strong>Comme il n&#8217;y a pas besoin de mise en station, votre t\u00e9lescope est pr\u00eat pour une soir\u00e9e d&#8217;observation pleine de d\u00e9couvertes<\/strong>\u00a0(si vous n&#8217;avez pas touch\u00e9 au porte oculaire depuis votre derni\u00e8re sortie la mise au point sera alors d\u00e9j\u00e0 &#8220;pr\u00eate&#8221;). En seulement quelques secondes vous aurez effectu\u00e9\/\u00e9vit\u00e9 les traditionnelles \u00e9tapes : sortie du t\u00e9lescope \/ montage \/ collimation. Gagnez plus de temps et disposez d&#8217;un confort in\u00e9gal\u00e9 !<\/p>\n<figure><img decoding=\"async\" title=\"T\u00e9lescope Dobson Sky-Watcher Flextube une fois repli\u00e9\" src=\"https:\/\/www.telescopes-et-accessoires.fr\/img\/cms\/photos\/fiches\/Dobson-Flextube-01.webp\" \/><figcaption>T\u00e9lescope Dobson Sky-Watcher Flextube une fois repli\u00e9<\/figcaption><\/figure>\n<p>A titre d&#8217;information : V\u00e9rifiez la collimation, par s\u00e9curit\u00e9 (pour \u00eatre s\u00fbr de b\u00e9n\u00e9ficier des pleines performances de votre optique), car le miroir primaire peut l\u00e9g\u00e8rement bouger si vous d\u00e9placez \u00e0 l&#8217;aide d&#8217;une voiture (commun \u00e0 tous les t\u00e9lescopes en g\u00e9n\u00e9ral Dobson, Cassegrain ou Newton). A l&#8217;aide d&#8217;un oculaire de collimation type cheshire ou en d\u00e9focalisant la mise au point sur une \u00e9toile brillante.<\/p>\n<h4>Conception m\u00e9canique<\/h4>\n<p>Sky-Watcher ne propose pas seulement des t\u00e9lescopes \u00e0 des prix tr\u00e8s avantageux mais aussi des instruments faciles \u00e0 utiliser comme le montre le syst\u00e8me de basculement qui \u00e9quipe tous les Dobson de 150 \u00e0 305mm. La firme sino-canadienne a en effet d\u00e9velopp\u00e9 et brevet\u00e9 (United States Patent No. 6,940,642) une poign\u00e9e qui permet de serrer ou de desserrer la fourche sur le tube optique. Ainsi en fonction de l&#8217;inclinaison du tube et du poids des accessoires pr\u00e9sents dans le porte oculaire (t\u00eate binoculaire, oculaires de diff\u00e9rents coulants) l&#8217;observateur peut augmenter ou diminuer les frictions.\u00a0<strong>Le tube est alors suffisamment maintenu pour ne pas basculer vers le bas<\/strong>\u00a0comme c&#8217;est le cas avec d&#8217;autres fabrications et assez libre pour \u00eatre orient\u00e9 facilement vers un autre endroit du ciel.<\/p>\n<p>Au contraire des fabrications tr\u00e8s bon march\u00e9 ou les t\u00e9lescopes Newton de petits diam\u00e8tres,<strong>\u00a0les Newton (Dobson) Sky-Watcher de 203 \u00e0 400mm disposent d&#8217;un miroir primaire parabolique<\/strong>. Les miroirs sont polis sph\u00e9riquement puis retaill\u00e9s pour atteindre une forme parabolo\u00efdale (plus co\u00fbteuse et difficile \u00e0 obtenir). C&#8217;est un crit\u00e8re de choix indispensable pour les instruments au-dessus de 130mm et \u00e0 f\/D court.<\/p>\n<figure><img decoding=\"async\" title=\"dobson-02.jpg\" src=\"https:\/\/www.telescopes-et-accessoires.fr\/img\/cms\/photos\/fiches\/dobson-02.webp\" \/><figcaption>Miroir sph\u00e9rique vs miroir parabolique et poign\u00e9e de serrage<\/figcaption><\/figure>\n<p>Au niveau du mat\u00e9riau employ\u00e9 pour le miroir primaire,<strong>\u00a0les 203\/254\/305\/355\/406mm sont en Pyrex<\/strong>, ce qui a pour effet de r\u00e9duire les effets de la dilatation dus aux changements thermiques. En effet, le coefficient d&#8217;expansion thermique est plus faible que le verre standard ce qui r\u00e9duit son temps de mise en temp\u00e9rature et assure une meilleure qualit\u00e9 d&#8217;image. Tout comme le secondaire, le primaire est recouvert de couches de dioxyde de Titane (SiO2) et de quartz (SiO4) pour une protection efficace.<\/p>\n<p>Un chercheur achromatique sur son support est aussi livr\u00e9 en standard. Avec un grand diam\u00e8tre de 50mm pour un grossissement de 9x il r\u00e9v\u00e8le des objets invisibles dans les chercheurs de plus petites dimensions pour une recherche grandement facilit\u00e9. Deux oculaire de 20mm et 12.5mm de focale vous permettront de d\u00e9buter, dans un premier temps, en ayant une bonne palette de grossissements compatibles avec toutes les cibles possibles.<\/p>\n<h4>Mise au point pour les Dobson FlexTube 203, 254 et 305mm<\/h4>\n<p>La mise au point s&#8217;obtient par l&#8217;interm\u00e9diaire d&#8217;un porte oculaire Crayford bi-coulant. Un adaptateur 31.75mm est en fourni en standard pour utiliser des oculaires de m\u00eame format \u00e0 partir de la sortie en 50.8mm. Une vis de serrage situ\u00e9e en bas du porte oculaire permet de maintenir la mise au point suivant l&#8217;orientation du tube optique.<\/p>\n<h3><img decoding=\"async\" title=\"Dobson-Flextube-02.jpg\" src=\"https:\/\/www.telescopes-et-accessoires.fr\/img\/cms\/photos\/fiches\/Dobson-Flextube-02.webp\" \/>Zoom sur le porte-oculaire \u00e9quip\u00e9 d&#8217;un oculaire Pl\u00f6ssl 25mm<\/p>\n<p><strong>\u00c9l\u00e9ments Livr\u00e9s<\/p>\n<p><\/strong><\/h3>\n<ul>\n<li>1x Tube optique Newton pour Dobson FlexTube 254mm f\/4.7<\/li>\n<li>1x Base azimutale Dobson pour tube 254mm<\/li>\n<li>1x Oculaire Super 20mm WA 70\u00b0, coulant 1.25&#8243; (31.75mm), grossissant 60x<\/li>\n<li>1x Oculaire Super 12.5mm WA 70\u00b0, coulant 1.25&#8243; (31.75mm), grossissant 96x<\/li>\n<li>1x Chercheur 9&#215;50 droit<\/li>\n<li>Mode d&#8217;emploi en fran\u00e7ais<\/li>\n<\/ul>\n<h3><\/h3>\n","protected":false},"excerpt":{"rendered":"<table class=\"microscope-specs\">\n<thead>\n<tr>\n<th colspan=\"2\">T\u00e9lescope Dobson Sky-Watcher FlexTube 250mm f\/4.7<\/th>\n<\/tr>\n<\/thead>\n<tbody>\n<tr class=\"category-header\">\n<td colspan=\"2\">Optique<\/td>\n<\/tr>\n<tr>\n<td>Formule optique<\/td>\n<td>Newton<\/td>\n<\/tr>\n<tr>\n<td>Diam\u00e8tre utile<\/td>\n<td>254mm<\/td>\n<\/tr>\n<tr>\n<td>Longueur focale<\/td>\n<td>1200mm<\/td>\n<\/tr>\n<tr>\n<td>Rapport F\/D<\/td>\n<td>4.7<\/td>\n<\/tr>\n<tr>\n<td>Pouvoir s\u00e9parateur<\/td>\n<td>0.47&#8243; seconde d&#8217;arc<\/td>\n<\/tr>\n<tr>\n<td>Magnitude limite<\/td>\n<td>14<\/td>\n<\/tr>\n<tr>\n<td>Clart\u00e9<\/td>\n<td>1792x<\/td>\n<\/tr>\n<tr>\n<td>Dispositif de mise au point<\/td>\n<td>Crayford<\/td>\n<\/tr>\n<tr>\n<td>Porte-Oculaire<\/td>\n<td>Double coulant : 2&#8243; (50.8mm) et 1.25&#8243; (31.75mm)<\/td>\n<\/tr>\n<tr class=\"category-header\">\n<td colspan=\"2\">Monture<\/td>\n<\/tr>\n<tr>\n<td>Type<\/td>\n<td>Azimutale Dobson<\/td>\n<\/tr>\n<tr>\n<td>Motorisation<\/td>\n<td class=\"no\">Non compatible<\/td>\n<\/tr>\n<tr class=\"category-header\">\n<td colspan=\"2\">Dimensions et Poids<\/td>\n<\/tr>\n<tr>\n<td>Diam\u00e8tre du tube optique<\/td>\n<td>380mm<\/td>\n<\/tr>\n<tr>\n<td>Longueur du tube optique (repli\u00e9)<\/td>\n<td>835mm<\/td>\n<\/tr>\n<tr>\n<td>Longueur du tube optique (d\u00e9pli\u00e9)<\/td>\n<td>1120mm<\/td>\n<\/tr>\n<tr>\n<td>Poids du tube optique<\/td>\n<td>15kg<\/td>\n<\/tr>\n<\/tbody>\n<\/table>\n","protected":false},"featured_media":10960,"template":"","meta":{"_editorskit_title_hidden":false,"_editorskit_reading_time":0,"_editorskit_is_block_options_detached":false,"_editorskit_block_options_position":"{}","_coblocks_attr":"","_coblocks_dimensions":"","_coblocks_responsive_height":"","_coblocks_accordion_ie_support":"","_crdt_document":"","_monsterinsights_skip_tracking":false,"_monsterinsights_sitenote_active":false,"_monsterinsights_sitenote_note":"","_monsterinsights_sitenote_category":0},"product_brand":[],"product_cat":[191,22,192],"product_tag":[],"class_list":{"0":"post-10959","1":"product","2":"type-product","3":"status-publish","4":"has-post-thumbnail","6":"product_cat-dobson","7":"product_cat-telescopes","8":"product_cat-telescopes-complets","10":"first","11":"instock","12":"shipping-taxable","13":"purchasable","14":"product-type-simple"},"yoast_head":"<!-- This site is optimized with the Yoast SEO plugin v27.4 - https:\/\/yoast.com\/product\/yoast-seo-wordpress\/ -->\n<title>T\u00e9lescope Dobson Sky-Watcher 250mm FlexTube - Astroshop Maroc<\/title>\n<meta name=\"robots\" content=\"index, follow, max-snippet:-1, max-image-preview:large, max-video-preview:-1\" \/>\n<link rel=\"canonical\" href=\"https:\/\/astroshop.ma\/?product=telescope-dobson-sky-watcher-250mm-flextube\" \/>\n<meta property=\"og:locale\" content=\"en_US\" \/>\n<meta property=\"og:type\" content=\"article\" \/>\n<meta property=\"og:title\" content=\"T\u00e9lescope Dobson Sky-Watcher 250mm FlexTube - Astroshop Maroc\" \/>\n<meta property=\"og:description\" content=\"T\u00e9lescope Dobson Sky-Watcher FlexTube 250mm f\/4.7     Optique   Formule optique Newton   Diam\u00e8tre utile 254mm   Longueur focale 1200mm   Rapport F\/D 4.7   Pouvoir s\u00e9parateur 0.47&quot; seconde d&#039;arc   Magnitude limite 14   Clart\u00e9 1792x   Dispositif de mise au point Crayford   Porte-Oculaire Double coulant : 2&quot; (50.8mm) et 1.25&quot; (31.75mm)   Monture   Type Azimutale Dobson   Motorisation Non compatible   Dimensions et Poids   Diam\u00e8tre du tube optique 380mm   Longueur du tube optique (repli\u00e9) 835mm   Longueur du tube optique (d\u00e9pli\u00e9) 1120mm   Poids du tube optique 15kg\" \/>\n<meta property=\"og:url\" content=\"https:\/\/astroshop.ma\/?product=telescope-dobson-sky-watcher-250mm-flextube\" \/>\n<meta property=\"og:site_name\" content=\"Astroshop Maroc\" \/>\n<meta property=\"article:modified_time\" content=\"2025-11-19T08:00:04+00:00\" \/>\n<meta property=\"og:image\" content=\"https:\/\/astroshop.ma\/wp-content\/uploads\/2025\/11\/telescope-dobson-sky-watcher-254-flextube.jpg\" \/>\n\t<meta property=\"og:image:width\" content=\"800\" \/>\n\t<meta property=\"og:image:height\" content=\"800\" \/>\n\t<meta property=\"og:image:type\" content=\"image\/jpeg\" \/>\n<meta name=\"twitter:card\" content=\"summary_large_image\" \/>\n<meta name=\"twitter:label1\" content=\"Est. reading time\" \/>\n\t<meta name=\"twitter:data1\" content=\"7 minutes\" \/>\n<script type=\"application\/ld+json\" class=\"yoast-schema-graph\">{\"@context\":\"https:\\\/\\\/schema.org\",\"@graph\":[{\"@type\":\"WebPage\",\"@id\":\"https:\\\/\\\/astroshop.ma\\\/?product=telescope-dobson-sky-watcher-250mm-flextube\",\"url\":\"https:\\\/\\\/astroshop.ma\\\/?product=telescope-dobson-sky-watcher-250mm-flextube\",\"name\":\"T\u00e9lescope Dobson Sky-Watcher 250mm FlexTube - Astroshop Maroc\",\"isPartOf\":{\"@id\":\"https:\\\/\\\/astroshop.ma\\\/#website\"},\"primaryImageOfPage\":{\"@id\":\"https:\\\/\\\/astroshop.ma\\\/?product=telescope-dobson-sky-watcher-250mm-flextube#primaryimage\"},\"image\":{\"@id\":\"https:\\\/\\\/astroshop.ma\\\/?product=telescope-dobson-sky-watcher-250mm-flextube#primaryimage\"},\"thumbnailUrl\":\"https:\\\/\\\/astroshop.ma\\\/wp-content\\\/uploads\\\/2025\\\/11\\\/telescope-dobson-sky-watcher-254-flextube.jpg\",\"datePublished\":\"2025-11-18T20:12:30+00:00\",\"dateModified\":\"2025-11-19T08:00:04+00:00\",\"breadcrumb\":{\"@id\":\"https:\\\/\\\/astroshop.ma\\\/?product=telescope-dobson-sky-watcher-250mm-flextube#breadcrumb\"},\"inLanguage\":\"en-US\",\"potentialAction\":[{\"@type\":\"ReadAction\",\"target\":[\"https:\\\/\\\/astroshop.ma\\\/?product=telescope-dobson-sky-watcher-250mm-flextube\"]}]},{\"@type\":\"ImageObject\",\"inLanguage\":\"en-US\",\"@id\":\"https:\\\/\\\/astroshop.ma\\\/?product=telescope-dobson-sky-watcher-250mm-flextube#primaryimage\",\"url\":\"https:\\\/\\\/astroshop.ma\\\/wp-content\\\/uploads\\\/2025\\\/11\\\/telescope-dobson-sky-watcher-254-flextube.jpg\",\"contentUrl\":\"https:\\\/\\\/astroshop.ma\\\/wp-content\\\/uploads\\\/2025\\\/11\\\/telescope-dobson-sky-watcher-254-flextube.jpg\",\"width\":800,\"height\":800},{\"@type\":\"BreadcrumbList\",\"@id\":\"https:\\\/\\\/astroshop.ma\\\/?product=telescope-dobson-sky-watcher-250mm-flextube#breadcrumb\",\"itemListElement\":[{\"@type\":\"ListItem\",\"position\":1,\"name\":\"Home\",\"item\":\"https:\\\/\\\/astroshop.ma\\\/\"},{\"@type\":\"ListItem\",\"position\":2,\"name\":\"Shop\",\"item\":\"https:\\\/\\\/astroshop.ma\\\/?page_id=394\"},{\"@type\":\"ListItem\",\"position\":3,\"name\":\"T\u00e9lescope Dobson Sky-Watcher 250mm FlexTube\"}]},{\"@type\":\"WebSite\",\"@id\":\"https:\\\/\\\/astroshop.ma\\\/#website\",\"url\":\"https:\\\/\\\/astroshop.ma\\\/\",\"name\":\"Astroshop Maroc\",\"description\":\"Des instruments astronomiques pour chaque astronome au Maroc\",\"publisher\":{\"@id\":\"https:\\\/\\\/astroshop.ma\\\/#organization\"},\"potentialAction\":[{\"@type\":\"SearchAction\",\"target\":{\"@type\":\"EntryPoint\",\"urlTemplate\":\"https:\\\/\\\/astroshop.ma\\\/?s={search_term_string}\"},\"query-input\":{\"@type\":\"PropertyValueSpecification\",\"valueRequired\":true,\"valueName\":\"search_term_string\"}}],\"inLanguage\":\"en-US\"},{\"@type\":\"Organization\",\"@id\":\"https:\\\/\\\/astroshop.ma\\\/#organization\",\"name\":\"Astroshop Maroc\",\"url\":\"https:\\\/\\\/astroshop.ma\\\/\",\"logo\":{\"@type\":\"ImageObject\",\"inLanguage\":\"en-US\",\"@id\":\"https:\\\/\\\/astroshop.ma\\\/#\\\/schema\\\/logo\\\/image\\\/\",\"url\":\"https:\\\/\\\/astroshop.ma\\\/wp-content\\\/uploads\\\/2025\\\/12\\\/M20_Logo_1.jpg\",\"contentUrl\":\"https:\\\/\\\/astroshop.ma\\\/wp-content\\\/uploads\\\/2025\\\/12\\\/M20_Logo_1.jpg\",\"width\":501,\"height\":334,\"caption\":\"Astroshop Maroc\"},\"image\":{\"@id\":\"https:\\\/\\\/astroshop.ma\\\/#\\\/schema\\\/logo\\\/image\\\/\"}}]}<\/script>\n<!-- \/ Yoast SEO plugin. -->","yoast_head_json":{"title":"T\u00e9lescope Dobson Sky-Watcher 250mm FlexTube - Astroshop Maroc","robots":{"index":"index","follow":"follow","max-snippet":"max-snippet:-1","max-image-preview":"max-image-preview:large","max-video-preview":"max-video-preview:-1"},"canonical":"https:\/\/astroshop.ma\/?product=telescope-dobson-sky-watcher-250mm-flextube","og_locale":"en_US","og_type":"article","og_title":"T\u00e9lescope Dobson Sky-Watcher 250mm FlexTube - Astroshop Maroc","og_description":"T\u00e9lescope Dobson Sky-Watcher FlexTube 250mm f\/4.7     Optique   Formule optique Newton   Diam\u00e8tre utile 254mm   Longueur focale 1200mm   Rapport F\/D 4.7   Pouvoir s\u00e9parateur 0.47\" seconde d'arc   Magnitude limite 14   Clart\u00e9 1792x   Dispositif de mise au point Crayford   Porte-Oculaire Double coulant : 2\" (50.8mm) et 1.25\" (31.75mm)   Monture   Type Azimutale Dobson   Motorisation Non compatible   Dimensions et Poids   Diam\u00e8tre du tube optique 380mm   Longueur du tube optique (repli\u00e9) 835mm   Longueur du tube optique (d\u00e9pli\u00e9) 1120mm   Poids du tube optique 15kg","og_url":"https:\/\/astroshop.ma\/?product=telescope-dobson-sky-watcher-250mm-flextube","og_site_name":"Astroshop Maroc","article_modified_time":"2025-11-19T08:00:04+00:00","og_image":[{"width":800,"height":800,"url":"https:\/\/astroshop.ma\/wp-content\/uploads\/2025\/11\/telescope-dobson-sky-watcher-254-flextube.jpg","type":"image\/jpeg"}],"twitter_card":"summary_large_image","twitter_misc":{"Est. reading time":"7 minutes"},"schema":{"@context":"https:\/\/schema.org","@graph":[{"@type":"WebPage","@id":"https:\/\/astroshop.ma\/?product=telescope-dobson-sky-watcher-250mm-flextube","url":"https:\/\/astroshop.ma\/?product=telescope-dobson-sky-watcher-250mm-flextube","name":"T\u00e9lescope Dobson Sky-Watcher 250mm FlexTube - Astroshop Maroc","isPartOf":{"@id":"https:\/\/astroshop.ma\/#website"},"primaryImageOfPage":{"@id":"https:\/\/astroshop.ma\/?product=telescope-dobson-sky-watcher-250mm-flextube#primaryimage"},"image":{"@id":"https:\/\/astroshop.ma\/?product=telescope-dobson-sky-watcher-250mm-flextube#primaryimage"},"thumbnailUrl":"https:\/\/astroshop.ma\/wp-content\/uploads\/2025\/11\/telescope-dobson-sky-watcher-254-flextube.jpg","datePublished":"2025-11-18T20:12:30+00:00","dateModified":"2025-11-19T08:00:04+00:00","breadcrumb":{"@id":"https:\/\/astroshop.ma\/?product=telescope-dobson-sky-watcher-250mm-flextube#breadcrumb"},"inLanguage":"en-US","potentialAction":[{"@type":"ReadAction","target":["https:\/\/astroshop.ma\/?product=telescope-dobson-sky-watcher-250mm-flextube"]}]},{"@type":"ImageObject","inLanguage":"en-US","@id":"https:\/\/astroshop.ma\/?product=telescope-dobson-sky-watcher-250mm-flextube#primaryimage","url":"https:\/\/astroshop.ma\/wp-content\/uploads\/2025\/11\/telescope-dobson-sky-watcher-254-flextube.jpg","contentUrl":"https:\/\/astroshop.ma\/wp-content\/uploads\/2025\/11\/telescope-dobson-sky-watcher-254-flextube.jpg","width":800,"height":800},{"@type":"BreadcrumbList","@id":"https:\/\/astroshop.ma\/?product=telescope-dobson-sky-watcher-250mm-flextube#breadcrumb","itemListElement":[{"@type":"ListItem","position":1,"name":"Home","item":"https:\/\/astroshop.ma\/"},{"@type":"ListItem","position":2,"name":"Shop","item":"https:\/\/astroshop.ma\/?page_id=394"},{"@type":"ListItem","position":3,"name":"T\u00e9lescope Dobson Sky-Watcher 250mm FlexTube"}]},{"@type":"WebSite","@id":"https:\/\/astroshop.ma\/#website","url":"https:\/\/astroshop.ma\/","name":"Astroshop Maroc","description":"Des instruments astronomiques pour chaque astronome au Maroc","publisher":{"@id":"https:\/\/astroshop.ma\/#organization"},"potentialAction":[{"@type":"SearchAction","target":{"@type":"EntryPoint","urlTemplate":"https:\/\/astroshop.ma\/?s={search_term_string}"},"query-input":{"@type":"PropertyValueSpecification","valueRequired":true,"valueName":"search_term_string"}}],"inLanguage":"en-US"},{"@type":"Organization","@id":"https:\/\/astroshop.ma\/#organization","name":"Astroshop Maroc","url":"https:\/\/astroshop.ma\/","logo":{"@type":"ImageObject","inLanguage":"en-US","@id":"https:\/\/astroshop.ma\/#\/schema\/logo\/image\/","url":"https:\/\/astroshop.ma\/wp-content\/uploads\/2025\/12\/M20_Logo_1.jpg","contentUrl":"https:\/\/astroshop.ma\/wp-content\/uploads\/2025\/12\/M20_Logo_1.jpg","width":501,"height":334,"caption":"Astroshop Maroc"},"image":{"@id":"https:\/\/astroshop.ma\/#\/schema\/logo\/image\/"}}]}},"_links":{"self":[{"href":"https:\/\/astroshop.ma\/index.php?rest_route=\/wp\/v2\/product\/10959","targetHints":{"allow":["GET"]}}],"collection":[{"href":"https:\/\/astroshop.ma\/index.php?rest_route=\/wp\/v2\/product"}],"about":[{"href":"https:\/\/astroshop.ma\/index.php?rest_route=\/wp\/v2\/types\/product"}],"wp:featuredmedia":[{"embeddable":true,"href":"https:\/\/astroshop.ma\/index.php?rest_route=\/wp\/v2\/media\/10960"}],"wp:attachment":[{"href":"https:\/\/astroshop.ma\/index.php?rest_route=%2Fwp%2Fv2%2Fmedia&parent=10959"}],"wp:term":[{"taxonomy":"product_brand","embeddable":true,"href":"https:\/\/astroshop.ma\/index.php?rest_route=%2Fwp%2Fv2%2Fproduct_brand&post=10959"},{"taxonomy":"product_cat","embeddable":true,"href":"https:\/\/astroshop.ma\/index.php?rest_route=%2Fwp%2Fv2%2Fproduct_cat&post=10959"},{"taxonomy":"product_tag","embeddable":true,"href":"https:\/\/astroshop.ma\/index.php?rest_route=%2Fwp%2Fv2%2Fproduct_tag&post=10959"}],"curies":[{"name":"wp","href":"https:\/\/api.w.org\/{rel}","templated":true}]}}