{"id":10863,"date":"2025-11-17T10:15:35","date_gmt":"2025-11-17T10:15:35","guid":{"rendered":"https:\/\/astroshop.ma\/?post_type=product&#038;p=10863"},"modified":"2025-11-19T08:01:40","modified_gmt":"2025-11-19T08:01:40","slug":"telescope-sky-watcher-200mm-f5-sur-neq5-black-diamond","status":"publish","type":"product","link":"https:\/\/astroshop.ma\/?product=telescope-sky-watcher-200mm-f5-sur-neq5-black-diamond","title":{"rendered":"T\u00e9lescope Sky-Watcher 200mm f5 sur NEQ5 Black Diamond"},"content":{"rendered":"<h4><img loading=\"lazy\" decoding=\"async\" class=\"alignnone size-full wp-image-10806\" src=\"https:\/\/astroshop.ma\/wp-content\/uploads\/2025\/10\/Skywatcher.jpg\" alt=\"\" width=\"300\" height=\"150\" srcset=\"https:\/\/astroshop.ma\/wp-content\/uploads\/2025\/10\/Skywatcher.jpg 300w, https:\/\/astroshop.ma\/wp-content\/uploads\/2025\/10\/Skywatcher-64x32.jpg 64w\" sizes=\"auto, (max-width: 300px) 100vw, 300px\" \/><\/h4>\n<h4><\/h4>\n<h4>Tout savoir sur le Newton Sky-Watcher 200mm f\/5<\/h4>\n<p>Avec un miroir primaire de 200mm, le Newton 200 de Sky-Watcher fait partie des instruments amateurs capable de r\u00e9v\u00e9ler de nombreux objets du ciel profond et d\u00e9tails sur les plan\u00e8tes et la Lune. En effet\u00a0<strong>il r\u00e9colte 78% de lumi\u00e8re suppl\u00e9mentaire par rapport \u00e0 un t\u00e9lescope de 150mm<\/strong>\u00a0et promet pour le d\u00e9butant comme l&#8217;astronome amateur des ann\u00e9es d&#8217;observations riches de d\u00e9couvertes.<\/p>\n<p>Sa conception Newton offre plusieurs avantages par rapport aux autres familles d&#8217;instruments (lunettes et t\u00e9lescopes Cassegrain). La fabrication des miroirs est plus \u00e9conomique \u00e0 diam\u00e8tre \u00e9gal et son rapport de focale est g\u00e9n\u00e9ralement tr\u00e8s faible.\u00a0<strong>Vous b\u00e9n\u00e9ficiez alors pour un budget attractif d&#8217;un t\u00e9lescope lumineux qui fournit un grand champ d&#8217;observation (ici f\/D=5)<\/strong>. L&#8217;obstruction centrale est aussi plus faible que les t\u00e9lescopes type Cassegrain.<\/p>\n<p><strong>Au contraire des fabrications tr\u00e8s bon march\u00e9<\/strong>\u00a0ou les t\u00e9lescopes Newton de petits diam\u00e8tres, les Newton Sky-Watcher de 150, 200, 250 et 300mm\u00a0<strong>disposent d&#8217;un miroir primaire parabolique<\/strong>. Les miroirs sont polis sph\u00e9riquement puis retaill\u00e9s pour atteindre une forme parabolo\u00efdale (plus co\u00fbteuse et difficile \u00e0 obtenir).\u00a0<strong>C&#8217;est un crit\u00e8re de choix indispensable pour les instruments au-dessus de 130mm et \u00e0 f\/D court<\/strong>.<\/p>\n<p>La mise au point s&#8217;obtient par l&#8217;interm\u00e9diaire d&#8217;un porte oculaire Crayford bi-coulant. Un adaptateur 31.75mm est en fourni en standard pour utiliser des oculaires de m\u00eame format \u00e0 partir de la sortie en 50.8mm. Une vis de serrage situ\u00e9e en bas du porte oculaire permet de maintenir la mise au point suivant l&#8217;orientation du tube optique.<\/p>\n<figure><img decoding=\"async\" title=\"Principe du miroir parabolique\" src=\"https:\/\/www.telescopes-et-accessoires.fr\/img\/cms\/photos\/fiches\/ParabolicDiagram-01.webp\" alt=\"newton_skywatcher_parabolique_01.jpg\" \/><figcaption>Principe du miroir parabolique<\/figcaption><\/figure>\n<p>Pour pr\u00e9senter la plus petite obstruction possible\u00a0<strong>le support de fixation du miroir secondaire (plan) dispose de 4 branches fines<\/strong>, d&#8217;une largeur de 0.5mm. Suffisamment rigides elles limitent ainsi les pics de diffraction sur les \u00e9toiles brillantes et une perte de luminosit\u00e9 trop importante. Un chercheur achromatique 9&#215;50 sur son support est aussi livr\u00e9 en standard, ainsi que 2 oculaires Super Pl\u00f6ssl 25mm et 10mm.<\/p>\n<h4>Tout savoir sur la monture Sky-Watcher NEQ5<\/h4>\n<p>La monture \u00e9quatoriale\u00a0<strong>Sky-Watcher NEQ5 est une monture \u00e0 tout faire, digne h\u00e9riti\u00e8re de la mythique Vixen GP<\/strong>. Tr\u00e8s modulaire, il est possible d&#8217;y adjoindre plusieurs options selon qu&#8217;on la destine \u00e0 l&#8217;observation ou \u00e0 la photographie : motorisation, kit de pointage automatique Goto, viseur polaire, etc.\u00a0<strong>Sa capacit\u00e9 de charge est voisine de 9kg en observation visuelle<\/strong>; la NEQ5 supportera donc de nombreux tubes optiques, de la petite lunette de 80 mm au t\u00e9lescope Newton de jusqu&#8217;\u00e0 200mm de diam\u00e8tre.<\/p>\n<p>En photographie, on en limitera la charge \u00e0 7,5kg, pour plus de confort et de pr\u00e9cision. Comme toutes les montures \u00e9quatoriales, la NEQ5 est \u00e9quip\u00e9e d&#8217;un jeu de d\u00e9placement en azimut et en latitude (pour la mise en station), et d&#8217;un jeu de d\u00e9placement en ascension droite et d\u00e9clinaison pour le pointage et le suivi des astres.<\/p>\n<figure><img decoding=\"async\" title=\"Axes de r\u00e9glages en azimuth et altitude de la monture Sky-Watcher NEQ5\" src=\"https:\/\/www.telescopes-et-accessoires.fr\/img\/cms\/photos\/fiches\/SW0116-04-small.webp\" alt=\"monture_skywatcher_neq5_04.jpg\" \/><figcaption>Axes de r\u00e9glages en azimuth et altitude de la monture Sky-Watcher NEQ5<\/figcaption><\/figure>\n<p>L&#8217;adaptation du tube optique s&#8217;effectue \u00e0 l&#8217;aide d&#8217;une queue d&#8217;aronde femelle type Vixen. Un plateau porte accessoires assure une bonne rigidit\u00e9 de l&#8217;ensemble. La monture NEQ5 peut recevoir un viseur polaire \u00a0dans l&#8217;axe polaire pour r\u00e9aliser rapidement la mise en station. L&#8217;observateur visuel appr\u00e9ciera le syst\u00e8me de pointage automatique GOTO SynScan (en option) d\u00e9livr\u00e9 par l&#8217;interm\u00e9diaire d&#8217;une raquette de commande simple d&#8217;utilisation. En effet nul besoin de conna\u00eetre la position des \u00e9toiles ou des astres lointains du ciel profond, le syst\u00e8me Go-To de la monture NEQ5 se charge se d\u00e9placer l&#8217;instrument vers la cible que vous d\u00e9sirez observer.<\/p>\n<p>&nbsp;<\/p>\n<p>&nbsp;<\/p>\n<h3>\u00c9l\u00e9ments Livr\u00e9s<\/h3>\n<h4>Tube optique Newton Sky-Watcher 200mm f\/5<\/h4>\n<ul>\n<li>1 tube optique Sky-Watcher 200mm f\/5<\/li>\n<li>1 porte-oculaire Crayford 50.8mm Sky-Watcher et adaptateur 31.75mm<\/li>\n<li>2 oculaire coulant 31,75mm : Super Pl\u00f4ssl 25mm et 10mm<\/li>\n<li>1 chercheur droit 9&#215;50<\/li>\n<li>1 lentille de Barlow x2<\/li>\n<li>1 queue d&#8217;aronde type Vixen<\/li>\n<li>2 colliers de fixation<\/li>\n<li>1 support Piggyback pour appareil photo au pas Kodak sur le haut d&#8217;un des colliers de fixation<\/li>\n<\/ul>\n<h4>Monture Sky-Watcher NEQ5<\/h4>\n<ul>\n<li>1 monture \u00e9quatoriale NEQ5<\/li>\n<li>2 contrepoids de 5 kg<\/li>\n<li>1 tr\u00e9pied tubulaire en acier r\u00e9glable en hauteur (71cm \u00e0 123cm)<\/li>\n<li>1 tablette porte accessoires<\/li>\n<li>Manuel d&#8217;utilisation en fran\u00e7ais<\/li>\n<\/ul>\n","protected":false},"excerpt":{"rendered":"<table class=\"microscope-specs\">\n<thead>\n<tr>\n<th colspan=\"2\">T\u00e9lescope Newton Sky-Watcher 200mm f\/5 sur monture NEQ5<\/th>\n<\/tr>\n<\/thead>\n<tbody>\n<tr class=\"category-header\">\n<td colspan=\"2\">Tube optique<\/td>\n<\/tr>\n<tr>\n<td>Formule optique<\/td>\n<td>Newton<\/td>\n<\/tr>\n<tr>\n<td>Miroir primaire<\/td>\n<td>parabolique<\/td>\n<\/tr>\n<tr>\n<td>Miroir secondaire<\/td>\n<td>plan<\/td>\n<\/tr>\n<tr>\n<td>Longueur focale<\/td>\n<td>1000mm<\/td>\n<\/tr>\n<tr>\n<td>Rapport de focale<\/td>\n<td>f\/5<\/td>\n<\/tr>\n<tr>\n<td>Miroir<\/td>\n<td>Pyrex<\/td>\n<\/tr>\n<tr>\n<td>Pouvoir de r\u00e9solution<\/td>\n<td>0.6&#8243;<\/td>\n<\/tr>\n<tr>\n<td>Magnitude limite<\/td>\n<td>13.4<\/td>\n<\/tr>\n<tr>\n<td>Construction<\/td>\n<td>M\u00e9tal<\/td>\n<\/tr>\n<tr>\n<td>Accessoires<\/td>\n<td>Avec queue d&#8217;aronde et deux colliers de fixation<\/td>\n<\/tr>\n<tr>\n<td>Porte-oculaire<\/td>\n<td>Crayford 50.8\/31.75mm Sky-Watcher<\/td>\n<\/tr>\n<tr>\n<td>Dimensions (Diam\u00e8tre x Longueur)<\/td>\n<td>24cm x 92cm<\/td>\n<\/tr>\n<tr>\n<td>Poids<\/td>\n<td>8,75kg<\/td>\n<\/tr>\n<tr class=\"category-header\">\n<td colspan=\"2\">Monture<\/td>\n<\/tr>\n<tr>\n<td>Type<\/td>\n<td>Monture \u00e9quatoriale allemande NEQ5<\/td>\n<\/tr>\n<tr>\n<td>Motorisation<\/td>\n<td>Motorisable sur un axe (en option SW0135) ou deux axes (en option SW0137)<\/td>\n<\/tr>\n<tr>\n<td>Syst\u00e8me Go-To<\/td>\n<td>Ajout possible d&#8217;un kit Pro Go-To (en option SW0126)<\/td>\n<\/tr>\n<tr>\n<td>Capacit\u00e9 de charge<\/td>\n<td>9kg<\/td>\n<\/tr>\n<tr>\n<td>Capacit\u00e9 astrophotographie<\/td>\n<td>Capacit\u00e9 de charge optimale en astrophotographie : 7,5kg<\/td>\n<\/tr>\n<tr>\n<td>Poids monture<\/td>\n<td>6kg<\/td>\n<\/tr>\n<tr class=\"category-header\">\n<td colspan=\"2\">Tr\u00e9pied<\/td>\n<\/tr>\n<tr>\n<td>Type<\/td>\n<td>Tr\u00e9pied tubulaire en acier r\u00e9glable en hauteur<\/td>\n<\/tr>\n<tr>\n<td>Hauteur<\/td>\n<td>71cm \u00e0 123cm<\/td>\n<\/tr>\n<tr>\n<td>Poids<\/td>\n<td>3,8kg<\/td>\n<\/tr>\n<tr class=\"category-header\">\n<td colspan=\"2\">Accessoires inclus<\/td>\n<\/tr>\n<tr>\n<td>Contrepoids<\/td>\n<td>2x contrepoids de 5kg fournis<\/td>\n<\/tr>\n<\/tbody>\n<\/table>\n","protected":false},"featured_media":10864,"template":"","meta":{"_editorskit_title_hidden":false,"_editorskit_reading_time":0,"_editorskit_is_block_options_detached":false,"_editorskit_block_options_position":"{}","_coblocks_attr":"","_coblocks_dimensions":"","_coblocks_responsive_height":"","_coblocks_accordion_ie_support":"","_crdt_document":"","_monsterinsights_skip_tracking":false,"_monsterinsights_sitenote_active":false,"_monsterinsights_sitenote_note":"","_monsterinsights_sitenote_category":0},"product_brand":[],"product_cat":[22,192],"product_tag":[],"class_list":{"0":"post-10863","1":"product","2":"type-product","3":"status-publish","4":"has-post-thumbnail","6":"product_cat-telescopes","7":"product_cat-telescopes-complets","9":"first","10":"instock","11":"shipping-taxable","12":"purchasable","13":"product-type-simple"},"yoast_head":"<!-- This site is optimized with the Yoast SEO plugin v27.4 - https:\/\/yoast.com\/product\/yoast-seo-wordpress\/ -->\n<title>T\u00e9lescope Sky-Watcher 200mm f5 sur NEQ5 Black Diamond - Astroshop Maroc<\/title>\n<meta name=\"robots\" content=\"index, follow, max-snippet:-1, max-image-preview:large, max-video-preview:-1\" \/>\n<link rel=\"canonical\" href=\"https:\/\/astroshop.ma\/?product=telescope-sky-watcher-200mm-f5-sur-neq5-black-diamond\" \/>\n<meta property=\"og:locale\" content=\"en_US\" \/>\n<meta property=\"og:type\" content=\"article\" \/>\n<meta property=\"og:title\" content=\"T\u00e9lescope Sky-Watcher 200mm f5 sur NEQ5 Black Diamond - Astroshop Maroc\" \/>\n<meta property=\"og:description\" content=\"T\u00e9lescope Newton Sky-Watcher 200mm f\/5 sur monture NEQ5     Tube optique   Formule optique Newton   Miroir primaire parabolique   Miroir secondaire plan   Longueur focale 1000mm   Rapport de focale f\/5   Miroir Pyrex   Pouvoir de r\u00e9solution 0.6&quot;   Magnitude limite 13.4   Construction M\u00e9tal   Accessoires Avec queue d&#039;aronde et deux colliers de fixation   Porte-oculaire Crayford 50.8\/31.75mm Sky-Watcher   Dimensions (Diam\u00e8tre x Longueur) 24cm x 92cm   Poids 8,75kg   Monture   Type Monture \u00e9quatoriale allemande NEQ5   Motorisation Motorisable sur un axe (en option SW0135) ou deux axes (en option SW0137)   Syst\u00e8me Go-To Ajout possible d&#039;un kit Pro Go-To (en option SW0126)   Capacit\u00e9 de charge 9kg   Capacit\u00e9 astrophotographie Capacit\u00e9 de charge optimale en astrophotographie : 7,5kg   Poids monture 6kg   Tr\u00e9pied   Type Tr\u00e9pied tubulaire en acier r\u00e9glable en hauteur   Hauteur 71cm \u00e0 123cm   Poids 3,8kg   Accessoires inclus   Contrepoids 2x contrepoids de 5kg fournis\" \/>\n<meta property=\"og:url\" content=\"https:\/\/astroshop.ma\/?product=telescope-sky-watcher-200mm-f5-sur-neq5-black-diamond\" \/>\n<meta property=\"og:site_name\" content=\"Astroshop Maroc\" \/>\n<meta property=\"article:modified_time\" content=\"2025-11-19T08:01:40+00:00\" \/>\n<meta property=\"og:image\" content=\"https:\/\/astroshop.ma\/wp-content\/uploads\/2025\/11\/telescope-sky-watcher-200-1000-sur-neq5-black-diamond.jpg\" \/>\n\t<meta property=\"og:image:width\" content=\"800\" \/>\n\t<meta property=\"og:image:height\" content=\"800\" \/>\n\t<meta property=\"og:image:type\" content=\"image\/jpeg\" \/>\n<meta name=\"twitter:card\" content=\"summary_large_image\" \/>\n<meta name=\"twitter:label1\" content=\"Est. reading time\" \/>\n\t<meta name=\"twitter:data1\" content=\"4 minutes\" \/>\n<script type=\"application\/ld+json\" class=\"yoast-schema-graph\">{\"@context\":\"https:\\\/\\\/schema.org\",\"@graph\":[{\"@type\":\"WebPage\",\"@id\":\"https:\\\/\\\/astroshop.ma\\\/?product=telescope-sky-watcher-200mm-f5-sur-neq5-black-diamond\",\"url\":\"https:\\\/\\\/astroshop.ma\\\/?product=telescope-sky-watcher-200mm-f5-sur-neq5-black-diamond\",\"name\":\"T\u00e9lescope Sky-Watcher 200mm f5 sur NEQ5 Black Diamond - Astroshop Maroc\",\"isPartOf\":{\"@id\":\"https:\\\/\\\/astroshop.ma\\\/#website\"},\"primaryImageOfPage\":{\"@id\":\"https:\\\/\\\/astroshop.ma\\\/?product=telescope-sky-watcher-200mm-f5-sur-neq5-black-diamond#primaryimage\"},\"image\":{\"@id\":\"https:\\\/\\\/astroshop.ma\\\/?product=telescope-sky-watcher-200mm-f5-sur-neq5-black-diamond#primaryimage\"},\"thumbnailUrl\":\"https:\\\/\\\/astroshop.ma\\\/wp-content\\\/uploads\\\/2025\\\/11\\\/telescope-sky-watcher-200-1000-sur-neq5-black-diamond.jpg\",\"datePublished\":\"2025-11-17T10:15:35+00:00\",\"dateModified\":\"2025-11-19T08:01:40+00:00\",\"breadcrumb\":{\"@id\":\"https:\\\/\\\/astroshop.ma\\\/?product=telescope-sky-watcher-200mm-f5-sur-neq5-black-diamond#breadcrumb\"},\"inLanguage\":\"en-US\",\"potentialAction\":[{\"@type\":\"ReadAction\",\"target\":[\"https:\\\/\\\/astroshop.ma\\\/?product=telescope-sky-watcher-200mm-f5-sur-neq5-black-diamond\"]}]},{\"@type\":\"ImageObject\",\"inLanguage\":\"en-US\",\"@id\":\"https:\\\/\\\/astroshop.ma\\\/?product=telescope-sky-watcher-200mm-f5-sur-neq5-black-diamond#primaryimage\",\"url\":\"https:\\\/\\\/astroshop.ma\\\/wp-content\\\/uploads\\\/2025\\\/11\\\/telescope-sky-watcher-200-1000-sur-neq5-black-diamond.jpg\",\"contentUrl\":\"https:\\\/\\\/astroshop.ma\\\/wp-content\\\/uploads\\\/2025\\\/11\\\/telescope-sky-watcher-200-1000-sur-neq5-black-diamond.jpg\",\"width\":800,\"height\":800},{\"@type\":\"BreadcrumbList\",\"@id\":\"https:\\\/\\\/astroshop.ma\\\/?product=telescope-sky-watcher-200mm-f5-sur-neq5-black-diamond#breadcrumb\",\"itemListElement\":[{\"@type\":\"ListItem\",\"position\":1,\"name\":\"Home\",\"item\":\"https:\\\/\\\/astroshop.ma\\\/\"},{\"@type\":\"ListItem\",\"position\":2,\"name\":\"Shop\",\"item\":\"https:\\\/\\\/astroshop.ma\\\/?page_id=394\"},{\"@type\":\"ListItem\",\"position\":3,\"name\":\"T\u00e9lescope Sky-Watcher 200mm f5 sur NEQ5 Black Diamond\"}]},{\"@type\":\"WebSite\",\"@id\":\"https:\\\/\\\/astroshop.ma\\\/#website\",\"url\":\"https:\\\/\\\/astroshop.ma\\\/\",\"name\":\"Astroshop Maroc\",\"description\":\"Des instruments astronomiques pour chaque astronome au Maroc\",\"publisher\":{\"@id\":\"https:\\\/\\\/astroshop.ma\\\/#organization\"},\"potentialAction\":[{\"@type\":\"SearchAction\",\"target\":{\"@type\":\"EntryPoint\",\"urlTemplate\":\"https:\\\/\\\/astroshop.ma\\\/?s={search_term_string}\"},\"query-input\":{\"@type\":\"PropertyValueSpecification\",\"valueRequired\":true,\"valueName\":\"search_term_string\"}}],\"inLanguage\":\"en-US\"},{\"@type\":\"Organization\",\"@id\":\"https:\\\/\\\/astroshop.ma\\\/#organization\",\"name\":\"Astroshop Maroc\",\"url\":\"https:\\\/\\\/astroshop.ma\\\/\",\"logo\":{\"@type\":\"ImageObject\",\"inLanguage\":\"en-US\",\"@id\":\"https:\\\/\\\/astroshop.ma\\\/#\\\/schema\\\/logo\\\/image\\\/\",\"url\":\"https:\\\/\\\/astroshop.ma\\\/wp-content\\\/uploads\\\/2025\\\/12\\\/M20_Logo_1.jpg\",\"contentUrl\":\"https:\\\/\\\/astroshop.ma\\\/wp-content\\\/uploads\\\/2025\\\/12\\\/M20_Logo_1.jpg\",\"width\":501,\"height\":334,\"caption\":\"Astroshop Maroc\"},\"image\":{\"@id\":\"https:\\\/\\\/astroshop.ma\\\/#\\\/schema\\\/logo\\\/image\\\/\"}}]}<\/script>\n<!-- \/ Yoast SEO plugin. -->","yoast_head_json":{"title":"T\u00e9lescope Sky-Watcher 200mm f5 sur NEQ5 Black Diamond - Astroshop Maroc","robots":{"index":"index","follow":"follow","max-snippet":"max-snippet:-1","max-image-preview":"max-image-preview:large","max-video-preview":"max-video-preview:-1"},"canonical":"https:\/\/astroshop.ma\/?product=telescope-sky-watcher-200mm-f5-sur-neq5-black-diamond","og_locale":"en_US","og_type":"article","og_title":"T\u00e9lescope Sky-Watcher 200mm f5 sur NEQ5 Black Diamond - Astroshop Maroc","og_description":"T\u00e9lescope Newton Sky-Watcher 200mm f\/5 sur monture NEQ5     Tube optique   Formule optique Newton   Miroir primaire parabolique   Miroir secondaire plan   Longueur focale 1000mm   Rapport de focale f\/5   Miroir Pyrex   Pouvoir de r\u00e9solution 0.6\"   Magnitude limite 13.4   Construction M\u00e9tal   Accessoires Avec queue d'aronde et deux colliers de fixation   Porte-oculaire Crayford 50.8\/31.75mm Sky-Watcher   Dimensions (Diam\u00e8tre x Longueur) 24cm x 92cm   Poids 8,75kg   Monture   Type Monture \u00e9quatoriale allemande NEQ5   Motorisation Motorisable sur un axe (en option SW0135) ou deux axes (en option SW0137)   Syst\u00e8me Go-To Ajout possible d'un kit Pro Go-To (en option SW0126)   Capacit\u00e9 de charge 9kg   Capacit\u00e9 astrophotographie Capacit\u00e9 de charge optimale en astrophotographie : 7,5kg   Poids monture 6kg   Tr\u00e9pied   Type Tr\u00e9pied tubulaire en acier r\u00e9glable en hauteur   Hauteur 71cm \u00e0 123cm   Poids 3,8kg   Accessoires inclus   Contrepoids 2x contrepoids de 5kg fournis","og_url":"https:\/\/astroshop.ma\/?product=telescope-sky-watcher-200mm-f5-sur-neq5-black-diamond","og_site_name":"Astroshop Maroc","article_modified_time":"2025-11-19T08:01:40+00:00","og_image":[{"width":800,"height":800,"url":"https:\/\/astroshop.ma\/wp-content\/uploads\/2025\/11\/telescope-sky-watcher-200-1000-sur-neq5-black-diamond.jpg","type":"image\/jpeg"}],"twitter_card":"summary_large_image","twitter_misc":{"Est. reading time":"4 minutes"},"schema":{"@context":"https:\/\/schema.org","@graph":[{"@type":"WebPage","@id":"https:\/\/astroshop.ma\/?product=telescope-sky-watcher-200mm-f5-sur-neq5-black-diamond","url":"https:\/\/astroshop.ma\/?product=telescope-sky-watcher-200mm-f5-sur-neq5-black-diamond","name":"T\u00e9lescope Sky-Watcher 200mm f5 sur NEQ5 Black Diamond - Astroshop Maroc","isPartOf":{"@id":"https:\/\/astroshop.ma\/#website"},"primaryImageOfPage":{"@id":"https:\/\/astroshop.ma\/?product=telescope-sky-watcher-200mm-f5-sur-neq5-black-diamond#primaryimage"},"image":{"@id":"https:\/\/astroshop.ma\/?product=telescope-sky-watcher-200mm-f5-sur-neq5-black-diamond#primaryimage"},"thumbnailUrl":"https:\/\/astroshop.ma\/wp-content\/uploads\/2025\/11\/telescope-sky-watcher-200-1000-sur-neq5-black-diamond.jpg","datePublished":"2025-11-17T10:15:35+00:00","dateModified":"2025-11-19T08:01:40+00:00","breadcrumb":{"@id":"https:\/\/astroshop.ma\/?product=telescope-sky-watcher-200mm-f5-sur-neq5-black-diamond#breadcrumb"},"inLanguage":"en-US","potentialAction":[{"@type":"ReadAction","target":["https:\/\/astroshop.ma\/?product=telescope-sky-watcher-200mm-f5-sur-neq5-black-diamond"]}]},{"@type":"ImageObject","inLanguage":"en-US","@id":"https:\/\/astroshop.ma\/?product=telescope-sky-watcher-200mm-f5-sur-neq5-black-diamond#primaryimage","url":"https:\/\/astroshop.ma\/wp-content\/uploads\/2025\/11\/telescope-sky-watcher-200-1000-sur-neq5-black-diamond.jpg","contentUrl":"https:\/\/astroshop.ma\/wp-content\/uploads\/2025\/11\/telescope-sky-watcher-200-1000-sur-neq5-black-diamond.jpg","width":800,"height":800},{"@type":"BreadcrumbList","@id":"https:\/\/astroshop.ma\/?product=telescope-sky-watcher-200mm-f5-sur-neq5-black-diamond#breadcrumb","itemListElement":[{"@type":"ListItem","position":1,"name":"Home","item":"https:\/\/astroshop.ma\/"},{"@type":"ListItem","position":2,"name":"Shop","item":"https:\/\/astroshop.ma\/?page_id=394"},{"@type":"ListItem","position":3,"name":"T\u00e9lescope Sky-Watcher 200mm f5 sur NEQ5 Black Diamond"}]},{"@type":"WebSite","@id":"https:\/\/astroshop.ma\/#website","url":"https:\/\/astroshop.ma\/","name":"Astroshop Maroc","description":"Des instruments astronomiques pour chaque astronome au Maroc","publisher":{"@id":"https:\/\/astroshop.ma\/#organization"},"potentialAction":[{"@type":"SearchAction","target":{"@type":"EntryPoint","urlTemplate":"https:\/\/astroshop.ma\/?s={search_term_string}"},"query-input":{"@type":"PropertyValueSpecification","valueRequired":true,"valueName":"search_term_string"}}],"inLanguage":"en-US"},{"@type":"Organization","@id":"https:\/\/astroshop.ma\/#organization","name":"Astroshop Maroc","url":"https:\/\/astroshop.ma\/","logo":{"@type":"ImageObject","inLanguage":"en-US","@id":"https:\/\/astroshop.ma\/#\/schema\/logo\/image\/","url":"https:\/\/astroshop.ma\/wp-content\/uploads\/2025\/12\/M20_Logo_1.jpg","contentUrl":"https:\/\/astroshop.ma\/wp-content\/uploads\/2025\/12\/M20_Logo_1.jpg","width":501,"height":334,"caption":"Astroshop Maroc"},"image":{"@id":"https:\/\/astroshop.ma\/#\/schema\/logo\/image\/"}}]}},"_links":{"self":[{"href":"https:\/\/astroshop.ma\/index.php?rest_route=\/wp\/v2\/product\/10863","targetHints":{"allow":["GET"]}}],"collection":[{"href":"https:\/\/astroshop.ma\/index.php?rest_route=\/wp\/v2\/product"}],"about":[{"href":"https:\/\/astroshop.ma\/index.php?rest_route=\/wp\/v2\/types\/product"}],"wp:featuredmedia":[{"embeddable":true,"href":"https:\/\/astroshop.ma\/index.php?rest_route=\/wp\/v2\/media\/10864"}],"wp:attachment":[{"href":"https:\/\/astroshop.ma\/index.php?rest_route=%2Fwp%2Fv2%2Fmedia&parent=10863"}],"wp:term":[{"taxonomy":"product_brand","embeddable":true,"href":"https:\/\/astroshop.ma\/index.php?rest_route=%2Fwp%2Fv2%2Fproduct_brand&post=10863"},{"taxonomy":"product_cat","embeddable":true,"href":"https:\/\/astroshop.ma\/index.php?rest_route=%2Fwp%2Fv2%2Fproduct_cat&post=10863"},{"taxonomy":"product_tag","embeddable":true,"href":"https:\/\/astroshop.ma\/index.php?rest_route=%2Fwp%2Fv2%2Fproduct_tag&post=10863"}],"curies":[{"name":"wp","href":"https:\/\/api.w.org\/{rel}","templated":true}]}}