{"id":10815,"date":"2025-10-23T10:03:29","date_gmt":"2025-10-23T10:03:29","guid":{"rendered":"https:\/\/astroshop.ma\/?post_type=product&#038;p=10815"},"modified":"2025-10-23T10:03:29","modified_gmt":"2025-10-23T10:03:29","slug":"sky-watcher-tube-optique-300mm-f4-black-diamond-dual-speed","status":"publish","type":"product","link":"https:\/\/astroshop.ma\/?product=sky-watcher-tube-optique-300mm-f4-black-diamond-dual-speed","title":{"rendered":"Sky-Watcher Tube optique 300mm f4 Black Diamond Dual Speed"},"content":{"rendered":"<p><img loading=\"lazy\" decoding=\"async\" class=\"alignnone size-full wp-image-10806\" src=\"https:\/\/astroshop.ma\/wp-content\/uploads\/2025\/10\/Skywatcher.jpg\" alt=\"\" width=\"300\" height=\"150\" srcset=\"https:\/\/astroshop.ma\/wp-content\/uploads\/2025\/10\/Skywatcher.jpg 300w, https:\/\/astroshop.ma\/wp-content\/uploads\/2025\/10\/Skywatcher-64x32.jpg 64w\" sizes=\"auto, (max-width: 300px) 100vw, 300px\" \/><\/p>\n<h4>Tout savoir sur le Newton Sky-Watcher 300mm f\/4<\/h4>\n<p>Pour les astrophotographes, afin d&#8217;offrir de meilleures performances en imagerie du ciel profond,\u00a0<strong>Sky-Watcher a r\u00e9duit la focale de la gamme &#8220;classique&#8221; Black Diamond \u00e0 f\/4<\/strong>\u00a0pour offrir un champ plus large et une\u00a0<strong>rapidit\u00e9 photographique nettement sup\u00e9rieure<\/strong>\u00a0(2 fois entre deux instruments \u00e0 f\/4 et f\/5). A temps de pose \u00e9gal, un rapport de focale plus court permet d&#8217;obtenir plus de signal ou \u00e0 signal \u00e9quivalent de r\u00e9duire le temps de pose. De plus, l&#8217;encombrement du tube est r\u00e9duit ce qui implique aussi une moindre prise au vent.<\/p>\n<p><strong>Le plus grand t\u00e9lescope de la gamme Newton Sky-Watcher<\/strong>, le 300mm, se destine aux passionn\u00e9s d&#8217;observation du ciel profond et d&#8217;astrophotographie. Avec un miroir primaire de 300mm,\u00a0<strong>il r\u00e9colte 44% de lumi\u00e8re suppl\u00e9mentaire par rapport \u00e0 un t\u00e9lescope de 250mm<\/strong>\u00a0et promet pour le d\u00e9butant comme l&#8217;astronome amateur des ann\u00e9es d&#8217;observations riches de d\u00e9couvertes. Offrez-vous un grand t\u00e9lescope pour ne pas seulement voir les objets du ciel profond mais les scruter en d\u00e9tails.<\/p>\n<p>Sa conception Newton offre plusieurs avantages par rapport aux autres familles d&#8217;instruments (lunettes et t\u00e9lescopes Cassegrain). La fabrication des miroirs est plus \u00e9conomique \u00e0 diam\u00e8tre \u00e9gal et son rapport de focale est g\u00e9n\u00e9ralement tr\u00e8s faible.\u00a0<strong>Vous b\u00e9n\u00e9ficiez alors pour un budget attractif d&#8217;un t\u00e9lescope lumineux qui fournit un tr\u00e8s grand champ d&#8217;observation (ici f\/D=4)<\/strong>. L&#8217;obstruction centrale est aussi plus faible que les t\u00e9lescopes type Cassegrain.<\/p>\n<p><strong>Au contraire des fabrications tr\u00e8s bon march\u00e9<\/strong>\u00a0ou les t\u00e9lescopes Newton de petits diam\u00e8tres, les Newton Sky-Watcher de 150, 200, 250 et 300mm\u00a0<strong>disposent d&#8217;un miroir primaire parabolique<\/strong>. Les miroirs sont polis sph\u00e9riquement puis retaill\u00e9s pour atteindre une forme parabolo\u00efdale (plus co\u00fbteuse et difficile \u00e0 obtenir).\u00a0<strong>C&#8217;est un crit\u00e8re de choix indispensable pour les instruments au-dessus de 130mm et \u00e0 f\/D court<\/strong>.<\/p>\n<p>La mise au point s&#8217;obtient par l&#8217;interm\u00e9diaire d&#8217;un porte oculaire Crayford bi-coulant. Il permet d&#8217;obtenir\u00a0<strong>une mise au point fine gr\u00e2ce \u00e0 la d\u00e9multiplication 1:10<\/strong>. Un plus tr\u00e8s appr\u00e9ciable lors d&#8217;observations \u00e0 forts grossissements et en imagerie. Il permet de\u00a0<strong>supporter de lourdes charges (ex : APN)<\/strong>. Un adaptateur 31.75mm est en fourni en standard pour utiliser des oculaires de m\u00eame format \u00e0 partir de la sortie en 50.8mm. Une vis de serrage situ\u00e9e en bas du porte oculaire permet de maintenir la mise au point suivant l&#8217;orientation du tube optique.<\/p>\n<figure><img decoding=\"async\" title=\"Principe du miroir parabolique et porte-oculaire Sky-Watcher Dual Speed 10:1\" src=\"https:\/\/www.telescopes-et-accessoires.fr\/img\/cms\/photos\/fiches\/parabolique-focuser-01.webp\" alt=\"newton_skywatcher_parabolique_01.jpg\" \/><figcaption>Principe du miroir parabolique et porte-oculaire Sky-Watcher Dual Speed 10:1<\/figcaption><\/figure>\n<p>Pour pr\u00e9senter la plus petite obstruction possible\u00a0<strong>le support de fixation du miroir secondaire (plan) dispose de 4 branches fines<\/strong>, d&#8217;une largeur de 0.5mm. Suffisamment rigides elles limitent ainsi les pics de diffraction sur les \u00e9toiles brillantes et une perte de luminosit\u00e9 trop importante. Un chercheur achromatique 9&#215;50 sur son support est aussi livr\u00e9 en standard.<\/p>\n<p>&nbsp;<\/p>\n<p>&nbsp;<\/p>\n<p><strong>\u00c9l\u00e9ments Livr\u00e9s<\/strong><\/p>\n<p>&nbsp;<\/p>\n<ul>\n<li>1 tube optique Sky-Watcher 300mm f\/4<\/li>\n<li>1 porte-oculaire Crayford 50.8mm Sky-Watcher avec microfocuser (dual speed 1:10) et adaptateur 31.75mm<\/li>\n<li>1 queue d&#8217;aronde type Losmandy<\/li>\n<li>2 colliers de fixation<\/li>\n<li>1 support Piggyback pour appareil photo au pas Kodak sur le haut d&#8217;un des colliers de fixation<\/li>\n<li>1 chercheur droit 9&#215;50<\/li>\n<\/ul>\n","protected":false},"excerpt":{"rendered":"<table class=\"microscope-specs\">\n<thead>\n<tr>\n<th>Caract\u00e9ristiques<\/th>\n<th>Tube Newton Sky-Watcher 300mm f\/4 (avec microfocuser)<\/th>\n<\/tr>\n<\/thead>\n<tbody>\n<tr>\n<th>Formule optique<\/th>\n<td>Newton<br \/>\nMiroir primaire parabolique<br \/>\nMiroir secondaire plan<\/td>\n<\/tr>\n<tr>\n<th>Longueur focale<\/th>\n<td>1200mm<\/td>\n<\/tr>\n<tr>\n<th>Rapport de focale<\/th>\n<td>f\/4<\/td>\n<\/tr>\n<tr>\n<th>Miroir<\/th>\n<td>Pyrex<\/td>\n<\/tr>\n<tr>\n<th>Pouvoir de r\u00e9solution<\/th>\n<td>0.41&#8243;<\/td>\n<\/tr>\n<tr>\n<th>Magnitude limite<\/th>\n<td>14.5<\/td>\n<\/tr>\n<tr>\n<th>Construction<\/th>\n<td>M\u00e9tal<br \/>\nAvec queue d&#8217;aronde et deux colliers de fixation<\/td>\n<\/tr>\n<tr>\n<th>Porte-oculaire<\/th>\n<td>Crayford 50.8\/31.75mm Sky-Watcher avec microfocuser (dual speed 1:10)<\/td>\n<\/tr>\n<tr>\n<th>Dimensions (Diam\u00e8tre x Longueur)<\/th>\n<td>35cm x 11.5cm<\/td>\n<\/tr>\n<tr>\n<th>Poids<\/th>\n<td>22kg<\/td>\n<\/tr>\n<\/tbody>\n<\/table>\n","protected":false},"featured_media":10816,"template":"","meta":{"_editorskit_title_hidden":false,"_editorskit_reading_time":0,"_editorskit_is_block_options_detached":false,"_editorskit_block_options_position":"{}","_coblocks_attr":"","_coblocks_dimensions":"","_coblocks_responsive_height":"","_coblocks_accordion_ie_support":"","_crdt_document":"","_monsterinsights_skip_tracking":false,"_monsterinsights_sitenote_active":false,"_monsterinsights_sitenote_note":"","_monsterinsights_sitenote_category":0},"product_brand":[],"product_cat":[148,22],"product_tag":[],"class_list":{"0":"post-10815","1":"product","2":"type-product","3":"status-publish","4":"has-post-thumbnail","6":"product_cat-sky-watcher","7":"product_cat-telescopes","9":"first","10":"instock","11":"shipping-taxable","12":"purchasable","13":"product-type-simple"},"yoast_head":"<!-- This site is optimized with the Yoast SEO plugin v27.4 - https:\/\/yoast.com\/product\/yoast-seo-wordpress\/ -->\n<title>Sky-Watcher Tube optique 300mm f4 Black Diamond Dual Speed - Astroshop Maroc<\/title>\n<meta name=\"robots\" content=\"index, follow, max-snippet:-1, max-image-preview:large, max-video-preview:-1\" \/>\n<link rel=\"canonical\" href=\"https:\/\/astroshop.ma\/?product=sky-watcher-tube-optique-300mm-f4-black-diamond-dual-speed\" \/>\n<meta property=\"og:locale\" content=\"en_US\" \/>\n<meta property=\"og:type\" content=\"article\" \/>\n<meta property=\"og:title\" content=\"Sky-Watcher Tube optique 300mm f4 Black Diamond Dual Speed - Astroshop Maroc\" \/>\n<meta property=\"og:description\" content=\"Caract\u00e9ristiques Tube Newton Sky-Watcher 300mm f\/4 (avec microfocuser)     Formule optique Newton Miroir primaire parabolique Miroir secondaire plan   Longueur focale 1200mm   Rapport de focale f\/4   Miroir Pyrex   Pouvoir de r\u00e9solution 0.41&quot;   Magnitude limite 14.5   Construction M\u00e9tal Avec queue d&#039;aronde et deux colliers de fixation   Porte-oculaire Crayford 50.8\/31.75mm Sky-Watcher avec microfocuser (dual speed 1:10)   Dimensions (Diam\u00e8tre x Longueur) 35cm x 11.5cm   Poids 22kg\" \/>\n<meta property=\"og:url\" content=\"https:\/\/astroshop.ma\/?product=sky-watcher-tube-optique-300mm-f4-black-diamond-dual-speed\" \/>\n<meta property=\"og:site_name\" content=\"Astroshop Maroc\" \/>\n<meta property=\"og:image\" content=\"https:\/\/astroshop.ma\/wp-content\/uploads\/2025\/10\/tube-optique-sky-watcher-300-1200-black-diamond-dual-speed.jpg\" \/>\n\t<meta property=\"og:image:width\" content=\"800\" \/>\n\t<meta property=\"og:image:height\" content=\"800\" \/>\n\t<meta property=\"og:image:type\" content=\"image\/jpeg\" \/>\n<meta name=\"twitter:card\" content=\"summary_large_image\" \/>\n<meta name=\"twitter:label1\" content=\"Est. reading time\" \/>\n\t<meta name=\"twitter:data1\" content=\"3 minutes\" \/>\n<script type=\"application\/ld+json\" class=\"yoast-schema-graph\">{\"@context\":\"https:\\\/\\\/schema.org\",\"@graph\":[{\"@type\":\"WebPage\",\"@id\":\"https:\\\/\\\/astroshop.ma\\\/?product=sky-watcher-tube-optique-300mm-f4-black-diamond-dual-speed\",\"url\":\"https:\\\/\\\/astroshop.ma\\\/?product=sky-watcher-tube-optique-300mm-f4-black-diamond-dual-speed\",\"name\":\"Sky-Watcher Tube optique 300mm f4 Black Diamond Dual Speed - Astroshop Maroc\",\"isPartOf\":{\"@id\":\"https:\\\/\\\/astroshop.ma\\\/#website\"},\"primaryImageOfPage\":{\"@id\":\"https:\\\/\\\/astroshop.ma\\\/?product=sky-watcher-tube-optique-300mm-f4-black-diamond-dual-speed#primaryimage\"},\"image\":{\"@id\":\"https:\\\/\\\/astroshop.ma\\\/?product=sky-watcher-tube-optique-300mm-f4-black-diamond-dual-speed#primaryimage\"},\"thumbnailUrl\":\"https:\\\/\\\/astroshop.ma\\\/wp-content\\\/uploads\\\/2025\\\/10\\\/tube-optique-sky-watcher-300-1200-black-diamond-dual-speed.jpg\",\"datePublished\":\"2025-10-23T10:03:29+00:00\",\"breadcrumb\":{\"@id\":\"https:\\\/\\\/astroshop.ma\\\/?product=sky-watcher-tube-optique-300mm-f4-black-diamond-dual-speed#breadcrumb\"},\"inLanguage\":\"en-US\",\"potentialAction\":[{\"@type\":\"ReadAction\",\"target\":[\"https:\\\/\\\/astroshop.ma\\\/?product=sky-watcher-tube-optique-300mm-f4-black-diamond-dual-speed\"]}]},{\"@type\":\"ImageObject\",\"inLanguage\":\"en-US\",\"@id\":\"https:\\\/\\\/astroshop.ma\\\/?product=sky-watcher-tube-optique-300mm-f4-black-diamond-dual-speed#primaryimage\",\"url\":\"https:\\\/\\\/astroshop.ma\\\/wp-content\\\/uploads\\\/2025\\\/10\\\/tube-optique-sky-watcher-300-1200-black-diamond-dual-speed.jpg\",\"contentUrl\":\"https:\\\/\\\/astroshop.ma\\\/wp-content\\\/uploads\\\/2025\\\/10\\\/tube-optique-sky-watcher-300-1200-black-diamond-dual-speed.jpg\",\"width\":800,\"height\":800},{\"@type\":\"BreadcrumbList\",\"@id\":\"https:\\\/\\\/astroshop.ma\\\/?product=sky-watcher-tube-optique-300mm-f4-black-diamond-dual-speed#breadcrumb\",\"itemListElement\":[{\"@type\":\"ListItem\",\"position\":1,\"name\":\"Home\",\"item\":\"https:\\\/\\\/astroshop.ma\\\/\"},{\"@type\":\"ListItem\",\"position\":2,\"name\":\"Shop\",\"item\":\"https:\\\/\\\/astroshop.ma\\\/?page_id=394\"},{\"@type\":\"ListItem\",\"position\":3,\"name\":\"Sky-Watcher Tube optique 300mm f4 Black Diamond Dual Speed\"}]},{\"@type\":\"WebSite\",\"@id\":\"https:\\\/\\\/astroshop.ma\\\/#website\",\"url\":\"https:\\\/\\\/astroshop.ma\\\/\",\"name\":\"Astroshop Maroc\",\"description\":\"Des instruments astronomiques pour chaque astronome au Maroc\",\"publisher\":{\"@id\":\"https:\\\/\\\/astroshop.ma\\\/#organization\"},\"potentialAction\":[{\"@type\":\"SearchAction\",\"target\":{\"@type\":\"EntryPoint\",\"urlTemplate\":\"https:\\\/\\\/astroshop.ma\\\/?s={search_term_string}\"},\"query-input\":{\"@type\":\"PropertyValueSpecification\",\"valueRequired\":true,\"valueName\":\"search_term_string\"}}],\"inLanguage\":\"en-US\"},{\"@type\":\"Organization\",\"@id\":\"https:\\\/\\\/astroshop.ma\\\/#organization\",\"name\":\"Astroshop Maroc\",\"url\":\"https:\\\/\\\/astroshop.ma\\\/\",\"logo\":{\"@type\":\"ImageObject\",\"inLanguage\":\"en-US\",\"@id\":\"https:\\\/\\\/astroshop.ma\\\/#\\\/schema\\\/logo\\\/image\\\/\",\"url\":\"https:\\\/\\\/astroshop.ma\\\/wp-content\\\/uploads\\\/2025\\\/12\\\/M20_Logo_1.jpg\",\"contentUrl\":\"https:\\\/\\\/astroshop.ma\\\/wp-content\\\/uploads\\\/2025\\\/12\\\/M20_Logo_1.jpg\",\"width\":501,\"height\":334,\"caption\":\"Astroshop Maroc\"},\"image\":{\"@id\":\"https:\\\/\\\/astroshop.ma\\\/#\\\/schema\\\/logo\\\/image\\\/\"}}]}<\/script>\n<!-- \/ Yoast SEO plugin. -->","yoast_head_json":{"title":"Sky-Watcher Tube optique 300mm f4 Black Diamond Dual Speed - Astroshop Maroc","robots":{"index":"index","follow":"follow","max-snippet":"max-snippet:-1","max-image-preview":"max-image-preview:large","max-video-preview":"max-video-preview:-1"},"canonical":"https:\/\/astroshop.ma\/?product=sky-watcher-tube-optique-300mm-f4-black-diamond-dual-speed","og_locale":"en_US","og_type":"article","og_title":"Sky-Watcher Tube optique 300mm f4 Black Diamond Dual Speed - Astroshop Maroc","og_description":"Caract\u00e9ristiques Tube Newton Sky-Watcher 300mm f\/4 (avec microfocuser)     Formule optique Newton Miroir primaire parabolique Miroir secondaire plan   Longueur focale 1200mm   Rapport de focale f\/4   Miroir Pyrex   Pouvoir de r\u00e9solution 0.41\"   Magnitude limite 14.5   Construction M\u00e9tal Avec queue d'aronde et deux colliers de fixation   Porte-oculaire Crayford 50.8\/31.75mm Sky-Watcher avec microfocuser (dual speed 1:10)   Dimensions (Diam\u00e8tre x Longueur) 35cm x 11.5cm   Poids 22kg","og_url":"https:\/\/astroshop.ma\/?product=sky-watcher-tube-optique-300mm-f4-black-diamond-dual-speed","og_site_name":"Astroshop Maroc","og_image":[{"width":800,"height":800,"url":"https:\/\/astroshop.ma\/wp-content\/uploads\/2025\/10\/tube-optique-sky-watcher-300-1200-black-diamond-dual-speed.jpg","type":"image\/jpeg"}],"twitter_card":"summary_large_image","twitter_misc":{"Est. reading time":"3 minutes"},"schema":{"@context":"https:\/\/schema.org","@graph":[{"@type":"WebPage","@id":"https:\/\/astroshop.ma\/?product=sky-watcher-tube-optique-300mm-f4-black-diamond-dual-speed","url":"https:\/\/astroshop.ma\/?product=sky-watcher-tube-optique-300mm-f4-black-diamond-dual-speed","name":"Sky-Watcher Tube optique 300mm f4 Black Diamond Dual Speed - Astroshop Maroc","isPartOf":{"@id":"https:\/\/astroshop.ma\/#website"},"primaryImageOfPage":{"@id":"https:\/\/astroshop.ma\/?product=sky-watcher-tube-optique-300mm-f4-black-diamond-dual-speed#primaryimage"},"image":{"@id":"https:\/\/astroshop.ma\/?product=sky-watcher-tube-optique-300mm-f4-black-diamond-dual-speed#primaryimage"},"thumbnailUrl":"https:\/\/astroshop.ma\/wp-content\/uploads\/2025\/10\/tube-optique-sky-watcher-300-1200-black-diamond-dual-speed.jpg","datePublished":"2025-10-23T10:03:29+00:00","breadcrumb":{"@id":"https:\/\/astroshop.ma\/?product=sky-watcher-tube-optique-300mm-f4-black-diamond-dual-speed#breadcrumb"},"inLanguage":"en-US","potentialAction":[{"@type":"ReadAction","target":["https:\/\/astroshop.ma\/?product=sky-watcher-tube-optique-300mm-f4-black-diamond-dual-speed"]}]},{"@type":"ImageObject","inLanguage":"en-US","@id":"https:\/\/astroshop.ma\/?product=sky-watcher-tube-optique-300mm-f4-black-diamond-dual-speed#primaryimage","url":"https:\/\/astroshop.ma\/wp-content\/uploads\/2025\/10\/tube-optique-sky-watcher-300-1200-black-diamond-dual-speed.jpg","contentUrl":"https:\/\/astroshop.ma\/wp-content\/uploads\/2025\/10\/tube-optique-sky-watcher-300-1200-black-diamond-dual-speed.jpg","width":800,"height":800},{"@type":"BreadcrumbList","@id":"https:\/\/astroshop.ma\/?product=sky-watcher-tube-optique-300mm-f4-black-diamond-dual-speed#breadcrumb","itemListElement":[{"@type":"ListItem","position":1,"name":"Home","item":"https:\/\/astroshop.ma\/"},{"@type":"ListItem","position":2,"name":"Shop","item":"https:\/\/astroshop.ma\/?page_id=394"},{"@type":"ListItem","position":3,"name":"Sky-Watcher Tube optique 300mm f4 Black Diamond Dual Speed"}]},{"@type":"WebSite","@id":"https:\/\/astroshop.ma\/#website","url":"https:\/\/astroshop.ma\/","name":"Astroshop Maroc","description":"Des instruments astronomiques pour chaque astronome au Maroc","publisher":{"@id":"https:\/\/astroshop.ma\/#organization"},"potentialAction":[{"@type":"SearchAction","target":{"@type":"EntryPoint","urlTemplate":"https:\/\/astroshop.ma\/?s={search_term_string}"},"query-input":{"@type":"PropertyValueSpecification","valueRequired":true,"valueName":"search_term_string"}}],"inLanguage":"en-US"},{"@type":"Organization","@id":"https:\/\/astroshop.ma\/#organization","name":"Astroshop Maroc","url":"https:\/\/astroshop.ma\/","logo":{"@type":"ImageObject","inLanguage":"en-US","@id":"https:\/\/astroshop.ma\/#\/schema\/logo\/image\/","url":"https:\/\/astroshop.ma\/wp-content\/uploads\/2025\/12\/M20_Logo_1.jpg","contentUrl":"https:\/\/astroshop.ma\/wp-content\/uploads\/2025\/12\/M20_Logo_1.jpg","width":501,"height":334,"caption":"Astroshop Maroc"},"image":{"@id":"https:\/\/astroshop.ma\/#\/schema\/logo\/image\/"}}]}},"_links":{"self":[{"href":"https:\/\/astroshop.ma\/index.php?rest_route=\/wp\/v2\/product\/10815","targetHints":{"allow":["GET"]}}],"collection":[{"href":"https:\/\/astroshop.ma\/index.php?rest_route=\/wp\/v2\/product"}],"about":[{"href":"https:\/\/astroshop.ma\/index.php?rest_route=\/wp\/v2\/types\/product"}],"wp:featuredmedia":[{"embeddable":true,"href":"https:\/\/astroshop.ma\/index.php?rest_route=\/wp\/v2\/media\/10816"}],"wp:attachment":[{"href":"https:\/\/astroshop.ma\/index.php?rest_route=%2Fwp%2Fv2%2Fmedia&parent=10815"}],"wp:term":[{"taxonomy":"product_brand","embeddable":true,"href":"https:\/\/astroshop.ma\/index.php?rest_route=%2Fwp%2Fv2%2Fproduct_brand&post=10815"},{"taxonomy":"product_cat","embeddable":true,"href":"https:\/\/astroshop.ma\/index.php?rest_route=%2Fwp%2Fv2%2Fproduct_cat&post=10815"},{"taxonomy":"product_tag","embeddable":true,"href":"https:\/\/astroshop.ma\/index.php?rest_route=%2Fwp%2Fv2%2Fproduct_tag&post=10815"}],"curies":[{"name":"wp","href":"https:\/\/api.w.org\/{rel}","templated":true}]}}