{"id":10751,"date":"2025-09-11T11:25:32","date_gmt":"2025-09-11T11:25:32","guid":{"rendered":"https:\/\/astroshop.ma\/?post_type=product&#038;p=10751"},"modified":"2025-09-11T12:35:05","modified_gmt":"2025-09-11T12:35:05","slug":"omegon-microscope-nabla-ii-trino","status":"publish","type":"product","link":"https:\/\/astroshop.ma\/?product=omegon-microscope-nabla-ii-trino","title":{"rendered":"Omegon Microscope Nabla II Trino"},"content":{"rendered":"<form id=\"cart-form\" action=\"https:\/\/www.astroshop.de\/fr\/cart\" method=\"post\">\n<div class=\"display-flex fd-row fw-wrap\">\n<div class=\"display-flex fd-column\">\n<div id=\"description\" class=\"cnt-text-box\">\n<h2><img loading=\"lazy\" decoding=\"async\" class=\"alignnone size-full wp-image-10392\" src=\"https:\/\/astroshop.ma\/wp-content\/uploads\/2025\/02\/Omegon.jpg\" alt=\"\" width=\"300\" height=\"150\" srcset=\"https:\/\/astroshop.ma\/wp-content\/uploads\/2025\/02\/Omegon.jpg 300w, https:\/\/astroshop.ma\/wp-content\/uploads\/2025\/02\/Omegon-64x32.jpg 64w\" sizes=\"auto, (max-width: 300px) 100vw, 300px\" \/><\/h2>\n<h2 class=\"hdl-01\">Description du produit<\/h2>\n<div class=\"text-justify\">\n<p>&nbsp;<\/p>\n<div>\n<p><b>La pr\u00e9cision pour le monde microscopique \u2013 Voyez plus avec l&#8217;Omegon Nabla II<\/b><\/p>\n<p>Parfois, ce sont des d\u00e9tails microscopiques qui d\u00e9terminent le succ\u00e8s de votre analyse. Avec l&#8217;Omegon Nabla II, vous rendez ces d\u00e9tails visibles : d&#8217;une nettet\u00e9 exceptionnelle, pr\u00e9cis et fiables. Ne vous contentez pas de voir ce qui est l\u00e0, voyez \u00e9galement ce que les autres ne voient pas. Con\u00e7u pour la formation, les chercheurs amateurs ambitieux et tous ceux qui attendent des r\u00e9sultats professionnels.<\/p>\n<p><b>Avantages en un coup d&#8217;\u0153il :<\/b><\/p>\n<ul>\n<li>Grossissement jusqu&#8217;\u00e0 1 000 fois : rendez visibles les d\u00e9tails invisibles \u00e0 l&#8217;\u0153il nu.<\/li>\n<li>Optique de haute qualit\u00e9 : des images claires et nettes pour chaque \u00e9chantillon.<\/li>\n<li>Table crois\u00e9e robuste avec \u00e9chelles vernier : guidage des \u00e9chantillons avec une pr\u00e9cision absolue.<\/li>\n<li>\u00c9clairage LED avec condenseur Abbe : \u00e9clairage optimal pour des analyses d\u00e9taill\u00e9es.<\/li>\n<li>Conception ergonomique avec visibilit\u00e9 biologique : travail d\u00e9tendu, m\u00eame pendant de longues p\u00e9riodes.<\/li>\n<li>Utilisations vari\u00e9es : id\u00e9al pour l&#8217;\u00e9cole, les loisirs et les analyses environnementales.<\/li>\n<li>Mise au point pr\u00e9cise gr\u00e2ce \u00e0 la mise au point fine avec d\u00e9multiplication.<\/li>\n<\/ul>\n<p><b>L&#8217;\u00e9ducation \u00e0 port\u00e9e de main<\/b><\/p>\n<p>En cours de biologie, en laboratoire ou pour des projets scientifiques : le Nabla II convient \u00e0 tous les domaines qui exigent des observations tr\u00e8s pr\u00e9cises.<\/p>\n<p>. Les \u00e9l\u00e8ves et les \u00e9tudiants peuvent facilement pr\u00e9parer des \u00e9chantillons et les observer avec un grossissement jusqu&#8217;\u00e0 1000 fois. L&#8217;\u00e9clairage LED \u00e0 lumi\u00e8re transmise avec condenseur Abbe assure un \u00e9clairage uniforme et lumineux, parfait pour voir clairement les structures complexes.<\/p>\n<p><b>De l&#8217;aquariophilie \u00e0 l&#8217;exploration de l&#8217;habitat proche<\/b><\/p>\n<p>Ce microscope offre tout ce dont vous pouvez r\u00eaver pour explorer le microcosme pendant votre temps libre. Examinez des \u00e9chantillons d&#8217;eau de votre jardin, analysez des cellules v\u00e9g\u00e9tales ou explorez la diversit\u00e9 des organismes microscopiques. Gr\u00e2ce \u00e0 sa construction robuste et \u00e0 son utilisation intuitive, vous disposez toujours de l&#8217;outil id\u00e9al pour faire de nouvelles d\u00e9couvertes.<\/p>\n<p><b>Des analyses pr\u00e9cises pour l&#8217;environnement et les t\u00e2ches m\u00e9dicales<\/b><\/p>\n<p>La combinaison d&#8217;une optique de haute qualit\u00e9 et d&#8217;une immersion dans l&#8217;huile permet d&#8217;obtenir des r\u00e9sultats professionnels, que ce soit en microbiologie ou dans le cadre d&#8217;analyses environnementales.<\/p>\n<p>Analysez des \u00e9chantillons d&#8217;eau \u00e0 la recherche de polluants, examinez des \u00e9chantillons de tissus ou d\u00e9couvrez le monde des micro-organismes : le Nabla II r\u00e9pond \u00e0 toutes vos attentes.<\/p>\n<p><b>Travaillez de mani\u00e8re ergonomique et d\u00e9tendue<\/b><\/p>\n<p>Quiconque travaille longtemps avec un microscope sait \u00e0 quel point le confort est important. La t\u00eate pivotante \u00e0 360\u00b0 et l&#8217;inclinaison de 30\u00b0 garantissent des examens d\u00e9tendus, quelle que soit la position. La table crois\u00e9e robuste avec \u00e9chelles vernier rend le positionnement pr\u00e9cis de votre \u00e9chantillon plus facile que jamais.<\/p>\n<\/div>\n<p>&nbsp;<\/p>\n<\/div>\n<\/div>\n<div class=\"gtc-container gtc-container-hidden\" data-action=\"gtc-container\">\n<div id=\"specifications\" class=\"page-container\">\n<div class=\"auto-col-container clearfix\">\n<div class=\"single-col\"><\/div>\n<\/div>\n<\/div>\n<\/div>\n<div class=\"gtc-container gtc-container-hidden\" data-action=\"gtc-container\">\n<div id=\"accessories\">\n<div data-action=\"ftc-container\">\n<div class=\"box-container clearfix\">\n<div class=\"cart-product-col\"><\/div>\n<div class=\"cart-product-col\"><\/div>\n<\/div>\n<\/div>\n<\/div>\n<div class=\"gtc-gradient gtc-gradient-hidden\" data-action=\"gtc-btn\">\n<div class=\"gtc-text classic-link\">\n<div data-action=\"gtc-text\" data-gtcid=\"accessories\"><\/div>\n<\/div>\n<\/div>\n<\/div>\n<\/div>\n<div class=\"display-flex fd-column hide-below-bp2\">\n<div class=\"cnt-text-box\">\n<div class=\"pad-8\">\n<div class=\"cursor-zoomin\" data-type=\"btn-js\" data-action=\"opengallery-0\"><img decoding=\"async\" src=\"https:\/\/www.astroshop.de\/Produktbilder\/big\/82927_11.jpg\" alt=\"Microscope Omegon Nabla II Trino\" \/><\/div>\n<\/div>\n<div class=\"pad-8\">\n<div class=\"cursor-zoomin\" data-type=\"btn-js\" data-action=\"opengallery-1\"><img decoding=\"async\" src=\"https:\/\/www.astroshop.de\/Produktbilder\/big\/82927_11.jpg\" alt=\"Microscope Omegon Nabla II Trino\" \/><\/div>\n<\/div>\n<div class=\"pad-8\">\n<div class=\"cursor-zoomin\" data-type=\"btn-js\" data-action=\"opengallery-2\"><img decoding=\"async\" src=\"https:\/\/www.astroshop.de\/Produktbilder\/big\/82927_12.jpg\" alt=\"Microscope Omegon Nabla II Trino\" \/><\/div>\n<\/div>\n<div class=\"pad-8\">\n<div class=\"cursor-zoomin\" data-type=\"btn-js\" data-action=\"opengallery-3\"><img decoding=\"async\" src=\"https:\/\/www.astroshop.de\/Produktbilder\/big\/82927_13.jpg\" alt=\"Microscope Omegon Nabla II Trino\" \/><\/div>\n<\/div>\n<div class=\"pad-8\">\n<div class=\"cursor-zoomin\" data-type=\"btn-js\" data-action=\"opengallery-4\"><img decoding=\"async\" src=\"https:\/\/www.astroshop.de\/Produktbilder\/big\/82927_14.jpg\" alt=\"Microscope Omegon Nabla II Trino\" \/><\/div>\n<\/div>\n<div class=\"pad-8\">\n<div class=\"cursor-zoomin\" data-type=\"btn-js\" data-action=\"opengallery-5\"><img decoding=\"async\" src=\"https:\/\/www.astroshop.de\/Produktbilder\/big\/82927_15.jpg\" alt=\"Microscope Omegon Nabla II Trino\" \/><\/div>\n<\/div>\n<div class=\"pad-8\">\n<div class=\"cursor-zoomin\" data-type=\"btn-js\" data-action=\"opengallery-6\"><img decoding=\"async\" src=\"https:\/\/www.astroshop.de\/Produktbilder\/big\/82927_16.jpg\" alt=\"Microscope Omegon Nabla II Trino\" \/><\/div>\n<\/div>\n<div class=\"pad-8\">\n<div class=\"cursor-zoomin\" data-type=\"btn-js\" data-action=\"opengallery-7\"><img decoding=\"async\" src=\"https:\/\/www.astroshop.de\/Produktbilder\/big\/82927_17.jpg\" alt=\"Microscope Omegon Nabla II Trino\" \/><\/div>\n<\/div>\n<div class=\"pad-8\">\n<div class=\"cursor-zoomin\" data-type=\"btn-js\" data-action=\"opengallery-8\"><img decoding=\"async\" src=\"https:\/\/www.astroshop.de\/Produktbilder\/big\/82927_18.jpg\" alt=\"Microscope Omegon Nabla II Trino\" \/><\/div>\n<\/div>\n<\/div>\n<\/div>\n<\/div>\n<\/form>\n<div id=\"reviews\">\n<h2 class=\"hdl-02\"><\/h2>\n<\/div>\n","protected":false},"excerpt":{"rendered":"<table class=\"microscope-specs\">\n<thead>\n<tr>\n<th colspan=\"2\">Caract\u00e9ristiques Techniques<\/th>\n<\/tr>\n<\/thead>\n<tbody>\n<tr class=\"category-header\">\n<td colspan=\"2\">Optique<\/td>\n<\/tr>\n<tr>\n<td>Nombre d&#8217;objectifs<\/td>\n<td>4<\/td>\n<\/tr>\n<tr>\n<td>Objectif \u00e0 immersion<\/td>\n<td class=\"yes\">Oui<\/td>\n<\/tr>\n<tr>\n<td>Condenseur<\/td>\n<td>Condenseurs d&#8217;Abbe (NA 1,25) avec diaphragme d&#8217;ouverture<\/td>\n<\/tr>\n<tr>\n<td>Objectif 1<\/td>\n<td>4x<\/td>\n<\/tr>\n<tr>\n<td>Objectif 2<\/td>\n<td>10x<\/td>\n<\/tr>\n<tr>\n<td>Objectif 3<\/td>\n<td>40x<\/td>\n<\/tr>\n<tr>\n<td>Objectif 4<\/td>\n<td>100x, 1,25 N.A. (immersion \u00e0 huile) avec protection<\/td>\n<\/tr>\n<tr>\n<td>Oculaire<\/td>\n<td>10x<\/td>\n<\/tr>\n<tr>\n<td>\u00c9paisseur des lames (mm)<\/td>\n<td>0,17<\/td>\n<\/tr>\n<tr class=\"category-header\">\n<td colspan=\"2\">\u00c9clairage<\/td>\n<\/tr>\n<tr>\n<td>Lumi\u00e8re transmise<\/td>\n<td class=\"yes\">Inclus<\/td>\n<\/tr>\n<tr>\n<td>Type de lampe<\/td>\n<td>LED 3 W<\/td>\n<\/tr>\n<tr>\n<td>Commande de luminosit\u00e9<\/td>\n<td class=\"yes\">Oui<\/td>\n<\/tr>\n<tr>\n<td>Alimentation \u00e9lectrique<\/td>\n<td>220 V<\/td>\n<\/tr>\n<tr class=\"category-header\">\n<td colspan=\"2\">Syst\u00e8me m\u00e9canique<\/td>\n<\/tr>\n<tr>\n<td>Dimensions de la platine (mm)<\/td>\n<td>125 \u00d7 115<\/td>\n<\/tr>\n<tr>\n<td>Type de construction<\/td>\n<td>Coaxial<\/td>\n<\/tr>\n<tr>\n<td>Mise au point<\/td>\n<td>Mouvement rapide \/ fin<\/td>\n<\/tr>\n<tr>\n<td>Revolver<\/td>\n<td>4 positions<\/td>\n<\/tr>\n<tr>\n<td>Posture d&#8217;observation<\/td>\n<td>30\u00b0 vision oblique, tournant sur 360\u00b0<\/td>\n<\/tr>\n<tr class=\"category-header\">\n<td colspan=\"2\">Caract\u00e9ristiques g\u00e9n\u00e9rales<\/td>\n<\/tr>\n<tr>\n<td>S\u00e9rie<\/td>\n<td>Nabla-II<\/td>\n<\/tr>\n<tr>\n<td>Type de construction<\/td>\n<td>Trinoculaire<\/td>\n<\/tr>\n<tr>\n<td>Couleur<\/td>\n<td>Blanc<\/td>\n<\/tr>\n<tr>\n<td>Poids<\/td>\n<td>4900 g<\/td>\n<\/tr>\n<tr>\n<td>Dimensions (L \u00d7 l \u00d7 H)<\/td>\n<td>330 \u00d7 260 \u00d7 410 mm<\/td>\n<\/tr>\n<tr class=\"category-header\">\n<td colspan=\"2\">Utilisateurs cibles<\/td>\n<\/tr>\n<tr>\n<td>D\u00e9butant<\/td>\n<td class=\"yes\">Oui<\/td>\n<\/tr>\n<tr>\n<td>Amateurs avertis<\/td>\n<td class=\"yes\">Oui<\/td>\n<\/tr>\n<tr class=\"category-header\">\n<td colspan=\"2\">Domaines d&#8217;application<\/td>\n<\/tr>\n<tr>\n<td>Biologie<\/td>\n<td class=\"yes\">Oui<\/td>\n<\/tr>\n<tr>\n<td>Loisir scientifique<\/td>\n<td class=\"yes\">Oui<\/td>\n<\/tr>\n<tr>\n<td>Botanique<\/td>\n<td class=\"yes\">Oui<\/td>\n<\/tr>\n<tr>\n<td>Naturaliste<\/td>\n<td class=\"yes\">Oui<\/td>\n<\/tr>\n<\/tbody>\n<\/table>\n","protected":false},"featured_media":10752,"template":"","meta":{"_editorskit_title_hidden":false,"_editorskit_reading_time":0,"_editorskit_is_block_options_detached":false,"_editorskit_block_options_position":"{}","_coblocks_attr":"","_coblocks_dimensions":"","_coblocks_responsive_height":"","_coblocks_accordion_ie_support":"","_crdt_document":"","_monsterinsights_skip_tracking":false,"_monsterinsights_sitenote_active":false,"_monsterinsights_sitenote_note":"","_monsterinsights_sitenote_category":0},"product_brand":[],"product_cat":[28],"product_tag":[],"class_list":{"0":"post-10751","1":"product","2":"type-product","3":"status-publish","4":"has-post-thumbnail","6":"product_cat-microscopes","8":"first","9":"instock","10":"shipping-taxable","11":"product-type-simple"},"yoast_head":"<!-- This site is optimized with the Yoast SEO plugin v27.4 - https:\/\/yoast.com\/product\/yoast-seo-wordpress\/ -->\n<title>Omegon Microscope Nabla II Trino - Astroshop Maroc<\/title>\n<meta name=\"robots\" content=\"index, follow, max-snippet:-1, max-image-preview:large, max-video-preview:-1\" \/>\n<link rel=\"canonical\" href=\"https:\/\/astroshop.ma\/?product=omegon-microscope-nabla-ii-trino\" \/>\n<meta property=\"og:locale\" content=\"en_US\" \/>\n<meta property=\"og:type\" content=\"article\" \/>\n<meta property=\"og:title\" content=\"Omegon Microscope Nabla II Trino - Astroshop Maroc\" \/>\n<meta property=\"og:description\" content=\"Caract\u00e9ristiques Techniques     Optique   Nombre d&#039;objectifs 4   Objectif \u00e0 immersion Oui   Condenseur Condenseurs d&#039;Abbe (NA 1,25) avec diaphragme d&#039;ouverture   Objectif 1 4x   Objectif 2 10x   Objectif 3 40x   Objectif 4 100x, 1,25 N.A. (immersion \u00e0 huile) avec protection   Oculaire 10x   \u00c9paisseur des lames (mm) 0,17   \u00c9clairage   Lumi\u00e8re transmise Inclus   Type de lampe LED 3 W   Commande de luminosit\u00e9 Oui   Alimentation \u00e9lectrique 220 V   Syst\u00e8me m\u00e9canique   Dimensions de la platine (mm) 125 \u00d7 115   Type de construction Coaxial   Mise au point Mouvement rapide \/ fin   Revolver 4 positions   Posture d&#039;observation 30\u00b0 vision oblique, tournant sur 360\u00b0   Caract\u00e9ristiques g\u00e9n\u00e9rales   S\u00e9rie Nabla-II   Type de construction Trinoculaire   Couleur Blanc   Poids 4900 g   Dimensions (L \u00d7 l \u00d7 H) 330 \u00d7 260 \u00d7 410 mm   Utilisateurs cibles   D\u00e9butant Oui   Amateurs avertis Oui   Domaines d&#039;application   Biologie Oui   Loisir scientifique Oui   Botanique Oui   Naturaliste Oui\" \/>\n<meta property=\"og:url\" content=\"https:\/\/astroshop.ma\/?product=omegon-microscope-nabla-ii-trino\" \/>\n<meta property=\"og:site_name\" content=\"Astroshop Maroc\" \/>\n<meta property=\"article:modified_time\" content=\"2025-09-11T12:35:05+00:00\" \/>\n<meta property=\"og:image\" content=\"https:\/\/astroshop.ma\/wp-content\/uploads\/2025\/09\/Microscope-Omegon-Nabla-II-Trino-6.jpg\" \/>\n\t<meta property=\"og:image:width\" content=\"800\" \/>\n\t<meta property=\"og:image:height\" content=\"800\" \/>\n\t<meta property=\"og:image:type\" content=\"image\/jpeg\" \/>\n<meta name=\"twitter:card\" content=\"summary_large_image\" \/>\n<meta name=\"twitter:label1\" content=\"Est. reading time\" \/>\n\t<meta name=\"twitter:data1\" content=\"2 minutes\" \/>\n<script type=\"application\/ld+json\" class=\"yoast-schema-graph\">{\"@context\":\"https:\\\/\\\/schema.org\",\"@graph\":[{\"@type\":\"WebPage\",\"@id\":\"https:\\\/\\\/astroshop.ma\\\/?product=omegon-microscope-nabla-ii-trino\",\"url\":\"https:\\\/\\\/astroshop.ma\\\/?product=omegon-microscope-nabla-ii-trino\",\"name\":\"Omegon Microscope Nabla II Trino - Astroshop Maroc\",\"isPartOf\":{\"@id\":\"https:\\\/\\\/astroshop.ma\\\/#website\"},\"primaryImageOfPage\":{\"@id\":\"https:\\\/\\\/astroshop.ma\\\/?product=omegon-microscope-nabla-ii-trino#primaryimage\"},\"image\":{\"@id\":\"https:\\\/\\\/astroshop.ma\\\/?product=omegon-microscope-nabla-ii-trino#primaryimage\"},\"thumbnailUrl\":\"https:\\\/\\\/astroshop.ma\\\/wp-content\\\/uploads\\\/2025\\\/09\\\/Microscope-Omegon-Nabla-II-Trino-6.jpg\",\"datePublished\":\"2025-09-11T11:25:32+00:00\",\"dateModified\":\"2025-09-11T12:35:05+00:00\",\"breadcrumb\":{\"@id\":\"https:\\\/\\\/astroshop.ma\\\/?product=omegon-microscope-nabla-ii-trino#breadcrumb\"},\"inLanguage\":\"en-US\",\"potentialAction\":[{\"@type\":\"ReadAction\",\"target\":[\"https:\\\/\\\/astroshop.ma\\\/?product=omegon-microscope-nabla-ii-trino\"]}]},{\"@type\":\"ImageObject\",\"inLanguage\":\"en-US\",\"@id\":\"https:\\\/\\\/astroshop.ma\\\/?product=omegon-microscope-nabla-ii-trino#primaryimage\",\"url\":\"https:\\\/\\\/astroshop.ma\\\/wp-content\\\/uploads\\\/2025\\\/09\\\/Microscope-Omegon-Nabla-II-Trino-6.jpg\",\"contentUrl\":\"https:\\\/\\\/astroshop.ma\\\/wp-content\\\/uploads\\\/2025\\\/09\\\/Microscope-Omegon-Nabla-II-Trino-6.jpg\",\"width\":800,\"height\":800},{\"@type\":\"BreadcrumbList\",\"@id\":\"https:\\\/\\\/astroshop.ma\\\/?product=omegon-microscope-nabla-ii-trino#breadcrumb\",\"itemListElement\":[{\"@type\":\"ListItem\",\"position\":1,\"name\":\"Home\",\"item\":\"https:\\\/\\\/astroshop.ma\\\/\"},{\"@type\":\"ListItem\",\"position\":2,\"name\":\"Shop\",\"item\":\"https:\\\/\\\/astroshop.ma\\\/?page_id=394\"},{\"@type\":\"ListItem\",\"position\":3,\"name\":\"Omegon Microscope Nabla II Trino\"}]},{\"@type\":\"WebSite\",\"@id\":\"https:\\\/\\\/astroshop.ma\\\/#website\",\"url\":\"https:\\\/\\\/astroshop.ma\\\/\",\"name\":\"Astroshop Maroc\",\"description\":\"Des instruments astronomiques pour chaque astronome au Maroc\",\"publisher\":{\"@id\":\"https:\\\/\\\/astroshop.ma\\\/#organization\"},\"potentialAction\":[{\"@type\":\"SearchAction\",\"target\":{\"@type\":\"EntryPoint\",\"urlTemplate\":\"https:\\\/\\\/astroshop.ma\\\/?s={search_term_string}\"},\"query-input\":{\"@type\":\"PropertyValueSpecification\",\"valueRequired\":true,\"valueName\":\"search_term_string\"}}],\"inLanguage\":\"en-US\"},{\"@type\":\"Organization\",\"@id\":\"https:\\\/\\\/astroshop.ma\\\/#organization\",\"name\":\"Astroshop Maroc\",\"url\":\"https:\\\/\\\/astroshop.ma\\\/\",\"logo\":{\"@type\":\"ImageObject\",\"inLanguage\":\"en-US\",\"@id\":\"https:\\\/\\\/astroshop.ma\\\/#\\\/schema\\\/logo\\\/image\\\/\",\"url\":\"https:\\\/\\\/astroshop.ma\\\/wp-content\\\/uploads\\\/2025\\\/12\\\/M20_Logo_1.jpg\",\"contentUrl\":\"https:\\\/\\\/astroshop.ma\\\/wp-content\\\/uploads\\\/2025\\\/12\\\/M20_Logo_1.jpg\",\"width\":501,\"height\":334,\"caption\":\"Astroshop Maroc\"},\"image\":{\"@id\":\"https:\\\/\\\/astroshop.ma\\\/#\\\/schema\\\/logo\\\/image\\\/\"}}]}<\/script>\n<!-- \/ Yoast SEO plugin. -->","yoast_head_json":{"title":"Omegon Microscope Nabla II Trino - Astroshop Maroc","robots":{"index":"index","follow":"follow","max-snippet":"max-snippet:-1","max-image-preview":"max-image-preview:large","max-video-preview":"max-video-preview:-1"},"canonical":"https:\/\/astroshop.ma\/?product=omegon-microscope-nabla-ii-trino","og_locale":"en_US","og_type":"article","og_title":"Omegon Microscope Nabla II Trino - Astroshop Maroc","og_description":"Caract\u00e9ristiques Techniques     Optique   Nombre d'objectifs 4   Objectif \u00e0 immersion Oui   Condenseur Condenseurs d'Abbe (NA 1,25) avec diaphragme d'ouverture   Objectif 1 4x   Objectif 2 10x   Objectif 3 40x   Objectif 4 100x, 1,25 N.A. (immersion \u00e0 huile) avec protection   Oculaire 10x   \u00c9paisseur des lames (mm) 0,17   \u00c9clairage   Lumi\u00e8re transmise Inclus   Type de lampe LED 3 W   Commande de luminosit\u00e9 Oui   Alimentation \u00e9lectrique 220 V   Syst\u00e8me m\u00e9canique   Dimensions de la platine (mm) 125 \u00d7 115   Type de construction Coaxial   Mise au point Mouvement rapide \/ fin   Revolver 4 positions   Posture d'observation 30\u00b0 vision oblique, tournant sur 360\u00b0   Caract\u00e9ristiques g\u00e9n\u00e9rales   S\u00e9rie Nabla-II   Type de construction Trinoculaire   Couleur Blanc   Poids 4900 g   Dimensions (L \u00d7 l \u00d7 H) 330 \u00d7 260 \u00d7 410 mm   Utilisateurs cibles   D\u00e9butant Oui   Amateurs avertis Oui   Domaines d'application   Biologie Oui   Loisir scientifique Oui   Botanique Oui   Naturaliste Oui","og_url":"https:\/\/astroshop.ma\/?product=omegon-microscope-nabla-ii-trino","og_site_name":"Astroshop Maroc","article_modified_time":"2025-09-11T12:35:05+00:00","og_image":[{"width":800,"height":800,"url":"https:\/\/astroshop.ma\/wp-content\/uploads\/2025\/09\/Microscope-Omegon-Nabla-II-Trino-6.jpg","type":"image\/jpeg"}],"twitter_card":"summary_large_image","twitter_misc":{"Est. reading time":"2 minutes"},"schema":{"@context":"https:\/\/schema.org","@graph":[{"@type":"WebPage","@id":"https:\/\/astroshop.ma\/?product=omegon-microscope-nabla-ii-trino","url":"https:\/\/astroshop.ma\/?product=omegon-microscope-nabla-ii-trino","name":"Omegon Microscope Nabla II Trino - Astroshop Maroc","isPartOf":{"@id":"https:\/\/astroshop.ma\/#website"},"primaryImageOfPage":{"@id":"https:\/\/astroshop.ma\/?product=omegon-microscope-nabla-ii-trino#primaryimage"},"image":{"@id":"https:\/\/astroshop.ma\/?product=omegon-microscope-nabla-ii-trino#primaryimage"},"thumbnailUrl":"https:\/\/astroshop.ma\/wp-content\/uploads\/2025\/09\/Microscope-Omegon-Nabla-II-Trino-6.jpg","datePublished":"2025-09-11T11:25:32+00:00","dateModified":"2025-09-11T12:35:05+00:00","breadcrumb":{"@id":"https:\/\/astroshop.ma\/?product=omegon-microscope-nabla-ii-trino#breadcrumb"},"inLanguage":"en-US","potentialAction":[{"@type":"ReadAction","target":["https:\/\/astroshop.ma\/?product=omegon-microscope-nabla-ii-trino"]}]},{"@type":"ImageObject","inLanguage":"en-US","@id":"https:\/\/astroshop.ma\/?product=omegon-microscope-nabla-ii-trino#primaryimage","url":"https:\/\/astroshop.ma\/wp-content\/uploads\/2025\/09\/Microscope-Omegon-Nabla-II-Trino-6.jpg","contentUrl":"https:\/\/astroshop.ma\/wp-content\/uploads\/2025\/09\/Microscope-Omegon-Nabla-II-Trino-6.jpg","width":800,"height":800},{"@type":"BreadcrumbList","@id":"https:\/\/astroshop.ma\/?product=omegon-microscope-nabla-ii-trino#breadcrumb","itemListElement":[{"@type":"ListItem","position":1,"name":"Home","item":"https:\/\/astroshop.ma\/"},{"@type":"ListItem","position":2,"name":"Shop","item":"https:\/\/astroshop.ma\/?page_id=394"},{"@type":"ListItem","position":3,"name":"Omegon Microscope Nabla II Trino"}]},{"@type":"WebSite","@id":"https:\/\/astroshop.ma\/#website","url":"https:\/\/astroshop.ma\/","name":"Astroshop Maroc","description":"Des instruments astronomiques pour chaque astronome au Maroc","publisher":{"@id":"https:\/\/astroshop.ma\/#organization"},"potentialAction":[{"@type":"SearchAction","target":{"@type":"EntryPoint","urlTemplate":"https:\/\/astroshop.ma\/?s={search_term_string}"},"query-input":{"@type":"PropertyValueSpecification","valueRequired":true,"valueName":"search_term_string"}}],"inLanguage":"en-US"},{"@type":"Organization","@id":"https:\/\/astroshop.ma\/#organization","name":"Astroshop Maroc","url":"https:\/\/astroshop.ma\/","logo":{"@type":"ImageObject","inLanguage":"en-US","@id":"https:\/\/astroshop.ma\/#\/schema\/logo\/image\/","url":"https:\/\/astroshop.ma\/wp-content\/uploads\/2025\/12\/M20_Logo_1.jpg","contentUrl":"https:\/\/astroshop.ma\/wp-content\/uploads\/2025\/12\/M20_Logo_1.jpg","width":501,"height":334,"caption":"Astroshop Maroc"},"image":{"@id":"https:\/\/astroshop.ma\/#\/schema\/logo\/image\/"}}]}},"_links":{"self":[{"href":"https:\/\/astroshop.ma\/index.php?rest_route=\/wp\/v2\/product\/10751","targetHints":{"allow":["GET"]}}],"collection":[{"href":"https:\/\/astroshop.ma\/index.php?rest_route=\/wp\/v2\/product"}],"about":[{"href":"https:\/\/astroshop.ma\/index.php?rest_route=\/wp\/v2\/types\/product"}],"wp:featuredmedia":[{"embeddable":true,"href":"https:\/\/astroshop.ma\/index.php?rest_route=\/wp\/v2\/media\/10752"}],"wp:attachment":[{"href":"https:\/\/astroshop.ma\/index.php?rest_route=%2Fwp%2Fv2%2Fmedia&parent=10751"}],"wp:term":[{"taxonomy":"product_brand","embeddable":true,"href":"https:\/\/astroshop.ma\/index.php?rest_route=%2Fwp%2Fv2%2Fproduct_brand&post=10751"},{"taxonomy":"product_cat","embeddable":true,"href":"https:\/\/astroshop.ma\/index.php?rest_route=%2Fwp%2Fv2%2Fproduct_cat&post=10751"},{"taxonomy":"product_tag","embeddable":true,"href":"https:\/\/astroshop.ma\/index.php?rest_route=%2Fwp%2Fv2%2Fproduct_tag&post=10751"}],"curies":[{"name":"wp","href":"https:\/\/api.w.org\/{rel}","templated":true}]}}