{"id":10685,"date":"2025-08-21T08:49:58","date_gmt":"2025-08-21T08:49:58","guid":{"rendered":"https:\/\/astroshop.ma\/?post_type=product&#038;p=10685"},"modified":"2025-08-21T08:49:58","modified_gmt":"2025-08-21T08:49:58","slug":"omegon-mikroskop-nabla-i-mono","status":"publish","type":"product","link":"https:\/\/astroshop.ma\/?product=omegon-mikroskop-nabla-i-mono","title":{"rendered":"Omegon Mikroskop Nabla I Mono"},"content":{"rendered":"<p><img loading=\"lazy\" decoding=\"async\" class=\"alignnone size-full wp-image-10392\" src=\"https:\/\/astroshop.ma\/wp-content\/uploads\/2025\/02\/Omegon.jpg\" alt=\"\" width=\"300\" height=\"150\" srcset=\"https:\/\/astroshop.ma\/wp-content\/uploads\/2025\/02\/Omegon.jpg 300w, https:\/\/astroshop.ma\/wp-content\/uploads\/2025\/02\/Omegon-64x32.jpg 64w\" sizes=\"auto, (max-width: 300px) 100vw, 300px\" \/><\/p>\n<form id=\"cart-form\" action=\"https:\/\/www.omegon.eu\/fr\/cart\" method=\"post\">\n<div class=\"display-flex fd-row fw-wrap\">\n<div class=\"display-flex fd-column\">\n<div id=\"description\" class=\"cnt-text-box\">\n<h2 class=\"hdl-01\">Description du produit<\/h2>\n<div class=\"text-justify\">\n<p>&nbsp;<\/p>\n<div>\n<p><b>D\u00e9couvrez le monde invisible \u00e0 l&#8217;\u0153il nu : votre initiation \u00e0 la passionnante microscopie !<\/b><\/p>\n<p>Vous \u00eates-vous d\u00e9j\u00e0 demand\u00e9 \u00e0 quoi ressemble un seul cheveu sous un microscope ? Le microscope Nabla I d&#8217;Omegon vous montre avec une clart\u00e9 impressionnante ce qui est invisible \u00e0 l&#8217;\u0153il nu. Plongez dans un monde fascinant fait de d\u00e9tails minuscules : des cellules v\u00e9g\u00e9tales finement structur\u00e9es aux ailes d\u00e9licates des insectes en passant par les cristaux scintillants. Son utilisation est tr\u00e8s simple. L&#8217;\u00e9clairage LED est clair et homog\u00e8ne. Deux sources lumineuses diff\u00e9rentes font de ce microscope l&#8217;outil id\u00e9al pour les d\u00e9butants, \u00e0 la maison ou \u00e0 l&#8217;\u00e9cole.<\/p>\n<p>Commencez votre voyage de d\u00e9couverte personnel : le microcosme vous attend juste devant vous !<\/p>\n<p><b>Vos avantages en un coup d&#8217;\u0153il :<\/b><\/p>\n<ul>\n<li><b>Grossissement 400 fois :<\/b>\u00a0r\u00e9v\u00e9lez des d\u00e9tails fascinants<\/li>\n<li><b>\u00c9clairage LED par transmission et r\u00e9flexion :<\/b>\u00a0id\u00e9al pour les \u00e9chantillons transparents et solides<\/li>\n<li><b>Utilisation particuli\u00e8rement simple :<\/b>\u00a0parfait pour les \u00e9l\u00e8ves, les chercheurs amateurs et les curieux<\/li>\n<li><b>Mise au point pr\u00e9cise :<\/b>\u00a0mise au point facile gr\u00e2ce \u00e0 la molette de r\u00e9glage grossier et fin<\/li>\n<li><b>Table crois\u00e9e pratique :<\/b>\u00a0d\u00e9placez facilement les \u00e9chantillons dans toutes les directions<\/li>\n<li><b>Construction robuste :<\/b>\u00a0qualit\u00e9 solide pour un plaisir de d\u00e9couverte durable<\/li>\n<li><b>Convient \u00e0 partir de 15 ans :<\/b>\u00a0id\u00e9al pour l&#8217;\u00e9cole, les loisirs et les premi\u00e8res exp\u00e9riences<\/li>\n<\/ul>\n<p><b>Le microcosme \u00e0 port\u00e9e de main<\/b><br \/>\nLes motifs sur une aile d&#8217;insecte sont fascinants, n&#8217;est-ce pas ? La structure d&#8217;une pelure d&#8217;oignon peut \u00eatre passionnante \u00e0 observer. Avec un grossissement jusqu&#8217;\u00e0 400 fois, le microscope Nabla I d&#8217;Omegon vous ouvre une fen\u00eatre sur ce monde fascinant. Les objectifs achromatiques de haute qualit\u00e9 fournissent des images claires et contrast\u00e9es. C&#8217;est parfait pour les premi\u00e8res exp\u00e9riences en biologie ou pour des projets de recherche passionnants \u00e0 la maison.<\/p>\n<p><b>Deux sources lumineuses : deux fois plus de possibilit\u00e9s de d\u00e9couverte<\/b><br \/>\nVous souhaitez \u00e9tudier des cellules v\u00e9g\u00e9tales ou de minuscules animaux dans une goutte d&#8217;eau ? Aucun probl\u00e8me ! Le microscope Nabla I offre une lumi\u00e8re transmise pour les \u00e9chantillons transparents et une lumi\u00e8re incidente suppl\u00e9mentaire. Vous pouvez ainsi observer avec pr\u00e9cision des objets solides tels que des pierres ou des pi\u00e8ces de monnaie. L&#8217;\u00e9clairage LED int\u00e9gr\u00e9 garantit un \u00e9clairage clair et uniforme. Vos \u00e9chantillons ne chauffent donc pas.<\/p>\n<p><b>Simple et pr\u00e9cis : une image toujours nette<\/b><br \/>\nGr\u00e2ce \u00e0 la table crois\u00e9e pratique, vous d\u00e9placez vos \u00e9chantillons avec pr\u00e9cision et aisance dans toutes les directions. La mise au point est un jeu d&#8217;enfant. Le r\u00e9glage grossier et fin tr\u00e8s pratique vous permet d&#8217;obtenir une nettet\u00e9 parfaite en un clin d&#8217;\u0153il. Vous obtenez ainsi des images r\u00e9ussies, sans frustration, m\u00eame \u00e0 fort grossissement.<\/p>\n<p><b>De construction robuste et toujours pr\u00eat pour les d\u00e9couvertes<\/b><br \/>\nLe microscope Nabla I convainc par sa technologie et sa fabrication robuste. Il vous accompagne de mani\u00e8re fiable en classe, lors de vos recherches scientifiques ou pour vos propres d\u00e9couvertes \u00e0 la maison. Les sciences naturelles deviennent ainsi une v\u00e9ritable exp\u00e9rience.<\/p>\n<\/div>\n<p>&nbsp;<\/p>\n<\/div>\n<\/div>\n<div class=\"gtc-container gtc-container-hidden\" data-action=\"gtc-container\">\n<div id=\"specifications\" class=\"page-container\">\n<div class=\"auto-col-container clearfix\">\n<div class=\"single-col\"><\/div>\n<\/div>\n<\/div>\n<\/div>\n<div class=\"gtc-container gtc-container-hidden\" data-action=\"gtc-container\">\n<div class=\"gtc-gradient gtc-gradient-hidden\" data-action=\"gtc-btn\">\n<div class=\"gtc-text classic-link\">\n<div data-action=\"gtc-text\" data-gtcid=\"accessories\"><\/div>\n<\/div>\n<\/div>\n<\/div>\n<\/div>\n<div class=\"display-flex fd-column hide-below-bp2\">\n<div class=\"cnt-text-box\">\n<div class=\"pad-8\">\n<div class=\"cursor-zoomin\" data-type=\"btn-js\" data-action=\"opengallery-0\"><img decoding=\"async\" src=\"https:\/\/www.omegon.eu\/Produktbilder\/big\/82922_11.jpg\" alt=\"Microscope Omegon Nabla I Mono\" \/><\/div>\n<\/div>\n<div class=\"pad-8\">\n<div class=\"cursor-zoomin\" data-type=\"btn-js\" data-action=\"opengallery-1\"><img decoding=\"async\" src=\"https:\/\/www.omegon.eu\/Produktbilder\/big\/82922_12.jpg\" alt=\"Microscope Omegon Nabla I Mono\" \/><\/div>\n<\/div>\n<div class=\"pad-8\">\n<div class=\"cursor-zoomin\" data-type=\"btn-js\" data-action=\"opengallery-2\"><img decoding=\"async\" src=\"https:\/\/www.omegon.eu\/Produktbilder\/big\/82922_13.jpg\" alt=\"Microscope Omegon Nabla I Mono\" \/><\/div>\n<\/div>\n<div class=\"pad-8\">\n<div class=\"cursor-zoomin\" data-type=\"btn-js\" data-action=\"opengallery-3\"><img decoding=\"async\" src=\"https:\/\/www.omegon.eu\/Produktbilder\/big\/82922_14.jpg\" alt=\"Microscope Omegon Nabla I Mono\" \/><\/div>\n<\/div>\n<div class=\"pad-8\">\n<div class=\"cursor-zoomin\" data-type=\"btn-js\" data-action=\"opengallery-4\"><img decoding=\"async\" src=\"https:\/\/www.omegon.eu\/Produktbilder\/big\/82922_15.jpg\" alt=\"Microscope Omegon Nabla I Mono\" \/><\/div>\n<\/div>\n<div class=\"pad-8\">\n<div class=\"cursor-zoomin\" data-type=\"btn-js\" data-action=\"opengallery-5\"><img decoding=\"async\" src=\"https:\/\/www.omegon.eu\/Produktbilder\/big\/82922_16.jpg\" alt=\"Microscope Omegon Nabla I Mono\" \/><\/div>\n<\/div>\n<div class=\"pad-8\">\n<div class=\"cursor-zoomin\" data-type=\"btn-js\" data-action=\"opengallery-6\"><img decoding=\"async\" src=\"https:\/\/www.omegon.eu\/Produktbilder\/big\/82922_17.jpg\" alt=\"Microscope Omegon Nabla I Mono\" \/><\/div>\n<\/div>\n<\/div>\n<\/div>\n<\/div>\n<\/form>\n<div id=\"reviews\">\n<h2 class=\"hdl-01\"><\/h2>\n<\/div>\n","protected":false},"excerpt":{"rendered":"<table class=\"microscope-specs\">\n<thead>\n<tr>\n<th colspan=\"2\">Caract\u00e9ristiques Techniques<\/th>\n<\/tr>\n<\/thead>\n<tbody>\n<tr class=\"category-header\">\n<td colspan=\"2\">Optique<\/td>\n<\/tr>\n<tr>\n<td>Nombre d&#8217;objectifs<\/td>\n<td>3<\/td>\n<\/tr>\n<tr>\n<td>Objectif 1<\/td>\n<td>4x<\/td>\n<\/tr>\n<tr>\n<td>Objectif 2<\/td>\n<td>10x<\/td>\n<\/tr>\n<tr>\n<td>Objectif 3<\/td>\n<td>40x<\/td>\n<\/tr>\n<tr>\n<td>Oculaire<\/td>\n<td>10x<\/td>\n<\/tr>\n<tr>\n<td>\u00c9paisseur des lames (mm)<\/td>\n<td>0,17<\/td>\n<\/tr>\n<tr class=\"category-header\">\n<td colspan=\"2\">\u00c9clairage<\/td>\n<\/tr>\n<tr>\n<td>Type d&#8217;\u00e9clairage<\/td>\n<td>Lumi\u00e8re incidente et lumi\u00e8re transmise<\/td>\n<\/tr>\n<tr>\n<td>Condenseur<\/td>\n<td>Condenseur d&#8217;Abbe 0,65 N.A.<\/td>\n<\/tr>\n<tr>\n<td>Type de lampe<\/td>\n<td>LED 3 W<\/td>\n<\/tr>\n<tr>\n<td>Commande de luminosit\u00e9<\/td>\n<td class=\"yes\">Oui<\/td>\n<\/tr>\n<tr>\n<td>Fond clair<\/td>\n<td class=\"yes\">Oui<\/td>\n<\/tr>\n<tr>\n<td>Alimentation \u00e9lectrique<\/td>\n<td>Bloc secteur 220V<\/td>\n<\/tr>\n<tr class=\"category-header\">\n<td colspan=\"2\">Syst\u00e8me m\u00e9canique<\/td>\n<\/tr>\n<tr>\n<td>Dimensions de la platine (mm)<\/td>\n<td>95 \u00d7 105<\/td>\n<\/tr>\n<tr>\n<td>Type de construction<\/td>\n<td>Coaxial<\/td>\n<\/tr>\n<tr>\n<td>Mise au point<\/td>\n<td>Mouvement rapide \/ fin<\/td>\n<\/tr>\n<tr>\n<td>Revolver<\/td>\n<td>3 positions<\/td>\n<\/tr>\n<tr>\n<td>Posture d&#8217;observation<\/td>\n<td>Oculaire inclin\u00e9 \u00e0 45\u00b0, tournant sur 360\u00b0<\/td>\n<\/tr>\n<tr class=\"category-header\">\n<td colspan=\"2\">Caract\u00e9ristiques g\u00e9n\u00e9rales<\/td>\n<\/tr>\n<tr>\n<td>S\u00e9rie<\/td>\n<td>Nabla-I<\/td>\n<\/tr>\n<tr>\n<td>Type de construction<\/td>\n<td>Monoculaire<\/td>\n<\/tr>\n<tr>\n<td>Couleur<\/td>\n<td>Blanc, bleu<\/td>\n<\/tr>\n<tr>\n<td>Poids<\/td>\n<td>2950 g<\/td>\n<\/tr>\n<tr>\n<td>Dimensions (L \u00d7 l \u00d7 H)<\/td>\n<td>250 \u00d7 180 \u00d7 380 mm<\/td>\n<\/tr>\n<tr class=\"category-header\">\n<td colspan=\"2\">Domaines d&#8217;application<\/td>\n<\/tr>\n<tr>\n<td>Loisir scientifique<\/td>\n<td class=\"yes\">Oui<\/td>\n<\/tr>\n<tr>\n<td>Enseignement<\/td>\n<td class=\"yes\">Oui<\/td>\n<\/tr>\n<\/tbody>\n<\/table>\n","protected":false},"featured_media":10687,"template":"","meta":{"_editorskit_title_hidden":false,"_editorskit_reading_time":0,"_editorskit_is_block_options_detached":false,"_editorskit_block_options_position":"{}","_coblocks_attr":"","_coblocks_dimensions":"","_coblocks_responsive_height":"","_coblocks_accordion_ie_support":"","_crdt_document":"","_monsterinsights_skip_tracking":false,"_monsterinsights_sitenote_active":false,"_monsterinsights_sitenote_note":"","_monsterinsights_sitenote_category":0},"product_brand":[],"product_cat":[28],"product_tag":[],"class_list":{"0":"post-10685","1":"product","2":"type-product","3":"status-publish","4":"has-post-thumbnail","6":"product_cat-microscopes","8":"first","9":"instock","10":"shipping-taxable","11":"purchasable","12":"product-type-simple"},"yoast_head":"<!-- This site is optimized with the Yoast SEO plugin v27.4 - https:\/\/yoast.com\/product\/yoast-seo-wordpress\/ -->\n<title>Omegon Mikroskop Nabla I Mono - Astroshop Maroc<\/title>\n<meta name=\"robots\" content=\"index, follow, max-snippet:-1, max-image-preview:large, max-video-preview:-1\" \/>\n<link rel=\"canonical\" href=\"https:\/\/astroshop.ma\/?product=omegon-mikroskop-nabla-i-mono\" \/>\n<meta property=\"og:locale\" content=\"en_US\" \/>\n<meta property=\"og:type\" content=\"article\" \/>\n<meta property=\"og:title\" content=\"Omegon Mikroskop Nabla I Mono - Astroshop Maroc\" \/>\n<meta property=\"og:description\" content=\"Caract\u00e9ristiques Techniques     Optique   Nombre d&#039;objectifs 3   Objectif 1 4x   Objectif 2 10x   Objectif 3 40x   Oculaire 10x   \u00c9paisseur des lames (mm) 0,17   \u00c9clairage   Type d&#039;\u00e9clairage Lumi\u00e8re incidente et lumi\u00e8re transmise   Condenseur Condenseur d&#039;Abbe 0,65 N.A.   Type de lampe LED 3 W   Commande de luminosit\u00e9 Oui   Fond clair Oui   Alimentation \u00e9lectrique Bloc secteur 220V   Syst\u00e8me m\u00e9canique   Dimensions de la platine (mm) 95 \u00d7 105   Type de construction Coaxial   Mise au point Mouvement rapide \/ fin   Revolver 3 positions   Posture d&#039;observation Oculaire inclin\u00e9 \u00e0 45\u00b0, tournant sur 360\u00b0   Caract\u00e9ristiques g\u00e9n\u00e9rales   S\u00e9rie Nabla-I   Type de construction Monoculaire   Couleur Blanc, bleu   Poids 2950 g   Dimensions (L \u00d7 l \u00d7 H) 250 \u00d7 180 \u00d7 380 mm   Domaines d&#039;application   Loisir scientifique Oui   Enseignement Oui\" \/>\n<meta property=\"og:url\" content=\"https:\/\/astroshop.ma\/?product=omegon-mikroskop-nabla-i-mono\" \/>\n<meta property=\"og:site_name\" content=\"Astroshop Maroc\" \/>\n<meta property=\"og:image\" content=\"https:\/\/astroshop.ma\/wp-content\/uploads\/2025\/08\/Omegon-Mikroskop-Nabla-I-Mono.jpg\" \/>\n\t<meta property=\"og:image:width\" content=\"800\" \/>\n\t<meta property=\"og:image:height\" content=\"800\" \/>\n\t<meta property=\"og:image:type\" content=\"image\/jpeg\" \/>\n<meta name=\"twitter:card\" content=\"summary_large_image\" \/>\n<meta name=\"twitter:label1\" content=\"Est. reading time\" \/>\n\t<meta name=\"twitter:data1\" content=\"3 minutes\" \/>\n<script type=\"application\/ld+json\" class=\"yoast-schema-graph\">{\"@context\":\"https:\\\/\\\/schema.org\",\"@graph\":[{\"@type\":\"WebPage\",\"@id\":\"https:\\\/\\\/astroshop.ma\\\/?product=omegon-mikroskop-nabla-i-mono\",\"url\":\"https:\\\/\\\/astroshop.ma\\\/?product=omegon-mikroskop-nabla-i-mono\",\"name\":\"Omegon Mikroskop Nabla I Mono - Astroshop Maroc\",\"isPartOf\":{\"@id\":\"https:\\\/\\\/astroshop.ma\\\/#website\"},\"primaryImageOfPage\":{\"@id\":\"https:\\\/\\\/astroshop.ma\\\/?product=omegon-mikroskop-nabla-i-mono#primaryimage\"},\"image\":{\"@id\":\"https:\\\/\\\/astroshop.ma\\\/?product=omegon-mikroskop-nabla-i-mono#primaryimage\"},\"thumbnailUrl\":\"https:\\\/\\\/astroshop.ma\\\/wp-content\\\/uploads\\\/2025\\\/08\\\/Omegon-Mikroskop-Nabla-I-Mono.jpg\",\"datePublished\":\"2025-08-21T08:49:58+00:00\",\"breadcrumb\":{\"@id\":\"https:\\\/\\\/astroshop.ma\\\/?product=omegon-mikroskop-nabla-i-mono#breadcrumb\"},\"inLanguage\":\"en-US\",\"potentialAction\":[{\"@type\":\"ReadAction\",\"target\":[\"https:\\\/\\\/astroshop.ma\\\/?product=omegon-mikroskop-nabla-i-mono\"]}]},{\"@type\":\"ImageObject\",\"inLanguage\":\"en-US\",\"@id\":\"https:\\\/\\\/astroshop.ma\\\/?product=omegon-mikroskop-nabla-i-mono#primaryimage\",\"url\":\"https:\\\/\\\/astroshop.ma\\\/wp-content\\\/uploads\\\/2025\\\/08\\\/Omegon-Mikroskop-Nabla-I-Mono.jpg\",\"contentUrl\":\"https:\\\/\\\/astroshop.ma\\\/wp-content\\\/uploads\\\/2025\\\/08\\\/Omegon-Mikroskop-Nabla-I-Mono.jpg\",\"width\":800,\"height\":800},{\"@type\":\"BreadcrumbList\",\"@id\":\"https:\\\/\\\/astroshop.ma\\\/?product=omegon-mikroskop-nabla-i-mono#breadcrumb\",\"itemListElement\":[{\"@type\":\"ListItem\",\"position\":1,\"name\":\"Home\",\"item\":\"https:\\\/\\\/astroshop.ma\\\/\"},{\"@type\":\"ListItem\",\"position\":2,\"name\":\"Shop\",\"item\":\"https:\\\/\\\/astroshop.ma\\\/?page_id=394\"},{\"@type\":\"ListItem\",\"position\":3,\"name\":\"Omegon Mikroskop Nabla I Mono\"}]},{\"@type\":\"WebSite\",\"@id\":\"https:\\\/\\\/astroshop.ma\\\/#website\",\"url\":\"https:\\\/\\\/astroshop.ma\\\/\",\"name\":\"Astroshop Maroc\",\"description\":\"Des instruments astronomiques pour chaque astronome au Maroc\",\"publisher\":{\"@id\":\"https:\\\/\\\/astroshop.ma\\\/#organization\"},\"potentialAction\":[{\"@type\":\"SearchAction\",\"target\":{\"@type\":\"EntryPoint\",\"urlTemplate\":\"https:\\\/\\\/astroshop.ma\\\/?s={search_term_string}\"},\"query-input\":{\"@type\":\"PropertyValueSpecification\",\"valueRequired\":true,\"valueName\":\"search_term_string\"}}],\"inLanguage\":\"en-US\"},{\"@type\":\"Organization\",\"@id\":\"https:\\\/\\\/astroshop.ma\\\/#organization\",\"name\":\"Astroshop Maroc\",\"url\":\"https:\\\/\\\/astroshop.ma\\\/\",\"logo\":{\"@type\":\"ImageObject\",\"inLanguage\":\"en-US\",\"@id\":\"https:\\\/\\\/astroshop.ma\\\/#\\\/schema\\\/logo\\\/image\\\/\",\"url\":\"https:\\\/\\\/astroshop.ma\\\/wp-content\\\/uploads\\\/2025\\\/12\\\/M20_Logo_1.jpg\",\"contentUrl\":\"https:\\\/\\\/astroshop.ma\\\/wp-content\\\/uploads\\\/2025\\\/12\\\/M20_Logo_1.jpg\",\"width\":501,\"height\":334,\"caption\":\"Astroshop Maroc\"},\"image\":{\"@id\":\"https:\\\/\\\/astroshop.ma\\\/#\\\/schema\\\/logo\\\/image\\\/\"}}]}<\/script>\n<!-- \/ Yoast SEO plugin. -->","yoast_head_json":{"title":"Omegon Mikroskop Nabla I Mono - Astroshop Maroc","robots":{"index":"index","follow":"follow","max-snippet":"max-snippet:-1","max-image-preview":"max-image-preview:large","max-video-preview":"max-video-preview:-1"},"canonical":"https:\/\/astroshop.ma\/?product=omegon-mikroskop-nabla-i-mono","og_locale":"en_US","og_type":"article","og_title":"Omegon Mikroskop Nabla I Mono - Astroshop Maroc","og_description":"Caract\u00e9ristiques Techniques     Optique   Nombre d'objectifs 3   Objectif 1 4x   Objectif 2 10x   Objectif 3 40x   Oculaire 10x   \u00c9paisseur des lames (mm) 0,17   \u00c9clairage   Type d'\u00e9clairage Lumi\u00e8re incidente et lumi\u00e8re transmise   Condenseur Condenseur d'Abbe 0,65 N.A.   Type de lampe LED 3 W   Commande de luminosit\u00e9 Oui   Fond clair Oui   Alimentation \u00e9lectrique Bloc secteur 220V   Syst\u00e8me m\u00e9canique   Dimensions de la platine (mm) 95 \u00d7 105   Type de construction Coaxial   Mise au point Mouvement rapide \/ fin   Revolver 3 positions   Posture d'observation Oculaire inclin\u00e9 \u00e0 45\u00b0, tournant sur 360\u00b0   Caract\u00e9ristiques g\u00e9n\u00e9rales   S\u00e9rie Nabla-I   Type de construction Monoculaire   Couleur Blanc, bleu   Poids 2950 g   Dimensions (L \u00d7 l \u00d7 H) 250 \u00d7 180 \u00d7 380 mm   Domaines d'application   Loisir scientifique Oui   Enseignement Oui","og_url":"https:\/\/astroshop.ma\/?product=omegon-mikroskop-nabla-i-mono","og_site_name":"Astroshop Maroc","og_image":[{"width":800,"height":800,"url":"https:\/\/astroshop.ma\/wp-content\/uploads\/2025\/08\/Omegon-Mikroskop-Nabla-I-Mono.jpg","type":"image\/jpeg"}],"twitter_card":"summary_large_image","twitter_misc":{"Est. reading time":"3 minutes"},"schema":{"@context":"https:\/\/schema.org","@graph":[{"@type":"WebPage","@id":"https:\/\/astroshop.ma\/?product=omegon-mikroskop-nabla-i-mono","url":"https:\/\/astroshop.ma\/?product=omegon-mikroskop-nabla-i-mono","name":"Omegon Mikroskop Nabla I Mono - Astroshop Maroc","isPartOf":{"@id":"https:\/\/astroshop.ma\/#website"},"primaryImageOfPage":{"@id":"https:\/\/astroshop.ma\/?product=omegon-mikroskop-nabla-i-mono#primaryimage"},"image":{"@id":"https:\/\/astroshop.ma\/?product=omegon-mikroskop-nabla-i-mono#primaryimage"},"thumbnailUrl":"https:\/\/astroshop.ma\/wp-content\/uploads\/2025\/08\/Omegon-Mikroskop-Nabla-I-Mono.jpg","datePublished":"2025-08-21T08:49:58+00:00","breadcrumb":{"@id":"https:\/\/astroshop.ma\/?product=omegon-mikroskop-nabla-i-mono#breadcrumb"},"inLanguage":"en-US","potentialAction":[{"@type":"ReadAction","target":["https:\/\/astroshop.ma\/?product=omegon-mikroskop-nabla-i-mono"]}]},{"@type":"ImageObject","inLanguage":"en-US","@id":"https:\/\/astroshop.ma\/?product=omegon-mikroskop-nabla-i-mono#primaryimage","url":"https:\/\/astroshop.ma\/wp-content\/uploads\/2025\/08\/Omegon-Mikroskop-Nabla-I-Mono.jpg","contentUrl":"https:\/\/astroshop.ma\/wp-content\/uploads\/2025\/08\/Omegon-Mikroskop-Nabla-I-Mono.jpg","width":800,"height":800},{"@type":"BreadcrumbList","@id":"https:\/\/astroshop.ma\/?product=omegon-mikroskop-nabla-i-mono#breadcrumb","itemListElement":[{"@type":"ListItem","position":1,"name":"Home","item":"https:\/\/astroshop.ma\/"},{"@type":"ListItem","position":2,"name":"Shop","item":"https:\/\/astroshop.ma\/?page_id=394"},{"@type":"ListItem","position":3,"name":"Omegon Mikroskop Nabla I Mono"}]},{"@type":"WebSite","@id":"https:\/\/astroshop.ma\/#website","url":"https:\/\/astroshop.ma\/","name":"Astroshop Maroc","description":"Des instruments astronomiques pour chaque astronome au Maroc","publisher":{"@id":"https:\/\/astroshop.ma\/#organization"},"potentialAction":[{"@type":"SearchAction","target":{"@type":"EntryPoint","urlTemplate":"https:\/\/astroshop.ma\/?s={search_term_string}"},"query-input":{"@type":"PropertyValueSpecification","valueRequired":true,"valueName":"search_term_string"}}],"inLanguage":"en-US"},{"@type":"Organization","@id":"https:\/\/astroshop.ma\/#organization","name":"Astroshop Maroc","url":"https:\/\/astroshop.ma\/","logo":{"@type":"ImageObject","inLanguage":"en-US","@id":"https:\/\/astroshop.ma\/#\/schema\/logo\/image\/","url":"https:\/\/astroshop.ma\/wp-content\/uploads\/2025\/12\/M20_Logo_1.jpg","contentUrl":"https:\/\/astroshop.ma\/wp-content\/uploads\/2025\/12\/M20_Logo_1.jpg","width":501,"height":334,"caption":"Astroshop Maroc"},"image":{"@id":"https:\/\/astroshop.ma\/#\/schema\/logo\/image\/"}}]}},"_links":{"self":[{"href":"https:\/\/astroshop.ma\/index.php?rest_route=\/wp\/v2\/product\/10685","targetHints":{"allow":["GET"]}}],"collection":[{"href":"https:\/\/astroshop.ma\/index.php?rest_route=\/wp\/v2\/product"}],"about":[{"href":"https:\/\/astroshop.ma\/index.php?rest_route=\/wp\/v2\/types\/product"}],"wp:featuredmedia":[{"embeddable":true,"href":"https:\/\/astroshop.ma\/index.php?rest_route=\/wp\/v2\/media\/10687"}],"wp:attachment":[{"href":"https:\/\/astroshop.ma\/index.php?rest_route=%2Fwp%2Fv2%2Fmedia&parent=10685"}],"wp:term":[{"taxonomy":"product_brand","embeddable":true,"href":"https:\/\/astroshop.ma\/index.php?rest_route=%2Fwp%2Fv2%2Fproduct_brand&post=10685"},{"taxonomy":"product_cat","embeddable":true,"href":"https:\/\/astroshop.ma\/index.php?rest_route=%2Fwp%2Fv2%2Fproduct_cat&post=10685"},{"taxonomy":"product_tag","embeddable":true,"href":"https:\/\/astroshop.ma\/index.php?rest_route=%2Fwp%2Fv2%2Fproduct_tag&post=10685"}],"curies":[{"name":"wp","href":"https:\/\/api.w.org\/{rel}","templated":true}]}}