{"id":10591,"date":"2025-06-06T07:50:53","date_gmt":"2025-06-06T07:50:53","guid":{"rendered":"https:\/\/astroshop.ma\/?post_type=product&#038;p=10591"},"modified":"2025-06-06T07:50:54","modified_gmt":"2025-06-06T07:50:54","slug":"omegon-pare-buee-flexible-6-200-220mm-ota-%e2%8c%80","status":"publish","type":"product","link":"https:\/\/astroshop.ma\/?product=omegon-pare-buee-flexible-6-200-220mm-ota-%e2%8c%80","title":{"rendered":"Omegon Pare-bu\u00e9e flexible 6&#8243; (200-220mm OTA-\u2300)"},"content":{"rendered":"<table style=\"width: 100%; border-collapse: collapse; font-family: Arial, sans-serif; margin: 0; color: #333;\">\n<thead>\n<tr style=\"background-color: #2c3e50; color: white;\">\n<th style=\"padding: 12px; text-align: left; font-size: 18px;\" colspan=\"2\">Sp\u00e9cifications<\/th>\n<\/tr>\n<\/thead>\n<tbody><!-- Capacit\u00e9 Section --><\/p>\n<tr style=\"background-color: #f5f7fa;\">\n<td style=\"padding: 10px; font-weight: bold; border-bottom: 1px solid #ddd;\" colspan=\"2\">Capacit\u00e9<\/td>\n<\/tr>\n<tr>\n<td style=\"padding: 10px; width: 40%; border-bottom: 1px solid #eee;\">Appropri\u00e9 pour optique<\/td>\n<td style=\"padding: 10px; border-bottom: 1px solid #eee;\">6&#8243;<\/td>\n<\/tr>\n<p><!-- General Data Section --><\/p>\n<tr style=\"background-color: #f5f7fa;\">\n<td style=\"padding: 10px; font-weight: bold; border-bottom: 1px solid #ddd;\" colspan=\"2\">Donn\u00e9es g\u00e9n\u00e9rales<\/td>\n<\/tr>\n<tr>\n<td style=\"padding: 10px; border-bottom: 1px solid #eee;\">Type<\/td>\n<td style=\"padding: 10px; border-bottom: 1px solid #eee;\">Pare-bu\u00e9es &amp; Ventilation<\/td>\n<\/tr>\n<tr>\n<td style=\"padding: 10px;\">Type de construction<\/td>\n<td style=\"padding: 10px;\">Pare bu\u00e9e<\/td>\n<\/tr>\n<\/tbody>\n<\/table>\n","protected":false},"excerpt":{"rendered":"<p><img loading=\"lazy\" decoding=\"async\" class=\"alignnone size-full wp-image-10392\" src=\"https:\/\/astroshop.ma\/wp-content\/uploads\/2025\/02\/Omegon.jpg\" alt=\"\" width=\"300\" height=\"150\" srcset=\"https:\/\/astroshop.ma\/wp-content\/uploads\/2025\/02\/Omegon.jpg 300w, https:\/\/astroshop.ma\/wp-content\/uploads\/2025\/02\/Omegon-64x32.jpg 64w\" sizes=\"auto, (max-width: 300px) 100vw, 300px\" \/><\/p>\n<div class=\"display-flex fd-column\">\n<div id=\"description\" class=\"cnt-text-box\">\n<h2 class=\"hdl-01\">Description du produit<\/h2>\n<div class=\"text-justify\">\n<p>&nbsp;<\/p>\n<div>\n<p><b>Pare bu\u00e9e Omegon: anti-bu\u00e9e pour une optique claire<\/b><\/p>\n<p>Jupiter \u00e0 l&#8217;air fantastique. Mais que se passe-t-il? Il devient flou et diffus. Votre optique est embu\u00e9e. Ce n&#8217;est pas une fatalit\u00e9 : avec le pare bu\u00e9e Omegon vous balayez la bu\u00e9e et observerez toute la nuit avec une optique claire.<\/p>\n<p><b>Les avantages en bref :<\/b><\/p>\n<ul>\n<li>Etroit et peu encombrant: Pare bu\u00e9e en plastique souple<\/li>\n<li>Pas de formation de bu\u00e9e sur l&#8217;optique et la vision reste claire<\/li>\n<li>Finition satin\u00e9e : rev\u00eatement textile noir contre la bu\u00e9e et la r\u00e9flexion<\/li>\n<li>Bande adhesive strap pour une fixation solide<\/li>\n<li>Adapt\u00e9 pour diff\u00e9rents diam\u00e8tres<\/li>\n<\/ul>\n<p>Elle se produit presque \u00e0 toutes les saisons : la bu\u00e9e. Surtout quand il fait un peu plus frais, de minuscules gouttelettes form\u00e9es \u00e0 partir de la vapeur d&#8217;eau vont embuer l&#8217;optique de votre t\u00e9lescope. Le r\u00e9sultat : vous ne verrez plus d&#8217;\u00e9toiles, et pour &#8216;observation de cette nuit c&#8217;est plut\u00f4t mal parti.<\/p>\n<p><b>Pare bu\u00e9e sur le t\u00e9lescope &#8211; termin\u00e9<\/b><\/p>\n<p>Ce n&#8217;est pas une fatalit\u00e9. Un pare bu\u00e9e emp\u00eache la formation de bu\u00e9e des optiques de votre t\u00e9lescope. Il maintient votre optique totalement claire et vous observerez pendant des heures avec excellente vision. Pour ce faire ? Vous posez ce pare bu\u00e9e souple autour du tube du t\u00e9lescope et la bu\u00e9e n&#8217;a plus aucune chance.<\/p>\n<p><b>Mince et facile \u00e0 ranger<\/b><\/p>\n<p>Au fait : La conception flexible est tr\u00e8s pratique, car vous pouvez rangez le pare bu\u00e9e juste derri\u00e8re une armoire ou \u00e0 c\u00f4t\u00e9 de votre coffret \u00e0 oculaires. Ceci s&#8217;appelle optimiser l&#8217;espace!<\/p>\n<p><b>Stop bu\u00e9e : velours sur la face interne<\/b><\/p>\n<p>La face interne du pare bu\u00e9e est recouverte de velours noir. Cela supprime non seulement les r\u00e9flets, mais emp\u00eache aussi que la bu\u00e9e ne parvienne \u00e0 l&#8217;optique du t\u00e9lescope.<\/p>\n<p><b>Pour quels t\u00e9lescopes ce pare bu\u00e9ee est-il adapt\u00e9 ?<\/b><\/p>\n<p>Pour tous les t\u00e9lescopes qui disposent d&#8217;une surface optique \u00e0 l&#8217;avant. C&#8217;est par exemple le cas pour des t\u00e9lescopes Schmidt-Cassegrain et Maksutov. Lors de nuits avec une humidit\u00e9 tr\u00e8s \u00e9lev\u00e9e, un pare bu\u00e9e suppl\u00e9mentaire peut \u00eatre utile, m\u00eame avec un newtonien. De nombreux observateurs ont d\u00e9j\u00e0 connu le fait que leur miroir secondaire se soit &#8220;noy\u00e9&#8221;.<\/p>\n<p><b>Convient aux t\u00e9lescopes ayant un diam\u00e8tre ext\u00e9rieur d&#8217;objectif de 200-220mm<\/b><\/p>\n<p><b>Votre t\u00e9lescope et le pare bu\u00e9e<\/b>\u00a0: Un ensemble rod\u00e9 contre la bu\u00e9e pour une soir\u00e9e d&#8217;observation r\u00e9ussie.<\/p>\n<\/div>\n<p>&nbsp;<\/p>\n<\/div>\n<\/div>\n<div id=\"specifications\" class=\"page-container\">\n<div class=\"auto-col-container clearfix\">\n<div class=\"single-col\"><\/div>\n<\/div>\n<\/div>\n<div id=\"productSafety\">\n<div class=\"box-container clearfix\"><\/div>\n<\/div>\n<\/div>\n<div class=\"display-flex fd-column hide-below-bp2\">\n<div class=\"cnt-text-box\">\n<div class=\"pad-8\">\n<div class=\"cursor-zoomin\" data-type=\"btn-js\" data-action=\"opengallery-0\"><img decoding=\"async\" src=\"https:\/\/www.astroshop.de\/Produktbilder\/big\/45783_1.jpg\" alt=\"Pare-bu\u00e9e flexible Omegon 6&quot; (200-220mm OTA-\u2300)\" \/><\/div>\n<\/div>\n<div class=\"pad-8\">\n<div class=\"cursor-zoomin\" data-type=\"btn-js\" data-action=\"opengallery-1\"><img decoding=\"async\" src=\"https:\/\/www.astroshop.de\/Produktbilder\/big\/45783_2.jpg\" alt=\"Pare-bu\u00e9e flexible Omegon 6&quot; (200-220mm OTA-\u2300)\" \/><\/div>\n<\/div>\n<\/div>\n<\/div>\n","protected":false},"featured_media":10592,"template":"","meta":{"_editorskit_title_hidden":false,"_editorskit_reading_time":0,"_editorskit_is_block_options_detached":false,"_editorskit_block_options_position":"{}","_coblocks_attr":"","_coblocks_dimensions":"","_coblocks_responsive_height":"","_coblocks_accordion_ie_support":"","_crdt_document":"","_monsterinsights_skip_tracking":false,"_monsterinsights_sitenote_active":false,"_monsterinsights_sitenote_note":"","_monsterinsights_sitenote_category":0},"product_brand":[],"product_cat":[23,175],"product_tag":[],"class_list":{"0":"post-10591","1":"product","2":"type-product","3":"status-publish","4":"has-post-thumbnail","6":"product_cat-telescope-accessories","7":"product_cat-dew-shields","9":"first","10":"instock","11":"shipping-taxable","12":"purchasable","13":"product-type-simple"},"yoast_head":"<!-- This site is optimized with the Yoast SEO plugin v27.4 - https:\/\/yoast.com\/product\/yoast-seo-wordpress\/ -->\n<title>Omegon Pare-bu\u00e9e flexible 6&quot; (200-220mm OTA-\u2300) - Astroshop Maroc<\/title>\n<meta name=\"robots\" content=\"index, follow, max-snippet:-1, max-image-preview:large, max-video-preview:-1\" \/>\n<link rel=\"canonical\" href=\"https:\/\/astroshop.ma\/?product=omegon-pare-buee-flexible-6-200-220mm-ota-\u2300\" \/>\n<meta property=\"og:locale\" content=\"en_US\" \/>\n<meta property=\"og:type\" content=\"article\" \/>\n<meta property=\"og:title\" content=\"Omegon Pare-bu\u00e9e flexible 6&quot; (200-220mm OTA-\u2300) - Astroshop Maroc\" \/>\n<meta property=\"og:description\" content=\"Description du produit   &nbsp;   Pare bu\u00e9e Omegon: anti-bu\u00e9e pour une optique claire  Jupiter \u00e0 l&#039;air fantastique. Mais que se passe-t-il? Il devient flou et diffus. Votre optique est embu\u00e9e. Ce n&#039;est pas une fatalit\u00e9 : avec le pare bu\u00e9e Omegon vous balayez la bu\u00e9e et observerez toute la nuit avec une optique claire.  Les avantages en bref :   Etroit et peu encombrant: Pare bu\u00e9e en plastique souple  Pas de formation de bu\u00e9e sur l&#039;optique et la vision reste claire  Finition satin\u00e9e : rev\u00eatement textile noir contre la bu\u00e9e et la r\u00e9flexion  Bande adhesive strap pour une fixation solide  Adapt\u00e9 pour diff\u00e9rents diam\u00e8tres  Elle se produit presque \u00e0 toutes les saisons : la bu\u00e9e. Surtout quand il fait un peu plus frais, de minuscules gouttelettes form\u00e9es \u00e0 partir de la vapeur d&#039;eau vont embuer l&#039;optique de votre t\u00e9lescope. Le r\u00e9sultat : vous ne verrez plus d&#039;\u00e9toiles, et pour &#039;observation de cette nuit c&#039;est plut\u00f4t mal parti.  Pare bu\u00e9e sur le t\u00e9lescope - termin\u00e9  Ce n&#039;est pas une fatalit\u00e9. Un pare bu\u00e9e emp\u00eache la formation de bu\u00e9e des optiques de votre t\u00e9lescope. Il maintient votre optique totalement claire et vous observerez pendant des heures avec excellente vision. Pour ce faire ? Vous posez ce pare bu\u00e9e souple autour du tube du t\u00e9lescope et la bu\u00e9e n&#039;a plus aucune chance.  Mince et facile \u00e0 ranger  Au fait : La conception flexible est tr\u00e8s pratique, car vous pouvez rangez le pare bu\u00e9e juste derri\u00e8re une armoire ou \u00e0 c\u00f4t\u00e9 de votre coffret \u00e0 oculaires. Ceci s&#039;appelle optimiser l&#039;espace!  Stop bu\u00e9e : velours sur la face interne  La face interne du pare bu\u00e9e est recouverte de velours noir. Cela supprime non seulement les r\u00e9flets, mais emp\u00eache aussi que la bu\u00e9e ne parvienne \u00e0 l&#039;optique du t\u00e9lescope.  Pour quels t\u00e9lescopes ce pare bu\u00e9ee est-il adapt\u00e9 ?  Pour tous les t\u00e9lescopes qui disposent d&#039;une surface optique \u00e0 l&#039;avant. C&#039;est par exemple le cas pour des t\u00e9lescopes Schmidt-Cassegrain et Maksutov. Lors de nuits avec une humidit\u00e9 tr\u00e8s \u00e9lev\u00e9e, un pare bu\u00e9e suppl\u00e9mentaire peut \u00eatre utile, m\u00eame avec un newtonien. De nombreux observateurs ont d\u00e9j\u00e0 connu le fait que leur miroir secondaire se soit &quot;noy\u00e9&quot;.  Convient aux t\u00e9lescopes ayant un diam\u00e8tre ext\u00e9rieur d&#039;objectif de 200-220mm  Votre t\u00e9lescope et le pare bu\u00e9e\u00a0: Un ensemble rod\u00e9 contre la bu\u00e9e pour une soir\u00e9e d&#039;observation r\u00e9ussie.   &nbsp;\" \/>\n<meta property=\"og:url\" content=\"https:\/\/astroshop.ma\/?product=omegon-pare-buee-flexible-6-200-220mm-ota-\u2300\" \/>\n<meta property=\"og:site_name\" content=\"Astroshop Maroc\" \/>\n<meta property=\"article:modified_time\" content=\"2025-06-06T07:50:54+00:00\" \/>\n<meta property=\"og:image\" content=\"https:\/\/astroshop.ma\/wp-content\/uploads\/2025\/06\/Pare-buee-flexible-Omegon-6-200-220mm-OTA-.jpg\" \/>\n\t<meta property=\"og:image:width\" content=\"800\" \/>\n\t<meta property=\"og:image:height\" content=\"800\" \/>\n\t<meta property=\"og:image:type\" content=\"image\/jpeg\" \/>\n<meta name=\"twitter:card\" content=\"summary_large_image\" \/>\n<script type=\"application\/ld+json\" class=\"yoast-schema-graph\">{\"@context\":\"https:\\\/\\\/schema.org\",\"@graph\":[{\"@type\":\"WebPage\",\"@id\":\"https:\\\/\\\/astroshop.ma\\\/?product=omegon-pare-buee-flexible-6-200-220mm-ota-%e2%8c%80\",\"url\":\"https:\\\/\\\/astroshop.ma\\\/?product=omegon-pare-buee-flexible-6-200-220mm-ota-%e2%8c%80\",\"name\":\"Omegon Pare-bu\u00e9e flexible 6\\\" (200-220mm OTA-\u2300) - Astroshop Maroc\",\"isPartOf\":{\"@id\":\"https:\\\/\\\/astroshop.ma\\\/#website\"},\"primaryImageOfPage\":{\"@id\":\"https:\\\/\\\/astroshop.ma\\\/?product=omegon-pare-buee-flexible-6-200-220mm-ota-%e2%8c%80#primaryimage\"},\"image\":{\"@id\":\"https:\\\/\\\/astroshop.ma\\\/?product=omegon-pare-buee-flexible-6-200-220mm-ota-%e2%8c%80#primaryimage\"},\"thumbnailUrl\":\"https:\\\/\\\/astroshop.ma\\\/wp-content\\\/uploads\\\/2025\\\/06\\\/Pare-buee-flexible-Omegon-6-200-220mm-OTA-.jpg\",\"datePublished\":\"2025-06-06T07:50:53+00:00\",\"dateModified\":\"2025-06-06T07:50:54+00:00\",\"breadcrumb\":{\"@id\":\"https:\\\/\\\/astroshop.ma\\\/?product=omegon-pare-buee-flexible-6-200-220mm-ota-%e2%8c%80#breadcrumb\"},\"inLanguage\":\"en-US\",\"potentialAction\":[{\"@type\":\"ReadAction\",\"target\":[\"https:\\\/\\\/astroshop.ma\\\/?product=omegon-pare-buee-flexible-6-200-220mm-ota-%e2%8c%80\"]}]},{\"@type\":\"ImageObject\",\"inLanguage\":\"en-US\",\"@id\":\"https:\\\/\\\/astroshop.ma\\\/?product=omegon-pare-buee-flexible-6-200-220mm-ota-%e2%8c%80#primaryimage\",\"url\":\"https:\\\/\\\/astroshop.ma\\\/wp-content\\\/uploads\\\/2025\\\/06\\\/Pare-buee-flexible-Omegon-6-200-220mm-OTA-.jpg\",\"contentUrl\":\"https:\\\/\\\/astroshop.ma\\\/wp-content\\\/uploads\\\/2025\\\/06\\\/Pare-buee-flexible-Omegon-6-200-220mm-OTA-.jpg\",\"width\":800,\"height\":800},{\"@type\":\"BreadcrumbList\",\"@id\":\"https:\\\/\\\/astroshop.ma\\\/?product=omegon-pare-buee-flexible-6-200-220mm-ota-%e2%8c%80#breadcrumb\",\"itemListElement\":[{\"@type\":\"ListItem\",\"position\":1,\"name\":\"Home\",\"item\":\"https:\\\/\\\/astroshop.ma\\\/\"},{\"@type\":\"ListItem\",\"position\":2,\"name\":\"Shop\",\"item\":\"https:\\\/\\\/astroshop.ma\\\/?page_id=394\"},{\"@type\":\"ListItem\",\"position\":3,\"name\":\"Omegon Pare-bu\u00e9e flexible 6&#8243; (200-220mm OTA-\u2300)\"}]},{\"@type\":\"WebSite\",\"@id\":\"https:\\\/\\\/astroshop.ma\\\/#website\",\"url\":\"https:\\\/\\\/astroshop.ma\\\/\",\"name\":\"Astroshop Maroc\",\"description\":\"Des instruments astronomiques pour chaque astronome au Maroc\",\"publisher\":{\"@id\":\"https:\\\/\\\/astroshop.ma\\\/#organization\"},\"potentialAction\":[{\"@type\":\"SearchAction\",\"target\":{\"@type\":\"EntryPoint\",\"urlTemplate\":\"https:\\\/\\\/astroshop.ma\\\/?s={search_term_string}\"},\"query-input\":{\"@type\":\"PropertyValueSpecification\",\"valueRequired\":true,\"valueName\":\"search_term_string\"}}],\"inLanguage\":\"en-US\"},{\"@type\":\"Organization\",\"@id\":\"https:\\\/\\\/astroshop.ma\\\/#organization\",\"name\":\"Astroshop Maroc\",\"url\":\"https:\\\/\\\/astroshop.ma\\\/\",\"logo\":{\"@type\":\"ImageObject\",\"inLanguage\":\"en-US\",\"@id\":\"https:\\\/\\\/astroshop.ma\\\/#\\\/schema\\\/logo\\\/image\\\/\",\"url\":\"https:\\\/\\\/astroshop.ma\\\/wp-content\\\/uploads\\\/2025\\\/12\\\/M20_Logo_1.jpg\",\"contentUrl\":\"https:\\\/\\\/astroshop.ma\\\/wp-content\\\/uploads\\\/2025\\\/12\\\/M20_Logo_1.jpg\",\"width\":501,\"height\":334,\"caption\":\"Astroshop Maroc\"},\"image\":{\"@id\":\"https:\\\/\\\/astroshop.ma\\\/#\\\/schema\\\/logo\\\/image\\\/\"}}]}<\/script>\n<!-- \/ Yoast SEO plugin. -->","yoast_head_json":{"title":"Omegon Pare-bu\u00e9e flexible 6\" (200-220mm OTA-\u2300) - Astroshop Maroc","robots":{"index":"index","follow":"follow","max-snippet":"max-snippet:-1","max-image-preview":"max-image-preview:large","max-video-preview":"max-video-preview:-1"},"canonical":"https:\/\/astroshop.ma\/?product=omegon-pare-buee-flexible-6-200-220mm-ota-\u2300","og_locale":"en_US","og_type":"article","og_title":"Omegon Pare-bu\u00e9e flexible 6\" (200-220mm OTA-\u2300) - Astroshop Maroc","og_description":"Description du produit   &nbsp;   Pare bu\u00e9e Omegon: anti-bu\u00e9e pour une optique claire  Jupiter \u00e0 l'air fantastique. Mais que se passe-t-il? Il devient flou et diffus. Votre optique est embu\u00e9e. Ce n'est pas une fatalit\u00e9 : avec le pare bu\u00e9e Omegon vous balayez la bu\u00e9e et observerez toute la nuit avec une optique claire.  Les avantages en bref :   Etroit et peu encombrant: Pare bu\u00e9e en plastique souple  Pas de formation de bu\u00e9e sur l'optique et la vision reste claire  Finition satin\u00e9e : rev\u00eatement textile noir contre la bu\u00e9e et la r\u00e9flexion  Bande adhesive strap pour une fixation solide  Adapt\u00e9 pour diff\u00e9rents diam\u00e8tres  Elle se produit presque \u00e0 toutes les saisons : la bu\u00e9e. Surtout quand il fait un peu plus frais, de minuscules gouttelettes form\u00e9es \u00e0 partir de la vapeur d'eau vont embuer l'optique de votre t\u00e9lescope. Le r\u00e9sultat : vous ne verrez plus d'\u00e9toiles, et pour 'observation de cette nuit c'est plut\u00f4t mal parti.  Pare bu\u00e9e sur le t\u00e9lescope - termin\u00e9  Ce n'est pas une fatalit\u00e9. Un pare bu\u00e9e emp\u00eache la formation de bu\u00e9e des optiques de votre t\u00e9lescope. Il maintient votre optique totalement claire et vous observerez pendant des heures avec excellente vision. Pour ce faire ? Vous posez ce pare bu\u00e9e souple autour du tube du t\u00e9lescope et la bu\u00e9e n'a plus aucune chance.  Mince et facile \u00e0 ranger  Au fait : La conception flexible est tr\u00e8s pratique, car vous pouvez rangez le pare bu\u00e9e juste derri\u00e8re une armoire ou \u00e0 c\u00f4t\u00e9 de votre coffret \u00e0 oculaires. Ceci s'appelle optimiser l'espace!  Stop bu\u00e9e : velours sur la face interne  La face interne du pare bu\u00e9e est recouverte de velours noir. Cela supprime non seulement les r\u00e9flets, mais emp\u00eache aussi que la bu\u00e9e ne parvienne \u00e0 l'optique du t\u00e9lescope.  Pour quels t\u00e9lescopes ce pare bu\u00e9ee est-il adapt\u00e9 ?  Pour tous les t\u00e9lescopes qui disposent d'une surface optique \u00e0 l'avant. C'est par exemple le cas pour des t\u00e9lescopes Schmidt-Cassegrain et Maksutov. Lors de nuits avec une humidit\u00e9 tr\u00e8s \u00e9lev\u00e9e, un pare bu\u00e9e suppl\u00e9mentaire peut \u00eatre utile, m\u00eame avec un newtonien. De nombreux observateurs ont d\u00e9j\u00e0 connu le fait que leur miroir secondaire se soit \"noy\u00e9\".  Convient aux t\u00e9lescopes ayant un diam\u00e8tre ext\u00e9rieur d'objectif de 200-220mm  Votre t\u00e9lescope et le pare bu\u00e9e\u00a0: Un ensemble rod\u00e9 contre la bu\u00e9e pour une soir\u00e9e d'observation r\u00e9ussie.   &nbsp;","og_url":"https:\/\/astroshop.ma\/?product=omegon-pare-buee-flexible-6-200-220mm-ota-\u2300","og_site_name":"Astroshop Maroc","article_modified_time":"2025-06-06T07:50:54+00:00","og_image":[{"width":800,"height":800,"url":"https:\/\/astroshop.ma\/wp-content\/uploads\/2025\/06\/Pare-buee-flexible-Omegon-6-200-220mm-OTA-.jpg","type":"image\/jpeg"}],"twitter_card":"summary_large_image","schema":{"@context":"https:\/\/schema.org","@graph":[{"@type":"WebPage","@id":"https:\/\/astroshop.ma\/?product=omegon-pare-buee-flexible-6-200-220mm-ota-%e2%8c%80","url":"https:\/\/astroshop.ma\/?product=omegon-pare-buee-flexible-6-200-220mm-ota-%e2%8c%80","name":"Omegon Pare-bu\u00e9e flexible 6\" (200-220mm OTA-\u2300) - Astroshop Maroc","isPartOf":{"@id":"https:\/\/astroshop.ma\/#website"},"primaryImageOfPage":{"@id":"https:\/\/astroshop.ma\/?product=omegon-pare-buee-flexible-6-200-220mm-ota-%e2%8c%80#primaryimage"},"image":{"@id":"https:\/\/astroshop.ma\/?product=omegon-pare-buee-flexible-6-200-220mm-ota-%e2%8c%80#primaryimage"},"thumbnailUrl":"https:\/\/astroshop.ma\/wp-content\/uploads\/2025\/06\/Pare-buee-flexible-Omegon-6-200-220mm-OTA-.jpg","datePublished":"2025-06-06T07:50:53+00:00","dateModified":"2025-06-06T07:50:54+00:00","breadcrumb":{"@id":"https:\/\/astroshop.ma\/?product=omegon-pare-buee-flexible-6-200-220mm-ota-%e2%8c%80#breadcrumb"},"inLanguage":"en-US","potentialAction":[{"@type":"ReadAction","target":["https:\/\/astroshop.ma\/?product=omegon-pare-buee-flexible-6-200-220mm-ota-%e2%8c%80"]}]},{"@type":"ImageObject","inLanguage":"en-US","@id":"https:\/\/astroshop.ma\/?product=omegon-pare-buee-flexible-6-200-220mm-ota-%e2%8c%80#primaryimage","url":"https:\/\/astroshop.ma\/wp-content\/uploads\/2025\/06\/Pare-buee-flexible-Omegon-6-200-220mm-OTA-.jpg","contentUrl":"https:\/\/astroshop.ma\/wp-content\/uploads\/2025\/06\/Pare-buee-flexible-Omegon-6-200-220mm-OTA-.jpg","width":800,"height":800},{"@type":"BreadcrumbList","@id":"https:\/\/astroshop.ma\/?product=omegon-pare-buee-flexible-6-200-220mm-ota-%e2%8c%80#breadcrumb","itemListElement":[{"@type":"ListItem","position":1,"name":"Home","item":"https:\/\/astroshop.ma\/"},{"@type":"ListItem","position":2,"name":"Shop","item":"https:\/\/astroshop.ma\/?page_id=394"},{"@type":"ListItem","position":3,"name":"Omegon Pare-bu\u00e9e flexible 6&#8243; (200-220mm OTA-\u2300)"}]},{"@type":"WebSite","@id":"https:\/\/astroshop.ma\/#website","url":"https:\/\/astroshop.ma\/","name":"Astroshop Maroc","description":"Des instruments astronomiques pour chaque astronome au Maroc","publisher":{"@id":"https:\/\/astroshop.ma\/#organization"},"potentialAction":[{"@type":"SearchAction","target":{"@type":"EntryPoint","urlTemplate":"https:\/\/astroshop.ma\/?s={search_term_string}"},"query-input":{"@type":"PropertyValueSpecification","valueRequired":true,"valueName":"search_term_string"}}],"inLanguage":"en-US"},{"@type":"Organization","@id":"https:\/\/astroshop.ma\/#organization","name":"Astroshop Maroc","url":"https:\/\/astroshop.ma\/","logo":{"@type":"ImageObject","inLanguage":"en-US","@id":"https:\/\/astroshop.ma\/#\/schema\/logo\/image\/","url":"https:\/\/astroshop.ma\/wp-content\/uploads\/2025\/12\/M20_Logo_1.jpg","contentUrl":"https:\/\/astroshop.ma\/wp-content\/uploads\/2025\/12\/M20_Logo_1.jpg","width":501,"height":334,"caption":"Astroshop Maroc"},"image":{"@id":"https:\/\/astroshop.ma\/#\/schema\/logo\/image\/"}}]}},"_links":{"self":[{"href":"https:\/\/astroshop.ma\/index.php?rest_route=\/wp\/v2\/product\/10591","targetHints":{"allow":["GET"]}}],"collection":[{"href":"https:\/\/astroshop.ma\/index.php?rest_route=\/wp\/v2\/product"}],"about":[{"href":"https:\/\/astroshop.ma\/index.php?rest_route=\/wp\/v2\/types\/product"}],"wp:featuredmedia":[{"embeddable":true,"href":"https:\/\/astroshop.ma\/index.php?rest_route=\/wp\/v2\/media\/10592"}],"wp:attachment":[{"href":"https:\/\/astroshop.ma\/index.php?rest_route=%2Fwp%2Fv2%2Fmedia&parent=10591"}],"wp:term":[{"taxonomy":"product_brand","embeddable":true,"href":"https:\/\/astroshop.ma\/index.php?rest_route=%2Fwp%2Fv2%2Fproduct_brand&post=10591"},{"taxonomy":"product_cat","embeddable":true,"href":"https:\/\/astroshop.ma\/index.php?rest_route=%2Fwp%2Fv2%2Fproduct_cat&post=10591"},{"taxonomy":"product_tag","embeddable":true,"href":"https:\/\/astroshop.ma\/index.php?rest_route=%2Fwp%2Fv2%2Fproduct_tag&post=10591"}],"curies":[{"name":"wp","href":"https:\/\/api.w.org\/{rel}","templated":true}]}}