{"id":10539,"date":"2025-05-26T09:15:18","date_gmt":"2025-05-26T09:15:18","guid":{"rendered":"https:\/\/astroshop.ma\/?post_type=product&#038;p=10539"},"modified":"2025-05-26T09:15:18","modified_gmt":"2025-05-26T09:15:18","slug":"vaonis-smart-telescope-hestia-standard","status":"publish","type":"product","link":"https:\/\/astroshop.ma\/?product=vaonis-smart-telescope-hestia-standard","title":{"rendered":"Vaonis Smart Telescope Hestia Standard"},"content":{"rendered":"<table style=\"width: 100%; border-collapse: collapse; font-family: Arial, sans-serif; margin: 0; color: #333;\">\n<thead>\n<tr style=\"background-color: #2c3e50; color: white;\">\n<th style=\"padding: 12px; text-align: left; font-size: 18px;\" colspan=\"2\">Sp\u00e9cifications<\/th>\n<\/tr>\n<\/thead>\n<tbody><!-- Optical Section --><\/p>\n<tr style=\"background-color: #f5f7fa;\">\n<td style=\"padding: 10px; font-weight: bold; border-bottom: 1px solid #ddd;\" colspan=\"2\">Optique<\/td>\n<\/tr>\n<tr>\n<td style=\"padding: 10px; width: 40%; border-bottom: 1px solid #eee;\">Type<\/td>\n<td style=\"padding: 10px; border-bottom: 1px solid #eee;\">Lunette<\/td>\n<\/tr>\n<tr>\n<td style=\"padding: 10px; border-bottom: 1px solid #eee;\">Type de construction<\/td>\n<td style=\"padding: 10px; border-bottom: 1px solid #eee;\">Smart Telescopes<\/td>\n<\/tr>\n<tr>\n<td style=\"padding: 10px; border-bottom: 1px solid #eee;\">Ouverture (mm)<\/td>\n<td style=\"padding: 10px; border-bottom: 1px solid #eee;\">30<\/td>\n<\/tr>\n<tr>\n<td style=\"padding: 10px; border-bottom: 1px solid #eee;\">Valeur limite (mag)<\/td>\n<td style=\"padding: 10px; border-bottom: 1px solid #eee;\">7-8<\/td>\n<\/tr>\n<tr>\n<td style=\"padding: 10px; border-bottom: 1px solid #eee;\">Conception des lentilles<\/td>\n<td style=\"padding: 10px; border-bottom: 1px solid #eee;\">Triplet<\/td>\n<\/tr>\n<p><!-- Eyepiece Section --><\/p>\n<tr style=\"background-color: #f5f7fa;\">\n<td style=\"padding: 10px; font-weight: bold; border-bottom: 1px solid #ddd;\" colspan=\"2\">Porte-oculaire<\/td>\n<\/tr>\n<tr>\n<td style=\"padding: 10px; border-bottom: 1px solid #eee;\">Type de construction<\/td>\n<td style=\"padding: 10px; border-bottom: 1px solid #eee;\">sans<\/td>\n<\/tr>\n<p><!-- Mount Section --><\/p>\n<tr style=\"background-color: #f5f7fa;\">\n<td style=\"padding: 10px; font-weight: bold; border-bottom: 1px solid #ddd;\" colspan=\"2\">Monture<\/td>\n<\/tr>\n<tr>\n<td style=\"padding: 10px; border-bottom: 1px solid #eee;\">Type de monture<\/td>\n<td style=\"padding: 10px; border-bottom: 1px solid #eee;\">Azimutale<\/td>\n<\/tr>\n<tr>\n<td style=\"padding: 10px; border-bottom: 1px solid #eee;\">Commande GoTo<\/td>\n<td style=\"padding: 10px; border-bottom: 1px solid #eee;\">oui<\/td>\n<\/tr>\n<p><!-- GoTo Section --><\/p>\n<tr style=\"background-color: #f5f7fa;\">\n<td style=\"padding: 10px; font-weight: bold; border-bottom: 1px solid #ddd;\" colspan=\"2\">Commande GoTo<\/td>\n<\/tr>\n<tr>\n<td style=\"padding: 10px; border-bottom: 1px solid #eee;\">M\u00e9thode d&#8217;alignement<\/td>\n<td style=\"padding: 10px; border-bottom: 1px solid #eee;\">automatique<\/td>\n<\/tr>\n<tr>\n<td style=\"padding: 10px; border-bottom: 1px solid #eee;\">WIFI<\/td>\n<td style=\"padding: 10px; border-bottom: 1px solid #eee;\">oui<\/td>\n<\/tr>\n<p><!-- Tripod Section --><\/p>\n<tr style=\"background-color: #f5f7fa;\">\n<td style=\"padding: 10px; font-weight: bold; border-bottom: 1px solid #ddd;\" colspan=\"2\">Tr\u00e9pied<\/td>\n<\/tr>\n<tr>\n<td style=\"padding: 10px; border-bottom: 1px solid #eee;\">nivelle<\/td>\n<td style=\"padding: 10px; border-bottom: 1px solid #eee;\">non<\/td>\n<\/tr>\n<p><!-- Accessories Section --><\/p>\n<tr style=\"background-color: #f5f7fa;\">\n<td style=\"padding: 10px; font-weight: bold; border-bottom: 1px solid #ddd;\" colspan=\"2\">Accessoires inclus<\/td>\n<\/tr>\n<tr>\n<td style=\"padding: 10px; border-bottom: 1px solid #eee;\">Filetage pour tr\u00e9pied<\/td>\n<td style=\"padding: 10px; border-bottom: 1px solid #eee;\">oui<\/td>\n<\/tr>\n<p><!-- General Data Section --><\/p>\n<tr style=\"background-color: #f5f7fa;\">\n<td style=\"padding: 10px; font-weight: bold; border-bottom: 1px solid #ddd;\" colspan=\"2\">Donn\u00e9es g\u00e9n\u00e9rales<\/td>\n<\/tr>\n<tr>\n<td style=\"padding: 10px; border-bottom: 1px solid #eee;\">Poids total (kg)<\/td>\n<td style=\"padding: 10px; border-bottom: 1px solid #eee;\">0,85 &#8211; 1,0<\/td>\n<\/tr>\n<tr>\n<td style=\"padding: 10px; border-bottom: 1px solid #eee;\">Couleur<\/td>\n<td style=\"padding: 10px; border-bottom: 1px solid #eee;\">blanc<\/td>\n<\/tr>\n<tr>\n<td style=\"padding: 10px; border-bottom: 1px solid #eee;\">Longueur (mm)<\/td>\n<td style=\"padding: 10px; border-bottom: 1px solid #eee;\">240<\/td>\n<\/tr>\n<tr>\n<td style=\"padding: 10px; border-bottom: 1px solid #eee;\">Largeur (mm)<\/td>\n<td style=\"padding: 10px; border-bottom: 1px solid #eee;\">170<\/td>\n<\/tr>\n<tr>\n<td style=\"padding: 10px; border-bottom: 1px solid #eee;\">Hauteur (mm)<\/td>\n<td style=\"padding: 10px; border-bottom: 1px solid #eee;\">55<\/td>\n<\/tr>\n<tr>\n<td style=\"padding: 10px; border-bottom: 1px solid #eee;\">Nom de variante<\/td>\n<td style=\"padding: 10px; border-bottom: 1px solid #eee;\">Standard<\/td>\n<\/tr>\n<tr>\n<td style=\"padding: 10px; border-bottom: 1px solid #eee;\">S\u00e9rie<\/td>\n<td style=\"padding: 10px; border-bottom: 1px solid #eee;\">Hestia<\/td>\n<\/tr>\n<p><!-- Usage Section --><\/p>\n<tr style=\"background-color: #f5f7fa;\">\n<td style=\"padding: 10px; font-weight: bold;\" colspan=\"2\">Domaine d&#8217;emploi<\/td>\n<\/tr>\n<tr>\n<td style=\"padding: 10px;\">Astrophotographie<\/td>\n<td style=\"padding: 10px;\">oui (automatique)<\/td>\n<\/tr>\n<tr>\n<td style=\"padding: 10px;\">Lune &amp; plan\u00e8tes<\/td>\n<td style=\"padding: 10px;\">oui<\/td>\n<\/tr>\n<tr>\n<td style=\"padding: 10px;\">Observation de la nature<\/td>\n<td style=\"padding: 10px;\">oui<\/td>\n<\/tr>\n<tr>\n<td style=\"padding: 10px;\">N\u00e9buleuses &amp; galaxies<\/td>\n<td style=\"padding: 10px;\">oui<\/td>\n<\/tr>\n<\/tbody>\n<\/table>\n","protected":false},"excerpt":{"rendered":"<p><img loading=\"lazy\" decoding=\"async\" class=\"alignnone size-full wp-image-10540\" src=\"https:\/\/astroshop.ma\/wp-content\/uploads\/2025\/05\/Vaonis.jpg\" alt=\"\" width=\"300\" height=\"150\" srcset=\"https:\/\/astroshop.ma\/wp-content\/uploads\/2025\/05\/Vaonis.jpg 300w, https:\/\/astroshop.ma\/wp-content\/uploads\/2025\/05\/Vaonis-64x32.jpg 64w\" sizes=\"auto, (max-width: 300px) 100vw, 300px\" \/><\/p>\n<div class=\"display-flex fd-column\">\n<div id=\"description\" class=\"cnt-text-box\">\n<h2 class=\"hdl-01\">Description du produit<\/h2>\n<div class=\"text-justify\">\n<p><b>Hestia<\/b>\u00a0exploite la puissance de votre smartphone et vous permet de capturer l&#8217;\u00e9clat du soleil, la beaut\u00e9 envo\u00fbtante de la lune ou les profondeurs captivantes de l&#8217;univers &#8211; sans r\u00e9glages complexes ni connaissances approfondies en astronomie !Il suffit de placer votre smartphone sur l&#8217;oculaire d&#8217;Hestia, de pointer l&#8217;appareil vers l&#8217;objet c\u00e9leste de votre choix, de vous laisser guider par l&#8217;application conviviale et d&#8217;acc\u00e9der ainsi \u00e0 un tout nouveau monde d&#8217;exploration. Hestia est fait pour chaque objectif et chaque moment. Profitez des tr\u00e9sors du ciel quand et o\u00f9 vous voulez !<\/p>\n<div>\n<p>Explorez les constellations et apprenez \u00e0 conna\u00eetre le ciel qui vous entoure. Trouvez un objet qui suscite votre int\u00e9r\u00eat. Laissez-vous guider avec pr\u00e9cision jusqu&#8217;\u00e0 votre destination: Il suffit de poser votre smartphone sur Hestia, puis de suivre l&#8217;indicateur lumineux pour orienter correctement l&#8217;appareil. Hestia est tout sauf compliqu\u00e9. Fixez Hestia sur son tr\u00e9pied et utilisez\u00a0<b>Gravity<\/b>\u00a0de Vaonis pour aligner l&#8217;appareil photo principal de votre smartphone avec l&#8217;oculaire de Hestia. Choisissez votre objet cible et laissez l&#8217;application vous y guider.<\/p>\n<p>Avec son design optique brevet\u00e9 compos\u00e9 de six lentilles, d&#8217;un objectif de 30 mm et de prismes pour collecter\/focaliser la lumi\u00e8re directement sur le capteur photo de votre smartphone, Hestia repousse les limites de la miniaturisation. Gr\u00e2ce \u00e0 un syst\u00e8me d&#8217;aimants amovibles, Hestia s&#8217;adapte \u00e0 toutes les tailles de smartphones actuels et futurs. Hestia n&#8217;a pratiquement pas besoin d&#8217;\u00e9lectronique et s&#8217;appuie exclusivement sur un syst\u00e8me de conception optique. Cela signifie qu&#8217;aucune batterie n&#8217;est n\u00e9cessaire, qu&#8217;il n&#8217;y a aucun risque de coupure de courant, qu&#8217;il n&#8217;y a aucun probl\u00e8me de logiciel obsol\u00e8te et qu&#8217;il n&#8217;y a d\u00e9finitivement aucune frustration.<\/p>\n<p><b>Naviguez dans le cosmos avec Gravity de Vaonis, l&#8217;appli d&#8217;Hestia<\/b><\/p>\n<p>L&#8217;application compagnon d&#8217;Hestia am\u00e9liore vos observations gr\u00e2ce \u00e0 des algorithmes de traitement d&#8217;image propri\u00e9taires qui combinent et alignent plusieurs courtes expositions prises avec votre smartphone en une seule photo de haute qualit\u00e9.<\/p>\n<\/div>\n<\/div>\n<\/div>\n<div class=\"gtc-container gtc-container-hidden\" data-action=\"gtc-container\">\n<div class=\"gtc-gradient gtc-gradient-hidden\" data-action=\"gtc-btn\">\n<div class=\"gtc-text classic-link\">\n<div data-action=\"gtc-text\" data-gtcid=\"accessories\"><\/div>\n<\/div>\n<\/div>\n<\/div>\n<\/div>\n<div class=\"display-flex fd-column hide-below-bp2\">\n<div class=\"cnt-text-box\">\n<div class=\"pad-8\">\n<div class=\"cursor-zoomin\" data-type=\"btn-js\" data-action=\"opengallery-0\"><img decoding=\"async\" src=\"https:\/\/www.astroshop.de\/Produktbilder\/big\/82856_12.jpg\" alt=\"Smart Telescope Vaonis Hestia Standard\" \/><\/div>\n<\/div>\n<div class=\"pad-8\">\n<div class=\"cursor-zoomin\" data-type=\"btn-js\" data-action=\"opengallery-1\"><img decoding=\"async\" src=\"https:\/\/www.astroshop.de\/Produktbilder\/big\/84738_4.jpg\" alt=\"Smart Telescope Vaonis Hestia Standard\" \/><\/div>\n<\/div>\n<div class=\"pad-8\">\n<div class=\"cursor-zoomin\" data-type=\"btn-js\" data-action=\"opengallery-2\"><img decoding=\"async\" src=\"https:\/\/www.astroshop.de\/Produktbilder\/big\/84738_5.jpg\" alt=\"Smart Telescope Vaonis Hestia Standard\" \/><\/div>\n<\/div>\n<div class=\"pad-8\">\n<div class=\"cursor-zoomin\" data-type=\"btn-js\" data-action=\"opengallery-3\"><img decoding=\"async\" src=\"https:\/\/www.astroshop.de\/Produktbilder\/big\/82849_1.jpg\" alt=\"Smart Telescope Vaonis Hestia Standard\" \/><\/div>\n<\/div>\n<div class=\"pad-8\">\n<div class=\"cursor-zoomin\" data-type=\"btn-js\" data-action=\"opengallery-4\"><img decoding=\"async\" src=\"https:\/\/www.astroshop.de\/Produktbilder\/big\/82849_11.jpg\" alt=\"Smart Telescope Vaonis Hestia Standard\" \/><\/div>\n<\/div>\n<div class=\"pad-8\">\n<div class=\"cursor-zoomin\" data-type=\"btn-js\" data-action=\"opengallery-5\"><img decoding=\"async\" src=\"https:\/\/www.astroshop.de\/Produktbilder\/big\/82849_17.jpg\" alt=\"Smart Telescope Vaonis Hestia Standard\" \/><\/div>\n<\/div>\n<\/div>\n<\/div>\n","protected":false},"featured_media":10541,"template":"","meta":{"_editorskit_title_hidden":false,"_editorskit_reading_time":0,"_editorskit_is_block_options_detached":false,"_editorskit_block_options_position":"{}","_coblocks_attr":"","_coblocks_dimensions":"","_coblocks_responsive_height":"","_coblocks_accordion_ie_support":"","_crdt_document":"","_monsterinsights_skip_tracking":false,"_monsterinsights_sitenote_active":false,"_monsterinsights_sitenote_note":"","_monsterinsights_sitenote_category":0},"product_brand":[],"product_cat":[143,22],"product_tag":[],"class_list":{"0":"post-10539","1":"product","2":"type-product","3":"status-publish","4":"has-post-thumbnail","6":"product_cat-smart-telescopes","7":"product_cat-telescopes","9":"first","10":"instock","11":"shipping-taxable","12":"purchasable","13":"product-type-simple"},"yoast_head":"<!-- This site is optimized with the Yoast SEO plugin v27.4 - https:\/\/yoast.com\/product\/yoast-seo-wordpress\/ -->\n<title>Vaonis Smart Telescope Hestia Standard - Astroshop Maroc<\/title>\n<meta name=\"robots\" content=\"index, follow, max-snippet:-1, max-image-preview:large, max-video-preview:-1\" \/>\n<link rel=\"canonical\" href=\"https:\/\/astroshop.ma\/?product=vaonis-smart-telescope-hestia-standard\" \/>\n<meta property=\"og:locale\" content=\"en_US\" \/>\n<meta property=\"og:type\" content=\"article\" \/>\n<meta property=\"og:title\" content=\"Vaonis Smart Telescope Hestia Standard - Astroshop Maroc\" \/>\n<meta property=\"og:description\" content=\"Description du produit   Hestia\u00a0exploite la puissance de votre smartphone et vous permet de capturer l&#039;\u00e9clat du soleil, la beaut\u00e9 envo\u00fbtante de la lune ou les profondeurs captivantes de l&#039;univers - sans r\u00e9glages complexes ni connaissances approfondies en astronomie !Il suffit de placer votre smartphone sur l&#039;oculaire d&#039;Hestia, de pointer l&#039;appareil vers l&#039;objet c\u00e9leste de votre choix, de vous laisser guider par l&#039;application conviviale et d&#039;acc\u00e9der ainsi \u00e0 un tout nouveau monde d&#039;exploration. Hestia est fait pour chaque objectif et chaque moment. Profitez des tr\u00e9sors du ciel quand et o\u00f9 vous voulez !   Explorez les constellations et apprenez \u00e0 conna\u00eetre le ciel qui vous entoure. Trouvez un objet qui suscite votre int\u00e9r\u00eat. Laissez-vous guider avec pr\u00e9cision jusqu&#039;\u00e0 votre destination: Il suffit de poser votre smartphone sur Hestia, puis de suivre l&#039;indicateur lumineux pour orienter correctement l&#039;appareil. Hestia est tout sauf compliqu\u00e9. Fixez Hestia sur son tr\u00e9pied et utilisez\u00a0Gravity\u00a0de Vaonis pour aligner l&#039;appareil photo principal de votre smartphone avec l&#039;oculaire de Hestia. Choisissez votre objet cible et laissez l&#039;application vous y guider.  Avec son design optique brevet\u00e9 compos\u00e9 de six lentilles, d&#039;un objectif de 30 mm et de prismes pour collecter\/focaliser la lumi\u00e8re directement sur le capteur photo de votre smartphone, Hestia repousse les limites de la miniaturisation. Gr\u00e2ce \u00e0 un syst\u00e8me d&#039;aimants amovibles, Hestia s&#039;adapte \u00e0 toutes les tailles de smartphones actuels et futurs. Hestia n&#039;a pratiquement pas besoin d&#039;\u00e9lectronique et s&#039;appuie exclusivement sur un syst\u00e8me de conception optique. Cela signifie qu&#039;aucune batterie n&#039;est n\u00e9cessaire, qu&#039;il n&#039;y a aucun risque de coupure de courant, qu&#039;il n&#039;y a aucun probl\u00e8me de logiciel obsol\u00e8te et qu&#039;il n&#039;y a d\u00e9finitivement aucune frustration.  Naviguez dans le cosmos avec Gravity de Vaonis, l&#039;appli d&#039;Hestia  L&#039;application compagnon d&#039;Hestia am\u00e9liore vos observations gr\u00e2ce \u00e0 des algorithmes de traitement d&#039;image propri\u00e9taires qui combinent et alignent plusieurs courtes expositions prises avec votre smartphone en une seule photo de haute qualit\u00e9.\" \/>\n<meta property=\"og:url\" content=\"https:\/\/astroshop.ma\/?product=vaonis-smart-telescope-hestia-standard\" \/>\n<meta property=\"og:site_name\" content=\"Astroshop Maroc\" \/>\n<meta property=\"og:image\" content=\"https:\/\/astroshop.ma\/wp-content\/uploads\/2025\/05\/Smart-Telescope-Vaonis-Hestia-Standard.jpg\" \/>\n\t<meta property=\"og:image:width\" content=\"800\" \/>\n\t<meta property=\"og:image:height\" content=\"800\" \/>\n\t<meta property=\"og:image:type\" content=\"image\/jpeg\" \/>\n<meta name=\"twitter:card\" content=\"summary_large_image\" \/>\n<script type=\"application\/ld+json\" class=\"yoast-schema-graph\">{\"@context\":\"https:\\\/\\\/schema.org\",\"@graph\":[{\"@type\":\"WebPage\",\"@id\":\"https:\\\/\\\/astroshop.ma\\\/?product=vaonis-smart-telescope-hestia-standard\",\"url\":\"https:\\\/\\\/astroshop.ma\\\/?product=vaonis-smart-telescope-hestia-standard\",\"name\":\"Vaonis Smart Telescope Hestia Standard - Astroshop Maroc\",\"isPartOf\":{\"@id\":\"https:\\\/\\\/astroshop.ma\\\/#website\"},\"primaryImageOfPage\":{\"@id\":\"https:\\\/\\\/astroshop.ma\\\/?product=vaonis-smart-telescope-hestia-standard#primaryimage\"},\"image\":{\"@id\":\"https:\\\/\\\/astroshop.ma\\\/?product=vaonis-smart-telescope-hestia-standard#primaryimage\"},\"thumbnailUrl\":\"https:\\\/\\\/astroshop.ma\\\/wp-content\\\/uploads\\\/2025\\\/05\\\/Smart-Telescope-Vaonis-Hestia-Standard.jpg\",\"datePublished\":\"2025-05-26T09:15:18+00:00\",\"breadcrumb\":{\"@id\":\"https:\\\/\\\/astroshop.ma\\\/?product=vaonis-smart-telescope-hestia-standard#breadcrumb\"},\"inLanguage\":\"en-US\",\"potentialAction\":[{\"@type\":\"ReadAction\",\"target\":[\"https:\\\/\\\/astroshop.ma\\\/?product=vaonis-smart-telescope-hestia-standard\"]}]},{\"@type\":\"ImageObject\",\"inLanguage\":\"en-US\",\"@id\":\"https:\\\/\\\/astroshop.ma\\\/?product=vaonis-smart-telescope-hestia-standard#primaryimage\",\"url\":\"https:\\\/\\\/astroshop.ma\\\/wp-content\\\/uploads\\\/2025\\\/05\\\/Smart-Telescope-Vaonis-Hestia-Standard.jpg\",\"contentUrl\":\"https:\\\/\\\/astroshop.ma\\\/wp-content\\\/uploads\\\/2025\\\/05\\\/Smart-Telescope-Vaonis-Hestia-Standard.jpg\",\"width\":800,\"height\":800},{\"@type\":\"BreadcrumbList\",\"@id\":\"https:\\\/\\\/astroshop.ma\\\/?product=vaonis-smart-telescope-hestia-standard#breadcrumb\",\"itemListElement\":[{\"@type\":\"ListItem\",\"position\":1,\"name\":\"Home\",\"item\":\"https:\\\/\\\/astroshop.ma\\\/\"},{\"@type\":\"ListItem\",\"position\":2,\"name\":\"Shop\",\"item\":\"https:\\\/\\\/astroshop.ma\\\/?page_id=394\"},{\"@type\":\"ListItem\",\"position\":3,\"name\":\"Vaonis Smart Telescope Hestia Standard\"}]},{\"@type\":\"WebSite\",\"@id\":\"https:\\\/\\\/astroshop.ma\\\/#website\",\"url\":\"https:\\\/\\\/astroshop.ma\\\/\",\"name\":\"Astroshop Maroc\",\"description\":\"Des instruments astronomiques pour chaque astronome au Maroc\",\"publisher\":{\"@id\":\"https:\\\/\\\/astroshop.ma\\\/#organization\"},\"potentialAction\":[{\"@type\":\"SearchAction\",\"target\":{\"@type\":\"EntryPoint\",\"urlTemplate\":\"https:\\\/\\\/astroshop.ma\\\/?s={search_term_string}\"},\"query-input\":{\"@type\":\"PropertyValueSpecification\",\"valueRequired\":true,\"valueName\":\"search_term_string\"}}],\"inLanguage\":\"en-US\"},{\"@type\":\"Organization\",\"@id\":\"https:\\\/\\\/astroshop.ma\\\/#organization\",\"name\":\"Astroshop Maroc\",\"url\":\"https:\\\/\\\/astroshop.ma\\\/\",\"logo\":{\"@type\":\"ImageObject\",\"inLanguage\":\"en-US\",\"@id\":\"https:\\\/\\\/astroshop.ma\\\/#\\\/schema\\\/logo\\\/image\\\/\",\"url\":\"https:\\\/\\\/astroshop.ma\\\/wp-content\\\/uploads\\\/2025\\\/12\\\/M20_Logo_1.jpg\",\"contentUrl\":\"https:\\\/\\\/astroshop.ma\\\/wp-content\\\/uploads\\\/2025\\\/12\\\/M20_Logo_1.jpg\",\"width\":501,\"height\":334,\"caption\":\"Astroshop Maroc\"},\"image\":{\"@id\":\"https:\\\/\\\/astroshop.ma\\\/#\\\/schema\\\/logo\\\/image\\\/\"}}]}<\/script>\n<!-- \/ Yoast SEO plugin. -->","yoast_head_json":{"title":"Vaonis Smart Telescope Hestia Standard - Astroshop Maroc","robots":{"index":"index","follow":"follow","max-snippet":"max-snippet:-1","max-image-preview":"max-image-preview:large","max-video-preview":"max-video-preview:-1"},"canonical":"https:\/\/astroshop.ma\/?product=vaonis-smart-telescope-hestia-standard","og_locale":"en_US","og_type":"article","og_title":"Vaonis Smart Telescope Hestia Standard - Astroshop Maroc","og_description":"Description du produit   Hestia\u00a0exploite la puissance de votre smartphone et vous permet de capturer l'\u00e9clat du soleil, la beaut\u00e9 envo\u00fbtante de la lune ou les profondeurs captivantes de l'univers - sans r\u00e9glages complexes ni connaissances approfondies en astronomie !Il suffit de placer votre smartphone sur l'oculaire d'Hestia, de pointer l'appareil vers l'objet c\u00e9leste de votre choix, de vous laisser guider par l'application conviviale et d'acc\u00e9der ainsi \u00e0 un tout nouveau monde d'exploration. Hestia est fait pour chaque objectif et chaque moment. Profitez des tr\u00e9sors du ciel quand et o\u00f9 vous voulez !   Explorez les constellations et apprenez \u00e0 conna\u00eetre le ciel qui vous entoure. Trouvez un objet qui suscite votre int\u00e9r\u00eat. Laissez-vous guider avec pr\u00e9cision jusqu'\u00e0 votre destination: Il suffit de poser votre smartphone sur Hestia, puis de suivre l'indicateur lumineux pour orienter correctement l'appareil. Hestia est tout sauf compliqu\u00e9. Fixez Hestia sur son tr\u00e9pied et utilisez\u00a0Gravity\u00a0de Vaonis pour aligner l'appareil photo principal de votre smartphone avec l'oculaire de Hestia. Choisissez votre objet cible et laissez l'application vous y guider.  Avec son design optique brevet\u00e9 compos\u00e9 de six lentilles, d'un objectif de 30 mm et de prismes pour collecter\/focaliser la lumi\u00e8re directement sur le capteur photo de votre smartphone, Hestia repousse les limites de la miniaturisation. Gr\u00e2ce \u00e0 un syst\u00e8me d'aimants amovibles, Hestia s'adapte \u00e0 toutes les tailles de smartphones actuels et futurs. Hestia n'a pratiquement pas besoin d'\u00e9lectronique et s'appuie exclusivement sur un syst\u00e8me de conception optique. Cela signifie qu'aucune batterie n'est n\u00e9cessaire, qu'il n'y a aucun risque de coupure de courant, qu'il n'y a aucun probl\u00e8me de logiciel obsol\u00e8te et qu'il n'y a d\u00e9finitivement aucune frustration.  Naviguez dans le cosmos avec Gravity de Vaonis, l'appli d'Hestia  L'application compagnon d'Hestia am\u00e9liore vos observations gr\u00e2ce \u00e0 des algorithmes de traitement d'image propri\u00e9taires qui combinent et alignent plusieurs courtes expositions prises avec votre smartphone en une seule photo de haute qualit\u00e9.","og_url":"https:\/\/astroshop.ma\/?product=vaonis-smart-telescope-hestia-standard","og_site_name":"Astroshop Maroc","og_image":[{"width":800,"height":800,"url":"https:\/\/astroshop.ma\/wp-content\/uploads\/2025\/05\/Smart-Telescope-Vaonis-Hestia-Standard.jpg","type":"image\/jpeg"}],"twitter_card":"summary_large_image","schema":{"@context":"https:\/\/schema.org","@graph":[{"@type":"WebPage","@id":"https:\/\/astroshop.ma\/?product=vaonis-smart-telescope-hestia-standard","url":"https:\/\/astroshop.ma\/?product=vaonis-smart-telescope-hestia-standard","name":"Vaonis Smart Telescope Hestia Standard - Astroshop Maroc","isPartOf":{"@id":"https:\/\/astroshop.ma\/#website"},"primaryImageOfPage":{"@id":"https:\/\/astroshop.ma\/?product=vaonis-smart-telescope-hestia-standard#primaryimage"},"image":{"@id":"https:\/\/astroshop.ma\/?product=vaonis-smart-telescope-hestia-standard#primaryimage"},"thumbnailUrl":"https:\/\/astroshop.ma\/wp-content\/uploads\/2025\/05\/Smart-Telescope-Vaonis-Hestia-Standard.jpg","datePublished":"2025-05-26T09:15:18+00:00","breadcrumb":{"@id":"https:\/\/astroshop.ma\/?product=vaonis-smart-telescope-hestia-standard#breadcrumb"},"inLanguage":"en-US","potentialAction":[{"@type":"ReadAction","target":["https:\/\/astroshop.ma\/?product=vaonis-smart-telescope-hestia-standard"]}]},{"@type":"ImageObject","inLanguage":"en-US","@id":"https:\/\/astroshop.ma\/?product=vaonis-smart-telescope-hestia-standard#primaryimage","url":"https:\/\/astroshop.ma\/wp-content\/uploads\/2025\/05\/Smart-Telescope-Vaonis-Hestia-Standard.jpg","contentUrl":"https:\/\/astroshop.ma\/wp-content\/uploads\/2025\/05\/Smart-Telescope-Vaonis-Hestia-Standard.jpg","width":800,"height":800},{"@type":"BreadcrumbList","@id":"https:\/\/astroshop.ma\/?product=vaonis-smart-telescope-hestia-standard#breadcrumb","itemListElement":[{"@type":"ListItem","position":1,"name":"Home","item":"https:\/\/astroshop.ma\/"},{"@type":"ListItem","position":2,"name":"Shop","item":"https:\/\/astroshop.ma\/?page_id=394"},{"@type":"ListItem","position":3,"name":"Vaonis Smart Telescope Hestia Standard"}]},{"@type":"WebSite","@id":"https:\/\/astroshop.ma\/#website","url":"https:\/\/astroshop.ma\/","name":"Astroshop Maroc","description":"Des instruments astronomiques pour chaque astronome au Maroc","publisher":{"@id":"https:\/\/astroshop.ma\/#organization"},"potentialAction":[{"@type":"SearchAction","target":{"@type":"EntryPoint","urlTemplate":"https:\/\/astroshop.ma\/?s={search_term_string}"},"query-input":{"@type":"PropertyValueSpecification","valueRequired":true,"valueName":"search_term_string"}}],"inLanguage":"en-US"},{"@type":"Organization","@id":"https:\/\/astroshop.ma\/#organization","name":"Astroshop Maroc","url":"https:\/\/astroshop.ma\/","logo":{"@type":"ImageObject","inLanguage":"en-US","@id":"https:\/\/astroshop.ma\/#\/schema\/logo\/image\/","url":"https:\/\/astroshop.ma\/wp-content\/uploads\/2025\/12\/M20_Logo_1.jpg","contentUrl":"https:\/\/astroshop.ma\/wp-content\/uploads\/2025\/12\/M20_Logo_1.jpg","width":501,"height":334,"caption":"Astroshop Maroc"},"image":{"@id":"https:\/\/astroshop.ma\/#\/schema\/logo\/image\/"}}]}},"_links":{"self":[{"href":"https:\/\/astroshop.ma\/index.php?rest_route=\/wp\/v2\/product\/10539","targetHints":{"allow":["GET"]}}],"collection":[{"href":"https:\/\/astroshop.ma\/index.php?rest_route=\/wp\/v2\/product"}],"about":[{"href":"https:\/\/astroshop.ma\/index.php?rest_route=\/wp\/v2\/types\/product"}],"wp:featuredmedia":[{"embeddable":true,"href":"https:\/\/astroshop.ma\/index.php?rest_route=\/wp\/v2\/media\/10541"}],"wp:attachment":[{"href":"https:\/\/astroshop.ma\/index.php?rest_route=%2Fwp%2Fv2%2Fmedia&parent=10539"}],"wp:term":[{"taxonomy":"product_brand","embeddable":true,"href":"https:\/\/astroshop.ma\/index.php?rest_route=%2Fwp%2Fv2%2Fproduct_brand&post=10539"},{"taxonomy":"product_cat","embeddable":true,"href":"https:\/\/astroshop.ma\/index.php?rest_route=%2Fwp%2Fv2%2Fproduct_cat&post=10539"},{"taxonomy":"product_tag","embeddable":true,"href":"https:\/\/astroshop.ma\/index.php?rest_route=%2Fwp%2Fv2%2Fproduct_tag&post=10539"}],"curies":[{"name":"wp","href":"https:\/\/api.w.org\/{rel}","templated":true}]}}