{"id":10421,"date":"2025-04-24T10:16:54","date_gmt":"2025-04-24T10:16:54","guid":{"rendered":"https:\/\/astroshop.ma\/?post_type=product&#038;p=10421"},"modified":"2026-04-08T08:42:50","modified_gmt":"2026-04-08T08:42:50","slug":"sky-watcher-150-750-sur-eq3-2-black-diamond","status":"publish","type":"product","link":"https:\/\/astroshop.ma\/?product=sky-watcher-150-750-sur-eq3-2-black-diamond","title":{"rendered":"Sky-Watcher 150\/750 sur EQ3-2 Black Diamond"},"content":{"rendered":"<div class=\"caracteristiques ng-scope\">\n<h4>Tout savoir sur le t\u00e9lescope Sky-Watcher 150P sur monture EQ3-2<\/h4>\n<p>Partez \u00e0 la d\u00e9couverte des merveilles du ciel sans plus tarder. Les objets du ciel profond les plus brillants (n\u00e9buleuses, amas globulaires ou galaxies) sont facilement observables et, loin de la pollution lumineuse des villes, pr\u00e9sentent m\u00eame des d\u00e9tails. En combinaison avec de bons oculaires et des filtres interf\u00e9rentiels type UHC ou Deep-Sky choisissez le grossissement le plus adapt\u00e9 \u00e0 l&#8217;objet que vous contemplez. Associ\u00e9 \u00e0 une t\u00eate binoculaire d\u00e9couvrez le ciel comme jamais. L&#8217;impression de relief semble &#8220;irr\u00e9elle&#8221; et pourtant la n\u00e9buleuse d&#8217;Orion prend vraiment un aspect particulier en 3 dimensions. Le confort d&#8217;observation gr\u00e2ce \u00e0 l&#8217;utilisation de nos deux yeux diminue la fatigue visuelle et donne acc\u00e8s \u00e0 plus de d\u00e9tails! A essayer au plus vite!<\/p>\n<h4>Un tube optique Newton Sky-Watcher 150\/750 (F\/D 5)<\/h4>\n<p>Avec un miroir primaire de 150mm, le Newton 150 de Sky-Watcher r\u00e9colte 73% de lumi\u00e8re en plus qu&#8217;un t\u00e9lescope de 114mm. Sous un ciel bien sombre, il est alors possible de voir de nombreux objets du ciel \u00e0 peine distinguable dans des instruments de plus petit diam\u00e8tre. Il promet aux d\u00e9butants de nombreuses d\u00e9couvertes. En observation plan\u00e9taire, il r\u00e9v\u00e9lera \u00e0 l&#8217;aide d&#8217;une lentille de Barlow ou d&#8217;un oculaire courte focale de nombreux d\u00e9tails sur Jupiter, Saturne et la Lune.<\/p>\n<p>Sa conception Newton offre plusieurs avantages par rapport aux autres familles d&#8217;instruments (lunettes et t\u00e9lescopes Cassegrain). La fabrication des miroirs est plus \u00e9conomique \u00e0 diam\u00e8tre \u00e9gal et sa focale moyenne (750 mm) est tr\u00e8s polyvalente. Vous b\u00e9n\u00e9ficiez alors pour un budget attractif d&#8217;un t\u00e9lescope lumineux qui fournit un champ d&#8217;observations diversifi\u00e9. L&#8217;obstruction centrale est aussi plus faible que les t\u00e9lescopes type Cassegrain.<\/p>\n<figure><img decoding=\"async\" title=\"Mise au point Crayford sans microfocuser du t\u00e9lescope Sky-Watcher 150\/750 sur monture \u00e9quatoriale EQ3-2\" src=\"https:\/\/www.telescopes-et-accessoires.fr\/img\/cms\/photos\/fiches\/SW0241_150P_crayford.webp\" \/><figcaption>Le tube optique Sky-Watcher 150P classique est \u00e9quip\u00e9 d&#8217;une mise au point de type Crayford sans d\u00e9multiplication. Gr\u00e2ce \u00e0 ses deux coulants, 31,75 mm et 50,8 mm, il accepte la quasi-totalit\u00e9 des accessoires standards, tels que les oculaires, lentilles de Barlow et correcteurs de coma, quelle que soit la marque.<\/figcaption><\/figure>\n<p>La mise au point s&#8217;obtient par l&#8217;interm\u00e9diaire d&#8217;un porte oculaire Crayford bi-coulant, 2&#8221; (50,8 mm) et 1.25&#8221; (31,75 mm). L&#8217;adaptation au coulant 31,75 mm s&#8217;effectue gr\u00e2ce \u00e0 un r\u00e9ducteur m\u00e9canique livr\u00e9. Vous pouvez donc utiliser les oculaires et accessoires optionnels disponibles dans les 2 coulants. Une vis de serrage situ\u00e9e sous le focuser permet de maintenir la mise au point suivant l&#8217;orientation du tube optique.<\/p>\n<p>Au contraire des fabrications tr\u00e8s bon march\u00e9 ou les t\u00e9lescopes Newton de petits diam\u00e8tres, les Newton Sky-Watcher de 150, 200, 254 et 300mm disposent d&#8217;un miroir primaire parabolique. Les miroirs sont polis sph\u00e9riquement puis retaill\u00e9s pour atteindre une forme parabolo\u00efdale (plus co\u00fbteuse et difficile \u00e0 obtenir). C&#8217;est un crit\u00e8re de choix indispensable pour les instruments au-dessus de 130mm et \u00e0 focale courte.<\/p>\n<figure><img decoding=\"async\" title=\"Barillet du miroir primaire du t\u00e9lescope Sky-Watcher 150P\" src=\"https:\/\/www.telescopes-et-accessoires.fr\/img\/cms\/photos\/fiches\/SW0241_150P_miroir.webp\" \/><figcaption>Le miroir primaire parabolique du t\u00e9lescope Sky-Watcher 150\/750 est mont\u00e9 dans un barillet solide et efficace. Chaque jeu de molettes de collimation est compos\u00e9 d&#8217;une molette de r\u00e9glage fin \u00e0 ressort de rappel et d&#8217;une molette de blocage. Le miroir primaire est marqu\u00e9 en son centre pour faciliter la collimation par l&#8217;utilisateur.<\/figcaption><\/figure>\n<p>Pour pr\u00e9senter la plus petite obstruction possible le support de fixation du miroir secondaire (plan) dispose de 4 branches fines, d&#8217;une largeur de 0,5 mm. Suffisamment rigides elles limitent ainsi les pics de diffraction sur les \u00e9toiles brillantes et une perte de luminosit\u00e9 trop importante.<\/p>\n<p>Un chercheur achromatique 6&#215;30 sur son support est aussi livr\u00e9 en standard.<\/p>\n<h4>Une monture \u00e9quatoriale EQ3-2 avec tr\u00e9pied alu<\/h4>\n<p>Pour les amateurs int\u00e9ress\u00e9s par l&#8217;observation visuelle, la monture EQ3-2 permet des observations de qualit\u00e9 sans trop de vibrations. La version plus massive, monture HEQ5 Pro Go-To, sera pr\u00e9f\u00e9rable pour ceux qui d\u00e9sirent d\u00e9buter en astrophotographie longue pose.<\/p>\n<p>L&#8217;adaptation du tube optique s&#8217;effectue \u00e0 l&#8217;aide d&#8217;une queue d&#8217;aronde femelle standard de type Vixen. Un plateau porte accessoires assure une bonne rigidit\u00e9 de l&#8217;ensemble. La monture EQ3-2 peut recevoir un viseur polaire (en option) \u00e0 installer dans l&#8217;axe polaire pour r\u00e9aliser rapidement la mise en station.<\/p>\n<figure><img decoding=\"async\" title=\"Axe d'ascension droite de la monture Sky-Watcher EQ3-2\" src=\"https:\/\/www.telescopes-et-accessoires.fr\/img\/cms\/photos\/fiches\/SW0241_150P_EQ3-2_AD.webp\" \/><figcaption>La monture Sky-Watcher EQ3-2 poss\u00e8de tous les attributs des montures plus haut de gamme. Un viseur polaire sp\u00e9cifique est disponible en option et vient se visser dans l&#8217;axe d&#8217;ascension droite. Il facilite le pointage des p\u00f4les c\u00e9lestes Nord et Sud et augmente nettement la pr\u00e9cision de la mise en station.<\/figcaption><\/figure>\n<p>La monture EQ3-2 supporte de nombreux t\u00e9lescopes jusqu&#8217;\u00e0 150mm de diam\u00e8tre (5,5 kg max) ou des lunettes jusqu&#8217;\u00e0 100mm de diam\u00e8tre. Elle dispose de mouvements fins en azimut et en latitude pour faciliter la mise en station et des molettes permettent de compenser la rotation terrestre (pour conserver l&#8217;objet au centre du champ de l&#8217;oculaire).<\/p>\n<\/div>\n<p>&nbsp;<\/p>\n<p>&nbsp;<\/p>\n<p>&nbsp;<\/p>\n<h3>\u00c9l\u00e9ments Livr\u00e9s<\/h3>\n<p>&nbsp;<\/p>\n<p>&nbsp;<\/p>\n<ul>\n<li>1x Tube optique de t\u00e9lescope Newton Sky-Watcher 150\/750 avec colliers et queue d&#8217;aronde<\/li>\n<li>1x Monture \u00e9quatoriale EQ3-2<\/li>\n<li>1x Tr\u00e9pied en aluminium r\u00e9glable en hauteur (71cm \u00e0 123cm) avec tablette porte accessoires<\/li>\n<li>1x Contrepoids de 3.5kg<\/li>\n<li>1x Contrepoids de 1.5kg<\/li>\n<li>1x Oculaire Super 25mm(grossissement 30x), coulant 31.75mm<\/li>\n<li>1x Oculaire Super 10mm(grossissement 75x), coulant 31.75mm<\/li>\n<li>1x Lentille de Barlow 2x, coulant 31.75mm<\/li>\n<li>1x Chercheur 6&#215;30 droit avec support<\/li>\n<li>Manuel d&#8217;utilisation en fran\u00e7ais<\/li>\n<\/ul>\n","protected":false},"excerpt":{"rendered":"<h2><\/h2>\n<h2><\/h2>\n<h2><\/h2>\n<h2><\/h2>\n<h2><\/h2>\n<h2>Caract\u00e9ristiques du t\u00e9lescope Sky-Watcher 150P sur monture EQ3-2<\/h2>\n<h4>Caract\u00e9ristiques g\u00e9n\u00e9rales<\/h4>\n<table>\n<thead>\n<tr>\n<th>Caract\u00e9ristique<\/th>\n<th>T\u00e9lescope Newton Sky-Watcher 150P sur monture EQ3-2<\/th>\n<\/tr>\n<\/thead>\n<tbody>\n<tr>\n<td class=\"titresection\" colspan=\"2\">Tube optique<\/td>\n<\/tr>\n<tr>\n<th>Formule optique<\/th>\n<td>Newton<\/td>\n<\/tr>\n<tr>\n<th>Diam\u00e8tre utile<\/th>\n<td>150 mm<\/td>\n<\/tr>\n<tr>\n<th>Longueur focale<\/th>\n<td>750 mm<\/td>\n<\/tr>\n<tr>\n<th>Rapport F\/D<\/th>\n<td>5<\/td>\n<\/tr>\n<tr>\n<th>Grossissement maximum recommand\u00e9<\/th>\n<td>200x<\/td>\n<\/tr>\n<tr>\n<th>Syst\u00e8me de mise au point<\/th>\n<td>Crayford Sky-Watcher<\/td>\n<\/tr>\n<tr>\n<th>Porte-oculaire<\/th>\n<td>Coulant double standard, 2&#8221; (50,8 mm) et 1.25&#8221; (31,75 mm)<\/td>\n<\/tr>\n<tr>\n<td class=\"titresection\" colspan=\"2\">Monture<\/td>\n<\/tr>\n<tr>\n<th>Monture<\/th>\n<td>Monture \u00e9quatoriale EQ3-2 de type allemand<br \/>\nCercles gradu\u00e9s sur les 2 axes<\/td>\n<\/tr>\n<tr>\n<th>Motorisation<\/th>\n<td>En option<\/td>\n<\/tr>\n<tr>\n<th>Viseur polaire<\/th>\n<td>En option<\/td>\n<\/tr>\n<tr>\n<th>Tr\u00e9pied<\/th>\n<td>Tr\u00e9pied en aluminium r\u00e9glable en hauteur (71cm \u00e0 123cm) avec entretoise porte-accessoires<\/td>\n<\/tr>\n<\/tbody>\n<\/table>\n<h4>Caract\u00e9ristiques m\u00e9caniques<\/h4>\n<table>\n<thead>\n<tr>\n<th>Caract\u00e9ristique<\/th>\n<th>T\u00e9lescope Newton Sky-Watcher 150P sur monture EQ3-2<\/th>\n<\/tr>\n<\/thead>\n<tbody>\n<tr>\n<td class=\"titresection\" colspan=\"2\">Tube optique<\/td>\n<\/tr>\n<tr>\n<th>Longueur du tube optique<\/th>\n<td>690 mm<\/td>\n<\/tr>\n<tr>\n<th>Diam\u00e8tre du tube optique<\/th>\n<td>182 mm<\/td>\n<\/tr>\n<tr>\n<th>Poids du tube optique<\/th>\n<td>4,9 kg<\/td>\n<\/tr>\n<tr>\n<td class=\"titresection\" colspan=\"2\">Monture<\/td>\n<\/tr>\n<tr>\n<th>Poids de la monture, hors contrepoids<\/th>\n<td>6 kg<\/td>\n<\/tr>\n<tr>\n<th>Capacit\u00e9 de charge de la monture<\/th>\n<td>5,5 kg<\/td>\n<\/tr>\n<tr>\n<th>Poids du tr\u00e9pied<\/th>\n<td>2,8 kg<\/td>\n<\/tr>\n<\/tbody>\n<\/table>\n","protected":false},"featured_media":10424,"template":"","meta":{"_editorskit_title_hidden":false,"_editorskit_reading_time":0,"_editorskit_is_block_options_detached":false,"_editorskit_block_options_position":"{}","_coblocks_attr":"","_coblocks_dimensions":"","_coblocks_responsive_height":"","_coblocks_accordion_ie_support":"","_crdt_document":"","_monsterinsights_skip_tracking":false,"_monsterinsights_sitenote_active":false,"_monsterinsights_sitenote_note":"","_monsterinsights_sitenote_category":0},"product_brand":[209],"product_cat":[22,192],"product_tag":[],"class_list":{"0":"post-10421","1":"product","2":"type-product","3":"status-publish","4":"has-post-thumbnail","6":"product_brand-skywatcher","7":"product_cat-telescopes","8":"product_cat-telescopes-complets","10":"first","11":"instock","12":"shipping-taxable","13":"purchasable","14":"product-type-simple"},"yoast_head":"<!-- This site is optimized with the Yoast SEO plugin v27.4 - https:\/\/yoast.com\/product\/yoast-seo-wordpress\/ -->\n<title>Sky-Watcher 150\/750 sur EQ3-2 Black Diamond - Astroshop Maroc<\/title>\n<meta name=\"robots\" content=\"index, follow, max-snippet:-1, max-image-preview:large, max-video-preview:-1\" \/>\n<link rel=\"canonical\" href=\"https:\/\/astroshop.ma\/?product=sky-watcher-150-750-sur-eq3-2-black-diamond\" \/>\n<meta property=\"og:locale\" content=\"en_US\" \/>\n<meta property=\"og:type\" content=\"article\" \/>\n<meta property=\"og:title\" content=\"Sky-Watcher 150\/750 sur EQ3-2 Black Diamond - Astroshop Maroc\" \/>\n<meta property=\"og:description\" content=\"Caract\u00e9ristiques du t\u00e9lescope Sky-Watcher 150P sur monture EQ3-2 Caract\u00e9ristiques g\u00e9n\u00e9rales    Caract\u00e9ristique T\u00e9lescope Newton Sky-Watcher 150P sur monture EQ3-2     Tube optique   Formule optique Newton   Diam\u00e8tre utile 150 mm   Longueur focale 750 mm   Rapport F\/D 5   Grossissement maximum recommand\u00e9 200x   Syst\u00e8me de mise au point Crayford Sky-Watcher   Porte-oculaire Coulant double standard, 2&#039;&#039; (50,8 mm) et 1.25&#039;&#039; (31,75 mm)   Monture   Monture Monture \u00e9quatoriale EQ3-2 de type allemand Cercles gradu\u00e9s sur les 2 axes   Motorisation En option   Viseur polaire En option   Tr\u00e9pied Tr\u00e9pied en aluminium r\u00e9glable en hauteur (71cm \u00e0 123cm) avec entretoise porte-accessoires    Caract\u00e9ristiques m\u00e9caniques    Caract\u00e9ristique T\u00e9lescope Newton Sky-Watcher 150P sur monture EQ3-2     Tube optique   Longueur du tube optique 690 mm   Diam\u00e8tre du tube optique 182 mm   Poids du tube optique 4,9 kg   Monture   Poids de la monture, hors contrepoids 6 kg   Capacit\u00e9 de charge de la monture 5,5 kg   Poids du tr\u00e9pied 2,8 kg\" \/>\n<meta property=\"og:url\" content=\"https:\/\/astroshop.ma\/?product=sky-watcher-150-750-sur-eq3-2-black-diamond\" \/>\n<meta property=\"og:site_name\" content=\"Astroshop Maroc\" \/>\n<meta property=\"article:modified_time\" content=\"2026-04-08T08:42:50+00:00\" \/>\n<meta property=\"og:image\" content=\"https:\/\/astroshop.ma\/wp-content\/uploads\/2025\/04\/SW0241-1x1200-1.jpg\" \/>\n\t<meta property=\"og:image:width\" content=\"1200\" \/>\n\t<meta property=\"og:image:height\" content=\"1200\" \/>\n\t<meta property=\"og:image:type\" content=\"image\/jpeg\" \/>\n<meta name=\"twitter:card\" content=\"summary_large_image\" \/>\n<meta name=\"twitter:label1\" content=\"Est. reading time\" \/>\n\t<meta name=\"twitter:data1\" content=\"5 minutes\" \/>\n<script type=\"application\/ld+json\" class=\"yoast-schema-graph\">{\"@context\":\"https:\\\/\\\/schema.org\",\"@graph\":[{\"@type\":\"WebPage\",\"@id\":\"https:\\\/\\\/astroshop.ma\\\/?product=sky-watcher-150-750-sur-eq3-2-black-diamond\",\"url\":\"https:\\\/\\\/astroshop.ma\\\/?product=sky-watcher-150-750-sur-eq3-2-black-diamond\",\"name\":\"Sky-Watcher 150\\\/750 sur EQ3-2 Black Diamond - Astroshop Maroc\",\"isPartOf\":{\"@id\":\"https:\\\/\\\/astroshop.ma\\\/#website\"},\"primaryImageOfPage\":{\"@id\":\"https:\\\/\\\/astroshop.ma\\\/?product=sky-watcher-150-750-sur-eq3-2-black-diamond#primaryimage\"},\"image\":{\"@id\":\"https:\\\/\\\/astroshop.ma\\\/?product=sky-watcher-150-750-sur-eq3-2-black-diamond#primaryimage\"},\"thumbnailUrl\":\"https:\\\/\\\/astroshop.ma\\\/wp-content\\\/uploads\\\/2025\\\/04\\\/SW0241-1x1200-1.jpg\",\"datePublished\":\"2025-04-24T10:16:54+00:00\",\"dateModified\":\"2026-04-08T08:42:50+00:00\",\"breadcrumb\":{\"@id\":\"https:\\\/\\\/astroshop.ma\\\/?product=sky-watcher-150-750-sur-eq3-2-black-diamond#breadcrumb\"},\"inLanguage\":\"en-US\",\"potentialAction\":[{\"@type\":\"ReadAction\",\"target\":[\"https:\\\/\\\/astroshop.ma\\\/?product=sky-watcher-150-750-sur-eq3-2-black-diamond\"]}]},{\"@type\":\"ImageObject\",\"inLanguage\":\"en-US\",\"@id\":\"https:\\\/\\\/astroshop.ma\\\/?product=sky-watcher-150-750-sur-eq3-2-black-diamond#primaryimage\",\"url\":\"https:\\\/\\\/astroshop.ma\\\/wp-content\\\/uploads\\\/2025\\\/04\\\/SW0241-1x1200-1.jpg\",\"contentUrl\":\"https:\\\/\\\/astroshop.ma\\\/wp-content\\\/uploads\\\/2025\\\/04\\\/SW0241-1x1200-1.jpg\",\"width\":1200,\"height\":1200},{\"@type\":\"BreadcrumbList\",\"@id\":\"https:\\\/\\\/astroshop.ma\\\/?product=sky-watcher-150-750-sur-eq3-2-black-diamond#breadcrumb\",\"itemListElement\":[{\"@type\":\"ListItem\",\"position\":1,\"name\":\"Home\",\"item\":\"https:\\\/\\\/astroshop.ma\\\/\"},{\"@type\":\"ListItem\",\"position\":2,\"name\":\"Shop\",\"item\":\"https:\\\/\\\/astroshop.ma\\\/?page_id=394\"},{\"@type\":\"ListItem\",\"position\":3,\"name\":\"Sky-Watcher 150\\\/750 sur EQ3-2 Black Diamond\"}]},{\"@type\":\"WebSite\",\"@id\":\"https:\\\/\\\/astroshop.ma\\\/#website\",\"url\":\"https:\\\/\\\/astroshop.ma\\\/\",\"name\":\"Astroshop Maroc\",\"description\":\"Des instruments astronomiques pour chaque astronome au Maroc\",\"publisher\":{\"@id\":\"https:\\\/\\\/astroshop.ma\\\/#organization\"},\"potentialAction\":[{\"@type\":\"SearchAction\",\"target\":{\"@type\":\"EntryPoint\",\"urlTemplate\":\"https:\\\/\\\/astroshop.ma\\\/?s={search_term_string}\"},\"query-input\":{\"@type\":\"PropertyValueSpecification\",\"valueRequired\":true,\"valueName\":\"search_term_string\"}}],\"inLanguage\":\"en-US\"},{\"@type\":\"Organization\",\"@id\":\"https:\\\/\\\/astroshop.ma\\\/#organization\",\"name\":\"Astroshop Maroc\",\"url\":\"https:\\\/\\\/astroshop.ma\\\/\",\"logo\":{\"@type\":\"ImageObject\",\"inLanguage\":\"en-US\",\"@id\":\"https:\\\/\\\/astroshop.ma\\\/#\\\/schema\\\/logo\\\/image\\\/\",\"url\":\"https:\\\/\\\/astroshop.ma\\\/wp-content\\\/uploads\\\/2025\\\/12\\\/M20_Logo_1.jpg\",\"contentUrl\":\"https:\\\/\\\/astroshop.ma\\\/wp-content\\\/uploads\\\/2025\\\/12\\\/M20_Logo_1.jpg\",\"width\":501,\"height\":334,\"caption\":\"Astroshop Maroc\"},\"image\":{\"@id\":\"https:\\\/\\\/astroshop.ma\\\/#\\\/schema\\\/logo\\\/image\\\/\"}}]}<\/script>\n<!-- \/ Yoast SEO plugin. -->","yoast_head_json":{"title":"Sky-Watcher 150\/750 sur EQ3-2 Black Diamond - Astroshop Maroc","robots":{"index":"index","follow":"follow","max-snippet":"max-snippet:-1","max-image-preview":"max-image-preview:large","max-video-preview":"max-video-preview:-1"},"canonical":"https:\/\/astroshop.ma\/?product=sky-watcher-150-750-sur-eq3-2-black-diamond","og_locale":"en_US","og_type":"article","og_title":"Sky-Watcher 150\/750 sur EQ3-2 Black Diamond - Astroshop Maroc","og_description":"Caract\u00e9ristiques du t\u00e9lescope Sky-Watcher 150P sur monture EQ3-2 Caract\u00e9ristiques g\u00e9n\u00e9rales    Caract\u00e9ristique T\u00e9lescope Newton Sky-Watcher 150P sur monture EQ3-2     Tube optique   Formule optique Newton   Diam\u00e8tre utile 150 mm   Longueur focale 750 mm   Rapport F\/D 5   Grossissement maximum recommand\u00e9 200x   Syst\u00e8me de mise au point Crayford Sky-Watcher   Porte-oculaire Coulant double standard, 2'' (50,8 mm) et 1.25'' (31,75 mm)   Monture   Monture Monture \u00e9quatoriale EQ3-2 de type allemand Cercles gradu\u00e9s sur les 2 axes   Motorisation En option   Viseur polaire En option   Tr\u00e9pied Tr\u00e9pied en aluminium r\u00e9glable en hauteur (71cm \u00e0 123cm) avec entretoise porte-accessoires    Caract\u00e9ristiques m\u00e9caniques    Caract\u00e9ristique T\u00e9lescope Newton Sky-Watcher 150P sur monture EQ3-2     Tube optique   Longueur du tube optique 690 mm   Diam\u00e8tre du tube optique 182 mm   Poids du tube optique 4,9 kg   Monture   Poids de la monture, hors contrepoids 6 kg   Capacit\u00e9 de charge de la monture 5,5 kg   Poids du tr\u00e9pied 2,8 kg","og_url":"https:\/\/astroshop.ma\/?product=sky-watcher-150-750-sur-eq3-2-black-diamond","og_site_name":"Astroshop Maroc","article_modified_time":"2026-04-08T08:42:50+00:00","og_image":[{"width":1200,"height":1200,"url":"https:\/\/astroshop.ma\/wp-content\/uploads\/2025\/04\/SW0241-1x1200-1.jpg","type":"image\/jpeg"}],"twitter_card":"summary_large_image","twitter_misc":{"Est. reading time":"5 minutes"},"schema":{"@context":"https:\/\/schema.org","@graph":[{"@type":"WebPage","@id":"https:\/\/astroshop.ma\/?product=sky-watcher-150-750-sur-eq3-2-black-diamond","url":"https:\/\/astroshop.ma\/?product=sky-watcher-150-750-sur-eq3-2-black-diamond","name":"Sky-Watcher 150\/750 sur EQ3-2 Black Diamond - Astroshop Maroc","isPartOf":{"@id":"https:\/\/astroshop.ma\/#website"},"primaryImageOfPage":{"@id":"https:\/\/astroshop.ma\/?product=sky-watcher-150-750-sur-eq3-2-black-diamond#primaryimage"},"image":{"@id":"https:\/\/astroshop.ma\/?product=sky-watcher-150-750-sur-eq3-2-black-diamond#primaryimage"},"thumbnailUrl":"https:\/\/astroshop.ma\/wp-content\/uploads\/2025\/04\/SW0241-1x1200-1.jpg","datePublished":"2025-04-24T10:16:54+00:00","dateModified":"2026-04-08T08:42:50+00:00","breadcrumb":{"@id":"https:\/\/astroshop.ma\/?product=sky-watcher-150-750-sur-eq3-2-black-diamond#breadcrumb"},"inLanguage":"en-US","potentialAction":[{"@type":"ReadAction","target":["https:\/\/astroshop.ma\/?product=sky-watcher-150-750-sur-eq3-2-black-diamond"]}]},{"@type":"ImageObject","inLanguage":"en-US","@id":"https:\/\/astroshop.ma\/?product=sky-watcher-150-750-sur-eq3-2-black-diamond#primaryimage","url":"https:\/\/astroshop.ma\/wp-content\/uploads\/2025\/04\/SW0241-1x1200-1.jpg","contentUrl":"https:\/\/astroshop.ma\/wp-content\/uploads\/2025\/04\/SW0241-1x1200-1.jpg","width":1200,"height":1200},{"@type":"BreadcrumbList","@id":"https:\/\/astroshop.ma\/?product=sky-watcher-150-750-sur-eq3-2-black-diamond#breadcrumb","itemListElement":[{"@type":"ListItem","position":1,"name":"Home","item":"https:\/\/astroshop.ma\/"},{"@type":"ListItem","position":2,"name":"Shop","item":"https:\/\/astroshop.ma\/?page_id=394"},{"@type":"ListItem","position":3,"name":"Sky-Watcher 150\/750 sur EQ3-2 Black Diamond"}]},{"@type":"WebSite","@id":"https:\/\/astroshop.ma\/#website","url":"https:\/\/astroshop.ma\/","name":"Astroshop Maroc","description":"Des instruments astronomiques pour chaque astronome au Maroc","publisher":{"@id":"https:\/\/astroshop.ma\/#organization"},"potentialAction":[{"@type":"SearchAction","target":{"@type":"EntryPoint","urlTemplate":"https:\/\/astroshop.ma\/?s={search_term_string}"},"query-input":{"@type":"PropertyValueSpecification","valueRequired":true,"valueName":"search_term_string"}}],"inLanguage":"en-US"},{"@type":"Organization","@id":"https:\/\/astroshop.ma\/#organization","name":"Astroshop Maroc","url":"https:\/\/astroshop.ma\/","logo":{"@type":"ImageObject","inLanguage":"en-US","@id":"https:\/\/astroshop.ma\/#\/schema\/logo\/image\/","url":"https:\/\/astroshop.ma\/wp-content\/uploads\/2025\/12\/M20_Logo_1.jpg","contentUrl":"https:\/\/astroshop.ma\/wp-content\/uploads\/2025\/12\/M20_Logo_1.jpg","width":501,"height":334,"caption":"Astroshop Maroc"},"image":{"@id":"https:\/\/astroshop.ma\/#\/schema\/logo\/image\/"}}]}},"_links":{"self":[{"href":"https:\/\/astroshop.ma\/index.php?rest_route=\/wp\/v2\/product\/10421","targetHints":{"allow":["GET"]}}],"collection":[{"href":"https:\/\/astroshop.ma\/index.php?rest_route=\/wp\/v2\/product"}],"about":[{"href":"https:\/\/astroshop.ma\/index.php?rest_route=\/wp\/v2\/types\/product"}],"wp:featuredmedia":[{"embeddable":true,"href":"https:\/\/astroshop.ma\/index.php?rest_route=\/wp\/v2\/media\/10424"}],"wp:attachment":[{"href":"https:\/\/astroshop.ma\/index.php?rest_route=%2Fwp%2Fv2%2Fmedia&parent=10421"}],"wp:term":[{"taxonomy":"product_brand","embeddable":true,"href":"https:\/\/astroshop.ma\/index.php?rest_route=%2Fwp%2Fv2%2Fproduct_brand&post=10421"},{"taxonomy":"product_cat","embeddable":true,"href":"https:\/\/astroshop.ma\/index.php?rest_route=%2Fwp%2Fv2%2Fproduct_cat&post=10421"},{"taxonomy":"product_tag","embeddable":true,"href":"https:\/\/astroshop.ma\/index.php?rest_route=%2Fwp%2Fv2%2Fproduct_tag&post=10421"}],"curies":[{"name":"wp","href":"https:\/\/api.w.org\/{rel}","templated":true}]}}