{"id":10404,"date":"2025-04-17T11:18:05","date_gmt":"2025-04-17T11:18:05","guid":{"rendered":"https:\/\/astroshop.ma\/?post_type=product&#038;p=10404"},"modified":"2025-04-17T11:20:07","modified_gmt":"2025-04-17T11:20:07","slug":"celestron-upclose-g2-10-30x50-zoom-porro","status":"publish","type":"product","link":"https:\/\/astroshop.ma\/?product=celestron-upclose-g2-10-30x50-zoom-porro","title":{"rendered":"Celestron UpClose G2 10-30&#215;50 Zoom-Porro"},"content":{"rendered":"<table style=\"width: 100%; border-collapse: collapse; font-family: Arial, sans-serif;\">\n<thead>\n<tr style=\"background-color: #333; color: white;\">\n<th style=\"padding: 12px; text-align: left; font-size: 18px;\" colspan=\"2\">Sp\u00e9cifications<\/th>\n<\/tr>\n<\/thead>\n<tbody>\n<tr style=\"border-bottom: 1px solid #ddd;\">\n<td style=\"padding: 8px; width: 40%; font-weight: bold;\">Capacit\u00e9<\/td>\n<td style=\"padding: 8px;\"><\/td>\n<\/tr>\n<tr style=\"border-bottom: 1px solid #ddd;\">\n<td style=\"padding: 8px;\">Type de construction<\/td>\n<td style=\"padding: 8px;\">Prismes de porro<\/td>\n<\/tr>\n<tr style=\"border-bottom: 1px solid #ddd;\">\n<td style=\"padding: 8px;\">Grossissement<\/td>\n<td style=\"padding: 8px;\">30 (10-30)<\/td>\n<\/tr>\n<tr style=\"border-bottom: 1px solid #ddd;\">\n<td style=\"padding: 8px;\">Diam\u00e8tre de lentille frontale (mm)<\/td>\n<td style=\"padding: 8px;\">50<\/td>\n<\/tr>\n<tr style=\"border-bottom: 1px solid #ddd;\">\n<td style=\"padding: 8px;\">Pupille de sortie (mm)<\/td>\n<td style=\"padding: 8px;\">5,0 (1,7-5,0)<\/td>\n<\/tr>\n<tr style=\"border-bottom: 1px solid #ddd;\">\n<td style=\"padding: 8px;\">D\u00e9gagement oculaire (mm)<\/td>\n<td style=\"padding: 8px;\">15-20<\/td>\n<\/tr>\n<tr style=\"border-bottom: 1px solid #ddd;\">\n<td style=\"padding: 8px;\">Distance des pupilles (mm)<\/td>\n<td style=\"padding: 8px;\">56-72<\/td>\n<\/tr>\n<tr style=\"border-bottom: 1px solid #ddd;\">\n<td style=\"padding: 8px;\">Syst\u00e8me de mise au point<\/td>\n<td style=\"padding: 8px;\">Mise au point centrale<\/td>\n<\/tr>\n<tr style=\"border-bottom: 1px solid #ddd;\">\n<td style=\"padding: 8px;\">Mat\u00e9riau verre<\/td>\n<td style=\"padding: 8px;\">BK-7<\/td>\n<\/tr>\n<tr style=\"border-bottom: 1px solid #ddd;\">\n<td style=\"padding: 8px;\">Traitement lentille<\/td>\n<td style=\"padding: 8px;\">multiple<\/td>\n<\/tr>\n<tr style=\"border-bottom: 1px solid #ddd;\">\n<td style=\"padding: 8px;\">Bonnettes<\/td>\n<td style=\"padding: 8px;\">repliable<\/td>\n<\/tr>\n<tr style=\"border-bottom: 1px solid #ddd; background-color: #f5f5f5;\">\n<td style=\"padding: 8px; font-weight: bold;\">Particularit\u00e9s<\/td>\n<td style=\"padding: 8px;\"><\/td>\n<\/tr>\n<tr style=\"border-bottom: 1px solid #ddd;\">\n<td style=\"padding: 8px;\">Fonction zoom<\/td>\n<td style=\"padding: 8px;\">oui<\/td>\n<\/tr>\n<tr style=\"border-bottom: 1px solid #ddd;\">\n<td style=\"padding: 8px;\">T\u00e9l\u00e9m\u00e8tre<\/td>\n<td style=\"padding: 8px;\">&#8211;<\/td>\n<\/tr>\n<tr style=\"border-bottom: 1px solid #ddd;\">\n<td style=\"padding: 8px;\">Boussole<\/td>\n<td style=\"padding: 8px;\">&#8211;<\/td>\n<\/tr>\n<tr style=\"border-bottom: 1px solid #ddd;\">\n<td style=\"padding: 8px;\">Stabilisateur d&#8217;image<\/td>\n<td style=\"padding: 8px;\">&#8211;<\/td>\n<\/tr>\n<tr style=\"border-bottom: 1px solid #ddd;\">\n<td style=\"padding: 8px;\">Oculaires pour des porteurs de lunettes<\/td>\n<td style=\"padding: 8px;\">oui<\/td>\n<\/tr>\n<tr style=\"border-bottom: 1px solid #ddd;\">\n<td style=\"padding: 8px;\">Sac de protection<\/td>\n<td style=\"padding: 8px;\">oui<\/td>\n<\/tr>\n<tr style=\"border-bottom: 1px solid #ddd;\">\n<td style=\"padding: 8px;\">Raccord filet\u00e9 tr\u00e9pied<\/td>\n<td style=\"padding: 8px;\">oui<\/td>\n<\/tr>\n<tr style=\"border-bottom: 1px solid #ddd;\">\n<td style=\"padding: 8px;\">Etanche aux projections d&#8217;eau<\/td>\n<td style=\"padding: 8px;\">oui<\/td>\n<\/tr>\n<tr style=\"border-bottom: 1px solid #ddd;\">\n<td style=\"padding: 8px;\">\u00e9tanche<\/td>\n<td style=\"padding: 8px;\">non<\/td>\n<\/tr>\n<tr style=\"border-bottom: 1px solid #ddd;\">\n<td style=\"padding: 8px;\">Bouchon d&#8217;objectif<\/td>\n<td style=\"padding: 8px;\">&#8211;<\/td>\n<\/tr>\n<tr style=\"border-bottom: 1px solid #ddd;\">\n<td style=\"padding: 8px;\">protection d&#8217;oculaire<\/td>\n<td style=\"padding: 8px;\">&#8211;<\/td>\n<\/tr>\n<tr style=\"border-bottom: 1px solid #ddd;\">\n<td style=\"padding: 8px;\">Attache sangle<\/td>\n<td style=\"padding: 8px;\">Boucle de connexion large<\/td>\n<\/tr>\n<tr style=\"border-bottom: 1px solid #ddd; background-color: #f5f5f5;\">\n<td style=\"padding: 8px; font-weight: bold;\">Champ de vision<\/td>\n<td style=\"padding: 8px;\"><\/td>\n<\/tr>\n<tr style=\"border-bottom: 1px solid #ddd;\">\n<td style=\"padding: 8px;\">Champ de vision r\u00e9el (\u00b0)<\/td>\n<td style=\"padding: 8px;\">4,3 (2,2-4,3)<\/td>\n<\/tr>\n<tr style=\"border-bottom: 1px solid #ddd;\">\n<td style=\"padding: 8px;\">Champ visuel en 1000m (m)<\/td>\n<td style=\"padding: 8px;\">75 (38-75)<\/td>\n<\/tr>\n<tr style=\"border-bottom: 1px solid #ddd;\">\n<td style=\"padding: 8px;\">Limite de mise au point sur les objets rapproch\u00e9s (m)<\/td>\n<td style=\"padding: 8px;\">8 (8-14)<\/td>\n<\/tr>\n<tr style=\"border-bottom: 1px solid #ddd;\">\n<td style=\"padding: 8px;\">Luminosit\u00e9<\/td>\n<td style=\"padding: 8px;\">25 (2,8-25,0)<\/td>\n<\/tr>\n<tr style=\"border-bottom: 1px solid #ddd;\">\n<td style=\"padding: 8px;\">Facteur cr\u00e9pusculaire<\/td>\n<td style=\"padding: 8px;\">38,7 (22,4-38,7)<\/td>\n<\/tr>\n<tr style=\"border-bottom: 1px solid #ddd; background-color: #f5f5f5;\">\n<td style=\"padding: 8px; font-weight: bold;\">Donn\u00e9es g\u00e9n\u00e9rales<\/td>\n<td style=\"padding: 8px;\"><\/td>\n<\/tr>\n<tr style=\"border-bottom: 1px solid #ddd;\">\n<td style=\"padding: 8px;\">Materiel de la surface<\/td>\n<td style=\"padding: 8px;\">Gainage en caoutchouc<\/td>\n<\/tr>\n<tr style=\"border-bottom: 1px solid #ddd;\">\n<td style=\"padding: 8px;\">Couleur<\/td>\n<td style=\"padding: 8px;\">noir<\/td>\n<\/tr>\n<tr style=\"border-bottom: 1px solid #ddd;\">\n<td style=\"padding: 8px;\">Largeur (mm)<\/td>\n<td style=\"padding: 8px;\">160<\/td>\n<\/tr>\n<tr style=\"border-bottom: 1px solid #ddd;\">\n<td style=\"padding: 8px;\">Longueur (mm)<\/td>\n<td style=\"padding: 8px;\">185<\/td>\n<\/tr>\n<tr style=\"border-bottom: 1px solid #ddd;\">\n<td style=\"padding: 8px;\">Hauteur (mm)<\/td>\n<td style=\"padding: 8px;\">61<\/td>\n<\/tr>\n<tr style=\"border-bottom: 1px solid #ddd;\">\n<td style=\"padding: 8px;\">Poids (g)<\/td>\n<td style=\"padding: 8px;\">794<\/td>\n<\/tr>\n<tr>\n<td style=\"padding: 8px;\">S\u00e9rie<\/td>\n<td style=\"padding: 8px;\">UpClose G2<\/td>\n<\/tr>\n<\/tbody>\n<\/table>\n","protected":false},"excerpt":{"rendered":"<p><img loading=\"lazy\" decoding=\"async\" class=\"alignnone size-full wp-image-10222\" src=\"https:\/\/astroshop.ma\/wp-content\/uploads\/2025\/01\/Celestron.jpg\" alt=\"\" width=\"300\" height=\"150\" srcset=\"https:\/\/astroshop.ma\/wp-content\/uploads\/2025\/01\/Celestron.jpg 300w, https:\/\/astroshop.ma\/wp-content\/uploads\/2025\/01\/Celestron-64x32.jpg 64w\" sizes=\"auto, (max-width: 300px) 100vw, 300px\" \/><\/p>\n<div class=\"display-flex fd-column\">\n<div id=\"description\" class=\"cnt-text-box\">\n<h2 class=\"hdl-01\">Description du produit<\/h2>\n<div class=\"text-justify\">\n<p>&nbsp;<\/p>\n<div>\n<p>Voici les\u00a0<b>jumelles UpClose &#8211; G2<\/b>. Elles offrent quelque chose pour chacun, que ce soit lors de manifestations sportives, en vacances, dans l&#8217;observation de la nature et de la faune ou lors de nombreuses autres activit\u00e9s. Elles sont disponibles dans des tailles et des grossissements les plus populaires et abordables pour tout le monde. Pour leur protection et une bonne adh\u00e9rence toutes les\u00a0<b>jumelles UpClose &#8211; G2<\/b>\u00a0ont un rev\u00eatement en caoutchouc textur\u00e9. Et pour obtenir une image claire et nette au contraste \u00e9lev\u00e9 elles sont toutes trait\u00e9es multicouches.<\/p>\n<p>&nbsp;<\/p>\n<p><b>Des jumelles classiques!<\/b><\/p>\n<p>De l&#8217;observation de la nature jusqu&#8217;au suivi de courses automobiles, vos\u00a0<b>jumelles UpClose &#8211; G2<\/b>\u00a0r\u00e9pondront aux exigences les plus \u00e9lev\u00e9es. La s\u00e9rie\u00a0<b>UpClose &#8211; G2<\/b>\u00a0comprend 5 jumelles classiques \u00e0 prismes de Porro , dont un mod\u00e8le avec zoom, pour des prix abordables.<\/p>\n<p>Les<b>\u00a0jumelles UpClose &#8211; G2<\/b>\u00a0<b>Porro<\/b>\u00a0se distinguent par leur solidit\u00e9, elles ont une grande molette cannel\u00e9e centrale pour la mise au point pour une focalisation douce et pr\u00e9cise et un ajustement dioptrique sur l&#8217;oculaire droit pour l&#8217;adaptation pr\u00e9cise aux diff\u00e9rentes acuit\u00e9s visuelles des deux yeux.<\/p>\n<p>Le mod\u00e8le de\u00a0<b>prisme en toit<\/b>\u00a0est si compact qu&#8217;il tient dans chaque poche, sac \u00e0 dos ou la bo\u00eete \u00e0 gants et est ainsi, toujours \u00e0 port\u00e9e de main .<\/p>\n<\/div>\n<\/div>\n<\/div>\n<div class=\"gtc-container gtc-container-hidden\" data-action=\"gtc-container\">\n<div class=\"gtc-gradient gtc-gradient-hidden\" data-action=\"gtc-btn\">\n<div class=\"gtc-text classic-link\">\n<div data-action=\"gtc-text\" data-gtcid=\"accessories\"><\/div>\n<\/div>\n<\/div>\n<\/div>\n<\/div>\n<div class=\"display-flex fd-column hide-below-bp2\">\n<div class=\"cnt-text-box\">\n<div class=\"pad-8\">\n<div class=\"cursor-zoomin\" data-type=\"btn-js\" data-action=\"opengallery-0\"><img decoding=\"async\" src=\"https:\/\/www.astroshop.de\/Produktbilder\/big\/44884_1.jpg\" alt=\"Celestron UpClose G2 10-30x50 Zoom-Porro\" \/><\/div>\n<\/div>\n<\/div>\n<\/div>\n","protected":false},"featured_media":10406,"template":"","meta":{"_editorskit_title_hidden":false,"_editorskit_reading_time":0,"_editorskit_is_block_options_detached":false,"_editorskit_block_options_position":"{}","_coblocks_attr":"","_coblocks_dimensions":"","_coblocks_responsive_height":"","_coblocks_accordion_ie_support":"","_crdt_document":"","_monsterinsights_skip_tracking":false,"_monsterinsights_sitenote_active":false,"_monsterinsights_sitenote_note":"","_monsterinsights_sitenote_category":0},"product_brand":[],"product_cat":[24],"product_tag":[],"class_list":{"0":"post-10404","1":"product","2":"type-product","3":"status-publish","4":"has-post-thumbnail","6":"product_cat-binoculars","8":"first","9":"instock","10":"shipping-taxable","11":"purchasable","12":"product-type-simple"},"yoast_head":"<!-- This site is optimized with the Yoast SEO plugin v27.4 - https:\/\/yoast.com\/product\/yoast-seo-wordpress\/ -->\n<title>Celestron UpClose G2 10-30x50 Zoom-Porro - Astroshop Maroc<\/title>\n<meta name=\"robots\" content=\"index, follow, max-snippet:-1, max-image-preview:large, max-video-preview:-1\" \/>\n<link rel=\"canonical\" href=\"https:\/\/astroshop.ma\/?product=celestron-upclose-g2-10-30x50-zoom-porro\" \/>\n<meta property=\"og:locale\" content=\"en_US\" \/>\n<meta property=\"og:type\" content=\"article\" \/>\n<meta property=\"og:title\" content=\"Celestron UpClose G2 10-30x50 Zoom-Porro - Astroshop Maroc\" \/>\n<meta property=\"og:description\" content=\"Description du produit   &nbsp;   Voici les\u00a0jumelles UpClose - G2. Elles offrent quelque chose pour chacun, que ce soit lors de manifestations sportives, en vacances, dans l&#039;observation de la nature et de la faune ou lors de nombreuses autres activit\u00e9s. Elles sont disponibles dans des tailles et des grossissements les plus populaires et abordables pour tout le monde. Pour leur protection et une bonne adh\u00e9rence toutes les\u00a0jumelles UpClose - G2\u00a0ont un rev\u00eatement en caoutchouc textur\u00e9. Et pour obtenir une image claire et nette au contraste \u00e9lev\u00e9 elles sont toutes trait\u00e9es multicouches.  &nbsp;  Des jumelles classiques!  De l&#039;observation de la nature jusqu&#039;au suivi de courses automobiles, vos\u00a0jumelles UpClose - G2\u00a0r\u00e9pondront aux exigences les plus \u00e9lev\u00e9es. La s\u00e9rie\u00a0UpClose - G2\u00a0comprend 5 jumelles classiques \u00e0 prismes de Porro , dont un mod\u00e8le avec zoom, pour des prix abordables.  Les\u00a0jumelles UpClose - G2\u00a0Porro\u00a0se distinguent par leur solidit\u00e9, elles ont une grande molette cannel\u00e9e centrale pour la mise au point pour une focalisation douce et pr\u00e9cise et un ajustement dioptrique sur l&#039;oculaire droit pour l&#039;adaptation pr\u00e9cise aux diff\u00e9rentes acuit\u00e9s visuelles des deux yeux.  Le mod\u00e8le de\u00a0prisme en toit\u00a0est si compact qu&#039;il tient dans chaque poche, sac \u00e0 dos ou la bo\u00eete \u00e0 gants et est ainsi, toujours \u00e0 port\u00e9e de main .\" \/>\n<meta property=\"og:url\" content=\"https:\/\/astroshop.ma\/?product=celestron-upclose-g2-10-30x50-zoom-porro\" \/>\n<meta property=\"og:site_name\" content=\"Astroshop Maroc\" \/>\n<meta property=\"article:modified_time\" content=\"2025-04-17T11:20:07+00:00\" \/>\n<meta property=\"og:image\" content=\"https:\/\/astroshop.ma\/wp-content\/uploads\/2025\/04\/050234712606_UpClose_G2_10_30x50_Zoom_Porro_Box_71260_1_570x380@2x.webp\" \/>\n\t<meta property=\"og:image:width\" content=\"760\" \/>\n\t<meta property=\"og:image:height\" content=\"760\" \/>\n\t<meta property=\"og:image:type\" content=\"image\/webp\" \/>\n<meta name=\"twitter:card\" content=\"summary_large_image\" \/>\n<meta name=\"twitter:label1\" content=\"Est. reading time\" \/>\n\t<meta name=\"twitter:data1\" content=\"1 minute\" \/>\n<script type=\"application\/ld+json\" class=\"yoast-schema-graph\">{\"@context\":\"https:\\\/\\\/schema.org\",\"@graph\":[{\"@type\":\"WebPage\",\"@id\":\"https:\\\/\\\/astroshop.ma\\\/?product=celestron-upclose-g2-10-30x50-zoom-porro\",\"url\":\"https:\\\/\\\/astroshop.ma\\\/?product=celestron-upclose-g2-10-30x50-zoom-porro\",\"name\":\"Celestron UpClose G2 10-30x50 Zoom-Porro - Astroshop Maroc\",\"isPartOf\":{\"@id\":\"https:\\\/\\\/astroshop.ma\\\/#website\"},\"primaryImageOfPage\":{\"@id\":\"https:\\\/\\\/astroshop.ma\\\/?product=celestron-upclose-g2-10-30x50-zoom-porro#primaryimage\"},\"image\":{\"@id\":\"https:\\\/\\\/astroshop.ma\\\/?product=celestron-upclose-g2-10-30x50-zoom-porro#primaryimage\"},\"thumbnailUrl\":\"https:\\\/\\\/astroshop.ma\\\/wp-content\\\/uploads\\\/2025\\\/04\\\/050234712606_UpClose_G2_10_30x50_Zoom_Porro_Box_71260_1_570x380@2x.webp\",\"datePublished\":\"2025-04-17T11:18:05+00:00\",\"dateModified\":\"2025-04-17T11:20:07+00:00\",\"breadcrumb\":{\"@id\":\"https:\\\/\\\/astroshop.ma\\\/?product=celestron-upclose-g2-10-30x50-zoom-porro#breadcrumb\"},\"inLanguage\":\"en-US\",\"potentialAction\":[{\"@type\":\"ReadAction\",\"target\":[\"https:\\\/\\\/astroshop.ma\\\/?product=celestron-upclose-g2-10-30x50-zoom-porro\"]}]},{\"@type\":\"ImageObject\",\"inLanguage\":\"en-US\",\"@id\":\"https:\\\/\\\/astroshop.ma\\\/?product=celestron-upclose-g2-10-30x50-zoom-porro#primaryimage\",\"url\":\"https:\\\/\\\/astroshop.ma\\\/wp-content\\\/uploads\\\/2025\\\/04\\\/050234712606_UpClose_G2_10_30x50_Zoom_Porro_Box_71260_1_570x380@2x.webp\",\"contentUrl\":\"https:\\\/\\\/astroshop.ma\\\/wp-content\\\/uploads\\\/2025\\\/04\\\/050234712606_UpClose_G2_10_30x50_Zoom_Porro_Box_71260_1_570x380@2x.webp\",\"width\":760,\"height\":760},{\"@type\":\"BreadcrumbList\",\"@id\":\"https:\\\/\\\/astroshop.ma\\\/?product=celestron-upclose-g2-10-30x50-zoom-porro#breadcrumb\",\"itemListElement\":[{\"@type\":\"ListItem\",\"position\":1,\"name\":\"Home\",\"item\":\"https:\\\/\\\/astroshop.ma\\\/\"},{\"@type\":\"ListItem\",\"position\":2,\"name\":\"Shop\",\"item\":\"https:\\\/\\\/astroshop.ma\\\/?page_id=394\"},{\"@type\":\"ListItem\",\"position\":3,\"name\":\"Celestron UpClose G2 10-30&#215;50 Zoom-Porro\"}]},{\"@type\":\"WebSite\",\"@id\":\"https:\\\/\\\/astroshop.ma\\\/#website\",\"url\":\"https:\\\/\\\/astroshop.ma\\\/\",\"name\":\"Astroshop Maroc\",\"description\":\"Des instruments astronomiques pour chaque astronome au Maroc\",\"publisher\":{\"@id\":\"https:\\\/\\\/astroshop.ma\\\/#organization\"},\"potentialAction\":[{\"@type\":\"SearchAction\",\"target\":{\"@type\":\"EntryPoint\",\"urlTemplate\":\"https:\\\/\\\/astroshop.ma\\\/?s={search_term_string}\"},\"query-input\":{\"@type\":\"PropertyValueSpecification\",\"valueRequired\":true,\"valueName\":\"search_term_string\"}}],\"inLanguage\":\"en-US\"},{\"@type\":\"Organization\",\"@id\":\"https:\\\/\\\/astroshop.ma\\\/#organization\",\"name\":\"Astroshop Maroc\",\"url\":\"https:\\\/\\\/astroshop.ma\\\/\",\"logo\":{\"@type\":\"ImageObject\",\"inLanguage\":\"en-US\",\"@id\":\"https:\\\/\\\/astroshop.ma\\\/#\\\/schema\\\/logo\\\/image\\\/\",\"url\":\"https:\\\/\\\/astroshop.ma\\\/wp-content\\\/uploads\\\/2025\\\/12\\\/M20_Logo_1.jpg\",\"contentUrl\":\"https:\\\/\\\/astroshop.ma\\\/wp-content\\\/uploads\\\/2025\\\/12\\\/M20_Logo_1.jpg\",\"width\":501,\"height\":334,\"caption\":\"Astroshop Maroc\"},\"image\":{\"@id\":\"https:\\\/\\\/astroshop.ma\\\/#\\\/schema\\\/logo\\\/image\\\/\"}}]}<\/script>\n<!-- \/ Yoast SEO plugin. -->","yoast_head_json":{"title":"Celestron UpClose G2 10-30x50 Zoom-Porro - Astroshop Maroc","robots":{"index":"index","follow":"follow","max-snippet":"max-snippet:-1","max-image-preview":"max-image-preview:large","max-video-preview":"max-video-preview:-1"},"canonical":"https:\/\/astroshop.ma\/?product=celestron-upclose-g2-10-30x50-zoom-porro","og_locale":"en_US","og_type":"article","og_title":"Celestron UpClose G2 10-30x50 Zoom-Porro - Astroshop Maroc","og_description":"Description du produit   &nbsp;   Voici les\u00a0jumelles UpClose - G2. Elles offrent quelque chose pour chacun, que ce soit lors de manifestations sportives, en vacances, dans l'observation de la nature et de la faune ou lors de nombreuses autres activit\u00e9s. Elles sont disponibles dans des tailles et des grossissements les plus populaires et abordables pour tout le monde. Pour leur protection et une bonne adh\u00e9rence toutes les\u00a0jumelles UpClose - G2\u00a0ont un rev\u00eatement en caoutchouc textur\u00e9. Et pour obtenir une image claire et nette au contraste \u00e9lev\u00e9 elles sont toutes trait\u00e9es multicouches.  &nbsp;  Des jumelles classiques!  De l'observation de la nature jusqu'au suivi de courses automobiles, vos\u00a0jumelles UpClose - G2\u00a0r\u00e9pondront aux exigences les plus \u00e9lev\u00e9es. La s\u00e9rie\u00a0UpClose - G2\u00a0comprend 5 jumelles classiques \u00e0 prismes de Porro , dont un mod\u00e8le avec zoom, pour des prix abordables.  Les\u00a0jumelles UpClose - G2\u00a0Porro\u00a0se distinguent par leur solidit\u00e9, elles ont une grande molette cannel\u00e9e centrale pour la mise au point pour une focalisation douce et pr\u00e9cise et un ajustement dioptrique sur l'oculaire droit pour l'adaptation pr\u00e9cise aux diff\u00e9rentes acuit\u00e9s visuelles des deux yeux.  Le mod\u00e8le de\u00a0prisme en toit\u00a0est si compact qu'il tient dans chaque poche, sac \u00e0 dos ou la bo\u00eete \u00e0 gants et est ainsi, toujours \u00e0 port\u00e9e de main .","og_url":"https:\/\/astroshop.ma\/?product=celestron-upclose-g2-10-30x50-zoom-porro","og_site_name":"Astroshop Maroc","article_modified_time":"2025-04-17T11:20:07+00:00","og_image":[{"width":760,"height":760,"url":"https:\/\/astroshop.ma\/wp-content\/uploads\/2025\/04\/050234712606_UpClose_G2_10_30x50_Zoom_Porro_Box_71260_1_570x380@2x.webp","type":"image\/webp"}],"twitter_card":"summary_large_image","twitter_misc":{"Est. reading time":"1 minute"},"schema":{"@context":"https:\/\/schema.org","@graph":[{"@type":"WebPage","@id":"https:\/\/astroshop.ma\/?product=celestron-upclose-g2-10-30x50-zoom-porro","url":"https:\/\/astroshop.ma\/?product=celestron-upclose-g2-10-30x50-zoom-porro","name":"Celestron UpClose G2 10-30x50 Zoom-Porro - Astroshop Maroc","isPartOf":{"@id":"https:\/\/astroshop.ma\/#website"},"primaryImageOfPage":{"@id":"https:\/\/astroshop.ma\/?product=celestron-upclose-g2-10-30x50-zoom-porro#primaryimage"},"image":{"@id":"https:\/\/astroshop.ma\/?product=celestron-upclose-g2-10-30x50-zoom-porro#primaryimage"},"thumbnailUrl":"https:\/\/astroshop.ma\/wp-content\/uploads\/2025\/04\/050234712606_UpClose_G2_10_30x50_Zoom_Porro_Box_71260_1_570x380@2x.webp","datePublished":"2025-04-17T11:18:05+00:00","dateModified":"2025-04-17T11:20:07+00:00","breadcrumb":{"@id":"https:\/\/astroshop.ma\/?product=celestron-upclose-g2-10-30x50-zoom-porro#breadcrumb"},"inLanguage":"en-US","potentialAction":[{"@type":"ReadAction","target":["https:\/\/astroshop.ma\/?product=celestron-upclose-g2-10-30x50-zoom-porro"]}]},{"@type":"ImageObject","inLanguage":"en-US","@id":"https:\/\/astroshop.ma\/?product=celestron-upclose-g2-10-30x50-zoom-porro#primaryimage","url":"https:\/\/astroshop.ma\/wp-content\/uploads\/2025\/04\/050234712606_UpClose_G2_10_30x50_Zoom_Porro_Box_71260_1_570x380@2x.webp","contentUrl":"https:\/\/astroshop.ma\/wp-content\/uploads\/2025\/04\/050234712606_UpClose_G2_10_30x50_Zoom_Porro_Box_71260_1_570x380@2x.webp","width":760,"height":760},{"@type":"BreadcrumbList","@id":"https:\/\/astroshop.ma\/?product=celestron-upclose-g2-10-30x50-zoom-porro#breadcrumb","itemListElement":[{"@type":"ListItem","position":1,"name":"Home","item":"https:\/\/astroshop.ma\/"},{"@type":"ListItem","position":2,"name":"Shop","item":"https:\/\/astroshop.ma\/?page_id=394"},{"@type":"ListItem","position":3,"name":"Celestron UpClose G2 10-30&#215;50 Zoom-Porro"}]},{"@type":"WebSite","@id":"https:\/\/astroshop.ma\/#website","url":"https:\/\/astroshop.ma\/","name":"Astroshop Maroc","description":"Des instruments astronomiques pour chaque astronome au Maroc","publisher":{"@id":"https:\/\/astroshop.ma\/#organization"},"potentialAction":[{"@type":"SearchAction","target":{"@type":"EntryPoint","urlTemplate":"https:\/\/astroshop.ma\/?s={search_term_string}"},"query-input":{"@type":"PropertyValueSpecification","valueRequired":true,"valueName":"search_term_string"}}],"inLanguage":"en-US"},{"@type":"Organization","@id":"https:\/\/astroshop.ma\/#organization","name":"Astroshop Maroc","url":"https:\/\/astroshop.ma\/","logo":{"@type":"ImageObject","inLanguage":"en-US","@id":"https:\/\/astroshop.ma\/#\/schema\/logo\/image\/","url":"https:\/\/astroshop.ma\/wp-content\/uploads\/2025\/12\/M20_Logo_1.jpg","contentUrl":"https:\/\/astroshop.ma\/wp-content\/uploads\/2025\/12\/M20_Logo_1.jpg","width":501,"height":334,"caption":"Astroshop Maroc"},"image":{"@id":"https:\/\/astroshop.ma\/#\/schema\/logo\/image\/"}}]}},"_links":{"self":[{"href":"https:\/\/astroshop.ma\/index.php?rest_route=\/wp\/v2\/product\/10404","targetHints":{"allow":["GET"]}}],"collection":[{"href":"https:\/\/astroshop.ma\/index.php?rest_route=\/wp\/v2\/product"}],"about":[{"href":"https:\/\/astroshop.ma\/index.php?rest_route=\/wp\/v2\/types\/product"}],"wp:featuredmedia":[{"embeddable":true,"href":"https:\/\/astroshop.ma\/index.php?rest_route=\/wp\/v2\/media\/10406"}],"wp:attachment":[{"href":"https:\/\/astroshop.ma\/index.php?rest_route=%2Fwp%2Fv2%2Fmedia&parent=10404"}],"wp:term":[{"taxonomy":"product_brand","embeddable":true,"href":"https:\/\/astroshop.ma\/index.php?rest_route=%2Fwp%2Fv2%2Fproduct_brand&post=10404"},{"taxonomy":"product_cat","embeddable":true,"href":"https:\/\/astroshop.ma\/index.php?rest_route=%2Fwp%2Fv2%2Fproduct_cat&post=10404"},{"taxonomy":"product_tag","embeddable":true,"href":"https:\/\/astroshop.ma\/index.php?rest_route=%2Fwp%2Fv2%2Fproduct_tag&post=10404"}],"curies":[{"name":"wp","href":"https:\/\/api.w.org\/{rel}","templated":true}]}}