{"id":10362,"date":"2025-01-25T13:25:27","date_gmt":"2025-01-25T13:25:27","guid":{"rendered":"https:\/\/astroshop.ma\/?post_type=product&#038;p=10362"},"modified":"2025-01-25T13:27:52","modified_gmt":"2025-01-25T13:27:52","slug":"motic-microscope-b1-220e-sp-bino-40x-400x","status":"publish","type":"product","link":"https:\/\/astroshop.ma\/?product=motic-microscope-b1-220e-sp-bino-40x-400x","title":{"rendered":"Motic Microscope B1-220E-SP, Bino, 40x &#8211; 400x"},"content":{"rendered":"<table style=\"width: 100%; border-collapse: collapse; font-family: Arial, sans-serif; color: #333;\">\n<thead>\n<tr style=\"background-color: #f2f2f2;\">\n<th style=\"padding: 12px; border: 1px solid #ddd; text-align: left; font-size: 18px;\" colspan=\"2\">Sp\u00e9cifications<\/th>\n<\/tr>\n<\/thead>\n<tbody>\n<tr>\n<td style=\"padding: 12px; border: 1px solid #ddd; background-color: #f9f9f9; font-weight: bold;\" colspan=\"2\">Optique<\/td>\n<\/tr>\n<tr>\n<td style=\"padding: 12px; border: 1px solid #ddd; width: 30%;\">Syst\u00e8me optique<\/td>\n<td style=\"padding: 12px; border: 1px solid #ddd;\">DIN (160mm)<\/td>\n<\/tr>\n<tr>\n<td style=\"padding: 12px; border: 1px solid #ddd;\">Grossissement<\/td>\n<td style=\"padding: 12px; border: 1px solid #ddd;\">40-400<\/td>\n<\/tr>\n<tr>\n<td style=\"padding: 12px; border: 1px solid #ddd;\">Oculaire<\/td>\n<td style=\"padding: 12px; border: 1px solid #ddd;\">WF 10x\/18 (Oculaire inclin\u00e9 \u00e0 45\u00b0, tournant sur 360\u00b0)<\/td>\n<\/tr>\n<tr>\n<td style=\"padding: 12px; border: 1px solid #ddd;\">Objectif 1<\/td>\n<td style=\"padding: 12px; border: 1px solid #ddd;\">4x\/0.10 wd:17.9mm<\/td>\n<\/tr>\n<tr>\n<td style=\"padding: 12px; border: 1px solid #ddd;\">Objectif 2<\/td>\n<td style=\"padding: 12px; border: 1px solid #ddd;\">10x\/0.25 wd:5.3mm<\/td>\n<\/tr>\n<tr>\n<td style=\"padding: 12px; border: 1px solid #ddd;\">Objectif 3<\/td>\n<td style=\"padding: 12px; border: 1px solid #ddd;\">40x\/0.65\/S wd:0.61mm<\/td>\n<\/tr>\n<tr>\n<td style=\"padding: 12px; border: 1px solid #ddd;\">Type de l&#8217;objectif<\/td>\n<td style=\"padding: 12px; border: 1px solid #ddd;\">Semi-Plan Achromatique corrig\u00e9 \u00e0 l&#8217;infini<\/td>\n<\/tr>\n<tr>\n<td style=\"padding: 12px; border: 1px solid #ddd;\">Condenseur<\/td>\n<td style=\"padding: 12px; border: 1px solid #ddd;\">Abbe 1,25 N.A., mise au point et diaphragme \u00e0 iris<\/td>\n<\/tr>\n<tr>\n<td style=\"padding: 12px; border: 1px solid #ddd; background-color: #f9f9f9; font-weight: bold;\" colspan=\"2\">\u00c9clairage<\/td>\n<\/tr>\n<tr>\n<td style=\"padding: 12px; border: 1px solid #ddd;\">Type de lampe<\/td>\n<td style=\"padding: 12px; border: 1px solid #ddd;\">LED<\/td>\n<\/tr>\n<tr>\n<td style=\"padding: 12px; border: 1px solid #ddd;\">Lumi\u00e8re transmise<\/td>\n<td style=\"padding: 12px; border: 1px solid #ddd;\">Oui<\/td>\n<\/tr>\n<tr>\n<td style=\"padding: 12px; border: 1px solid #ddd;\">Alimentation \u00e9lectrique<\/td>\n<td style=\"padding: 12px; border: 1px solid #ddd;\">100-240V, prise VDE (CE)<\/td>\n<\/tr>\n<tr>\n<td style=\"padding: 12px; border: 1px solid #ddd;\">Commande de luminosit\u00e9<\/td>\n<td style=\"padding: 12px; border: 1px solid #ddd;\">Oui<\/td>\n<\/tr>\n<tr>\n<td style=\"padding: 12px; border: 1px solid #ddd;\">Fond clair<\/td>\n<td style=\"padding: 12px; border: 1px solid #ddd;\">Oui<\/td>\n<\/tr>\n<tr>\n<td style=\"padding: 12px; border: 1px solid #ddd; background-color: #f9f9f9; font-weight: bold;\" colspan=\"2\">Syst\u00e8me m\u00e9canique<\/td>\n<\/tr>\n<tr>\n<td style=\"padding: 12px; border: 1px solid #ddd;\">Mise au point<\/td>\n<td style=\"padding: 12px; border: 1px solid #ddd;\">Mouvement rapide \/ fin<\/td>\n<\/tr>\n<tr>\n<td style=\"padding: 12px; border: 1px solid #ddd;\">Posture d&#8217;observation (\u00b0)<\/td>\n<td style=\"padding: 12px; border: 1px solid #ddd;\">45<\/td>\n<\/tr>\n<tr>\n<td style=\"padding: 12px; border: 1px solid #ddd;\">Platine porte-objet<\/td>\n<td style=\"padding: 12px; border: 1px solid #ddd;\">Standard<\/td>\n<\/tr>\n<tr>\n<td style=\"padding: 12px; border: 1px solid #ddd;\">Revolver<\/td>\n<td style=\"padding: 12px; border: 1px solid #ddd;\">4<\/td>\n<\/tr>\n<tr>\n<td style=\"padding: 12px; border: 1px solid #ddd;\">Type de construction<\/td>\n<td style=\"padding: 12px; border: 1px solid #ddd;\">Binoculaire<\/td>\n<\/tr>\n<tr>\n<td style=\"padding: 12px; border: 1px solid #ddd; background-color: #f9f9f9; font-weight: bold;\" colspan=\"2\">Particularit\u00e9s<\/td>\n<\/tr>\n<tr>\n<td style=\"padding: 12px; border: 1px solid #ddd;\">Sac de protection contre la poussi\u00e8re<\/td>\n<td style=\"padding: 12px; border: 1px solid #ddd;\">Oui<\/td>\n<\/tr>\n<tr>\n<td style=\"padding: 12px; border: 1px solid #ddd;\">Aliment\u00e9 par accu<\/td>\n<td style=\"padding: 12px; border: 1px solid #ddd;\">Non<\/td>\n<\/tr>\n<tr>\n<td style=\"padding: 12px; border: 1px solid #ddd; background-color: #f9f9f9; font-weight: bold;\" colspan=\"2\">Donn\u00e9es g\u00e9n\u00e9rales<\/td>\n<\/tr>\n<tr>\n<td style=\"padding: 12px; border: 1px solid #ddd;\">Couleur<\/td>\n<td style=\"padding: 12px; border: 1px solid #ddd;\">Blanc \/ Gris<\/td>\n<\/tr>\n<tr>\n<td style=\"padding: 12px; border: 1px solid #ddd;\">Utilisable de&#8230;<\/td>\n<td style=\"padding: 12px; border: 1px solid #ddd;\">9 ans et plus<\/td>\n<\/tr>\n<tr>\n<td style=\"padding: 12px; border: 1px solid #ddd;\">Poids (g)<\/td>\n<td style=\"padding: 12px; border: 1px solid #ddd;\">6800<\/td>\n<\/tr>\n<tr>\n<td style=\"padding: 12px; border: 1px solid #ddd;\">Hauteur (mm)<\/td>\n<td style=\"padding: 12px; border: 1px solid #ddd;\">380<\/td>\n<\/tr>\n<tr>\n<td style=\"padding: 12px; border: 1px solid #ddd;\">Longueur (mm)<\/td>\n<td style=\"padding: 12px; border: 1px solid #ddd;\">245<\/td>\n<\/tr>\n<tr>\n<td style=\"padding: 12px; border: 1px solid #ddd;\">Largeur (mm)<\/td>\n<td style=\"padding: 12px; border: 1px solid #ddd;\">190<\/td>\n<\/tr>\n<tr>\n<td style=\"padding: 12px; border: 1px solid #ddd;\">S\u00e9rie<\/td>\n<td style=\"padding: 12px; border: 1px solid #ddd;\">B1 Elite<\/td>\n<\/tr>\n<tr>\n<td style=\"padding: 12px; border: 1px solid #ddd; background-color: #f9f9f9; font-weight: bold;\" colspan=\"2\">Domaine d&#8217;expertise<\/td>\n<\/tr>\n<tr>\n<td style=\"padding: 12px; border: 1px solid #ddd;\">Hobby<\/td>\n<td style=\"padding: 12px; border: 1px solid #ddd;\">Oui<\/td>\n<\/tr>\n<tr>\n<td style=\"padding: 12px; border: 1px solid #ddd;\">Enseignement<\/td>\n<td style=\"padding: 12px; border: 1px solid #ddd;\">Oui<\/td>\n<\/tr>\n<tr>\n<td style=\"padding: 12px; border: 1px solid #ddd; background-color: #f9f9f9; font-weight: bold;\" colspan=\"2\">Divers<\/td>\n<\/tr>\n<tr>\n<td style=\"padding: 12px; border: 1px solid #ddd;\">R\u00e9f\u00e9rence fournisseur<\/td>\n<td style=\"padding: 12px; border: 1px solid #ddd;\">1100100501157<\/td>\n<\/tr>\n<\/tbody>\n<\/table>\n","protected":false},"excerpt":{"rendered":"<p><img loading=\"lazy\" decoding=\"async\" class=\"alignnone size-full wp-image-10310\" src=\"https:\/\/astroshop.ma\/wp-content\/uploads\/2025\/01\/Motic.jpg\" alt=\"\" width=\"300\" height=\"150\" srcset=\"https:\/\/astroshop.ma\/wp-content\/uploads\/2025\/01\/Motic.jpg 300w, https:\/\/astroshop.ma\/wp-content\/uploads\/2025\/01\/Motic-64x32.jpg 64w\" sizes=\"auto, (max-width: 300px) 100vw, 300px\" \/><\/p>\n<p>&nbsp;<\/p>\n<form id=\"cart-form\" action=\"https:\/\/www.astroshop.de\/fr\/cart\" method=\"post\">\n<div class=\"display-flex fd-row fw-wrap\">\n<div class=\"display-flex fd-column\">\n<div id=\"description\" class=\"cnt-text-box\">\n<h2 class=\"hdl-01\">Description du produit<\/h2>\n<div class=\"text-justify\">\n<p>&nbsp;<\/p>\n<\/div>\n<\/div>\n<div class=\"gtc-container\" data-action=\"gtc-container\">\n<div class=\"gtc-gradient gtc-gradient-visible\" data-action=\"gtc-btn\">\n<div class=\"gtc-text classic-link\"><\/div>\n<\/div>\n<\/div>\n<div id=\"downloads\">\n<h2 class=\"hdl-01\">T\u00e9l\u00e9chargements<\/h2>\n<div class=\"display-flex fw-wrap\"><a class=\"display-flex ai-center mar-32r\" href=\"https:\/\/www.astroshop.de\/Produktdownloads\/76063_1-10_200_B1_ELITE_CA_EN.pdf\" target=\"_blank\" rel=\"noopener\"><img decoding=\"async\" class=\"mar-8r pad-4v\" src=\"https:\/\/www.astroshop.de\/img2601c40e6\/acrobat-logo.jpg\" alt=\"\" \/>Catalogue (en)<\/a><\/div>\n<\/div>\n<\/div>\n<\/div>\n<div><\/div>\n<div class=\"display-flex fd-row fw-wrap\">\n<div class=\"display-flex fd-column\">\n<div class=\"gtc-container gtc-container-hidden\" data-action=\"gtc-container\">\n<div data-action=\"gtc-text\" data-gtcid=\"accessories\"><\/div>\n<\/div>\n<\/div>\n<div class=\"display-flex fd-column hide-below-bp2\">\n<div class=\"cnt-text-box\">\n<div class=\"pad-8\">\n<div class=\"cursor-zoomin\" data-type=\"btn-js\" data-action=\"opengallery-0\"><img decoding=\"async\" src=\"https:\/\/www.astroshop.de\/Produktbilder\/big\/76062_1.jpg\" alt=\"Microscope Motic B1-220E-SP, Bino, 40x - 400x\" \/><\/div>\n<\/div>\n<div class=\"pad-8\">\n<div class=\"cursor-zoomin\" data-type=\"btn-js\" data-action=\"opengallery-1\"><img decoding=\"async\" src=\"https:\/\/www.astroshop.de\/Produktbilder\/big\/76062_2.jpg\" alt=\"Microscope Motic B1-220E-SP, Bino, 40x - 400x\" \/><\/div>\n<\/div>\n<div class=\"pad-8\">\n<div class=\"cursor-zoomin\" data-type=\"btn-js\" data-action=\"opengallery-2\"><img decoding=\"async\" src=\"https:\/\/www.astroshop.de\/Produktbilder\/big\/76062_3.jpg\" alt=\"Microscope Motic B1-220E-SP, Bino, 40x - 400x\" \/><\/div>\n<\/div>\n<div class=\"pad-8\">\n<div class=\"cursor-zoomin\" data-type=\"btn-js\" data-action=\"opengallery-3\"><img decoding=\"async\" src=\"https:\/\/www.astroshop.de\/Produktbilder\/big\/76062_4.jpg\" alt=\"Microscope Motic B1-220E-SP, Bino, 40x - 400x\" \/><\/div>\n<\/div>\n<\/div>\n<\/div>\n<\/div>\n<\/form>\n<div id=\"reviews\">\n<p class=\"note\">\n<\/div>\n","protected":false},"featured_media":10363,"template":"","meta":{"_editorskit_title_hidden":false,"_editorskit_reading_time":0,"_editorskit_is_block_options_detached":false,"_editorskit_block_options_position":"{}","_coblocks_attr":"","_coblocks_dimensions":"","_coblocks_responsive_height":"","_coblocks_accordion_ie_support":"","_crdt_document":"","_monsterinsights_skip_tracking":false,"_monsterinsights_sitenote_active":false,"_monsterinsights_sitenote_note":"","_monsterinsights_sitenote_category":0},"product_brand":[],"product_cat":[28],"product_tag":[],"class_list":{"0":"post-10362","1":"product","2":"type-product","3":"status-publish","4":"has-post-thumbnail","6":"product_cat-microscopes","8":"first","9":"instock","10":"shipping-taxable","11":"purchasable","12":"product-type-simple"},"yoast_head":"<!-- This site is optimized with the Yoast SEO plugin v27.4 - https:\/\/yoast.com\/product\/yoast-seo-wordpress\/ -->\n<title>Motic Microscope B1-220E-SP, Bino, 40x - 400x - Astroshop Maroc<\/title>\n<meta name=\"robots\" content=\"index, follow, max-snippet:-1, max-image-preview:large, max-video-preview:-1\" \/>\n<link rel=\"canonical\" href=\"https:\/\/astroshop.ma\/?product=motic-microscope-b1-220e-sp-bino-40x-400x\" \/>\n<meta property=\"og:locale\" content=\"en_US\" \/>\n<meta property=\"og:type\" content=\"article\" \/>\n<meta property=\"og:title\" content=\"Motic Microscope B1-220E-SP, Bino, 40x - 400x - Astroshop Maroc\" \/>\n<meta property=\"og:description\" content=\"&nbsp;      Description du produit   &nbsp;          T\u00e9l\u00e9chargements Catalogue (en)\" \/>\n<meta property=\"og:url\" content=\"https:\/\/astroshop.ma\/?product=motic-microscope-b1-220e-sp-bino-40x-400x\" \/>\n<meta property=\"og:site_name\" content=\"Astroshop Maroc\" \/>\n<meta property=\"article:modified_time\" content=\"2025-01-25T13:27:52+00:00\" \/>\n<meta property=\"og:image\" content=\"https:\/\/astroshop.ma\/wp-content\/uploads\/2025\/01\/Microscope-Motic-B1-220E-SP-Bino-40x-400x-1.jpg\" \/>\n\t<meta property=\"og:image:width\" content=\"800\" \/>\n\t<meta property=\"og:image:height\" content=\"800\" \/>\n\t<meta property=\"og:image:type\" content=\"image\/jpeg\" \/>\n<meta name=\"twitter:card\" content=\"summary_large_image\" \/>\n<meta name=\"twitter:label1\" content=\"Est. reading time\" \/>\n\t<meta name=\"twitter:data1\" content=\"1 minute\" \/>\n<script type=\"application\/ld+json\" class=\"yoast-schema-graph\">{\"@context\":\"https:\\\/\\\/schema.org\",\"@graph\":[{\"@type\":\"WebPage\",\"@id\":\"https:\\\/\\\/astroshop.ma\\\/?product=motic-microscope-b1-220e-sp-bino-40x-400x\",\"url\":\"https:\\\/\\\/astroshop.ma\\\/?product=motic-microscope-b1-220e-sp-bino-40x-400x\",\"name\":\"Motic Microscope B1-220E-SP, Bino, 40x - 400x - Astroshop Maroc\",\"isPartOf\":{\"@id\":\"https:\\\/\\\/astroshop.ma\\\/#website\"},\"primaryImageOfPage\":{\"@id\":\"https:\\\/\\\/astroshop.ma\\\/?product=motic-microscope-b1-220e-sp-bino-40x-400x#primaryimage\"},\"image\":{\"@id\":\"https:\\\/\\\/astroshop.ma\\\/?product=motic-microscope-b1-220e-sp-bino-40x-400x#primaryimage\"},\"thumbnailUrl\":\"https:\\\/\\\/astroshop.ma\\\/wp-content\\\/uploads\\\/2025\\\/01\\\/Microscope-Motic-B1-220E-SP-Bino-40x-400x-1.jpg\",\"datePublished\":\"2025-01-25T13:25:27+00:00\",\"dateModified\":\"2025-01-25T13:27:52+00:00\",\"breadcrumb\":{\"@id\":\"https:\\\/\\\/astroshop.ma\\\/?product=motic-microscope-b1-220e-sp-bino-40x-400x#breadcrumb\"},\"inLanguage\":\"en-US\",\"potentialAction\":[{\"@type\":\"ReadAction\",\"target\":[\"https:\\\/\\\/astroshop.ma\\\/?product=motic-microscope-b1-220e-sp-bino-40x-400x\"]}]},{\"@type\":\"ImageObject\",\"inLanguage\":\"en-US\",\"@id\":\"https:\\\/\\\/astroshop.ma\\\/?product=motic-microscope-b1-220e-sp-bino-40x-400x#primaryimage\",\"url\":\"https:\\\/\\\/astroshop.ma\\\/wp-content\\\/uploads\\\/2025\\\/01\\\/Microscope-Motic-B1-220E-SP-Bino-40x-400x-1.jpg\",\"contentUrl\":\"https:\\\/\\\/astroshop.ma\\\/wp-content\\\/uploads\\\/2025\\\/01\\\/Microscope-Motic-B1-220E-SP-Bino-40x-400x-1.jpg\",\"width\":800,\"height\":800},{\"@type\":\"BreadcrumbList\",\"@id\":\"https:\\\/\\\/astroshop.ma\\\/?product=motic-microscope-b1-220e-sp-bino-40x-400x#breadcrumb\",\"itemListElement\":[{\"@type\":\"ListItem\",\"position\":1,\"name\":\"Home\",\"item\":\"https:\\\/\\\/astroshop.ma\\\/\"},{\"@type\":\"ListItem\",\"position\":2,\"name\":\"Shop\",\"item\":\"https:\\\/\\\/astroshop.ma\\\/?page_id=394\"},{\"@type\":\"ListItem\",\"position\":3,\"name\":\"Motic Microscope B1-220E-SP, Bino, 40x &#8211; 400x\"}]},{\"@type\":\"WebSite\",\"@id\":\"https:\\\/\\\/astroshop.ma\\\/#website\",\"url\":\"https:\\\/\\\/astroshop.ma\\\/\",\"name\":\"Astroshop Maroc\",\"description\":\"Des instruments astronomiques pour chaque astronome au Maroc\",\"publisher\":{\"@id\":\"https:\\\/\\\/astroshop.ma\\\/#organization\"},\"potentialAction\":[{\"@type\":\"SearchAction\",\"target\":{\"@type\":\"EntryPoint\",\"urlTemplate\":\"https:\\\/\\\/astroshop.ma\\\/?s={search_term_string}\"},\"query-input\":{\"@type\":\"PropertyValueSpecification\",\"valueRequired\":true,\"valueName\":\"search_term_string\"}}],\"inLanguage\":\"en-US\"},{\"@type\":\"Organization\",\"@id\":\"https:\\\/\\\/astroshop.ma\\\/#organization\",\"name\":\"Astroshop Maroc\",\"url\":\"https:\\\/\\\/astroshop.ma\\\/\",\"logo\":{\"@type\":\"ImageObject\",\"inLanguage\":\"en-US\",\"@id\":\"https:\\\/\\\/astroshop.ma\\\/#\\\/schema\\\/logo\\\/image\\\/\",\"url\":\"https:\\\/\\\/astroshop.ma\\\/wp-content\\\/uploads\\\/2025\\\/12\\\/M20_Logo_1.jpg\",\"contentUrl\":\"https:\\\/\\\/astroshop.ma\\\/wp-content\\\/uploads\\\/2025\\\/12\\\/M20_Logo_1.jpg\",\"width\":501,\"height\":334,\"caption\":\"Astroshop Maroc\"},\"image\":{\"@id\":\"https:\\\/\\\/astroshop.ma\\\/#\\\/schema\\\/logo\\\/image\\\/\"}}]}<\/script>\n<!-- \/ Yoast SEO plugin. -->","yoast_head_json":{"title":"Motic Microscope B1-220E-SP, Bino, 40x - 400x - Astroshop Maroc","robots":{"index":"index","follow":"follow","max-snippet":"max-snippet:-1","max-image-preview":"max-image-preview:large","max-video-preview":"max-video-preview:-1"},"canonical":"https:\/\/astroshop.ma\/?product=motic-microscope-b1-220e-sp-bino-40x-400x","og_locale":"en_US","og_type":"article","og_title":"Motic Microscope B1-220E-SP, Bino, 40x - 400x - Astroshop Maroc","og_description":"&nbsp;      Description du produit   &nbsp;          T\u00e9l\u00e9chargements Catalogue (en)","og_url":"https:\/\/astroshop.ma\/?product=motic-microscope-b1-220e-sp-bino-40x-400x","og_site_name":"Astroshop Maroc","article_modified_time":"2025-01-25T13:27:52+00:00","og_image":[{"width":800,"height":800,"url":"https:\/\/astroshop.ma\/wp-content\/uploads\/2025\/01\/Microscope-Motic-B1-220E-SP-Bino-40x-400x-1.jpg","type":"image\/jpeg"}],"twitter_card":"summary_large_image","twitter_misc":{"Est. reading time":"1 minute"},"schema":{"@context":"https:\/\/schema.org","@graph":[{"@type":"WebPage","@id":"https:\/\/astroshop.ma\/?product=motic-microscope-b1-220e-sp-bino-40x-400x","url":"https:\/\/astroshop.ma\/?product=motic-microscope-b1-220e-sp-bino-40x-400x","name":"Motic Microscope B1-220E-SP, Bino, 40x - 400x - Astroshop Maroc","isPartOf":{"@id":"https:\/\/astroshop.ma\/#website"},"primaryImageOfPage":{"@id":"https:\/\/astroshop.ma\/?product=motic-microscope-b1-220e-sp-bino-40x-400x#primaryimage"},"image":{"@id":"https:\/\/astroshop.ma\/?product=motic-microscope-b1-220e-sp-bino-40x-400x#primaryimage"},"thumbnailUrl":"https:\/\/astroshop.ma\/wp-content\/uploads\/2025\/01\/Microscope-Motic-B1-220E-SP-Bino-40x-400x-1.jpg","datePublished":"2025-01-25T13:25:27+00:00","dateModified":"2025-01-25T13:27:52+00:00","breadcrumb":{"@id":"https:\/\/astroshop.ma\/?product=motic-microscope-b1-220e-sp-bino-40x-400x#breadcrumb"},"inLanguage":"en-US","potentialAction":[{"@type":"ReadAction","target":["https:\/\/astroshop.ma\/?product=motic-microscope-b1-220e-sp-bino-40x-400x"]}]},{"@type":"ImageObject","inLanguage":"en-US","@id":"https:\/\/astroshop.ma\/?product=motic-microscope-b1-220e-sp-bino-40x-400x#primaryimage","url":"https:\/\/astroshop.ma\/wp-content\/uploads\/2025\/01\/Microscope-Motic-B1-220E-SP-Bino-40x-400x-1.jpg","contentUrl":"https:\/\/astroshop.ma\/wp-content\/uploads\/2025\/01\/Microscope-Motic-B1-220E-SP-Bino-40x-400x-1.jpg","width":800,"height":800},{"@type":"BreadcrumbList","@id":"https:\/\/astroshop.ma\/?product=motic-microscope-b1-220e-sp-bino-40x-400x#breadcrumb","itemListElement":[{"@type":"ListItem","position":1,"name":"Home","item":"https:\/\/astroshop.ma\/"},{"@type":"ListItem","position":2,"name":"Shop","item":"https:\/\/astroshop.ma\/?page_id=394"},{"@type":"ListItem","position":3,"name":"Motic Microscope B1-220E-SP, Bino, 40x &#8211; 400x"}]},{"@type":"WebSite","@id":"https:\/\/astroshop.ma\/#website","url":"https:\/\/astroshop.ma\/","name":"Astroshop Maroc","description":"Des instruments astronomiques pour chaque astronome au Maroc","publisher":{"@id":"https:\/\/astroshop.ma\/#organization"},"potentialAction":[{"@type":"SearchAction","target":{"@type":"EntryPoint","urlTemplate":"https:\/\/astroshop.ma\/?s={search_term_string}"},"query-input":{"@type":"PropertyValueSpecification","valueRequired":true,"valueName":"search_term_string"}}],"inLanguage":"en-US"},{"@type":"Organization","@id":"https:\/\/astroshop.ma\/#organization","name":"Astroshop Maroc","url":"https:\/\/astroshop.ma\/","logo":{"@type":"ImageObject","inLanguage":"en-US","@id":"https:\/\/astroshop.ma\/#\/schema\/logo\/image\/","url":"https:\/\/astroshop.ma\/wp-content\/uploads\/2025\/12\/M20_Logo_1.jpg","contentUrl":"https:\/\/astroshop.ma\/wp-content\/uploads\/2025\/12\/M20_Logo_1.jpg","width":501,"height":334,"caption":"Astroshop Maroc"},"image":{"@id":"https:\/\/astroshop.ma\/#\/schema\/logo\/image\/"}}]}},"_links":{"self":[{"href":"https:\/\/astroshop.ma\/index.php?rest_route=\/wp\/v2\/product\/10362","targetHints":{"allow":["GET"]}}],"collection":[{"href":"https:\/\/astroshop.ma\/index.php?rest_route=\/wp\/v2\/product"}],"about":[{"href":"https:\/\/astroshop.ma\/index.php?rest_route=\/wp\/v2\/types\/product"}],"wp:featuredmedia":[{"embeddable":true,"href":"https:\/\/astroshop.ma\/index.php?rest_route=\/wp\/v2\/media\/10363"}],"wp:attachment":[{"href":"https:\/\/astroshop.ma\/index.php?rest_route=%2Fwp%2Fv2%2Fmedia&parent=10362"}],"wp:term":[{"taxonomy":"product_brand","embeddable":true,"href":"https:\/\/astroshop.ma\/index.php?rest_route=%2Fwp%2Fv2%2Fproduct_brand&post=10362"},{"taxonomy":"product_cat","embeddable":true,"href":"https:\/\/astroshop.ma\/index.php?rest_route=%2Fwp%2Fv2%2Fproduct_cat&post=10362"},{"taxonomy":"product_tag","embeddable":true,"href":"https:\/\/astroshop.ma\/index.php?rest_route=%2Fwp%2Fv2%2Fproduct_tag&post=10362"}],"curies":[{"name":"wp","href":"https:\/\/api.w.org\/{rel}","templated":true}]}}