{"id":10354,"date":"2025-01-25T13:07:19","date_gmt":"2025-01-25T13:07:19","guid":{"rendered":"https:\/\/astroshop.ma\/?post_type=product&#038;p=10354"},"modified":"2025-01-25T13:07:19","modified_gmt":"2025-01-25T13:07:19","slug":"bresser-microscope-bioscience-trino-40x-1000x","status":"publish","type":"product","link":"https:\/\/astroshop.ma\/?product=bresser-microscope-bioscience-trino-40x-1000x","title":{"rendered":"Bresser Microscope Bioscience, trino, 40x &#8211; 1000x"},"content":{"rendered":"<table style=\"border-collapse: collapse; width: 100%; font-family: Arial, sans-serif;\">\n<thead>\n<tr style=\"background-color: #f2f2f2;\">\n<th style=\"padding: 8px; border: 1px solid #ddd;\">Cat\u00e9gorie<\/th>\n<th style=\"padding: 8px; border: 1px solid #ddd;\">D\u00e9tails<\/th>\n<\/tr>\n<\/thead>\n<tbody>\n<tr>\n<td style=\"padding: 8px; border: 1px solid #ddd;\">Optique<\/td>\n<td style=\"padding: 8px; border: 1px solid #ddd;\">\u00c9clairage: Lumi\u00e8re transmise<br \/>\nType de lampe: Halog\u00e8ne (12V\/30W, r\u00e9glable)<br \/>\nGrossissement: 40-1000<br \/>\nType de l&#8217;objectif: Achromatique<br \/>\n\u00c9chelle de l&#8217;image: 4, 10, 40, 100<br \/>\nOculaire: 10<br \/>\nCondenseur: Abbe<br \/>\nAlimentation \u00e9lectrique: Prise secteur<br \/>\nSyst\u00e8me optique: DIN (160mm)<\/td>\n<\/tr>\n<tr>\n<td style=\"padding: 8px; border: 1px solid #ddd;\">Capacit\u00e9<\/td>\n<td style=\"padding: 8px; border: 1px solid #ddd;\">Fond clair: Oui<\/td>\n<\/tr>\n<tr>\n<td style=\"padding: 8px; border: 1px solid #ddd;\">Syst\u00e8me m\u00e9canique<\/td>\n<td style=\"padding: 8px; border: 1px solid #ddd;\">Mise au point: Mouvement rapide \/ fin<br \/>\nPlatine porte-objet: Table en croix coaxiale<br \/>\nType de construction: Trinoculaire<\/td>\n<\/tr>\n<tr>\n<td style=\"padding: 8px; border: 1px solid #ddd;\">Particularit\u00e9s<\/td>\n<td style=\"padding: 8px; border: 1px solid #ddd;\">Appareil-photo num\u00e9rique int\u00e9gr\u00e9: Non<br \/>\nPlatine de centrage: Non<br \/>\nAliment\u00e9 par accu: Non<br \/>\nSac de protection contre la poussi\u00e8re: Non<br \/>\nCrochet de filtre: Oui<br \/>\nDiaphragme de champ lumineux: Oui<\/td>\n<\/tr>\n<tr>\n<td style=\"padding: 8px; border: 1px solid #ddd;\">Donn\u00e9es g\u00e9n\u00e9rales<\/td>\n<td style=\"padding: 8px; border: 1px solid #ddd;\">Utilisable de: 14<br \/>\nPoids (g): 7900<br \/>\nS\u00e9rie: Bioscience<br \/>\nCouleur: Blanc<\/td>\n<\/tr>\n<tr>\n<td style=\"padding: 8px; border: 1px solid #ddd;\">Domaine d&#8217;expertise<\/td>\n<td style=\"padding: 8px; border: 1px solid #ddd;\">Industrie: Non<br \/>\nM\u00e9decine: Oui<\/td>\n<\/tr>\n<\/tbody>\n<\/table>\n","protected":false},"excerpt":{"rendered":"<p><img loading=\"lazy\" decoding=\"async\" class=\"alignnone size-full wp-image-10318\" src=\"https:\/\/astroshop.ma\/wp-content\/uploads\/2025\/01\/Bresser.jpg\" alt=\"\" width=\"300\" height=\"150\" srcset=\"https:\/\/astroshop.ma\/wp-content\/uploads\/2025\/01\/Bresser.jpg 300w, https:\/\/astroshop.ma\/wp-content\/uploads\/2025\/01\/Bresser-64x32.jpg 64w\" sizes=\"auto, (max-width: 300px) 100vw, 300px\" \/><\/p>\n<p>&nbsp;<\/p>\n<form id=\"cart-form\" action=\"https:\/\/www.astroshop.de\/fr\/cart\" method=\"post\">\n<div class=\"display-flex fd-row fw-wrap\">\n<div class=\"display-flex fd-column\">\n<div id=\"description\" class=\"cnt-text-box\">\n<h2 class=\"hdl-01\">Description du produit<\/h2>\n<div class=\"text-justify\">\n<p>&nbsp;<\/p>\n<div>\n<p>&nbsp;<\/p>\n<p><b>BRESSER Bioscience 40-1000x Trinoculaire Microscope<\/b><\/p>\n<p>Le microscope BRESSER BioScience offre une base optimale pour l?\u00e9tude et la science. Le design ergonomique facilite et rend plus agr\u00e9able son utilisation. En plus de la version standard, le BioScience peut \u00e9galement \u00eatre configur\u00e9 en fonction de vos besoins sp\u00e9cifiques.<\/p>\n<p><b>CARACT\u00c9RISTIQUES<\/b><\/p>\n<ul>\n<li>Eclairage de type K\u00f6hler<\/li>\n<li>Eclairage LED en option<\/li>\n<li>Transformateur secteur externe pour plus de s\u00e9curit\u00e9<\/li>\n<li>Surplatine int\u00e9gr\u00e9e avec commande coaxiale<\/li>\n<li>Mise au point macro et microm\u00e9trique<\/li>\n<li>Oculaires: 2x WF 10x (23 mm)<\/li>\n<li>Objectifs DIN: 4x, 10x, 40x, 100x huile(achro.)<\/li>\n<li>Donn\u00e9es techniques<\/li>\n<li>Eclairage \u00e0 intensit\u00e9 r\u00e9glable: 30 W Halogen 230 V \/ AC Power<\/li>\n<li>Abbe N.A. 1.25 Condenseur<\/li>\n<\/ul>\n<p>&nbsp;<\/p>\n<p><b>CONTENU DE LA LIVRAISON<\/b><\/p>\n<ul>\n<li>Trinoculaire Microscope<\/li>\n<li>Housse de protection<\/li>\n<li>2x Oculaire<\/li>\n<li>4x Objectif<\/li>\n<li>1x Condenseur<\/li>\n<li>Huile pour immersion<\/li>\n<li>Adaptateur secteur 230V (12 V \/ 3,3 A)<\/li>\n<\/ul>\n<h2 class=\"hdl-01\">T\u00e9l\u00e9chargements<\/h2>\n<div class=\"display-flex fw-wrap\"><a class=\"display-flex ai-center mar-32r\" href=\"https:\/\/www.astroshop.de\/Produktdownloads\/20767_9c2087084adaf73050c64ed1b5c0a2e8.pdf\" target=\"_blank\" rel=\"noopener\"><img decoding=\"async\" class=\"mar-8r pad-4v\" src=\"https:\/\/www.astroshop.de\/img2601c40e6\/acrobat-logo.jpg\" alt=\"\" \/>Manuel utilisateur (DE\/EN\/FR)<\/a><\/div>\n<\/div>\n<p>&nbsp;<\/p>\n<\/div>\n<\/div>\n<div class=\"gtc-container gtc-container-hidden\" data-action=\"gtc-container\">\n<div id=\"specifications\" class=\"page-container\">\n<div class=\"auto-col-container clearfix\">\n<div class=\"single-col\"><\/div>\n<\/div>\n<\/div>\n<\/div>\n<div class=\"gtc-container gtc-container-hidden\" data-action=\"gtc-container\">\n<div class=\"gtc-gradient gtc-gradient-hidden\" data-action=\"gtc-btn\">\n<div class=\"gtc-text classic-link\">\n<div data-action=\"gtc-text\" data-gtcid=\"accessories\"><\/div>\n<\/div>\n<\/div>\n<\/div>\n<\/div>\n<div class=\"display-flex fd-column hide-below-bp2\">\n<div class=\"cnt-text-box\">\n<div class=\"pad-8\">\n<div class=\"cursor-zoomin\" data-type=\"btn-js\" data-action=\"opengallery-0\"><img decoding=\"async\" src=\"https:\/\/www.astroshop.de\/Produktbilder\/big\/20767_10.jpg\" alt=\"Microscope Bresser Bioscience, trino, 40x - 1000x\" \/><\/div>\n<\/div>\n<div class=\"pad-8\">\n<div class=\"cursor-zoomin\" data-type=\"btn-js\" data-action=\"opengallery-1\"><img decoding=\"async\" src=\"https:\/\/www.astroshop.de\/Produktbilder\/big\/20767_1.jpg\" alt=\"Microscope Bresser Bioscience, trino, 40x - 1000x\" \/><\/div>\n<\/div>\n<div class=\"pad-8\">\n<div class=\"cursor-zoomin\" data-type=\"btn-js\" data-action=\"opengallery-2\"><img decoding=\"async\" src=\"https:\/\/www.astroshop.de\/Produktbilder\/big\/20767_11.jpg\" alt=\"Microscope Bresser Bioscience, trino, 40x - 1000x\" \/><\/div>\n<\/div>\n<div class=\"pad-8\">\n<div class=\"cursor-zoomin\" data-type=\"btn-js\" data-action=\"opengallery-3\"><img decoding=\"async\" src=\"https:\/\/www.astroshop.de\/Produktbilder\/big\/20767_12.jpg\" alt=\"Microscope Bresser Bioscience, trino, 40x - 1000x\" \/><\/div>\n<\/div>\n<div class=\"pad-8\">\n<div class=\"cursor-zoomin\" data-type=\"btn-js\" data-action=\"opengallery-4\"><img decoding=\"async\" src=\"https:\/\/www.astroshop.de\/Produktbilder\/big\/20767_13.jpg\" alt=\"Microscope Bresser Bioscience, trino, 40x - 1000x\" \/><\/div>\n<\/div>\n<div class=\"pad-8\">\n<div class=\"cursor-zoomin\" data-type=\"btn-js\" data-action=\"opengallery-5\"><img decoding=\"async\" src=\"https:\/\/www.astroshop.de\/Produktbilder\/big\/20767_14.jpg\" alt=\"Microscope Bresser Bioscience, trino, 40x - 1000x\" \/><\/div>\n<\/div>\n<div class=\"pad-8\">\n<div class=\"cursor-zoomin\" data-type=\"btn-js\" data-action=\"opengallery-6\"><img decoding=\"async\" src=\"https:\/\/www.astroshop.de\/Produktbilder\/big\/20767_15.jpg\" alt=\"Microscope Bresser Bioscience, trino, 40x - 1000x\" \/><\/div>\n<\/div>\n<\/div>\n<\/div>\n<\/div>\n<\/form>\n<div class=\"gtc-container gtc-container-hidden\" data-action=\"gtc-container\">\n<div id=\"reviews\">\n<h2 class=\"hdl-01\"><\/h2>\n<\/div>\n<\/div>\n","protected":false},"featured_media":10355,"template":"","meta":{"_editorskit_title_hidden":false,"_editorskit_reading_time":0,"_editorskit_is_block_options_detached":false,"_editorskit_block_options_position":"{}","_coblocks_attr":"","_coblocks_dimensions":"","_coblocks_responsive_height":"","_coblocks_accordion_ie_support":"","_crdt_document":"","_monsterinsights_skip_tracking":false,"_monsterinsights_sitenote_active":false,"_monsterinsights_sitenote_note":"","_monsterinsights_sitenote_category":0},"product_brand":[],"product_cat":[28],"product_tag":[],"class_list":{"0":"post-10354","1":"product","2":"type-product","3":"status-publish","4":"has-post-thumbnail","6":"product_cat-microscopes","8":"first","9":"instock","10":"shipping-taxable","11":"purchasable","12":"product-type-simple"},"yoast_head":"<!-- This site is optimized with the Yoast SEO plugin v27.4 - https:\/\/yoast.com\/product\/yoast-seo-wordpress\/ -->\n<title>Bresser Microscope Bioscience, trino, 40x - 1000x - Astroshop Maroc<\/title>\n<meta name=\"robots\" content=\"index, follow, max-snippet:-1, max-image-preview:large, max-video-preview:-1\" \/>\n<link rel=\"canonical\" href=\"https:\/\/astroshop.ma\/?product=bresser-microscope-bioscience-trino-40x-1000x\" \/>\n<meta property=\"og:locale\" content=\"en_US\" \/>\n<meta property=\"og:type\" content=\"article\" \/>\n<meta property=\"og:title\" content=\"Bresser Microscope Bioscience, trino, 40x - 1000x - Astroshop Maroc\" \/>\n<meta property=\"og:description\" content=\"&nbsp;      Description du produit   &nbsp;   &nbsp;  BRESSER Bioscience 40-1000x Trinoculaire Microscope  Le microscope BRESSER BioScience offre une base optimale pour l?\u00e9tude et la science. Le design ergonomique facilite et rend plus agr\u00e9able son utilisation. En plus de la version standard, le BioScience peut \u00e9galement \u00eatre configur\u00e9 en fonction de vos besoins sp\u00e9cifiques.  CARACT\u00c9RISTIQUES   Eclairage de type K\u00f6hler  Eclairage LED en option  Transformateur secteur externe pour plus de s\u00e9curit\u00e9  Surplatine int\u00e9gr\u00e9e avec commande coaxiale  Mise au point macro et microm\u00e9trique  Oculaires: 2x WF 10x (23 mm)  Objectifs DIN: 4x, 10x, 40x, 100x huile(achro.)  Donn\u00e9es techniques  Eclairage \u00e0 intensit\u00e9 r\u00e9glable: 30 W Halogen 230 V \/ AC Power  Abbe N.A. 1.25 Condenseur  &nbsp;  CONTENU DE LA LIVRAISON   Trinoculaire Microscope  Housse de protection  2x Oculaire  4x Objectif  1x Condenseur  Huile pour immersion  Adaptateur secteur 230V (12 V \/ 3,3 A)  T\u00e9l\u00e9chargements Manuel utilisateur (DE\/EN\/FR)  &nbsp;\" \/>\n<meta property=\"og:url\" content=\"https:\/\/astroshop.ma\/?product=bresser-microscope-bioscience-trino-40x-1000x\" \/>\n<meta property=\"og:site_name\" content=\"Astroshop Maroc\" \/>\n<meta property=\"og:image\" content=\"https:\/\/astroshop.ma\/wp-content\/uploads\/2025\/01\/Microscope-Bresser-Bioscience-trino-40x-1000x-1.jpg\" \/>\n\t<meta property=\"og:image:width\" content=\"800\" \/>\n\t<meta property=\"og:image:height\" content=\"800\" \/>\n\t<meta property=\"og:image:type\" content=\"image\/jpeg\" \/>\n<meta name=\"twitter:card\" content=\"summary_large_image\" \/>\n<meta name=\"twitter:label1\" content=\"Est. reading time\" \/>\n\t<meta name=\"twitter:data1\" content=\"1 minute\" \/>\n<script type=\"application\/ld+json\" class=\"yoast-schema-graph\">{\"@context\":\"https:\\\/\\\/schema.org\",\"@graph\":[{\"@type\":\"WebPage\",\"@id\":\"https:\\\/\\\/astroshop.ma\\\/?product=bresser-microscope-bioscience-trino-40x-1000x\",\"url\":\"https:\\\/\\\/astroshop.ma\\\/?product=bresser-microscope-bioscience-trino-40x-1000x\",\"name\":\"Bresser Microscope Bioscience, trino, 40x - 1000x - Astroshop Maroc\",\"isPartOf\":{\"@id\":\"https:\\\/\\\/astroshop.ma\\\/#website\"},\"primaryImageOfPage\":{\"@id\":\"https:\\\/\\\/astroshop.ma\\\/?product=bresser-microscope-bioscience-trino-40x-1000x#primaryimage\"},\"image\":{\"@id\":\"https:\\\/\\\/astroshop.ma\\\/?product=bresser-microscope-bioscience-trino-40x-1000x#primaryimage\"},\"thumbnailUrl\":\"https:\\\/\\\/astroshop.ma\\\/wp-content\\\/uploads\\\/2025\\\/01\\\/Microscope-Bresser-Bioscience-trino-40x-1000x-1.jpg\",\"datePublished\":\"2025-01-25T13:07:19+00:00\",\"breadcrumb\":{\"@id\":\"https:\\\/\\\/astroshop.ma\\\/?product=bresser-microscope-bioscience-trino-40x-1000x#breadcrumb\"},\"inLanguage\":\"en-US\",\"potentialAction\":[{\"@type\":\"ReadAction\",\"target\":[\"https:\\\/\\\/astroshop.ma\\\/?product=bresser-microscope-bioscience-trino-40x-1000x\"]}]},{\"@type\":\"ImageObject\",\"inLanguage\":\"en-US\",\"@id\":\"https:\\\/\\\/astroshop.ma\\\/?product=bresser-microscope-bioscience-trino-40x-1000x#primaryimage\",\"url\":\"https:\\\/\\\/astroshop.ma\\\/wp-content\\\/uploads\\\/2025\\\/01\\\/Microscope-Bresser-Bioscience-trino-40x-1000x-1.jpg\",\"contentUrl\":\"https:\\\/\\\/astroshop.ma\\\/wp-content\\\/uploads\\\/2025\\\/01\\\/Microscope-Bresser-Bioscience-trino-40x-1000x-1.jpg\",\"width\":800,\"height\":800},{\"@type\":\"BreadcrumbList\",\"@id\":\"https:\\\/\\\/astroshop.ma\\\/?product=bresser-microscope-bioscience-trino-40x-1000x#breadcrumb\",\"itemListElement\":[{\"@type\":\"ListItem\",\"position\":1,\"name\":\"Home\",\"item\":\"https:\\\/\\\/astroshop.ma\\\/\"},{\"@type\":\"ListItem\",\"position\":2,\"name\":\"Shop\",\"item\":\"https:\\\/\\\/astroshop.ma\\\/?page_id=394\"},{\"@type\":\"ListItem\",\"position\":3,\"name\":\"Bresser Microscope Bioscience, trino, 40x &#8211; 1000x\"}]},{\"@type\":\"WebSite\",\"@id\":\"https:\\\/\\\/astroshop.ma\\\/#website\",\"url\":\"https:\\\/\\\/astroshop.ma\\\/\",\"name\":\"Astroshop Maroc\",\"description\":\"Des instruments astronomiques pour chaque astronome au Maroc\",\"publisher\":{\"@id\":\"https:\\\/\\\/astroshop.ma\\\/#organization\"},\"potentialAction\":[{\"@type\":\"SearchAction\",\"target\":{\"@type\":\"EntryPoint\",\"urlTemplate\":\"https:\\\/\\\/astroshop.ma\\\/?s={search_term_string}\"},\"query-input\":{\"@type\":\"PropertyValueSpecification\",\"valueRequired\":true,\"valueName\":\"search_term_string\"}}],\"inLanguage\":\"en-US\"},{\"@type\":\"Organization\",\"@id\":\"https:\\\/\\\/astroshop.ma\\\/#organization\",\"name\":\"Astroshop Maroc\",\"url\":\"https:\\\/\\\/astroshop.ma\\\/\",\"logo\":{\"@type\":\"ImageObject\",\"inLanguage\":\"en-US\",\"@id\":\"https:\\\/\\\/astroshop.ma\\\/#\\\/schema\\\/logo\\\/image\\\/\",\"url\":\"https:\\\/\\\/astroshop.ma\\\/wp-content\\\/uploads\\\/2025\\\/12\\\/M20_Logo_1.jpg\",\"contentUrl\":\"https:\\\/\\\/astroshop.ma\\\/wp-content\\\/uploads\\\/2025\\\/12\\\/M20_Logo_1.jpg\",\"width\":501,\"height\":334,\"caption\":\"Astroshop Maroc\"},\"image\":{\"@id\":\"https:\\\/\\\/astroshop.ma\\\/#\\\/schema\\\/logo\\\/image\\\/\"}}]}<\/script>\n<!-- \/ Yoast SEO plugin. -->","yoast_head_json":{"title":"Bresser Microscope Bioscience, trino, 40x - 1000x - Astroshop Maroc","robots":{"index":"index","follow":"follow","max-snippet":"max-snippet:-1","max-image-preview":"max-image-preview:large","max-video-preview":"max-video-preview:-1"},"canonical":"https:\/\/astroshop.ma\/?product=bresser-microscope-bioscience-trino-40x-1000x","og_locale":"en_US","og_type":"article","og_title":"Bresser Microscope Bioscience, trino, 40x - 1000x - Astroshop Maroc","og_description":"&nbsp;      Description du produit   &nbsp;   &nbsp;  BRESSER Bioscience 40-1000x Trinoculaire Microscope  Le microscope BRESSER BioScience offre une base optimale pour l?\u00e9tude et la science. Le design ergonomique facilite et rend plus agr\u00e9able son utilisation. En plus de la version standard, le BioScience peut \u00e9galement \u00eatre configur\u00e9 en fonction de vos besoins sp\u00e9cifiques.  CARACT\u00c9RISTIQUES   Eclairage de type K\u00f6hler  Eclairage LED en option  Transformateur secteur externe pour plus de s\u00e9curit\u00e9  Surplatine int\u00e9gr\u00e9e avec commande coaxiale  Mise au point macro et microm\u00e9trique  Oculaires: 2x WF 10x (23 mm)  Objectifs DIN: 4x, 10x, 40x, 100x huile(achro.)  Donn\u00e9es techniques  Eclairage \u00e0 intensit\u00e9 r\u00e9glable: 30 W Halogen 230 V \/ AC Power  Abbe N.A. 1.25 Condenseur  &nbsp;  CONTENU DE LA LIVRAISON   Trinoculaire Microscope  Housse de protection  2x Oculaire  4x Objectif  1x Condenseur  Huile pour immersion  Adaptateur secteur 230V (12 V \/ 3,3 A)  T\u00e9l\u00e9chargements Manuel utilisateur (DE\/EN\/FR)  &nbsp;","og_url":"https:\/\/astroshop.ma\/?product=bresser-microscope-bioscience-trino-40x-1000x","og_site_name":"Astroshop Maroc","og_image":[{"width":800,"height":800,"url":"https:\/\/astroshop.ma\/wp-content\/uploads\/2025\/01\/Microscope-Bresser-Bioscience-trino-40x-1000x-1.jpg","type":"image\/jpeg"}],"twitter_card":"summary_large_image","twitter_misc":{"Est. reading time":"1 minute"},"schema":{"@context":"https:\/\/schema.org","@graph":[{"@type":"WebPage","@id":"https:\/\/astroshop.ma\/?product=bresser-microscope-bioscience-trino-40x-1000x","url":"https:\/\/astroshop.ma\/?product=bresser-microscope-bioscience-trino-40x-1000x","name":"Bresser Microscope Bioscience, trino, 40x - 1000x - Astroshop Maroc","isPartOf":{"@id":"https:\/\/astroshop.ma\/#website"},"primaryImageOfPage":{"@id":"https:\/\/astroshop.ma\/?product=bresser-microscope-bioscience-trino-40x-1000x#primaryimage"},"image":{"@id":"https:\/\/astroshop.ma\/?product=bresser-microscope-bioscience-trino-40x-1000x#primaryimage"},"thumbnailUrl":"https:\/\/astroshop.ma\/wp-content\/uploads\/2025\/01\/Microscope-Bresser-Bioscience-trino-40x-1000x-1.jpg","datePublished":"2025-01-25T13:07:19+00:00","breadcrumb":{"@id":"https:\/\/astroshop.ma\/?product=bresser-microscope-bioscience-trino-40x-1000x#breadcrumb"},"inLanguage":"en-US","potentialAction":[{"@type":"ReadAction","target":["https:\/\/astroshop.ma\/?product=bresser-microscope-bioscience-trino-40x-1000x"]}]},{"@type":"ImageObject","inLanguage":"en-US","@id":"https:\/\/astroshop.ma\/?product=bresser-microscope-bioscience-trino-40x-1000x#primaryimage","url":"https:\/\/astroshop.ma\/wp-content\/uploads\/2025\/01\/Microscope-Bresser-Bioscience-trino-40x-1000x-1.jpg","contentUrl":"https:\/\/astroshop.ma\/wp-content\/uploads\/2025\/01\/Microscope-Bresser-Bioscience-trino-40x-1000x-1.jpg","width":800,"height":800},{"@type":"BreadcrumbList","@id":"https:\/\/astroshop.ma\/?product=bresser-microscope-bioscience-trino-40x-1000x#breadcrumb","itemListElement":[{"@type":"ListItem","position":1,"name":"Home","item":"https:\/\/astroshop.ma\/"},{"@type":"ListItem","position":2,"name":"Shop","item":"https:\/\/astroshop.ma\/?page_id=394"},{"@type":"ListItem","position":3,"name":"Bresser Microscope Bioscience, trino, 40x &#8211; 1000x"}]},{"@type":"WebSite","@id":"https:\/\/astroshop.ma\/#website","url":"https:\/\/astroshop.ma\/","name":"Astroshop Maroc","description":"Des instruments astronomiques pour chaque astronome au Maroc","publisher":{"@id":"https:\/\/astroshop.ma\/#organization"},"potentialAction":[{"@type":"SearchAction","target":{"@type":"EntryPoint","urlTemplate":"https:\/\/astroshop.ma\/?s={search_term_string}"},"query-input":{"@type":"PropertyValueSpecification","valueRequired":true,"valueName":"search_term_string"}}],"inLanguage":"en-US"},{"@type":"Organization","@id":"https:\/\/astroshop.ma\/#organization","name":"Astroshop Maroc","url":"https:\/\/astroshop.ma\/","logo":{"@type":"ImageObject","inLanguage":"en-US","@id":"https:\/\/astroshop.ma\/#\/schema\/logo\/image\/","url":"https:\/\/astroshop.ma\/wp-content\/uploads\/2025\/12\/M20_Logo_1.jpg","contentUrl":"https:\/\/astroshop.ma\/wp-content\/uploads\/2025\/12\/M20_Logo_1.jpg","width":501,"height":334,"caption":"Astroshop Maroc"},"image":{"@id":"https:\/\/astroshop.ma\/#\/schema\/logo\/image\/"}}]}},"_links":{"self":[{"href":"https:\/\/astroshop.ma\/index.php?rest_route=\/wp\/v2\/product\/10354","targetHints":{"allow":["GET"]}}],"collection":[{"href":"https:\/\/astroshop.ma\/index.php?rest_route=\/wp\/v2\/product"}],"about":[{"href":"https:\/\/astroshop.ma\/index.php?rest_route=\/wp\/v2\/types\/product"}],"wp:featuredmedia":[{"embeddable":true,"href":"https:\/\/astroshop.ma\/index.php?rest_route=\/wp\/v2\/media\/10355"}],"wp:attachment":[{"href":"https:\/\/astroshop.ma\/index.php?rest_route=%2Fwp%2Fv2%2Fmedia&parent=10354"}],"wp:term":[{"taxonomy":"product_brand","embeddable":true,"href":"https:\/\/astroshop.ma\/index.php?rest_route=%2Fwp%2Fv2%2Fproduct_brand&post=10354"},{"taxonomy":"product_cat","embeddable":true,"href":"https:\/\/astroshop.ma\/index.php?rest_route=%2Fwp%2Fv2%2Fproduct_cat&post=10354"},{"taxonomy":"product_tag","embeddable":true,"href":"https:\/\/astroshop.ma\/index.php?rest_route=%2Fwp%2Fv2%2Fproduct_tag&post=10354"}],"curies":[{"name":"wp","href":"https:\/\/api.w.org\/{rel}","templated":true}]}}