{"id":10347,"date":"2025-01-25T12:30:34","date_gmt":"2025-01-25T12:30:34","guid":{"rendered":"https:\/\/astroshop.ma\/?post_type=product&#038;p=10347"},"modified":"2025-01-25T12:43:52","modified_gmt":"2025-01-25T12:43:52","slug":"10347","status":"publish","type":"product","link":"https:\/\/astroshop.ma\/?product=10347","title":{"rendered":"Kern Microscope invers\u00e9 OCM 168, FL, PH, trino, Abbe-N.A.-0,3-Kondensor fix, 10x-40x, 5W LED, AlDl"},"content":{"rendered":"<table style=\"border-collapse: collapse; width: 100%; font-family: Arial, sans-serif;\">\n<thead>\n<tr style=\"background-color: #f2f2f2;\">\n<th style=\"padding: 8px; border: 1px solid #ddd;\">Cat\u00e9gorie<\/th>\n<th style=\"padding: 8px; border: 1px solid #ddd;\">D\u00e9tails<\/th>\n<\/tr>\n<\/thead>\n<tbody>\n<tr>\n<td style=\"padding: 8px; border: 1px solid #ddd;\">Optique<\/td>\n<td style=\"padding: 8px; border: 1px solid #ddd;\">Syst\u00e8me optique: Infini<br \/>\nObjectif 1: 10x<br \/>\nObjectif 2: 20x<br \/>\nObjectif 3: 40x<br \/>\nObjectif 4: PH 20x<br \/>\nCourbure de champ: Plan<br \/>\nCondenseur: N.A. 0,3<\/td>\n<\/tr>\n<tr>\n<td style=\"padding: 8px; border: 1px solid #ddd;\">Capacit\u00e9<\/td>\n<td style=\"padding: 8px; border: 1px solid #ddd;\">Type de construction: Trinoculaire<br \/>\nValeur du champ visuel: 22<br \/>\nLumi\u00e8re incidente: 5W LED<br \/>\nLumi\u00e8re transmise: 5W LED<\/td>\n<\/tr>\n<tr>\n<td style=\"padding: 8px; border: 1px solid #ddd;\">Syst\u00e8me m\u00e9canique<\/td>\n<td style=\"padding: 8px; border: 1px solid #ddd;\">Revolver: 5<\/td>\n<\/tr>\n<tr>\n<td style=\"padding: 8px; border: 1px solid #ddd;\">Donn\u00e9es g\u00e9n\u00e9rales<\/td>\n<td style=\"padding: 8px; border: 1px solid #ddd;\">Largeur (mm): 782<br \/>\nLongueur (mm): 304<br \/>\nHauteur (mm): 530<br \/>\nS\u00e9rie: OCM<\/td>\n<\/tr>\n<tr>\n<td style=\"padding: 8px; border: 1px solid #ddd;\">Proc\u00e9d\u00e9 de contraste<\/td>\n<td style=\"padding: 8px; border: 1px solid #ddd;\">Fluorescence: Oui<\/td>\n<\/tr>\n<tr>\n<td style=\"padding: 8px; border: 1px solid #ddd;\">Divers<\/td>\n<td style=\"padding: 8px; border: 1px solid #ddd;\">R\u00e9f\u00e9rence fournisseur: OCM 168<\/td>\n<\/tr>\n<\/tbody>\n<\/table>\n","protected":false},"excerpt":{"rendered":"<p><img loading=\"lazy\" decoding=\"async\" class=\"alignnone size-full wp-image-10344\" src=\"https:\/\/astroshop.ma\/wp-content\/uploads\/2025\/01\/Kern.jpg\" alt=\"\" width=\"300\" height=\"150\" srcset=\"https:\/\/astroshop.ma\/wp-content\/uploads\/2025\/01\/Kern.jpg 300w, https:\/\/astroshop.ma\/wp-content\/uploads\/2025\/01\/Kern-64x32.jpg 64w\" sizes=\"auto, (max-width: 300px) 100vw, 300px\" \/><\/p>\n<p>&nbsp;<\/p>\n<div class=\"display-flex fd-column\">\n<div id=\"description\" class=\"cnt-text-box\">\n<h2 class=\"hdl-01\">Description du produit<\/h2>\n<div class=\"text-justify\">\n<p>&nbsp;<\/p>\n<\/div>\n<\/div>\n<div class=\"gtc-container\" data-action=\"gtc-container\">\n<div id=\"specifications\" class=\"page-container\">\n<div class=\"auto-col-container clearfix\">\n<div class=\"single-col\"><\/div>\n<\/div>\n<\/div>\n<div class=\"gtc-gradient gtc-gradient-visible\" data-action=\"gtc-btn\">\n<div class=\"gtc-text classic-link\"><\/div>\n<\/div>\n<\/div>\n<div id=\"downloads\">\n<h2 class=\"hdl-01\">T\u00e9l\u00e9chargements<\/h2>\n<div class=\"display-flex fw-wrap\"><a class=\"display-flex ai-center mar-32r\" href=\"https:\/\/www.astroshop.de\/Produktdownloads\/83012_SL_OCM+168_de.pdf\" target=\"_blank\" rel=\"noopener\"><img decoding=\"async\" class=\"mar-8r pad-4v\" src=\"https:\/\/www.astroshop.de\/img2601c40e6\/acrobat-logo.jpg\" alt=\"\" \/>Brochure (DE)<\/a><a class=\"display-flex ai-center mar-32r\" href=\"https:\/\/www.astroshop.de\/Produktdownloads\/83012_SL_OCM+168_en.pdf\" target=\"_blank\" rel=\"noopener\"><img decoding=\"async\" class=\"mar-8r pad-4v\" src=\"https:\/\/www.astroshop.de\/img2601c40e6\/acrobat-logo.jpg\" alt=\"\" \/>Brochure (EN)<\/a><a class=\"display-flex ai-center mar-32r\" href=\"https:\/\/www.astroshop.de\/Produktdownloads\/83012_SL_OCM+168_es.pdf\" target=\"_blank\" rel=\"noopener\"><img decoding=\"async\" class=\"mar-8r pad-4v\" src=\"https:\/\/www.astroshop.de\/img2601c40e6\/acrobat-logo.jpg\" alt=\"\" \/>Brochure (ES)<\/a><a class=\"display-flex ai-center mar-32r\" href=\"https:\/\/www.astroshop.de\/Produktdownloads\/83012_SL_OCM+168_fr.pdf\" target=\"_blank\" rel=\"noopener\"><img decoding=\"async\" class=\"mar-8r pad-4v\" src=\"https:\/\/www.astroshop.de\/img2601c40e6\/acrobat-logo.jpg\" alt=\"\" \/>Brochure (FR)<\/a><a class=\"display-flex ai-center mar-32r\" href=\"https:\/\/www.astroshop.de\/Produktdownloads\/83012_TD_OCM+168_de.pdf\" target=\"_blank\" rel=\"noopener\"><img decoding=\"async\" class=\"mar-8r pad-4v\" src=\"https:\/\/www.astroshop.de\/img2601c40e6\/acrobat-logo.jpg\" alt=\"\" \/>Fiche technique (DE)<\/a><a class=\"display-flex ai-center mar-32r\" href=\"https:\/\/www.astroshop.de\/Produktdownloads\/83012_TD_OCM+168_en.pdf\" target=\"_blank\" rel=\"noopener\"><img decoding=\"async\" class=\"mar-8r pad-4v\" src=\"https:\/\/www.astroshop.de\/img2601c40e6\/acrobat-logo.jpg\" alt=\"\" \/>Fiche technique (EN)<\/a><a class=\"display-flex ai-center mar-32r\" href=\"https:\/\/www.astroshop.de\/Produktdownloads\/83012_TD_OCM+168_es.pdf\" target=\"_blank\" rel=\"noopener\"><img decoding=\"async\" class=\"mar-8r pad-4v\" src=\"https:\/\/www.astroshop.de\/img2601c40e6\/acrobat-logo.jpg\" alt=\"\" \/>Fiche technique (ES)<\/a><a class=\"display-flex ai-center mar-32r\" href=\"https:\/\/www.astroshop.de\/Produktdownloads\/83012_TD_OCM+168_fr.pdf\" target=\"_blank\" rel=\"noopener\"><img decoding=\"async\" class=\"mar-8r pad-4v\" src=\"https:\/\/www.astroshop.de\/img2601c40e6\/acrobat-logo.jpg\" alt=\"\" \/>Fiche technique (FR)<\/a><a class=\"display-flex ai-center mar-32r\" href=\"https:\/\/www.astroshop.de\/Produktdownloads\/83012_TD_OCM+168_it.pdf\" target=\"_blank\" rel=\"noopener\"><img decoding=\"async\" class=\"mar-8r pad-4v\" src=\"https:\/\/www.astroshop.de\/img2601c40e6\/acrobat-logo.jpg\" alt=\"\" \/>Fiche Technique (IT)<\/a><a class=\"display-flex ai-center mar-32r\" href=\"https:\/\/www.astroshop.de\/Produktdownloads\/83012_SL_OCM+168_it.pdf\" target=\"_blank\" rel=\"noopener\"><img decoding=\"async\" class=\"mar-8r pad-4v\" src=\"https:\/\/www.astroshop.de\/img2601c40e6\/acrobat-logo.jpg\" alt=\"\" \/>Brochure (IT)<\/a><\/div>\n<\/div>\n<div id=\"productSafety\"><\/div>\n<div class=\"gtc-container gtc-container-hidden\" data-action=\"gtc-container\">\n<div class=\"gtc-gradient gtc-gradient-hidden\" data-action=\"gtc-btn\">\n<div class=\"gtc-text classic-link\">\n<div data-action=\"gtc-text\" data-gtcid=\"accessories\"><\/div>\n<\/div>\n<\/div>\n<\/div>\n<\/div>\n<div class=\"display-flex fd-column hide-below-bp2\">\n<div class=\"cnt-text-box\">\n<div class=\"pad-8\">\n<div class=\"cursor-zoomin\" data-type=\"btn-js\" data-action=\"opengallery-0\"><img decoding=\"async\" src=\"https:\/\/www.astroshop.de\/Produktbilder\/big\/83012_1.jpg\" alt=\"Microscope invers\u00e9 Kern OCM 168, FL, PH, trino, Abbe-N.A.-0,3-Kondensor fix, 10x-40x, 5W LED, Al\/Dl\" \/><\/div>\n<\/div>\n<div class=\"pad-8\">\n<div class=\"cursor-zoomin\" data-type=\"btn-js\" data-action=\"opengallery-1\"><img decoding=\"async\" src=\"https:\/\/www.astroshop.de\/Produktbilder\/big\/83012_2.jpg\" alt=\"Microscope invers\u00e9 Kern OCM 168, FL, PH, trino, Abbe-N.A.-0,3-Kondensor fix, 10x-40x, 5W LED, Al\/Dl\" \/><\/div>\n<\/div>\n<div class=\"pad-8\">\n<div class=\"cursor-zoomin\" data-type=\"btn-js\" data-action=\"opengallery-2\"><img decoding=\"async\" src=\"https:\/\/www.astroshop.de\/Produktbilder\/big\/83012_3.jpg\" alt=\"Microscope invers\u00e9 Kern OCM 168, FL, PH, trino, Abbe-N.A.-0,3-Kondensor fix, 10x-40x, 5W LED, Al\/Dl\" \/><\/div>\n<\/div>\n<div class=\"pad-8\">\n<div class=\"cursor-zoomin\" data-type=\"btn-js\" data-action=\"opengallery-3\"><img decoding=\"async\" src=\"https:\/\/www.astroshop.de\/Produktbilder\/big\/83012_4.jpg\" alt=\"Microscope invers\u00e9 Kern OCM 168, FL, PH, trino, Abbe-N.A.-0,3-Kondensor fix, 10x-40x, 5W LED, Al\/Dl\" \/><\/div>\n<\/div>\n<div class=\"pad-8\">\n<div class=\"cursor-zoomin\" data-type=\"btn-js\" data-action=\"opengallery-4\"><img decoding=\"async\" src=\"https:\/\/www.astroshop.de\/Produktbilder\/big\/83012_5.jpg\" alt=\"Microscope invers\u00e9 Kern OCM 168, FL, PH, trino, Abbe-N.A.-0,3-Kondensor fix, 10x-40x, 5W LED, Al\/Dl\" \/><\/div>\n<\/div>\n<div class=\"pad-8\">\n<div class=\"cursor-zoomin\" data-type=\"btn-js\" data-action=\"opengallery-5\"><img decoding=\"async\" src=\"https:\/\/www.astroshop.de\/Produktbilder\/big\/83012_6.jpg\" alt=\"Microscope invers\u00e9 Kern OCM 168, FL, PH, trino, Abbe-N.A.-0,3-Kondensor fix, 10x-40x, 5W LED, Al\/Dl\" \/><\/div>\n<\/div>\n<\/div>\n<\/div>\n","protected":false},"featured_media":10348,"template":"","meta":{"_editorskit_title_hidden":false,"_editorskit_reading_time":0,"_editorskit_is_block_options_detached":false,"_editorskit_block_options_position":"{}","_coblocks_attr":"","_coblocks_dimensions":"","_coblocks_responsive_height":"","_coblocks_accordion_ie_support":"","_crdt_document":"","_monsterinsights_skip_tracking":false,"_monsterinsights_sitenote_active":false,"_monsterinsights_sitenote_note":"","_monsterinsights_sitenote_category":0},"product_brand":[],"product_cat":[28],"product_tag":[],"class_list":{"0":"post-10347","1":"product","2":"type-product","3":"status-publish","4":"has-post-thumbnail","6":"product_cat-microscopes","8":"first","9":"instock","10":"shipping-taxable","11":"purchasable","12":"product-type-simple"},"yoast_head":"<!-- This site is optimized with the Yoast SEO plugin v27.4 - https:\/\/yoast.com\/product\/yoast-seo-wordpress\/ -->\n<title>Kern Microscope invers\u00e9 OCM 168, FL, PH, trino, Abbe-N.A.-0,3-Kondensor fix, 10x-40x, 5W LED, AlDl - Astroshop Maroc<\/title>\n<meta name=\"robots\" content=\"index, follow, max-snippet:-1, max-image-preview:large, max-video-preview:-1\" \/>\n<link rel=\"canonical\" href=\"https:\/\/astroshop.ma\/?product=10347\" \/>\n<meta property=\"og:locale\" content=\"en_US\" \/>\n<meta property=\"og:type\" content=\"article\" \/>\n<meta property=\"og:title\" content=\"Kern Microscope invers\u00e9 OCM 168, FL, PH, trino, Abbe-N.A.-0,3-Kondensor fix, 10x-40x, 5W LED, AlDl - Astroshop Maroc\" \/>\n<meta property=\"og:description\" content=\"&nbsp;   Description du produit   &nbsp;               T\u00e9l\u00e9chargements Brochure (DE)Brochure (EN)Brochure (ES)Brochure (FR)Fiche technique (DE)Fiche technique (EN)Fiche technique (ES)Fiche technique (FR)Fiche Technique (IT)Brochure (IT)\" \/>\n<meta property=\"og:url\" content=\"https:\/\/astroshop.ma\/?product=10347\" \/>\n<meta property=\"og:site_name\" content=\"Astroshop Maroc\" \/>\n<meta property=\"article:modified_time\" content=\"2025-01-25T12:43:52+00:00\" \/>\n<meta property=\"og:image\" content=\"https:\/\/astroshop.ma\/wp-content\/uploads\/2025\/01\/Microscope-inverse-Kern-OCM-168-FL-PH-trino-Abbe-N-A-0-3-Kondensor-fix-10x-40x-5W-LED-Al-Dl.jpg\" \/>\n\t<meta property=\"og:image:width\" content=\"800\" \/>\n\t<meta property=\"og:image:height\" content=\"800\" \/>\n\t<meta property=\"og:image:type\" content=\"image\/jpeg\" \/>\n<meta name=\"twitter:card\" content=\"summary_large_image\" \/>\n<script type=\"application\/ld+json\" class=\"yoast-schema-graph\">{\"@context\":\"https:\\\/\\\/schema.org\",\"@graph\":[{\"@type\":\"WebPage\",\"@id\":\"https:\\\/\\\/astroshop.ma\\\/?product=10347\",\"url\":\"https:\\\/\\\/astroshop.ma\\\/?product=10347\",\"name\":\"Kern Microscope invers\u00e9 OCM 168, FL, PH, trino, Abbe-N.A.-0,3-Kondensor fix, 10x-40x, 5W LED, AlDl - Astroshop Maroc\",\"isPartOf\":{\"@id\":\"https:\\\/\\\/astroshop.ma\\\/#website\"},\"primaryImageOfPage\":{\"@id\":\"https:\\\/\\\/astroshop.ma\\\/?product=10347#primaryimage\"},\"image\":{\"@id\":\"https:\\\/\\\/astroshop.ma\\\/?product=10347#primaryimage\"},\"thumbnailUrl\":\"https:\\\/\\\/astroshop.ma\\\/wp-content\\\/uploads\\\/2025\\\/01\\\/Microscope-inverse-Kern-OCM-168-FL-PH-trino-Abbe-N-A-0-3-Kondensor-fix-10x-40x-5W-LED-Al-Dl.jpg\",\"datePublished\":\"2025-01-25T12:30:34+00:00\",\"dateModified\":\"2025-01-25T12:43:52+00:00\",\"breadcrumb\":{\"@id\":\"https:\\\/\\\/astroshop.ma\\\/?product=10347#breadcrumb\"},\"inLanguage\":\"en-US\",\"potentialAction\":[{\"@type\":\"ReadAction\",\"target\":[\"https:\\\/\\\/astroshop.ma\\\/?product=10347\"]}]},{\"@type\":\"ImageObject\",\"inLanguage\":\"en-US\",\"@id\":\"https:\\\/\\\/astroshop.ma\\\/?product=10347#primaryimage\",\"url\":\"https:\\\/\\\/astroshop.ma\\\/wp-content\\\/uploads\\\/2025\\\/01\\\/Microscope-inverse-Kern-OCM-168-FL-PH-trino-Abbe-N-A-0-3-Kondensor-fix-10x-40x-5W-LED-Al-Dl.jpg\",\"contentUrl\":\"https:\\\/\\\/astroshop.ma\\\/wp-content\\\/uploads\\\/2025\\\/01\\\/Microscope-inverse-Kern-OCM-168-FL-PH-trino-Abbe-N-A-0-3-Kondensor-fix-10x-40x-5W-LED-Al-Dl.jpg\",\"width\":800,\"height\":800},{\"@type\":\"BreadcrumbList\",\"@id\":\"https:\\\/\\\/astroshop.ma\\\/?product=10347#breadcrumb\",\"itemListElement\":[{\"@type\":\"ListItem\",\"position\":1,\"name\":\"Home\",\"item\":\"https:\\\/\\\/astroshop.ma\\\/\"},{\"@type\":\"ListItem\",\"position\":2,\"name\":\"Shop\",\"item\":\"https:\\\/\\\/astroshop.ma\\\/?page_id=394\"},{\"@type\":\"ListItem\",\"position\":3,\"name\":\"Kern Microscope invers\u00e9 OCM 168, FL, PH, trino, Abbe-N.A.-0,3-Kondensor fix, 10x-40x, 5W LED, AlDl\"}]},{\"@type\":\"WebSite\",\"@id\":\"https:\\\/\\\/astroshop.ma\\\/#website\",\"url\":\"https:\\\/\\\/astroshop.ma\\\/\",\"name\":\"Astroshop Maroc\",\"description\":\"Des instruments astronomiques pour chaque astronome au Maroc\",\"publisher\":{\"@id\":\"https:\\\/\\\/astroshop.ma\\\/#organization\"},\"potentialAction\":[{\"@type\":\"SearchAction\",\"target\":{\"@type\":\"EntryPoint\",\"urlTemplate\":\"https:\\\/\\\/astroshop.ma\\\/?s={search_term_string}\"},\"query-input\":{\"@type\":\"PropertyValueSpecification\",\"valueRequired\":true,\"valueName\":\"search_term_string\"}}],\"inLanguage\":\"en-US\"},{\"@type\":\"Organization\",\"@id\":\"https:\\\/\\\/astroshop.ma\\\/#organization\",\"name\":\"Astroshop Maroc\",\"url\":\"https:\\\/\\\/astroshop.ma\\\/\",\"logo\":{\"@type\":\"ImageObject\",\"inLanguage\":\"en-US\",\"@id\":\"https:\\\/\\\/astroshop.ma\\\/#\\\/schema\\\/logo\\\/image\\\/\",\"url\":\"https:\\\/\\\/astroshop.ma\\\/wp-content\\\/uploads\\\/2025\\\/12\\\/M20_Logo_1.jpg\",\"contentUrl\":\"https:\\\/\\\/astroshop.ma\\\/wp-content\\\/uploads\\\/2025\\\/12\\\/M20_Logo_1.jpg\",\"width\":501,\"height\":334,\"caption\":\"Astroshop Maroc\"},\"image\":{\"@id\":\"https:\\\/\\\/astroshop.ma\\\/#\\\/schema\\\/logo\\\/image\\\/\"}}]}<\/script>\n<!-- \/ Yoast SEO plugin. -->","yoast_head_json":{"title":"Kern Microscope invers\u00e9 OCM 168, FL, PH, trino, Abbe-N.A.-0,3-Kondensor fix, 10x-40x, 5W LED, AlDl - Astroshop Maroc","robots":{"index":"index","follow":"follow","max-snippet":"max-snippet:-1","max-image-preview":"max-image-preview:large","max-video-preview":"max-video-preview:-1"},"canonical":"https:\/\/astroshop.ma\/?product=10347","og_locale":"en_US","og_type":"article","og_title":"Kern Microscope invers\u00e9 OCM 168, FL, PH, trino, Abbe-N.A.-0,3-Kondensor fix, 10x-40x, 5W LED, AlDl - Astroshop Maroc","og_description":"&nbsp;   Description du produit   &nbsp;               T\u00e9l\u00e9chargements Brochure (DE)Brochure (EN)Brochure (ES)Brochure (FR)Fiche technique (DE)Fiche technique (EN)Fiche technique (ES)Fiche technique (FR)Fiche Technique (IT)Brochure (IT)","og_url":"https:\/\/astroshop.ma\/?product=10347","og_site_name":"Astroshop Maroc","article_modified_time":"2025-01-25T12:43:52+00:00","og_image":[{"width":800,"height":800,"url":"https:\/\/astroshop.ma\/wp-content\/uploads\/2025\/01\/Microscope-inverse-Kern-OCM-168-FL-PH-trino-Abbe-N-A-0-3-Kondensor-fix-10x-40x-5W-LED-Al-Dl.jpg","type":"image\/jpeg"}],"twitter_card":"summary_large_image","schema":{"@context":"https:\/\/schema.org","@graph":[{"@type":"WebPage","@id":"https:\/\/astroshop.ma\/?product=10347","url":"https:\/\/astroshop.ma\/?product=10347","name":"Kern Microscope invers\u00e9 OCM 168, FL, PH, trino, Abbe-N.A.-0,3-Kondensor fix, 10x-40x, 5W LED, AlDl - Astroshop Maroc","isPartOf":{"@id":"https:\/\/astroshop.ma\/#website"},"primaryImageOfPage":{"@id":"https:\/\/astroshop.ma\/?product=10347#primaryimage"},"image":{"@id":"https:\/\/astroshop.ma\/?product=10347#primaryimage"},"thumbnailUrl":"https:\/\/astroshop.ma\/wp-content\/uploads\/2025\/01\/Microscope-inverse-Kern-OCM-168-FL-PH-trino-Abbe-N-A-0-3-Kondensor-fix-10x-40x-5W-LED-Al-Dl.jpg","datePublished":"2025-01-25T12:30:34+00:00","dateModified":"2025-01-25T12:43:52+00:00","breadcrumb":{"@id":"https:\/\/astroshop.ma\/?product=10347#breadcrumb"},"inLanguage":"en-US","potentialAction":[{"@type":"ReadAction","target":["https:\/\/astroshop.ma\/?product=10347"]}]},{"@type":"ImageObject","inLanguage":"en-US","@id":"https:\/\/astroshop.ma\/?product=10347#primaryimage","url":"https:\/\/astroshop.ma\/wp-content\/uploads\/2025\/01\/Microscope-inverse-Kern-OCM-168-FL-PH-trino-Abbe-N-A-0-3-Kondensor-fix-10x-40x-5W-LED-Al-Dl.jpg","contentUrl":"https:\/\/astroshop.ma\/wp-content\/uploads\/2025\/01\/Microscope-inverse-Kern-OCM-168-FL-PH-trino-Abbe-N-A-0-3-Kondensor-fix-10x-40x-5W-LED-Al-Dl.jpg","width":800,"height":800},{"@type":"BreadcrumbList","@id":"https:\/\/astroshop.ma\/?product=10347#breadcrumb","itemListElement":[{"@type":"ListItem","position":1,"name":"Home","item":"https:\/\/astroshop.ma\/"},{"@type":"ListItem","position":2,"name":"Shop","item":"https:\/\/astroshop.ma\/?page_id=394"},{"@type":"ListItem","position":3,"name":"Kern Microscope invers\u00e9 OCM 168, FL, PH, trino, Abbe-N.A.-0,3-Kondensor fix, 10x-40x, 5W LED, AlDl"}]},{"@type":"WebSite","@id":"https:\/\/astroshop.ma\/#website","url":"https:\/\/astroshop.ma\/","name":"Astroshop Maroc","description":"Des instruments astronomiques pour chaque astronome au Maroc","publisher":{"@id":"https:\/\/astroshop.ma\/#organization"},"potentialAction":[{"@type":"SearchAction","target":{"@type":"EntryPoint","urlTemplate":"https:\/\/astroshop.ma\/?s={search_term_string}"},"query-input":{"@type":"PropertyValueSpecification","valueRequired":true,"valueName":"search_term_string"}}],"inLanguage":"en-US"},{"@type":"Organization","@id":"https:\/\/astroshop.ma\/#organization","name":"Astroshop Maroc","url":"https:\/\/astroshop.ma\/","logo":{"@type":"ImageObject","inLanguage":"en-US","@id":"https:\/\/astroshop.ma\/#\/schema\/logo\/image\/","url":"https:\/\/astroshop.ma\/wp-content\/uploads\/2025\/12\/M20_Logo_1.jpg","contentUrl":"https:\/\/astroshop.ma\/wp-content\/uploads\/2025\/12\/M20_Logo_1.jpg","width":501,"height":334,"caption":"Astroshop Maroc"},"image":{"@id":"https:\/\/astroshop.ma\/#\/schema\/logo\/image\/"}}]}},"_links":{"self":[{"href":"https:\/\/astroshop.ma\/index.php?rest_route=\/wp\/v2\/product\/10347","targetHints":{"allow":["GET"]}}],"collection":[{"href":"https:\/\/astroshop.ma\/index.php?rest_route=\/wp\/v2\/product"}],"about":[{"href":"https:\/\/astroshop.ma\/index.php?rest_route=\/wp\/v2\/types\/product"}],"wp:featuredmedia":[{"embeddable":true,"href":"https:\/\/astroshop.ma\/index.php?rest_route=\/wp\/v2\/media\/10348"}],"wp:attachment":[{"href":"https:\/\/astroshop.ma\/index.php?rest_route=%2Fwp%2Fv2%2Fmedia&parent=10347"}],"wp:term":[{"taxonomy":"product_brand","embeddable":true,"href":"https:\/\/astroshop.ma\/index.php?rest_route=%2Fwp%2Fv2%2Fproduct_brand&post=10347"},{"taxonomy":"product_cat","embeddable":true,"href":"https:\/\/astroshop.ma\/index.php?rest_route=%2Fwp%2Fv2%2Fproduct_cat&post=10347"},{"taxonomy":"product_tag","embeddable":true,"href":"https:\/\/astroshop.ma\/index.php?rest_route=%2Fwp%2Fv2%2Fproduct_tag&post=10347"}],"curies":[{"name":"wp","href":"https:\/\/api.w.org\/{rel}","templated":true}]}}