{"id":10320,"date":"2025-01-25T11:59:27","date_gmt":"2025-01-25T11:59:27","guid":{"rendered":"https:\/\/astroshop.ma\/?post_type=product&#038;p=10320"},"modified":"2025-01-25T12:47:21","modified_gmt":"2025-01-25T12:47:21","slug":"10320","status":"publish","type":"product","link":"https:\/\/astroshop.ma\/?product=10320","title":{"rendered":"Magus Microscope Bio 230BL bino, infinity, 40x-1000x LED"},"content":{"rendered":"<table style=\"border-collapse: collapse; width: 100%; font-family: Arial, sans-serif;\">\n<thead>\n<tr style=\"background-color: #f2f2f2;\">\n<th style=\"padding: 8px; border: 1px solid #ddd;\">Cat\u00e9gorie<\/th>\n<th style=\"padding: 8px; border: 1px solid #ddd;\">D\u00e9tails<\/th>\n<\/tr>\n<\/thead>\n<tbody>\n<tr>\n<td style=\"padding: 8px; border: 1px solid #ddd;\">Optique<\/td>\n<td style=\"padding: 8px; border: 1px solid #ddd;\">Nombre de objectives: 4<\/td>\n<\/tr>\n<tr>\n<td style=\"padding: 8px; border: 1px solid #ddd;\">\u00c9clairage<\/td>\n<td style=\"padding: 8px; border: 1px solid #ddd;\">Lumi\u00e8re transmise<\/td>\n<\/tr>\n<tr>\n<td style=\"padding: 8px; border: 1px solid #ddd;\">Courbure de champ<\/td>\n<td style=\"padding: 8px; border: 1px solid #ddd;\">Sans<\/td>\n<\/tr>\n<tr>\n<td style=\"padding: 8px; border: 1px solid #ddd;\">Correction des couleurs<\/td>\n<td style=\"padding: 8px; border: 1px solid #ddd;\">Achromatique<\/td>\n<\/tr>\n<tr>\n<td style=\"padding: 8px; border: 1px solid #ddd;\">Condenseur<\/td>\n<td style=\"padding: 8px; border: 1px solid #ddd;\">Abbe<\/td>\n<\/tr>\n<tr>\n<td style=\"padding: 8px; border: 1px solid #ddd;\">Type de lampe<\/td>\n<td style=\"padding: 8px; border: 1px solid #ddd;\">LED<\/td>\n<\/tr>\n<tr>\n<td style=\"padding: 8px; border: 1px solid #ddd;\">Objectifs<\/td>\n<td style=\"padding: 8px; border: 1px solid #ddd;\">14x\/0,1<br \/>\n210x\/0,25<br \/>\n340x\/0,65<br \/>\n4100x\/1,25<\/td>\n<\/tr>\n<tr>\n<td style=\"padding: 8px; border: 1px solid #ddd;\">Type de l\u00b4objective<\/td>\n<td style=\"padding: 8px; border: 1px solid #ddd;\">Achromatique<\/td>\n<\/tr>\n<tr>\n<td style=\"padding: 8px; border: 1px solid #ddd;\">Oculaire<\/td>\n<td style=\"padding: 8px; border: 1px solid #ddd;\">10<\/td>\n<\/tr>\n<tr>\n<td style=\"padding: 8px; border: 1px solid #ddd;\">Alimentation \u00e9lectrique<\/td>\n<td style=\"padding: 8px; border: 1px solid #ddd;\">Alimentation \u00e9lectrique<\/td>\n<\/tr>\n<tr>\n<td style=\"padding: 8px; border: 1px solid #ddd;\">Grossissement<\/td>\n<td style=\"padding: 8px; border: 1px solid #ddd;\">40-1000<\/td>\n<\/tr>\n<tr>\n<td style=\"padding: 8px; border: 1px solid #ddd;\">Syst\u00e8me optique<\/td>\n<td style=\"padding: 8px; border: 1px solid #ddd;\">Infini<\/td>\n<\/tr>\n<tr>\n<td style=\"padding: 8px; border: 1px solid #ddd;\">Syst\u00e8me m\u00e9canique<\/td>\n<td style=\"padding: 8px; border: 1px solid #ddd;\">Distance de travail (mm): 18,89 (4x); 5,95 (10x); 0,775 (40x); 0,36 (100x); 2,61\/8,80 (20x); 0,46 (60x)<br \/>\nType de construction: Binoculaire<\/td>\n<\/tr>\n<tr>\n<td style=\"padding: 8px; border: 1px solid #ddd;\">Posture d&#8217;observation (\u00b0)<\/td>\n<td style=\"padding: 8px; border: 1px solid #ddd;\">30<\/td>\n<\/tr>\n<tr>\n<td style=\"padding: 8px; border: 1px solid #ddd;\">Mise au point<\/td>\n<td style=\"padding: 8px; border: 1px solid #ddd;\">Mouvement rapide \/ fin<\/td>\n<\/tr>\n<tr>\n<td style=\"padding: 8px; border: 1px solid #ddd;\">Platine porte-objet<\/td>\n<td style=\"padding: 8px; border: 1px solid #ddd;\">Platine \u00e0 chariot crois\u00e9<\/td>\n<\/tr>\n<tr>\n<td style=\"padding: 8px; border: 1px solid #ddd;\">Diam\u00e8tre tube oculaire (mm)<\/td>\n<td style=\"padding: 8px; border: 1px solid #ddd;\">23,2<\/td>\n<\/tr>\n<tr>\n<td style=\"padding: 8px; border: 1px solid #ddd;\">Distance interpupillaire (mm)<\/td>\n<td style=\"padding: 8px; border: 1px solid #ddd;\">48-75<\/td>\n<\/tr>\n<tr>\n<td style=\"padding: 8px; border: 1px solid #ddd;\">Revolver<\/td>\n<td style=\"padding: 8px; border: 1px solid #ddd;\">5<\/td>\n<\/tr>\n<tr>\n<td style=\"padding: 8px; border: 1px solid #ddd;\">Particularit\u00e9s<\/td>\n<td style=\"padding: 8px; border: 1px solid #ddd;\">Sac de protection contre la poussi\u00e8re: Oui<\/td>\n<\/tr>\n<tr>\n<td style=\"padding: 8px; border: 1px solid #ddd;\">Donn\u00e9es g\u00e9n\u00e9rales<\/td>\n<td style=\"padding: 8px; border: 1px solid #ddd;\">S\u00e9rie: BIO<\/td>\n<\/tr>\n<tr>\n<td style=\"padding: 8px; border: 1px solid #ddd;\">Domaine d&#8217;expertise<\/td>\n<td style=\"padding: 8px; border: 1px solid #ddd;\">Hobby: Oui<\/td>\n<\/tr>\n<tr>\n<td style=\"padding: 8px; border: 1px solid #ddd;\">Domaine d\u00b4emploi<\/td>\n<td style=\"padding: 8px; border: 1px solid #ddd;\">Naturaliste: Oui<br \/>\nAnalyse des parasites: Oui<\/td>\n<\/tr>\n<\/tbody>\n<\/table>\n","protected":false},"excerpt":{"rendered":"<div class=\"display-flex fd-column\">\n<div id=\"description\" class=\"cnt-text-box\">\n<h2 class=\"hdl-01\">Description du produit<\/h2>\n<div class=\"text-justify\">\n<p>&nbsp;<\/p>\n<\/div>\n<\/div>\n<div class=\"gtc-container gtc-container-hidden\" data-action=\"gtc-container\">\n<div id=\"specifications\" class=\"page-container\">\n<div class=\"auto-col-container clearfix\">\n<div class=\"single-col\"><\/div>\n<\/div>\n<\/div>\n<\/div>\n<div class=\"gtc-container gtc-container-hidden\" data-action=\"gtc-container\">\n<div class=\"gtc-gradient gtc-gradient-hidden\" data-action=\"gtc-btn\">\n<div class=\"gtc-text classic-link\">\n<div data-action=\"gtc-text\" data-gtcid=\"accessories\"><\/div>\n<\/div>\n<\/div>\n<\/div>\n<\/div>\n<div class=\"display-flex fd-column hide-below-bp2\">\n<div class=\"cnt-text-box\">\n<div class=\"pad-16v\">\n<div class=\"cursor-zoomin\" data-type=\"btn-js\" data-action=\"opengallery-9\"><img decoding=\"async\" src=\"https:\/\/www.astroshop.de\/Produktbilder\/big\/84979_2.jpg\" alt=\"Microscope MAGUS Bio 230BL bino, infinity, 40x-1000x LED\" \/><\/div>\n<\/div>\n<\/div>\n<\/div>\n","protected":false},"featured_media":10321,"template":"","meta":{"_editorskit_title_hidden":false,"_editorskit_reading_time":0,"_editorskit_is_block_options_detached":false,"_editorskit_block_options_position":"{}","_coblocks_attr":"","_coblocks_dimensions":"","_coblocks_responsive_height":"","_coblocks_accordion_ie_support":"","_crdt_document":"","_monsterinsights_skip_tracking":false,"_monsterinsights_sitenote_active":false,"_monsterinsights_sitenote_note":"","_monsterinsights_sitenote_category":0},"product_brand":[],"product_cat":[28],"product_tag":[],"class_list":{"0":"post-10320","1":"product","2":"type-product","3":"status-publish","4":"has-post-thumbnail","6":"product_cat-microscopes","8":"first","9":"instock","10":"shipping-taxable","11":"purchasable","12":"product-type-simple"},"yoast_head":"<!-- This site is optimized with the Yoast SEO plugin v27.4 - https:\/\/yoast.com\/product\/yoast-seo-wordpress\/ -->\n<title>Magus Microscope Bio 230BL bino, infinity, 40x-1000x LED - Astroshop Maroc<\/title>\n<meta name=\"robots\" content=\"index, follow, max-snippet:-1, max-image-preview:large, max-video-preview:-1\" \/>\n<link rel=\"canonical\" href=\"https:\/\/astroshop.ma\/?product=10320\" \/>\n<meta property=\"og:locale\" content=\"en_US\" \/>\n<meta property=\"og:type\" content=\"article\" \/>\n<meta property=\"og:title\" content=\"Magus Microscope Bio 230BL bino, infinity, 40x-1000x LED - Astroshop Maroc\" \/>\n<meta property=\"og:description\" content=\"Description du produit   &nbsp;\" \/>\n<meta property=\"og:url\" content=\"https:\/\/astroshop.ma\/?product=10320\" \/>\n<meta property=\"og:site_name\" content=\"Astroshop Maroc\" \/>\n<meta property=\"article:modified_time\" content=\"2025-01-25T12:47:21+00:00\" \/>\n<meta property=\"og:image\" content=\"https:\/\/astroshop.ma\/wp-content\/uploads\/2025\/01\/MAGUS-Microscope-Bio-230BL-bino-infinity-40x-1000x-LED-9.jpg\" \/>\n\t<meta property=\"og:image:width\" content=\"800\" \/>\n\t<meta property=\"og:image:height\" content=\"800\" \/>\n\t<meta property=\"og:image:type\" content=\"image\/jpeg\" \/>\n<meta name=\"twitter:card\" content=\"summary_large_image\" \/>\n<meta name=\"twitter:label1\" content=\"Est. reading time\" \/>\n\t<meta name=\"twitter:data1\" content=\"1 minute\" \/>\n<script type=\"application\/ld+json\" class=\"yoast-schema-graph\">{\"@context\":\"https:\\\/\\\/schema.org\",\"@graph\":[{\"@type\":\"WebPage\",\"@id\":\"https:\\\/\\\/astroshop.ma\\\/?product=10320\",\"url\":\"https:\\\/\\\/astroshop.ma\\\/?product=10320\",\"name\":\"Magus Microscope Bio 230BL bino, infinity, 40x-1000x LED - Astroshop Maroc\",\"isPartOf\":{\"@id\":\"https:\\\/\\\/astroshop.ma\\\/#website\"},\"primaryImageOfPage\":{\"@id\":\"https:\\\/\\\/astroshop.ma\\\/?product=10320#primaryimage\"},\"image\":{\"@id\":\"https:\\\/\\\/astroshop.ma\\\/?product=10320#primaryimage\"},\"thumbnailUrl\":\"https:\\\/\\\/astroshop.ma\\\/wp-content\\\/uploads\\\/2025\\\/01\\\/MAGUS-Microscope-Bio-230BL-bino-infinity-40x-1000x-LED-9.jpg\",\"datePublished\":\"2025-01-25T11:59:27+00:00\",\"dateModified\":\"2025-01-25T12:47:21+00:00\",\"breadcrumb\":{\"@id\":\"https:\\\/\\\/astroshop.ma\\\/?product=10320#breadcrumb\"},\"inLanguage\":\"en-US\",\"potentialAction\":[{\"@type\":\"ReadAction\",\"target\":[\"https:\\\/\\\/astroshop.ma\\\/?product=10320\"]}]},{\"@type\":\"ImageObject\",\"inLanguage\":\"en-US\",\"@id\":\"https:\\\/\\\/astroshop.ma\\\/?product=10320#primaryimage\",\"url\":\"https:\\\/\\\/astroshop.ma\\\/wp-content\\\/uploads\\\/2025\\\/01\\\/MAGUS-Microscope-Bio-230BL-bino-infinity-40x-1000x-LED-9.jpg\",\"contentUrl\":\"https:\\\/\\\/astroshop.ma\\\/wp-content\\\/uploads\\\/2025\\\/01\\\/MAGUS-Microscope-Bio-230BL-bino-infinity-40x-1000x-LED-9.jpg\",\"width\":800,\"height\":800},{\"@type\":\"BreadcrumbList\",\"@id\":\"https:\\\/\\\/astroshop.ma\\\/?product=10320#breadcrumb\",\"itemListElement\":[{\"@type\":\"ListItem\",\"position\":1,\"name\":\"Home\",\"item\":\"https:\\\/\\\/astroshop.ma\\\/\"},{\"@type\":\"ListItem\",\"position\":2,\"name\":\"Shop\",\"item\":\"https:\\\/\\\/astroshop.ma\\\/?page_id=394\"},{\"@type\":\"ListItem\",\"position\":3,\"name\":\"Magus Microscope Bio 230BL bino, infinity, 40x-1000x LED\"}]},{\"@type\":\"WebSite\",\"@id\":\"https:\\\/\\\/astroshop.ma\\\/#website\",\"url\":\"https:\\\/\\\/astroshop.ma\\\/\",\"name\":\"Astroshop Maroc\",\"description\":\"Des instruments astronomiques pour chaque astronome au Maroc\",\"publisher\":{\"@id\":\"https:\\\/\\\/astroshop.ma\\\/#organization\"},\"potentialAction\":[{\"@type\":\"SearchAction\",\"target\":{\"@type\":\"EntryPoint\",\"urlTemplate\":\"https:\\\/\\\/astroshop.ma\\\/?s={search_term_string}\"},\"query-input\":{\"@type\":\"PropertyValueSpecification\",\"valueRequired\":true,\"valueName\":\"search_term_string\"}}],\"inLanguage\":\"en-US\"},{\"@type\":\"Organization\",\"@id\":\"https:\\\/\\\/astroshop.ma\\\/#organization\",\"name\":\"Astroshop Maroc\",\"url\":\"https:\\\/\\\/astroshop.ma\\\/\",\"logo\":{\"@type\":\"ImageObject\",\"inLanguage\":\"en-US\",\"@id\":\"https:\\\/\\\/astroshop.ma\\\/#\\\/schema\\\/logo\\\/image\\\/\",\"url\":\"https:\\\/\\\/astroshop.ma\\\/wp-content\\\/uploads\\\/2025\\\/12\\\/M20_Logo_1.jpg\",\"contentUrl\":\"https:\\\/\\\/astroshop.ma\\\/wp-content\\\/uploads\\\/2025\\\/12\\\/M20_Logo_1.jpg\",\"width\":501,\"height\":334,\"caption\":\"Astroshop Maroc\"},\"image\":{\"@id\":\"https:\\\/\\\/astroshop.ma\\\/#\\\/schema\\\/logo\\\/image\\\/\"}}]}<\/script>\n<!-- \/ Yoast SEO plugin. -->","yoast_head_json":{"title":"Magus Microscope Bio 230BL bino, infinity, 40x-1000x LED - Astroshop Maroc","robots":{"index":"index","follow":"follow","max-snippet":"max-snippet:-1","max-image-preview":"max-image-preview:large","max-video-preview":"max-video-preview:-1"},"canonical":"https:\/\/astroshop.ma\/?product=10320","og_locale":"en_US","og_type":"article","og_title":"Magus Microscope Bio 230BL bino, infinity, 40x-1000x LED - Astroshop Maroc","og_description":"Description du produit   &nbsp;","og_url":"https:\/\/astroshop.ma\/?product=10320","og_site_name":"Astroshop Maroc","article_modified_time":"2025-01-25T12:47:21+00:00","og_image":[{"width":800,"height":800,"url":"https:\/\/astroshop.ma\/wp-content\/uploads\/2025\/01\/MAGUS-Microscope-Bio-230BL-bino-infinity-40x-1000x-LED-9.jpg","type":"image\/jpeg"}],"twitter_card":"summary_large_image","twitter_misc":{"Est. reading time":"1 minute"},"schema":{"@context":"https:\/\/schema.org","@graph":[{"@type":"WebPage","@id":"https:\/\/astroshop.ma\/?product=10320","url":"https:\/\/astroshop.ma\/?product=10320","name":"Magus Microscope Bio 230BL bino, infinity, 40x-1000x LED - Astroshop Maroc","isPartOf":{"@id":"https:\/\/astroshop.ma\/#website"},"primaryImageOfPage":{"@id":"https:\/\/astroshop.ma\/?product=10320#primaryimage"},"image":{"@id":"https:\/\/astroshop.ma\/?product=10320#primaryimage"},"thumbnailUrl":"https:\/\/astroshop.ma\/wp-content\/uploads\/2025\/01\/MAGUS-Microscope-Bio-230BL-bino-infinity-40x-1000x-LED-9.jpg","datePublished":"2025-01-25T11:59:27+00:00","dateModified":"2025-01-25T12:47:21+00:00","breadcrumb":{"@id":"https:\/\/astroshop.ma\/?product=10320#breadcrumb"},"inLanguage":"en-US","potentialAction":[{"@type":"ReadAction","target":["https:\/\/astroshop.ma\/?product=10320"]}]},{"@type":"ImageObject","inLanguage":"en-US","@id":"https:\/\/astroshop.ma\/?product=10320#primaryimage","url":"https:\/\/astroshop.ma\/wp-content\/uploads\/2025\/01\/MAGUS-Microscope-Bio-230BL-bino-infinity-40x-1000x-LED-9.jpg","contentUrl":"https:\/\/astroshop.ma\/wp-content\/uploads\/2025\/01\/MAGUS-Microscope-Bio-230BL-bino-infinity-40x-1000x-LED-9.jpg","width":800,"height":800},{"@type":"BreadcrumbList","@id":"https:\/\/astroshop.ma\/?product=10320#breadcrumb","itemListElement":[{"@type":"ListItem","position":1,"name":"Home","item":"https:\/\/astroshop.ma\/"},{"@type":"ListItem","position":2,"name":"Shop","item":"https:\/\/astroshop.ma\/?page_id=394"},{"@type":"ListItem","position":3,"name":"Magus Microscope Bio 230BL bino, infinity, 40x-1000x LED"}]},{"@type":"WebSite","@id":"https:\/\/astroshop.ma\/#website","url":"https:\/\/astroshop.ma\/","name":"Astroshop Maroc","description":"Des instruments astronomiques pour chaque astronome au Maroc","publisher":{"@id":"https:\/\/astroshop.ma\/#organization"},"potentialAction":[{"@type":"SearchAction","target":{"@type":"EntryPoint","urlTemplate":"https:\/\/astroshop.ma\/?s={search_term_string}"},"query-input":{"@type":"PropertyValueSpecification","valueRequired":true,"valueName":"search_term_string"}}],"inLanguage":"en-US"},{"@type":"Organization","@id":"https:\/\/astroshop.ma\/#organization","name":"Astroshop Maroc","url":"https:\/\/astroshop.ma\/","logo":{"@type":"ImageObject","inLanguage":"en-US","@id":"https:\/\/astroshop.ma\/#\/schema\/logo\/image\/","url":"https:\/\/astroshop.ma\/wp-content\/uploads\/2025\/12\/M20_Logo_1.jpg","contentUrl":"https:\/\/astroshop.ma\/wp-content\/uploads\/2025\/12\/M20_Logo_1.jpg","width":501,"height":334,"caption":"Astroshop Maroc"},"image":{"@id":"https:\/\/astroshop.ma\/#\/schema\/logo\/image\/"}}]}},"_links":{"self":[{"href":"https:\/\/astroshop.ma\/index.php?rest_route=\/wp\/v2\/product\/10320","targetHints":{"allow":["GET"]}}],"collection":[{"href":"https:\/\/astroshop.ma\/index.php?rest_route=\/wp\/v2\/product"}],"about":[{"href":"https:\/\/astroshop.ma\/index.php?rest_route=\/wp\/v2\/types\/product"}],"wp:featuredmedia":[{"embeddable":true,"href":"https:\/\/astroshop.ma\/index.php?rest_route=\/wp\/v2\/media\/10321"}],"wp:attachment":[{"href":"https:\/\/astroshop.ma\/index.php?rest_route=%2Fwp%2Fv2%2Fmedia&parent=10320"}],"wp:term":[{"taxonomy":"product_brand","embeddable":true,"href":"https:\/\/astroshop.ma\/index.php?rest_route=%2Fwp%2Fv2%2Fproduct_brand&post=10320"},{"taxonomy":"product_cat","embeddable":true,"href":"https:\/\/astroshop.ma\/index.php?rest_route=%2Fwp%2Fv2%2Fproduct_cat&post=10320"},{"taxonomy":"product_tag","embeddable":true,"href":"https:\/\/astroshop.ma\/index.php?rest_route=%2Fwp%2Fv2%2Fproduct_tag&post=10320"}],"curies":[{"name":"wp","href":"https:\/\/api.w.org\/{rel}","templated":true}]}}