{"id":10284,"date":"2025-01-20T13:45:39","date_gmt":"2025-01-20T13:45:39","guid":{"rendered":"https:\/\/astroshop.ma\/?post_type=product&#038;p=10284"},"modified":"2025-11-19T08:06:52","modified_gmt":"2025-11-19T08:06:52","slug":"vaonis-smart-telescope-vespera-pro-ap-50-250","status":"publish","type":"product","link":"https:\/\/astroshop.ma\/?product=vaonis-smart-telescope-vespera-pro-ap-50-250","title":{"rendered":"Vaonis Smart Telescope Vespera PRO AP 50\/250"},"content":{"rendered":"<table border=\"1\" cellspacing=\"0\" cellpadding=\"5\">\n<tbody>\n<tr>\n<th colspan=\"2\">Sp\u00e9cifications<\/th>\n<\/tr>\n<tr>\n<th colspan=\"2\">Optique<\/th>\n<\/tr>\n<tr>\n<td>Type<\/td>\n<td>Lunette<\/td>\n<\/tr>\n<tr>\n<td>Type de construction<\/td>\n<td>Smart Telescopes<\/td>\n<\/tr>\n<tr>\n<td>Ouverture (mm)<\/td>\n<td>50<\/td>\n<\/tr>\n<tr>\n<td>Focale (mm)<\/td>\n<td>250<\/td>\n<\/tr>\n<tr>\n<td>Grandissement de l\u00b4ouverture (f\/)<\/td>\n<td>5<\/td>\n<\/tr>\n<tr>\n<td>Construction de tube<\/td>\n<td>Tube plein<\/td>\n<\/tr>\n<tr>\n<th colspan=\"2\">Porte-oculaire<\/th>\n<\/tr>\n<tr>\n<td>Type de construction<\/td>\n<td>sans<\/td>\n<\/tr>\n<tr>\n<th colspan=\"2\">Monture<\/th>\n<\/tr>\n<tr>\n<td>Type de monture<\/td>\n<td>Azimutale<\/td>\n<\/tr>\n<tr>\n<td>Commande GoTo<\/td>\n<td>oui<\/td>\n<\/tr>\n<tr>\n<td>Dur\u00e9e de vie batterie (h)<\/td>\n<td>11<\/td>\n<\/tr>\n<tr>\n<td>Motors<\/td>\n<td>Moteurs pas \u00e0 pas<\/td>\n<\/tr>\n<tr>\n<td>Commande GoTo &#8211; M\u00e9thode d&#8217;alignement<\/td>\n<td>automatique<\/td>\n<\/tr>\n<tr>\n<td>Base de donn\u00e9es<\/td>\n<td>200+<\/td>\n<\/tr>\n<tr>\n<td>WIFI<\/td>\n<td>oui<\/td>\n<\/tr>\n<tr>\n<th colspan=\"2\">Tr\u00e9pied<\/th>\n<\/tr>\n<tr>\n<td>Type<\/td>\n<td>Tr\u00e9pied<\/td>\n<\/tr>\n<tr>\n<td>Nivelle<\/td>\n<td>oui<\/td>\n<\/tr>\n<tr>\n<th colspan=\"2\">Accessoires inclus<\/th>\n<\/tr>\n<tr>\n<td>Filtres solaires<\/td>\n<td>non<\/td>\n<\/tr>\n<tr>\n<td>Valise de transport<\/td>\n<td>oui<\/td>\n<\/tr>\n<tr>\n<th colspan=\"2\">Donn\u00e9es g\u00e9n\u00e9rales<\/th>\n<\/tr>\n<tr>\n<td>Poids total (kg)<\/td>\n<td>5<\/td>\n<\/tr>\n<tr>\n<td>Couleur<\/td>\n<td>blanc<\/td>\n<\/tr>\n<tr>\n<td>Longueur (mm)<\/td>\n<td>200<\/td>\n<\/tr>\n<tr>\n<td>Largeur (mm)<\/td>\n<td>90<\/td>\n<\/tr>\n<tr>\n<td>Hauteur (mm)<\/td>\n<td>400<\/td>\n<\/tr>\n<tr>\n<td>S\u00e9rie<\/td>\n<td>Vespera<\/td>\n<\/tr>\n<tr>\n<th colspan=\"2\">Domaine d\u00b4emploi<\/th>\n<\/tr>\n<tr>\n<td>Astrophotographie<\/td>\n<td>oui (automatique)<\/td>\n<\/tr>\n<tr>\n<td>N\u00e9buleuses &amp; galaxies<\/td>\n<td>oui<\/td>\n<\/tr>\n<tr>\n<td>Lune &amp; plan\u00e8tes<\/td>\n<td>non recommand\u00e9<\/td>\n<\/tr>\n<tr>\n<td>Observation de la nature<\/td>\n<td>non<\/td>\n<\/tr>\n<tr>\n<td>Soleil<\/td>\n<td>non (Seulement avec filtre solaire appropri\u00e9)<\/td>\n<\/tr>\n<\/tbody>\n<\/table>\n","protected":false},"excerpt":{"rendered":"<p><img loading=\"lazy\" decoding=\"async\" class=\"alignnone size-full wp-image-9669\" src=\"https:\/\/astroshop.ma\/wp-content\/uploads\/2024\/04\/Vaonis.jpg\" alt=\"\" width=\"300\" height=\"150\" srcset=\"https:\/\/astroshop.ma\/wp-content\/uploads\/2024\/04\/Vaonis.jpg 300w, https:\/\/astroshop.ma\/wp-content\/uploads\/2024\/04\/Vaonis-64x32.jpg 64w\" sizes=\"auto, (max-width: 300px) 100vw, 300px\" \/><\/p>\n<p>&nbsp;<\/p>\n<form id=\"cart-form\" action=\"https:\/\/www.astroshop.de\/fr\/cart\" method=\"post\">\n<div class=\"display-flex fd-row fw-wrap\">\n<div class=\"display-flex fd-column\">\n<div id=\"description\" class=\"cnt-text-box\">\n<h2 class=\"hdl-01\">Description du produit<\/h2>\n<div class=\"text-justify\">\n<p>&nbsp;<\/p>\n<div>\n<p><b>L&#8217;important ce n&#8217;est pas uniquement le t\u00e9lescope qu&#8217;on ach\u00e8te, mais \u00e9galement le vendeur chez qui on l&#8217;ach\u00e8te. Ce qui fait notre diff\u00e9rence:<\/b><\/p>\n<ul>\n<li>Nous sommes l&#8217;un des principaux distributeurs de t\u00e9lescopes et nous connaissons bien le mat\u00e9riel. Notre\u00a0<b>service apr\u00e8s-vente<\/b>\u00a0se tient donc \u00e0 votre disposition,\u00a0<b>m\u00eame apr\u00e8s l&#8217;achat<\/b>, si vous rencontrez des probl\u00e8mes de montage ou d&#8217;utilisation<\/li>\n<li>Un manuel de 80 pages pour d\u00e9butant,\u00a0<a href=\"https:\/\/www.astroshop.de\/fr\/magazine\/connaissances\/connaissance-du-telescope\/l-abc-du-telescope-n-le-manuel-pour-l-initiation\/i,1729\">l&#8217;ABC du t\u00e9lescope<\/a>, est livr\u00e9 avec chaque t\u00e9lescope<\/li>\n<\/ul>\n<\/div>\n<p>&nbsp;<\/p>\n<\/div>\n<\/div>\n<div class=\"gtc-container gtc-container-hidden\" data-action=\"gtc-container\">\n<div id=\"specifications\" class=\"page-container\">\n<div class=\"auto-col-container clearfix\">\n<div class=\"single-col\"><\/div>\n<\/div>\n<\/div>\n<\/div>\n<div class=\"gtc-container gtc-container-hidden\" data-action=\"gtc-container\">\n<div class=\"gtc-gradient gtc-gradient-hidden\" data-action=\"gtc-btn\">\n<div class=\"gtc-text classic-link\">\n<div data-action=\"gtc-text\" data-gtcid=\"accessories\"><\/div>\n<\/div>\n<\/div>\n<\/div>\n<\/div>\n<div class=\"display-flex fd-column hide-below-bp2\">\n<div class=\"cnt-text-box\">\n<div class=\"pad-8\">\n<div class=\"cursor-zoomin\" data-type=\"btn-js\" data-action=\"opengallery-0\"><img decoding=\"async\" src=\"https:\/\/www.astroshop.de\/Produktbilder\/big\/79871_16.jpg\" alt=\"Smart Telescope Vaonis Vespera PRO AP 50\/250\" \/><\/div>\n<\/div>\n<div class=\"pad-8\">\n<div class=\"cursor-zoomin\" data-type=\"btn-js\" data-action=\"opengallery-1\"><img decoding=\"async\" src=\"https:\/\/www.astroshop.de\/Produktbilder\/big\/79871_2.jpg\" alt=\"Smart Telescope Vaonis Vespera PRO AP 50\/250\" \/><\/div>\n<\/div>\n<div class=\"pad-8\">\n<div class=\"cursor-zoomin\" data-type=\"btn-js\" data-action=\"opengallery-2\"><img decoding=\"async\" src=\"https:\/\/www.astroshop.de\/Produktbilder\/big\/79871_3.jpg\" alt=\"Smart Telescope Vaonis Vespera PRO AP 50\/250\" \/><\/div>\n<\/div>\n<div class=\"pad-8\">\n<div class=\"cursor-zoomin\" data-type=\"btn-js\" data-action=\"opengallery-3\"><img decoding=\"async\" src=\"https:\/\/www.astroshop.de\/Produktbilder\/big\/79871_4.jpg\" alt=\"Smart Telescope Vaonis Vespera PRO AP 50\/250\" \/><\/div>\n<\/div>\n<div class=\"pad-8\">\n<div class=\"cursor-zoomin\" data-type=\"btn-js\" data-action=\"opengallery-4\"><img decoding=\"async\" src=\"https:\/\/www.astroshop.de\/Produktbilder\/big\/79871_5.jpg\" alt=\"Smart Telescope Vaonis Vespera PRO AP 50\/250\" \/><\/div>\n<\/div>\n<div class=\"pad-8\">\n<div class=\"cursor-zoomin\" data-type=\"btn-js\" data-action=\"opengallery-5\"><img decoding=\"async\" src=\"https:\/\/www.astroshop.de\/Produktbilder\/big\/79871_6.jpg\" alt=\"Smart Telescope Vaonis Vespera PRO AP 50\/250\" \/><\/div>\n<\/div>\n<div class=\"pad-8\">\n<div class=\"cursor-zoomin\" data-type=\"btn-js\" data-action=\"opengallery-6\"><img decoding=\"async\" src=\"https:\/\/www.astroshop.de\/Produktbilder\/big\/79871_8.jpg\" alt=\"Smart Telescope Vaonis Vespera PRO AP 50\/250\" \/><\/div>\n<\/div>\n<div class=\"pad-8\">\n<div class=\"cursor-zoomin\" data-type=\"btn-js\" data-action=\"opengallery-7\"><img decoding=\"async\" src=\"https:\/\/www.astroshop.de\/Produktbilder\/big\/79871_10.jpg\" alt=\"Smart Telescope Vaonis Vespera PRO AP 50\/250\" \/><\/div>\n<\/div>\n<div class=\"pad-8\">\n<div class=\"cursor-zoomin\" data-type=\"btn-js\" data-action=\"opengallery-8\"><img decoding=\"async\" src=\"https:\/\/www.astroshop.de\/Produktbilder\/big\/79871_11.jpg\" alt=\"Smart Telescope Vaonis Vespera PRO AP 50\/250\" \/><\/div>\n<\/div>\n<div class=\"pad-8\">\n<div class=\"cursor-zoomin\" data-type=\"btn-js\" data-action=\"opengallery-9\"><img decoding=\"async\" src=\"https:\/\/www.astroshop.de\/Produktbilder\/big\/79871_12.jpg\" alt=\"Smart Telescope Vaonis Vespera PRO AP 50\/250\" \/><\/div>\n<\/div>\n<div class=\"pad-8\">\n<div class=\"cursor-zoomin\" data-type=\"btn-js\" data-action=\"opengallery-10\"><img decoding=\"async\" src=\"https:\/\/www.astroshop.de\/Produktbilder\/big\/79871_17.jpg\" alt=\"Smart Telescope Vaonis Vespera PRO AP 50\/250\" \/><\/div>\n<\/div>\n<div class=\"pad-8\">\n<div class=\"cursor-zoomin\" data-type=\"btn-js\" data-action=\"opengallery-11\"><img decoding=\"async\" src=\"https:\/\/www.astroshop.de\/Produktbilder\/big\/79871_18.jpg\" alt=\"Smart Telescope Vaonis Vespera PRO AP 50\/250\" \/><\/div>\n<\/div>\n<div class=\"pad-8\">\n<div class=\"cursor-zoomin\" data-type=\"btn-js\" data-action=\"opengallery-12\"><img decoding=\"async\" src=\"https:\/\/www.astroshop.de\/Produktbilder\/big\/79871_19.jpg\" alt=\"Smart Telescope Vaonis Vespera PRO AP 50\/250\" \/><\/div>\n<\/div>\n<div class=\"pad-8\">\n<div class=\"cursor-zoomin\" data-type=\"btn-js\" data-action=\"opengallery-13\"><img decoding=\"async\" src=\"https:\/\/www.astroshop.de\/Produktbilder\/big\/79871_20.jpg\" alt=\"Smart Telescope Vaonis Vespera PRO AP 50\/250\" \/><\/div>\n<\/div>\n<\/div>\n<\/div>\n<\/div>\n<\/form>\n<div id=\"reviews\">\n<p class=\"note\">\n<\/div>\n","protected":false},"featured_media":10285,"template":"","meta":{"_editorskit_title_hidden":false,"_editorskit_reading_time":0,"_editorskit_is_block_options_detached":false,"_editorskit_block_options_position":"{}","_coblocks_attr":"","_coblocks_dimensions":"","_coblocks_responsive_height":"","_coblocks_accordion_ie_support":"","_crdt_document":"","_monsterinsights_skip_tracking":false,"_monsterinsights_sitenote_active":false,"_monsterinsights_sitenote_note":"","_monsterinsights_sitenote_category":0},"product_brand":[],"product_cat":[143,22,192],"product_tag":[],"class_list":{"0":"post-10284","1":"product","2":"type-product","3":"status-publish","4":"has-post-thumbnail","6":"product_cat-smart-telescopes","7":"product_cat-telescopes","8":"product_cat-telescopes-complets","10":"first","11":"instock","12":"shipping-taxable","13":"purchasable","14":"product-type-simple"},"yoast_head":"<!-- This site is optimized with the Yoast SEO plugin v27.4 - https:\/\/yoast.com\/product\/yoast-seo-wordpress\/ -->\n<title>Vaonis Smart Telescope Vespera PRO AP 50\/250 - Astroshop Maroc<\/title>\n<meta name=\"robots\" content=\"index, follow, max-snippet:-1, max-image-preview:large, max-video-preview:-1\" \/>\n<link rel=\"canonical\" href=\"https:\/\/astroshop.ma\/?product=vaonis-smart-telescope-vespera-pro-ap-50-250\" \/>\n<meta property=\"og:locale\" content=\"en_US\" \/>\n<meta property=\"og:type\" content=\"article\" \/>\n<meta property=\"og:title\" content=\"Vaonis Smart Telescope Vespera PRO AP 50\/250 - Astroshop Maroc\" \/>\n<meta property=\"og:description\" content=\"&nbsp;      Description du produit   &nbsp;   L&#039;important ce n&#039;est pas uniquement le t\u00e9lescope qu&#039;on ach\u00e8te, mais \u00e9galement le vendeur chez qui on l&#039;ach\u00e8te. Ce qui fait notre diff\u00e9rence:   Nous sommes l&#039;un des principaux distributeurs de t\u00e9lescopes et nous connaissons bien le mat\u00e9riel. Notre\u00a0service apr\u00e8s-vente\u00a0se tient donc \u00e0 votre disposition,\u00a0m\u00eame apr\u00e8s l&#039;achat, si vous rencontrez des probl\u00e8mes de montage ou d&#039;utilisation  Un manuel de 80 pages pour d\u00e9butant,\u00a0l&#039;ABC du t\u00e9lescope, est livr\u00e9 avec chaque t\u00e9lescope   &nbsp;\" \/>\n<meta property=\"og:url\" content=\"https:\/\/astroshop.ma\/?product=vaonis-smart-telescope-vespera-pro-ap-50-250\" \/>\n<meta property=\"og:site_name\" content=\"Astroshop Maroc\" \/>\n<meta property=\"article:modified_time\" content=\"2025-11-19T08:06:52+00:00\" \/>\n<meta property=\"og:image\" content=\"https:\/\/astroshop.ma\/wp-content\/uploads\/2025\/01\/Smart-Telescope-Vaonis-Vespera-PRO-AP-50-250-14.jpg\" \/>\n\t<meta property=\"og:image:width\" content=\"800\" \/>\n\t<meta property=\"og:image:height\" content=\"800\" \/>\n\t<meta property=\"og:image:type\" content=\"image\/jpeg\" \/>\n<meta name=\"twitter:card\" content=\"summary_large_image\" \/>\n<meta name=\"twitter:label1\" content=\"Est. reading time\" \/>\n\t<meta name=\"twitter:data1\" content=\"1 minute\" \/>\n<script type=\"application\/ld+json\" class=\"yoast-schema-graph\">{\"@context\":\"https:\\\/\\\/schema.org\",\"@graph\":[{\"@type\":\"WebPage\",\"@id\":\"https:\\\/\\\/astroshop.ma\\\/?product=vaonis-smart-telescope-vespera-pro-ap-50-250\",\"url\":\"https:\\\/\\\/astroshop.ma\\\/?product=vaonis-smart-telescope-vespera-pro-ap-50-250\",\"name\":\"Vaonis Smart Telescope Vespera PRO AP 50\\\/250 - Astroshop Maroc\",\"isPartOf\":{\"@id\":\"https:\\\/\\\/astroshop.ma\\\/#website\"},\"primaryImageOfPage\":{\"@id\":\"https:\\\/\\\/astroshop.ma\\\/?product=vaonis-smart-telescope-vespera-pro-ap-50-250#primaryimage\"},\"image\":{\"@id\":\"https:\\\/\\\/astroshop.ma\\\/?product=vaonis-smart-telescope-vespera-pro-ap-50-250#primaryimage\"},\"thumbnailUrl\":\"https:\\\/\\\/astroshop.ma\\\/wp-content\\\/uploads\\\/2025\\\/01\\\/Smart-Telescope-Vaonis-Vespera-PRO-AP-50-250-14.jpg\",\"datePublished\":\"2025-01-20T13:45:39+00:00\",\"dateModified\":\"2025-11-19T08:06:52+00:00\",\"breadcrumb\":{\"@id\":\"https:\\\/\\\/astroshop.ma\\\/?product=vaonis-smart-telescope-vespera-pro-ap-50-250#breadcrumb\"},\"inLanguage\":\"en-US\",\"potentialAction\":[{\"@type\":\"ReadAction\",\"target\":[\"https:\\\/\\\/astroshop.ma\\\/?product=vaonis-smart-telescope-vespera-pro-ap-50-250\"]}]},{\"@type\":\"ImageObject\",\"inLanguage\":\"en-US\",\"@id\":\"https:\\\/\\\/astroshop.ma\\\/?product=vaonis-smart-telescope-vespera-pro-ap-50-250#primaryimage\",\"url\":\"https:\\\/\\\/astroshop.ma\\\/wp-content\\\/uploads\\\/2025\\\/01\\\/Smart-Telescope-Vaonis-Vespera-PRO-AP-50-250-14.jpg\",\"contentUrl\":\"https:\\\/\\\/astroshop.ma\\\/wp-content\\\/uploads\\\/2025\\\/01\\\/Smart-Telescope-Vaonis-Vespera-PRO-AP-50-250-14.jpg\",\"width\":800,\"height\":800},{\"@type\":\"BreadcrumbList\",\"@id\":\"https:\\\/\\\/astroshop.ma\\\/?product=vaonis-smart-telescope-vespera-pro-ap-50-250#breadcrumb\",\"itemListElement\":[{\"@type\":\"ListItem\",\"position\":1,\"name\":\"Home\",\"item\":\"https:\\\/\\\/astroshop.ma\\\/\"},{\"@type\":\"ListItem\",\"position\":2,\"name\":\"Shop\",\"item\":\"https:\\\/\\\/astroshop.ma\\\/?page_id=394\"},{\"@type\":\"ListItem\",\"position\":3,\"name\":\"Vaonis Smart Telescope Vespera PRO AP 50\\\/250\"}]},{\"@type\":\"WebSite\",\"@id\":\"https:\\\/\\\/astroshop.ma\\\/#website\",\"url\":\"https:\\\/\\\/astroshop.ma\\\/\",\"name\":\"Astroshop Maroc\",\"description\":\"Des instruments astronomiques pour chaque astronome au Maroc\",\"publisher\":{\"@id\":\"https:\\\/\\\/astroshop.ma\\\/#organization\"},\"potentialAction\":[{\"@type\":\"SearchAction\",\"target\":{\"@type\":\"EntryPoint\",\"urlTemplate\":\"https:\\\/\\\/astroshop.ma\\\/?s={search_term_string}\"},\"query-input\":{\"@type\":\"PropertyValueSpecification\",\"valueRequired\":true,\"valueName\":\"search_term_string\"}}],\"inLanguage\":\"en-US\"},{\"@type\":\"Organization\",\"@id\":\"https:\\\/\\\/astroshop.ma\\\/#organization\",\"name\":\"Astroshop Maroc\",\"url\":\"https:\\\/\\\/astroshop.ma\\\/\",\"logo\":{\"@type\":\"ImageObject\",\"inLanguage\":\"en-US\",\"@id\":\"https:\\\/\\\/astroshop.ma\\\/#\\\/schema\\\/logo\\\/image\\\/\",\"url\":\"https:\\\/\\\/astroshop.ma\\\/wp-content\\\/uploads\\\/2025\\\/12\\\/M20_Logo_1.jpg\",\"contentUrl\":\"https:\\\/\\\/astroshop.ma\\\/wp-content\\\/uploads\\\/2025\\\/12\\\/M20_Logo_1.jpg\",\"width\":501,\"height\":334,\"caption\":\"Astroshop Maroc\"},\"image\":{\"@id\":\"https:\\\/\\\/astroshop.ma\\\/#\\\/schema\\\/logo\\\/image\\\/\"}}]}<\/script>\n<!-- \/ Yoast SEO plugin. -->","yoast_head_json":{"title":"Vaonis Smart Telescope Vespera PRO AP 50\/250 - Astroshop Maroc","robots":{"index":"index","follow":"follow","max-snippet":"max-snippet:-1","max-image-preview":"max-image-preview:large","max-video-preview":"max-video-preview:-1"},"canonical":"https:\/\/astroshop.ma\/?product=vaonis-smart-telescope-vespera-pro-ap-50-250","og_locale":"en_US","og_type":"article","og_title":"Vaonis Smart Telescope Vespera PRO AP 50\/250 - Astroshop Maroc","og_description":"&nbsp;      Description du produit   &nbsp;   L'important ce n'est pas uniquement le t\u00e9lescope qu'on ach\u00e8te, mais \u00e9galement le vendeur chez qui on l'ach\u00e8te. Ce qui fait notre diff\u00e9rence:   Nous sommes l'un des principaux distributeurs de t\u00e9lescopes et nous connaissons bien le mat\u00e9riel. Notre\u00a0service apr\u00e8s-vente\u00a0se tient donc \u00e0 votre disposition,\u00a0m\u00eame apr\u00e8s l'achat, si vous rencontrez des probl\u00e8mes de montage ou d'utilisation  Un manuel de 80 pages pour d\u00e9butant,\u00a0l'ABC du t\u00e9lescope, est livr\u00e9 avec chaque t\u00e9lescope   &nbsp;","og_url":"https:\/\/astroshop.ma\/?product=vaonis-smart-telescope-vespera-pro-ap-50-250","og_site_name":"Astroshop Maroc","article_modified_time":"2025-11-19T08:06:52+00:00","og_image":[{"width":800,"height":800,"url":"https:\/\/astroshop.ma\/wp-content\/uploads\/2025\/01\/Smart-Telescope-Vaonis-Vespera-PRO-AP-50-250-14.jpg","type":"image\/jpeg"}],"twitter_card":"summary_large_image","twitter_misc":{"Est. reading time":"1 minute"},"schema":{"@context":"https:\/\/schema.org","@graph":[{"@type":"WebPage","@id":"https:\/\/astroshop.ma\/?product=vaonis-smart-telescope-vespera-pro-ap-50-250","url":"https:\/\/astroshop.ma\/?product=vaonis-smart-telescope-vespera-pro-ap-50-250","name":"Vaonis Smart Telescope Vespera PRO AP 50\/250 - Astroshop Maroc","isPartOf":{"@id":"https:\/\/astroshop.ma\/#website"},"primaryImageOfPage":{"@id":"https:\/\/astroshop.ma\/?product=vaonis-smart-telescope-vespera-pro-ap-50-250#primaryimage"},"image":{"@id":"https:\/\/astroshop.ma\/?product=vaonis-smart-telescope-vespera-pro-ap-50-250#primaryimage"},"thumbnailUrl":"https:\/\/astroshop.ma\/wp-content\/uploads\/2025\/01\/Smart-Telescope-Vaonis-Vespera-PRO-AP-50-250-14.jpg","datePublished":"2025-01-20T13:45:39+00:00","dateModified":"2025-11-19T08:06:52+00:00","breadcrumb":{"@id":"https:\/\/astroshop.ma\/?product=vaonis-smart-telescope-vespera-pro-ap-50-250#breadcrumb"},"inLanguage":"en-US","potentialAction":[{"@type":"ReadAction","target":["https:\/\/astroshop.ma\/?product=vaonis-smart-telescope-vespera-pro-ap-50-250"]}]},{"@type":"ImageObject","inLanguage":"en-US","@id":"https:\/\/astroshop.ma\/?product=vaonis-smart-telescope-vespera-pro-ap-50-250#primaryimage","url":"https:\/\/astroshop.ma\/wp-content\/uploads\/2025\/01\/Smart-Telescope-Vaonis-Vespera-PRO-AP-50-250-14.jpg","contentUrl":"https:\/\/astroshop.ma\/wp-content\/uploads\/2025\/01\/Smart-Telescope-Vaonis-Vespera-PRO-AP-50-250-14.jpg","width":800,"height":800},{"@type":"BreadcrumbList","@id":"https:\/\/astroshop.ma\/?product=vaonis-smart-telescope-vespera-pro-ap-50-250#breadcrumb","itemListElement":[{"@type":"ListItem","position":1,"name":"Home","item":"https:\/\/astroshop.ma\/"},{"@type":"ListItem","position":2,"name":"Shop","item":"https:\/\/astroshop.ma\/?page_id=394"},{"@type":"ListItem","position":3,"name":"Vaonis Smart Telescope Vespera PRO AP 50\/250"}]},{"@type":"WebSite","@id":"https:\/\/astroshop.ma\/#website","url":"https:\/\/astroshop.ma\/","name":"Astroshop Maroc","description":"Des instruments astronomiques pour chaque astronome au Maroc","publisher":{"@id":"https:\/\/astroshop.ma\/#organization"},"potentialAction":[{"@type":"SearchAction","target":{"@type":"EntryPoint","urlTemplate":"https:\/\/astroshop.ma\/?s={search_term_string}"},"query-input":{"@type":"PropertyValueSpecification","valueRequired":true,"valueName":"search_term_string"}}],"inLanguage":"en-US"},{"@type":"Organization","@id":"https:\/\/astroshop.ma\/#organization","name":"Astroshop Maroc","url":"https:\/\/astroshop.ma\/","logo":{"@type":"ImageObject","inLanguage":"en-US","@id":"https:\/\/astroshop.ma\/#\/schema\/logo\/image\/","url":"https:\/\/astroshop.ma\/wp-content\/uploads\/2025\/12\/M20_Logo_1.jpg","contentUrl":"https:\/\/astroshop.ma\/wp-content\/uploads\/2025\/12\/M20_Logo_1.jpg","width":501,"height":334,"caption":"Astroshop Maroc"},"image":{"@id":"https:\/\/astroshop.ma\/#\/schema\/logo\/image\/"}}]}},"_links":{"self":[{"href":"https:\/\/astroshop.ma\/index.php?rest_route=\/wp\/v2\/product\/10284","targetHints":{"allow":["GET"]}}],"collection":[{"href":"https:\/\/astroshop.ma\/index.php?rest_route=\/wp\/v2\/product"}],"about":[{"href":"https:\/\/astroshop.ma\/index.php?rest_route=\/wp\/v2\/types\/product"}],"wp:featuredmedia":[{"embeddable":true,"href":"https:\/\/astroshop.ma\/index.php?rest_route=\/wp\/v2\/media\/10285"}],"wp:attachment":[{"href":"https:\/\/astroshop.ma\/index.php?rest_route=%2Fwp%2Fv2%2Fmedia&parent=10284"}],"wp:term":[{"taxonomy":"product_brand","embeddable":true,"href":"https:\/\/astroshop.ma\/index.php?rest_route=%2Fwp%2Fv2%2Fproduct_brand&post=10284"},{"taxonomy":"product_cat","embeddable":true,"href":"https:\/\/astroshop.ma\/index.php?rest_route=%2Fwp%2Fv2%2Fproduct_cat&post=10284"},{"taxonomy":"product_tag","embeddable":true,"href":"https:\/\/astroshop.ma\/index.php?rest_route=%2Fwp%2Fv2%2Fproduct_tag&post=10284"}],"curies":[{"name":"wp","href":"https:\/\/api.w.org\/{rel}","templated":true}]}}