{"id":10221,"date":"2025-01-06T11:20:26","date_gmt":"2025-01-06T11:20:26","guid":{"rendered":"https:\/\/astroshop.ma\/?post_type=product&#038;p=10221"},"modified":"2025-01-06T12:31:16","modified_gmt":"2025-01-06T12:31:16","slug":"adaptateur-smartphone-nexyz-3-axis","status":"publish","type":"product","link":"https:\/\/astroshop.ma\/?product=adaptateur-smartphone-nexyz-3-axis","title":{"rendered":"Adaptateur Smartphone NexYZ 3-Axis"},"content":{"rendered":"","protected":false},"excerpt":{"rendered":"<p><img loading=\"lazy\" decoding=\"async\" class=\"alignnone size-full wp-image-10222\" src=\"https:\/\/astroshop.ma\/wp-content\/uploads\/2025\/01\/Celestron.jpg\" alt=\"\" width=\"300\" height=\"150\" srcset=\"https:\/\/astroshop.ma\/wp-content\/uploads\/2025\/01\/Celestron.jpg 300w, https:\/\/astroshop.ma\/wp-content\/uploads\/2025\/01\/Celestron-64x32.jpg 64w\" sizes=\"auto, (max-width: 300px) 100vw, 300px\" \/><\/p>\n<p>&nbsp;<\/p>\n<div class=\"description ng-scope\">\n<p><strong>Celestron propose un adaptateur sp\u00e9cial pour fixer votre smartphone sur la plupart des oculaires (coulant 31.75mm ou 50.8mm voir 25mm de large pour ceux \u00e9quipant les microscopes \u00e0 l&#8217;aide d&#8217;un adaptateur inclus)<\/strong>. Gr\u00e2ce \u00e0 un astucieux syst\u00e8me de serrage, vous pourrez bloquer facilement l&#8217;adaptateur suivant la largeur de vos oculaires. La pince de serrage et la molette de blocage permettent une utilisation en toute s\u00e9curit\u00e9. La plateforme est ajustable et peut s\u2019adapter \u00e0 tous les t\u00e9l\u00e9phones \u2013 en g\u00e9n\u00e9ral m\u00eame avec une coque de protection.<\/p>\n<p><strong>Qu\u2019est ce qui rend le Celestron NexYZ diff\u00e9rent des autres adaptateurs pour smartphone ?<\/strong>\u00a0Le r\u00e9glage sur trois axes. Avec de nombreux adaptateurs c&#8217;est \u00e0 l&#8217;utilisateur de positionner le t\u00e9l\u00e9phone sur la plateforme avec un r\u00e9glage limit\u00e9 sur les deux axes. Mais, NexYZ, lui, vous offre la possibilit\u00e9 de le centrer sur l\u2019oculaire avec les molettes X et Y afin d\u2019ajuster au mieux votre smartphone pour obtenir un champ de vision complet pour la photographie.<\/p>\n<p>Avec ce r\u00e9glage d&#8217;une extr\u00eame pr\u00e9cision, son utilisation est aussi rapide que facile.\u00a0<strong>Du d\u00e9but \u00e0 la fin, l\u2019installation prend seulement 30 secondes !<\/strong>\u00a0De plus, si vous deviez \u00e9changer les t\u00e9l\u00e9phones, les oculaires ou les instruments optiques, seuls de petits r\u00e9glages seront n\u00e9cessaires afin de centrer \u00e0 nouveau l\u2019appareil sur le nouvel oculaire. Vous pouvez aussi changer votre image de portrait \u00e0 paysage seulement en tournant la pince de serrage de l\u2019oculaire et en r\u00e9glant \u00e0 nouveau les axes X, Y et Z afin d\u2019aligner \u00e0 nouveau votre t\u00e9l\u00e9phone sur l\u2019oculaire.<\/p>\n<p><strong>Prenez de belles photos de la Lune, de paysages, facilement, apr\u00e8s r\u00e9glages de la nettet\u00e9 de votre instrument<\/strong>.<\/p>\n<h4>Caract\u00e9ristiques<\/h4>\n<ul>\n<li>Largeur min-max (du smartphone) : 65 \u00e0 90mm<\/li>\n<li>Oculaires compatibles : de 35 \u00e0 60mm de large (25mm avec un adaptateur inclus)<\/li>\n<li>Construction : Structure en m\u00e9tal moul\u00e9 \/ corps en plastique renforc\u00e9<\/li>\n<li>Poids : 283g<\/li>\n<\/ul>\n<\/div>\n<div class=\"ng-scope\"><iframe loading=\"lazy\" title=\"YouTube video player\" src=\"https:\/\/www.youtube.com\/embed\/-tdu8Dwwi4g\" width=\"560\" height=\"315\" frameborder=\"0\" allowfullscreen=\"allowfullscreen\" data-mce-fragment=\"1\"><\/iframe><\/div>\n","protected":false},"featured_media":10223,"template":"","meta":{"_editorskit_title_hidden":false,"_editorskit_reading_time":0,"_editorskit_is_block_options_detached":false,"_editorskit_block_options_position":"{}","_coblocks_attr":"","_coblocks_dimensions":"","_coblocks_responsive_height":"","_coblocks_accordion_ie_support":"","_crdt_document":"","_monsterinsights_skip_tracking":false,"_monsterinsights_sitenote_active":false,"_monsterinsights_sitenote_note":"","_monsterinsights_sitenote_category":0},"product_brand":[],"product_cat":[23,158],"product_tag":[],"class_list":{"0":"post-10221","1":"product","2":"type-product","3":"status-publish","4":"has-post-thumbnail","6":"product_cat-telescope-accessories","7":"product_cat-adaptateur-smartphone","9":"first","10":"instock","11":"shipping-taxable","12":"purchasable","13":"product-type-simple"},"yoast_head":"<!-- This site is optimized with the Yoast SEO plugin v27.4 - https:\/\/yoast.com\/product\/yoast-seo-wordpress\/ -->\n<title>Adaptateur Smartphone NexYZ 3-Axis - Astroshop Maroc<\/title>\n<meta name=\"robots\" content=\"index, follow, max-snippet:-1, max-image-preview:large, max-video-preview:-1\" \/>\n<link rel=\"canonical\" href=\"https:\/\/astroshop.ma\/?product=adaptateur-smartphone-nexyz-3-axis\" \/>\n<meta property=\"og:locale\" content=\"en_US\" \/>\n<meta property=\"og:type\" content=\"article\" \/>\n<meta property=\"og:title\" content=\"Adaptateur Smartphone NexYZ 3-Axis - Astroshop Maroc\" \/>\n<meta property=\"og:description\" content=\"&nbsp;   Celestron propose un adaptateur sp\u00e9cial pour fixer votre smartphone sur la plupart des oculaires (coulant 31.75mm ou 50.8mm voir 25mm de large pour ceux \u00e9quipant les microscopes \u00e0 l&#039;aide d&#039;un adaptateur inclus). Gr\u00e2ce \u00e0 un astucieux syst\u00e8me de serrage, vous pourrez bloquer facilement l&#039;adaptateur suivant la largeur de vos oculaires. La pince de serrage et la molette de blocage permettent une utilisation en toute s\u00e9curit\u00e9. La plateforme est ajustable et peut s\u2019adapter \u00e0 tous les t\u00e9l\u00e9phones \u2013 en g\u00e9n\u00e9ral m\u00eame avec une coque de protection.  Qu\u2019est ce qui rend le Celestron NexYZ diff\u00e9rent des autres adaptateurs pour smartphone ?\u00a0Le r\u00e9glage sur trois axes. Avec de nombreux adaptateurs c&#039;est \u00e0 l&#039;utilisateur de positionner le t\u00e9l\u00e9phone sur la plateforme avec un r\u00e9glage limit\u00e9 sur les deux axes. Mais, NexYZ, lui, vous offre la possibilit\u00e9 de le centrer sur l\u2019oculaire avec les molettes X et Y afin d\u2019ajuster au mieux votre smartphone pour obtenir un champ de vision complet pour la photographie.  Avec ce r\u00e9glage d&#039;une extr\u00eame pr\u00e9cision, son utilisation est aussi rapide que facile.\u00a0Du d\u00e9but \u00e0 la fin, l\u2019installation prend seulement 30 secondes !\u00a0De plus, si vous deviez \u00e9changer les t\u00e9l\u00e9phones, les oculaires ou les instruments optiques, seuls de petits r\u00e9glages seront n\u00e9cessaires afin de centrer \u00e0 nouveau l\u2019appareil sur le nouvel oculaire. Vous pouvez aussi changer votre image de portrait \u00e0 paysage seulement en tournant la pince de serrage de l\u2019oculaire et en r\u00e9glant \u00e0 nouveau les axes X, Y et Z afin d\u2019aligner \u00e0 nouveau votre t\u00e9l\u00e9phone sur l\u2019oculaire.  Prenez de belles photos de la Lune, de paysages, facilement, apr\u00e8s r\u00e9glages de la nettet\u00e9 de votre instrument. Caract\u00e9ristiques   Largeur min-max (du smartphone) : 65 \u00e0 90mm  Oculaires compatibles : de 35 \u00e0 60mm de large (25mm avec un adaptateur inclus)  Construction : Structure en m\u00e9tal moul\u00e9 \/ corps en plastique renforc\u00e9  Poids : 283g\" \/>\n<meta property=\"og:url\" content=\"https:\/\/astroshop.ma\/?product=adaptateur-smartphone-nexyz-3-axis\" \/>\n<meta property=\"og:site_name\" content=\"Astroshop Maroc\" \/>\n<meta property=\"article:modified_time\" content=\"2025-01-06T12:31:16+00:00\" \/>\n<meta property=\"og:image\" content=\"https:\/\/astroshop.ma\/wp-content\/uploads\/2025\/01\/CE81055-5x1200-1.jpg\" \/>\n\t<meta property=\"og:image:width\" content=\"1200\" \/>\n\t<meta property=\"og:image:height\" content=\"1200\" \/>\n\t<meta property=\"og:image:type\" content=\"image\/jpeg\" \/>\n<meta name=\"twitter:card\" content=\"summary_large_image\" \/>\n<script type=\"application\/ld+json\" class=\"yoast-schema-graph\">{\"@context\":\"https:\\\/\\\/schema.org\",\"@graph\":[{\"@type\":\"WebPage\",\"@id\":\"https:\\\/\\\/astroshop.ma\\\/?product=adaptateur-smartphone-nexyz-3-axis\",\"url\":\"https:\\\/\\\/astroshop.ma\\\/?product=adaptateur-smartphone-nexyz-3-axis\",\"name\":\"Adaptateur Smartphone NexYZ 3-Axis - Astroshop Maroc\",\"isPartOf\":{\"@id\":\"https:\\\/\\\/astroshop.ma\\\/#website\"},\"primaryImageOfPage\":{\"@id\":\"https:\\\/\\\/astroshop.ma\\\/?product=adaptateur-smartphone-nexyz-3-axis#primaryimage\"},\"image\":{\"@id\":\"https:\\\/\\\/astroshop.ma\\\/?product=adaptateur-smartphone-nexyz-3-axis#primaryimage\"},\"thumbnailUrl\":\"https:\\\/\\\/astroshop.ma\\\/wp-content\\\/uploads\\\/2025\\\/01\\\/CE81055-5x1200-1.jpg\",\"datePublished\":\"2025-01-06T11:20:26+00:00\",\"dateModified\":\"2025-01-06T12:31:16+00:00\",\"breadcrumb\":{\"@id\":\"https:\\\/\\\/astroshop.ma\\\/?product=adaptateur-smartphone-nexyz-3-axis#breadcrumb\"},\"inLanguage\":\"en-US\",\"potentialAction\":[{\"@type\":\"ReadAction\",\"target\":[\"https:\\\/\\\/astroshop.ma\\\/?product=adaptateur-smartphone-nexyz-3-axis\"]}]},{\"@type\":\"ImageObject\",\"inLanguage\":\"en-US\",\"@id\":\"https:\\\/\\\/astroshop.ma\\\/?product=adaptateur-smartphone-nexyz-3-axis#primaryimage\",\"url\":\"https:\\\/\\\/astroshop.ma\\\/wp-content\\\/uploads\\\/2025\\\/01\\\/CE81055-5x1200-1.jpg\",\"contentUrl\":\"https:\\\/\\\/astroshop.ma\\\/wp-content\\\/uploads\\\/2025\\\/01\\\/CE81055-5x1200-1.jpg\",\"width\":1200,\"height\":1200},{\"@type\":\"BreadcrumbList\",\"@id\":\"https:\\\/\\\/astroshop.ma\\\/?product=adaptateur-smartphone-nexyz-3-axis#breadcrumb\",\"itemListElement\":[{\"@type\":\"ListItem\",\"position\":1,\"name\":\"Home\",\"item\":\"https:\\\/\\\/astroshop.ma\\\/\"},{\"@type\":\"ListItem\",\"position\":2,\"name\":\"Shop\",\"item\":\"https:\\\/\\\/astroshop.ma\\\/?page_id=394\"},{\"@type\":\"ListItem\",\"position\":3,\"name\":\"Adaptateur Smartphone NexYZ 3-Axis\"}]},{\"@type\":\"WebSite\",\"@id\":\"https:\\\/\\\/astroshop.ma\\\/#website\",\"url\":\"https:\\\/\\\/astroshop.ma\\\/\",\"name\":\"Astroshop Maroc\",\"description\":\"Des instruments astronomiques pour chaque astronome au Maroc\",\"publisher\":{\"@id\":\"https:\\\/\\\/astroshop.ma\\\/#organization\"},\"potentialAction\":[{\"@type\":\"SearchAction\",\"target\":{\"@type\":\"EntryPoint\",\"urlTemplate\":\"https:\\\/\\\/astroshop.ma\\\/?s={search_term_string}\"},\"query-input\":{\"@type\":\"PropertyValueSpecification\",\"valueRequired\":true,\"valueName\":\"search_term_string\"}}],\"inLanguage\":\"en-US\"},{\"@type\":\"Organization\",\"@id\":\"https:\\\/\\\/astroshop.ma\\\/#organization\",\"name\":\"Astroshop Maroc\",\"url\":\"https:\\\/\\\/astroshop.ma\\\/\",\"logo\":{\"@type\":\"ImageObject\",\"inLanguage\":\"en-US\",\"@id\":\"https:\\\/\\\/astroshop.ma\\\/#\\\/schema\\\/logo\\\/image\\\/\",\"url\":\"https:\\\/\\\/astroshop.ma\\\/wp-content\\\/uploads\\\/2025\\\/12\\\/M20_Logo_1.jpg\",\"contentUrl\":\"https:\\\/\\\/astroshop.ma\\\/wp-content\\\/uploads\\\/2025\\\/12\\\/M20_Logo_1.jpg\",\"width\":501,\"height\":334,\"caption\":\"Astroshop Maroc\"},\"image\":{\"@id\":\"https:\\\/\\\/astroshop.ma\\\/#\\\/schema\\\/logo\\\/image\\\/\"}}]}<\/script>\n<!-- \/ Yoast SEO plugin. -->","yoast_head_json":{"title":"Adaptateur Smartphone NexYZ 3-Axis - Astroshop Maroc","robots":{"index":"index","follow":"follow","max-snippet":"max-snippet:-1","max-image-preview":"max-image-preview:large","max-video-preview":"max-video-preview:-1"},"canonical":"https:\/\/astroshop.ma\/?product=adaptateur-smartphone-nexyz-3-axis","og_locale":"en_US","og_type":"article","og_title":"Adaptateur Smartphone NexYZ 3-Axis - Astroshop Maroc","og_description":"&nbsp;   Celestron propose un adaptateur sp\u00e9cial pour fixer votre smartphone sur la plupart des oculaires (coulant 31.75mm ou 50.8mm voir 25mm de large pour ceux \u00e9quipant les microscopes \u00e0 l'aide d'un adaptateur inclus). Gr\u00e2ce \u00e0 un astucieux syst\u00e8me de serrage, vous pourrez bloquer facilement l'adaptateur suivant la largeur de vos oculaires. La pince de serrage et la molette de blocage permettent une utilisation en toute s\u00e9curit\u00e9. La plateforme est ajustable et peut s\u2019adapter \u00e0 tous les t\u00e9l\u00e9phones \u2013 en g\u00e9n\u00e9ral m\u00eame avec une coque de protection.  Qu\u2019est ce qui rend le Celestron NexYZ diff\u00e9rent des autres adaptateurs pour smartphone ?\u00a0Le r\u00e9glage sur trois axes. Avec de nombreux adaptateurs c'est \u00e0 l'utilisateur de positionner le t\u00e9l\u00e9phone sur la plateforme avec un r\u00e9glage limit\u00e9 sur les deux axes. Mais, NexYZ, lui, vous offre la possibilit\u00e9 de le centrer sur l\u2019oculaire avec les molettes X et Y afin d\u2019ajuster au mieux votre smartphone pour obtenir un champ de vision complet pour la photographie.  Avec ce r\u00e9glage d'une extr\u00eame pr\u00e9cision, son utilisation est aussi rapide que facile.\u00a0Du d\u00e9but \u00e0 la fin, l\u2019installation prend seulement 30 secondes !\u00a0De plus, si vous deviez \u00e9changer les t\u00e9l\u00e9phones, les oculaires ou les instruments optiques, seuls de petits r\u00e9glages seront n\u00e9cessaires afin de centrer \u00e0 nouveau l\u2019appareil sur le nouvel oculaire. Vous pouvez aussi changer votre image de portrait \u00e0 paysage seulement en tournant la pince de serrage de l\u2019oculaire et en r\u00e9glant \u00e0 nouveau les axes X, Y et Z afin d\u2019aligner \u00e0 nouveau votre t\u00e9l\u00e9phone sur l\u2019oculaire.  Prenez de belles photos de la Lune, de paysages, facilement, apr\u00e8s r\u00e9glages de la nettet\u00e9 de votre instrument. Caract\u00e9ristiques   Largeur min-max (du smartphone) : 65 \u00e0 90mm  Oculaires compatibles : de 35 \u00e0 60mm de large (25mm avec un adaptateur inclus)  Construction : Structure en m\u00e9tal moul\u00e9 \/ corps en plastique renforc\u00e9  Poids : 283g","og_url":"https:\/\/astroshop.ma\/?product=adaptateur-smartphone-nexyz-3-axis","og_site_name":"Astroshop Maroc","article_modified_time":"2025-01-06T12:31:16+00:00","og_image":[{"width":1200,"height":1200,"url":"https:\/\/astroshop.ma\/wp-content\/uploads\/2025\/01\/CE81055-5x1200-1.jpg","type":"image\/jpeg"}],"twitter_card":"summary_large_image","schema":{"@context":"https:\/\/schema.org","@graph":[{"@type":"WebPage","@id":"https:\/\/astroshop.ma\/?product=adaptateur-smartphone-nexyz-3-axis","url":"https:\/\/astroshop.ma\/?product=adaptateur-smartphone-nexyz-3-axis","name":"Adaptateur Smartphone NexYZ 3-Axis - Astroshop Maroc","isPartOf":{"@id":"https:\/\/astroshop.ma\/#website"},"primaryImageOfPage":{"@id":"https:\/\/astroshop.ma\/?product=adaptateur-smartphone-nexyz-3-axis#primaryimage"},"image":{"@id":"https:\/\/astroshop.ma\/?product=adaptateur-smartphone-nexyz-3-axis#primaryimage"},"thumbnailUrl":"https:\/\/astroshop.ma\/wp-content\/uploads\/2025\/01\/CE81055-5x1200-1.jpg","datePublished":"2025-01-06T11:20:26+00:00","dateModified":"2025-01-06T12:31:16+00:00","breadcrumb":{"@id":"https:\/\/astroshop.ma\/?product=adaptateur-smartphone-nexyz-3-axis#breadcrumb"},"inLanguage":"en-US","potentialAction":[{"@type":"ReadAction","target":["https:\/\/astroshop.ma\/?product=adaptateur-smartphone-nexyz-3-axis"]}]},{"@type":"ImageObject","inLanguage":"en-US","@id":"https:\/\/astroshop.ma\/?product=adaptateur-smartphone-nexyz-3-axis#primaryimage","url":"https:\/\/astroshop.ma\/wp-content\/uploads\/2025\/01\/CE81055-5x1200-1.jpg","contentUrl":"https:\/\/astroshop.ma\/wp-content\/uploads\/2025\/01\/CE81055-5x1200-1.jpg","width":1200,"height":1200},{"@type":"BreadcrumbList","@id":"https:\/\/astroshop.ma\/?product=adaptateur-smartphone-nexyz-3-axis#breadcrumb","itemListElement":[{"@type":"ListItem","position":1,"name":"Home","item":"https:\/\/astroshop.ma\/"},{"@type":"ListItem","position":2,"name":"Shop","item":"https:\/\/astroshop.ma\/?page_id=394"},{"@type":"ListItem","position":3,"name":"Adaptateur Smartphone NexYZ 3-Axis"}]},{"@type":"WebSite","@id":"https:\/\/astroshop.ma\/#website","url":"https:\/\/astroshop.ma\/","name":"Astroshop Maroc","description":"Des instruments astronomiques pour chaque astronome au Maroc","publisher":{"@id":"https:\/\/astroshop.ma\/#organization"},"potentialAction":[{"@type":"SearchAction","target":{"@type":"EntryPoint","urlTemplate":"https:\/\/astroshop.ma\/?s={search_term_string}"},"query-input":{"@type":"PropertyValueSpecification","valueRequired":true,"valueName":"search_term_string"}}],"inLanguage":"en-US"},{"@type":"Organization","@id":"https:\/\/astroshop.ma\/#organization","name":"Astroshop Maroc","url":"https:\/\/astroshop.ma\/","logo":{"@type":"ImageObject","inLanguage":"en-US","@id":"https:\/\/astroshop.ma\/#\/schema\/logo\/image\/","url":"https:\/\/astroshop.ma\/wp-content\/uploads\/2025\/12\/M20_Logo_1.jpg","contentUrl":"https:\/\/astroshop.ma\/wp-content\/uploads\/2025\/12\/M20_Logo_1.jpg","width":501,"height":334,"caption":"Astroshop Maroc"},"image":{"@id":"https:\/\/astroshop.ma\/#\/schema\/logo\/image\/"}}]}},"_links":{"self":[{"href":"https:\/\/astroshop.ma\/index.php?rest_route=\/wp\/v2\/product\/10221","targetHints":{"allow":["GET"]}}],"collection":[{"href":"https:\/\/astroshop.ma\/index.php?rest_route=\/wp\/v2\/product"}],"about":[{"href":"https:\/\/astroshop.ma\/index.php?rest_route=\/wp\/v2\/types\/product"}],"wp:featuredmedia":[{"embeddable":true,"href":"https:\/\/astroshop.ma\/index.php?rest_route=\/wp\/v2\/media\/10223"}],"wp:attachment":[{"href":"https:\/\/astroshop.ma\/index.php?rest_route=%2Fwp%2Fv2%2Fmedia&parent=10221"}],"wp:term":[{"taxonomy":"product_brand","embeddable":true,"href":"https:\/\/astroshop.ma\/index.php?rest_route=%2Fwp%2Fv2%2Fproduct_brand&post=10221"},{"taxonomy":"product_cat","embeddable":true,"href":"https:\/\/astroshop.ma\/index.php?rest_route=%2Fwp%2Fv2%2Fproduct_cat&post=10221"},{"taxonomy":"product_tag","embeddable":true,"href":"https:\/\/astroshop.ma\/index.php?rest_route=%2Fwp%2Fv2%2Fproduct_tag&post=10221"}],"curies":[{"name":"wp","href":"https:\/\/api.w.org\/{rel}","templated":true}]}}