{"id":10215,"date":"2024-12-10T08:59:02","date_gmt":"2024-12-10T08:59:02","guid":{"rendered":"https:\/\/astroshop.ma\/?post_type=product&#038;p=10215"},"modified":"2026-04-22T15:08:30","modified_gmt":"2026-04-22T15:08:30","slug":"lunette-70-900-sky-watcher-sur-equatoriale-eq1","status":"publish","type":"product","link":"https:\/\/astroshop.ma\/?product=lunette-70-900-sky-watcher-sur-equatoriale-eq1","title":{"rendered":"Lunette 70\/900 Sky-Watcher sur \u00e9quatoriale EQ1"},"content":{"rendered":"<table>\n<thead>\n<tr>\n<th>Caract\u00e9ristiques<\/th>\n<th>Lunette 70\/900 Sky-Watcher sur \u00e9quatoriale EQ1<\/th>\n<\/tr>\n<\/thead>\n<tbody>\n<tr>\n<th>Diam\u00e8tre<\/th>\n<td>70mm<\/td>\n<\/tr>\n<tr>\n<th>Longueur focale<\/th>\n<td>900mm<\/td>\n<\/tr>\n<tr>\n<th>Rapport de focale F\/D<\/th>\n<td>12,85<\/td>\n<\/tr>\n<tr>\n<th>Tube optique<\/th>\n<td>M\u00e9tal &#8211; Objectif \u00e0 2 \u00e9l\u00e9ments type &#8220;air spaced&#8221;<\/td>\n<\/tr>\n<tr>\n<th>Pouvoir de r\u00e9solution<\/th>\n<td>1.7&#8243;<\/td>\n<\/tr>\n<tr>\n<th>Magnitude limite<\/th>\n<td>11.9<\/td>\n<\/tr>\n<tr>\n<th>Clart\u00e9<\/th>\n<td>136x<\/td>\n<\/tr>\n<tr>\n<th>Porte Oculaire<\/th>\n<td>Cr\u00e9mailli\u00e8re coulant 31,75mm<\/td>\n<\/tr>\n<tr>\n<th>Poids du tube optique<\/th>\n<td>1,75kg<\/td>\n<\/tr>\n<tr>\n<th>Monture<\/th>\n<td>Monture \u00e9quatoriale allemande EQ1 motorisable sur un axe (option)<br \/>\nCercles gradu\u00e9s sur les 2 axes<\/td>\n<\/tr>\n<tr>\n<th>Tr\u00e9pied<\/th>\n<td>Tr\u00e9pied en aluminium r\u00e9glable en hauteur (71cm \u00e0 123cm)<\/td>\n<\/tr>\n<\/tbody>\n<\/table>\n","protected":false},"excerpt":{"rendered":"<p><img loading=\"lazy\" decoding=\"async\" class=\"alignnone size-full wp-image-10163\" src=\"https:\/\/astroshop.ma\/wp-content\/uploads\/2024\/10\/Skywatcher_Small.jpg\" alt=\"\" width=\"150\" height=\"75\" srcset=\"https:\/\/astroshop.ma\/wp-content\/uploads\/2024\/10\/Skywatcher_Small.jpg 150w, https:\/\/astroshop.ma\/wp-content\/uploads\/2024\/10\/Skywatcher_Small-64x32.jpg 64w\" sizes=\"auto, (max-width: 150px) 100vw, 150px\" \/><\/p>\n<p>&nbsp;<\/p>\n<h2>Tout savoir sur la lunette 70\/900 Sky-Watcher sur \u00e9quatoriale EQ1<\/h2>\n<p>Lunette achromatique de 70mm de diam\u00e8tre\u00a0<strong>ce mod\u00e8le est parfait pour le d\u00e9butant d\u00e9sirant investir dans un instrument lui permettant de d\u00e9couvrir les plan\u00e8tes et la Lune pour un budget mod\u00e9r\u00e9<\/strong>. Sa longue focale de 900mm lui donne un rapport d&#8217;ouverture important de ce qui diminue l&#8217;influence du chromatisme (apparition de liser\u00e9s color\u00e9s \u00e0 forts grossissements). L&#8217;objectif achromatique \u00e0 deux \u00e9l\u00e9ments \u00e0 air est trait\u00e9 multi-couches et fourni des images de qualit\u00e9 \u00e0 faibles et moyens grossissements de Jupiter, Saturne (la plan\u00e8te aux anneaux) et des nombreux crat\u00e8res lunaires.<\/p>\n<p><strong>Avec 36% de lumi\u00e8re suppl\u00e9mentaire par rapport \u00e0 une lunette de 60mm, elle offre plus de possibilit\u00e9s.<\/strong><\/p>\n<p>La monture EQ1 permet des positionnements fins sur le ciel gr\u00e2ce \u00e0 des flexibles pr\u00e9sents sur chaque axe. Des colliers de fixation permettent d&#8217;adapter la lunette sur la monture. La conception en mode \u00e9quatoriale permet apr\u00e8s mise en station (r\u00e9glage simple de l&#8217;orientation de la monture vers l&#8217;\u00e9toile polaire) de compenser la rotation non pas sur deux axes (monture altaz) mais seulement sur un. Un moteur peut m\u00eame \u00eatre rajout\u00e9 en option pour plus de confort.<\/p>\n<figure><img decoding=\"async\" title=\"Lunette Sky-Watcher 70\/900 sur monture EQ1\" src=\"https:\/\/www.telescopes-et-accessoires.fr\/Files\/131989\/Img\/11\/SW0308-2-small.jpg\" alt=\"Lunette_Sky-Watcher_70mm_monture_EQ1.jpg\" \/><figcaption>Lunette Sky-Watcher 70\/900 sur monture EQ1<\/p>\n<h2><strong>\u00c9L\u00c9MENTS LIVR\u00c9S<\/strong><\/h2>\n<\/figcaption><ul>\n<li>1 Lunette Sky-Watcher 70\/900<\/li>\n<li>1 Monture \u00e9quatoriale EQ1<\/li>\n<li>1 Tr\u00e9pied en aluminium r\u00e9glable en hauteur (71cm \u00e0 123cm)<\/li>\n<li>1 tablette porte-accessoires<\/li>\n<li>2 oculaires coulant 31,75mm : Super 10mm et Super 25mm<\/li>\n<li>1 lentille de Barlow 2x<\/li>\n<li>1 renvoi coud\u00e9 31,75mm<\/li>\n<li>1 chercheur 6&#215;24<\/li>\n<li>Manuel d&#8217;utilisation en fran\u00e7ais<\/li>\n<\/ul>\n<\/figure>\n","protected":false},"featured_media":10216,"template":"","meta":{"_editorskit_title_hidden":false,"_editorskit_reading_time":0,"_editorskit_is_block_options_detached":false,"_editorskit_block_options_position":"{}","_coblocks_attr":"","_coblocks_dimensions":"","_coblocks_responsive_height":"","_coblocks_accordion_ie_support":"","_crdt_document":"","_monsterinsights_skip_tracking":false,"_monsterinsights_sitenote_active":false,"_monsterinsights_sitenote_note":"","_monsterinsights_sitenote_category":0},"product_brand":[],"product_cat":[148,22,192],"product_tag":[],"class_list":{"0":"post-10215","1":"product","2":"type-product","3":"status-publish","4":"has-post-thumbnail","6":"product_cat-sky-watcher","7":"product_cat-telescopes","8":"product_cat-telescopes-complets","10":"first","11":"instock","12":"shipping-taxable","13":"purchasable","14":"product-type-simple"},"yoast_head":"<!-- This site is optimized with the Yoast SEO plugin v27.4 - https:\/\/yoast.com\/product\/yoast-seo-wordpress\/ -->\n<title>Lunette 70\/900 Sky-Watcher sur \u00e9quatoriale EQ1 - Astroshop Maroc<\/title>\n<meta name=\"robots\" content=\"index, follow, max-snippet:-1, max-image-preview:large, max-video-preview:-1\" \/>\n<link rel=\"canonical\" href=\"https:\/\/astroshop.ma\/?product=lunette-70-900-sky-watcher-sur-equatoriale-eq1\" \/>\n<meta property=\"og:locale\" content=\"en_US\" \/>\n<meta property=\"og:type\" content=\"article\" \/>\n<meta property=\"og:title\" content=\"Lunette 70\/900 Sky-Watcher sur \u00e9quatoriale EQ1 - Astroshop Maroc\" \/>\n<meta property=\"og:description\" content=\"&nbsp; Tout savoir sur la lunette 70\/900 Sky-Watcher sur \u00e9quatoriale EQ1 Lunette achromatique de 70mm de diam\u00e8tre\u00a0ce mod\u00e8le est parfait pour le d\u00e9butant d\u00e9sirant investir dans un instrument lui permettant de d\u00e9couvrir les plan\u00e8tes et la Lune pour un budget mod\u00e9r\u00e9. Sa longue focale de 900mm lui donne un rapport d&#039;ouverture important de ce qui diminue l&#039;influence du chromatisme (apparition de liser\u00e9s color\u00e9s \u00e0 forts grossissements). L&#039;objectif achromatique \u00e0 deux \u00e9l\u00e9ments \u00e0 air est trait\u00e9 multi-couches et fourni des images de qualit\u00e9 \u00e0 faibles et moyens grossissements de Jupiter, Saturne (la plan\u00e8te aux anneaux) et des nombreux crat\u00e8res lunaires.  Avec 36% de lumi\u00e8re suppl\u00e9mentaire par rapport \u00e0 une lunette de 60mm, elle offre plus de possibilit\u00e9s.  La monture EQ1 permet des positionnements fins sur le ciel gr\u00e2ce \u00e0 des flexibles pr\u00e9sents sur chaque axe. Des colliers de fixation permettent d&#039;adapter la lunette sur la monture. La conception en mode \u00e9quatoriale permet apr\u00e8s mise en station (r\u00e9glage simple de l&#039;orientation de la monture vers l&#039;\u00e9toile polaire) de compenser la rotation non pas sur deux axes (monture altaz) mais seulement sur un. Un moteur peut m\u00eame \u00eatre rajout\u00e9 en option pour plus de confort. Lunette Sky-Watcher 70\/900 sur monture EQ1 \u00c9L\u00c9MENTS LIVR\u00c9S    1 Lunette Sky-Watcher 70\/900  1 Monture \u00e9quatoriale EQ1  1 Tr\u00e9pied en aluminium r\u00e9glable en hauteur (71cm \u00e0 123cm)  1 tablette porte-accessoires  2 oculaires coulant 31,75mm : Super 10mm et Super 25mm  1 lentille de Barlow 2x  1 renvoi coud\u00e9 31,75mm  1 chercheur 6x24  Manuel d&#039;utilisation en fran\u00e7ais\" \/>\n<meta property=\"og:url\" content=\"https:\/\/astroshop.ma\/?product=lunette-70-900-sky-watcher-sur-equatoriale-eq1\" \/>\n<meta property=\"og:site_name\" content=\"Astroshop Maroc\" \/>\n<meta property=\"article:modified_time\" content=\"2026-04-22T15:08:30+00:00\" \/>\n<meta property=\"og:image\" content=\"https:\/\/astroshop.ma\/wp-content\/uploads\/2024\/12\/SW0308-1x1200-1.jpg\" \/>\n\t<meta property=\"og:image:width\" content=\"1200\" \/>\n\t<meta property=\"og:image:height\" content=\"1200\" \/>\n\t<meta property=\"og:image:type\" content=\"image\/jpeg\" \/>\n<meta name=\"twitter:card\" content=\"summary_large_image\" \/>\n<script type=\"application\/ld+json\" class=\"yoast-schema-graph\">{\"@context\":\"https:\\\/\\\/schema.org\",\"@graph\":[{\"@type\":\"WebPage\",\"@id\":\"https:\\\/\\\/astroshop.ma\\\/?product=lunette-70-900-sky-watcher-sur-equatoriale-eq1\",\"url\":\"https:\\\/\\\/astroshop.ma\\\/?product=lunette-70-900-sky-watcher-sur-equatoriale-eq1\",\"name\":\"Lunette 70\\\/900 Sky-Watcher sur \u00e9quatoriale EQ1 - Astroshop Maroc\",\"isPartOf\":{\"@id\":\"https:\\\/\\\/astroshop.ma\\\/#website\"},\"primaryImageOfPage\":{\"@id\":\"https:\\\/\\\/astroshop.ma\\\/?product=lunette-70-900-sky-watcher-sur-equatoriale-eq1#primaryimage\"},\"image\":{\"@id\":\"https:\\\/\\\/astroshop.ma\\\/?product=lunette-70-900-sky-watcher-sur-equatoriale-eq1#primaryimage\"},\"thumbnailUrl\":\"https:\\\/\\\/astroshop.ma\\\/wp-content\\\/uploads\\\/2024\\\/12\\\/SW0308-1x1200-1.jpg\",\"datePublished\":\"2024-12-10T08:59:02+00:00\",\"dateModified\":\"2026-04-22T15:08:30+00:00\",\"breadcrumb\":{\"@id\":\"https:\\\/\\\/astroshop.ma\\\/?product=lunette-70-900-sky-watcher-sur-equatoriale-eq1#breadcrumb\"},\"inLanguage\":\"en-US\",\"potentialAction\":[{\"@type\":\"ReadAction\",\"target\":[\"https:\\\/\\\/astroshop.ma\\\/?product=lunette-70-900-sky-watcher-sur-equatoriale-eq1\"]}]},{\"@type\":\"ImageObject\",\"inLanguage\":\"en-US\",\"@id\":\"https:\\\/\\\/astroshop.ma\\\/?product=lunette-70-900-sky-watcher-sur-equatoriale-eq1#primaryimage\",\"url\":\"https:\\\/\\\/astroshop.ma\\\/wp-content\\\/uploads\\\/2024\\\/12\\\/SW0308-1x1200-1.jpg\",\"contentUrl\":\"https:\\\/\\\/astroshop.ma\\\/wp-content\\\/uploads\\\/2024\\\/12\\\/SW0308-1x1200-1.jpg\",\"width\":1200,\"height\":1200},{\"@type\":\"BreadcrumbList\",\"@id\":\"https:\\\/\\\/astroshop.ma\\\/?product=lunette-70-900-sky-watcher-sur-equatoriale-eq1#breadcrumb\",\"itemListElement\":[{\"@type\":\"ListItem\",\"position\":1,\"name\":\"Home\",\"item\":\"https:\\\/\\\/astroshop.ma\\\/\"},{\"@type\":\"ListItem\",\"position\":2,\"name\":\"Shop\",\"item\":\"https:\\\/\\\/astroshop.ma\\\/?page_id=394\"},{\"@type\":\"ListItem\",\"position\":3,\"name\":\"Lunette 70\\\/900 Sky-Watcher sur \u00e9quatoriale EQ1\"}]},{\"@type\":\"WebSite\",\"@id\":\"https:\\\/\\\/astroshop.ma\\\/#website\",\"url\":\"https:\\\/\\\/astroshop.ma\\\/\",\"name\":\"Astroshop Maroc\",\"description\":\"Des instruments astronomiques pour chaque astronome au Maroc\",\"publisher\":{\"@id\":\"https:\\\/\\\/astroshop.ma\\\/#organization\"},\"potentialAction\":[{\"@type\":\"SearchAction\",\"target\":{\"@type\":\"EntryPoint\",\"urlTemplate\":\"https:\\\/\\\/astroshop.ma\\\/?s={search_term_string}\"},\"query-input\":{\"@type\":\"PropertyValueSpecification\",\"valueRequired\":true,\"valueName\":\"search_term_string\"}}],\"inLanguage\":\"en-US\"},{\"@type\":\"Organization\",\"@id\":\"https:\\\/\\\/astroshop.ma\\\/#organization\",\"name\":\"Astroshop Maroc\",\"url\":\"https:\\\/\\\/astroshop.ma\\\/\",\"logo\":{\"@type\":\"ImageObject\",\"inLanguage\":\"en-US\",\"@id\":\"https:\\\/\\\/astroshop.ma\\\/#\\\/schema\\\/logo\\\/image\\\/\",\"url\":\"https:\\\/\\\/astroshop.ma\\\/wp-content\\\/uploads\\\/2025\\\/12\\\/M20_Logo_1.jpg\",\"contentUrl\":\"https:\\\/\\\/astroshop.ma\\\/wp-content\\\/uploads\\\/2025\\\/12\\\/M20_Logo_1.jpg\",\"width\":501,\"height\":334,\"caption\":\"Astroshop Maroc\"},\"image\":{\"@id\":\"https:\\\/\\\/astroshop.ma\\\/#\\\/schema\\\/logo\\\/image\\\/\"}}]}<\/script>\n<!-- \/ Yoast SEO plugin. -->","yoast_head_json":{"title":"Lunette 70\/900 Sky-Watcher sur \u00e9quatoriale EQ1 - Astroshop Maroc","robots":{"index":"index","follow":"follow","max-snippet":"max-snippet:-1","max-image-preview":"max-image-preview:large","max-video-preview":"max-video-preview:-1"},"canonical":"https:\/\/astroshop.ma\/?product=lunette-70-900-sky-watcher-sur-equatoriale-eq1","og_locale":"en_US","og_type":"article","og_title":"Lunette 70\/900 Sky-Watcher sur \u00e9quatoriale EQ1 - Astroshop Maroc","og_description":"&nbsp; Tout savoir sur la lunette 70\/900 Sky-Watcher sur \u00e9quatoriale EQ1 Lunette achromatique de 70mm de diam\u00e8tre\u00a0ce mod\u00e8le est parfait pour le d\u00e9butant d\u00e9sirant investir dans un instrument lui permettant de d\u00e9couvrir les plan\u00e8tes et la Lune pour un budget mod\u00e9r\u00e9. Sa longue focale de 900mm lui donne un rapport d'ouverture important de ce qui diminue l'influence du chromatisme (apparition de liser\u00e9s color\u00e9s \u00e0 forts grossissements). L'objectif achromatique \u00e0 deux \u00e9l\u00e9ments \u00e0 air est trait\u00e9 multi-couches et fourni des images de qualit\u00e9 \u00e0 faibles et moyens grossissements de Jupiter, Saturne (la plan\u00e8te aux anneaux) et des nombreux crat\u00e8res lunaires.  Avec 36% de lumi\u00e8re suppl\u00e9mentaire par rapport \u00e0 une lunette de 60mm, elle offre plus de possibilit\u00e9s.  La monture EQ1 permet des positionnements fins sur le ciel gr\u00e2ce \u00e0 des flexibles pr\u00e9sents sur chaque axe. Des colliers de fixation permettent d'adapter la lunette sur la monture. La conception en mode \u00e9quatoriale permet apr\u00e8s mise en station (r\u00e9glage simple de l'orientation de la monture vers l'\u00e9toile polaire) de compenser la rotation non pas sur deux axes (monture altaz) mais seulement sur un. Un moteur peut m\u00eame \u00eatre rajout\u00e9 en option pour plus de confort. Lunette Sky-Watcher 70\/900 sur monture EQ1 \u00c9L\u00c9MENTS LIVR\u00c9S    1 Lunette Sky-Watcher 70\/900  1 Monture \u00e9quatoriale EQ1  1 Tr\u00e9pied en aluminium r\u00e9glable en hauteur (71cm \u00e0 123cm)  1 tablette porte-accessoires  2 oculaires coulant 31,75mm : Super 10mm et Super 25mm  1 lentille de Barlow 2x  1 renvoi coud\u00e9 31,75mm  1 chercheur 6x24  Manuel d'utilisation en fran\u00e7ais","og_url":"https:\/\/astroshop.ma\/?product=lunette-70-900-sky-watcher-sur-equatoriale-eq1","og_site_name":"Astroshop Maroc","article_modified_time":"2026-04-22T15:08:30+00:00","og_image":[{"width":1200,"height":1200,"url":"https:\/\/astroshop.ma\/wp-content\/uploads\/2024\/12\/SW0308-1x1200-1.jpg","type":"image\/jpeg"}],"twitter_card":"summary_large_image","schema":{"@context":"https:\/\/schema.org","@graph":[{"@type":"WebPage","@id":"https:\/\/astroshop.ma\/?product=lunette-70-900-sky-watcher-sur-equatoriale-eq1","url":"https:\/\/astroshop.ma\/?product=lunette-70-900-sky-watcher-sur-equatoriale-eq1","name":"Lunette 70\/900 Sky-Watcher sur \u00e9quatoriale EQ1 - Astroshop Maroc","isPartOf":{"@id":"https:\/\/astroshop.ma\/#website"},"primaryImageOfPage":{"@id":"https:\/\/astroshop.ma\/?product=lunette-70-900-sky-watcher-sur-equatoriale-eq1#primaryimage"},"image":{"@id":"https:\/\/astroshop.ma\/?product=lunette-70-900-sky-watcher-sur-equatoriale-eq1#primaryimage"},"thumbnailUrl":"https:\/\/astroshop.ma\/wp-content\/uploads\/2024\/12\/SW0308-1x1200-1.jpg","datePublished":"2024-12-10T08:59:02+00:00","dateModified":"2026-04-22T15:08:30+00:00","breadcrumb":{"@id":"https:\/\/astroshop.ma\/?product=lunette-70-900-sky-watcher-sur-equatoriale-eq1#breadcrumb"},"inLanguage":"en-US","potentialAction":[{"@type":"ReadAction","target":["https:\/\/astroshop.ma\/?product=lunette-70-900-sky-watcher-sur-equatoriale-eq1"]}]},{"@type":"ImageObject","inLanguage":"en-US","@id":"https:\/\/astroshop.ma\/?product=lunette-70-900-sky-watcher-sur-equatoriale-eq1#primaryimage","url":"https:\/\/astroshop.ma\/wp-content\/uploads\/2024\/12\/SW0308-1x1200-1.jpg","contentUrl":"https:\/\/astroshop.ma\/wp-content\/uploads\/2024\/12\/SW0308-1x1200-1.jpg","width":1200,"height":1200},{"@type":"BreadcrumbList","@id":"https:\/\/astroshop.ma\/?product=lunette-70-900-sky-watcher-sur-equatoriale-eq1#breadcrumb","itemListElement":[{"@type":"ListItem","position":1,"name":"Home","item":"https:\/\/astroshop.ma\/"},{"@type":"ListItem","position":2,"name":"Shop","item":"https:\/\/astroshop.ma\/?page_id=394"},{"@type":"ListItem","position":3,"name":"Lunette 70\/900 Sky-Watcher sur \u00e9quatoriale EQ1"}]},{"@type":"WebSite","@id":"https:\/\/astroshop.ma\/#website","url":"https:\/\/astroshop.ma\/","name":"Astroshop Maroc","description":"Des instruments astronomiques pour chaque astronome au Maroc","publisher":{"@id":"https:\/\/astroshop.ma\/#organization"},"potentialAction":[{"@type":"SearchAction","target":{"@type":"EntryPoint","urlTemplate":"https:\/\/astroshop.ma\/?s={search_term_string}"},"query-input":{"@type":"PropertyValueSpecification","valueRequired":true,"valueName":"search_term_string"}}],"inLanguage":"en-US"},{"@type":"Organization","@id":"https:\/\/astroshop.ma\/#organization","name":"Astroshop Maroc","url":"https:\/\/astroshop.ma\/","logo":{"@type":"ImageObject","inLanguage":"en-US","@id":"https:\/\/astroshop.ma\/#\/schema\/logo\/image\/","url":"https:\/\/astroshop.ma\/wp-content\/uploads\/2025\/12\/M20_Logo_1.jpg","contentUrl":"https:\/\/astroshop.ma\/wp-content\/uploads\/2025\/12\/M20_Logo_1.jpg","width":501,"height":334,"caption":"Astroshop Maroc"},"image":{"@id":"https:\/\/astroshop.ma\/#\/schema\/logo\/image\/"}}]}},"_links":{"self":[{"href":"https:\/\/astroshop.ma\/index.php?rest_route=\/wp\/v2\/product\/10215","targetHints":{"allow":["GET"]}}],"collection":[{"href":"https:\/\/astroshop.ma\/index.php?rest_route=\/wp\/v2\/product"}],"about":[{"href":"https:\/\/astroshop.ma\/index.php?rest_route=\/wp\/v2\/types\/product"}],"wp:featuredmedia":[{"embeddable":true,"href":"https:\/\/astroshop.ma\/index.php?rest_route=\/wp\/v2\/media\/10216"}],"wp:attachment":[{"href":"https:\/\/astroshop.ma\/index.php?rest_route=%2Fwp%2Fv2%2Fmedia&parent=10215"}],"wp:term":[{"taxonomy":"product_brand","embeddable":true,"href":"https:\/\/astroshop.ma\/index.php?rest_route=%2Fwp%2Fv2%2Fproduct_brand&post=10215"},{"taxonomy":"product_cat","embeddable":true,"href":"https:\/\/astroshop.ma\/index.php?rest_route=%2Fwp%2Fv2%2Fproduct_cat&post=10215"},{"taxonomy":"product_tag","embeddable":true,"href":"https:\/\/astroshop.ma\/index.php?rest_route=%2Fwp%2Fv2%2Fproduct_tag&post=10215"}],"curies":[{"name":"wp","href":"https:\/\/api.w.org\/{rel}","templated":true}]}}