{"id":10108,"date":"2024-09-03T11:56:26","date_gmt":"2024-09-03T11:56:26","guid":{"rendered":"https:\/\/astroshop.ma\/?post_type=product&#038;p=10108"},"modified":"2024-09-03T11:56:27","modified_gmt":"2024-09-03T11:56:27","slug":"apm-ms-40x110-ed","status":"publish","type":"product","link":"https:\/\/astroshop.ma\/?product=apm-ms-40x110-ed","title":{"rendered":"APM MS 40&#215;110 ED"},"content":{"rendered":"<p>&nbsp;<\/p>\n<table style=\"width: 100%; border-collapse: collapse; border: 1px solid #ddd;\">\n<caption style=\"font-weight: bold; margin-bottom: 10px;\">Sp\u00e9cifications<\/caption>\n<thead>\n<tr>\n<th style=\"border: 1px solid #ddd; padding: 8px; background-color: #f2f2f2; text-align: left;\">Sp\u00e9cifications<\/th>\n<th style=\"border: 1px solid #ddd; padding: 8px; background-color: #f2f2f2; text-align: left;\">D\u00e9tails<\/th>\n<\/tr>\n<\/thead>\n<tbody>\n<tr>\n<td style=\"border: 1px solid #ddd; padding: 8px;\">Type de construction<\/td>\n<td style=\"border: 1px solid #ddd; padding: 8px;\">Prismes de porro<\/td>\n<\/tr>\n<tr>\n<td style=\"border: 1px solid #ddd; padding: 8px;\">Diam\u00e8tre de lentille frontale (mm)<\/td>\n<td style=\"border: 1px solid #ddd; padding: 8px;\">110<\/td>\n<\/tr>\n<tr>\n<td style=\"border: 1px solid #ddd; padding: 8px;\">Grossissement<\/td>\n<td style=\"border: 1px solid #ddd; padding: 8px;\">40<\/td>\n<\/tr>\n<tr>\n<td style=\"border: 1px solid #ddd; padding: 8px;\">Pupille de sortie (mm)<\/td>\n<td style=\"border: 1px solid #ddd; padding: 8px;\">2,75<\/td>\n<\/tr>\n<tr>\n<td style=\"border: 1px solid #ddd; padding: 8px;\">D\u00e9gagement oculaire (mm)<\/td>\n<td style=\"border: 1px solid #ddd; padding: 8px;\">16,5<\/td>\n<\/tr>\n<tr>\n<td style=\"border: 1px solid #ddd; padding: 8px;\">Bonnettes<\/td>\n<td style=\"border: 1px solid #ddd; padding: 8px;\">repliable<\/td>\n<\/tr>\n<tr>\n<td style=\"border: 1px solid #ddd; padding: 8px;\">Correction dioptrique (dpt)<\/td>\n<td style=\"border: 1px solid #ddd; padding: 8px;\">+\/- 5<\/td>\n<\/tr>\n<tr>\n<td style=\"border: 1px solid #ddd; padding: 8px;\">Correction dioptrique<\/td>\n<td style=\"border: 1px solid #ddd; padding: 8px;\">sur les deux c\u00f4t\u00e9s (Mise au point individuelle des oculaires)<\/td>\n<\/tr>\n<tr>\n<td style=\"border: 1px solid #ddd; padding: 8px;\">Distance des pupilles (mm)<\/td>\n<td style=\"border: 1px solid #ddd; padding: 8px;\">56-74<\/td>\n<\/tr>\n<tr>\n<td style=\"border: 1px solid #ddd; padding: 8px;\">Mat\u00e9riau verre<\/td>\n<td style=\"border: 1px solid #ddd; padding: 8px;\">BaK-4<\/td>\n<\/tr>\n<tr>\n<td style=\"border: 1px solid #ddd; padding: 8px;\">Traitement lentille<\/td>\n<td style=\"border: 1px solid #ddd; padding: 8px;\">multicouches, toutes surfaces (FMC)<\/td>\n<\/tr>\n<tr>\n<td style=\"border: 1px solid #ddd; padding: 8px;\">Syst\u00e8me de mise au point<\/td>\n<td style=\"border: 1px solid #ddd; padding: 8px;\">Mise au point individuelle<\/td>\n<\/tr>\n<tr>\n<td style=\"border: 1px solid #ddd; padding: 8px;\">Verre ED<\/td>\n<td style=\"border: 1px solid #ddd; padding: 8px;\">oui<\/td>\n<\/tr>\n<tr>\n<td style=\"border: 1px solid #ddd; padding: 8px;\">rempli \u00e0 l&#8217;azote<\/td>\n<td style=\"border: 1px solid #ddd; padding: 8px;\">oui<\/td>\n<\/tr>\n<tr>\n<td style=\"border: 1px solid #ddd; padding: 8px;\">Fonction zoom<\/td>\n<td style=\"border: 1px solid #ddd; padding: 8px;\">non<\/td>\n<\/tr>\n<tr>\n<td style=\"border: 1px solid #ddd; padding: 8px;\">Oculaires pour des porteurs de lunettes<\/td>\n<td style=\"border: 1px solid #ddd; padding: 8px;\">oui<\/td>\n<\/tr>\n<tr>\n<td style=\"border: 1px solid #ddd; padding: 8px;\">Stabilisateur d&#8217;image<\/td>\n<td style=\"border: 1px solid #ddd; padding: 8px;\">non<\/td>\n<\/tr>\n<tr>\n<td style=\"border: 1px solid #ddd; padding: 8px;\">Boussole<\/td>\n<td style=\"border: 1px solid #ddd; padding: 8px;\">non<\/td>\n<\/tr>\n<tr>\n<td style=\"border: 1px solid #ddd; padding: 8px;\">T\u00e9l\u00e9m\u00e8tre<\/td>\n<td style=\"border: 1px solid #ddd; padding: 8px;\">non<\/td>\n<\/tr>\n<tr>\n<td style=\"border: 1px solid #ddd; padding: 8px;\">Etanche aux projections d&#8217;eau<\/td>\n<td style=\"border: 1px solid #ddd; padding: 8px;\">oui<\/td>\n<\/tr>\n<tr>\n<td style=\"border: 1px solid #ddd; padding: 8px;\">\u00e9tanche<\/td>\n<td style=\"border: 1px solid #ddd; padding: 8px;\">oui<\/td>\n<\/tr>\n<tr>\n<td style=\"border: 1px solid #ddd; padding: 8px;\">Raccord filet\u00e9 tr\u00e9pied<\/td>\n<td style=\"border: 1px solid #ddd; padding: 8px;\">Adaptateur de tr\u00e9pied inclus<\/td>\n<\/tr>\n<tr>\n<td style=\"border: 1px solid #ddd; padding: 8px;\">Bouchon d&#8217;objectif<\/td>\n<td style=\"border: 1px solid #ddd; padding: 8px;\">oui<\/td>\n<\/tr>\n<tr>\n<td style=\"border: 1px solid #ddd; padding: 8px;\">protection d&#8217;oculaire<\/td>\n<td style=\"border: 1px solid #ddd; padding: 8px;\">oui<\/td>\n<\/tr>\n<tr>\n<td style=\"border: 1px solid #ddd; padding: 8px;\">Mallette de transport<\/td>\n<td style=\"border: 1px solid #ddd; padding: 8px;\">oui<\/td>\n<\/tr>\n<tr>\n<td style=\"border: 1px solid #ddd; padding: 8px;\">Champ de vision r\u00e9el (\u00b0)<\/td>\n<td style=\"border: 1px solid #ddd; padding: 8px;\">1,6<\/td>\n<\/tr>\n<tr>\n<td style=\"border: 1px solid #ddd; padding: 8px;\">Champ de vision apparent (\u00b0)<\/td>\n<td style=\"border: 1px solid #ddd; padding: 8px;\">64<\/td>\n<\/tr>\n<tr>\n<td style=\"border: 1px solid #ddd; padding: 8px;\">Champ visuel en 1000m (m)<\/td>\n<td style=\"border: 1px solid #ddd; padding: 8px;\">28<\/td>\n<\/tr>\n<tr>\n<td style=\"border: 1px solid #ddd; padding: 8px;\">Limite de mise au point sur les objets rapproch\u00e9s (m)<\/td>\n<td style=\"border: 1px solid #ddd; padding: 8px;\">100<\/td>\n<\/tr>\n<tr>\n<td style=\"border: 1px solid #ddd; padding: 8px;\">Facteur cr\u00e9pusculaire<\/td>\n<td style=\"border: 1px solid #ddd; padding: 8px;\">66<\/td>\n<\/tr>\n<tr>\n<td style=\"border: 1px solid #ddd; padding: 8px;\">Materiel de la surface<\/td>\n<td style=\"border: 1px solid #ddd; padding: 8px;\">Gainage en caoutchouc<\/td>\n<\/tr>\n<tr>\n<td style=\"border: 1px solid #ddd; padding: 8px;\">Couleur<\/td>\n<td style=\"border: 1px solid #ddd; padding: 8px;\">noir<\/td>\n<\/tr>\n<tr>\n<td style=\"border: 1px solid #ddd; padding: 8px;\">Longueur (mm)<\/td>\n<td style=\"border: 1px solid #ddd; padding: 8px;\">120<\/td>\n<\/tr>\n<tr>\n<td style=\"border: 1px solid #ddd; padding: 8px;\">Largeur (mm)<\/td>\n<td style=\"border: 1px solid #ddd; padding: 8px;\">265<\/td>\n<\/tr>\n<tr>\n<td style=\"border: 1px solid #ddd; padding: 8px;\">Hauteur (mm)<\/td>\n<td style=\"border: 1px solid #ddd; padding: 8px;\">368<\/td>\n<\/tr>\n<tr>\n<td style=\"border: 1px solid #ddd; padding: 8px;\">Poids (g)<\/td>\n<td style=\"border: 1px solid #ddd; padding: 8px;\">4500<\/td>\n<\/tr>\n<tr>\n<td style=\"border: 1px solid #ddd; padding: 8px;\">S\u00e9rie<\/td>\n<td style=\"border: 1px solid #ddd; padding: 8px;\">MS<\/td>\n<\/tr>\n<tr>\n<td style=\"border: 1px solid #ddd; padding: 8px;\">Chassis<\/td>\n<td style=\"border: 1px solid #ddd; padding: 8px;\">Magn\u00e9sium<\/td>\n<\/tr>\n<\/tbody>\n<\/table>\n","protected":false},"excerpt":{"rendered":"<p><img loading=\"lazy\" decoding=\"async\" class=\"alignnone size-full wp-image-10109\" src=\"https:\/\/astroshop.ma\/wp-content\/uploads\/2024\/09\/APM.jpg\" alt=\"\" width=\"300\" height=\"150\" srcset=\"https:\/\/astroshop.ma\/wp-content\/uploads\/2024\/09\/APM.jpg 300w, https:\/\/astroshop.ma\/wp-content\/uploads\/2024\/09\/APM-64x32.jpg 64w\" sizes=\"auto, (max-width: 300px) 100vw, 300px\" \/><\/p>\n<div class=\"display-flex fd-column\">\n<div id=\"description\" class=\"cnt-text-box\">\n<h2 class=\"hdl-01\">Description du produit<\/h2>\n<div class=\"text-justify\">\n<div>\n<div class=\"note\">\n<p>Malheureusement, la description de l&#8217;article n&#8217;a pas encore \u00e9t\u00e9 traduite en fran\u00e7ais, c&#8217;est pourquoi vous trouverez \u00e0 la place une description en anglais.<\/p>\n<\/div>\n<p>&nbsp;<\/p>\n<p>The high quality\u00a0<b>APM MS binoculars<\/b>\u00a0designed specifically for outdoor use, the MS Binos series are fully nitrogen waterproof and can be used in the rain or left unprotected on a tripod during showers without the worry of water penetration. In addition to waterproofing, the binoculars are protected with durable natural rubber covering.<\/p>\n<p>Featuring a high specification for porro prism optical system, the clarity and field of view derived from the 16&#215;80 makes it an excellent choice for astronomy, while the higher magnification 20&#215;80 and 25&#215;80 are geared more toward long range terrestial observation and specialist outdoor applications such as aircraft observation. All three models provide long eyerelief and deliver full field of view with or without spectacles. Used either as hand held instruments or using a photo or video tripod especially for the higher magnifications.<\/p>\n<\/div>\n<p>&nbsp;<\/p>\n<\/div>\n<\/div>\n<div class=\"gtc-container gtc-container-hidden\" data-action=\"gtc-container\">\n<div id=\"specifications\" class=\"page-container\">\n<div class=\"auto-col-container clearfix\">\n<div class=\"single-col\"><\/div>\n<\/div>\n<\/div>\n<\/div>\n<div class=\"gtc-container gtc-container-hidden\" data-action=\"gtc-container\">\n<div class=\"gtc-gradient gtc-gradient-hidden\" data-action=\"gtc-btn\">\n<div class=\"gtc-text classic-link\">\n<div data-action=\"gtc-text\" data-gtcid=\"accessories\"><\/div>\n<\/div>\n<\/div>\n<\/div>\n<\/div>\n<div class=\"display-flex fd-column hide-below-bp2\">\n<div class=\"cnt-text-box\">\n<div class=\"pad-16v\">\n<div class=\"cursor-zoomin\" data-type=\"btn-js\" data-action=\"opengallery-3\"><img decoding=\"async\" src=\"https:\/\/www.astroshop.de\/Produktbilder\/big\/76819_4.jpg\" alt=\"Jumelles APM MS 40x110 ED\" \/><\/div>\n<\/div>\n<\/div>\n<\/div>\n","protected":false},"featured_media":10110,"template":"","meta":{"_editorskit_title_hidden":false,"_editorskit_reading_time":0,"_editorskit_is_block_options_detached":false,"_editorskit_block_options_position":"{}","_coblocks_attr":"","_coblocks_dimensions":"","_coblocks_responsive_height":"","_coblocks_accordion_ie_support":"","_crdt_document":"","_monsterinsights_skip_tracking":false,"_monsterinsights_sitenote_active":false,"_monsterinsights_sitenote_note":"","_monsterinsights_sitenote_category":0},"product_brand":[],"product_cat":[24],"product_tag":[],"class_list":{"0":"post-10108","1":"product","2":"type-product","3":"status-publish","4":"has-post-thumbnail","6":"product_cat-binoculars","8":"first","9":"instock","10":"shipping-taxable","11":"purchasable","12":"product-type-simple"},"yoast_head":"<!-- This site is optimized with the Yoast SEO plugin v27.4 - https:\/\/yoast.com\/product\/yoast-seo-wordpress\/ -->\n<title>APM MS 40x110 ED - Astroshop Maroc<\/title>\n<meta name=\"robots\" content=\"index, follow, max-snippet:-1, max-image-preview:large, max-video-preview:-1\" \/>\n<link rel=\"canonical\" href=\"https:\/\/astroshop.ma\/?product=apm-ms-40x110-ed\" \/>\n<meta property=\"og:locale\" content=\"en_US\" \/>\n<meta property=\"og:type\" content=\"article\" \/>\n<meta property=\"og:title\" content=\"APM MS 40x110 ED - Astroshop Maroc\" \/>\n<meta property=\"og:description\" content=\"Description du produit     Malheureusement, la description de l&#039;article n&#039;a pas encore \u00e9t\u00e9 traduite en fran\u00e7ais, c&#039;est pourquoi vous trouverez \u00e0 la place une description en anglais.   &nbsp;  The high quality\u00a0APM MS binoculars\u00a0designed specifically for outdoor use, the MS Binos series are fully nitrogen waterproof and can be used in the rain or left unprotected on a tripod during showers without the worry of water penetration. In addition to waterproofing, the binoculars are protected with durable natural rubber covering.  Featuring a high specification for porro prism optical system, the clarity and field of view derived from the 16x80 makes it an excellent choice for astronomy, while the higher magnification 20x80 and 25x80 are geared more toward long range terrestial observation and specialist outdoor applications such as aircraft observation. All three models provide long eyerelief and deliver full field of view with or without spectacles. Used either as hand held instruments or using a photo or video tripod especially for the higher magnifications.   &nbsp;\" \/>\n<meta property=\"og:url\" content=\"https:\/\/astroshop.ma\/?product=apm-ms-40x110-ed\" \/>\n<meta property=\"og:site_name\" content=\"Astroshop Maroc\" \/>\n<meta property=\"article:modified_time\" content=\"2024-09-03T11:56:27+00:00\" \/>\n<meta property=\"og:image\" content=\"https:\/\/astroshop.ma\/wp-content\/uploads\/2024\/09\/APM-Binoculars-MS-40x110-ED-1.jpg\" \/>\n\t<meta property=\"og:image:width\" content=\"800\" \/>\n\t<meta property=\"og:image:height\" content=\"800\" \/>\n\t<meta property=\"og:image:type\" content=\"image\/jpeg\" \/>\n<meta name=\"twitter:card\" content=\"summary_large_image\" \/>\n<meta name=\"twitter:label1\" content=\"Est. reading time\" \/>\n\t<meta name=\"twitter:data1\" content=\"1 minute\" \/>\n<script type=\"application\/ld+json\" class=\"yoast-schema-graph\">{\"@context\":\"https:\\\/\\\/schema.org\",\"@graph\":[{\"@type\":\"WebPage\",\"@id\":\"https:\\\/\\\/astroshop.ma\\\/?product=apm-ms-40x110-ed\",\"url\":\"https:\\\/\\\/astroshop.ma\\\/?product=apm-ms-40x110-ed\",\"name\":\"APM MS 40x110 ED - Astroshop Maroc\",\"isPartOf\":{\"@id\":\"https:\\\/\\\/astroshop.ma\\\/#website\"},\"primaryImageOfPage\":{\"@id\":\"https:\\\/\\\/astroshop.ma\\\/?product=apm-ms-40x110-ed#primaryimage\"},\"image\":{\"@id\":\"https:\\\/\\\/astroshop.ma\\\/?product=apm-ms-40x110-ed#primaryimage\"},\"thumbnailUrl\":\"https:\\\/\\\/astroshop.ma\\\/wp-content\\\/uploads\\\/2024\\\/09\\\/APM-Binoculars-MS-40x110-ED-1.jpg\",\"datePublished\":\"2024-09-03T11:56:26+00:00\",\"dateModified\":\"2024-09-03T11:56:27+00:00\",\"breadcrumb\":{\"@id\":\"https:\\\/\\\/astroshop.ma\\\/?product=apm-ms-40x110-ed#breadcrumb\"},\"inLanguage\":\"en-US\",\"potentialAction\":[{\"@type\":\"ReadAction\",\"target\":[\"https:\\\/\\\/astroshop.ma\\\/?product=apm-ms-40x110-ed\"]}]},{\"@type\":\"ImageObject\",\"inLanguage\":\"en-US\",\"@id\":\"https:\\\/\\\/astroshop.ma\\\/?product=apm-ms-40x110-ed#primaryimage\",\"url\":\"https:\\\/\\\/astroshop.ma\\\/wp-content\\\/uploads\\\/2024\\\/09\\\/APM-Binoculars-MS-40x110-ED-1.jpg\",\"contentUrl\":\"https:\\\/\\\/astroshop.ma\\\/wp-content\\\/uploads\\\/2024\\\/09\\\/APM-Binoculars-MS-40x110-ED-1.jpg\",\"width\":800,\"height\":800},{\"@type\":\"BreadcrumbList\",\"@id\":\"https:\\\/\\\/astroshop.ma\\\/?product=apm-ms-40x110-ed#breadcrumb\",\"itemListElement\":[{\"@type\":\"ListItem\",\"position\":1,\"name\":\"Home\",\"item\":\"https:\\\/\\\/astroshop.ma\\\/\"},{\"@type\":\"ListItem\",\"position\":2,\"name\":\"Shop\",\"item\":\"https:\\\/\\\/astroshop.ma\\\/?page_id=394\"},{\"@type\":\"ListItem\",\"position\":3,\"name\":\"APM MS 40&#215;110 ED\"}]},{\"@type\":\"WebSite\",\"@id\":\"https:\\\/\\\/astroshop.ma\\\/#website\",\"url\":\"https:\\\/\\\/astroshop.ma\\\/\",\"name\":\"Astroshop Maroc\",\"description\":\"Des instruments astronomiques pour chaque astronome au Maroc\",\"publisher\":{\"@id\":\"https:\\\/\\\/astroshop.ma\\\/#organization\"},\"potentialAction\":[{\"@type\":\"SearchAction\",\"target\":{\"@type\":\"EntryPoint\",\"urlTemplate\":\"https:\\\/\\\/astroshop.ma\\\/?s={search_term_string}\"},\"query-input\":{\"@type\":\"PropertyValueSpecification\",\"valueRequired\":true,\"valueName\":\"search_term_string\"}}],\"inLanguage\":\"en-US\"},{\"@type\":\"Organization\",\"@id\":\"https:\\\/\\\/astroshop.ma\\\/#organization\",\"name\":\"Astroshop Maroc\",\"url\":\"https:\\\/\\\/astroshop.ma\\\/\",\"logo\":{\"@type\":\"ImageObject\",\"inLanguage\":\"en-US\",\"@id\":\"https:\\\/\\\/astroshop.ma\\\/#\\\/schema\\\/logo\\\/image\\\/\",\"url\":\"https:\\\/\\\/astroshop.ma\\\/wp-content\\\/uploads\\\/2025\\\/12\\\/M20_Logo_1.jpg\",\"contentUrl\":\"https:\\\/\\\/astroshop.ma\\\/wp-content\\\/uploads\\\/2025\\\/12\\\/M20_Logo_1.jpg\",\"width\":501,\"height\":334,\"caption\":\"Astroshop Maroc\"},\"image\":{\"@id\":\"https:\\\/\\\/astroshop.ma\\\/#\\\/schema\\\/logo\\\/image\\\/\"}}]}<\/script>\n<!-- \/ Yoast SEO plugin. -->","yoast_head_json":{"title":"APM MS 40x110 ED - Astroshop Maroc","robots":{"index":"index","follow":"follow","max-snippet":"max-snippet:-1","max-image-preview":"max-image-preview:large","max-video-preview":"max-video-preview:-1"},"canonical":"https:\/\/astroshop.ma\/?product=apm-ms-40x110-ed","og_locale":"en_US","og_type":"article","og_title":"APM MS 40x110 ED - Astroshop Maroc","og_description":"Description du produit     Malheureusement, la description de l'article n'a pas encore \u00e9t\u00e9 traduite en fran\u00e7ais, c'est pourquoi vous trouverez \u00e0 la place une description en anglais.   &nbsp;  The high quality\u00a0APM MS binoculars\u00a0designed specifically for outdoor use, the MS Binos series are fully nitrogen waterproof and can be used in the rain or left unprotected on a tripod during showers without the worry of water penetration. In addition to waterproofing, the binoculars are protected with durable natural rubber covering.  Featuring a high specification for porro prism optical system, the clarity and field of view derived from the 16x80 makes it an excellent choice for astronomy, while the higher magnification 20x80 and 25x80 are geared more toward long range terrestial observation and specialist outdoor applications such as aircraft observation. All three models provide long eyerelief and deliver full field of view with or without spectacles. Used either as hand held instruments or using a photo or video tripod especially for the higher magnifications.   &nbsp;","og_url":"https:\/\/astroshop.ma\/?product=apm-ms-40x110-ed","og_site_name":"Astroshop Maroc","article_modified_time":"2024-09-03T11:56:27+00:00","og_image":[{"width":800,"height":800,"url":"https:\/\/astroshop.ma\/wp-content\/uploads\/2024\/09\/APM-Binoculars-MS-40x110-ED-1.jpg","type":"image\/jpeg"}],"twitter_card":"summary_large_image","twitter_misc":{"Est. reading time":"1 minute"},"schema":{"@context":"https:\/\/schema.org","@graph":[{"@type":"WebPage","@id":"https:\/\/astroshop.ma\/?product=apm-ms-40x110-ed","url":"https:\/\/astroshop.ma\/?product=apm-ms-40x110-ed","name":"APM MS 40x110 ED - Astroshop Maroc","isPartOf":{"@id":"https:\/\/astroshop.ma\/#website"},"primaryImageOfPage":{"@id":"https:\/\/astroshop.ma\/?product=apm-ms-40x110-ed#primaryimage"},"image":{"@id":"https:\/\/astroshop.ma\/?product=apm-ms-40x110-ed#primaryimage"},"thumbnailUrl":"https:\/\/astroshop.ma\/wp-content\/uploads\/2024\/09\/APM-Binoculars-MS-40x110-ED-1.jpg","datePublished":"2024-09-03T11:56:26+00:00","dateModified":"2024-09-03T11:56:27+00:00","breadcrumb":{"@id":"https:\/\/astroshop.ma\/?product=apm-ms-40x110-ed#breadcrumb"},"inLanguage":"en-US","potentialAction":[{"@type":"ReadAction","target":["https:\/\/astroshop.ma\/?product=apm-ms-40x110-ed"]}]},{"@type":"ImageObject","inLanguage":"en-US","@id":"https:\/\/astroshop.ma\/?product=apm-ms-40x110-ed#primaryimage","url":"https:\/\/astroshop.ma\/wp-content\/uploads\/2024\/09\/APM-Binoculars-MS-40x110-ED-1.jpg","contentUrl":"https:\/\/astroshop.ma\/wp-content\/uploads\/2024\/09\/APM-Binoculars-MS-40x110-ED-1.jpg","width":800,"height":800},{"@type":"BreadcrumbList","@id":"https:\/\/astroshop.ma\/?product=apm-ms-40x110-ed#breadcrumb","itemListElement":[{"@type":"ListItem","position":1,"name":"Home","item":"https:\/\/astroshop.ma\/"},{"@type":"ListItem","position":2,"name":"Shop","item":"https:\/\/astroshop.ma\/?page_id=394"},{"@type":"ListItem","position":3,"name":"APM MS 40&#215;110 ED"}]},{"@type":"WebSite","@id":"https:\/\/astroshop.ma\/#website","url":"https:\/\/astroshop.ma\/","name":"Astroshop Maroc","description":"Des instruments astronomiques pour chaque astronome au Maroc","publisher":{"@id":"https:\/\/astroshop.ma\/#organization"},"potentialAction":[{"@type":"SearchAction","target":{"@type":"EntryPoint","urlTemplate":"https:\/\/astroshop.ma\/?s={search_term_string}"},"query-input":{"@type":"PropertyValueSpecification","valueRequired":true,"valueName":"search_term_string"}}],"inLanguage":"en-US"},{"@type":"Organization","@id":"https:\/\/astroshop.ma\/#organization","name":"Astroshop Maroc","url":"https:\/\/astroshop.ma\/","logo":{"@type":"ImageObject","inLanguage":"en-US","@id":"https:\/\/astroshop.ma\/#\/schema\/logo\/image\/","url":"https:\/\/astroshop.ma\/wp-content\/uploads\/2025\/12\/M20_Logo_1.jpg","contentUrl":"https:\/\/astroshop.ma\/wp-content\/uploads\/2025\/12\/M20_Logo_1.jpg","width":501,"height":334,"caption":"Astroshop Maroc"},"image":{"@id":"https:\/\/astroshop.ma\/#\/schema\/logo\/image\/"}}]}},"_links":{"self":[{"href":"https:\/\/astroshop.ma\/index.php?rest_route=\/wp\/v2\/product\/10108","targetHints":{"allow":["GET"]}}],"collection":[{"href":"https:\/\/astroshop.ma\/index.php?rest_route=\/wp\/v2\/product"}],"about":[{"href":"https:\/\/astroshop.ma\/index.php?rest_route=\/wp\/v2\/types\/product"}],"wp:featuredmedia":[{"embeddable":true,"href":"https:\/\/astroshop.ma\/index.php?rest_route=\/wp\/v2\/media\/10110"}],"wp:attachment":[{"href":"https:\/\/astroshop.ma\/index.php?rest_route=%2Fwp%2Fv2%2Fmedia&parent=10108"}],"wp:term":[{"taxonomy":"product_brand","embeddable":true,"href":"https:\/\/astroshop.ma\/index.php?rest_route=%2Fwp%2Fv2%2Fproduct_brand&post=10108"},{"taxonomy":"product_cat","embeddable":true,"href":"https:\/\/astroshop.ma\/index.php?rest_route=%2Fwp%2Fv2%2Fproduct_cat&post=10108"},{"taxonomy":"product_tag","embeddable":true,"href":"https:\/\/astroshop.ma\/index.php?rest_route=%2Fwp%2Fv2%2Fproduct_tag&post=10108"}],"curies":[{"name":"wp","href":"https:\/\/api.w.org\/{rel}","templated":true}]}}