{"id":10043,"date":"2024-08-28T08:20:28","date_gmt":"2024-08-28T08:20:28","guid":{"rendered":"https:\/\/astroshop.ma\/?post_type=product&#038;p=10043"},"modified":"2024-08-28T08:20:29","modified_gmt":"2024-08-28T08:20:29","slug":"omegon-longue-vue-ed-21-63x80","status":"publish","type":"product","link":"https:\/\/astroshop.ma\/?product=omegon-longue-vue-ed-21-63x80","title":{"rendered":"Omegon Longue-vue ED 21-63&#215;80"},"content":{"rendered":"<table>\n<thead>\n<tr>\n<th>Sp\u00e9cifications<\/th>\n<th>D\u00e9tails<\/th>\n<\/tr>\n<\/thead>\n<tbody>\n<tr>\n<td>Capacit\u00e9<\/td>\n<td><\/td>\n<\/tr>\n<tr>\n<td>Type de construction<\/td>\n<td>Kit de longue-vue<\/td>\n<\/tr>\n<tr>\n<td>Posture d&#8217;observation<\/td>\n<td>Vue oblique<\/td>\n<\/tr>\n<tr>\n<td>Diam\u00e8tre de lentille frontale (mm)<\/td>\n<td>80<\/td>\n<\/tr>\n<tr>\n<td>Grossissement<\/td>\n<td>63 (21-63)<\/td>\n<\/tr>\n<tr>\n<td>Pupille de sortie (mm)<\/td>\n<td>1,26 &#8211; 3,8<\/td>\n<\/tr>\n<tr>\n<td>Mat\u00e9riau verre<\/td>\n<td>Verre ED<\/td>\n<\/tr>\n<tr>\n<td>Traitement lentille<\/td>\n<td>Multicouches, toutes surfaces<\/td>\n<\/tr>\n<tr>\n<td>Syst\u00e8me de mise au point<\/td>\n<td>Mise au point Dual Fokus<\/td>\n<\/tr>\n<tr>\n<th>Particularit\u00e9s<\/th>\n<th><\/th>\n<\/tr>\n<tr>\n<td>Oculaire inclu<\/td>\n<td>&#8211;<\/td>\n<\/tr>\n<tr>\n<td>Zoom oculaire inclus<\/td>\n<td>Oui<\/td>\n<\/tr>\n<tr>\n<td>Appareil-photo num\u00e9rique int\u00e9gr\u00e9<\/td>\n<td>&#8211;<\/td>\n<\/tr>\n<tr>\n<td>Etanche aux projections d&#8217;eau<\/td>\n<td>Oui<\/td>\n<\/tr>\n<tr>\n<td>\u00c9tanche<\/td>\n<td>Oui<\/td>\n<\/tr>\n<tr>\n<td>Pare-soleil<\/td>\n<td>Oui<\/td>\n<\/tr>\n<tr>\n<td>Bride d\u00b4attache rotatif<\/td>\n<td>Oui<\/td>\n<\/tr>\n<tr>\n<td>Raccord filet\u00e9 tr\u00e9pied<\/td>\n<td>Oui<\/td>\n<\/tr>\n<tr>\n<th>Champ de vision<\/th>\n<th><\/th>\n<\/tr>\n<tr>\n<td>Champ de vision r\u00e9el (\u00b0)<\/td>\n<td>2,4 (21x) &#8211; 1,4 (63x)<\/td>\n<\/tr>\n<tr>\n<td>Champ visuel en 1000m (m)<\/td>\n<td>42 (21x) &#8211; 24 (63x)<\/td>\n<\/tr>\n<tr>\n<td>Limite de mise au point sur les objets rapproch\u00e9s (m)<\/td>\n<td>6<\/td>\n<\/tr>\n<tr>\n<th>Donn\u00e9es g\u00e9n\u00e9rales<\/th>\n<th><\/th>\n<\/tr>\n<tr>\n<td>Longueur (mm)<\/td>\n<td>420<\/td>\n<\/tr>\n<tr>\n<td>Largeur (mm)<\/td>\n<td>100<\/td>\n<\/tr>\n<tr>\n<td>Hauteur (mm)<\/td>\n<td>120 (sans oculaire), 185 (avec oculaire)<\/td>\n<\/tr>\n<tr>\n<td>Poids (g)<\/td>\n<td>1950<\/td>\n<\/tr>\n<tr>\n<td>S\u00e9rie<\/td>\n<td>ED<\/td>\n<\/tr>\n<tr>\n<td>Couleur<\/td>\n<td>Noir<\/td>\n<\/tr>\n<tr>\n<th>Domaine d\u00b4emploi<\/th>\n<th><\/th>\n<\/tr>\n<tr>\n<td>Nature<\/td>\n<td>Tr\u00e8s bien<\/td>\n<\/tr>\n<tr>\n<td>Observation d&#8217;oiseaux<\/td>\n<td>Tr\u00e8s bien<\/td>\n<\/tr>\n<tr>\n<td>Chasse<\/td>\n<td>Bon<\/td>\n<\/tr>\n<tr>\n<td>Tireurs sportifs<\/td>\n<td>Tr\u00e8s bien<\/td>\n<\/tr>\n<tr>\n<td>Digiscopie<\/td>\n<td>Tr\u00e8s bien<\/td>\n<\/tr>\n<\/tbody>\n<\/table>\n","protected":false},"excerpt":{"rendered":"<div class=\"display-flex fd-column\">\n<div id=\"description\" class=\"cnt-text-box\">\n<h2 class=\"hdl-01\">Description du produit<\/h2>\n<div class=\"text-justify\">\n<p>&nbsp;<\/p>\n<div>\n<p>&nbsp;<\/p>\n<p><b>Omegon longue-vue ED 80 mm : optique cristalline avec grossissement de 21 \u00e0 63 fois<\/b><\/p>\n<p>Profiter de la nature, d\u00e9tendu : cela va tr\u00e8s bien avec la longue-vue ED Omegon de 80 mm. Un oiseau rare ou un endroit avec panorama : avec cette longue-vue, vous garderez des souvenirs inoubliables. M\u00eame si le temps n&#8217;est pas toujours optimal, les optiques trait\u00e9es offriront toujours des images lumineuses et claires comme du cristal.<\/p>\n<p>&nbsp;<\/p>\n<p><b>Optique ED : Observez avec l&#8217;effet waouh<\/b><\/p>\n<p>Si vous regardez \u00e0 travers l&#8217;objectif, vous verrez la nature extr\u00eamement nette. Gr\u00e2ce aux optiques sp\u00e9ciales int\u00e9gr\u00e9es vous voyez le monde dans tous les d\u00e9tails possibles et imaginables. Vous ne verrez pas que quelques faons, mais aussi les structures de leur pelage brun. Ou vous observerez comment la lumi\u00e8re se refl\u00e8te dans leurs yeux noirs profonds.<\/p>\n<p>Cel\u00e0 est rendu possible par une optique ED avec des lentilles trait\u00e9es. Ce verre sp\u00e9cial \u00e0 faible dispersion assure une imagerie aux couleurs vraies et un contraste nettement plus \u00e9lev\u00e9 qu&#8217;avec une longue-vue normale.<\/p>\n<p><b>Oculaire Zoom avec un grossissement de 21 \u00e0 63 fois<\/b><\/p>\n<p>Confortable et pratique : L&#8217;oculaire zoom adapt\u00e9 offre un r\u00e9glage continu du grossissement. D\u00e8s qu&#8217;un objet vous int\u00e9resse pour plus de d\u00e9tails, tournez l&#8217;oculaire. Et d\u00e9j\u00e0 la cible de votre choix commece \u00e0 grandir. Tout comme vous le feriez pour une approche discr\u00e8te de la cible, tel un f\u00e9lin.<\/p>\n<p>&nbsp;<\/p>\n<p><b>Dual Focus: pour une mise au point pr\u00e9cise<\/b><\/p>\n<p>C&#8217;est parfois d\u00e9licat de r\u00e9gler la nettet\u00e9 de l&#8217;image. Cependant, avec la double mise au point de la longue-vue ED 80 mm, cela devient tr\u00e8s facile. Une fois que vous avez d\u00e9grosssi la nettet\u00e9 de votre objet, le r\u00e9glage fin entre en jeu. Il permet de faire la mise au point pr\u00e9cise. Et votre photo s&#8217;\u00e9claire.<\/p>\n<p>&nbsp;<\/p>\n<p><b>\u0152illetons r\u00e9glables<\/b><\/p>\n<p>Le petit plus : Avec un d\u00e9gagement oculaire allant jusqu&#8217;\u00e0 20 mm, m\u00eame les porteurs de lunettes seront tr\u00e8s d\u00e9tendus. Avec les \u0153illetons r\u00e9glables vous personnalisez votre aper\u00e7u. Et \u00e0 quoi bon ? Parce que chaque \u0153il est diff\u00e9rent et alors seulement vous verrez confortablement la totalit\u00e9 du champ visuel.<\/p>\n<p>&nbsp;<\/p>\n<p><b>S&#8217;adapte \u00e0 chaque tr\u00e9pied : filetage photo \u00bc, int\u00e9gr\u00e9<\/b><\/p>\n<p>La bride pivotante poss\u00e8de un filetage photo 1\/4&#8243; standard. Mettez votre longue-vue ED sur le tr\u00e9pied de votre choix. Cela signifie : que vous observez calmement et d\u00e9tendu &#8211; pendant des heures si vous le souhaitez &#8230;<\/p>\n<p>&nbsp;<\/p>\n<p><b>Toujours pr\u00eat : avec le sac pr\u00eat \u00e0 l&#8217;emploi<\/b><\/p>\n<p>Votre nouvelle longue-vue est livr\u00e9e avec un sac de transport. Cela signifie que l&#8217;instrument est toujours bien prot\u00e9g\u00e9 et pr\u00eat en quelques secondes pour vos observations.<\/p>\n<\/div>\n<p>&nbsp;<\/p>\n<\/div>\n<\/div>\n<div class=\"gtc-container gtc-container-hidden\" data-action=\"gtc-container\">\n<div id=\"specifications\" class=\"page-container\">\n<div class=\"auto-col-container clearfix\">\n<div class=\"single-col\">\n<div class=\"box-container clearfix\">\n<div class=\"pad-8v\">\n<div class=\" pad-2v clearfix\">\n<div class=\"fix-2c float-left\">\n<div class=\"float-left\"><\/div>\n<\/div>\n<\/div>\n<\/div>\n<\/div>\n<\/div>\n<\/div>\n<\/div>\n<div class=\"gtc-gradient gtc-gradient-hidden\" data-action=\"gtc-btn\">\n<div class=\"gtc-text classic-link\"><\/div>\n<\/div>\n<\/div>\n<div class=\"gtc-container gtc-container-hidden\" data-action=\"gtc-container\">\n<div class=\"gtc-gradient gtc-gradient-hidden\" data-action=\"gtc-btn\">\n<div class=\"gtc-text classic-link\">\n<div data-action=\"gtc-text\" data-gtcid=\"accessories\"><\/div>\n<\/div>\n<\/div>\n<\/div>\n<\/div>\n<div class=\"display-flex fd-column hide-below-bp2\">\n<div class=\"cnt-text-box\">\n<div class=\"pad-16v\">\n<div class=\"cursor-zoomin\" data-type=\"btn-js\" data-action=\"opengallery-7\"><img decoding=\"async\" src=\"https:\/\/www.astroshop.de\/Produktbilder\/big\/45637_5.jpg\" alt=\"Longue-vue Omegon ED 21-63x80\" \/><\/div>\n<div class=\"bgcl-01 pad-6\">Avec le r\u00e9glage grossier de la double mise au point, vous pouvez rapidement r\u00e9gler la nettet\u00e9 de l&#8217;objet. Avec le r\u00e9glage fin, vous faite la mise au point pr\u00e9cise sur les d\u00e9tails en plumage.<\/div>\n<\/div>\n<div class=\"pad-16v\">\n<div class=\"cursor-zoomin\" data-type=\"btn-js\" data-action=\"opengallery-8\"><img decoding=\"async\" src=\"https:\/\/www.astroshop.de\/Produktbilder\/big\/45637_8.jpg\" alt=\"Longue-vue Omegon ED 21-63x80\" \/><\/div>\n<div class=\"bgcl-01 pad-6\">L&#8217;\u00e9tui pret \u00e0 l&#8217;emploi inclus, prot\u00e8ge votre longue-vue des chocs et des al\u00e9as de la m\u00e9t\u00e9o. En raison des nombreuses ouvertures, vous pouvez utiliser la longue-vue dans son \u00e9tui et la monter sur un tr\u00e9pied.<\/div>\n<\/div>\n<\/div>\n<\/div>\n","protected":false},"featured_media":10044,"template":"","meta":{"_editorskit_title_hidden":false,"_editorskit_reading_time":0,"_editorskit_is_block_options_detached":false,"_editorskit_block_options_position":"{}","_coblocks_attr":"","_coblocks_dimensions":"","_coblocks_responsive_height":"","_coblocks_accordion_ie_support":"","_crdt_document":"","_monsterinsights_skip_tracking":false,"_monsterinsights_sitenote_active":false,"_monsterinsights_sitenote_note":"","_monsterinsights_sitenote_category":0},"product_brand":[],"product_cat":[24],"product_tag":[],"class_list":{"0":"post-10043","1":"product","2":"type-product","3":"status-publish","4":"has-post-thumbnail","6":"product_cat-binoculars","8":"first","9":"instock","10":"shipping-taxable","11":"purchasable","12":"product-type-simple"},"yoast_head":"<!-- This site is optimized with the Yoast SEO plugin v27.5 - https:\/\/yoast.com\/product\/yoast-seo-wordpress\/ -->\n<title>Omegon Longue-vue ED 21-63x80 - Astroshop Maroc<\/title>\n<meta name=\"robots\" content=\"index, follow, max-snippet:-1, max-image-preview:large, max-video-preview:-1\" \/>\n<link rel=\"canonical\" href=\"https:\/\/astroshop.ma\/?product=omegon-longue-vue-ed-21-63x80\" \/>\n<meta property=\"og:locale\" content=\"en_US\" \/>\n<meta property=\"og:type\" content=\"article\" \/>\n<meta property=\"og:title\" content=\"Omegon Longue-vue ED 21-63x80 - Astroshop Maroc\" \/>\n<meta property=\"og:description\" content=\"Description du produit   &nbsp;   &nbsp;  Omegon longue-vue ED 80 mm : optique cristalline avec grossissement de 21 \u00e0 63 fois  Profiter de la nature, d\u00e9tendu : cela va tr\u00e8s bien avec la longue-vue ED Omegon de 80 mm. Un oiseau rare ou un endroit avec panorama : avec cette longue-vue, vous garderez des souvenirs inoubliables. M\u00eame si le temps n&#039;est pas toujours optimal, les optiques trait\u00e9es offriront toujours des images lumineuses et claires comme du cristal.  &nbsp;  Optique ED : Observez avec l&#039;effet waouh  Si vous regardez \u00e0 travers l&#039;objectif, vous verrez la nature extr\u00eamement nette. Gr\u00e2ce aux optiques sp\u00e9ciales int\u00e9gr\u00e9es vous voyez le monde dans tous les d\u00e9tails possibles et imaginables. Vous ne verrez pas que quelques faons, mais aussi les structures de leur pelage brun. Ou vous observerez comment la lumi\u00e8re se refl\u00e8te dans leurs yeux noirs profonds.  Cel\u00e0 est rendu possible par une optique ED avec des lentilles trait\u00e9es. Ce verre sp\u00e9cial \u00e0 faible dispersion assure une imagerie aux couleurs vraies et un contraste nettement plus \u00e9lev\u00e9 qu&#039;avec une longue-vue normale.  Oculaire Zoom avec un grossissement de 21 \u00e0 63 fois  Confortable et pratique : L&#039;oculaire zoom adapt\u00e9 offre un r\u00e9glage continu du grossissement. D\u00e8s qu&#039;un objet vous int\u00e9resse pour plus de d\u00e9tails, tournez l&#039;oculaire. Et d\u00e9j\u00e0 la cible de votre choix commece \u00e0 grandir. Tout comme vous le feriez pour une approche discr\u00e8te de la cible, tel un f\u00e9lin.  &nbsp;  Dual Focus: pour une mise au point pr\u00e9cise  C&#039;est parfois d\u00e9licat de r\u00e9gler la nettet\u00e9 de l&#039;image. Cependant, avec la double mise au point de la longue-vue ED 80 mm, cela devient tr\u00e8s facile. Une fois que vous avez d\u00e9grosssi la nettet\u00e9 de votre objet, le r\u00e9glage fin entre en jeu. Il permet de faire la mise au point pr\u00e9cise. Et votre photo s&#039;\u00e9claire.  &nbsp;  \u0152illetons r\u00e9glables  Le petit plus : Avec un d\u00e9gagement oculaire allant jusqu&#039;\u00e0 20 mm, m\u00eame les porteurs de lunettes seront tr\u00e8s d\u00e9tendus. Avec les \u0153illetons r\u00e9glables vous personnalisez votre aper\u00e7u. Et \u00e0 quoi bon ? Parce que chaque \u0153il est diff\u00e9rent et alors seulement vous verrez confortablement la totalit\u00e9 du champ visuel.  &nbsp;  S&#039;adapte \u00e0 chaque tr\u00e9pied : filetage photo \u00bc, int\u00e9gr\u00e9  La bride pivotante poss\u00e8de un filetage photo 1\/4&quot; standard. Mettez votre longue-vue ED sur le tr\u00e9pied de votre choix. Cela signifie : que vous observez calmement et d\u00e9tendu - pendant des heures si vous le souhaitez ...  &nbsp;  Toujours pr\u00eat : avec le sac pr\u00eat \u00e0 l&#039;emploi  Votre nouvelle longue-vue est livr\u00e9e avec un sac de transport. Cela signifie que l&#039;instrument est toujours bien prot\u00e9g\u00e9 et pr\u00eat en quelques secondes pour vos observations.   &nbsp;                                    Avec le r\u00e9glage grossier de la double mise au point, vous pouvez rapidement r\u00e9gler la nettet\u00e9 de l&#039;objet. Avec le r\u00e9glage fin, vous faite la mise au point pr\u00e9cise sur les d\u00e9tails en plumage.    L&#039;\u00e9tui pret \u00e0 l&#039;emploi inclus, prot\u00e8ge votre longue-vue des chocs et des al\u00e9as de la m\u00e9t\u00e9o. En raison des nombreuses ouvertures, vous pouvez utiliser la longue-vue dans son \u00e9tui et la monter sur un tr\u00e9pied.\" \/>\n<meta property=\"og:url\" content=\"https:\/\/astroshop.ma\/?product=omegon-longue-vue-ed-21-63x80\" \/>\n<meta property=\"og:site_name\" content=\"Astroshop Maroc\" \/>\n<meta property=\"article:modified_time\" content=\"2024-08-28T08:20:29+00:00\" \/>\n<meta property=\"og:image\" content=\"https:\/\/astroshop.ma\/wp-content\/uploads\/2024\/08\/Longue-vue-Omegon-ED-21-63x80-1.jpg\" \/>\n\t<meta property=\"og:image:width\" content=\"800\" \/>\n\t<meta property=\"og:image:height\" content=\"800\" \/>\n\t<meta property=\"og:image:type\" content=\"image\/jpeg\" \/>\n<meta name=\"twitter:card\" content=\"summary_large_image\" \/>\n<meta name=\"twitter:label1\" content=\"Est. reading time\" \/>\n\t<meta name=\"twitter:data1\" content=\"1 minute\" \/>\n<script type=\"application\/ld+json\" class=\"yoast-schema-graph\">{\"@context\":\"https:\\\/\\\/schema.org\",\"@graph\":[{\"@type\":\"WebPage\",\"@id\":\"https:\\\/\\\/astroshop.ma\\\/?product=omegon-longue-vue-ed-21-63x80\",\"url\":\"https:\\\/\\\/astroshop.ma\\\/?product=omegon-longue-vue-ed-21-63x80\",\"name\":\"Omegon Longue-vue ED 21-63x80 - Astroshop Maroc\",\"isPartOf\":{\"@id\":\"https:\\\/\\\/astroshop.ma\\\/#website\"},\"primaryImageOfPage\":{\"@id\":\"https:\\\/\\\/astroshop.ma\\\/?product=omegon-longue-vue-ed-21-63x80#primaryimage\"},\"image\":{\"@id\":\"https:\\\/\\\/astroshop.ma\\\/?product=omegon-longue-vue-ed-21-63x80#primaryimage\"},\"thumbnailUrl\":\"https:\\\/\\\/astroshop.ma\\\/wp-content\\\/uploads\\\/2024\\\/08\\\/Longue-vue-Omegon-ED-21-63x80-1.jpg\",\"datePublished\":\"2024-08-28T08:20:28+00:00\",\"dateModified\":\"2024-08-28T08:20:29+00:00\",\"breadcrumb\":{\"@id\":\"https:\\\/\\\/astroshop.ma\\\/?product=omegon-longue-vue-ed-21-63x80#breadcrumb\"},\"inLanguage\":\"en-US\",\"potentialAction\":[{\"@type\":\"ReadAction\",\"target\":[\"https:\\\/\\\/astroshop.ma\\\/?product=omegon-longue-vue-ed-21-63x80\"]}]},{\"@type\":\"ImageObject\",\"inLanguage\":\"en-US\",\"@id\":\"https:\\\/\\\/astroshop.ma\\\/?product=omegon-longue-vue-ed-21-63x80#primaryimage\",\"url\":\"https:\\\/\\\/astroshop.ma\\\/wp-content\\\/uploads\\\/2024\\\/08\\\/Longue-vue-Omegon-ED-21-63x80-1.jpg\",\"contentUrl\":\"https:\\\/\\\/astroshop.ma\\\/wp-content\\\/uploads\\\/2024\\\/08\\\/Longue-vue-Omegon-ED-21-63x80-1.jpg\",\"width\":800,\"height\":800},{\"@type\":\"BreadcrumbList\",\"@id\":\"https:\\\/\\\/astroshop.ma\\\/?product=omegon-longue-vue-ed-21-63x80#breadcrumb\",\"itemListElement\":[{\"@type\":\"ListItem\",\"position\":1,\"name\":\"Home\",\"item\":\"https:\\\/\\\/astroshop.ma\\\/\"},{\"@type\":\"ListItem\",\"position\":2,\"name\":\"Shop\",\"item\":\"https:\\\/\\\/astroshop.ma\\\/?page_id=394\"},{\"@type\":\"ListItem\",\"position\":3,\"name\":\"Omegon Longue-vue ED 21-63&#215;80\"}]},{\"@type\":\"WebSite\",\"@id\":\"https:\\\/\\\/astroshop.ma\\\/#website\",\"url\":\"https:\\\/\\\/astroshop.ma\\\/\",\"name\":\"Astroshop Maroc\",\"description\":\"Des instruments astronomiques pour chaque astronome au Maroc\",\"publisher\":{\"@id\":\"https:\\\/\\\/astroshop.ma\\\/#organization\"},\"potentialAction\":[{\"@type\":\"SearchAction\",\"target\":{\"@type\":\"EntryPoint\",\"urlTemplate\":\"https:\\\/\\\/astroshop.ma\\\/?s={search_term_string}\"},\"query-input\":{\"@type\":\"PropertyValueSpecification\",\"valueRequired\":true,\"valueName\":\"search_term_string\"}}],\"inLanguage\":\"en-US\"},{\"@type\":\"Organization\",\"@id\":\"https:\\\/\\\/astroshop.ma\\\/#organization\",\"name\":\"Astroshop Maroc\",\"url\":\"https:\\\/\\\/astroshop.ma\\\/\",\"logo\":{\"@type\":\"ImageObject\",\"inLanguage\":\"en-US\",\"@id\":\"https:\\\/\\\/astroshop.ma\\\/#\\\/schema\\\/logo\\\/image\\\/\",\"url\":\"https:\\\/\\\/astroshop.ma\\\/wp-content\\\/uploads\\\/2025\\\/12\\\/M20_Logo_1.jpg\",\"contentUrl\":\"https:\\\/\\\/astroshop.ma\\\/wp-content\\\/uploads\\\/2025\\\/12\\\/M20_Logo_1.jpg\",\"width\":501,\"height\":334,\"caption\":\"Astroshop Maroc\"},\"image\":{\"@id\":\"https:\\\/\\\/astroshop.ma\\\/#\\\/schema\\\/logo\\\/image\\\/\"}}]}<\/script>\n<!-- \/ Yoast SEO plugin. -->","yoast_head_json":{"title":"Omegon Longue-vue ED 21-63x80 - Astroshop Maroc","robots":{"index":"index","follow":"follow","max-snippet":"max-snippet:-1","max-image-preview":"max-image-preview:large","max-video-preview":"max-video-preview:-1"},"canonical":"https:\/\/astroshop.ma\/?product=omegon-longue-vue-ed-21-63x80","og_locale":"en_US","og_type":"article","og_title":"Omegon Longue-vue ED 21-63x80 - Astroshop Maroc","og_description":"Description du produit   &nbsp;   &nbsp;  Omegon longue-vue ED 80 mm : optique cristalline avec grossissement de 21 \u00e0 63 fois  Profiter de la nature, d\u00e9tendu : cela va tr\u00e8s bien avec la longue-vue ED Omegon de 80 mm. Un oiseau rare ou un endroit avec panorama : avec cette longue-vue, vous garderez des souvenirs inoubliables. M\u00eame si le temps n'est pas toujours optimal, les optiques trait\u00e9es offriront toujours des images lumineuses et claires comme du cristal.  &nbsp;  Optique ED : Observez avec l'effet waouh  Si vous regardez \u00e0 travers l'objectif, vous verrez la nature extr\u00eamement nette. Gr\u00e2ce aux optiques sp\u00e9ciales int\u00e9gr\u00e9es vous voyez le monde dans tous les d\u00e9tails possibles et imaginables. Vous ne verrez pas que quelques faons, mais aussi les structures de leur pelage brun. Ou vous observerez comment la lumi\u00e8re se refl\u00e8te dans leurs yeux noirs profonds.  Cel\u00e0 est rendu possible par une optique ED avec des lentilles trait\u00e9es. Ce verre sp\u00e9cial \u00e0 faible dispersion assure une imagerie aux couleurs vraies et un contraste nettement plus \u00e9lev\u00e9 qu'avec une longue-vue normale.  Oculaire Zoom avec un grossissement de 21 \u00e0 63 fois  Confortable et pratique : L'oculaire zoom adapt\u00e9 offre un r\u00e9glage continu du grossissement. D\u00e8s qu'un objet vous int\u00e9resse pour plus de d\u00e9tails, tournez l'oculaire. Et d\u00e9j\u00e0 la cible de votre choix commece \u00e0 grandir. Tout comme vous le feriez pour une approche discr\u00e8te de la cible, tel un f\u00e9lin.  &nbsp;  Dual Focus: pour une mise au point pr\u00e9cise  C'est parfois d\u00e9licat de r\u00e9gler la nettet\u00e9 de l'image. Cependant, avec la double mise au point de la longue-vue ED 80 mm, cela devient tr\u00e8s facile. Une fois que vous avez d\u00e9grosssi la nettet\u00e9 de votre objet, le r\u00e9glage fin entre en jeu. Il permet de faire la mise au point pr\u00e9cise. Et votre photo s'\u00e9claire.  &nbsp;  \u0152illetons r\u00e9glables  Le petit plus : Avec un d\u00e9gagement oculaire allant jusqu'\u00e0 20 mm, m\u00eame les porteurs de lunettes seront tr\u00e8s d\u00e9tendus. Avec les \u0153illetons r\u00e9glables vous personnalisez votre aper\u00e7u. Et \u00e0 quoi bon ? Parce que chaque \u0153il est diff\u00e9rent et alors seulement vous verrez confortablement la totalit\u00e9 du champ visuel.  &nbsp;  S'adapte \u00e0 chaque tr\u00e9pied : filetage photo \u00bc, int\u00e9gr\u00e9  La bride pivotante poss\u00e8de un filetage photo 1\/4\" standard. Mettez votre longue-vue ED sur le tr\u00e9pied de votre choix. Cela signifie : que vous observez calmement et d\u00e9tendu - pendant des heures si vous le souhaitez ...  &nbsp;  Toujours pr\u00eat : avec le sac pr\u00eat \u00e0 l'emploi  Votre nouvelle longue-vue est livr\u00e9e avec un sac de transport. Cela signifie que l'instrument est toujours bien prot\u00e9g\u00e9 et pr\u00eat en quelques secondes pour vos observations.   &nbsp;                                    Avec le r\u00e9glage grossier de la double mise au point, vous pouvez rapidement r\u00e9gler la nettet\u00e9 de l'objet. Avec le r\u00e9glage fin, vous faite la mise au point pr\u00e9cise sur les d\u00e9tails en plumage.    L'\u00e9tui pret \u00e0 l'emploi inclus, prot\u00e8ge votre longue-vue des chocs et des al\u00e9as de la m\u00e9t\u00e9o. En raison des nombreuses ouvertures, vous pouvez utiliser la longue-vue dans son \u00e9tui et la monter sur un tr\u00e9pied.","og_url":"https:\/\/astroshop.ma\/?product=omegon-longue-vue-ed-21-63x80","og_site_name":"Astroshop Maroc","article_modified_time":"2024-08-28T08:20:29+00:00","og_image":[{"width":800,"height":800,"url":"https:\/\/astroshop.ma\/wp-content\/uploads\/2024\/08\/Longue-vue-Omegon-ED-21-63x80-1.jpg","type":"image\/jpeg"}],"twitter_card":"summary_large_image","twitter_misc":{"Est. reading time":"1 minute"},"schema":{"@context":"https:\/\/schema.org","@graph":[{"@type":"WebPage","@id":"https:\/\/astroshop.ma\/?product=omegon-longue-vue-ed-21-63x80","url":"https:\/\/astroshop.ma\/?product=omegon-longue-vue-ed-21-63x80","name":"Omegon Longue-vue ED 21-63x80 - Astroshop Maroc","isPartOf":{"@id":"https:\/\/astroshop.ma\/#website"},"primaryImageOfPage":{"@id":"https:\/\/astroshop.ma\/?product=omegon-longue-vue-ed-21-63x80#primaryimage"},"image":{"@id":"https:\/\/astroshop.ma\/?product=omegon-longue-vue-ed-21-63x80#primaryimage"},"thumbnailUrl":"https:\/\/astroshop.ma\/wp-content\/uploads\/2024\/08\/Longue-vue-Omegon-ED-21-63x80-1.jpg","datePublished":"2024-08-28T08:20:28+00:00","dateModified":"2024-08-28T08:20:29+00:00","breadcrumb":{"@id":"https:\/\/astroshop.ma\/?product=omegon-longue-vue-ed-21-63x80#breadcrumb"},"inLanguage":"en-US","potentialAction":[{"@type":"ReadAction","target":["https:\/\/astroshop.ma\/?product=omegon-longue-vue-ed-21-63x80"]}]},{"@type":"ImageObject","inLanguage":"en-US","@id":"https:\/\/astroshop.ma\/?product=omegon-longue-vue-ed-21-63x80#primaryimage","url":"https:\/\/astroshop.ma\/wp-content\/uploads\/2024\/08\/Longue-vue-Omegon-ED-21-63x80-1.jpg","contentUrl":"https:\/\/astroshop.ma\/wp-content\/uploads\/2024\/08\/Longue-vue-Omegon-ED-21-63x80-1.jpg","width":800,"height":800},{"@type":"BreadcrumbList","@id":"https:\/\/astroshop.ma\/?product=omegon-longue-vue-ed-21-63x80#breadcrumb","itemListElement":[{"@type":"ListItem","position":1,"name":"Home","item":"https:\/\/astroshop.ma\/"},{"@type":"ListItem","position":2,"name":"Shop","item":"https:\/\/astroshop.ma\/?page_id=394"},{"@type":"ListItem","position":3,"name":"Omegon Longue-vue ED 21-63&#215;80"}]},{"@type":"WebSite","@id":"https:\/\/astroshop.ma\/#website","url":"https:\/\/astroshop.ma\/","name":"Astroshop Maroc","description":"Des instruments astronomiques pour chaque astronome au Maroc","publisher":{"@id":"https:\/\/astroshop.ma\/#organization"},"potentialAction":[{"@type":"SearchAction","target":{"@type":"EntryPoint","urlTemplate":"https:\/\/astroshop.ma\/?s={search_term_string}"},"query-input":{"@type":"PropertyValueSpecification","valueRequired":true,"valueName":"search_term_string"}}],"inLanguage":"en-US"},{"@type":"Organization","@id":"https:\/\/astroshop.ma\/#organization","name":"Astroshop Maroc","url":"https:\/\/astroshop.ma\/","logo":{"@type":"ImageObject","inLanguage":"en-US","@id":"https:\/\/astroshop.ma\/#\/schema\/logo\/image\/","url":"https:\/\/astroshop.ma\/wp-content\/uploads\/2025\/12\/M20_Logo_1.jpg","contentUrl":"https:\/\/astroshop.ma\/wp-content\/uploads\/2025\/12\/M20_Logo_1.jpg","width":501,"height":334,"caption":"Astroshop Maroc"},"image":{"@id":"https:\/\/astroshop.ma\/#\/schema\/logo\/image\/"}}]}},"_links":{"self":[{"href":"https:\/\/astroshop.ma\/index.php?rest_route=\/wp\/v2\/product\/10043","targetHints":{"allow":["GET"]}}],"collection":[{"href":"https:\/\/astroshop.ma\/index.php?rest_route=\/wp\/v2\/product"}],"about":[{"href":"https:\/\/astroshop.ma\/index.php?rest_route=\/wp\/v2\/types\/product"}],"wp:featuredmedia":[{"embeddable":true,"href":"https:\/\/astroshop.ma\/index.php?rest_route=\/wp\/v2\/media\/10044"}],"wp:attachment":[{"href":"https:\/\/astroshop.ma\/index.php?rest_route=%2Fwp%2Fv2%2Fmedia&parent=10043"}],"wp:term":[{"taxonomy":"product_brand","embeddable":true,"href":"https:\/\/astroshop.ma\/index.php?rest_route=%2Fwp%2Fv2%2Fproduct_brand&post=10043"},{"taxonomy":"product_cat","embeddable":true,"href":"https:\/\/astroshop.ma\/index.php?rest_route=%2Fwp%2Fv2%2Fproduct_cat&post=10043"},{"taxonomy":"product_tag","embeddable":true,"href":"https:\/\/astroshop.ma\/index.php?rest_route=%2Fwp%2Fv2%2Fproduct_tag&post=10043"}],"curies":[{"name":"wp","href":"https:\/\/api.w.org\/{rel}","templated":true}]}}