{"id":10021,"date":"2024-08-14T10:48:42","date_gmt":"2024-08-14T10:48:42","guid":{"rendered":"https:\/\/astroshop.ma\/?post_type=product&#038;p=10021"},"modified":"2024-08-14T10:51:03","modified_gmt":"2024-08-14T10:51:03","slug":"monture-pour-jumelles-astronomiques-avec-contrepoids","status":"publish","type":"product","link":"https:\/\/astroshop.ma\/?product=monture-pour-jumelles-astronomiques-avec-contrepoids","title":{"rendered":"Monture pour jumelles astronomiques avec contrepoids"},"content":{"rendered":"<table>\n<thead>\n<tr>\n<th>Sp\u00e9cifications<\/th>\n<th>D\u00e9tails<\/th>\n<\/tr>\n<\/thead>\n<tbody>\n<tr>\n<td>Capacit\u00e9<\/td>\n<td>Capacit\u00e9 de charge (kg) 2,5<\/td>\n<\/tr>\n<tr>\n<th>Donn\u00e9es g\u00e9n\u00e9rales<\/th>\n<th><\/th>\n<\/tr>\n<tr>\n<td>Poids (g)<\/td>\n<td>675<\/td>\n<\/tr>\n<tr>\n<td>Longueur (mm)<\/td>\n<td>580<\/td>\n<\/tr>\n<\/tbody>\n<\/table>\n","protected":false},"excerpt":{"rendered":"<p><img loading=\"lazy\" decoding=\"async\" class=\"alignnone size-full wp-image-9967\" src=\"https:\/\/astroshop.ma\/wp-content\/uploads\/2024\/08\/Omegon.jpg\" alt=\"\" width=\"300\" height=\"150\" srcset=\"https:\/\/astroshop.ma\/wp-content\/uploads\/2024\/08\/Omegon.jpg 300w, https:\/\/astroshop.ma\/wp-content\/uploads\/2024\/08\/Omegon-64x32.jpg 64w\" sizes=\"auto, (max-width: 300px) 100vw, 300px\" \/><\/p>\n<div class=\"text-justify\">\n<div>\n<ul>\n<li>\n<div class=\"text-justify\">\n<div>\n<ul>\n<li>\n<div class=\"display-flex fd-column\">\n<div id=\"description\" class=\"cnt-text-box\">\n<h2 class=\"hdl-01\">Description du produit<\/h2>\n<div class=\"text-justify\">\n<p>&nbsp;<\/p>\n<div>\n<p>&nbsp;<\/p>\n<p><b>L&#8217;observation du ciel \u00e0 la jumelle devient un plaisir &#8230;<\/b><\/p>\n<p>Une monture pour jumelles, avec laquelle on se d\u00e9place rapidement d&#8217; objet en objet. Les t\u00eates de tr\u00e9pieds surcharg\u00e9es qui patinent, appartiennent au pass\u00e9.\u00a0<b>Cette monture fait les choses diff\u00e9remment<\/b>\u00a0: gr\u00e2ce \u00e0 un contrepoids elles met vos\u00a0<b>puissantes jumelles en \u00e9quilibre<\/b>. Et \u00e0 l&#8217;avenir vous n&#8217;aurez plus d&#8217;\u00e0-coups, mais vous allez flotter dans le ciel.<\/p>\n<p>&nbsp;<\/p>\n<p><b>Les avantages en bref :<\/b><\/p>\n<ul>\n<li>D\u00e9licat : Soulage votre t\u00eate de tr\u00e9pied avec un contrepoids<\/li>\n<li>Rail en L : Connecter toutes jumelles avec un filetage pour tr\u00e9pied<\/li>\n<li>Support de jumelles \u00e0 45\u00b0<\/li>\n<li>Arca-Swiss Rail : une queue d&#8217;aronde avec une largeur de 41 mm &#8211; syst\u00e8me normalis\u00e9<\/li>\n<li>Tige de contrepoids de 130 mm de long et vis photo.<\/li>\n<\/ul>\n<p>&nbsp;<\/p>\n<p>&nbsp;<\/p>\n<p>Vous savez bien s\u00fbr qu&#8217;une paire de jumelles puissantes ce n&#8217; est vraiment pas l\u00e9ger. Mais vous savez \u00e9galement qu&#8217;un tel dispositif avec une t\u00eate inclin\u00e9e environ \u00e0 45\u00b0 par rapport au tr\u00e9pied \u00e0 tendance \u00e0 glisser. L&#8217; effort sur la t\u00eate est tout simplement trop fort.<\/p>\n<p>Maintenant, il n&#8217;y a que deux options: une monture \u00e0 fourche stable ou la nouvelle monture jumelles Omegon. L&#8217;avantage de ce produit : vous pouvez conserver votre tr\u00e9pied. Parce que vous placez la monture tout simplement dessus. Il n&#8217;y a pas plus simple.<\/p>\n<p><b>Conseils avant d&#8217;acheter :<\/b>\u00a0Assurez-vous que votre t\u00eate de tr\u00e9pied puisse accueillir une queue d&#8217;aronde de 41 mm de large .<\/p>\n<p>&nbsp;<\/p>\n<p><b>Contenu de l&#8217;offre :<\/b><\/p>\n<ul>\n<li>Rail de montage avec support \u00e0 45\u00b0<\/li>\n<li>Adaptateur de jumelles en m\u00e9tal (noir)<\/li>\n<li>Contrepoids de 1 kg<\/li>\n<\/ul>\n<\/div>\n<p>&nbsp;<\/p>\n<\/div>\n<\/div>\n<div id=\"specifications\" class=\"page-container\">\n<div class=\"auto-col-container clearfix\">\n<div class=\"single-col\"><\/div>\n<\/div>\n<\/div>\n<div class=\"gtc-container gtc-container-hidden\" data-action=\"gtc-container\">\n<div id=\"accessories\">\n<div class=\"cnt-page-header acl-03 clearfix\">\n<div class=\"fix-1c\"><\/div>\n<\/div>\n<div data-action=\"ftc-container\">\n<div class=\"box-container clearfix\"><\/div>\n<\/div>\n<\/div>\n<div class=\"gtc-gradient gtc-gradient-hidden\" data-action=\"gtc-btn\">\n<div class=\"gtc-text classic-link\">\n<div data-action=\"gtc-text\" data-gtcid=\"accessories\"><\/div>\n<\/div>\n<\/div>\n<\/div>\n<\/div>\n<div class=\"display-flex fd-column hide-below-bp2\">\n<div class=\"cnt-text-box\">\n<div class=\"pad-16v\">\n<div class=\"cursor-zoomin\" data-type=\"btn-js\" data-action=\"opengallery-2\"><img decoding=\"async\" src=\"https:\/\/www.omegon.eu\/Produktbilder\/big\/49757_3.jpg\" alt=\"Omegon Monture pour jumelles astronomiques avec contrepoids\" \/><\/div>\n<div class=\"bgcl-01 pad-6\">Une fois \u00e9quilibr\u00e9es, les jumelles planent presque sur le tr\u00e9pied. Maintenant, le voyage dans le ciel peut commencer.<\/div>\n<\/div>\n<\/div>\n<\/div>\n<\/li>\n<\/ul>\n<\/div>\n<\/div>\n<\/li>\n<\/ul>\n<\/div>\n<\/div>\n","protected":false},"featured_media":10022,"template":"","meta":{"_editorskit_title_hidden":false,"_editorskit_reading_time":0,"_editorskit_is_block_options_detached":false,"_editorskit_block_options_position":"{}","_coblocks_attr":"","_coblocks_dimensions":"","_coblocks_responsive_height":"","_coblocks_accordion_ie_support":"","_crdt_document":"","_monsterinsights_skip_tracking":false,"_monsterinsights_sitenote_active":false,"_monsterinsights_sitenote_note":"","_monsterinsights_sitenote_category":0},"product_brand":[],"product_cat":[23,29],"product_tag":[],"class_list":{"0":"post-10021","1":"product","2":"type-product","3":"status-publish","4":"has-post-thumbnail","6":"product_cat-telescope-accessories","7":"product_cat-mounts","9":"first","10":"instock","11":"shipping-taxable","12":"purchasable","13":"product-type-simple"},"yoast_head":"<!-- This site is optimized with the Yoast SEO plugin v27.4 - https:\/\/yoast.com\/product\/yoast-seo-wordpress\/ -->\n<title>Monture pour jumelles astronomiques avec contrepoids - Astroshop Maroc<\/title>\n<meta name=\"robots\" content=\"index, follow, max-snippet:-1, max-image-preview:large, max-video-preview:-1\" \/>\n<link rel=\"canonical\" href=\"https:\/\/astroshop.ma\/?product=monture-pour-jumelles-astronomiques-avec-contrepoids\" \/>\n<meta property=\"og:locale\" content=\"en_US\" \/>\n<meta property=\"og:type\" content=\"article\" \/>\n<meta property=\"og:title\" content=\"Monture pour jumelles astronomiques avec contrepoids - Astroshop Maroc\" \/>\n<meta property=\"og:description\" content=\"Description du produit   &nbsp;   &nbsp;  L&#039;observation du ciel \u00e0 la jumelle devient un plaisir ...  Une monture pour jumelles, avec laquelle on se d\u00e9place rapidement d&#039; objet en objet. Les t\u00eates de tr\u00e9pieds surcharg\u00e9es qui patinent, appartiennent au pass\u00e9.\u00a0Cette monture fait les choses diff\u00e9remment\u00a0: gr\u00e2ce \u00e0 un contrepoids elles met vos\u00a0puissantes jumelles en \u00e9quilibre. Et \u00e0 l&#039;avenir vous n&#039;aurez plus d&#039;\u00e0-coups, mais vous allez flotter dans le ciel.  &nbsp;  Les avantages en bref :   D\u00e9licat : Soulage votre t\u00eate de tr\u00e9pied avec un contrepoids  Rail en L : Connecter toutes jumelles avec un filetage pour tr\u00e9pied  Support de jumelles \u00e0 45\u00b0  Arca-Swiss Rail : une queue d&#039;aronde avec une largeur de 41 mm - syst\u00e8me normalis\u00e9  Tige de contrepoids de 130 mm de long et vis photo.  &nbsp;  &nbsp;  Vous savez bien s\u00fbr qu&#039;une paire de jumelles puissantes ce n&#039; est vraiment pas l\u00e9ger. Mais vous savez \u00e9galement qu&#039;un tel dispositif avec une t\u00eate inclin\u00e9e environ \u00e0 45\u00b0 par rapport au tr\u00e9pied \u00e0 tendance \u00e0 glisser. L&#039; effort sur la t\u00eate est tout simplement trop fort.  Maintenant, il n&#039;y a que deux options: une monture \u00e0 fourche stable ou la nouvelle monture jumelles Omegon. L&#039;avantage de ce produit : vous pouvez conserver votre tr\u00e9pied. Parce que vous placez la monture tout simplement dessus. Il n&#039;y a pas plus simple.  Conseils avant d&#039;acheter :\u00a0Assurez-vous que votre t\u00eate de tr\u00e9pied puisse accueillir une queue d&#039;aronde de 41 mm de large .  &nbsp;  Contenu de l&#039;offre :   Rail de montage avec support \u00e0 45\u00b0  Adaptateur de jumelles en m\u00e9tal (noir)  Contrepoids de 1 kg   &nbsp;                             Une fois \u00e9quilibr\u00e9es, les jumelles planent presque sur le tr\u00e9pied. Maintenant, le voyage dans le ciel peut commencer.\" \/>\n<meta property=\"og:url\" content=\"https:\/\/astroshop.ma\/?product=monture-pour-jumelles-astronomiques-avec-contrepoids\" \/>\n<meta property=\"og:site_name\" content=\"Astroshop Maroc\" \/>\n<meta property=\"article:modified_time\" content=\"2024-08-14T10:51:03+00:00\" \/>\n<meta property=\"og:image\" content=\"https:\/\/astroshop.ma\/wp-content\/uploads\/2024\/08\/Omegon-binocular-mount-with-counterweight.jpg\" \/>\n\t<meta property=\"og:image:width\" content=\"800\" \/>\n\t<meta property=\"og:image:height\" content=\"800\" \/>\n\t<meta property=\"og:image:type\" content=\"image\/jpeg\" \/>\n<meta name=\"twitter:card\" content=\"summary_large_image\" \/>\n<script type=\"application\/ld+json\" class=\"yoast-schema-graph\">{\"@context\":\"https:\\\/\\\/schema.org\",\"@graph\":[{\"@type\":\"WebPage\",\"@id\":\"https:\\\/\\\/astroshop.ma\\\/?product=monture-pour-jumelles-astronomiques-avec-contrepoids\",\"url\":\"https:\\\/\\\/astroshop.ma\\\/?product=monture-pour-jumelles-astronomiques-avec-contrepoids\",\"name\":\"Monture pour jumelles astronomiques avec contrepoids - Astroshop Maroc\",\"isPartOf\":{\"@id\":\"https:\\\/\\\/astroshop.ma\\\/#website\"},\"primaryImageOfPage\":{\"@id\":\"https:\\\/\\\/astroshop.ma\\\/?product=monture-pour-jumelles-astronomiques-avec-contrepoids#primaryimage\"},\"image\":{\"@id\":\"https:\\\/\\\/astroshop.ma\\\/?product=monture-pour-jumelles-astronomiques-avec-contrepoids#primaryimage\"},\"thumbnailUrl\":\"https:\\\/\\\/astroshop.ma\\\/wp-content\\\/uploads\\\/2024\\\/08\\\/Omegon-binocular-mount-with-counterweight.jpg\",\"datePublished\":\"2024-08-14T10:48:42+00:00\",\"dateModified\":\"2024-08-14T10:51:03+00:00\",\"breadcrumb\":{\"@id\":\"https:\\\/\\\/astroshop.ma\\\/?product=monture-pour-jumelles-astronomiques-avec-contrepoids#breadcrumb\"},\"inLanguage\":\"en-US\",\"potentialAction\":[{\"@type\":\"ReadAction\",\"target\":[\"https:\\\/\\\/astroshop.ma\\\/?product=monture-pour-jumelles-astronomiques-avec-contrepoids\"]}]},{\"@type\":\"ImageObject\",\"inLanguage\":\"en-US\",\"@id\":\"https:\\\/\\\/astroshop.ma\\\/?product=monture-pour-jumelles-astronomiques-avec-contrepoids#primaryimage\",\"url\":\"https:\\\/\\\/astroshop.ma\\\/wp-content\\\/uploads\\\/2024\\\/08\\\/Omegon-binocular-mount-with-counterweight.jpg\",\"contentUrl\":\"https:\\\/\\\/astroshop.ma\\\/wp-content\\\/uploads\\\/2024\\\/08\\\/Omegon-binocular-mount-with-counterweight.jpg\",\"width\":800,\"height\":800},{\"@type\":\"BreadcrumbList\",\"@id\":\"https:\\\/\\\/astroshop.ma\\\/?product=monture-pour-jumelles-astronomiques-avec-contrepoids#breadcrumb\",\"itemListElement\":[{\"@type\":\"ListItem\",\"position\":1,\"name\":\"Home\",\"item\":\"https:\\\/\\\/astroshop.ma\\\/\"},{\"@type\":\"ListItem\",\"position\":2,\"name\":\"Shop\",\"item\":\"https:\\\/\\\/astroshop.ma\\\/?page_id=394\"},{\"@type\":\"ListItem\",\"position\":3,\"name\":\"Monture pour jumelles astronomiques avec contrepoids\"}]},{\"@type\":\"WebSite\",\"@id\":\"https:\\\/\\\/astroshop.ma\\\/#website\",\"url\":\"https:\\\/\\\/astroshop.ma\\\/\",\"name\":\"Astroshop Maroc\",\"description\":\"Des instruments astronomiques pour chaque astronome au Maroc\",\"publisher\":{\"@id\":\"https:\\\/\\\/astroshop.ma\\\/#organization\"},\"potentialAction\":[{\"@type\":\"SearchAction\",\"target\":{\"@type\":\"EntryPoint\",\"urlTemplate\":\"https:\\\/\\\/astroshop.ma\\\/?s={search_term_string}\"},\"query-input\":{\"@type\":\"PropertyValueSpecification\",\"valueRequired\":true,\"valueName\":\"search_term_string\"}}],\"inLanguage\":\"en-US\"},{\"@type\":\"Organization\",\"@id\":\"https:\\\/\\\/astroshop.ma\\\/#organization\",\"name\":\"Astroshop Maroc\",\"url\":\"https:\\\/\\\/astroshop.ma\\\/\",\"logo\":{\"@type\":\"ImageObject\",\"inLanguage\":\"en-US\",\"@id\":\"https:\\\/\\\/astroshop.ma\\\/#\\\/schema\\\/logo\\\/image\\\/\",\"url\":\"https:\\\/\\\/astroshop.ma\\\/wp-content\\\/uploads\\\/2025\\\/12\\\/M20_Logo_1.jpg\",\"contentUrl\":\"https:\\\/\\\/astroshop.ma\\\/wp-content\\\/uploads\\\/2025\\\/12\\\/M20_Logo_1.jpg\",\"width\":501,\"height\":334,\"caption\":\"Astroshop Maroc\"},\"image\":{\"@id\":\"https:\\\/\\\/astroshop.ma\\\/#\\\/schema\\\/logo\\\/image\\\/\"}}]}<\/script>\n<!-- \/ Yoast SEO plugin. -->","yoast_head_json":{"title":"Monture pour jumelles astronomiques avec contrepoids - Astroshop Maroc","robots":{"index":"index","follow":"follow","max-snippet":"max-snippet:-1","max-image-preview":"max-image-preview:large","max-video-preview":"max-video-preview:-1"},"canonical":"https:\/\/astroshop.ma\/?product=monture-pour-jumelles-astronomiques-avec-contrepoids","og_locale":"en_US","og_type":"article","og_title":"Monture pour jumelles astronomiques avec contrepoids - Astroshop Maroc","og_description":"Description du produit   &nbsp;   &nbsp;  L'observation du ciel \u00e0 la jumelle devient un plaisir ...  Une monture pour jumelles, avec laquelle on se d\u00e9place rapidement d' objet en objet. Les t\u00eates de tr\u00e9pieds surcharg\u00e9es qui patinent, appartiennent au pass\u00e9.\u00a0Cette monture fait les choses diff\u00e9remment\u00a0: gr\u00e2ce \u00e0 un contrepoids elles met vos\u00a0puissantes jumelles en \u00e9quilibre. Et \u00e0 l'avenir vous n'aurez plus d'\u00e0-coups, mais vous allez flotter dans le ciel.  &nbsp;  Les avantages en bref :   D\u00e9licat : Soulage votre t\u00eate de tr\u00e9pied avec un contrepoids  Rail en L : Connecter toutes jumelles avec un filetage pour tr\u00e9pied  Support de jumelles \u00e0 45\u00b0  Arca-Swiss Rail : une queue d'aronde avec une largeur de 41 mm - syst\u00e8me normalis\u00e9  Tige de contrepoids de 130 mm de long et vis photo.  &nbsp;  &nbsp;  Vous savez bien s\u00fbr qu'une paire de jumelles puissantes ce n' est vraiment pas l\u00e9ger. Mais vous savez \u00e9galement qu'un tel dispositif avec une t\u00eate inclin\u00e9e environ \u00e0 45\u00b0 par rapport au tr\u00e9pied \u00e0 tendance \u00e0 glisser. L' effort sur la t\u00eate est tout simplement trop fort.  Maintenant, il n'y a que deux options: une monture \u00e0 fourche stable ou la nouvelle monture jumelles Omegon. L'avantage de ce produit : vous pouvez conserver votre tr\u00e9pied. Parce que vous placez la monture tout simplement dessus. Il n'y a pas plus simple.  Conseils avant d'acheter :\u00a0Assurez-vous que votre t\u00eate de tr\u00e9pied puisse accueillir une queue d'aronde de 41 mm de large .  &nbsp;  Contenu de l'offre :   Rail de montage avec support \u00e0 45\u00b0  Adaptateur de jumelles en m\u00e9tal (noir)  Contrepoids de 1 kg   &nbsp;                             Une fois \u00e9quilibr\u00e9es, les jumelles planent presque sur le tr\u00e9pied. Maintenant, le voyage dans le ciel peut commencer.","og_url":"https:\/\/astroshop.ma\/?product=monture-pour-jumelles-astronomiques-avec-contrepoids","og_site_name":"Astroshop Maroc","article_modified_time":"2024-08-14T10:51:03+00:00","og_image":[{"width":800,"height":800,"url":"https:\/\/astroshop.ma\/wp-content\/uploads\/2024\/08\/Omegon-binocular-mount-with-counterweight.jpg","type":"image\/jpeg"}],"twitter_card":"summary_large_image","schema":{"@context":"https:\/\/schema.org","@graph":[{"@type":"WebPage","@id":"https:\/\/astroshop.ma\/?product=monture-pour-jumelles-astronomiques-avec-contrepoids","url":"https:\/\/astroshop.ma\/?product=monture-pour-jumelles-astronomiques-avec-contrepoids","name":"Monture pour jumelles astronomiques avec contrepoids - Astroshop Maroc","isPartOf":{"@id":"https:\/\/astroshop.ma\/#website"},"primaryImageOfPage":{"@id":"https:\/\/astroshop.ma\/?product=monture-pour-jumelles-astronomiques-avec-contrepoids#primaryimage"},"image":{"@id":"https:\/\/astroshop.ma\/?product=monture-pour-jumelles-astronomiques-avec-contrepoids#primaryimage"},"thumbnailUrl":"https:\/\/astroshop.ma\/wp-content\/uploads\/2024\/08\/Omegon-binocular-mount-with-counterweight.jpg","datePublished":"2024-08-14T10:48:42+00:00","dateModified":"2024-08-14T10:51:03+00:00","breadcrumb":{"@id":"https:\/\/astroshop.ma\/?product=monture-pour-jumelles-astronomiques-avec-contrepoids#breadcrumb"},"inLanguage":"en-US","potentialAction":[{"@type":"ReadAction","target":["https:\/\/astroshop.ma\/?product=monture-pour-jumelles-astronomiques-avec-contrepoids"]}]},{"@type":"ImageObject","inLanguage":"en-US","@id":"https:\/\/astroshop.ma\/?product=monture-pour-jumelles-astronomiques-avec-contrepoids#primaryimage","url":"https:\/\/astroshop.ma\/wp-content\/uploads\/2024\/08\/Omegon-binocular-mount-with-counterweight.jpg","contentUrl":"https:\/\/astroshop.ma\/wp-content\/uploads\/2024\/08\/Omegon-binocular-mount-with-counterweight.jpg","width":800,"height":800},{"@type":"BreadcrumbList","@id":"https:\/\/astroshop.ma\/?product=monture-pour-jumelles-astronomiques-avec-contrepoids#breadcrumb","itemListElement":[{"@type":"ListItem","position":1,"name":"Home","item":"https:\/\/astroshop.ma\/"},{"@type":"ListItem","position":2,"name":"Shop","item":"https:\/\/astroshop.ma\/?page_id=394"},{"@type":"ListItem","position":3,"name":"Monture pour jumelles astronomiques avec contrepoids"}]},{"@type":"WebSite","@id":"https:\/\/astroshop.ma\/#website","url":"https:\/\/astroshop.ma\/","name":"Astroshop Maroc","description":"Des instruments astronomiques pour chaque astronome au Maroc","publisher":{"@id":"https:\/\/astroshop.ma\/#organization"},"potentialAction":[{"@type":"SearchAction","target":{"@type":"EntryPoint","urlTemplate":"https:\/\/astroshop.ma\/?s={search_term_string}"},"query-input":{"@type":"PropertyValueSpecification","valueRequired":true,"valueName":"search_term_string"}}],"inLanguage":"en-US"},{"@type":"Organization","@id":"https:\/\/astroshop.ma\/#organization","name":"Astroshop Maroc","url":"https:\/\/astroshop.ma\/","logo":{"@type":"ImageObject","inLanguage":"en-US","@id":"https:\/\/astroshop.ma\/#\/schema\/logo\/image\/","url":"https:\/\/astroshop.ma\/wp-content\/uploads\/2025\/12\/M20_Logo_1.jpg","contentUrl":"https:\/\/astroshop.ma\/wp-content\/uploads\/2025\/12\/M20_Logo_1.jpg","width":501,"height":334,"caption":"Astroshop Maroc"},"image":{"@id":"https:\/\/astroshop.ma\/#\/schema\/logo\/image\/"}}]}},"_links":{"self":[{"href":"https:\/\/astroshop.ma\/index.php?rest_route=\/wp\/v2\/product\/10021","targetHints":{"allow":["GET"]}}],"collection":[{"href":"https:\/\/astroshop.ma\/index.php?rest_route=\/wp\/v2\/product"}],"about":[{"href":"https:\/\/astroshop.ma\/index.php?rest_route=\/wp\/v2\/types\/product"}],"wp:featuredmedia":[{"embeddable":true,"href":"https:\/\/astroshop.ma\/index.php?rest_route=\/wp\/v2\/media\/10022"}],"wp:attachment":[{"href":"https:\/\/astroshop.ma\/index.php?rest_route=%2Fwp%2Fv2%2Fmedia&parent=10021"}],"wp:term":[{"taxonomy":"product_brand","embeddable":true,"href":"https:\/\/astroshop.ma\/index.php?rest_route=%2Fwp%2Fv2%2Fproduct_brand&post=10021"},{"taxonomy":"product_cat","embeddable":true,"href":"https:\/\/astroshop.ma\/index.php?rest_route=%2Fwp%2Fv2%2Fproduct_cat&post=10021"},{"taxonomy":"product_tag","embeddable":true,"href":"https:\/\/astroshop.ma\/index.php?rest_route=%2Fwp%2Fv2%2Fproduct_tag&post=10021"}],"curies":[{"name":"wp","href":"https:\/\/api.w.org\/{rel}","templated":true}]}}